{"id":16209,"date":"2023-02-28T05:27:11","date_gmt":"2023-02-27T21:27:11","guid":{"rendered":"https:\/\/zxdoll.com\/?post_type=product&#038;p=16209"},"modified":"2025-09-17T00:30:53","modified_gmt":"2025-09-16T16:30:53","slug":"budget-japanese-girl-sex-doll-for-sell","status":"publish","type":"product","link":"https:\/\/zxdoll.com\/it\/product\/budget-japanese-girl-sex-doll-for-sell\/","title":{"rendered":"Bambola del sesso per ragazza giapponese economica in vendita Lauryn 155 cm"},"content":{"rendered":"<h4><strong>Immagini di bambole del sesso<\/strong><\/h4>\n\t                <ul class=\"easy-image-gallery thumbnails-16 linked\">\r\n                    <li><a data-fancybox=\"gallery770\" href=\"https:\/\/zxdoll.com\/wp-content\/uploads\/2023\/02\/free-porn-sex-doll-s7u1-800x800.jpg\" class=\"eig-popup\" title=\"\" data-caption=\"\" target=\"_blank\"><i class=\"icon-view\"><\/i><span class=\"overlay\"><\/span><img decoding=\"async\" width=\"150\" height=\"150\" src=\"https:\/\/zxdoll.com\/wp-content\/uploads\/2023\/02\/free-porn-sex-doll-s7u1-150x150.jpg\" class=\"attachment-thumbnail size-thumbnail\" alt=\"\" srcset=\"https:\/\/zxdoll.com\/wp-content\/uploads\/2023\/02\/free-porn-sex-doll-s7u1-150x150.jpg 150w, https:\/\/zxdoll.com\/wp-content\/uploads\/2023\/02\/free-porn-sex-doll-s7u1-300x300.jpg 300w, https:\/\/zxdoll.com\/wp-content\/uploads\/2023\/02\/free-porn-sex-doll-s7u1-800x800.jpg 800w, https:\/\/zxdoll.com\/wp-content\/uploads\/2023\/02\/free-porn-sex-doll-s7u1-768x768.jpg 768w, https:\/\/zxdoll.com\/wp-content\/uploads\/2023\/02\/free-porn-sex-doll-s7u1-12x12.jpg 12w, https:\/\/zxdoll.com\/wp-content\/uploads\/2023\/02\/free-porn-sex-doll-s7u1-860x860.jpg 860w, https:\/\/zxdoll.com\/wp-content\/uploads\/2023\/02\/free-porn-sex-doll-s7u1-430x430.jpg 430w, https:\/\/zxdoll.com\/wp-content\/uploads\/2023\/02\/free-porn-sex-doll-s7u1-700x700.jpg 700w, https:\/\/zxdoll.com\/wp-content\/uploads\/2023\/02\/free-porn-sex-doll-s7u1.jpg 1000w\" sizes=\"(max-width: 150px) 100vw, 150px\" title=\"\"><\/a><\/li><li><a data-fancybox=\"gallery770\" href=\"https:\/\/zxdoll.com\/wp-content\/uploads\/2023\/02\/free-porn-sex-doll-s7u2-1-800x800.jpg\" class=\"eig-popup\" title=\"\" data-caption=\"\" target=\"_blank\"><i class=\"icon-view\"><\/i><span class=\"overlay\"><\/span><img decoding=\"async\" width=\"150\" height=\"150\" src=\"https:\/\/zxdoll.com\/wp-content\/uploads\/2023\/02\/free-porn-sex-doll-s7u2-1-150x150.jpg\" class=\"attachment-thumbnail size-thumbnail\" alt=\"\" srcset=\"https:\/\/zxdoll.com\/wp-content\/uploads\/2023\/02\/free-porn-sex-doll-s7u2-1-150x150.jpg 150w, https:\/\/zxdoll.com\/wp-content\/uploads\/2023\/02\/free-porn-sex-doll-s7u2-1-300x300.jpg 300w, https:\/\/zxdoll.com\/wp-content\/uploads\/2023\/02\/free-porn-sex-doll-s7u2-1-800x800.jpg 800w, https:\/\/zxdoll.com\/wp-content\/uploads\/2023\/02\/free-porn-sex-doll-s7u2-1-768x768.jpg 768w, https:\/\/zxdoll.com\/wp-content\/uploads\/2023\/02\/free-porn-sex-doll-s7u2-1-12x12.jpg 12w, https:\/\/zxdoll.com\/wp-content\/uploads\/2023\/02\/free-porn-sex-doll-s7u2-1-860x860.jpg 860w, https:\/\/zxdoll.com\/wp-content\/uploads\/2023\/02\/free-porn-sex-doll-s7u2-1-430x430.jpg 430w, https:\/\/zxdoll.com\/wp-content\/uploads\/2023\/02\/free-porn-sex-doll-s7u2-1-700x700.jpg 700w, https:\/\/zxdoll.com\/wp-content\/uploads\/2023\/02\/free-porn-sex-doll-s7u2-1.jpg 1000w\" sizes=\"(max-width: 150px) 100vw, 150px\" title=\"\"><\/a><\/li><li><a data-fancybox=\"gallery770\" href=\"https:\/\/zxdoll.com\/wp-content\/uploads\/2023\/02\/free-porn-sex-doll-s7u3-800x800.jpg\" class=\"eig-popup\" title=\"\" data-caption=\"\" target=\"_blank\"><i class=\"icon-view\"><\/i><span class=\"overlay\"><\/span><img decoding=\"async\" width=\"150\" height=\"150\" src=\"https:\/\/zxdoll.com\/wp-content\/uploads\/2023\/02\/free-porn-sex-doll-s7u3-150x150.jpg\" class=\"attachment-thumbnail size-thumbnail\" alt=\"\" srcset=\"https:\/\/zxdoll.com\/wp-content\/uploads\/2023\/02\/free-porn-sex-doll-s7u3-150x150.jpg 150w, https:\/\/zxdoll.com\/wp-content\/uploads\/2023\/02\/free-porn-sex-doll-s7u3-300x300.jpg 300w, https:\/\/zxdoll.com\/wp-content\/uploads\/2023\/02\/free-porn-sex-doll-s7u3-800x800.jpg 800w, https:\/\/zxdoll.com\/wp-content\/uploads\/2023\/02\/free-porn-sex-doll-s7u3-768x768.jpg 768w, https:\/\/zxdoll.com\/wp-content\/uploads\/2023\/02\/free-porn-sex-doll-s7u3-12x12.jpg 12w, https:\/\/zxdoll.com\/wp-content\/uploads\/2023\/02\/free-porn-sex-doll-s7u3-860x860.jpg 860w, https:\/\/zxdoll.com\/wp-content\/uploads\/2023\/02\/free-porn-sex-doll-s7u3-430x430.jpg 430w, https:\/\/zxdoll.com\/wp-content\/uploads\/2023\/02\/free-porn-sex-doll-s7u3-700x700.jpg 700w, https:\/\/zxdoll.com\/wp-content\/uploads\/2023\/02\/free-porn-sex-doll-s7u3.jpg 1000w\" sizes=\"(max-width: 150px) 100vw, 150px\" title=\"\"><\/a><\/li><li><a data-fancybox=\"gallery770\" href=\"https:\/\/zxdoll.com\/wp-content\/uploads\/2023\/02\/free-porn-sex-doll-s7u4-800x800.jpg\" class=\"eig-popup\" title=\"\" data-caption=\"\" target=\"_blank\"><i class=\"icon-view\"><\/i><span class=\"overlay\"><\/span><img loading=\"lazy\" decoding=\"async\" width=\"150\" height=\"150\" src=\"https:\/\/zxdoll.com\/wp-content\/uploads\/2023\/02\/free-porn-sex-doll-s7u4-150x150.jpg\" class=\"attachment-thumbnail size-thumbnail\" alt=\"\" srcset=\"https:\/\/zxdoll.com\/wp-content\/uploads\/2023\/02\/free-porn-sex-doll-s7u4-150x150.jpg 150w, https:\/\/zxdoll.com\/wp-content\/uploads\/2023\/02\/free-porn-sex-doll-s7u4-300x300.jpg 300w, https:\/\/zxdoll.com\/wp-content\/uploads\/2023\/02\/free-porn-sex-doll-s7u4-800x800.jpg 800w, https:\/\/zxdoll.com\/wp-content\/uploads\/2023\/02\/free-porn-sex-doll-s7u4-768x768.jpg 768w, https:\/\/zxdoll.com\/wp-content\/uploads\/2023\/02\/free-porn-sex-doll-s7u4-12x12.jpg 12w, https:\/\/zxdoll.com\/wp-content\/uploads\/2023\/02\/free-porn-sex-doll-s7u4-860x860.jpg 860w, https:\/\/zxdoll.com\/wp-content\/uploads\/2023\/02\/free-porn-sex-doll-s7u4-430x430.jpg 430w, https:\/\/zxdoll.com\/wp-content\/uploads\/2023\/02\/free-porn-sex-doll-s7u4-700x700.jpg 700w, https:\/\/zxdoll.com\/wp-content\/uploads\/2023\/02\/free-porn-sex-doll-s7u4.jpg 1000w\" sizes=\"(max-width: 150px) 100vw, 150px\" title=\"\"><\/a><\/li><li><a data-fancybox=\"gallery770\" href=\"https:\/\/zxdoll.com\/wp-content\/uploads\/2023\/02\/free-porn-sex-doll-s7u5-800x800.jpg\" class=\"eig-popup\" title=\"\" data-caption=\"\" target=\"_blank\"><i class=\"icon-view\"><\/i><span class=\"overlay\"><\/span><img loading=\"lazy\" decoding=\"async\" width=\"150\" height=\"150\" src=\"https:\/\/zxdoll.com\/wp-content\/uploads\/2023\/02\/free-porn-sex-doll-s7u5-150x150.jpg\" class=\"attachment-thumbnail size-thumbnail\" alt=\"\" srcset=\"https:\/\/zxdoll.com\/wp-content\/uploads\/2023\/02\/free-porn-sex-doll-s7u5-150x150.jpg 150w, https:\/\/zxdoll.com\/wp-content\/uploads\/2023\/02\/free-porn-sex-doll-s7u5-300x300.jpg 300w, https:\/\/zxdoll.com\/wp-content\/uploads\/2023\/02\/free-porn-sex-doll-s7u5-800x800.jpg 800w, https:\/\/zxdoll.com\/wp-content\/uploads\/2023\/02\/free-porn-sex-doll-s7u5-768x768.jpg 768w, https:\/\/zxdoll.com\/wp-content\/uploads\/2023\/02\/free-porn-sex-doll-s7u5-12x12.jpg 12w, https:\/\/zxdoll.com\/wp-content\/uploads\/2023\/02\/free-porn-sex-doll-s7u5-860x860.jpg 860w, https:\/\/zxdoll.com\/wp-content\/uploads\/2023\/02\/free-porn-sex-doll-s7u5-430x430.jpg 430w, https:\/\/zxdoll.com\/wp-content\/uploads\/2023\/02\/free-porn-sex-doll-s7u5-700x700.jpg 700w, https:\/\/zxdoll.com\/wp-content\/uploads\/2023\/02\/free-porn-sex-doll-s7u5.jpg 1000w\" sizes=\"(max-width: 150px) 100vw, 150px\" title=\"\"><\/a><\/li><li><a data-fancybox=\"gallery770\" href=\"https:\/\/zxdoll.com\/wp-content\/uploads\/2023\/02\/free-porn-sex-doll-s7u7-800x800.jpg\" class=\"eig-popup\" title=\"\" data-caption=\"\" target=\"_blank\"><i class=\"icon-view\"><\/i><span class=\"overlay\"><\/span><img loading=\"lazy\" decoding=\"async\" width=\"150\" height=\"150\" src=\"https:\/\/zxdoll.com\/wp-content\/uploads\/2023\/02\/free-porn-sex-doll-s7u7-150x150.jpg\" class=\"attachment-thumbnail size-thumbnail\" alt=\"\" srcset=\"https:\/\/zxdoll.com\/wp-content\/uploads\/2023\/02\/free-porn-sex-doll-s7u7-150x150.jpg 150w, https:\/\/zxdoll.com\/wp-content\/uploads\/2023\/02\/free-porn-sex-doll-s7u7-300x300.jpg 300w, https:\/\/zxdoll.com\/wp-content\/uploads\/2023\/02\/free-porn-sex-doll-s7u7-800x800.jpg 800w, https:\/\/zxdoll.com\/wp-content\/uploads\/2023\/02\/free-porn-sex-doll-s7u7-768x768.jpg 768w, https:\/\/zxdoll.com\/wp-content\/uploads\/2023\/02\/free-porn-sex-doll-s7u7-12x12.jpg 12w, https:\/\/zxdoll.com\/wp-content\/uploads\/2023\/02\/free-porn-sex-doll-s7u7-860x860.jpg 860w, https:\/\/zxdoll.com\/wp-content\/uploads\/2023\/02\/free-porn-sex-doll-s7u7-430x430.jpg 430w, https:\/\/zxdoll.com\/wp-content\/uploads\/2023\/02\/free-porn-sex-doll-s7u7-700x700.jpg 700w, https:\/\/zxdoll.com\/wp-content\/uploads\/2023\/02\/free-porn-sex-doll-s7u7.jpg 1000w\" sizes=\"(max-width: 150px) 100vw, 150px\" title=\"\"><\/a><\/li><li><a data-fancybox=\"gallery770\" href=\"https:\/\/zxdoll.com\/wp-content\/uploads\/2023\/02\/free-porn-sex-doll-s7u9-800x800.jpg\" class=\"eig-popup\" title=\"\" data-caption=\"\" target=\"_blank\"><i class=\"icon-view\"><\/i><span class=\"overlay\"><\/span><img loading=\"lazy\" decoding=\"async\" width=\"150\" height=\"150\" src=\"https:\/\/zxdoll.com\/wp-content\/uploads\/2023\/02\/free-porn-sex-doll-s7u9-150x150.jpg\" class=\"attachment-thumbnail size-thumbnail\" alt=\"\" srcset=\"https:\/\/zxdoll.com\/wp-content\/uploads\/2023\/02\/free-porn-sex-doll-s7u9-150x150.jpg 150w, https:\/\/zxdoll.com\/wp-content\/uploads\/2023\/02\/free-porn-sex-doll-s7u9-300x300.jpg 300w, https:\/\/zxdoll.com\/wp-content\/uploads\/2023\/02\/free-porn-sex-doll-s7u9-800x800.jpg 800w, https:\/\/zxdoll.com\/wp-content\/uploads\/2023\/02\/free-porn-sex-doll-s7u9-768x768.jpg 768w, https:\/\/zxdoll.com\/wp-content\/uploads\/2023\/02\/free-porn-sex-doll-s7u9-12x12.jpg 12w, https:\/\/zxdoll.com\/wp-content\/uploads\/2023\/02\/free-porn-sex-doll-s7u9-860x860.jpg 860w, https:\/\/zxdoll.com\/wp-content\/uploads\/2023\/02\/free-porn-sex-doll-s7u9-430x430.jpg 430w, https:\/\/zxdoll.com\/wp-content\/uploads\/2023\/02\/free-porn-sex-doll-s7u9-700x700.jpg 700w, https:\/\/zxdoll.com\/wp-content\/uploads\/2023\/02\/free-porn-sex-doll-s7u9.jpg 1000w\" sizes=\"(max-width: 150px) 100vw, 150px\" title=\"\"><\/a><\/li><li><a data-fancybox=\"gallery770\" href=\"https:\/\/zxdoll.com\/wp-content\/uploads\/2023\/02\/free-porn-sex-doll-s7u11-800x800.jpg\" class=\"eig-popup\" title=\"\" data-caption=\"\" target=\"_blank\"><i class=\"icon-view\"><\/i><span class=\"overlay\"><\/span><img loading=\"lazy\" decoding=\"async\" width=\"150\" height=\"150\" src=\"https:\/\/zxdoll.com\/wp-content\/uploads\/2023\/02\/free-porn-sex-doll-s7u11-150x150.jpg\" class=\"attachment-thumbnail size-thumbnail\" alt=\"\" srcset=\"https:\/\/zxdoll.com\/wp-content\/uploads\/2023\/02\/free-porn-sex-doll-s7u11-150x150.jpg 150w, https:\/\/zxdoll.com\/wp-content\/uploads\/2023\/02\/free-porn-sex-doll-s7u11-300x300.jpg 300w, https:\/\/zxdoll.com\/wp-content\/uploads\/2023\/02\/free-porn-sex-doll-s7u11-800x800.jpg 800w, https:\/\/zxdoll.com\/wp-content\/uploads\/2023\/02\/free-porn-sex-doll-s7u11-768x768.jpg 768w, https:\/\/zxdoll.com\/wp-content\/uploads\/2023\/02\/free-porn-sex-doll-s7u11-12x12.jpg 12w, https:\/\/zxdoll.com\/wp-content\/uploads\/2023\/02\/free-porn-sex-doll-s7u11-860x860.jpg 860w, https:\/\/zxdoll.com\/wp-content\/uploads\/2023\/02\/free-porn-sex-doll-s7u11-430x430.jpg 430w, https:\/\/zxdoll.com\/wp-content\/uploads\/2023\/02\/free-porn-sex-doll-s7u11-700x700.jpg 700w, https:\/\/zxdoll.com\/wp-content\/uploads\/2023\/02\/free-porn-sex-doll-s7u11.jpg 1000w\" sizes=\"(max-width: 150px) 100vw, 150px\" title=\"\"><\/a><\/li><li><a data-fancybox=\"gallery770\" href=\"https:\/\/zxdoll.com\/wp-content\/uploads\/2023\/02\/free-porn-sex-doll-s7u12-800x800.jpg\" class=\"eig-popup\" title=\"\" data-caption=\"\" target=\"_blank\"><i class=\"icon-view\"><\/i><span class=\"overlay\"><\/span><img loading=\"lazy\" decoding=\"async\" width=\"150\" height=\"150\" src=\"https:\/\/zxdoll.com\/wp-content\/uploads\/2023\/02\/free-porn-sex-doll-s7u12-150x150.jpg\" class=\"attachment-thumbnail size-thumbnail\" alt=\"\" srcset=\"https:\/\/zxdoll.com\/wp-content\/uploads\/2023\/02\/free-porn-sex-doll-s7u12-150x150.jpg 150w, https:\/\/zxdoll.com\/wp-content\/uploads\/2023\/02\/free-porn-sex-doll-s7u12-300x300.jpg 300w, https:\/\/zxdoll.com\/wp-content\/uploads\/2023\/02\/free-porn-sex-doll-s7u12-800x800.jpg 800w, https:\/\/zxdoll.com\/wp-content\/uploads\/2023\/02\/free-porn-sex-doll-s7u12-768x768.jpg 768w, https:\/\/zxdoll.com\/wp-content\/uploads\/2023\/02\/free-porn-sex-doll-s7u12-12x12.jpg 12w, https:\/\/zxdoll.com\/wp-content\/uploads\/2023\/02\/free-porn-sex-doll-s7u12-860x860.jpg 860w, https:\/\/zxdoll.com\/wp-content\/uploads\/2023\/02\/free-porn-sex-doll-s7u12-430x430.jpg 430w, https:\/\/zxdoll.com\/wp-content\/uploads\/2023\/02\/free-porn-sex-doll-s7u12-700x700.jpg 700w, https:\/\/zxdoll.com\/wp-content\/uploads\/2023\/02\/free-porn-sex-doll-s7u12.jpg 1000w\" sizes=\"(max-width: 150px) 100vw, 150px\" title=\"\"><\/a><\/li><li><a data-fancybox=\"gallery770\" href=\"https:\/\/zxdoll.com\/wp-content\/uploads\/2023\/02\/free-porn-sex-doll-s7u13-800x800.jpg\" class=\"eig-popup\" title=\"\" data-caption=\"\" target=\"_blank\"><i class=\"icon-view\"><\/i><span class=\"overlay\"><\/span><img loading=\"lazy\" decoding=\"async\" width=\"150\" height=\"150\" src=\"https:\/\/zxdoll.com\/wp-content\/uploads\/2023\/02\/free-porn-sex-doll-s7u13-150x150.jpg\" class=\"attachment-thumbnail size-thumbnail\" alt=\"\" srcset=\"https:\/\/zxdoll.com\/wp-content\/uploads\/2023\/02\/free-porn-sex-doll-s7u13-150x150.jpg 150w, https:\/\/zxdoll.com\/wp-content\/uploads\/2023\/02\/free-porn-sex-doll-s7u13-300x300.jpg 300w, https:\/\/zxdoll.com\/wp-content\/uploads\/2023\/02\/free-porn-sex-doll-s7u13-800x800.jpg 800w, https:\/\/zxdoll.com\/wp-content\/uploads\/2023\/02\/free-porn-sex-doll-s7u13-768x768.jpg 768w, https:\/\/zxdoll.com\/wp-content\/uploads\/2023\/02\/free-porn-sex-doll-s7u13-12x12.jpg 12w, https:\/\/zxdoll.com\/wp-content\/uploads\/2023\/02\/free-porn-sex-doll-s7u13-860x860.jpg 860w, https:\/\/zxdoll.com\/wp-content\/uploads\/2023\/02\/free-porn-sex-doll-s7u13-430x430.jpg 430w, https:\/\/zxdoll.com\/wp-content\/uploads\/2023\/02\/free-porn-sex-doll-s7u13-700x700.jpg 700w, https:\/\/zxdoll.com\/wp-content\/uploads\/2023\/02\/free-porn-sex-doll-s7u13.jpg 1000w\" sizes=\"(max-width: 150px) 100vw, 150px\" title=\"\"><\/a><\/li><li><a data-fancybox=\"gallery770\" href=\"https:\/\/zxdoll.com\/wp-content\/uploads\/2023\/02\/free-porn-sex-doll-s7u14-800x800.jpg\" class=\"eig-popup\" title=\"\" data-caption=\"\" target=\"_blank\"><i class=\"icon-view\"><\/i><span class=\"overlay\"><\/span><img loading=\"lazy\" decoding=\"async\" width=\"150\" height=\"150\" src=\"https:\/\/zxdoll.com\/wp-content\/uploads\/2023\/02\/free-porn-sex-doll-s7u14-150x150.jpg\" class=\"attachment-thumbnail size-thumbnail\" alt=\"\" srcset=\"https:\/\/zxdoll.com\/wp-content\/uploads\/2023\/02\/free-porn-sex-doll-s7u14-150x150.jpg 150w, https:\/\/zxdoll.com\/wp-content\/uploads\/2023\/02\/free-porn-sex-doll-s7u14-300x300.jpg 300w, https:\/\/zxdoll.com\/wp-content\/uploads\/2023\/02\/free-porn-sex-doll-s7u14-800x800.jpg 800w, https:\/\/zxdoll.com\/wp-content\/uploads\/2023\/02\/free-porn-sex-doll-s7u14-768x768.jpg 768w, https:\/\/zxdoll.com\/wp-content\/uploads\/2023\/02\/free-porn-sex-doll-s7u14-12x12.jpg 12w, https:\/\/zxdoll.com\/wp-content\/uploads\/2023\/02\/free-porn-sex-doll-s7u14-860x860.jpg 860w, https:\/\/zxdoll.com\/wp-content\/uploads\/2023\/02\/free-porn-sex-doll-s7u14-430x430.jpg 430w, https:\/\/zxdoll.com\/wp-content\/uploads\/2023\/02\/free-porn-sex-doll-s7u14-700x700.jpg 700w, https:\/\/zxdoll.com\/wp-content\/uploads\/2023\/02\/free-porn-sex-doll-s7u14.jpg 1000w\" sizes=\"(max-width: 150px) 100vw, 150px\" title=\"\"><\/a><\/li><li><a data-fancybox=\"gallery770\" href=\"https:\/\/zxdoll.com\/wp-content\/uploads\/2023\/02\/free-porn-sex-doll-s7u15-800x800.jpg\" class=\"eig-popup\" title=\"\" data-caption=\"\" target=\"_blank\"><i class=\"icon-view\"><\/i><span class=\"overlay\"><\/span><img loading=\"lazy\" decoding=\"async\" width=\"150\" height=\"150\" src=\"https:\/\/zxdoll.com\/wp-content\/uploads\/2023\/02\/free-porn-sex-doll-s7u15-150x150.jpg\" class=\"attachment-thumbnail size-thumbnail\" alt=\"\" srcset=\"https:\/\/zxdoll.com\/wp-content\/uploads\/2023\/02\/free-porn-sex-doll-s7u15-150x150.jpg 150w, https:\/\/zxdoll.com\/wp-content\/uploads\/2023\/02\/free-porn-sex-doll-s7u15-300x300.jpg 300w, https:\/\/zxdoll.com\/wp-content\/uploads\/2023\/02\/free-porn-sex-doll-s7u15-800x800.jpg 800w, https:\/\/zxdoll.com\/wp-content\/uploads\/2023\/02\/free-porn-sex-doll-s7u15-768x768.jpg 768w, https:\/\/zxdoll.com\/wp-content\/uploads\/2023\/02\/free-porn-sex-doll-s7u15-12x12.jpg 12w, https:\/\/zxdoll.com\/wp-content\/uploads\/2023\/02\/free-porn-sex-doll-s7u15-860x860.jpg 860w, https:\/\/zxdoll.com\/wp-content\/uploads\/2023\/02\/free-porn-sex-doll-s7u15-430x430.jpg 430w, https:\/\/zxdoll.com\/wp-content\/uploads\/2023\/02\/free-porn-sex-doll-s7u15-700x700.jpg 700w, https:\/\/zxdoll.com\/wp-content\/uploads\/2023\/02\/free-porn-sex-doll-s7u15.jpg 1000w\" sizes=\"(max-width: 150px) 100vw, 150px\" title=\"\"><\/a><\/li><li><a data-fancybox=\"gallery770\" href=\"https:\/\/zxdoll.com\/wp-content\/uploads\/2023\/02\/free-porn-sex-doll-s7u16-800x800.jpg\" class=\"eig-popup\" title=\"\" data-caption=\"\" target=\"_blank\"><i class=\"icon-view\"><\/i><span class=\"overlay\"><\/span><img loading=\"lazy\" decoding=\"async\" width=\"150\" height=\"150\" src=\"https:\/\/zxdoll.com\/wp-content\/uploads\/2023\/02\/free-porn-sex-doll-s7u16-150x150.jpg\" class=\"attachment-thumbnail size-thumbnail\" alt=\"\" srcset=\"https:\/\/zxdoll.com\/wp-content\/uploads\/2023\/02\/free-porn-sex-doll-s7u16-150x150.jpg 150w, https:\/\/zxdoll.com\/wp-content\/uploads\/2023\/02\/free-porn-sex-doll-s7u16-300x300.jpg 300w, https:\/\/zxdoll.com\/wp-content\/uploads\/2023\/02\/free-porn-sex-doll-s7u16-800x800.jpg 800w, https:\/\/zxdoll.com\/wp-content\/uploads\/2023\/02\/free-porn-sex-doll-s7u16-768x768.jpg 768w, https:\/\/zxdoll.com\/wp-content\/uploads\/2023\/02\/free-porn-sex-doll-s7u16-12x12.jpg 12w, https:\/\/zxdoll.com\/wp-content\/uploads\/2023\/02\/free-porn-sex-doll-s7u16-860x860.jpg 860w, https:\/\/zxdoll.com\/wp-content\/uploads\/2023\/02\/free-porn-sex-doll-s7u16-430x430.jpg 430w, https:\/\/zxdoll.com\/wp-content\/uploads\/2023\/02\/free-porn-sex-doll-s7u16-700x700.jpg 700w, https:\/\/zxdoll.com\/wp-content\/uploads\/2023\/02\/free-porn-sex-doll-s7u16.jpg 1000w\" sizes=\"(max-width: 150px) 100vw, 150px\" title=\"\"><\/a><\/li><li><a data-fancybox=\"gallery770\" href=\"https:\/\/zxdoll.com\/wp-content\/uploads\/2023\/02\/free-porn-sex-doll-s7u17-800x800.jpg\" class=\"eig-popup\" title=\"\" data-caption=\"\" target=\"_blank\"><i class=\"icon-view\"><\/i><span class=\"overlay\"><\/span><img loading=\"lazy\" decoding=\"async\" width=\"150\" height=\"150\" src=\"https:\/\/zxdoll.com\/wp-content\/uploads\/2023\/02\/free-porn-sex-doll-s7u17-150x150.jpg\" class=\"attachment-thumbnail size-thumbnail\" alt=\"\" srcset=\"https:\/\/zxdoll.com\/wp-content\/uploads\/2023\/02\/free-porn-sex-doll-s7u17-150x150.jpg 150w, https:\/\/zxdoll.com\/wp-content\/uploads\/2023\/02\/free-porn-sex-doll-s7u17-300x300.jpg 300w, https:\/\/zxdoll.com\/wp-content\/uploads\/2023\/02\/free-porn-sex-doll-s7u17-800x800.jpg 800w, https:\/\/zxdoll.com\/wp-content\/uploads\/2023\/02\/free-porn-sex-doll-s7u17-768x768.jpg 768w, https:\/\/zxdoll.com\/wp-content\/uploads\/2023\/02\/free-porn-sex-doll-s7u17-12x12.jpg 12w, https:\/\/zxdoll.com\/wp-content\/uploads\/2023\/02\/free-porn-sex-doll-s7u17-860x860.jpg 860w, https:\/\/zxdoll.com\/wp-content\/uploads\/2023\/02\/free-porn-sex-doll-s7u17-430x430.jpg 430w, https:\/\/zxdoll.com\/wp-content\/uploads\/2023\/02\/free-porn-sex-doll-s7u17-700x700.jpg 700w, https:\/\/zxdoll.com\/wp-content\/uploads\/2023\/02\/free-porn-sex-doll-s7u17.jpg 1000w\" sizes=\"(max-width: 150px) 100vw, 150px\" title=\"\"><\/a><\/li><li><a data-fancybox=\"gallery770\" href=\"https:\/\/zxdoll.com\/wp-content\/uploads\/2023\/02\/free-porn-sex-doll-s7u18-800x800.jpg\" class=\"eig-popup\" title=\"\" data-caption=\"\" target=\"_blank\"><i class=\"icon-view\"><\/i><span class=\"overlay\"><\/span><img loading=\"lazy\" decoding=\"async\" width=\"150\" height=\"150\" src=\"https:\/\/zxdoll.com\/wp-content\/uploads\/2023\/02\/free-porn-sex-doll-s7u18-150x150.jpg\" class=\"attachment-thumbnail size-thumbnail\" alt=\"\" srcset=\"https:\/\/zxdoll.com\/wp-content\/uploads\/2023\/02\/free-porn-sex-doll-s7u18-150x150.jpg 150w, https:\/\/zxdoll.com\/wp-content\/uploads\/2023\/02\/free-porn-sex-doll-s7u18-300x300.jpg 300w, https:\/\/zxdoll.com\/wp-content\/uploads\/2023\/02\/free-porn-sex-doll-s7u18-800x800.jpg 800w, https:\/\/zxdoll.com\/wp-content\/uploads\/2023\/02\/free-porn-sex-doll-s7u18-768x768.jpg 768w, https:\/\/zxdoll.com\/wp-content\/uploads\/2023\/02\/free-porn-sex-doll-s7u18-12x12.jpg 12w, https:\/\/zxdoll.com\/wp-content\/uploads\/2023\/02\/free-porn-sex-doll-s7u18-860x860.jpg 860w, https:\/\/zxdoll.com\/wp-content\/uploads\/2023\/02\/free-porn-sex-doll-s7u18-430x430.jpg 430w, https:\/\/zxdoll.com\/wp-content\/uploads\/2023\/02\/free-porn-sex-doll-s7u18-700x700.jpg 700w, https:\/\/zxdoll.com\/wp-content\/uploads\/2023\/02\/free-porn-sex-doll-s7u18.jpg 1000w\" sizes=\"(max-width: 150px) 100vw, 150px\" title=\"\"><\/a><\/li><li><a data-fancybox=\"gallery770\" href=\"https:\/\/zxdoll.com\/wp-content\/uploads\/2023\/02\/free-porn-sex-doll-s7u19.jpg\" class=\"eig-popup\" title=\"\" data-caption=\"\" target=\"_blank\"><i class=\"icon-view\"><\/i><span class=\"overlay\"><\/span><img loading=\"lazy\" decoding=\"async\" width=\"100\" height=\"150\" src=\"https:\/\/zxdoll.com\/wp-content\/uploads\/2023\/02\/free-porn-sex-doll-s7u19.jpg\" class=\"attachment-thumbnail size-thumbnail\" alt=\"\" title=\"\"><\/a><\/li><\/ul>\n<h4>Tabelle delle taglie<\/h4>\n<table width=\"269\">\n<tbody>\n<tr>\n<td width=\"130\">Materiale<\/td>\n<td width=\"139\">TPE<\/td>\n<\/tr>\n<tr>\n<td width=\"130\">Altezza<\/td>\n<td width=\"139\">155 cm<\/td>\n<\/tr>\n<tr>\n<td>Seno<\/td>\n<td>90 cm<\/td>\n<\/tr>\n<tr>\n<td>Vita<\/td>\n<td>45 cm<\/td>\n<\/tr>\n<tr>\n<td>Anca<\/td>\n<td>88 cm<\/td>\n<\/tr>\n<tr>\n<td>Spalla<\/td>\n<td>34 cm<\/td>\n<\/tr>\n<tr>\n<td>Lunghezza della gamba<\/td>\n<td>75 cm<\/td>\n<\/tr>\n<tr>\n<td>Lunghezza del braccio<\/td>\n<td>56 cm<\/td>\n<\/tr>\n<tr>\n<td>Lunghezza del piede<\/td>\n<td>18 cm<\/td>\n<\/tr>\n<tr>\n<td>Peso netto<\/td>\n<td>32 kg<\/td>\n<\/tr>\n<tr>\n<td>Profondit\u00e0 orale<\/td>\n<td>13 cm<\/td>\n<\/tr>\n<tr>\n<td>Profondit\u00e0 vaginale<\/td>\n<td>17 cm<\/td>\n<\/tr>\n<tr>\n<td>Profondit\u00e0 anale<\/td>\n<td>16 cm<\/td>\n<\/tr>\n<\/tbody>\n<\/table>\n<h4>Informazioni sulla bambola del sesso<\/h4>\n<p>Una bambola del sesso femminile ha un corpo progettato perfettamente per suscitare sentimenti sessuali in un uomo. In un test sulle bambole del sesso, 98% di uomini \u00e8 diventato immediatamente eretto vedendo la bambola del sesso di una giovane ragazza.<\/p>\n<p>Ogni uomo dovrebbe pensare a una bambola del sesso economica. Ti dar\u00e0 la fiducia e la pazienza necessarie per provare orgasmi piacevoli. Le bambole del sesso ti permettono di dedicare del tempo all&#039;esplorazione del corpo. Cos\u00ec facendo, scopri tutte le aree piacevoli della bambola dell&#039;amore sessuale. Esercitarsi con una bambola dell&#039;amore a tutto corpo ti consente di sapere esattamente cosa piace al tuo corpo. Da l\u00ec, puoi comunicarlo al tuo partner.<\/p>\n<p>Questo porta la relazione a un livello completamente nuovo. La sensazione di coccolare e tenere una bambola del sesso tra le braccia \u00e8 vicina a quella di una vera donna. Il vantaggio di avere una bambola del sesso \u00e8 la disponibilit\u00e0. Le bambole dell&#039;amore sessuale sono praticamente tue ogni volta che hai impulsi sessuali. Le posizioni non contano. Puoi provare uno stile anale da bambola dell&#039;amore e lei non si lamenter\u00e0.<\/p>","protected":false},"excerpt":{"rendered":"<p>Immagini della bambola del sesso Tabelle delle taglie Materiale TPE Altezza 155 cm Seno 90 cm Vita 45 cm Anca 88 cm Spalla 34 cm Lunghezza gamba 75 cm<\/p>","protected":false},"featured_media":16226,"comment_status":"open","ping_status":"closed","template":"","meta":[],"product_brand":[],"product_cat":[112,229,80,77,116,99,119],"product_tag":[],"class_list":{"0":"post-16209","1":"product","2":"type-product","3":"status-publish","4":"has-post-thumbnail","6":"product_cat-150cm-159cm-sex-dolls","7":"product_cat-31kg-35kg","8":"product_cat-asian-sex-doll","9":"product_cat-bbw-sex-doll","10":"product_cat-big-boobs-sex-doll","11":"product_cat-life-size-sex-dolls","12":"product_cat-tpe-sex-doll","13":"pa_brand-6ye-doll","14":"tm-has-options","16":"first","17":"instock","18":"sale","19":"shipping-taxable","20":"purchasable","21":"product-type-simple"},"_links":{"self":[{"href":"https:\/\/zxdoll.com\/it\/wp-json\/wp\/v2\/product\/16209","targetHints":{"allow":["GET"]}}],"collection":[{"href":"https:\/\/zxdoll.com\/it\/wp-json\/wp\/v2\/product"}],"about":[{"href":"https:\/\/zxdoll.com\/it\/wp-json\/wp\/v2\/types\/product"}],"replies":[{"embeddable":true,"href":"https:\/\/zxdoll.com\/it\/wp-json\/wp\/v2\/comments?post=16209"}],"version-history":[{"count":1,"href":"https:\/\/zxdoll.com\/it\/wp-json\/wp\/v2\/product\/16209\/revisions"}],"predecessor-version":[{"id":197859,"href":"https:\/\/zxdoll.com\/it\/wp-json\/wp\/v2\/product\/16209\/revisions\/197859"}],"wp:featuredmedia":[{"embeddable":true,"href":"https:\/\/zxdoll.com\/it\/wp-json\/wp\/v2\/media\/16226"}],"wp:attachment":[{"href":"https:\/\/zxdoll.com\/it\/wp-json\/wp\/v2\/media?parent=16209"}],"wp:term":[{"taxonomy":"product_brand","embeddable":true,"href":"https:\/\/zxdoll.com\/it\/wp-json\/wp\/v2\/product_brand?post=16209"},{"taxonomy":"product_cat","embeddable":true,"href":"https:\/\/zxdoll.com\/it\/wp-json\/wp\/v2\/product_cat?post=16209"},{"taxonomy":"product_tag","embeddable":true,"href":"https:\/\/zxdoll.com\/it\/wp-json\/wp\/v2\/product_tag?post=16209"}],"curies":[{"name":"wp","href":"https:\/\/api.w.org\/{rel}","templated":true}]}}