{"id":12,"date":"2022-12-08T13:39:14","date_gmt":"2022-12-08T13:39:14","guid":{"rendered":"https:\/\/hoxdoll.com\/?page_id=12"},"modified":"2024-04-03T13:55:38","modified_gmt":"2024-04-03T05:55:38","slug":"payment-guide","status":"publish","type":"page","link":"https:\/\/zxdoll.com\/it\/payment-guide\/","title":{"rendered":"Guida ai pagamenti"},"content":{"rendered":"<div data-elementor-type=\"wp-page\" data-elementor-id=\"12\" class=\"elementor elementor-12\" data-elementor-post-type=\"page\">\n\t\t\t\t\t\t<section class=\"wd-negative-gap elementor-section elementor-top-section elementor-element elementor-element-5d010537 elementor-section-boxed elementor-section-height-default elementor-section-height-default\" data-id=\"5d010537\" data-element_type=\"section\" data-e-type=\"section\">\n\t\t\t\t\t\t<div class=\"elementor-container elementor-column-gap-default\">\n\t\t\t\t\t<div class=\"elementor-column elementor-col-100 elementor-top-column elementor-element elementor-element-26fff623\" data-id=\"26fff623\" data-element_type=\"column\" data-e-type=\"column\">\n\t\t\t<div class=\"elementor-widget-wrap elementor-element-populated\">\n\t\t\t\t\t\t<div class=\"elementor-element elementor-element-4b8f7ed1 color-scheme-inherit text-left elementor-widget elementor-widget-text-editor\" data-id=\"4b8f7ed1\" data-element_type=\"widget\" data-e-type=\"widget\" data-widget_type=\"text-editor.default\">\n\t\t\t\t<div class=\"elementor-widget-container\">\n\t\t\t\t\t\t\t\t\t\n<h3>Fare acquisti da zx doll \u00e8 sicuro, veloce e conveniente. Le modalit\u00e0 di pagamento sono elencate di seguito:<\/h3>\n\n<p>\u00a0<\/p>\t\t\t\t\t\t\t\t<\/div>\n\t\t\t\t<\/div>\n\t\t\t\t<div class=\"elementor-element elementor-element-2383ab1 wd-width-100 elementor-widget elementor-widget-wd_title\" data-id=\"2383ab1\" data-element_type=\"widget\" data-e-type=\"widget\" data-widget_type=\"wd_title.default\">\n\t\t\t\t<div class=\"elementor-widget-container\">\n\t\t\t\t\t\t\t<div class=\"title-wrapper wd-set-mb reset-last-child wd-title-color-primary wd-title-style-underlined wd-title-size-custom text-left\">\n\n\t\t\t\n\t\t\t<div class=\"liner-continer\">\n\t\t\t\t<h4 class=\"woodmart-title-container title\">1. Paypal<\/h4> \n\t\t\t\t\t\t\t<\/div>\n\n\t\t\t\t\t<\/div>\n\t\t\t\t\t\t<\/div>\n\t\t\t\t<\/div>\n\t\t\t\t<div class=\"elementor-element elementor-element-05a5752 elementor-widget elementor-widget-wd_text_block\" data-id=\"05a5752\" data-element_type=\"widget\" data-e-type=\"widget\" data-widget_type=\"wd_text_block.default\">\n\t\t\t\t<div class=\"elementor-widget-container\">\n\t\t\t\t\t\t\t<div class=\"wd-text-block reset-last-child text-left\">\n\t\t\t\n\t\t\t<p>Puoi effettuare pagamenti tramite PayPal; tramite PayPal, puoi pagare con la tua carta di debito\/credito anche senza aprire un conto sulla piattaforma.<\/p>\n<p>Tieni presente che se il pagamento non va a buon fine, puoi invece trasferire sul nostro conto PayPal. Affinch\u00e9 funzioni, dovrai annotare il tuo numero d&#039;ordine, poich\u00e9 non possono apparire parole sensibili relative alle bambole del sesso.<\/p>\n<p>\u00c8 sicuro e sei protetto dalla politica di protezione dell&#039;acquirente esercitata da PayPal.<\/p>\n\t\t\t\t\t<\/div>\n\t\t\t\t\t\t<\/div>\n\t\t\t\t<\/div>\n\t\t\t\t<div class=\"elementor-element elementor-element-284b90e wd-width-100 elementor-widget elementor-widget-wd_title\" data-id=\"284b90e\" data-element_type=\"widget\" data-e-type=\"widget\" data-widget_type=\"wd_title.default\">\n\t\t\t\t<div class=\"elementor-widget-container\">\n\t\t\t\t\t\t\t<div class=\"title-wrapper wd-set-mb reset-last-child wd-title-color-primary wd-title-style-underlined wd-title-size-custom text-left\">\n\n\t\t\t\n\t\t\t<div class=\"liner-continer\">\n\t\t\t\t<h4 class=\"woodmart-title-container title\">2. Carta di credito<\/h4> \n\t\t\t\t\t\t\t<\/div>\n\n\t\t\t\t\t<\/div>\n\t\t\t\t\t\t<\/div>\n\t\t\t\t<\/div>\n\t\t\t\t<div class=\"elementor-element elementor-element-50a1f1a elementor-widget elementor-widget-wd_text_block\" data-id=\"50a1f1a\" data-element_type=\"widget\" data-e-type=\"widget\" data-widget_type=\"wd_text_block.default\">\n\t\t\t\t<div class=\"elementor-widget-container\">\n\t\t\t\t\t\t\t<div class=\"wd-text-block reset-last-child text-left\">\n\t\t\t\n\t\t\t<p>Accettiamo pagamenti tramite alcune delle principali carte di credito: MasterCard, Visa, American Express, Verve, ecc. Utilizziamo i protocolli di sicurezza SSL pi\u00f9 avanzati per la crittografia, quindi stai certo che il tuo pagamento \u00e8 sicuro.<\/p>\n<h5>Suggerimenti che potrebbero aiutare il tuo processo:<\/h5>\n<p>Se i pagamenti falliscono, il nostro servizio clienti ti contatter\u00e0 e trover\u00e0 una possibile soluzione in modo che tu possa riprovare. <br \/>O <br \/>Puoi scegliere PayPal per completare il pagamento. Questo metodo \u00e8 molto conveniente e ha una percentuale di successo di 100%.<\/p>\n\t\t\t\t\t<\/div>\n\t\t\t\t\t\t<\/div>\n\t\t\t\t<\/div>\n\t\t\t\t<div class=\"elementor-element elementor-element-901f0a3 wd-width-100 elementor-widget elementor-widget-wd_title\" data-id=\"901f0a3\" data-element_type=\"widget\" data-e-type=\"widget\" data-widget_type=\"wd_title.default\">\n\t\t\t\t<div class=\"elementor-widget-container\">\n\t\t\t\t\t\t\t<div class=\"title-wrapper wd-set-mb reset-last-child wd-title-color-primary wd-title-style-underlined wd-title-size-custom text-left\">\n\n\t\t\t\n\t\t\t<div class=\"liner-continer\">\n\t\t\t\t<h4 class=\"woodmart-title-container title\">3. Bonifico bancario in euro.<\/h4> \n\t\t\t\t\t\t\t<\/div>\n\n\t\t\t\t\t<\/div>\n\t\t\t\t\t\t<\/div>\n\t\t\t\t<\/div>\n\t\t\t\t<div class=\"elementor-element elementor-element-0734c77 elementor-widget elementor-widget-wd_text_block\" data-id=\"0734c77\" data-element_type=\"widget\" data-e-type=\"widget\" data-widget_type=\"wd_text_block.default\">\n\t\t\t\t<div class=\"elementor-widget-container\">\n\t\t\t\t\t\t\t<div class=\"wd-text-block reset-last-child text-left\">\n\t\t\t\n\t\t\t<p>Dopo aver effettuato un ordine, il nostro sistema ti invier\u00e0 via e-mail le coordinate bancarie dell&#039;ordine.<\/p>\n\t\t\t\t\t<\/div>\n\t\t\t\t\t\t<\/div>\n\t\t\t\t<\/div>\n\t\t\t\t<div class=\"elementor-element elementor-element-c84a550 wd-width-100 elementor-widget elementor-widget-wd_title\" data-id=\"c84a550\" data-element_type=\"widget\" data-e-type=\"widget\" data-widget_type=\"wd_title.default\">\n\t\t\t\t<div class=\"elementor-widget-container\">\n\t\t\t\t\t\t\t<div class=\"title-wrapper wd-set-mb reset-last-child wd-title-color-primary wd-title-style-underlined wd-title-size-custom text-left\">\n\n\t\t\t\n\t\t\t<div class=\"liner-continer\">\n\t\t\t\t<h4 class=\"woodmart-title-container title\">Cosa fare se il pagamento non va a buon fine?<\/h4> \n\t\t\t\t\t\t\t<\/div>\n\n\t\t\t\t\t<\/div>\n\t\t\t\t\t\t<\/div>\n\t\t\t\t<\/div>\n\t\t\t\t<div class=\"elementor-element elementor-element-41d0db2 elementor-widget elementor-widget-wd_text_block\" data-id=\"41d0db2\" data-element_type=\"widget\" data-e-type=\"widget\" data-widget_type=\"wd_text_block.default\">\n\t\t\t\t<div class=\"elementor-widget-container\">\n\t\t\t\t\t\t\t<div class=\"wd-text-block reset-last-child text-left\">\n\t\t\t\n\t\t\t<p>Contatta la tua banca per informazioni e riprova oppure utilizza il nostro sistema di pagamento PayPal.<\/p>\n\t\t\t\t\t<\/div>\n\t\t\t\t\t\t<\/div>\n\t\t\t\t<\/div>\n\t\t\t\t<div class=\"elementor-element elementor-element-5bcaa8d wd-width-100 elementor-widget elementor-widget-wd_title\" data-id=\"5bcaa8d\" data-element_type=\"widget\" data-e-type=\"widget\" data-widget_type=\"wd_title.default\">\n\t\t\t\t<div class=\"elementor-widget-container\">\n\t\t\t\t\t\t\t<div class=\"title-wrapper wd-set-mb reset-last-child wd-title-color-primary wd-title-style-underlined wd-title-size-custom text-left\">\n\n\t\t\t\n\t\t\t<div class=\"liner-continer\">\n\t\t\t\t<h4 class=\"woodmart-title-container title\">Internet Explorer non \u00e8 supportato.<\/h4> \n\t\t\t\t\t\t\t<\/div>\n\n\t\t\t\t\t\t\t<div class=\"title-after_title reset-last-child\">\n\t\t\t\t\tSi prega di notare che al momento il nostro sistema non funziona bene con un browser Internet Explorer. Se lo stai utilizzando, il sito Web potrebbe non caricarsi. Firefox e Google Chrome sono le scelte migliori per l&#039;utilizzo del sito web. Se si verifica lo stesso problema, fare riferimento ai seguenti dettagli.\t\t\t\t<\/div>\n\t\t\t\t\t<\/div>\n\t\t\t\t\t\t<\/div>\n\t\t\t\t<\/div>\n\t\t\t\t<div class=\"elementor-element elementor-element-696735a wd-width-100 elementor-widget elementor-widget-wd_title\" data-id=\"696735a\" data-element_type=\"widget\" data-e-type=\"widget\" data-widget_type=\"wd_title.default\">\n\t\t\t\t<div class=\"elementor-widget-container\">\n\t\t\t\t\t\t\t<div class=\"title-wrapper wd-set-mb reset-last-child wd-title-color-primary wd-title-style-underlined wd-title-size-custom text-left\">\n\n\t\t\t\n\t\t\t<div class=\"liner-continer\">\n\t\t\t\t<h4 class=\"woodmart-title-container title\">PayPal sta bloccando l&#039;acquisto.<\/h4> \n\t\t\t\t\t\t\t<\/div>\n\n\t\t\t\t\t<\/div>\n\t\t\t\t\t\t<\/div>\n\t\t\t\t<\/div>\n\t\t\t\t\t<\/div>\n\t\t<\/div>\n\t\t\t\t\t<\/div>\n\t\t<\/section>\n\t\t\t\t<section class=\"wd-negative-gap elementor-section elementor-top-section elementor-element elementor-element-efd7b2e elementor-section-boxed elementor-section-height-default elementor-section-height-default\" data-id=\"efd7b2e\" data-element_type=\"section\" data-e-type=\"section\">\n\t\t\t\t\t\t<div class=\"elementor-container elementor-column-gap-default\">\n\t\t\t\t\t<div class=\"elementor-column elementor-col-100 elementor-top-column elementor-element elementor-element-5484bf5\" data-id=\"5484bf5\" data-element_type=\"column\" data-e-type=\"column\">\n\t\t\t<div class=\"elementor-widget-wrap elementor-element-populated\">\n\t\t\t\t\t\t<div class=\"elementor-element elementor-element-0ba4f96 elementor-widget elementor-widget-wd_text_block\" data-id=\"0ba4f96\" data-element_type=\"widget\" data-e-type=\"widget\" data-widget_type=\"wd_text_block.default\">\n\t\t\t\t<div class=\"elementor-widget-container\">\n\t\t\t\t\t\t\t<div class=\"wd-text-block reset-last-child text-left\">\n\t\t\t\n\t\t\tLa tua carta di credito o di debito non \u00e8 valida. Esempi di <p>questo scenario sono carte non valide, carte scadute, carte disabilitate o carte scoperte. <\/p>\n<p>\nLa tua carta di credito o di debito non \u00e8 autorizzata per le transazioni internazionali. Assicurati che le tue carte siano autorizzate ad acquistare articoli da commercianti esteri.<\/p>\n<p>Se ricevi un errore di ricevuta da PayPal, c&#039;\u00e8 un errore dalla tua fonte di finanziamento. Contatta l&#039;assistenza PayPal.com per ulteriori informazioni.<\/p>\n\n\t\t\t\t\t<\/div>\n\t\t\t\t\t\t<\/div>\n\t\t\t\t<\/div>\n\t\t\t\t<div class=\"elementor-element elementor-element-feac807 wd-width-100 elementor-widget elementor-widget-wd_title\" data-id=\"feac807\" data-element_type=\"widget\" data-e-type=\"widget\" data-widget_type=\"wd_title.default\">\n\t\t\t\t<div class=\"elementor-widget-container\">\n\t\t\t\t\t\t\t<div class=\"title-wrapper wd-set-mb reset-last-child wd-title-color-primary wd-title-style-underlined wd-title-size-custom text-left\">\n\n\t\t\t\n\t\t\t<div class=\"liner-continer\">\n\t\t\t\t<h4 class=\"woodmart-title-container title\">Controlla la tua carta.<\/h4> \n\t\t\t\t\t\t\t<\/div>\n\n\t\t\t\t\t<\/div>\n\t\t\t\t\t\t<\/div>\n\t\t\t\t<\/div>\n\t\t\t\t<div class=\"elementor-element elementor-element-8ebe305 elementor-widget elementor-widget-wd_text_block\" data-id=\"8ebe305\" data-element_type=\"widget\" data-e-type=\"widget\" data-widget_type=\"wd_text_block.default\">\n\t\t\t\t<div class=\"elementor-widget-container\">\n\t\t\t\t\t\t\t<div class=\"wd-text-block reset-last-child text-left\">\n\t\t\t\n\t\t\t<p><strong>Non onorare:<\/strong> La banca non \u00e8 disposta a consentire la transazione. Chiama la tua banca se il pagamento non va a buon fine e spiega perch\u00e9 il pagamento \u00e8 stato rifiutato e richiedi il suo rilascio. Successivamente, ti preghiamo di avvisarci e invieremo nuovamente l&#039;addebito per l&#039;approvazione.<\/p>\n<p><strong>Alto rischio:<\/strong> La banca richiede ulteriori conferme per evitare rischi. Scatta una foto della tua carta e inviaci un&#039;e-mail, quindi la consegneremo alla banca per la verifica e tenteremo di addebitare il servizio. Puoi bloccare il numero al centro, ma assicurati che le ultime quattro cifre siano visibili.<\/p>\n<p><strong>Fondi insufficienti:<\/strong> Il conto non fornisce fondi sufficienti per coprire la transazione in quel momento.<\/p>\n<p><strong>Limite superato:<\/strong> La transazione che hai tentato supera il limite di prelievo del conto.<\/p>\n<p><strong>Carta scaduta:<\/strong> Si prega di utilizzare una carta diversa, la carta \u00e8 scaduta.<\/p>\n<p><strong>Numero di carta di credito non valido:<\/strong> Hai inserito un metodo di pagamento non valido o hai digitato le cifre della carta sbagliate.<\/p>\n<p><strong>Data di scadenza non valida:<\/strong> Un metodo di pagamento non valido o hai commesso un errore di battitura durante la digitazione della data di scadenza della carta. Correggi le informazioni di pagamento e fai un altro tentativo. Se si tratta di un problema persistente, contatta la tua banca.<\/p>\n<p><strong>In base alla posizione:<\/strong> La transazione \u00e8 stata rifiutata a causa della posizione.<\/p>\n<p><strong>Regole antifrode della banca:<\/strong> I regolamenti antifrode della banca hanno bloccato la transazione.<\/p>\n\t\t\t\t\t<\/div>\n\t\t\t\t\t\t<\/div>\n\t\t\t\t<\/div>\n\t\t\t\t<div class=\"elementor-element elementor-element-769c870 wd-width-100 elementor-widget elementor-widget-wd_title\" data-id=\"769c870\" data-element_type=\"widget\" data-e-type=\"widget\" data-widget_type=\"wd_title.default\">\n\t\t\t\t<div class=\"elementor-widget-container\">\n\t\t\t\t\t\t\t<div class=\"title-wrapper wd-set-mb reset-last-child wd-title-color-primary wd-title-style-underlined wd-title-size-custom text-left\">\n\n\t\t\t\n\t\t\t<div class=\"liner-continer\">\n\t\t\t\t<h4 class=\"woodmart-title-container title\">Se questi problemi continuano a verificarsi o il tuo pagamento non viene elaborato tramite PayPal, prova a: <\/h4> \n\t\t\t\t\t\t\t<\/div>\n\n\t\t\t\t\t<\/div>\n\t\t\t\t\t\t<\/div>\n\t\t\t\t<\/div>\n\t\t\t\t<div class=\"elementor-element elementor-element-1b81e5f elementor-widget elementor-widget-wd_text_block\" data-id=\"1b81e5f\" data-element_type=\"widget\" data-e-type=\"widget\" data-widget_type=\"wd_text_block.default\">\n\t\t\t\t<div class=\"elementor-widget-container\">\n\t\t\t\t\t\t\t<div class=\"wd-text-block reset-last-child text-left\">\n\t\t\t\n\t\t\t<p>Eseguire nuovamente il pagamento in un browser in modalit\u00e0 di navigazione in incognito. <\/p>\n<p>Oppure modificando il metodo di pagamento al momento del pagamento o utilizzando una carta o un conto PayPal diverso. <\/p>\n<p>Se nessuno di questi problemi si verifica, contattaci con il tuo numero d&#039;ordine, nome e indirizzo, con uno screenshot della notifica di errore in modo che possiamo aiutarti a continuare l&#039;ordine e confermare il problema di errore. <\/p>\n<p>Infine, tieni presente che hai il diritto di ricevere i dettagli di eventuali transazioni non andate a buon fine dalla tua banca. Tuttavia, se un pagamento non va a buon fine, contatta la tua banca o noi.<\/p>\n\t\t\t\t\t<\/div>\n\t\t\t\t\t\t<\/div>\n\t\t\t\t<\/div>\n\t\t\t\t\t<\/div>\n\t\t<\/div>\n\t\t\t\t\t<\/div>\n\t\t<\/section>\n\t\t\t\t<\/div>","protected":false},"excerpt":{"rendered":"<p>Fare acquisti da zx doll \u00e8 sicuro, veloce e conveniente. I metodi di pagamento sono elencati di seguito: 1. Paypal Puoi<\/p>","protected":false},"author":4,"featured_media":0,"parent":0,"menu_order":0,"comment_status":"closed","ping_status":"closed","template":"","meta":{"footnotes":""},"class_list":["post-12","page","type-page","status-publish","hentry"],"_links":{"self":[{"href":"https:\/\/zxdoll.com\/it\/wp-json\/wp\/v2\/pages\/12","targetHints":{"allow":["GET"]}}],"collection":[{"href":"https:\/\/zxdoll.com\/it\/wp-json\/wp\/v2\/pages"}],"about":[{"href":"https:\/\/zxdoll.com\/it\/wp-json\/wp\/v2\/types\/page"}],"author":[{"embeddable":true,"href":"https:\/\/zxdoll.com\/it\/wp-json\/wp\/v2\/users\/4"}],"replies":[{"embeddable":true,"href":"https:\/\/zxdoll.com\/it\/wp-json\/wp\/v2\/comments?post=12"}],"version-history":[{"count":1,"href":"https:\/\/zxdoll.com\/it\/wp-json\/wp\/v2\/pages\/12\/revisions"}],"predecessor-version":[{"id":155668,"href":"https:\/\/zxdoll.com\/it\/wp-json\/wp\/v2\/pages\/12\/revisions\/155668"}],"wp:attachment":[{"href":"https:\/\/zxdoll.com\/it\/wp-json\/wp\/v2\/media?parent=12"}],"curies":[{"name":"wp","href":"https:\/\/api.w.org\/{rel}","templated":true}]}}