{"id":43844,"date":"2023-04-17T03:45:02","date_gmt":"2023-04-16T19:45:02","guid":{"rendered":"https:\/\/zxdoll.com\/?post_type=product&#038;p=43844"},"modified":"2025-09-17T03:25:31","modified_gmt":"2025-09-16T19:25:31","slug":"high-tech-busty-real-feel-sex-doll","status":"publish","type":"product","link":"https:\/\/zxdoll.com\/hu\/product\/high-tech-busty-real-feel-sex-doll\/","title":{"rendered":"High Tech Busty Real Feel szexbaba Sheryl 172 cm"},"content":{"rendered":"<h4><strong>Szexbaba k\u00e9pek<\/strong><\/h4>\n\t                <ul class=\"easy-image-gallery thumbnails-22 linked\">\r\n                    <li><a data-fancybox=\"gallery680\" href=\"https:\/\/zxdoll.com\/wp-content\/uploads\/2023\/04\/jasmine-sex-doll-76tv1-533x800.jpg\" class=\"eig-popup\" title=\"\" data-caption=\"\" target=\"_blank\"><i class=\"icon-view\"><\/i><span class=\"overlay\"><\/span><img decoding=\"async\" width=\"150\" height=\"150\" src=\"https:\/\/zxdoll.com\/wp-content\/uploads\/2023\/04\/jasmine-sex-doll-76tv1-150x150.jpg\" class=\"attachment-thumbnail size-thumbnail\" alt=\"\" title=\"\"><\/a><\/li><li><a data-fancybox=\"gallery680\" href=\"https:\/\/zxdoll.com\/wp-content\/uploads\/2023\/04\/jasmine-sex-doll-76tv2-533x800.jpg\" class=\"eig-popup\" title=\"\" data-caption=\"\" target=\"_blank\"><i class=\"icon-view\"><\/i><span class=\"overlay\"><\/span><img decoding=\"async\" width=\"150\" height=\"150\" src=\"https:\/\/zxdoll.com\/wp-content\/uploads\/2023\/04\/jasmine-sex-doll-76tv2-150x150.jpg\" class=\"attachment-thumbnail size-thumbnail\" alt=\"\" title=\"\"><\/a><\/li><li><a data-fancybox=\"gallery680\" href=\"https:\/\/zxdoll.com\/wp-content\/uploads\/2023\/04\/jasmine-sex-doll-76tv4-533x800.jpg\" class=\"eig-popup\" title=\"\" data-caption=\"\" target=\"_blank\"><i class=\"icon-view\"><\/i><span class=\"overlay\"><\/span><img decoding=\"async\" width=\"150\" height=\"150\" src=\"https:\/\/zxdoll.com\/wp-content\/uploads\/2023\/04\/jasmine-sex-doll-76tv4-150x150.jpg\" class=\"attachment-thumbnail size-thumbnail\" alt=\"\" title=\"\"><\/a><\/li><li><a data-fancybox=\"gallery680\" href=\"https:\/\/zxdoll.com\/wp-content\/uploads\/2023\/04\/jasmine-sex-doll-76tv5-533x800.jpg\" class=\"eig-popup\" title=\"\" data-caption=\"\" target=\"_blank\"><i class=\"icon-view\"><\/i><span class=\"overlay\"><\/span><img loading=\"lazy\" decoding=\"async\" width=\"150\" height=\"150\" src=\"https:\/\/zxdoll.com\/wp-content\/uploads\/2023\/04\/jasmine-sex-doll-76tv5-150x150.jpg\" class=\"attachment-thumbnail size-thumbnail\" alt=\"\" title=\"\"><\/a><\/li><li><a data-fancybox=\"gallery680\" href=\"https:\/\/zxdoll.com\/wp-content\/uploads\/2023\/04\/jasmine-sex-doll-76tv6-533x800.jpg\" class=\"eig-popup\" title=\"\" data-caption=\"\" target=\"_blank\"><i class=\"icon-view\"><\/i><span class=\"overlay\"><\/span><img loading=\"lazy\" decoding=\"async\" width=\"150\" height=\"150\" src=\"https:\/\/zxdoll.com\/wp-content\/uploads\/2023\/04\/jasmine-sex-doll-76tv6-150x150.jpg\" class=\"attachment-thumbnail size-thumbnail\" alt=\"\" title=\"\"><\/a><\/li><li><a data-fancybox=\"gallery680\" href=\"https:\/\/zxdoll.com\/wp-content\/uploads\/2023\/04\/jasmine-sex-doll-76tv9-533x800.jpg\" class=\"eig-popup\" title=\"\" data-caption=\"\" target=\"_blank\"><i class=\"icon-view\"><\/i><span class=\"overlay\"><\/span><img loading=\"lazy\" decoding=\"async\" width=\"150\" height=\"150\" src=\"https:\/\/zxdoll.com\/wp-content\/uploads\/2023\/04\/jasmine-sex-doll-76tv9-150x150.jpg\" class=\"attachment-thumbnail size-thumbnail\" alt=\"\" title=\"\"><\/a><\/li><li><a data-fancybox=\"gallery680\" href=\"https:\/\/zxdoll.com\/wp-content\/uploads\/2023\/04\/jasmine-sex-doll-76tv10-533x800.jpg\" class=\"eig-popup\" title=\"\" data-caption=\"\" target=\"_blank\"><i class=\"icon-view\"><\/i><span class=\"overlay\"><\/span><img loading=\"lazy\" decoding=\"async\" width=\"150\" height=\"150\" src=\"https:\/\/zxdoll.com\/wp-content\/uploads\/2023\/04\/jasmine-sex-doll-76tv10-150x150.jpg\" class=\"attachment-thumbnail size-thumbnail\" alt=\"\" title=\"\"><\/a><\/li><li><a data-fancybox=\"gallery680\" href=\"https:\/\/zxdoll.com\/wp-content\/uploads\/2023\/04\/jasmine-sex-doll-76tv11-533x800.jpg\" class=\"eig-popup\" title=\"\" data-caption=\"\" target=\"_blank\"><i class=\"icon-view\"><\/i><span class=\"overlay\"><\/span><img loading=\"lazy\" decoding=\"async\" width=\"150\" height=\"150\" src=\"https:\/\/zxdoll.com\/wp-content\/uploads\/2023\/04\/jasmine-sex-doll-76tv11-150x150.jpg\" class=\"attachment-thumbnail size-thumbnail\" alt=\"\" title=\"\"><\/a><\/li><li><a data-fancybox=\"gallery680\" href=\"https:\/\/zxdoll.com\/wp-content\/uploads\/2023\/04\/jasmine-sex-doll-76tv12-533x800.jpg\" class=\"eig-popup\" title=\"\" data-caption=\"\" target=\"_blank\"><i class=\"icon-view\"><\/i><span class=\"overlay\"><\/span><img loading=\"lazy\" decoding=\"async\" width=\"150\" height=\"150\" src=\"https:\/\/zxdoll.com\/wp-content\/uploads\/2023\/04\/jasmine-sex-doll-76tv12-150x150.jpg\" class=\"attachment-thumbnail size-thumbnail\" alt=\"\" title=\"\"><\/a><\/li><li><a data-fancybox=\"gallery680\" href=\"https:\/\/zxdoll.com\/wp-content\/uploads\/2023\/04\/jasmine-sex-doll-76tv13-533x800.jpg\" class=\"eig-popup\" title=\"\" data-caption=\"\" target=\"_blank\"><i class=\"icon-view\"><\/i><span class=\"overlay\"><\/span><img loading=\"lazy\" decoding=\"async\" width=\"150\" height=\"150\" src=\"https:\/\/zxdoll.com\/wp-content\/uploads\/2023\/04\/jasmine-sex-doll-76tv13-150x150.jpg\" class=\"attachment-thumbnail size-thumbnail\" alt=\"\" title=\"\"><\/a><\/li><li><a data-fancybox=\"gallery680\" href=\"https:\/\/zxdoll.com\/wp-content\/uploads\/2023\/04\/jasmine-sex-doll-76tv14-533x800.jpg\" class=\"eig-popup\" title=\"\" data-caption=\"\" target=\"_blank\"><i class=\"icon-view\"><\/i><span class=\"overlay\"><\/span><img loading=\"lazy\" decoding=\"async\" width=\"150\" height=\"150\" src=\"https:\/\/zxdoll.com\/wp-content\/uploads\/2023\/04\/jasmine-sex-doll-76tv14-150x150.jpg\" class=\"attachment-thumbnail size-thumbnail\" alt=\"\" title=\"\"><\/a><\/li><li><a data-fancybox=\"gallery680\" href=\"https:\/\/zxdoll.com\/wp-content\/uploads\/2023\/04\/jasmine-sex-doll-76tv15-533x800.jpg\" class=\"eig-popup\" title=\"\" data-caption=\"\" target=\"_blank\"><i class=\"icon-view\"><\/i><span class=\"overlay\"><\/span><img loading=\"lazy\" decoding=\"async\" width=\"150\" height=\"150\" src=\"https:\/\/zxdoll.com\/wp-content\/uploads\/2023\/04\/jasmine-sex-doll-76tv15-150x150.jpg\" class=\"attachment-thumbnail size-thumbnail\" alt=\"\" title=\"\"><\/a><\/li><li><a data-fancybox=\"gallery680\" href=\"https:\/\/zxdoll.com\/wp-content\/uploads\/2023\/04\/jasmine-sex-doll-76tv16-533x800.jpg\" class=\"eig-popup\" title=\"\" data-caption=\"\" target=\"_blank\"><i class=\"icon-view\"><\/i><span class=\"overlay\"><\/span><img loading=\"lazy\" decoding=\"async\" width=\"150\" height=\"150\" src=\"https:\/\/zxdoll.com\/wp-content\/uploads\/2023\/04\/jasmine-sex-doll-76tv16-150x150.jpg\" class=\"attachment-thumbnail size-thumbnail\" alt=\"\" title=\"\"><\/a><\/li><li><a data-fancybox=\"gallery680\" href=\"https:\/\/zxdoll.com\/wp-content\/uploads\/2023\/04\/jasmine-sex-doll-76tv17-533x800.jpg\" class=\"eig-popup\" title=\"\" data-caption=\"\" target=\"_blank\"><i class=\"icon-view\"><\/i><span class=\"overlay\"><\/span><img loading=\"lazy\" decoding=\"async\" width=\"150\" height=\"150\" src=\"https:\/\/zxdoll.com\/wp-content\/uploads\/2023\/04\/jasmine-sex-doll-76tv17-150x150.jpg\" class=\"attachment-thumbnail size-thumbnail\" alt=\"\" title=\"\"><\/a><\/li><li><a data-fancybox=\"gallery680\" href=\"https:\/\/zxdoll.com\/wp-content\/uploads\/2023\/04\/jasmine-sex-doll-76tv18-533x800.jpg\" class=\"eig-popup\" title=\"\" data-caption=\"\" target=\"_blank\"><i class=\"icon-view\"><\/i><span class=\"overlay\"><\/span><img loading=\"lazy\" decoding=\"async\" width=\"150\" height=\"150\" src=\"https:\/\/zxdoll.com\/wp-content\/uploads\/2023\/04\/jasmine-sex-doll-76tv18-150x150.jpg\" class=\"attachment-thumbnail size-thumbnail\" alt=\"\" title=\"\"><\/a><\/li><li><a data-fancybox=\"gallery680\" href=\"https:\/\/zxdoll.com\/wp-content\/uploads\/2023\/04\/jasmine-sex-doll-76tv19-533x800.jpg\" class=\"eig-popup\" title=\"\" data-caption=\"\" target=\"_blank\"><i class=\"icon-view\"><\/i><span class=\"overlay\"><\/span><img loading=\"lazy\" decoding=\"async\" width=\"150\" height=\"150\" src=\"https:\/\/zxdoll.com\/wp-content\/uploads\/2023\/04\/jasmine-sex-doll-76tv19-150x150.jpg\" class=\"attachment-thumbnail size-thumbnail\" alt=\"\" title=\"\"><\/a><\/li><li><a data-fancybox=\"gallery680\" href=\"https:\/\/zxdoll.com\/wp-content\/uploads\/2023\/04\/jasmine-sex-doll-76tv20-533x800.jpg\" class=\"eig-popup\" title=\"\" data-caption=\"\" target=\"_blank\"><i class=\"icon-view\"><\/i><span class=\"overlay\"><\/span><img loading=\"lazy\" decoding=\"async\" width=\"150\" height=\"150\" src=\"https:\/\/zxdoll.com\/wp-content\/uploads\/2023\/04\/jasmine-sex-doll-76tv20-150x150.jpg\" class=\"attachment-thumbnail size-thumbnail\" alt=\"\" title=\"\"><\/a><\/li><li><a data-fancybox=\"gallery680\" href=\"https:\/\/zxdoll.com\/wp-content\/uploads\/2023\/04\/jasmine-sex-doll-76tv21-533x800.jpg\" class=\"eig-popup\" title=\"\" data-caption=\"\" target=\"_blank\"><i class=\"icon-view\"><\/i><span class=\"overlay\"><\/span><img loading=\"lazy\" decoding=\"async\" width=\"150\" height=\"150\" src=\"https:\/\/zxdoll.com\/wp-content\/uploads\/2023\/04\/jasmine-sex-doll-76tv21-150x150.jpg\" class=\"attachment-thumbnail size-thumbnail\" alt=\"\" title=\"\"><\/a><\/li><li><a data-fancybox=\"gallery680\" href=\"https:\/\/zxdoll.com\/wp-content\/uploads\/2023\/04\/jasmine-sex-doll-76tv22.jpg\" class=\"eig-popup\" title=\"\" data-caption=\"\" target=\"_blank\"><i class=\"icon-view\"><\/i><span class=\"overlay\"><\/span><img loading=\"lazy\" decoding=\"async\" width=\"150\" height=\"150\" src=\"https:\/\/zxdoll.com\/wp-content\/uploads\/2023\/04\/jasmine-sex-doll-76tv22-150x150.jpg\" class=\"attachment-thumbnail size-thumbnail\" alt=\"\" title=\"\"><\/a><\/li><li><a data-fancybox=\"gallery680\" href=\"https:\/\/zxdoll.com\/wp-content\/uploads\/2023\/04\/jasmine-sex-doll-76tv23-533x800.jpg\" class=\"eig-popup\" title=\"\" data-caption=\"\" target=\"_blank\"><i class=\"icon-view\"><\/i><span class=\"overlay\"><\/span><img loading=\"lazy\" decoding=\"async\" width=\"150\" height=\"150\" src=\"https:\/\/zxdoll.com\/wp-content\/uploads\/2023\/04\/jasmine-sex-doll-76tv23-150x150.jpg\" class=\"attachment-thumbnail size-thumbnail\" alt=\"\" title=\"\"><\/a><\/li><li><a data-fancybox=\"gallery680\" href=\"https:\/\/zxdoll.com\/wp-content\/uploads\/2023\/04\/jasmine-sex-doll-76tv24.jpg\" class=\"eig-popup\" title=\"\" data-caption=\"\" target=\"_blank\"><i class=\"icon-view\"><\/i><span class=\"overlay\"><\/span><img loading=\"lazy\" decoding=\"async\" width=\"150\" height=\"150\" src=\"https:\/\/zxdoll.com\/wp-content\/uploads\/2023\/04\/jasmine-sex-doll-76tv24-150x150.jpg\" class=\"attachment-thumbnail size-thumbnail\" alt=\"\" title=\"\"><\/a><\/li><li><a data-fancybox=\"gallery680\" href=\"https:\/\/zxdoll.com\/wp-content\/uploads\/2023\/04\/jasmine-sex-doll-76tv25-533x800.jpg\" class=\"eig-popup\" title=\"\" data-caption=\"\" target=\"_blank\"><i class=\"icon-view\"><\/i><span class=\"overlay\"><\/span><img loading=\"lazy\" decoding=\"async\" width=\"150\" height=\"150\" src=\"https:\/\/zxdoll.com\/wp-content\/uploads\/2023\/04\/jasmine-sex-doll-76tv25-150x150.jpg\" class=\"attachment-thumbnail size-thumbnail\" alt=\"\" title=\"\"><\/a><\/li><\/ul>\n<h4>M\u00e9rett\u00e1bl\u00e1zatok<\/h4>\n<table width=\"292\">\n<tbody>\n<tr>\n<td width=\"153\">Anyag<\/td>\n<td width=\"139\">TPE<\/td>\n<\/tr>\n<tr>\n<td>Magass\u00e1g<\/td>\n<td>172 cm<\/td>\n<\/tr>\n<tr>\n<td>Breast Line<\/td>\n<td>80 cm<\/td>\n<\/tr>\n<tr>\n<td>Der\u00e9kvonal<\/td>\n<td>59 cm<\/td>\n<\/tr>\n<tr>\n<td>Hip Line<\/td>\n<td>88,5 cm<\/td>\n<\/tr>\n<tr>\n<td>V\u00e1llsz\u00e9less\u00e9g<\/td>\n<td>31 cm<\/td>\n<\/tr>\n<tr>\n<td>Kar hossz\u00fas\u00e1g<\/td>\n<td>70 cm<\/td>\n<\/tr>\n<tr>\n<td>L\u00e1b hossz<\/td>\n<td>108 cm<\/td>\n<\/tr>\n<tr>\n<td>L\u00e1bm\u00e9ret<\/td>\n<td>22 cm<\/td>\n<\/tr>\n<tr>\n<td>Comb vonal<\/td>\n<td>48 cm<\/td>\n<\/tr>\n<tr>\n<td>Borj\u00fa vonal<\/td>\n<td>32 cm<\/td>\n<\/tr>\n<tr>\n<td>Nett\u00f3 t\u00f6meg<\/td>\n<td>40 kg<\/td>\n<\/tr>\n<tr>\n<td>Or\u00e1lis m\u00e9lys\u00e9g<\/td>\n<td>13 cm<\/td>\n<\/tr>\n<tr>\n<td>H\u00fcvelym\u00e9lys\u00e9g<\/td>\n<td>18 cm<\/td>\n<\/tr>\n<tr>\n<td>An\u00e1lis m\u00e9lys\u00e9g<\/td>\n<td>16 cm<\/td>\n<\/tr>\n<\/tbody>\n<\/table>\n<h4>A szexbab\u00e1r\u00f3l<\/h4>\n<p>Pr\u00f3b\u00e1lt\u00e1l m\u00e1r r\u00e1venni a <span title=\"feln\u0151tt m\u00e9ret\u0171 szexbab\u00e1k f\u00e9rfiaknak\">szex baba?<\/span> Vagy tal\u00e1n szeretn\u00e9 tudni, milyen egy szexbab\u00e1t szarni? Itt van, nedvesen \u00e9s k\u00e9szen \u00e1ll a fogad\u00e1sra. Pr\u00f3b\u00e1ld ki \u0151t. Ez az \u00e9des arc\u00fa n\u0151i szexbaba olyan, mint a bab\u00e1k a bab\u00e1kn\u00e1l, csak tal\u00e1n m\u00e9g jobb? R\u00f6vid barna haja puha \u00e9s selymes tapint\u00e1s\u00fa, komoly arca pedig az \u00e1rtatlans\u00e1gr\u00f3l \u00e1rulkodik.<\/p>\n<p>A feln\u0151tt szerelmes baba egy igazi szexbaba, \u00e9s m\u00e1r az \u00e9rint\u00e9sb\u0151l is meg\u00e1llap\u00edthatja, hogy kiv\u00e1l\u00f3 min\u0151s\u00e9g\u0171. A pul\u00f3ver alatt ez a d\u00fas szexbaba elrejti gy\u00f6ny\u00f6r\u0171, puha, sima melleit. A cs\u00facstechnol\u00f3gia <span title=\"feln\u0151tt m\u00e9ret\u0171 szexbab\u00e1k f\u00e9rfiaknak\">szex baba<\/span> emberhez hasonl\u00f3 mozg\u00e1sterjedelemmel rendelkezik, \u00e9s felny\u00f6g, elk\u00e9peszt\u0151 sebess\u00e9ggel sz\u00edvja mag\u00e1b\u00f3l, \u00e9s m\u00e9g a testh\u0151m\u00e9rs\u00e9kletre is felmelegszik a t\u00f6k\u00e9letes \u00e9lm\u00e9ny \u00e9rdek\u00e9ben.<\/p>\n<p>M\u00e9g mindig nem mondtuk el a legjobb r\u00e9szt! Ezek az \u00e9letnagys\u00e1g\u00fa val\u00f3di szexbab\u00e1k nem eshetnek teherbe, \u00e9s tejsz\u00ednes pit\u00e9k is lehets\u00e9gesek. Emellett, mivel \u0151 egy szilikon szerelmes baba, nem por\u00f3zus, \u00e9s a szexbab\u00e1iddal is cukikodhatsz.<\/p>\n<p>Egyik v\u00e9lem\u00e9ny\u00fcnk szerint \u201eA kedvencem a szexbab\u00e1mban val\u00f3 cukis\u00e1g\u201d, \u00e9s hamarosan megl\u00e1tod, mi\u00e9rt. A szexbaba tiszt\u00edt\u00e1sa egyszer\u0171. Csak egy kis meleg szappanos v\u00edz, \u00e9s tiszta. Vannak \u00e1tlagos szexbab\u00e1k, \u00e9s vannak olyan ez\u00fcst szexbab\u00e1k, mint \u0151. Vidd haza!<\/p>","protected":false},"excerpt":{"rendered":"<p>Szexbaba k\u00e9pek M\u00e9rett\u00e1bl\u00e1zat Anyag TPE magass\u00e1g 172 cm mellvonal 80 cm der\u00e9kvonal 59 cm cs\u00edp\u0151vonal 88,5 cm v\u00e1ll sz\u00e9less\u00e9g<\/p>","protected":false},"featured_media":43845,"comment_status":"open","ping_status":"closed","template":"","meta":[],"product_brand":[],"product_cat":[119,230,124,102,107,117],"product_tag":[],"class_list":{"0":"post-43844","1":"product","2":"type-product","3":"status-publish","4":"has-post-thumbnail","6":"product_cat-tpe-sex-doll","7":"product_cat-36kg-40kg","8":"product_cat-above-171cm-sex-dolls","9":"product_cat-fantasy-sex-dolls","10":"product_cat-skinny-sex-dolls","11":"product_cat-small-breast-sex-doll","12":"pa_brand-fire-doll","13":"tm-has-options","15":"first","16":"instock","17":"sale","18":"shipping-taxable","19":"purchasable","20":"product-type-simple"},"_links":{"self":[{"href":"https:\/\/zxdoll.com\/hu\/wp-json\/wp\/v2\/product\/43844","targetHints":{"allow":["GET"]}}],"collection":[{"href":"https:\/\/zxdoll.com\/hu\/wp-json\/wp\/v2\/product"}],"about":[{"href":"https:\/\/zxdoll.com\/hu\/wp-json\/wp\/v2\/types\/product"}],"replies":[{"embeddable":true,"href":"https:\/\/zxdoll.com\/hu\/wp-json\/wp\/v2\/comments?post=43844"}],"version-history":[{"count":3,"href":"https:\/\/zxdoll.com\/hu\/wp-json\/wp\/v2\/product\/43844\/revisions"}],"predecessor-version":[{"id":100987,"href":"https:\/\/zxdoll.com\/hu\/wp-json\/wp\/v2\/product\/43844\/revisions\/100987"}],"wp:featuredmedia":[{"embeddable":true,"href":"https:\/\/zxdoll.com\/hu\/wp-json\/wp\/v2\/media\/43845"}],"wp:attachment":[{"href":"https:\/\/zxdoll.com\/hu\/wp-json\/wp\/v2\/media?parent=43844"}],"wp:term":[{"taxonomy":"product_brand","embeddable":true,"href":"https:\/\/zxdoll.com\/hu\/wp-json\/wp\/v2\/product_brand?post=43844"},{"taxonomy":"product_cat","embeddable":true,"href":"https:\/\/zxdoll.com\/hu\/wp-json\/wp\/v2\/product_cat?post=43844"},{"taxonomy":"product_tag","embeddable":true,"href":"https:\/\/zxdoll.com\/hu\/wp-json\/wp\/v2\/product_tag?post=43844"}],"curies":[{"name":"wp","href":"https:\/\/api.w.org\/{rel}","templated":true}]}}