{"id":43582,"date":"2023-04-17T03:11:28","date_gmt":"2023-04-16T19:11:28","guid":{"rendered":"https:\/\/zxdoll.com\/?post_type=product&#038;p=43582"},"modified":"2025-09-10T21:46:16","modified_gmt":"2025-09-10T13:46:16","slug":"prefect-life-sized-tall-female-sexy-doll","status":"publish","type":"product","link":"https:\/\/zxdoll.com\/hu\/product\/prefect-life-sized-tall-female-sexy-doll\/","title":{"rendered":"Prefektus \u00e9letnagys\u00e1g\u00fa, magas n\u0151i szexi baba Loraine 166 cm"},"content":{"rendered":"<h4><strong>Szexbaba k\u00e9pek<\/strong><\/h4>\n\t                <ul class=\"easy-image-gallery thumbnails-15 linked\">\r\n                    <li><a data-fancybox=\"gallery490\" href=\"https:\/\/zxdoll.com\/wp-content\/uploads\/2023\/04\/anal-fuck-doll-8u7v1-533x800.jpg\" class=\"eig-popup\" title=\"\" data-caption=\"\" target=\"_blank\"><i class=\"icon-view\"><\/i><span class=\"overlay\"><\/span><img decoding=\"async\" width=\"150\" height=\"150\" src=\"https:\/\/zxdoll.com\/wp-content\/uploads\/2023\/04\/anal-fuck-doll-8u7v1-150x150.jpg\" class=\"attachment-thumbnail size-thumbnail\" alt=\"\" title=\"\"><\/a><\/li><li><a data-fancybox=\"gallery490\" href=\"https:\/\/zxdoll.com\/wp-content\/uploads\/2023\/04\/anal-fuck-doll-8u7v2-533x800.jpg\" class=\"eig-popup\" title=\"\" data-caption=\"\" target=\"_blank\"><i class=\"icon-view\"><\/i><span class=\"overlay\"><\/span><img decoding=\"async\" width=\"150\" height=\"150\" src=\"https:\/\/zxdoll.com\/wp-content\/uploads\/2023\/04\/anal-fuck-doll-8u7v2-150x150.jpg\" class=\"attachment-thumbnail size-thumbnail\" alt=\"\" title=\"\"><\/a><\/li><li><a data-fancybox=\"gallery490\" href=\"https:\/\/zxdoll.com\/wp-content\/uploads\/2023\/04\/anal-fuck-doll-8u7v4-481x800.jpg\" class=\"eig-popup\" title=\"\" data-caption=\"\" target=\"_blank\"><i class=\"icon-view\"><\/i><span class=\"overlay\"><\/span><img decoding=\"async\" width=\"150\" height=\"150\" src=\"https:\/\/zxdoll.com\/wp-content\/uploads\/2023\/04\/anal-fuck-doll-8u7v4-150x150.jpg\" class=\"attachment-thumbnail size-thumbnail\" alt=\"\" title=\"\"><\/a><\/li><li><a data-fancybox=\"gallery490\" href=\"https:\/\/zxdoll.com\/wp-content\/uploads\/2023\/04\/anal-fuck-doll-8u7v5-533x800.jpg\" class=\"eig-popup\" title=\"\" data-caption=\"\" target=\"_blank\"><i class=\"icon-view\"><\/i><span class=\"overlay\"><\/span><img loading=\"lazy\" decoding=\"async\" width=\"150\" height=\"150\" src=\"https:\/\/zxdoll.com\/wp-content\/uploads\/2023\/04\/anal-fuck-doll-8u7v5-150x150.jpg\" class=\"attachment-thumbnail size-thumbnail\" alt=\"\" title=\"\"><\/a><\/li><li><a data-fancybox=\"gallery490\" href=\"https:\/\/zxdoll.com\/wp-content\/uploads\/2023\/04\/anal-fuck-doll-8u7v6-503x800.jpg\" class=\"eig-popup\" title=\"\" data-caption=\"\" target=\"_blank\"><i class=\"icon-view\"><\/i><span class=\"overlay\"><\/span><img loading=\"lazy\" decoding=\"async\" width=\"150\" height=\"150\" src=\"https:\/\/zxdoll.com\/wp-content\/uploads\/2023\/04\/anal-fuck-doll-8u7v6-150x150.jpg\" class=\"attachment-thumbnail size-thumbnail\" alt=\"\" title=\"\"><\/a><\/li><li><a data-fancybox=\"gallery490\" href=\"https:\/\/zxdoll.com\/wp-content\/uploads\/2023\/04\/anal-fuck-doll-8u7v7.jpg\" class=\"eig-popup\" title=\"\" data-caption=\"\" target=\"_blank\"><i class=\"icon-view\"><\/i><span class=\"overlay\"><\/span><img loading=\"lazy\" decoding=\"async\" width=\"150\" height=\"150\" src=\"https:\/\/zxdoll.com\/wp-content\/uploads\/2023\/04\/anal-fuck-doll-8u7v7-150x150.jpg\" class=\"attachment-thumbnail size-thumbnail\" alt=\"\" title=\"\"><\/a><\/li><li><a data-fancybox=\"gallery490\" href=\"https:\/\/zxdoll.com\/wp-content\/uploads\/2023\/04\/anal-fuck-doll-8u7v8.jpg\" class=\"eig-popup\" title=\"\" data-caption=\"\" target=\"_blank\"><i class=\"icon-view\"><\/i><span class=\"overlay\"><\/span><img loading=\"lazy\" decoding=\"async\" width=\"150\" height=\"150\" src=\"https:\/\/zxdoll.com\/wp-content\/uploads\/2023\/04\/anal-fuck-doll-8u7v8-150x150.jpg\" class=\"attachment-thumbnail size-thumbnail\" alt=\"\" title=\"\"><\/a><\/li><li><a data-fancybox=\"gallery490\" href=\"https:\/\/zxdoll.com\/wp-content\/uploads\/2023\/04\/anal-fuck-doll-8u7v9-533x800.jpg\" class=\"eig-popup\" title=\"\" data-caption=\"\" target=\"_blank\"><i class=\"icon-view\"><\/i><span class=\"overlay\"><\/span><img loading=\"lazy\" decoding=\"async\" width=\"150\" height=\"150\" src=\"https:\/\/zxdoll.com\/wp-content\/uploads\/2023\/04\/anal-fuck-doll-8u7v9-150x150.jpg\" class=\"attachment-thumbnail size-thumbnail\" alt=\"\" title=\"\"><\/a><\/li><li><a data-fancybox=\"gallery490\" href=\"https:\/\/zxdoll.com\/wp-content\/uploads\/2023\/04\/anal-fuck-doll-8u7v10-533x800.jpg\" class=\"eig-popup\" title=\"\" data-caption=\"\" target=\"_blank\"><i class=\"icon-view\"><\/i><span class=\"overlay\"><\/span><img loading=\"lazy\" decoding=\"async\" width=\"150\" height=\"150\" src=\"https:\/\/zxdoll.com\/wp-content\/uploads\/2023\/04\/anal-fuck-doll-8u7v10-150x150.jpg\" class=\"attachment-thumbnail size-thumbnail\" alt=\"\" title=\"\"><\/a><\/li><li><a data-fancybox=\"gallery490\" href=\"https:\/\/zxdoll.com\/wp-content\/uploads\/2023\/04\/anal-fuck-doll-8u7v11-533x800.jpg\" class=\"eig-popup\" title=\"\" data-caption=\"\" target=\"_blank\"><i class=\"icon-view\"><\/i><span class=\"overlay\"><\/span><img loading=\"lazy\" decoding=\"async\" width=\"150\" height=\"150\" src=\"https:\/\/zxdoll.com\/wp-content\/uploads\/2023\/04\/anal-fuck-doll-8u7v11-150x150.jpg\" class=\"attachment-thumbnail size-thumbnail\" alt=\"\" title=\"\"><\/a><\/li><li><a data-fancybox=\"gallery490\" href=\"https:\/\/zxdoll.com\/wp-content\/uploads\/2023\/04\/anal-fuck-doll-8u7v12.jpg\" class=\"eig-popup\" title=\"\" data-caption=\"\" target=\"_blank\"><i class=\"icon-view\"><\/i><span class=\"overlay\"><\/span><img loading=\"lazy\" decoding=\"async\" width=\"150\" height=\"150\" src=\"https:\/\/zxdoll.com\/wp-content\/uploads\/2023\/04\/anal-fuck-doll-8u7v12-150x150.jpg\" class=\"attachment-thumbnail size-thumbnail\" alt=\"\" title=\"\"><\/a><\/li><li><a data-fancybox=\"gallery490\" href=\"https:\/\/zxdoll.com\/wp-content\/uploads\/2023\/04\/anal-fuck-doll-8u7v13-533x800.jpg\" class=\"eig-popup\" title=\"\" data-caption=\"\" target=\"_blank\"><i class=\"icon-view\"><\/i><span class=\"overlay\"><\/span><img loading=\"lazy\" decoding=\"async\" width=\"150\" height=\"150\" src=\"https:\/\/zxdoll.com\/wp-content\/uploads\/2023\/04\/anal-fuck-doll-8u7v13-150x150.jpg\" class=\"attachment-thumbnail size-thumbnail\" alt=\"\" title=\"\"><\/a><\/li><li><a data-fancybox=\"gallery490\" href=\"https:\/\/zxdoll.com\/wp-content\/uploads\/2023\/04\/anal-fuck-doll-8u7v14.jpg\" class=\"eig-popup\" title=\"\" data-caption=\"\" target=\"_blank\"><i class=\"icon-view\"><\/i><span class=\"overlay\"><\/span><img loading=\"lazy\" decoding=\"async\" width=\"150\" height=\"150\" src=\"https:\/\/zxdoll.com\/wp-content\/uploads\/2023\/04\/anal-fuck-doll-8u7v14-150x150.jpg\" class=\"attachment-thumbnail size-thumbnail\" alt=\"\" title=\"\"><\/a><\/li><li><a data-fancybox=\"gallery490\" href=\"https:\/\/zxdoll.com\/wp-content\/uploads\/2023\/04\/anal-fuck-doll-8u7v15-533x800.jpg\" class=\"eig-popup\" title=\"\" data-caption=\"\" target=\"_blank\"><i class=\"icon-view\"><\/i><span class=\"overlay\"><\/span><img loading=\"lazy\" decoding=\"async\" width=\"150\" height=\"150\" src=\"https:\/\/zxdoll.com\/wp-content\/uploads\/2023\/04\/anal-fuck-doll-8u7v15-150x150.jpg\" class=\"attachment-thumbnail size-thumbnail\" alt=\"\" title=\"\"><\/a><\/li><li><a data-fancybox=\"gallery490\" href=\"https:\/\/zxdoll.com\/wp-content\/uploads\/2023\/04\/anal-fuck-doll-8u7v16-508x800.jpg\" class=\"eig-popup\" title=\"\" data-caption=\"\" target=\"_blank\"><i class=\"icon-view\"><\/i><span class=\"overlay\"><\/span><img loading=\"lazy\" decoding=\"async\" width=\"150\" height=\"150\" src=\"https:\/\/zxdoll.com\/wp-content\/uploads\/2023\/04\/anal-fuck-doll-8u7v16-150x150.jpg\" class=\"attachment-thumbnail size-thumbnail\" alt=\"\" title=\"\"><\/a><\/li><\/ul>\n<h4>M\u00e9rett\u00e1bl\u00e1zatok<\/h4>\n<table width=\"292\">\n<tbody>\n<tr>\n<td width=\"153\">Anyag<\/td>\n<td width=\"139\">TPE<\/td>\n<\/tr>\n<tr>\n<td>Magass\u00e1g<\/td>\n<td>166 cm<\/td>\n<\/tr>\n<tr>\n<td>Breast Line<\/td>\n<td>88 cm<\/td>\n<\/tr>\n<tr>\n<td>Der\u00e9kvonal<\/td>\n<td>56 cm<\/td>\n<\/tr>\n<tr>\n<td>Hip Line<\/td>\n<td>90 cm<\/td>\n<\/tr>\n<tr>\n<td>V\u00e1llsz\u00e9less\u00e9g<\/td>\n<td>38 cm<\/td>\n<\/tr>\n<tr>\n<td>Kar hossz\u00fas\u00e1g<\/td>\n<td>66 cm<\/td>\n<\/tr>\n<tr>\n<td>L\u00e1b hossz<\/td>\n<td>104 cm<\/td>\n<\/tr>\n<tr>\n<td>L\u00e1bm\u00e9ret<\/td>\n<td>22 cm<\/td>\n<\/tr>\n<tr>\n<td>Comb vonal<\/td>\n<td>46 cm<\/td>\n<\/tr>\n<tr>\n<td>Borj\u00fa vonal<\/td>\n<td>30 cm<\/td>\n<\/tr>\n<tr>\n<td>Nett\u00f3 t\u00f6meg<\/td>\n<td>39,5 kg<\/td>\n<\/tr>\n<tr>\n<td>Or\u00e1lis m\u00e9lys\u00e9g<\/td>\n<td>13 cm<\/td>\n<\/tr>\n<tr>\n<td>H\u00fcvelym\u00e9lys\u00e9g<\/td>\n<td>18 cm<\/td>\n<\/tr>\n<tr>\n<td>An\u00e1lis m\u00e9lys\u00e9g<\/td>\n<td>16 cm<\/td>\n<\/tr>\n<\/tbody>\n<\/table>\n<h4>A szexbab\u00e1r\u00f3l<\/h4>\n<p>Minden kipr\u00f3b\u00e1lt babasex? Nem? Rendben van. Megvan a t\u00f6k\u00e9letes szexbabunk, hogy \u00f6r\u00f6met okozzunk. Tudjuk, hogy l\u00e1thatod a szexi bab\u00e1t aranyos r\u00f3zsasz\u00edn fels\u0151j\u00e9ben, \u00e9s van egy h\u00edr\u00fcnk a sz\u00e1modra. Ez a sz\u00e9ps\u00e9g 166 cm magas \u00e9s \u00e1lmaid bab\u00e1ja. M\u00e9g nem tudod.<\/p>\n<p>A t\u00e1gra ny\u00edlt szem\u0171, mer\u00e9sz ajkakkal ez a gy\u00f6ny\u00f6r\u0171 f\u00e9l\u00e9nk baba sok szexi p\u00f3zt tud felvenni! \u00dagy n\u00e9z ki, mint az egyik anime baba vagy a kedvenc hentai karaktere, \u00e9s szerencs\u00e9re mindent meg tud csin\u00e1lni, amit \u0151k.<\/p>\n<p>A porcel\u00e1n b\u0151r\u00e9t\u0151l a sz\u00e9p d\u00fas haj\u00e1ig minden vonz\u00f3. Ha szereti a babaporn\u00f3t, itt a lehet\u0151s\u00e9g, hogy elk\u00e9sz\u00edtse kedvenc babah\u00e1zi hentaij\u00e1t. A v\u00e9lem\u00e9nyek m\u00e9g azt is mondj\u00e1k, hogy \u0151 egy t\u00fcnd\u00e9rbaba, \u00e9s olyan intenz\u00edven cum\u00e1lja \u0151ket. K\u00edv\u00fcl! Olyan j\u00f3l tud ny\u00f6gni \u00e9s mozogni, hogy az ember k\u00edv\u00e1ncsi lesz arra, hogyan alkalmazz\u00e1k a szexbab\u00e1k a mesters\u00e9ges intelligenci\u00e1t. Tudjuk, hogy vannak \u00e9letnagys\u00e1g\u00fa bab\u00e1k a Walmartban, de ezeket nem lehet \u00f6sszehasonl\u00edtani ezzel a n\u0151i szexbab\u00e1val.<\/p>\n<p>A vele val\u00f3 babasex arra k\u00e9szteti, hogy megtudja, ki tal\u00e1lta fel most a blow bab\u00e1kat, \u00e9s megk\u00e9rdezi, mi\u00e9rt. Csak adj neki egy es\u00e9lyt.<\/p>","protected":false},"excerpt":{"rendered":"<p>Szexbaba k\u00e9pek M\u00e9rett\u00e1bl\u00e1zat Anyag TPE magass\u00e1g 166 cm mellvonal 88 cm der\u00e9kvonal 56 cm cs\u00edp\u0151vonal 90 cm v\u00e1ll sz\u00e9less\u00e9g<\/p>","protected":false},"featured_media":43583,"comment_status":"open","ping_status":"closed","template":"","meta":[],"product_brand":[],"product_cat":[119,75,230,116,115,102],"product_tag":[],"class_list":{"0":"post-43582","1":"product","2":"type-product","3":"status-publish","4":"has-post-thumbnail","6":"product_cat-tpe-sex-doll","7":"product_cat-160cm-170cm-sex-dolls","8":"product_cat-36kg-40kg","9":"product_cat-big-boobs-sex-doll","10":"product_cat-big-booty-sex-doll","11":"product_cat-fantasy-sex-dolls","12":"pa_brand-fire-doll","13":"tm-has-options","15":"first","16":"instock","17":"sale","18":"shipping-taxable","19":"purchasable","20":"product-type-simple"},"_links":{"self":[{"href":"https:\/\/zxdoll.com\/hu\/wp-json\/wp\/v2\/product\/43582","targetHints":{"allow":["GET"]}}],"collection":[{"href":"https:\/\/zxdoll.com\/hu\/wp-json\/wp\/v2\/product"}],"about":[{"href":"https:\/\/zxdoll.com\/hu\/wp-json\/wp\/v2\/types\/product"}],"replies":[{"embeddable":true,"href":"https:\/\/zxdoll.com\/hu\/wp-json\/wp\/v2\/comments?post=43582"}],"version-history":[{"count":2,"href":"https:\/\/zxdoll.com\/hu\/wp-json\/wp\/v2\/product\/43582\/revisions"}],"predecessor-version":[{"id":155435,"href":"https:\/\/zxdoll.com\/hu\/wp-json\/wp\/v2\/product\/43582\/revisions\/155435"}],"wp:featuredmedia":[{"embeddable":true,"href":"https:\/\/zxdoll.com\/hu\/wp-json\/wp\/v2\/media\/43583"}],"wp:attachment":[{"href":"https:\/\/zxdoll.com\/hu\/wp-json\/wp\/v2\/media?parent=43582"}],"wp:term":[{"taxonomy":"product_brand","embeddable":true,"href":"https:\/\/zxdoll.com\/hu\/wp-json\/wp\/v2\/product_brand?post=43582"},{"taxonomy":"product_cat","embeddable":true,"href":"https:\/\/zxdoll.com\/hu\/wp-json\/wp\/v2\/product_cat?post=43582"},{"taxonomy":"product_tag","embeddable":true,"href":"https:\/\/zxdoll.com\/hu\/wp-json\/wp\/v2\/product_tag?post=43582"}],"curies":[{"name":"wp","href":"https:\/\/api.w.org\/{rel}","templated":true}]}}