{"id":43046,"date":"2023-04-17T01:35:33","date_gmt":"2023-04-16T17:35:33","guid":{"rendered":"https:\/\/zxdoll.com\/?post_type=product&#038;p=43046"},"modified":"2025-09-10T01:21:46","modified_gmt":"2025-09-09T17:21:46","slug":"small-breasted-life-size-mature-love-dolls","status":"publish","type":"product","link":"https:\/\/zxdoll.com\/hu\/product\/small-breasted-life-size-mature-love-dolls\/","title":{"rendered":"Kis mell\u0171 \u00e9letnagys\u00e1g \u00c9rett szerelmi bab\u00e1k Jason 166 cm"},"content":{"rendered":"<h4><strong>Szexbaba k\u00e9pek<\/strong><\/h4>\n\t                <ul class=\"easy-image-gallery thumbnails-19 linked\">\r\n                    <li><a data-fancybox=\"gallery650\" href=\"https:\/\/zxdoll.com\/wp-content\/uploads\/2023\/04\/lifelike-human-dolls-7r4g1-533x800.jpg\" class=\"eig-popup\" title=\"\" data-caption=\"\" target=\"_blank\"><i class=\"icon-view\"><\/i><span class=\"overlay\"><\/span><img decoding=\"async\" width=\"150\" height=\"150\" src=\"https:\/\/zxdoll.com\/wp-content\/uploads\/2023\/04\/lifelike-human-dolls-7r4g1-150x150.jpg\" class=\"attachment-thumbnail size-thumbnail\" alt=\"\" title=\"\"><\/a><\/li><li><a data-fancybox=\"gallery650\" href=\"https:\/\/zxdoll.com\/wp-content\/uploads\/2023\/04\/lifelike-human-dolls-7r4g2.jpg\" class=\"eig-popup\" title=\"\" data-caption=\"\" target=\"_blank\"><i class=\"icon-view\"><\/i><span class=\"overlay\"><\/span><img decoding=\"async\" width=\"150\" height=\"150\" src=\"https:\/\/zxdoll.com\/wp-content\/uploads\/2023\/04\/lifelike-human-dolls-7r4g2-150x150.jpg\" class=\"attachment-thumbnail size-thumbnail\" alt=\"\" title=\"\"><\/a><\/li><li><a data-fancybox=\"gallery650\" href=\"https:\/\/zxdoll.com\/wp-content\/uploads\/2023\/04\/lifelike-human-dolls-7r4g3-533x800.jpg\" class=\"eig-popup\" title=\"\" data-caption=\"\" target=\"_blank\"><i class=\"icon-view\"><\/i><span class=\"overlay\"><\/span><img decoding=\"async\" width=\"150\" height=\"150\" src=\"https:\/\/zxdoll.com\/wp-content\/uploads\/2023\/04\/lifelike-human-dolls-7r4g3-150x150.jpg\" class=\"attachment-thumbnail size-thumbnail\" alt=\"\" title=\"\"><\/a><\/li><li><a data-fancybox=\"gallery650\" href=\"https:\/\/zxdoll.com\/wp-content\/uploads\/2023\/04\/lifelike-human-dolls-7r4g5-533x800.jpg\" class=\"eig-popup\" title=\"\" data-caption=\"\" target=\"_blank\"><i class=\"icon-view\"><\/i><span class=\"overlay\"><\/span><img loading=\"lazy\" decoding=\"async\" width=\"150\" height=\"150\" src=\"https:\/\/zxdoll.com\/wp-content\/uploads\/2023\/04\/lifelike-human-dolls-7r4g5-150x150.jpg\" class=\"attachment-thumbnail size-thumbnail\" alt=\"\" title=\"\"><\/a><\/li><li><a data-fancybox=\"gallery650\" href=\"https:\/\/zxdoll.com\/wp-content\/uploads\/2023\/04\/lifelike-human-dolls-7r4g6.jpg\" class=\"eig-popup\" title=\"\" data-caption=\"\" target=\"_blank\"><i class=\"icon-view\"><\/i><span class=\"overlay\"><\/span><img loading=\"lazy\" decoding=\"async\" width=\"150\" height=\"150\" src=\"https:\/\/zxdoll.com\/wp-content\/uploads\/2023\/04\/lifelike-human-dolls-7r4g6-150x150.jpg\" class=\"attachment-thumbnail size-thumbnail\" alt=\"\" title=\"\"><\/a><\/li><li><a data-fancybox=\"gallery650\" href=\"https:\/\/zxdoll.com\/wp-content\/uploads\/2023\/04\/lifelike-human-dolls-7r4g7-533x800.jpg\" class=\"eig-popup\" title=\"\" data-caption=\"\" target=\"_blank\"><i class=\"icon-view\"><\/i><span class=\"overlay\"><\/span><img loading=\"lazy\" decoding=\"async\" width=\"150\" height=\"150\" src=\"https:\/\/zxdoll.com\/wp-content\/uploads\/2023\/04\/lifelike-human-dolls-7r4g7-150x150.jpg\" class=\"attachment-thumbnail size-thumbnail\" alt=\"\" title=\"\"><\/a><\/li><li><a data-fancybox=\"gallery650\" href=\"https:\/\/zxdoll.com\/wp-content\/uploads\/2023\/04\/lifelike-human-dolls-7r4g8-533x800.jpg\" class=\"eig-popup\" title=\"\" data-caption=\"\" target=\"_blank\"><i class=\"icon-view\"><\/i><span class=\"overlay\"><\/span><img loading=\"lazy\" decoding=\"async\" width=\"150\" height=\"150\" src=\"https:\/\/zxdoll.com\/wp-content\/uploads\/2023\/04\/lifelike-human-dolls-7r4g8-150x150.jpg\" class=\"attachment-thumbnail size-thumbnail\" alt=\"\" title=\"\"><\/a><\/li><li><a data-fancybox=\"gallery650\" href=\"https:\/\/zxdoll.com\/wp-content\/uploads\/2023\/04\/lifelike-human-dolls-7r4g9-533x800.jpg\" class=\"eig-popup\" title=\"\" data-caption=\"\" target=\"_blank\"><i class=\"icon-view\"><\/i><span class=\"overlay\"><\/span><img loading=\"lazy\" decoding=\"async\" width=\"150\" height=\"150\" src=\"https:\/\/zxdoll.com\/wp-content\/uploads\/2023\/04\/lifelike-human-dolls-7r4g9-150x150.jpg\" class=\"attachment-thumbnail size-thumbnail\" alt=\"\" title=\"\"><\/a><\/li><li><a data-fancybox=\"gallery650\" href=\"https:\/\/zxdoll.com\/wp-content\/uploads\/2023\/04\/lifelike-human-dolls-7r4g10-533x800.jpg\" class=\"eig-popup\" title=\"\" data-caption=\"\" target=\"_blank\"><i class=\"icon-view\"><\/i><span class=\"overlay\"><\/span><img loading=\"lazy\" decoding=\"async\" width=\"150\" height=\"150\" src=\"https:\/\/zxdoll.com\/wp-content\/uploads\/2023\/04\/lifelike-human-dolls-7r4g10-150x150.jpg\" class=\"attachment-thumbnail size-thumbnail\" alt=\"\" title=\"\"><\/a><\/li><li><a data-fancybox=\"gallery650\" href=\"https:\/\/zxdoll.com\/wp-content\/uploads\/2023\/04\/lifelike-human-dolls-7r4g11-533x800.jpg\" class=\"eig-popup\" title=\"\" data-caption=\"\" target=\"_blank\"><i class=\"icon-view\"><\/i><span class=\"overlay\"><\/span><img loading=\"lazy\" decoding=\"async\" width=\"150\" height=\"150\" src=\"https:\/\/zxdoll.com\/wp-content\/uploads\/2023\/04\/lifelike-human-dolls-7r4g11-150x150.jpg\" class=\"attachment-thumbnail size-thumbnail\" alt=\"\" title=\"\"><\/a><\/li><li><a data-fancybox=\"gallery650\" href=\"https:\/\/zxdoll.com\/wp-content\/uploads\/2023\/04\/lifelike-human-dolls-7r4g12-533x800.jpg\" class=\"eig-popup\" title=\"\" data-caption=\"\" target=\"_blank\"><i class=\"icon-view\"><\/i><span class=\"overlay\"><\/span><img loading=\"lazy\" decoding=\"async\" width=\"150\" height=\"150\" src=\"https:\/\/zxdoll.com\/wp-content\/uploads\/2023\/04\/lifelike-human-dolls-7r4g12-150x150.jpg\" class=\"attachment-thumbnail size-thumbnail\" alt=\"\" title=\"\"><\/a><\/li><li><a data-fancybox=\"gallery650\" href=\"https:\/\/zxdoll.com\/wp-content\/uploads\/2023\/04\/lifelike-human-dolls-7r4g13-533x800.jpg\" class=\"eig-popup\" title=\"\" data-caption=\"\" target=\"_blank\"><i class=\"icon-view\"><\/i><span class=\"overlay\"><\/span><img loading=\"lazy\" decoding=\"async\" width=\"150\" height=\"150\" src=\"https:\/\/zxdoll.com\/wp-content\/uploads\/2023\/04\/lifelike-human-dolls-7r4g13-150x150.jpg\" class=\"attachment-thumbnail size-thumbnail\" alt=\"\" title=\"\"><\/a><\/li><li><a data-fancybox=\"gallery650\" href=\"https:\/\/zxdoll.com\/wp-content\/uploads\/2023\/04\/lifelike-human-dolls-7r4g14-533x800.jpg\" class=\"eig-popup\" title=\"\" data-caption=\"\" target=\"_blank\"><i class=\"icon-view\"><\/i><span class=\"overlay\"><\/span><img loading=\"lazy\" decoding=\"async\" width=\"150\" height=\"150\" src=\"https:\/\/zxdoll.com\/wp-content\/uploads\/2023\/04\/lifelike-human-dolls-7r4g14-150x150.jpg\" class=\"attachment-thumbnail size-thumbnail\" alt=\"\" title=\"\"><\/a><\/li><li><a data-fancybox=\"gallery650\" href=\"https:\/\/zxdoll.com\/wp-content\/uploads\/2023\/04\/lifelike-human-dolls-7r4g15-533x800.jpg\" class=\"eig-popup\" title=\"\" data-caption=\"\" target=\"_blank\"><i class=\"icon-view\"><\/i><span class=\"overlay\"><\/span><img loading=\"lazy\" decoding=\"async\" width=\"150\" height=\"150\" src=\"https:\/\/zxdoll.com\/wp-content\/uploads\/2023\/04\/lifelike-human-dolls-7r4g15-150x150.jpg\" class=\"attachment-thumbnail size-thumbnail\" alt=\"\" title=\"\"><\/a><\/li><li><a data-fancybox=\"gallery650\" href=\"https:\/\/zxdoll.com\/wp-content\/uploads\/2023\/04\/lifelike-human-dolls-7r4g16-533x800.jpg\" class=\"eig-popup\" title=\"\" data-caption=\"\" target=\"_blank\"><i class=\"icon-view\"><\/i><span class=\"overlay\"><\/span><img loading=\"lazy\" decoding=\"async\" width=\"150\" height=\"150\" src=\"https:\/\/zxdoll.com\/wp-content\/uploads\/2023\/04\/lifelike-human-dolls-7r4g16-150x150.jpg\" class=\"attachment-thumbnail size-thumbnail\" alt=\"\" title=\"\"><\/a><\/li><li><a data-fancybox=\"gallery650\" href=\"https:\/\/zxdoll.com\/wp-content\/uploads\/2023\/04\/lifelike-human-dolls-7r4g17.jpg\" class=\"eig-popup\" title=\"\" data-caption=\"\" target=\"_blank\"><i class=\"icon-view\"><\/i><span class=\"overlay\"><\/span><img loading=\"lazy\" decoding=\"async\" width=\"150\" height=\"150\" src=\"https:\/\/zxdoll.com\/wp-content\/uploads\/2023\/04\/lifelike-human-dolls-7r4g17-150x150.jpg\" class=\"attachment-thumbnail size-thumbnail\" alt=\"\" title=\"\"><\/a><\/li><li><a data-fancybox=\"gallery650\" href=\"https:\/\/zxdoll.com\/wp-content\/uploads\/2023\/04\/lifelike-human-dolls-7r4g18.jpg\" class=\"eig-popup\" title=\"\" data-caption=\"\" target=\"_blank\"><i class=\"icon-view\"><\/i><span class=\"overlay\"><\/span><img loading=\"lazy\" decoding=\"async\" width=\"150\" height=\"150\" src=\"https:\/\/zxdoll.com\/wp-content\/uploads\/2023\/04\/lifelike-human-dolls-7r4g18-150x150.jpg\" class=\"attachment-thumbnail size-thumbnail\" alt=\"\" title=\"\"><\/a><\/li><li><a data-fancybox=\"gallery650\" href=\"https:\/\/zxdoll.com\/wp-content\/uploads\/2023\/04\/lifelike-human-dolls-7r4g19-533x800.jpg\" class=\"eig-popup\" title=\"\" data-caption=\"\" target=\"_blank\"><i class=\"icon-view\"><\/i><span class=\"overlay\"><\/span><img loading=\"lazy\" decoding=\"async\" width=\"150\" height=\"150\" src=\"https:\/\/zxdoll.com\/wp-content\/uploads\/2023\/04\/lifelike-human-dolls-7r4g19-150x150.jpg\" class=\"attachment-thumbnail size-thumbnail\" alt=\"\" title=\"\"><\/a><\/li><li><a data-fancybox=\"gallery650\" href=\"https:\/\/zxdoll.com\/wp-content\/uploads\/2023\/04\/lifelike-human-dolls-7r4g20-533x800.jpg\" class=\"eig-popup\" title=\"\" data-caption=\"\" target=\"_blank\"><i class=\"icon-view\"><\/i><span class=\"overlay\"><\/span><img loading=\"lazy\" decoding=\"async\" width=\"150\" height=\"150\" src=\"https:\/\/zxdoll.com\/wp-content\/uploads\/2023\/04\/lifelike-human-dolls-7r4g20-150x150.jpg\" class=\"attachment-thumbnail size-thumbnail\" alt=\"\" title=\"\"><\/a><\/li><\/ul>\n<h4>M\u00e9rett\u00e1bl\u00e1zatok<\/h4>\n<table width=\"292\">\n<tbody>\n<tr>\n<td width=\"153\">Anyag<\/td>\n<td width=\"139\">TPE<\/td>\n<\/tr>\n<tr>\n<td>Magass\u00e1g<\/td>\n<td>166 cm<\/td>\n<\/tr>\n<tr>\n<td>Breast Line<\/td>\n<td>80 cm<\/td>\n<\/tr>\n<tr>\n<td>Der\u00e9kvonal<\/td>\n<td>57,5 cm<\/td>\n<\/tr>\n<tr>\n<td>Hip Line<\/td>\n<td>87 cm<\/td>\n<\/tr>\n<tr>\n<td>V\u00e1llsz\u00e9less\u00e9g<\/td>\n<td>38 cm<\/td>\n<\/tr>\n<tr>\n<td>Kar hossz\u00fas\u00e1g<\/td>\n<td>67 cm<\/td>\n<\/tr>\n<tr>\n<td>L\u00e1b hossz<\/td>\n<td>104 cm<\/td>\n<\/tr>\n<tr>\n<td>L\u00e1bm\u00e9ret<\/td>\n<td>21 cm<\/td>\n<\/tr>\n<tr>\n<td>Comb vonal<\/td>\n<td>46 cm<\/td>\n<\/tr>\n<tr>\n<td>Borj\u00fa vonal<\/td>\n<td>30 cm<\/td>\n<\/tr>\n<tr>\n<td>Nett\u00f3 t\u00f6meg<\/td>\n<td>37 kg<\/td>\n<\/tr>\n<tr>\n<td>Or\u00e1lis m\u00e9lys\u00e9g<\/td>\n<td>13 cm<\/td>\n<\/tr>\n<tr>\n<td>H\u00fcvelym\u00e9lys\u00e9g<\/td>\n<td>18 cm<\/td>\n<\/tr>\n<tr>\n<td>An\u00e1lis m\u00e9lys\u00e9g<\/td>\n<td>16 cm<\/td>\n<\/tr>\n<\/tbody>\n<\/table>\n<h4>A szexbab\u00e1r\u00f3l<\/h4>\n<p>Ha abszol\u00fat babaf\u00fcgg\u0151 vagy, val\u00f3sz\u00edn\u0171leg ismered ezt a csinos arcot. R\u00f6vid piszkossz\u0151ke hajjal, cs\u00e1b\u00edt\u00f3 mosollyal \u00e9s t\u00f6k\u00e9letesen elk\u00e9sz\u00edtett babasminkkel ez az \u00e9letnagys\u00e1g\u00fa igazi szexbaba t\u00f6k\u00e9letes az \u00d6n sz\u00e1m\u00e1ra, ha szereti a vid\u00e1m, de \u00e9rett szerelmi bab\u00e1kat.<\/p>\n<p>Ez a kismell\u0171 szerelmes baba feh\u00e9r pamutruh\u00e1ban hever, \u00e9s a p\u00f3zokb\u00f3l csak azt tudod, hogy ismeri a sz\u00f6geit \u00e9s azt, hogy mi \u00e1ll j\u00f3l neki. A szexi divatbaba nem korl\u00e1toz\u00f3dik erre az egyszer\u0171 ruh\u00e1ra. Fel\u00f6lt\u00f6ztetheti Elsa baba bab\u00e1nak, hogy \u00fagy n\u00e9zzen ki, mint a fagyott szt\u00e1r, fel\u00f6lt\u00f6ztetheti sz\u0151r\u00f6s szexbaba porn\u00f3figur\u00e1nak, vagy ak\u00e1r piros baba par\u00f3k\u00e1t is kaphat t\u0151le, \u00e9s Margaret szexbab\u00e1v\u00e1 var\u00e1zsolhatja.<\/p>\n<p>R\u00e1ad\u00e1sul sokoldal\u00fa is. Nem kell \u00fajabb felrobbanthat\u00f3 szexbab\u00e1t venni a n\u0151knek, ha n\u00e1lad van. Olyan babah\u00edmtagja van, amely vetekszik a meztelen Margaret babar\u00faddal. \u00cdgy h\u00e1tulr\u00f3l megbaszhatod, mik\u00f6zben kiel\u00e9g\u00edti n\u0151j\u00e9t vagy szexu\u00e1lis partner\u00e9t.<\/p>\n<p>A Sanhui szexbab\u00e1k is annyira artikul\u00e1ltak, teljesen m\u0171k\u00f6d\u0151k\u00e9pes f\u00e9mv\u00e1zakkal, \u00e9s a sz\u00e9ps\u00e9geket itt megfizethet\u0151 \u00e1ron szerezheted be. fiatal, sz\u0151ke, szexi szerelmes bab\u00e1k, micsoda sz\u00e9ps\u00e9gek!<\/p>","protected":false},"excerpt":{"rendered":"<p>Szexbaba k\u00e9pek M\u00e9rett\u00e1bl\u00e1zat Anyag TPE magass\u00e1g 166 cm mellvonal 80 cm der\u00e9kvonal 57,5 cm cs\u00edp\u0151vonal 87 cm v\u00e1ll sz\u00e9less\u00e9g<\/p>","protected":false},"featured_media":43052,"comment_status":"open","ping_status":"closed","template":"","meta":[],"product_brand":[],"product_cat":[119,75,230,102,107,117],"product_tag":[],"class_list":{"0":"post-43046","1":"product","2":"type-product","3":"status-publish","4":"has-post-thumbnail","6":"product_cat-tpe-sex-doll","7":"product_cat-160cm-170cm-sex-dolls","8":"product_cat-36kg-40kg","9":"product_cat-fantasy-sex-dolls","10":"product_cat-skinny-sex-dolls","11":"product_cat-small-breast-sex-doll","12":"pa_brand-fire-doll","13":"tm-has-options","15":"first","16":"instock","17":"sale","18":"shipping-taxable","19":"purchasable","20":"product-type-simple"},"_links":{"self":[{"href":"https:\/\/zxdoll.com\/hu\/wp-json\/wp\/v2\/product\/43046","targetHints":{"allow":["GET"]}}],"collection":[{"href":"https:\/\/zxdoll.com\/hu\/wp-json\/wp\/v2\/product"}],"about":[{"href":"https:\/\/zxdoll.com\/hu\/wp-json\/wp\/v2\/types\/product"}],"replies":[{"embeddable":true,"href":"https:\/\/zxdoll.com\/hu\/wp-json\/wp\/v2\/comments?post=43046"}],"version-history":[{"count":1,"href":"https:\/\/zxdoll.com\/hu\/wp-json\/wp\/v2\/product\/43046\/revisions"}],"predecessor-version":[{"id":101503,"href":"https:\/\/zxdoll.com\/hu\/wp-json\/wp\/v2\/product\/43046\/revisions\/101503"}],"wp:featuredmedia":[{"embeddable":true,"href":"https:\/\/zxdoll.com\/hu\/wp-json\/wp\/v2\/media\/43052"}],"wp:attachment":[{"href":"https:\/\/zxdoll.com\/hu\/wp-json\/wp\/v2\/media?parent=43046"}],"wp:term":[{"taxonomy":"product_brand","embeddable":true,"href":"https:\/\/zxdoll.com\/hu\/wp-json\/wp\/v2\/product_brand?post=43046"},{"taxonomy":"product_cat","embeddable":true,"href":"https:\/\/zxdoll.com\/hu\/wp-json\/wp\/v2\/product_cat?post=43046"},{"taxonomy":"product_tag","embeddable":true,"href":"https:\/\/zxdoll.com\/hu\/wp-json\/wp\/v2\/product_tag?post=43046"}],"curies":[{"name":"wp","href":"https:\/\/api.w.org\/{rel}","templated":true}]}}