{"id":42931,"date":"2023-04-17T01:18:11","date_gmt":"2023-04-16T17:18:11","guid":{"rendered":"https:\/\/zxdoll.com\/?post_type=product&#038;p=42931"},"modified":"2025-09-10T01:18:54","modified_gmt":"2025-09-09T17:18:54","slug":"human-beauty-cheap-tpe-real-doll","status":"publish","type":"product","link":"https:\/\/zxdoll.com\/hu\/product\/human-beauty-cheap-tpe-real-doll\/","title":{"rendered":"Human Beauty Olcs\u00f3 TPE Val\u00f3di Violeta baba 165cm"},"content":{"rendered":"<h4><strong>Szexbaba k\u00e9pek<\/strong><\/h4>\n\t                <ul class=\"easy-image-gallery thumbnails-17 linked\">\r\n                    <li><a data-fancybox=\"gallery818\" href=\"https:\/\/zxdoll.com\/wp-content\/uploads\/2023\/04\/female-real-doll-8u7s1-533x800.jpg\" class=\"eig-popup\" title=\"\" data-caption=\"\" target=\"_blank\"><i class=\"icon-view\"><\/i><span class=\"overlay\"><\/span><img decoding=\"async\" width=\"150\" height=\"150\" src=\"https:\/\/zxdoll.com\/wp-content\/uploads\/2023\/04\/female-real-doll-8u7s1-150x150.jpg\" class=\"attachment-thumbnail size-thumbnail\" alt=\"\" title=\"\"><\/a><\/li><li><a data-fancybox=\"gallery818\" href=\"https:\/\/zxdoll.com\/wp-content\/uploads\/2023\/04\/female-real-doll-8u7s2-533x800.jpg\" class=\"eig-popup\" title=\"\" data-caption=\"\" target=\"_blank\"><i class=\"icon-view\"><\/i><span class=\"overlay\"><\/span><img decoding=\"async\" width=\"150\" height=\"150\" src=\"https:\/\/zxdoll.com\/wp-content\/uploads\/2023\/04\/female-real-doll-8u7s2-150x150.jpg\" class=\"attachment-thumbnail size-thumbnail\" alt=\"\" title=\"\"><\/a><\/li><li><a data-fancybox=\"gallery818\" href=\"https:\/\/zxdoll.com\/wp-content\/uploads\/2023\/04\/female-real-doll-8u7s4-533x800.jpg\" class=\"eig-popup\" title=\"\" data-caption=\"\" target=\"_blank\"><i class=\"icon-view\"><\/i><span class=\"overlay\"><\/span><img decoding=\"async\" width=\"150\" height=\"150\" src=\"https:\/\/zxdoll.com\/wp-content\/uploads\/2023\/04\/female-real-doll-8u7s4-150x150.jpg\" class=\"attachment-thumbnail size-thumbnail\" alt=\"\" title=\"\"><\/a><\/li><li><a data-fancybox=\"gallery818\" href=\"https:\/\/zxdoll.com\/wp-content\/uploads\/2023\/04\/female-real-doll-8u7s6-533x800.jpg\" class=\"eig-popup\" title=\"\" data-caption=\"\" target=\"_blank\"><i class=\"icon-view\"><\/i><span class=\"overlay\"><\/span><img loading=\"lazy\" decoding=\"async\" width=\"150\" height=\"150\" src=\"https:\/\/zxdoll.com\/wp-content\/uploads\/2023\/04\/female-real-doll-8u7s6-150x150.jpg\" class=\"attachment-thumbnail size-thumbnail\" alt=\"\" title=\"\"><\/a><\/li><li><a data-fancybox=\"gallery818\" href=\"https:\/\/zxdoll.com\/wp-content\/uploads\/2023\/04\/female-real-doll-8u7s7-533x800.jpg\" class=\"eig-popup\" title=\"\" data-caption=\"\" target=\"_blank\"><i class=\"icon-view\"><\/i><span class=\"overlay\"><\/span><img loading=\"lazy\" decoding=\"async\" width=\"150\" height=\"150\" src=\"https:\/\/zxdoll.com\/wp-content\/uploads\/2023\/04\/female-real-doll-8u7s7-150x150.jpg\" class=\"attachment-thumbnail size-thumbnail\" alt=\"\" title=\"\"><\/a><\/li><li><a data-fancybox=\"gallery818\" href=\"https:\/\/zxdoll.com\/wp-content\/uploads\/2023\/04\/female-real-doll-8u7s9-533x800.jpg\" class=\"eig-popup\" title=\"\" data-caption=\"\" target=\"_blank\"><i class=\"icon-view\"><\/i><span class=\"overlay\"><\/span><img loading=\"lazy\" decoding=\"async\" width=\"150\" height=\"150\" src=\"https:\/\/zxdoll.com\/wp-content\/uploads\/2023\/04\/female-real-doll-8u7s9-150x150.jpg\" class=\"attachment-thumbnail size-thumbnail\" alt=\"\" title=\"\"><\/a><\/li><li><a data-fancybox=\"gallery818\" href=\"https:\/\/zxdoll.com\/wp-content\/uploads\/2023\/04\/female-real-doll-8u7s10-533x800.jpg\" class=\"eig-popup\" title=\"\" data-caption=\"\" target=\"_blank\"><i class=\"icon-view\"><\/i><span class=\"overlay\"><\/span><img loading=\"lazy\" decoding=\"async\" width=\"150\" height=\"150\" src=\"https:\/\/zxdoll.com\/wp-content\/uploads\/2023\/04\/female-real-doll-8u7s10-150x150.jpg\" class=\"attachment-thumbnail size-thumbnail\" alt=\"\" title=\"\"><\/a><\/li><li><a data-fancybox=\"gallery818\" href=\"https:\/\/zxdoll.com\/wp-content\/uploads\/2023\/04\/female-real-doll-8u7s11-533x800.jpg\" class=\"eig-popup\" title=\"\" data-caption=\"\" target=\"_blank\"><i class=\"icon-view\"><\/i><span class=\"overlay\"><\/span><img loading=\"lazy\" decoding=\"async\" width=\"150\" height=\"150\" src=\"https:\/\/zxdoll.com\/wp-content\/uploads\/2023\/04\/female-real-doll-8u7s11-150x150.jpg\" class=\"attachment-thumbnail size-thumbnail\" alt=\"\" title=\"\"><\/a><\/li><li><a data-fancybox=\"gallery818\" href=\"https:\/\/zxdoll.com\/wp-content\/uploads\/2023\/04\/female-real-doll-8u7s12-533x800.jpg\" class=\"eig-popup\" title=\"\" data-caption=\"\" target=\"_blank\"><i class=\"icon-view\"><\/i><span class=\"overlay\"><\/span><img loading=\"lazy\" decoding=\"async\" width=\"150\" height=\"150\" src=\"https:\/\/zxdoll.com\/wp-content\/uploads\/2023\/04\/female-real-doll-8u7s12-150x150.jpg\" class=\"attachment-thumbnail size-thumbnail\" alt=\"\" title=\"\"><\/a><\/li><li><a data-fancybox=\"gallery818\" href=\"https:\/\/zxdoll.com\/wp-content\/uploads\/2023\/04\/female-real-doll-8u7s13-533x800.jpg\" class=\"eig-popup\" title=\"\" data-caption=\"\" target=\"_blank\"><i class=\"icon-view\"><\/i><span class=\"overlay\"><\/span><img loading=\"lazy\" decoding=\"async\" width=\"150\" height=\"150\" src=\"https:\/\/zxdoll.com\/wp-content\/uploads\/2023\/04\/female-real-doll-8u7s13-150x150.jpg\" class=\"attachment-thumbnail size-thumbnail\" alt=\"\" title=\"\"><\/a><\/li><li><a data-fancybox=\"gallery818\" href=\"https:\/\/zxdoll.com\/wp-content\/uploads\/2023\/04\/female-real-doll-8u7s14-533x800.jpg\" class=\"eig-popup\" title=\"\" data-caption=\"\" target=\"_blank\"><i class=\"icon-view\"><\/i><span class=\"overlay\"><\/span><img loading=\"lazy\" decoding=\"async\" width=\"150\" height=\"150\" src=\"https:\/\/zxdoll.com\/wp-content\/uploads\/2023\/04\/female-real-doll-8u7s14-150x150.jpg\" class=\"attachment-thumbnail size-thumbnail\" alt=\"\" title=\"\"><\/a><\/li><li><a data-fancybox=\"gallery818\" href=\"https:\/\/zxdoll.com\/wp-content\/uploads\/2023\/04\/female-real-doll-8u7s15-533x800.jpg\" class=\"eig-popup\" title=\"\" data-caption=\"\" target=\"_blank\"><i class=\"icon-view\"><\/i><span class=\"overlay\"><\/span><img loading=\"lazy\" decoding=\"async\" width=\"150\" height=\"150\" src=\"https:\/\/zxdoll.com\/wp-content\/uploads\/2023\/04\/female-real-doll-8u7s15-150x150.jpg\" class=\"attachment-thumbnail size-thumbnail\" alt=\"\" title=\"\"><\/a><\/li><li><a data-fancybox=\"gallery818\" href=\"https:\/\/zxdoll.com\/wp-content\/uploads\/2023\/04\/female-real-doll-8u7s16-533x800.jpg\" class=\"eig-popup\" title=\"\" data-caption=\"\" target=\"_blank\"><i class=\"icon-view\"><\/i><span class=\"overlay\"><\/span><img loading=\"lazy\" decoding=\"async\" width=\"150\" height=\"150\" src=\"https:\/\/zxdoll.com\/wp-content\/uploads\/2023\/04\/female-real-doll-8u7s16-150x150.jpg\" class=\"attachment-thumbnail size-thumbnail\" alt=\"\" title=\"\"><\/a><\/li><li><a data-fancybox=\"gallery818\" href=\"https:\/\/zxdoll.com\/wp-content\/uploads\/2023\/04\/female-real-doll-8u7s17-533x800.jpg\" class=\"eig-popup\" title=\"\" data-caption=\"\" target=\"_blank\"><i class=\"icon-view\"><\/i><span class=\"overlay\"><\/span><img loading=\"lazy\" decoding=\"async\" width=\"150\" height=\"150\" src=\"https:\/\/zxdoll.com\/wp-content\/uploads\/2023\/04\/female-real-doll-8u7s17-150x150.jpg\" class=\"attachment-thumbnail size-thumbnail\" alt=\"\" title=\"\"><\/a><\/li><li><a data-fancybox=\"gallery818\" href=\"https:\/\/zxdoll.com\/wp-content\/uploads\/2023\/04\/female-real-doll-8u7s18-533x800.jpg\" class=\"eig-popup\" title=\"\" data-caption=\"\" target=\"_blank\"><i class=\"icon-view\"><\/i><span class=\"overlay\"><\/span><img loading=\"lazy\" decoding=\"async\" width=\"150\" height=\"150\" src=\"https:\/\/zxdoll.com\/wp-content\/uploads\/2023\/04\/female-real-doll-8u7s18-150x150.jpg\" class=\"attachment-thumbnail size-thumbnail\" alt=\"\" title=\"\"><\/a><\/li><li><a data-fancybox=\"gallery818\" href=\"https:\/\/zxdoll.com\/wp-content\/uploads\/2023\/04\/female-real-doll-8u7s19-533x800.jpg\" class=\"eig-popup\" title=\"\" data-caption=\"\" target=\"_blank\"><i class=\"icon-view\"><\/i><span class=\"overlay\"><\/span><img loading=\"lazy\" decoding=\"async\" width=\"150\" height=\"150\" src=\"https:\/\/zxdoll.com\/wp-content\/uploads\/2023\/04\/female-real-doll-8u7s19-150x150.jpg\" class=\"attachment-thumbnail size-thumbnail\" alt=\"\" title=\"\"><\/a><\/li><li><a data-fancybox=\"gallery818\" href=\"https:\/\/zxdoll.com\/wp-content\/uploads\/2023\/04\/female-real-doll-8u7s20-533x800.jpg\" class=\"eig-popup\" title=\"\" data-caption=\"\" target=\"_blank\"><i class=\"icon-view\"><\/i><span class=\"overlay\"><\/span><img loading=\"lazy\" decoding=\"async\" width=\"150\" height=\"150\" src=\"https:\/\/zxdoll.com\/wp-content\/uploads\/2023\/04\/female-real-doll-8u7s20-150x150.jpg\" class=\"attachment-thumbnail size-thumbnail\" alt=\"\" title=\"\"><\/a><\/li><\/ul>\n<h4>M\u00e9rett\u00e1bl\u00e1zatok<\/h4>\n<table width=\"292\">\n<tbody>\n<tr>\n<td width=\"153\">Anyag<\/td>\n<td width=\"139\">TPE<\/td>\n<\/tr>\n<tr>\n<td>Magass\u00e1g<\/td>\n<td>165 cm<\/td>\n<\/tr>\n<tr>\n<td>Breast Line<\/td>\n<td>78 cm<\/td>\n<\/tr>\n<tr>\n<td>Der\u00e9kvonal<\/td>\n<td>53 cm<\/td>\n<\/tr>\n<tr>\n<td>Hip Line<\/td>\n<td>77 cm<\/td>\n<\/tr>\n<tr>\n<td>V\u00e1llsz\u00e9less\u00e9g<\/td>\n<td>30 cm<\/td>\n<\/tr>\n<tr>\n<td>Kar hossz\u00fas\u00e1g<\/td>\n<td>62 cm<\/td>\n<\/tr>\n<tr>\n<td>L\u00e1b hossz<\/td>\n<td>82 cm<\/td>\n<\/tr>\n<tr>\n<td>L\u00e1bm\u00e9ret<\/td>\n<td>21 cm<\/td>\n<\/tr>\n<tr>\n<td>Comb vonal<\/td>\n<td>42 cm<\/td>\n<\/tr>\n<tr>\n<td>Borj\u00fa vonal<\/td>\n<td>27 cm<\/td>\n<\/tr>\n<tr>\n<td>Nett\u00f3 t\u00f6meg<\/td>\n<td>29 kg<\/td>\n<\/tr>\n<tr>\n<td>Or\u00e1lis m\u00e9lys\u00e9g<\/td>\n<td>13 cm<\/td>\n<\/tr>\n<tr>\n<td>H\u00fcvelym\u00e9lys\u00e9g<\/td>\n<td>18 cm<\/td>\n<\/tr>\n<tr>\n<td>An\u00e1lis m\u00e9lys\u00e9g<\/td>\n<td>16 cm<\/td>\n<\/tr>\n<\/tbody>\n<\/table>\n<h4>A szexbab\u00e1r\u00f3l<\/h4>\n<p>Sokan azt mondj\u00e1k, hogy a szilikon szerelmes bab\u00e1ink dr\u00e1g\u00e1k, \u00e9s mindegyik feh\u00e9r, mi pedig az\u00e9rt vagyunk itt, hogy bebizony\u00edtsuk, t\u00e9vednek!<\/p>\n<p>Ez az \u00e9letnagys\u00e1g\u00fa val\u00f3di szexbaba, ami el\u0151tted \u00e1ll, egy nagyon olcs\u00f3 tpe igazi baba, \u00e9s b\u00e1r lehetnek fekete tpe bab\u00e1ink elad\u00f3k, ma ez az \u00e1zsiai sz\u00e9ps\u00e9g \u00e1ll a k\u00f6z\u00e9ppontban.<\/p>\n<p>Ha olyan f\u00e9rfi vagy, aki kibaszottul szereti a bab\u00e1kat, \u00e9s szeretn\u00e9d, ha meg tudn\u00e1d dugni az egyik bab\u00e1t a \u201eszex bab\u00e1kkal porn\u00f3val\u201d c\u00edm\u0171 filmben, vagy szeretn\u00e9l egyike lenni azoknak a f\u00e9rfiaknak, akik \u00fagy szeretik a bab\u00e1kat, hogy k\u00f6zben nem t\u00f6rnek r\u00e1, akkor ez az \u00e9letnagys\u00e1g\u00fa igazi szexbaba csak legyen neked.<\/p>\n<p>Vil\u00e1gos ruh\u00e1zatban \u2013 s\u00e1rga sapk\u00e1ban \u00e9s nagyon feh\u00e9r fels\u0151ben \u2013 ennek a szexi szerelmes bab\u00e1nak \u00e1lland\u00f3an mosolyg\u00f3s arca van, ami \u00f6nmag\u00e1ban is vonz\u00f3. Soha nem kell att\u00f3l tartanod, hogy rosszat teszel szex k\u00f6zben. Ez a mechanikus szexbaba mindig mosolyog, \u00edgy azt csin\u00e1lhatsz, amit csak akarsz.<\/p>\n<p>Egy AI szerelmi baba; tud intelligensen felny\u00f6gni, \u00e9s be\u00e1ll\u00edtja saj\u00e1t bels\u0151 h\u0151m\u00e9rs\u00e9klet\u00e9t a ti\u00e9dhez a fokozott intimit\u00e1s \u00e9rdek\u00e9ben. Ha szeretne bab\u00e1t cser\u00e9lni, amikor megszerzi az emberi baba sz\u00e9ps\u00e9g\u00e9t, keressen valakit, aki j\u00f3 babapar\u00f3k\u00e1k k\u00e9sz\u00edt\u00e9s\u00e9ben vagy kuty\u00e1knak val\u00f3 par\u00f3k\u00e1k elad\u00e1s\u00e1ban.<\/p>\n<p>Nem hi\u00e1ba tartozik a legkelend\u0151bb bab\u00e1k k\u00f6z\u00e9, ugye?<\/p>","protected":false},"excerpt":{"rendered":"<p>Szexbaba k\u00e9pek M\u00e9rett\u00e1bl\u00e1zat Anyag TPE magass\u00e1g 165 cm mellvonal 78 cm der\u00e9kvonal 53 cm cs\u00edp\u0151vonal 77 cm v\u00e1ll sz\u00e9less\u00e9g<\/p>","protected":false},"featured_media":42950,"comment_status":"open","ping_status":"closed","template":"","meta":[],"product_brand":[],"product_cat":[119,75,228,80,116,115,102],"product_tag":[],"class_list":{"0":"post-42931","1":"product","2":"type-product","3":"status-publish","4":"has-post-thumbnail","6":"product_cat-tpe-sex-doll","7":"product_cat-160cm-170cm-sex-dolls","8":"product_cat-26kg-30kg","9":"product_cat-asian-sex-doll","10":"product_cat-big-boobs-sex-doll","11":"product_cat-big-booty-sex-doll","12":"product_cat-fantasy-sex-dolls","13":"pa_brand-fire-doll","14":"tm-has-options","16":"first","17":"instock","18":"sale","19":"shipping-taxable","20":"purchasable","21":"product-type-simple"},"_links":{"self":[{"href":"https:\/\/zxdoll.com\/hu\/wp-json\/wp\/v2\/product\/42931","targetHints":{"allow":["GET"]}}],"collection":[{"href":"https:\/\/zxdoll.com\/hu\/wp-json\/wp\/v2\/product"}],"about":[{"href":"https:\/\/zxdoll.com\/hu\/wp-json\/wp\/v2\/types\/product"}],"replies":[{"embeddable":true,"href":"https:\/\/zxdoll.com\/hu\/wp-json\/wp\/v2\/comments?post=42931"}],"version-history":[{"count":1,"href":"https:\/\/zxdoll.com\/hu\/wp-json\/wp\/v2\/product\/42931\/revisions"}],"predecessor-version":[{"id":101602,"href":"https:\/\/zxdoll.com\/hu\/wp-json\/wp\/v2\/product\/42931\/revisions\/101602"}],"wp:featuredmedia":[{"embeddable":true,"href":"https:\/\/zxdoll.com\/hu\/wp-json\/wp\/v2\/media\/42950"}],"wp:attachment":[{"href":"https:\/\/zxdoll.com\/hu\/wp-json\/wp\/v2\/media?parent=42931"}],"wp:term":[{"taxonomy":"product_brand","embeddable":true,"href":"https:\/\/zxdoll.com\/hu\/wp-json\/wp\/v2\/product_brand?post=42931"},{"taxonomy":"product_cat","embeddable":true,"href":"https:\/\/zxdoll.com\/hu\/wp-json\/wp\/v2\/product_cat?post=42931"},{"taxonomy":"product_tag","embeddable":true,"href":"https:\/\/zxdoll.com\/hu\/wp-json\/wp\/v2\/product_tag?post=42931"}],"curies":[{"name":"wp","href":"https:\/\/api.w.org\/{rel}","templated":true}]}}