{"id":41924,"date":"2023-04-15T04:12:08","date_gmt":"2023-04-14T20:12:08","guid":{"rendered":"https:\/\/zxdoll.com\/?post_type=product&#038;p=41924"},"modified":"2025-09-10T01:07:26","modified_gmt":"2025-09-09T17:07:26","slug":"big-boobs-lifesize-skinny-love-dolls","status":"publish","type":"product","link":"https:\/\/zxdoll.com\/hu\/product\/big-boobs-lifesize-skinny-love-dolls\/","title":{"rendered":"Big Boobs Lifesize Skinny Love Dolls Laurice 156cm"},"content":{"rendered":"<h4><strong>Szexbaba k\u00e9pek<\/strong><\/h4>\n\t                <ul class=\"easy-image-gallery thumbnails-18 linked\">\r\n                    <li><a data-fancybox=\"gallery816\" href=\"https:\/\/zxdoll.com\/wp-content\/uploads\/2023\/04\/fuck-dolls-porn-8u5r4-533x800.jpg\" class=\"eig-popup\" title=\"\" data-caption=\"\" target=\"_blank\"><i class=\"icon-view\"><\/i><span class=\"overlay\"><\/span><img decoding=\"async\" width=\"150\" height=\"150\" src=\"https:\/\/zxdoll.com\/wp-content\/uploads\/2023\/04\/fuck-dolls-porn-8u5r4-150x150.jpg\" class=\"attachment-thumbnail size-thumbnail\" alt=\"\" title=\"\"><\/a><\/li><li><a data-fancybox=\"gallery816\" href=\"https:\/\/zxdoll.com\/wp-content\/uploads\/2023\/04\/fuck-dolls-porn-8u5r5-533x800.jpg\" class=\"eig-popup\" title=\"\" data-caption=\"\" target=\"_blank\"><i class=\"icon-view\"><\/i><span class=\"overlay\"><\/span><img decoding=\"async\" width=\"150\" height=\"150\" src=\"https:\/\/zxdoll.com\/wp-content\/uploads\/2023\/04\/fuck-dolls-porn-8u5r5-150x150.jpg\" class=\"attachment-thumbnail size-thumbnail\" alt=\"\" title=\"\"><\/a><\/li><li><a data-fancybox=\"gallery816\" href=\"https:\/\/zxdoll.com\/wp-content\/uploads\/2023\/04\/fuck-dolls-porn-8u5r7-533x800.jpg\" class=\"eig-popup\" title=\"\" data-caption=\"\" target=\"_blank\"><i class=\"icon-view\"><\/i><span class=\"overlay\"><\/span><img decoding=\"async\" width=\"150\" height=\"150\" src=\"https:\/\/zxdoll.com\/wp-content\/uploads\/2023\/04\/fuck-dolls-porn-8u5r7-150x150.jpg\" class=\"attachment-thumbnail size-thumbnail\" alt=\"\" title=\"\"><\/a><\/li><li><a data-fancybox=\"gallery816\" href=\"https:\/\/zxdoll.com\/wp-content\/uploads\/2023\/04\/fuck-dolls-porn-8u5r8-533x800.jpg\" class=\"eig-popup\" title=\"\" data-caption=\"\" target=\"_blank\"><i class=\"icon-view\"><\/i><span class=\"overlay\"><\/span><img loading=\"lazy\" decoding=\"async\" width=\"150\" height=\"150\" src=\"https:\/\/zxdoll.com\/wp-content\/uploads\/2023\/04\/fuck-dolls-porn-8u5r8-150x150.jpg\" class=\"attachment-thumbnail size-thumbnail\" alt=\"\" title=\"\"><\/a><\/li><li><a data-fancybox=\"gallery816\" href=\"https:\/\/zxdoll.com\/wp-content\/uploads\/2023\/04\/fuck-dolls-porn-8u5r9-533x800.jpg\" class=\"eig-popup\" title=\"\" data-caption=\"\" target=\"_blank\"><i class=\"icon-view\"><\/i><span class=\"overlay\"><\/span><img loading=\"lazy\" decoding=\"async\" width=\"150\" height=\"150\" src=\"https:\/\/zxdoll.com\/wp-content\/uploads\/2023\/04\/fuck-dolls-porn-8u5r9-150x150.jpg\" class=\"attachment-thumbnail size-thumbnail\" alt=\"\" title=\"\"><\/a><\/li><li><a data-fancybox=\"gallery816\" href=\"https:\/\/zxdoll.com\/wp-content\/uploads\/2023\/04\/fuck-dolls-porn-8u5r10-533x800.jpg\" class=\"eig-popup\" title=\"\" data-caption=\"\" target=\"_blank\"><i class=\"icon-view\"><\/i><span class=\"overlay\"><\/span><img loading=\"lazy\" decoding=\"async\" width=\"150\" height=\"150\" src=\"https:\/\/zxdoll.com\/wp-content\/uploads\/2023\/04\/fuck-dolls-porn-8u5r10-150x150.jpg\" class=\"attachment-thumbnail size-thumbnail\" alt=\"\" title=\"\"><\/a><\/li><li><a data-fancybox=\"gallery816\" href=\"https:\/\/zxdoll.com\/wp-content\/uploads\/2023\/04\/fuck-dolls-porn-8u5r11-533x800.jpg\" class=\"eig-popup\" title=\"\" data-caption=\"\" target=\"_blank\"><i class=\"icon-view\"><\/i><span class=\"overlay\"><\/span><img loading=\"lazy\" decoding=\"async\" width=\"150\" height=\"150\" src=\"https:\/\/zxdoll.com\/wp-content\/uploads\/2023\/04\/fuck-dolls-porn-8u5r11-150x150.jpg\" class=\"attachment-thumbnail size-thumbnail\" alt=\"\" title=\"\"><\/a><\/li><li><a data-fancybox=\"gallery816\" href=\"https:\/\/zxdoll.com\/wp-content\/uploads\/2023\/04\/fuck-dolls-porn-8u5r12-533x800.jpg\" class=\"eig-popup\" title=\"\" data-caption=\"\" target=\"_blank\"><i class=\"icon-view\"><\/i><span class=\"overlay\"><\/span><img loading=\"lazy\" decoding=\"async\" width=\"150\" height=\"150\" src=\"https:\/\/zxdoll.com\/wp-content\/uploads\/2023\/04\/fuck-dolls-porn-8u5r12-150x150.jpg\" class=\"attachment-thumbnail size-thumbnail\" alt=\"\" title=\"\"><\/a><\/li><li><a data-fancybox=\"gallery816\" href=\"https:\/\/zxdoll.com\/wp-content\/uploads\/2023\/04\/fuck-dolls-porn-8u5r13-533x800.jpg\" class=\"eig-popup\" title=\"\" data-caption=\"\" target=\"_blank\"><i class=\"icon-view\"><\/i><span class=\"overlay\"><\/span><img loading=\"lazy\" decoding=\"async\" width=\"150\" height=\"150\" src=\"https:\/\/zxdoll.com\/wp-content\/uploads\/2023\/04\/fuck-dolls-porn-8u5r13-150x150.jpg\" class=\"attachment-thumbnail size-thumbnail\" alt=\"\" title=\"\"><\/a><\/li><li><a data-fancybox=\"gallery816\" href=\"https:\/\/zxdoll.com\/wp-content\/uploads\/2023\/04\/fuck-dolls-porn-8u5r14-533x800.jpg\" class=\"eig-popup\" title=\"\" data-caption=\"\" target=\"_blank\"><i class=\"icon-view\"><\/i><span class=\"overlay\"><\/span><img loading=\"lazy\" decoding=\"async\" width=\"150\" height=\"150\" src=\"https:\/\/zxdoll.com\/wp-content\/uploads\/2023\/04\/fuck-dolls-porn-8u5r14-150x150.jpg\" class=\"attachment-thumbnail size-thumbnail\" alt=\"\" title=\"\"><\/a><\/li><li><a data-fancybox=\"gallery816\" href=\"https:\/\/zxdoll.com\/wp-content\/uploads\/2023\/04\/fuck-dolls-porn-8u5r15-533x800.jpg\" class=\"eig-popup\" title=\"\" data-caption=\"\" target=\"_blank\"><i class=\"icon-view\"><\/i><span class=\"overlay\"><\/span><img loading=\"lazy\" decoding=\"async\" width=\"150\" height=\"150\" src=\"https:\/\/zxdoll.com\/wp-content\/uploads\/2023\/04\/fuck-dolls-porn-8u5r15-150x150.jpg\" class=\"attachment-thumbnail size-thumbnail\" alt=\"\" title=\"\"><\/a><\/li><li><a data-fancybox=\"gallery816\" href=\"https:\/\/zxdoll.com\/wp-content\/uploads\/2023\/04\/fuck-dolls-porn-8u5r16-533x800.jpg\" class=\"eig-popup\" title=\"\" data-caption=\"\" target=\"_blank\"><i class=\"icon-view\"><\/i><span class=\"overlay\"><\/span><img loading=\"lazy\" decoding=\"async\" width=\"150\" height=\"150\" src=\"https:\/\/zxdoll.com\/wp-content\/uploads\/2023\/04\/fuck-dolls-porn-8u5r16-150x150.jpg\" class=\"attachment-thumbnail size-thumbnail\" alt=\"\" title=\"\"><\/a><\/li><li><a data-fancybox=\"gallery816\" href=\"https:\/\/zxdoll.com\/wp-content\/uploads\/2023\/04\/fuck-dolls-porn-8u5r17-533x800.jpg\" class=\"eig-popup\" title=\"\" data-caption=\"\" target=\"_blank\"><i class=\"icon-view\"><\/i><span class=\"overlay\"><\/span><img loading=\"lazy\" decoding=\"async\" width=\"150\" height=\"150\" src=\"https:\/\/zxdoll.com\/wp-content\/uploads\/2023\/04\/fuck-dolls-porn-8u5r17-150x150.jpg\" class=\"attachment-thumbnail size-thumbnail\" alt=\"\" title=\"\"><\/a><\/li><li><a data-fancybox=\"gallery816\" href=\"https:\/\/zxdoll.com\/wp-content\/uploads\/2023\/04\/fuck-dolls-porn-8u5r18-533x800.jpg\" class=\"eig-popup\" title=\"\" data-caption=\"\" target=\"_blank\"><i class=\"icon-view\"><\/i><span class=\"overlay\"><\/span><img loading=\"lazy\" decoding=\"async\" width=\"150\" height=\"150\" src=\"https:\/\/zxdoll.com\/wp-content\/uploads\/2023\/04\/fuck-dolls-porn-8u5r18-150x150.jpg\" class=\"attachment-thumbnail size-thumbnail\" alt=\"\" title=\"\"><\/a><\/li><li><a data-fancybox=\"gallery816\" href=\"https:\/\/zxdoll.com\/wp-content\/uploads\/2023\/04\/fuck-dolls-porn-8u5r19-533x800.jpg\" class=\"eig-popup\" title=\"\" data-caption=\"\" target=\"_blank\"><i class=\"icon-view\"><\/i><span class=\"overlay\"><\/span><img loading=\"lazy\" decoding=\"async\" width=\"150\" height=\"150\" src=\"https:\/\/zxdoll.com\/wp-content\/uploads\/2023\/04\/fuck-dolls-porn-8u5r19-150x150.jpg\" class=\"attachment-thumbnail size-thumbnail\" alt=\"\" title=\"\"><\/a><\/li><li><a data-fancybox=\"gallery816\" href=\"https:\/\/zxdoll.com\/wp-content\/uploads\/2023\/04\/fuck-dolls-porn-8u5r20-533x800.jpg\" class=\"eig-popup\" title=\"\" data-caption=\"\" target=\"_blank\"><i class=\"icon-view\"><\/i><span class=\"overlay\"><\/span><img loading=\"lazy\" decoding=\"async\" width=\"150\" height=\"150\" src=\"https:\/\/zxdoll.com\/wp-content\/uploads\/2023\/04\/fuck-dolls-porn-8u5r20-150x150.jpg\" class=\"attachment-thumbnail size-thumbnail\" alt=\"\" title=\"\"><\/a><\/li><li><a data-fancybox=\"gallery816\" href=\"https:\/\/zxdoll.com\/wp-content\/uploads\/2023\/04\/fuck-dolls-porn-8u5r21-533x800.jpg\" class=\"eig-popup\" title=\"\" data-caption=\"\" target=\"_blank\"><i class=\"icon-view\"><\/i><span class=\"overlay\"><\/span><img loading=\"lazy\" decoding=\"async\" width=\"150\" height=\"150\" src=\"https:\/\/zxdoll.com\/wp-content\/uploads\/2023\/04\/fuck-dolls-porn-8u5r21-150x150.jpg\" class=\"attachment-thumbnail size-thumbnail\" alt=\"\" title=\"\"><\/a><\/li><li><a data-fancybox=\"gallery816\" href=\"https:\/\/zxdoll.com\/wp-content\/uploads\/2023\/04\/fuck-dolls-porn-8u5r22-533x800.jpg\" class=\"eig-popup\" title=\"\" data-caption=\"\" target=\"_blank\"><i class=\"icon-view\"><\/i><span class=\"overlay\"><\/span><img loading=\"lazy\" decoding=\"async\" width=\"150\" height=\"150\" src=\"https:\/\/zxdoll.com\/wp-content\/uploads\/2023\/04\/fuck-dolls-porn-8u5r22-150x150.jpg\" class=\"attachment-thumbnail size-thumbnail\" alt=\"\" title=\"\"><\/a><\/li><\/ul>\n<h4>M\u00e9rett\u00e1bl\u00e1zatok<\/h4>\n<table width=\"292\">\n<tbody>\n<tr>\n<td width=\"153\">Anyag<\/td>\n<td width=\"139\">TPE<\/td>\n<\/tr>\n<tr>\n<td>Magass\u00e1g<\/td>\n<td>156 cm<\/td>\n<\/tr>\n<tr>\n<td>Breast Line<\/td>\n<td>95 cm<\/td>\n<\/tr>\n<tr>\n<td>Der\u00e9kvonal<\/td>\n<td>54,5 cm<\/td>\n<\/tr>\n<tr>\n<td>Hip Line<\/td>\n<td>96,5 cm<\/td>\n<\/tr>\n<tr>\n<td>V\u00e1llsz\u00e9less\u00e9g<\/td>\n<td>31 cm<\/td>\n<\/tr>\n<tr>\n<td>Kar hossz\u00fas\u00e1g<\/td>\n<td>62 cm<\/td>\n<\/tr>\n<tr>\n<td>L\u00e1b hossz<\/td>\n<td>92 cm<\/td>\n<\/tr>\n<tr>\n<td>L\u00e1bm\u00e9ret<\/td>\n<td>22 cm<\/td>\n<\/tr>\n<tr>\n<td>Comb vonal<\/td>\n<td>53 cm<\/td>\n<\/tr>\n<tr>\n<td>Borj\u00fa vonal<\/td>\n<td>53 cm<\/td>\n<\/tr>\n<tr>\n<td>Nett\u00f3 t\u00f6meg<\/td>\n<td>40,5 kg<\/td>\n<\/tr>\n<tr>\n<td>Or\u00e1lis m\u00e9lys\u00e9g<\/td>\n<td>13 cm<\/td>\n<\/tr>\n<tr>\n<td>H\u00fcvelym\u00e9lys\u00e9g<\/td>\n<td>18 cm<\/td>\n<\/tr>\n<tr>\n<td>An\u00e1lis m\u00e9lys\u00e9g<\/td>\n<td>16 cm<\/td>\n<\/tr>\n<\/tbody>\n<\/table>\n<h4>A szexbab\u00e1r\u00f3l<\/h4>\n<p>Mit mondanak arr\u00f3l, hogy a sz\u0151k\u00e9k a legjobban sz\u00f3rakoznak? Ilyen hazugs\u00e1g. N\u00e9zze csak meg fekete haj\u00fa, \u00e9letnagys\u00e1g\u00fa igazi szexbab\u00e1nkat! \u00c9les \u00e1zsiai von\u00e1saival ez a TPE baba j\u00e1zmin szexbab\u00e1nak is nevezhet\u0151.<\/p>\n<p>Csinos mandulaszemek \u00e9les v\u00f6r\u00f6sben, hegyes orr \u00e9s aranyos kis ajkak. Ha szereted a v\u00e9kony szerelmes bab\u00e1kat, ez a k\u00ednai szexbaba val\u00f3sz\u00edn\u0171leg az egyik legszexisebb keleti sz\u00e1rmaz\u00e1s\u00fa szerelmes baba. Sok elad\u00f3 nagy mell\u0171 baba szerepelt a teel sex doll porn\u00f3ban. Ha szexbab\u00e1kkal k\u00e9sz\u00fclt vide\u00f3kat keres k\u00ednai szexbab\u00e1kkal, sok olyan vide\u00f3t fog tal\u00e1lni, amelyekben a mostanihoz hasonl\u00f3 bab\u00e1k val\u00f3di szexbab\u00e1k porn\u00f3j\u00e1ban vesznek r\u00e9szt.<\/p>\n<p>A TPE bab\u00e1k a legjobb v\u00e1laszt\u00e1s azok sz\u00e1m\u00e1ra, akik szeretik a legrealisztikusabb \u00e9rz\u00e9seket \u00e1t\u00e9lni. Rugalmas b\u0151r\u00fck van, sim\u00e1k \u00e9s puh\u00e1k, kellemes a k\u00f6z\u00f6s\u00fcl\u00e9s\u00fck. Term\u00e9szetesen por\u00f3zusak \u00e9s nem v\u00edz\u00e1ll\u00f3ak, de nem fogod megb\u00e1nni, hogy szerelmes babak\u00e9nt haszn\u00e1lod ezt az \u00e9letet.<\/p>\n<p>Tudja, mit \u00e9s hogyan kell csin\u00e1lni, r\u00e1ad\u00e1sul k\u00f6nnyen hozz\u00e1f\u00e9rhet. Aranyos melltart\u00f3ja \u00e9s szexbaba jelmezei nagyon k\u00f6nnyen levehet\u0151k.<\/p>\n<p>Tartozik hozz\u00e1 egy doboz is a szexbab\u00e1k egyszer\u0171 t\u00e1rol\u00e1s\u00e1ra, hogy elker\u00fclje a s\u00e9r\u00fcl\u00e9seket \u00e9s meg\u0151rizze az eltarthat\u00f3s\u00e1g\u00e1t.<\/p>","protected":false},"excerpt":{"rendered":"<p>Szexbaba k\u00e9pek M\u00e9rett\u00e1bl\u00e1zat Anyag TPE magass\u00e1g 156 cm mellvonal 95 cm der\u00e9kvonal 54,5 cm cs\u00edp\u0151vonal 96,5 cm v\u00e1ll sz\u00e9less\u00e9g<\/p>","protected":false},"featured_media":41925,"comment_status":"open","ping_status":"closed","template":"","meta":[],"product_brand":[],"product_cat":[119,112,230,77,116,115,102],"product_tag":[],"class_list":{"0":"post-41924","1":"product","2":"type-product","3":"status-publish","4":"has-post-thumbnail","6":"product_cat-tpe-sex-doll","7":"product_cat-150cm-159cm-sex-dolls","8":"product_cat-36kg-40kg","9":"product_cat-bbw-sex-doll","10":"product_cat-big-boobs-sex-doll","11":"product_cat-big-booty-sex-doll","12":"product_cat-fantasy-sex-dolls","13":"pa_brand-fire-doll","14":"tm-has-options","16":"first","17":"instock","18":"sale","19":"shipping-taxable","20":"purchasable","21":"product-type-simple"},"_links":{"self":[{"href":"https:\/\/zxdoll.com\/hu\/wp-json\/wp\/v2\/product\/41924","targetHints":{"allow":["GET"]}}],"collection":[{"href":"https:\/\/zxdoll.com\/hu\/wp-json\/wp\/v2\/product"}],"about":[{"href":"https:\/\/zxdoll.com\/hu\/wp-json\/wp\/v2\/types\/product"}],"replies":[{"embeddable":true,"href":"https:\/\/zxdoll.com\/hu\/wp-json\/wp\/v2\/comments?post=41924"}],"version-history":[{"count":2,"href":"https:\/\/zxdoll.com\/hu\/wp-json\/wp\/v2\/product\/41924\/revisions"}],"predecessor-version":[{"id":155409,"href":"https:\/\/zxdoll.com\/hu\/wp-json\/wp\/v2\/product\/41924\/revisions\/155409"}],"wp:featuredmedia":[{"embeddable":true,"href":"https:\/\/zxdoll.com\/hu\/wp-json\/wp\/v2\/media\/41925"}],"wp:attachment":[{"href":"https:\/\/zxdoll.com\/hu\/wp-json\/wp\/v2\/media?parent=41924"}],"wp:term":[{"taxonomy":"product_brand","embeddable":true,"href":"https:\/\/zxdoll.com\/hu\/wp-json\/wp\/v2\/product_brand?post=41924"},{"taxonomy":"product_cat","embeddable":true,"href":"https:\/\/zxdoll.com\/hu\/wp-json\/wp\/v2\/product_cat?post=41924"},{"taxonomy":"product_tag","embeddable":true,"href":"https:\/\/zxdoll.com\/hu\/wp-json\/wp\/v2\/product_tag?post=41924"}],"curies":[{"name":"wp","href":"https:\/\/api.w.org\/{rel}","templated":true}]}}