{"id":40975,"date":"2023-04-14T02:40:41","date_gmt":"2023-04-13T18:40:41","guid":{"rendered":"https:\/\/zxdoll.com\/?post_type=product&#038;p=40975"},"modified":"2025-09-08T03:13:37","modified_gmt":"2025-09-07T19:13:37","slug":"beautiful-adult-female-fucking-sex-doll","status":"publish","type":"product","link":"https:\/\/zxdoll.com\/hu\/product\/beautiful-adult-female-fucking-sex-doll\/","title":{"rendered":"Gy\u00f6ny\u00f6r\u0171 feln\u0151tt n\u0151i kibaszott szexbaba Dorla 168 cm"},"content":{"rendered":"<h4><strong>Szexbaba k\u00e9pek<\/strong><\/h4>\n\t                <ul class=\"easy-image-gallery thumbnails-25 linked\">\r\n                    <li><a data-fancybox=\"gallery748\" href=\"https:\/\/zxdoll.com\/wp-content\/uploads\/2023\/04\/weird-sex-dolls-5u6f2.jpg\" class=\"eig-popup\" title=\"\" data-caption=\"\" target=\"_blank\"><i class=\"icon-view\"><\/i><span class=\"overlay\"><\/span><img decoding=\"async\" width=\"150\" height=\"150\" src=\"https:\/\/zxdoll.com\/wp-content\/uploads\/2023\/04\/weird-sex-dolls-5u6f2-150x150.jpg\" class=\"attachment-thumbnail size-thumbnail\" alt=\"\" title=\"\"><\/a><\/li><li><a data-fancybox=\"gallery748\" href=\"https:\/\/zxdoll.com\/wp-content\/uploads\/2023\/04\/weird-sex-dolls-5u6f3.jpg\" class=\"eig-popup\" title=\"\" data-caption=\"\" target=\"_blank\"><i class=\"icon-view\"><\/i><span class=\"overlay\"><\/span><img decoding=\"async\" width=\"150\" height=\"150\" src=\"https:\/\/zxdoll.com\/wp-content\/uploads\/2023\/04\/weird-sex-dolls-5u6f3-150x150.jpg\" class=\"attachment-thumbnail size-thumbnail\" alt=\"\" title=\"\"><\/a><\/li><li><a data-fancybox=\"gallery748\" href=\"https:\/\/zxdoll.com\/wp-content\/uploads\/2023\/04\/weird-sex-dolls-5u6f4.jpg\" class=\"eig-popup\" title=\"\" data-caption=\"\" target=\"_blank\"><i class=\"icon-view\"><\/i><span class=\"overlay\"><\/span><img decoding=\"async\" width=\"150\" height=\"150\" src=\"https:\/\/zxdoll.com\/wp-content\/uploads\/2023\/04\/weird-sex-dolls-5u6f4-150x150.jpg\" class=\"attachment-thumbnail size-thumbnail\" alt=\"\" title=\"\"><\/a><\/li><li><a data-fancybox=\"gallery748\" href=\"https:\/\/zxdoll.com\/wp-content\/uploads\/2023\/04\/weird-sex-dolls-5u6f12-533x800.jpg\" class=\"eig-popup\" title=\"\" data-caption=\"\" target=\"_blank\"><i class=\"icon-view\"><\/i><span class=\"overlay\"><\/span><img loading=\"lazy\" decoding=\"async\" width=\"150\" height=\"150\" src=\"https:\/\/zxdoll.com\/wp-content\/uploads\/2023\/04\/weird-sex-dolls-5u6f12-150x150.jpg\" class=\"attachment-thumbnail size-thumbnail\" alt=\"\" title=\"\"><\/a><\/li><li><a data-fancybox=\"gallery748\" href=\"https:\/\/zxdoll.com\/wp-content\/uploads\/2023\/04\/weird-sex-dolls-5u6f14-533x800.jpg\" class=\"eig-popup\" title=\"\" data-caption=\"\" target=\"_blank\"><i class=\"icon-view\"><\/i><span class=\"overlay\"><\/span><img loading=\"lazy\" decoding=\"async\" width=\"150\" height=\"150\" src=\"https:\/\/zxdoll.com\/wp-content\/uploads\/2023\/04\/weird-sex-dolls-5u6f14-150x150.jpg\" class=\"attachment-thumbnail size-thumbnail\" alt=\"\" title=\"\"><\/a><\/li><li><a data-fancybox=\"gallery748\" href=\"https:\/\/zxdoll.com\/wp-content\/uploads\/2023\/04\/weird-sex-dolls-5u6f18-533x800.jpg\" class=\"eig-popup\" title=\"\" data-caption=\"\" target=\"_blank\"><i class=\"icon-view\"><\/i><span class=\"overlay\"><\/span><img loading=\"lazy\" decoding=\"async\" width=\"150\" height=\"150\" src=\"https:\/\/zxdoll.com\/wp-content\/uploads\/2023\/04\/weird-sex-dolls-5u6f18-150x150.jpg\" class=\"attachment-thumbnail size-thumbnail\" alt=\"\" title=\"\"><\/a><\/li><li><a data-fancybox=\"gallery748\" href=\"https:\/\/zxdoll.com\/wp-content\/uploads\/2023\/04\/weird-sex-dolls-5u6f20-533x800.jpg\" class=\"eig-popup\" title=\"\" data-caption=\"\" target=\"_blank\"><i class=\"icon-view\"><\/i><span class=\"overlay\"><\/span><img loading=\"lazy\" decoding=\"async\" width=\"150\" height=\"150\" src=\"https:\/\/zxdoll.com\/wp-content\/uploads\/2023\/04\/weird-sex-dolls-5u6f20-150x150.jpg\" class=\"attachment-thumbnail size-thumbnail\" alt=\"\" title=\"\"><\/a><\/li><li><a data-fancybox=\"gallery748\" href=\"https:\/\/zxdoll.com\/wp-content\/uploads\/2023\/04\/weird-sex-dolls-5u6f21-533x800.jpg\" class=\"eig-popup\" title=\"\" data-caption=\"\" target=\"_blank\"><i class=\"icon-view\"><\/i><span class=\"overlay\"><\/span><img loading=\"lazy\" decoding=\"async\" width=\"150\" height=\"150\" src=\"https:\/\/zxdoll.com\/wp-content\/uploads\/2023\/04\/weird-sex-dolls-5u6f21-150x150.jpg\" class=\"attachment-thumbnail size-thumbnail\" alt=\"\" title=\"\"><\/a><\/li><li><a data-fancybox=\"gallery748\" href=\"https:\/\/zxdoll.com\/wp-content\/uploads\/2023\/04\/weird-sex-dolls-5u6f22-533x800.jpg\" class=\"eig-popup\" title=\"\" data-caption=\"\" target=\"_blank\"><i class=\"icon-view\"><\/i><span class=\"overlay\"><\/span><img loading=\"lazy\" decoding=\"async\" width=\"150\" height=\"150\" src=\"https:\/\/zxdoll.com\/wp-content\/uploads\/2023\/04\/weird-sex-dolls-5u6f22-150x150.jpg\" class=\"attachment-thumbnail size-thumbnail\" alt=\"\" title=\"\"><\/a><\/li><li><a data-fancybox=\"gallery748\" href=\"https:\/\/zxdoll.com\/wp-content\/uploads\/2023\/04\/weird-sex-dolls-5u6f23.jpg\" class=\"eig-popup\" title=\"\" data-caption=\"\" target=\"_blank\"><i class=\"icon-view\"><\/i><span class=\"overlay\"><\/span><img loading=\"lazy\" decoding=\"async\" width=\"150\" height=\"150\" src=\"https:\/\/zxdoll.com\/wp-content\/uploads\/2023\/04\/weird-sex-dolls-5u6f23-150x150.jpg\" class=\"attachment-thumbnail size-thumbnail\" alt=\"\" title=\"\"><\/a><\/li><li><a data-fancybox=\"gallery748\" href=\"https:\/\/zxdoll.com\/wp-content\/uploads\/2023\/04\/weird-sex-dolls-5u6f24-533x800.jpg\" class=\"eig-popup\" title=\"\" data-caption=\"\" target=\"_blank\"><i class=\"icon-view\"><\/i><span class=\"overlay\"><\/span><img loading=\"lazy\" decoding=\"async\" width=\"150\" height=\"150\" src=\"https:\/\/zxdoll.com\/wp-content\/uploads\/2023\/04\/weird-sex-dolls-5u6f24-150x150.jpg\" class=\"attachment-thumbnail size-thumbnail\" alt=\"\" title=\"\"><\/a><\/li><li><a data-fancybox=\"gallery748\" href=\"https:\/\/zxdoll.com\/wp-content\/uploads\/2023\/04\/weird-sex-dolls-5u6f25.jpg\" class=\"eig-popup\" title=\"\" data-caption=\"\" target=\"_blank\"><i class=\"icon-view\"><\/i><span class=\"overlay\"><\/span><img loading=\"lazy\" decoding=\"async\" width=\"150\" height=\"150\" src=\"https:\/\/zxdoll.com\/wp-content\/uploads\/2023\/04\/weird-sex-dolls-5u6f25-150x150.jpg\" class=\"attachment-thumbnail size-thumbnail\" alt=\"\" title=\"\"><\/a><\/li><li><a data-fancybox=\"gallery748\" href=\"https:\/\/zxdoll.com\/wp-content\/uploads\/2023\/04\/weird-sex-dolls-5u6f30-533x800.jpg\" class=\"eig-popup\" title=\"\" data-caption=\"\" target=\"_blank\"><i class=\"icon-view\"><\/i><span class=\"overlay\"><\/span><img loading=\"lazy\" decoding=\"async\" width=\"150\" height=\"150\" src=\"https:\/\/zxdoll.com\/wp-content\/uploads\/2023\/04\/weird-sex-dolls-5u6f30-150x150.jpg\" class=\"attachment-thumbnail size-thumbnail\" alt=\"\" title=\"\"><\/a><\/li><li><a data-fancybox=\"gallery748\" href=\"https:\/\/zxdoll.com\/wp-content\/uploads\/2023\/04\/weird-sex-dolls-5u6f31-533x800.jpg\" class=\"eig-popup\" title=\"\" data-caption=\"\" target=\"_blank\"><i class=\"icon-view\"><\/i><span class=\"overlay\"><\/span><img loading=\"lazy\" decoding=\"async\" width=\"150\" height=\"150\" src=\"https:\/\/zxdoll.com\/wp-content\/uploads\/2023\/04\/weird-sex-dolls-5u6f31-150x150.jpg\" class=\"attachment-thumbnail size-thumbnail\" alt=\"\" title=\"\"><\/a><\/li><li><a data-fancybox=\"gallery748\" href=\"https:\/\/zxdoll.com\/wp-content\/uploads\/2023\/04\/weird-sex-dolls-5u6f32-533x800.jpg\" class=\"eig-popup\" title=\"\" data-caption=\"\" target=\"_blank\"><i class=\"icon-view\"><\/i><span class=\"overlay\"><\/span><img loading=\"lazy\" decoding=\"async\" width=\"150\" height=\"150\" src=\"https:\/\/zxdoll.com\/wp-content\/uploads\/2023\/04\/weird-sex-dolls-5u6f32-150x150.jpg\" class=\"attachment-thumbnail size-thumbnail\" alt=\"\" title=\"\"><\/a><\/li><li><a data-fancybox=\"gallery748\" href=\"https:\/\/zxdoll.com\/wp-content\/uploads\/2023\/04\/weird-sex-dolls-5u6f33.jpg\" class=\"eig-popup\" title=\"\" data-caption=\"\" target=\"_blank\"><i class=\"icon-view\"><\/i><span class=\"overlay\"><\/span><img loading=\"lazy\" decoding=\"async\" width=\"150\" height=\"150\" src=\"https:\/\/zxdoll.com\/wp-content\/uploads\/2023\/04\/weird-sex-dolls-5u6f33-150x150.jpg\" class=\"attachment-thumbnail size-thumbnail\" alt=\"\" title=\"\"><\/a><\/li><li><a data-fancybox=\"gallery748\" href=\"https:\/\/zxdoll.com\/wp-content\/uploads\/2023\/04\/weird-sex-dolls-5u6f34.jpg\" class=\"eig-popup\" title=\"\" data-caption=\"\" target=\"_blank\"><i class=\"icon-view\"><\/i><span class=\"overlay\"><\/span><img loading=\"lazy\" decoding=\"async\" width=\"150\" height=\"150\" src=\"https:\/\/zxdoll.com\/wp-content\/uploads\/2023\/04\/weird-sex-dolls-5u6f34-150x150.jpg\" class=\"attachment-thumbnail size-thumbnail\" alt=\"\" title=\"\"><\/a><\/li><li><a data-fancybox=\"gallery748\" href=\"https:\/\/zxdoll.com\/wp-content\/uploads\/2023\/04\/weird-sex-dolls-5u6f35.jpg\" class=\"eig-popup\" title=\"\" data-caption=\"\" target=\"_blank\"><i class=\"icon-view\"><\/i><span class=\"overlay\"><\/span><img loading=\"lazy\" decoding=\"async\" width=\"150\" height=\"150\" src=\"https:\/\/zxdoll.com\/wp-content\/uploads\/2023\/04\/weird-sex-dolls-5u6f35-150x150.jpg\" class=\"attachment-thumbnail size-thumbnail\" alt=\"\" title=\"\"><\/a><\/li><li><a data-fancybox=\"gallery748\" href=\"https:\/\/zxdoll.com\/wp-content\/uploads\/2023\/04\/weird-sex-dolls-5u6f36.jpg\" class=\"eig-popup\" title=\"\" data-caption=\"\" target=\"_blank\"><i class=\"icon-view\"><\/i><span class=\"overlay\"><\/span><img loading=\"lazy\" decoding=\"async\" width=\"150\" height=\"150\" src=\"https:\/\/zxdoll.com\/wp-content\/uploads\/2023\/04\/weird-sex-dolls-5u6f36-150x150.jpg\" class=\"attachment-thumbnail size-thumbnail\" alt=\"\" title=\"\"><\/a><\/li><li><a data-fancybox=\"gallery748\" href=\"https:\/\/zxdoll.com\/wp-content\/uploads\/2023\/04\/weird-sex-dolls-5u6f37.jpg\" class=\"eig-popup\" title=\"\" data-caption=\"\" target=\"_blank\"><i class=\"icon-view\"><\/i><span class=\"overlay\"><\/span><img loading=\"lazy\" decoding=\"async\" width=\"150\" height=\"150\" src=\"https:\/\/zxdoll.com\/wp-content\/uploads\/2023\/04\/weird-sex-dolls-5u6f37-150x150.jpg\" class=\"attachment-thumbnail size-thumbnail\" alt=\"\" title=\"\"><\/a><\/li><li><a data-fancybox=\"gallery748\" href=\"https:\/\/zxdoll.com\/wp-content\/uploads\/2023\/04\/weird-sex-dolls-5u6f39.jpg\" class=\"eig-popup\" title=\"\" data-caption=\"\" target=\"_blank\"><i class=\"icon-view\"><\/i><span class=\"overlay\"><\/span><img loading=\"lazy\" decoding=\"async\" width=\"150\" height=\"150\" src=\"https:\/\/zxdoll.com\/wp-content\/uploads\/2023\/04\/weird-sex-dolls-5u6f39-150x150.jpg\" class=\"attachment-thumbnail size-thumbnail\" alt=\"\" title=\"\"><\/a><\/li><li><a data-fancybox=\"gallery748\" href=\"https:\/\/zxdoll.com\/wp-content\/uploads\/2023\/04\/weird-sex-dolls-5u6f40.jpg\" class=\"eig-popup\" title=\"\" data-caption=\"\" target=\"_blank\"><i class=\"icon-view\"><\/i><span class=\"overlay\"><\/span><img loading=\"lazy\" decoding=\"async\" width=\"150\" height=\"150\" src=\"https:\/\/zxdoll.com\/wp-content\/uploads\/2023\/04\/weird-sex-dolls-5u6f40-150x150.jpg\" class=\"attachment-thumbnail size-thumbnail\" alt=\"\" title=\"\"><\/a><\/li><li><a data-fancybox=\"gallery748\" href=\"https:\/\/zxdoll.com\/wp-content\/uploads\/2023\/04\/weird-sex-dolls-5u6f42.jpg\" class=\"eig-popup\" title=\"\" data-caption=\"\" target=\"_blank\"><i class=\"icon-view\"><\/i><span class=\"overlay\"><\/span><img loading=\"lazy\" decoding=\"async\" width=\"150\" height=\"150\" src=\"https:\/\/zxdoll.com\/wp-content\/uploads\/2023\/04\/weird-sex-dolls-5u6f42-150x150.jpg\" class=\"attachment-thumbnail size-thumbnail\" alt=\"\" title=\"\"><\/a><\/li><li><a data-fancybox=\"gallery748\" href=\"https:\/\/zxdoll.com\/wp-content\/uploads\/2023\/04\/weird-sex-dolls-5u6f43.jpg\" class=\"eig-popup\" title=\"\" data-caption=\"\" target=\"_blank\"><i class=\"icon-view\"><\/i><span class=\"overlay\"><\/span><img loading=\"lazy\" decoding=\"async\" width=\"150\" height=\"150\" src=\"https:\/\/zxdoll.com\/wp-content\/uploads\/2023\/04\/weird-sex-dolls-5u6f43-150x150.jpg\" class=\"attachment-thumbnail size-thumbnail\" alt=\"\" title=\"\"><\/a><\/li><li><a data-fancybox=\"gallery748\" href=\"https:\/\/zxdoll.com\/wp-content\/uploads\/2023\/04\/weird-sex-dolls-5u6f46-533x800.jpg\" class=\"eig-popup\" title=\"\" data-caption=\"\" target=\"_blank\"><i class=\"icon-view\"><\/i><span class=\"overlay\"><\/span><img loading=\"lazy\" decoding=\"async\" width=\"150\" height=\"150\" src=\"https:\/\/zxdoll.com\/wp-content\/uploads\/2023\/04\/weird-sex-dolls-5u6f46-150x150.jpg\" class=\"attachment-thumbnail size-thumbnail\" alt=\"\" title=\"\"><\/a><\/li><\/ul>\n<h4>M\u00e9rett\u00e1bl\u00e1zatok<\/h4>\n<table width=\"269\">\n<tbody>\n<tr>\n<td width=\"130\">Anyag<\/td>\n<td width=\"139\">TPE<\/td>\n<\/tr>\n<tr>\n<td>Magass\u00e1g<\/td>\n<td>168 cm<\/td>\n<\/tr>\n<tr>\n<td>Breast Line<\/td>\n<td>93 cm<\/td>\n<\/tr>\n<tr>\n<td>Der\u00e9kvonal<\/td>\n<td>56 cm<\/td>\n<\/tr>\n<tr>\n<td>Hip Line<\/td>\n<td>89 cm<\/td>\n<\/tr>\n<tr>\n<td>V\u00e1llsz\u00e9less\u00e9g<\/td>\n<td>36 cm<\/td>\n<\/tr>\n<tr>\n<td>L\u00e1b hossz<\/td>\n<td>88 cm<\/td>\n<\/tr>\n<tr>\n<td>Kar hossz\u00fas\u00e1g<\/td>\n<td>63 cm<\/td>\n<\/tr>\n<tr>\n<td>Comb vonal<\/td>\n<td>45 cm<\/td>\n<\/tr>\n<tr>\n<td>Borj\u00fa vonal<\/td>\n<td>30 cm<\/td>\n<\/tr>\n<tr>\n<td>L\u00e1bm\u00e9ret<\/td>\n<td>21 cm<\/td>\n<\/tr>\n<tr>\n<td>Nett\u00f3 t\u00f6meg<\/td>\n<td>39 kg<\/td>\n<\/tr>\n<tr>\n<td>Or\u00e1lis m\u00e9lys\u00e9g<\/td>\n<td>13 cm<\/td>\n<\/tr>\n<tr>\n<td>H\u00fcvelym\u00e9lys\u00e9g<\/td>\n<td>18 cm<\/td>\n<\/tr>\n<tr>\n<td>An\u00e1lis m\u00e9lys\u00e9g<\/td>\n<td>16 cm<\/td>\n<\/tr>\n<\/tbody>\n<\/table>\n<h4>A szexbab\u00e1r\u00f3l<\/h4>\n<p>A feln\u0151tt szexbab\u00e1t el\u0151sz\u00f6r \u00e9vekkel ezel\u0151tt mutatt\u00e1k be, \u00e9s sok id\u0151be telt, mire az emberek elkezdt\u00e9k haszn\u00e1lni. Eleinte sokan t\u00fal fiatalnak tartott\u00e1k, m\u00edg m\u00e1sok naivnak \u00e9rezt\u00e9k. \u00c9vek teltek el, \u00e9s rengeteg fejleszt\u00e9s t\u00f6rt\u00e9nt; most az \u00e9letnagys\u00e1g\u00fa igazi szexbab\u00e1nk egy Bossz\u00fa\u00e1ll\u00f3 baba; annyi potenci\u00e1l van benne, \u00e9s szuperereje abban rejlik, hogy szexu\u00e1lisan akt\u00edvv\u00e1 tesz, \u00e9s k\u00e9nyelmesen \u00e9rezheti mag\u00e1t a szerelmesked\u00e9s sor\u00e1n. Ez a baba nem v\u00e9letlenszer\u0171 baba; \u0151 egy s\u00f6t\u00e9t haj\u00fa baba, \u00e9s hossz\u00fa, s\u00f6t\u00e9t, selymes haj\u00e1val j\u00f6n, ami nem gabalyodik \u00f6ssze. Amikor kicsomagolja a bab\u00e1t, meg fog lep\u0151dni a l\u00e1tottakon; a mi bab\u00e1nk meg\u00e9rdemli, hogy gy\u00f6ny\u00f6r\u0171en n\u00e9zzen ki, \u00edgy beszerezheti a baba szempill\u00e1j\u00e1t, amely szebb\u00e9 \u00e9s eszt\u00e9tikusabb\u00e1 teszi a megjelen\u00e9s\u00e9t. Norm\u00e1lis, hogy egy sr\u00e1c szexbab\u00e1val szexel, \u00e9s ha m\u00e9g nem pr\u00f3b\u00e1ltad ki, akkor sok sz\u00f3rakoz\u00e1sr\u00f3l maradsz le. Az els\u0151 l\u00e9p\u00e9s, hogy el\u00e9rd, amit akarsz, hogy tegy\u00e9l egy l\u00e9p\u00e9st. Tegyen egy l\u00e9p\u00e9st m\u00e9g ma, \u00e9s teljes\u00edtse k\u00edv\u00e1ns\u00e1gait.<\/p>","protected":false},"excerpt":{"rendered":"<p>Szexbaba k\u00e9pek M\u00e9rett\u00e1bl\u00e1zat Anyag TPE magass\u00e1g 168 cm mellvonal 93 cm der\u00e9kvonal 56 cm cs\u00edp\u0151vonal 89 cm v\u00e1ll sz\u00e9less\u00e9g<\/p>","protected":false},"featured_media":40976,"comment_status":"open","ping_status":"closed","template":"","meta":[],"product_brand":[],"product_cat":[119,75,230,116,101,107],"product_tag":[],"class_list":{"0":"post-40975","1":"product","2":"type-product","3":"status-publish","4":"has-post-thumbnail","6":"product_cat-tpe-sex-doll","7":"product_cat-160cm-170cm-sex-dolls","8":"product_cat-36kg-40kg","9":"product_cat-big-boobs-sex-doll","10":"product_cat-lesbian-sex-doll","11":"product_cat-skinny-sex-dolls","12":"pa_brand-af-doll","13":"tm-has-options","15":"first","16":"instock","17":"sale","18":"shipping-taxable","19":"purchasable","20":"product-type-simple"},"_links":{"self":[{"href":"https:\/\/zxdoll.com\/hu\/wp-json\/wp\/v2\/product\/40975","targetHints":{"allow":["GET"]}}],"collection":[{"href":"https:\/\/zxdoll.com\/hu\/wp-json\/wp\/v2\/product"}],"about":[{"href":"https:\/\/zxdoll.com\/hu\/wp-json\/wp\/v2\/types\/product"}],"replies":[{"embeddable":true,"href":"https:\/\/zxdoll.com\/hu\/wp-json\/wp\/v2\/comments?post=40975"}],"version-history":[{"count":1,"href":"https:\/\/zxdoll.com\/hu\/wp-json\/wp\/v2\/product\/40975\/revisions"}],"predecessor-version":[{"id":101548,"href":"https:\/\/zxdoll.com\/hu\/wp-json\/wp\/v2\/product\/40975\/revisions\/101548"}],"wp:featuredmedia":[{"embeddable":true,"href":"https:\/\/zxdoll.com\/hu\/wp-json\/wp\/v2\/media\/40976"}],"wp:attachment":[{"href":"https:\/\/zxdoll.com\/hu\/wp-json\/wp\/v2\/media?parent=40975"}],"wp:term":[{"taxonomy":"product_brand","embeddable":true,"href":"https:\/\/zxdoll.com\/hu\/wp-json\/wp\/v2\/product_brand?post=40975"},{"taxonomy":"product_cat","embeddable":true,"href":"https:\/\/zxdoll.com\/hu\/wp-json\/wp\/v2\/product_cat?post=40975"},{"taxonomy":"product_tag","embeddable":true,"href":"https:\/\/zxdoll.com\/hu\/wp-json\/wp\/v2\/product_tag?post=40975"}],"curies":[{"name":"wp","href":"https:\/\/api.w.org\/{rel}","templated":true}]}}