{"id":40923,"date":"2023-04-14T02:34:50","date_gmt":"2023-04-13T18:34:50","guid":{"rendered":"https:\/\/zxdoll.com\/?post_type=product&#038;p=40923"},"modified":"2025-09-17T08:25:35","modified_gmt":"2025-09-17T00:25:35","slug":"adult-stripper-gothic-lifelike-canada-doll","status":"publish","type":"product","link":"https:\/\/zxdoll.com\/hu\/product\/adult-stripper-gothic-lifelike-canada-doll\/","title":{"rendered":"Feln\u0151tt sztript\u00edzt\u00e1ncos Gothic Lifelike Canada Doll Crystal 168cm"},"content":{"rendered":"<h4><strong>Szexbaba k\u00e9pek<\/strong><\/h4>\n\t                <ul class=\"easy-image-gallery thumbnails-21 linked\">\r\n                    <li><a data-fancybox=\"gallery965\" href=\"https:\/\/zxdoll.com\/wp-content\/uploads\/2023\/04\/robot-dolls-5t6ui1-533x800.jpg\" class=\"eig-popup\" title=\"\" data-caption=\"\" target=\"_blank\"><i class=\"icon-view\"><\/i><span class=\"overlay\"><\/span><img decoding=\"async\" width=\"150\" height=\"150\" src=\"https:\/\/zxdoll.com\/wp-content\/uploads\/2023\/04\/robot-dolls-5t6ui1-150x150.jpg\" class=\"attachment-thumbnail size-thumbnail\" alt=\"\" title=\"\"><\/a><\/li><li><a data-fancybox=\"gallery965\" href=\"https:\/\/zxdoll.com\/wp-content\/uploads\/2023\/04\/robot-dolls-5t6ui2-533x800.jpg\" class=\"eig-popup\" title=\"\" data-caption=\"\" target=\"_blank\"><i class=\"icon-view\"><\/i><span class=\"overlay\"><\/span><img decoding=\"async\" width=\"150\" height=\"150\" src=\"https:\/\/zxdoll.com\/wp-content\/uploads\/2023\/04\/robot-dolls-5t6ui2-150x150.jpg\" class=\"attachment-thumbnail size-thumbnail\" alt=\"\" title=\"\"><\/a><\/li><li><a data-fancybox=\"gallery965\" href=\"https:\/\/zxdoll.com\/wp-content\/uploads\/2023\/04\/robot-dolls-5t6ui4-533x800.jpg\" class=\"eig-popup\" title=\"\" data-caption=\"\" target=\"_blank\"><i class=\"icon-view\"><\/i><span class=\"overlay\"><\/span><img decoding=\"async\" width=\"150\" height=\"150\" src=\"https:\/\/zxdoll.com\/wp-content\/uploads\/2023\/04\/robot-dolls-5t6ui4-150x150.jpg\" class=\"attachment-thumbnail size-thumbnail\" alt=\"\" title=\"\"><\/a><\/li><li><a data-fancybox=\"gallery965\" href=\"https:\/\/zxdoll.com\/wp-content\/uploads\/2023\/04\/robot-dolls-5t6ui5-533x800.jpg\" class=\"eig-popup\" title=\"\" data-caption=\"\" target=\"_blank\"><i class=\"icon-view\"><\/i><span class=\"overlay\"><\/span><img loading=\"lazy\" decoding=\"async\" width=\"150\" height=\"150\" src=\"https:\/\/zxdoll.com\/wp-content\/uploads\/2023\/04\/robot-dolls-5t6ui5-150x150.jpg\" class=\"attachment-thumbnail size-thumbnail\" alt=\"\" title=\"\"><\/a><\/li><li><a data-fancybox=\"gallery965\" href=\"https:\/\/zxdoll.com\/wp-content\/uploads\/2023\/04\/robot-dolls-5t6ui7-533x800.jpg\" class=\"eig-popup\" title=\"\" data-caption=\"\" target=\"_blank\"><i class=\"icon-view\"><\/i><span class=\"overlay\"><\/span><img loading=\"lazy\" decoding=\"async\" width=\"150\" height=\"150\" src=\"https:\/\/zxdoll.com\/wp-content\/uploads\/2023\/04\/robot-dolls-5t6ui7-150x150.jpg\" class=\"attachment-thumbnail size-thumbnail\" alt=\"\" title=\"\"><\/a><\/li><li><a data-fancybox=\"gallery965\" href=\"https:\/\/zxdoll.com\/wp-content\/uploads\/2023\/04\/robot-dolls-5t6ui8-533x800.jpg\" class=\"eig-popup\" title=\"\" data-caption=\"\" target=\"_blank\"><i class=\"icon-view\"><\/i><span class=\"overlay\"><\/span><img loading=\"lazy\" decoding=\"async\" width=\"150\" height=\"150\" src=\"https:\/\/zxdoll.com\/wp-content\/uploads\/2023\/04\/robot-dolls-5t6ui8-150x150.jpg\" class=\"attachment-thumbnail size-thumbnail\" alt=\"\" title=\"\"><\/a><\/li><li><a data-fancybox=\"gallery965\" href=\"https:\/\/zxdoll.com\/wp-content\/uploads\/2023\/04\/robot-dolls-5t6ui9-533x800.jpg\" class=\"eig-popup\" title=\"\" data-caption=\"\" target=\"_blank\"><i class=\"icon-view\"><\/i><span class=\"overlay\"><\/span><img loading=\"lazy\" decoding=\"async\" width=\"150\" height=\"150\" src=\"https:\/\/zxdoll.com\/wp-content\/uploads\/2023\/04\/robot-dolls-5t6ui9-150x150.jpg\" class=\"attachment-thumbnail size-thumbnail\" alt=\"\" title=\"\"><\/a><\/li><li><a data-fancybox=\"gallery965\" href=\"https:\/\/zxdoll.com\/wp-content\/uploads\/2023\/04\/robot-dolls-5t6ui11-533x800.jpg\" class=\"eig-popup\" title=\"\" data-caption=\"\" target=\"_blank\"><i class=\"icon-view\"><\/i><span class=\"overlay\"><\/span><img loading=\"lazy\" decoding=\"async\" width=\"150\" height=\"150\" src=\"https:\/\/zxdoll.com\/wp-content\/uploads\/2023\/04\/robot-dolls-5t6ui11-150x150.jpg\" class=\"attachment-thumbnail size-thumbnail\" alt=\"\" title=\"\"><\/a><\/li><li><a data-fancybox=\"gallery965\" href=\"https:\/\/zxdoll.com\/wp-content\/uploads\/2023\/04\/robot-dolls-5t6ui12-533x800.jpg\" class=\"eig-popup\" title=\"\" data-caption=\"\" target=\"_blank\"><i class=\"icon-view\"><\/i><span class=\"overlay\"><\/span><img loading=\"lazy\" decoding=\"async\" width=\"150\" height=\"150\" src=\"https:\/\/zxdoll.com\/wp-content\/uploads\/2023\/04\/robot-dolls-5t6ui12-150x150.jpg\" class=\"attachment-thumbnail size-thumbnail\" alt=\"\" title=\"\"><\/a><\/li><li><a data-fancybox=\"gallery965\" href=\"https:\/\/zxdoll.com\/wp-content\/uploads\/2023\/04\/robot-dolls-5t6ui13-533x800.jpg\" class=\"eig-popup\" title=\"\" data-caption=\"\" target=\"_blank\"><i class=\"icon-view\"><\/i><span class=\"overlay\"><\/span><img loading=\"lazy\" decoding=\"async\" width=\"150\" height=\"150\" src=\"https:\/\/zxdoll.com\/wp-content\/uploads\/2023\/04\/robot-dolls-5t6ui13-150x150.jpg\" class=\"attachment-thumbnail size-thumbnail\" alt=\"\" title=\"\"><\/a><\/li><li><a data-fancybox=\"gallery965\" href=\"https:\/\/zxdoll.com\/wp-content\/uploads\/2023\/04\/robot-dolls-5t6ui15-533x800.jpg\" class=\"eig-popup\" title=\"\" data-caption=\"\" target=\"_blank\"><i class=\"icon-view\"><\/i><span class=\"overlay\"><\/span><img loading=\"lazy\" decoding=\"async\" width=\"150\" height=\"150\" src=\"https:\/\/zxdoll.com\/wp-content\/uploads\/2023\/04\/robot-dolls-5t6ui15-150x150.jpg\" class=\"attachment-thumbnail size-thumbnail\" alt=\"\" title=\"\"><\/a><\/li><li><a data-fancybox=\"gallery965\" href=\"https:\/\/zxdoll.com\/wp-content\/uploads\/2023\/04\/robot-dolls-5t6ui17-533x800.jpg\" class=\"eig-popup\" title=\"\" data-caption=\"\" target=\"_blank\"><i class=\"icon-view\"><\/i><span class=\"overlay\"><\/span><img loading=\"lazy\" decoding=\"async\" width=\"150\" height=\"150\" src=\"https:\/\/zxdoll.com\/wp-content\/uploads\/2023\/04\/robot-dolls-5t6ui17-150x150.jpg\" class=\"attachment-thumbnail size-thumbnail\" alt=\"\" title=\"\"><\/a><\/li><li><a data-fancybox=\"gallery965\" href=\"https:\/\/zxdoll.com\/wp-content\/uploads\/2023\/04\/robot-dolls-5t6ui18-533x800.jpg\" class=\"eig-popup\" title=\"\" data-caption=\"\" target=\"_blank\"><i class=\"icon-view\"><\/i><span class=\"overlay\"><\/span><img loading=\"lazy\" decoding=\"async\" width=\"150\" height=\"150\" src=\"https:\/\/zxdoll.com\/wp-content\/uploads\/2023\/04\/robot-dolls-5t6ui18-150x150.jpg\" class=\"attachment-thumbnail size-thumbnail\" alt=\"\" title=\"\"><\/a><\/li><li><a data-fancybox=\"gallery965\" href=\"https:\/\/zxdoll.com\/wp-content\/uploads\/2023\/04\/robot-dolls-5t6ui20-533x800.jpg\" class=\"eig-popup\" title=\"\" data-caption=\"\" target=\"_blank\"><i class=\"icon-view\"><\/i><span class=\"overlay\"><\/span><img loading=\"lazy\" decoding=\"async\" width=\"150\" height=\"150\" src=\"https:\/\/zxdoll.com\/wp-content\/uploads\/2023\/04\/robot-dolls-5t6ui20-150x150.jpg\" class=\"attachment-thumbnail size-thumbnail\" alt=\"\" title=\"\"><\/a><\/li><li><a data-fancybox=\"gallery965\" href=\"https:\/\/zxdoll.com\/wp-content\/uploads\/2023\/04\/robot-dolls-5t6ui21-533x800.jpg\" class=\"eig-popup\" title=\"\" data-caption=\"\" target=\"_blank\"><i class=\"icon-view\"><\/i><span class=\"overlay\"><\/span><img loading=\"lazy\" decoding=\"async\" width=\"150\" height=\"150\" src=\"https:\/\/zxdoll.com\/wp-content\/uploads\/2023\/04\/robot-dolls-5t6ui21-150x150.jpg\" class=\"attachment-thumbnail size-thumbnail\" alt=\"\" title=\"\"><\/a><\/li><li><a data-fancybox=\"gallery965\" href=\"https:\/\/zxdoll.com\/wp-content\/uploads\/2023\/04\/robot-dolls-5t6ui22-533x800.jpg\" class=\"eig-popup\" title=\"\" data-caption=\"\" target=\"_blank\"><i class=\"icon-view\"><\/i><span class=\"overlay\"><\/span><img loading=\"lazy\" decoding=\"async\" width=\"150\" height=\"150\" src=\"https:\/\/zxdoll.com\/wp-content\/uploads\/2023\/04\/robot-dolls-5t6ui22-150x150.jpg\" class=\"attachment-thumbnail size-thumbnail\" alt=\"\" title=\"\"><\/a><\/li><li><a data-fancybox=\"gallery965\" href=\"https:\/\/zxdoll.com\/wp-content\/uploads\/2023\/04\/robot-dolls-5t6ui23-533x800.jpg\" class=\"eig-popup\" title=\"\" data-caption=\"\" target=\"_blank\"><i class=\"icon-view\"><\/i><span class=\"overlay\"><\/span><img loading=\"lazy\" decoding=\"async\" width=\"150\" height=\"150\" src=\"https:\/\/zxdoll.com\/wp-content\/uploads\/2023\/04\/robot-dolls-5t6ui23-150x150.jpg\" class=\"attachment-thumbnail size-thumbnail\" alt=\"\" title=\"\"><\/a><\/li><li><a data-fancybox=\"gallery965\" href=\"https:\/\/zxdoll.com\/wp-content\/uploads\/2023\/04\/robot-dolls-5t6ui24-533x800.jpg\" class=\"eig-popup\" title=\"\" data-caption=\"\" target=\"_blank\"><i class=\"icon-view\"><\/i><span class=\"overlay\"><\/span><img loading=\"lazy\" decoding=\"async\" width=\"150\" height=\"150\" src=\"https:\/\/zxdoll.com\/wp-content\/uploads\/2023\/04\/robot-dolls-5t6ui24-150x150.jpg\" class=\"attachment-thumbnail size-thumbnail\" alt=\"\" title=\"\"><\/a><\/li><li><a data-fancybox=\"gallery965\" href=\"https:\/\/zxdoll.com\/wp-content\/uploads\/2023\/04\/robot-dolls-5t6ui27-533x800.jpg\" class=\"eig-popup\" title=\"\" data-caption=\"\" target=\"_blank\"><i class=\"icon-view\"><\/i><span class=\"overlay\"><\/span><img loading=\"lazy\" decoding=\"async\" width=\"150\" height=\"150\" src=\"https:\/\/zxdoll.com\/wp-content\/uploads\/2023\/04\/robot-dolls-5t6ui27-150x150.jpg\" class=\"attachment-thumbnail size-thumbnail\" alt=\"\" title=\"\"><\/a><\/li><li><a data-fancybox=\"gallery965\" href=\"https:\/\/zxdoll.com\/wp-content\/uploads\/2023\/04\/robot-dolls-5t6ui28-533x800.jpg\" class=\"eig-popup\" title=\"\" data-caption=\"\" target=\"_blank\"><i class=\"icon-view\"><\/i><span class=\"overlay\"><\/span><img loading=\"lazy\" decoding=\"async\" width=\"150\" height=\"150\" src=\"https:\/\/zxdoll.com\/wp-content\/uploads\/2023\/04\/robot-dolls-5t6ui28-150x150.jpg\" class=\"attachment-thumbnail size-thumbnail\" alt=\"\" title=\"\"><\/a><\/li><li><a data-fancybox=\"gallery965\" href=\"https:\/\/zxdoll.com\/wp-content\/uploads\/2023\/04\/robot-dolls-5t6ui29-533x800.jpg\" class=\"eig-popup\" title=\"\" data-caption=\"\" target=\"_blank\"><i class=\"icon-view\"><\/i><span class=\"overlay\"><\/span><img loading=\"lazy\" decoding=\"async\" width=\"150\" height=\"150\" src=\"https:\/\/zxdoll.com\/wp-content\/uploads\/2023\/04\/robot-dolls-5t6ui29-150x150.jpg\" class=\"attachment-thumbnail size-thumbnail\" alt=\"\" title=\"\"><\/a><\/li><\/ul>\n<h4>M\u00e9rett\u00e1bl\u00e1zatok<\/h4>\n<table width=\"269\">\n<tbody>\n<tr>\n<td width=\"130\">Anyag<\/td>\n<td width=\"139\">TPE<\/td>\n<\/tr>\n<tr>\n<td>Magass\u00e1g<\/td>\n<td>168 cm<\/td>\n<\/tr>\n<tr>\n<td>Breast Line<\/td>\n<td>93 cm<\/td>\n<\/tr>\n<tr>\n<td>Der\u00e9kvonal<\/td>\n<td>56 cm<\/td>\n<\/tr>\n<tr>\n<td>Hip Line<\/td>\n<td>89 cm<\/td>\n<\/tr>\n<tr>\n<td>V\u00e1llsz\u00e9less\u00e9g<\/td>\n<td>36 cm<\/td>\n<\/tr>\n<tr>\n<td>L\u00e1b hossz<\/td>\n<td>88 cm<\/td>\n<\/tr>\n<tr>\n<td>Kar hossz\u00fas\u00e1g<\/td>\n<td>63 cm<\/td>\n<\/tr>\n<tr>\n<td>Comb vonal<\/td>\n<td>45 cm<\/td>\n<\/tr>\n<tr>\n<td>Borj\u00fa vonal<\/td>\n<td>30 cm<\/td>\n<\/tr>\n<tr>\n<td>L\u00e1bm\u00e9ret<\/td>\n<td>21 cm<\/td>\n<\/tr>\n<tr>\n<td>Nett\u00f3 t\u00f6meg<\/td>\n<td>39 kg<\/td>\n<\/tr>\n<tr>\n<td>Or\u00e1lis m\u00e9lys\u00e9g<\/td>\n<td>13 cm<\/td>\n<\/tr>\n<tr>\n<td>H\u00fcvelym\u00e9lys\u00e9g<\/td>\n<td>18 cm<\/td>\n<\/tr>\n<tr>\n<td>An\u00e1lis m\u00e9lys\u00e9g<\/td>\n<td>16 cm<\/td>\n<\/tr>\n<\/tbody>\n<\/table>\n<h4>A szexbab\u00e1r\u00f3l<\/h4>\n<p>Egyes f\u00e9rfiak vonz\u00f3nak tal\u00e1lj\u00e1k egy sztript\u00edzt\u00e1ncosn\u0151 mozdulatait n\u00e9zni, \u00e9s n\u00e9ha neh\u00e9z lehet olyan sztript\u00edzt\u00e1ncosn\u0151t tal\u00e1lni, aki k\u00e9szen \u00e1ll arra, hogy valami komoly dolgot kezdjen veled. A legt\u00f6bb ember sz\u00edvesebben l\u00e9p fel t\u00f6megnek, mint egy embernek. A szexbab\u00e1k ipar\u00e1nak fejl\u0151d\u00e9se \u00f3ta azonban t\u00f6bb szexbaba-t\u00edpus \u00e1ll rendelkez\u00e9sre a k\u00f6z\u00f6ns\u00e9g kiszolg\u00e1l\u00e1s\u00e1ra. A mi k\u00ednai szexbab\u00e1nk egy montreali baba, \u0151 pedig egy \u00e9leth\u0171 kanadai baba; egyedi st\u00edlusa miatt g\u00f3tikus babak\u00e9nt is hivatkozhatsz r\u00e1. A felf\u00fajhat\u00f3 baba egy feln\u0151tt eBay baba, \u00e9s megb\u00edzhat benn\u00fcnk, hogy csak a legjobb t\u00edpus\u00fa bab\u00e1kat k\u00edn\u00e1ljuk \u00d6nnek. Ha sztript\u00edzt\u00e1ncosn\u0151t szeretne partner\u00e9nek, akkor megv\u00e1s\u00e1rolhatja a sztript\u00edzt\u00e1ncos szexbab\u00e1t; izgalmasabb\u00e1 tenn\u00e9 a h\u00e1l\u00f3szob\u00e1t, \u00e9s megb\u00edzhat benne, hogy maxim\u00e1lis \u00f6r\u00f6met okoz. A sztript\u00edzt\u00e1ncos szexbab\u00e1ban rengeteg lehet\u0151s\u00e9g rejlik; a teste cs\u00e1b\u00edt\u00f3, \u00e9s tudja, hogyan keltsen r\u00e1 minden f\u00e9rfira. Tehets\u00e9ges \u00e9s szexu\u00e1lisan tapasztalt. Ha szeretn\u00e9l sz\u00f3rakozni a h\u00e1l\u00f3szob\u00e1ban, szerezz magadnak egy sztript\u00edzt\u00e1ncos bab\u00e1t, \u00e9s figyeld meg a v\u00e1ltoz\u00e1st szexu\u00e1lis kapcsolatodban.<\/p>","protected":false},"excerpt":{"rendered":"<p>Szexbaba k\u00e9pek M\u00e9rett\u00e1bl\u00e1zat Anyag TPE magass\u00e1g 168 cm mellvonal 93 cm der\u00e9kvonal 56 cm cs\u00edp\u0151vonal 89 cm v\u00e1ll sz\u00e9less\u00e9g<\/p>","protected":false},"featured_media":40924,"comment_status":"open","ping_status":"closed","template":"","meta":[],"product_brand":[],"product_cat":[119,75,230,101,107,117],"product_tag":[],"class_list":{"0":"post-40923","1":"product","2":"type-product","3":"status-publish","4":"has-post-thumbnail","6":"product_cat-tpe-sex-doll","7":"product_cat-160cm-170cm-sex-dolls","8":"product_cat-36kg-40kg","9":"product_cat-lesbian-sex-doll","10":"product_cat-skinny-sex-dolls","11":"product_cat-small-breast-sex-doll","12":"pa_brand-af-doll","13":"tm-has-options","15":"first","16":"instock","17":"sale","18":"shipping-taxable","19":"purchasable","20":"product-type-simple"},"_links":{"self":[{"href":"https:\/\/zxdoll.com\/hu\/wp-json\/wp\/v2\/product\/40923","targetHints":{"allow":["GET"]}}],"collection":[{"href":"https:\/\/zxdoll.com\/hu\/wp-json\/wp\/v2\/product"}],"about":[{"href":"https:\/\/zxdoll.com\/hu\/wp-json\/wp\/v2\/types\/product"}],"replies":[{"embeddable":true,"href":"https:\/\/zxdoll.com\/hu\/wp-json\/wp\/v2\/comments?post=40923"}],"version-history":[{"count":2,"href":"https:\/\/zxdoll.com\/hu\/wp-json\/wp\/v2\/product\/40923\/revisions"}],"predecessor-version":[{"id":155395,"href":"https:\/\/zxdoll.com\/hu\/wp-json\/wp\/v2\/product\/40923\/revisions\/155395"}],"wp:featuredmedia":[{"embeddable":true,"href":"https:\/\/zxdoll.com\/hu\/wp-json\/wp\/v2\/media\/40924"}],"wp:attachment":[{"href":"https:\/\/zxdoll.com\/hu\/wp-json\/wp\/v2\/media?parent=40923"}],"wp:term":[{"taxonomy":"product_brand","embeddable":true,"href":"https:\/\/zxdoll.com\/hu\/wp-json\/wp\/v2\/product_brand?post=40923"},{"taxonomy":"product_cat","embeddable":true,"href":"https:\/\/zxdoll.com\/hu\/wp-json\/wp\/v2\/product_cat?post=40923"},{"taxonomy":"product_tag","embeddable":true,"href":"https:\/\/zxdoll.com\/hu\/wp-json\/wp\/v2\/product_tag?post=40923"}],"curies":[{"name":"wp","href":"https:\/\/api.w.org\/{rel}","templated":true}]}}