{"id":39599,"date":"2023-04-13T03:08:35","date_gmt":"2023-04-12T19:08:35","guid":{"rendered":"https:\/\/zxdoll.com\/?post_type=product&#038;p=39599"},"modified":"2025-09-08T02:55:01","modified_gmt":"2025-09-07T18:55:01","slug":"adorable-female-companion-sexy-human-doll","status":"publish","type":"product","link":"https:\/\/zxdoll.com\/hu\/product\/adorable-female-companion-sexy-human-doll\/","title":{"rendered":"Im\u00e1dnival\u00f3 n\u0151i t\u00e1rs, szexi emberi baba lanette 161 cm"},"content":{"rendered":"<h4><strong>Szexbaba k\u00e9pek<\/strong><\/h4>\n\t                <ul class=\"easy-image-gallery thumbnails-31 linked\">\r\n                    <li><a data-fancybox=\"gallery257\" href=\"https:\/\/zxdoll.com\/wp-content\/uploads\/2023\/04\/sophie-sex-doll-3y6w1-533x800.jpg\" class=\"eig-popup\" title=\"\" data-caption=\"\" target=\"_blank\"><i class=\"icon-view\"><\/i><span class=\"overlay\"><\/span><img decoding=\"async\" width=\"150\" height=\"150\" src=\"https:\/\/zxdoll.com\/wp-content\/uploads\/2023\/04\/sophie-sex-doll-3y6w1-150x150.jpg\" class=\"attachment-thumbnail size-thumbnail\" alt=\"\" title=\"\"><\/a><\/li><li><a data-fancybox=\"gallery257\" href=\"https:\/\/zxdoll.com\/wp-content\/uploads\/2023\/04\/sophie-sex-doll-3y6w2-1-533x800.jpg\" class=\"eig-popup\" title=\"\" data-caption=\"\" target=\"_blank\"><i class=\"icon-view\"><\/i><span class=\"overlay\"><\/span><img decoding=\"async\" width=\"150\" height=\"150\" src=\"https:\/\/zxdoll.com\/wp-content\/uploads\/2023\/04\/sophie-sex-doll-3y6w2-1-150x150.jpg\" class=\"attachment-thumbnail size-thumbnail\" alt=\"\" title=\"\"><\/a><\/li><li><a data-fancybox=\"gallery257\" href=\"https:\/\/zxdoll.com\/wp-content\/uploads\/2023\/04\/sophie-sex-doll-3y6w3-533x800.jpg\" class=\"eig-popup\" title=\"\" data-caption=\"\" target=\"_blank\"><i class=\"icon-view\"><\/i><span class=\"overlay\"><\/span><img decoding=\"async\" width=\"150\" height=\"150\" src=\"https:\/\/zxdoll.com\/wp-content\/uploads\/2023\/04\/sophie-sex-doll-3y6w3-150x150.jpg\" class=\"attachment-thumbnail size-thumbnail\" alt=\"\" title=\"\"><\/a><\/li><li><a data-fancybox=\"gallery257\" href=\"https:\/\/zxdoll.com\/wp-content\/uploads\/2023\/04\/sophie-sex-doll-3y6w8-533x800.jpg\" class=\"eig-popup\" title=\"\" data-caption=\"\" target=\"_blank\"><i class=\"icon-view\"><\/i><span class=\"overlay\"><\/span><img loading=\"lazy\" decoding=\"async\" width=\"150\" height=\"150\" src=\"https:\/\/zxdoll.com\/wp-content\/uploads\/2023\/04\/sophie-sex-doll-3y6w8-150x150.jpg\" class=\"attachment-thumbnail size-thumbnail\" alt=\"\" title=\"\"><\/a><\/li><li><a data-fancybox=\"gallery257\" href=\"https:\/\/zxdoll.com\/wp-content\/uploads\/2023\/04\/sophie-sex-doll-3y6w9-533x800.jpg\" class=\"eig-popup\" title=\"\" data-caption=\"\" target=\"_blank\"><i class=\"icon-view\"><\/i><span class=\"overlay\"><\/span><img loading=\"lazy\" decoding=\"async\" width=\"150\" height=\"150\" src=\"https:\/\/zxdoll.com\/wp-content\/uploads\/2023\/04\/sophie-sex-doll-3y6w9-150x150.jpg\" class=\"attachment-thumbnail size-thumbnail\" alt=\"\" title=\"\"><\/a><\/li><li><a data-fancybox=\"gallery257\" href=\"https:\/\/zxdoll.com\/wp-content\/uploads\/2023\/04\/sophie-sex-doll-3y6w11-533x800.jpg\" class=\"eig-popup\" title=\"\" data-caption=\"\" target=\"_blank\"><i class=\"icon-view\"><\/i><span class=\"overlay\"><\/span><img loading=\"lazy\" decoding=\"async\" width=\"150\" height=\"150\" src=\"https:\/\/zxdoll.com\/wp-content\/uploads\/2023\/04\/sophie-sex-doll-3y6w11-150x150.jpg\" class=\"attachment-thumbnail size-thumbnail\" alt=\"\" title=\"\"><\/a><\/li><li><a data-fancybox=\"gallery257\" href=\"https:\/\/zxdoll.com\/wp-content\/uploads\/2023\/04\/sophie-sex-doll-3y6w12-533x800.jpg\" class=\"eig-popup\" title=\"\" data-caption=\"\" target=\"_blank\"><i class=\"icon-view\"><\/i><span class=\"overlay\"><\/span><img loading=\"lazy\" decoding=\"async\" width=\"150\" height=\"150\" src=\"https:\/\/zxdoll.com\/wp-content\/uploads\/2023\/04\/sophie-sex-doll-3y6w12-150x150.jpg\" class=\"attachment-thumbnail size-thumbnail\" alt=\"\" title=\"\"><\/a><\/li><li><a data-fancybox=\"gallery257\" href=\"https:\/\/zxdoll.com\/wp-content\/uploads\/2023\/04\/sophie-sex-doll-3y6w13-533x800.jpg\" class=\"eig-popup\" title=\"\" data-caption=\"\" target=\"_blank\"><i class=\"icon-view\"><\/i><span class=\"overlay\"><\/span><img loading=\"lazy\" decoding=\"async\" width=\"150\" height=\"150\" src=\"https:\/\/zxdoll.com\/wp-content\/uploads\/2023\/04\/sophie-sex-doll-3y6w13-150x150.jpg\" class=\"attachment-thumbnail size-thumbnail\" alt=\"\" title=\"\"><\/a><\/li><li><a data-fancybox=\"gallery257\" href=\"https:\/\/zxdoll.com\/wp-content\/uploads\/2023\/04\/sophie-sex-doll-3y6w20-533x800.jpg\" class=\"eig-popup\" title=\"\" data-caption=\"\" target=\"_blank\"><i class=\"icon-view\"><\/i><span class=\"overlay\"><\/span><img loading=\"lazy\" decoding=\"async\" width=\"150\" height=\"150\" src=\"https:\/\/zxdoll.com\/wp-content\/uploads\/2023\/04\/sophie-sex-doll-3y6w20-150x150.jpg\" class=\"attachment-thumbnail size-thumbnail\" alt=\"\" title=\"\"><\/a><\/li><li><a data-fancybox=\"gallery257\" href=\"https:\/\/zxdoll.com\/wp-content\/uploads\/2023\/04\/sophie-sex-doll-3y6w21-533x800.jpg\" class=\"eig-popup\" title=\"\" data-caption=\"\" target=\"_blank\"><i class=\"icon-view\"><\/i><span class=\"overlay\"><\/span><img loading=\"lazy\" decoding=\"async\" width=\"150\" height=\"150\" src=\"https:\/\/zxdoll.com\/wp-content\/uploads\/2023\/04\/sophie-sex-doll-3y6w21-150x150.jpg\" class=\"attachment-thumbnail size-thumbnail\" alt=\"\" title=\"\"><\/a><\/li><li><a data-fancybox=\"gallery257\" href=\"https:\/\/zxdoll.com\/wp-content\/uploads\/2023\/04\/sophie-sex-doll-3y6w22-533x800.jpg\" class=\"eig-popup\" title=\"\" data-caption=\"\" target=\"_blank\"><i class=\"icon-view\"><\/i><span class=\"overlay\"><\/span><img loading=\"lazy\" decoding=\"async\" width=\"150\" height=\"150\" src=\"https:\/\/zxdoll.com\/wp-content\/uploads\/2023\/04\/sophie-sex-doll-3y6w22-150x150.jpg\" class=\"attachment-thumbnail size-thumbnail\" alt=\"\" title=\"\"><\/a><\/li><li><a data-fancybox=\"gallery257\" href=\"https:\/\/zxdoll.com\/wp-content\/uploads\/2023\/04\/sophie-sex-doll-3y6w23-533x800.jpg\" class=\"eig-popup\" title=\"\" data-caption=\"\" target=\"_blank\"><i class=\"icon-view\"><\/i><span class=\"overlay\"><\/span><img loading=\"lazy\" decoding=\"async\" width=\"150\" height=\"150\" src=\"https:\/\/zxdoll.com\/wp-content\/uploads\/2023\/04\/sophie-sex-doll-3y6w23-150x150.jpg\" class=\"attachment-thumbnail size-thumbnail\" alt=\"\" title=\"\"><\/a><\/li><li><a data-fancybox=\"gallery257\" href=\"https:\/\/zxdoll.com\/wp-content\/uploads\/2023\/04\/sophie-sex-doll-3y6w26-533x800.jpg\" class=\"eig-popup\" title=\"\" data-caption=\"\" target=\"_blank\"><i class=\"icon-view\"><\/i><span class=\"overlay\"><\/span><img loading=\"lazy\" decoding=\"async\" width=\"150\" height=\"150\" src=\"https:\/\/zxdoll.com\/wp-content\/uploads\/2023\/04\/sophie-sex-doll-3y6w26-150x150.jpg\" class=\"attachment-thumbnail size-thumbnail\" alt=\"\" title=\"\"><\/a><\/li><li><a data-fancybox=\"gallery257\" href=\"https:\/\/zxdoll.com\/wp-content\/uploads\/2023\/04\/sophie-sex-doll-3y6w30-533x800.jpg\" class=\"eig-popup\" title=\"\" data-caption=\"\" target=\"_blank\"><i class=\"icon-view\"><\/i><span class=\"overlay\"><\/span><img loading=\"lazy\" decoding=\"async\" width=\"150\" height=\"150\" src=\"https:\/\/zxdoll.com\/wp-content\/uploads\/2023\/04\/sophie-sex-doll-3y6w30-150x150.jpg\" class=\"attachment-thumbnail size-thumbnail\" alt=\"\" title=\"\"><\/a><\/li><li><a data-fancybox=\"gallery257\" href=\"https:\/\/zxdoll.com\/wp-content\/uploads\/2023\/04\/sophie-sex-doll-3y6w31-533x800.jpg\" class=\"eig-popup\" title=\"\" data-caption=\"\" target=\"_blank\"><i class=\"icon-view\"><\/i><span class=\"overlay\"><\/span><img loading=\"lazy\" decoding=\"async\" width=\"150\" height=\"150\" src=\"https:\/\/zxdoll.com\/wp-content\/uploads\/2023\/04\/sophie-sex-doll-3y6w31-150x150.jpg\" class=\"attachment-thumbnail size-thumbnail\" alt=\"\" title=\"\"><\/a><\/li><li><a data-fancybox=\"gallery257\" href=\"https:\/\/zxdoll.com\/wp-content\/uploads\/2023\/04\/sophie-sex-doll-3y6w32-533x800.jpg\" class=\"eig-popup\" title=\"\" data-caption=\"\" target=\"_blank\"><i class=\"icon-view\"><\/i><span class=\"overlay\"><\/span><img loading=\"lazy\" decoding=\"async\" width=\"150\" height=\"150\" src=\"https:\/\/zxdoll.com\/wp-content\/uploads\/2023\/04\/sophie-sex-doll-3y6w32-150x150.jpg\" class=\"attachment-thumbnail size-thumbnail\" alt=\"\" title=\"\"><\/a><\/li><li><a data-fancybox=\"gallery257\" href=\"https:\/\/zxdoll.com\/wp-content\/uploads\/2023\/04\/sophie-sex-doll-3y6w33-533x800.jpg\" class=\"eig-popup\" title=\"\" data-caption=\"\" target=\"_blank\"><i class=\"icon-view\"><\/i><span class=\"overlay\"><\/span><img loading=\"lazy\" decoding=\"async\" width=\"150\" height=\"150\" src=\"https:\/\/zxdoll.com\/wp-content\/uploads\/2023\/04\/sophie-sex-doll-3y6w33-150x150.jpg\" class=\"attachment-thumbnail size-thumbnail\" alt=\"\" title=\"\"><\/a><\/li><li><a data-fancybox=\"gallery257\" href=\"https:\/\/zxdoll.com\/wp-content\/uploads\/2023\/04\/sophie-sex-doll-3y6w34-533x800.jpg\" class=\"eig-popup\" title=\"\" data-caption=\"\" target=\"_blank\"><i class=\"icon-view\"><\/i><span class=\"overlay\"><\/span><img loading=\"lazy\" decoding=\"async\" width=\"150\" height=\"150\" src=\"https:\/\/zxdoll.com\/wp-content\/uploads\/2023\/04\/sophie-sex-doll-3y6w34-150x150.jpg\" class=\"attachment-thumbnail size-thumbnail\" alt=\"\" title=\"\"><\/a><\/li><li><a data-fancybox=\"gallery257\" href=\"https:\/\/zxdoll.com\/wp-content\/uploads\/2023\/04\/sophie-sex-doll-3y6w35-533x800.jpg\" class=\"eig-popup\" title=\"\" data-caption=\"\" target=\"_blank\"><i class=\"icon-view\"><\/i><span class=\"overlay\"><\/span><img loading=\"lazy\" decoding=\"async\" width=\"150\" height=\"150\" src=\"https:\/\/zxdoll.com\/wp-content\/uploads\/2023\/04\/sophie-sex-doll-3y6w35-150x150.jpg\" class=\"attachment-thumbnail size-thumbnail\" alt=\"\" title=\"\"><\/a><\/li><li><a data-fancybox=\"gallery257\" href=\"https:\/\/zxdoll.com\/wp-content\/uploads\/2023\/04\/sophie-sex-doll-3y6w36-533x800.jpg\" class=\"eig-popup\" title=\"\" data-caption=\"\" target=\"_blank\"><i class=\"icon-view\"><\/i><span class=\"overlay\"><\/span><img loading=\"lazy\" decoding=\"async\" width=\"150\" height=\"150\" src=\"https:\/\/zxdoll.com\/wp-content\/uploads\/2023\/04\/sophie-sex-doll-3y6w36-150x150.jpg\" class=\"attachment-thumbnail size-thumbnail\" alt=\"\" title=\"\"><\/a><\/li><li><a data-fancybox=\"gallery257\" href=\"https:\/\/zxdoll.com\/wp-content\/uploads\/2023\/04\/sophie-sex-doll-3y6w37-533x800.jpg\" class=\"eig-popup\" title=\"\" data-caption=\"\" target=\"_blank\"><i class=\"icon-view\"><\/i><span class=\"overlay\"><\/span><img loading=\"lazy\" decoding=\"async\" width=\"150\" height=\"150\" src=\"https:\/\/zxdoll.com\/wp-content\/uploads\/2023\/04\/sophie-sex-doll-3y6w37-150x150.jpg\" class=\"attachment-thumbnail size-thumbnail\" alt=\"\" title=\"\"><\/a><\/li><li><a data-fancybox=\"gallery257\" href=\"https:\/\/zxdoll.com\/wp-content\/uploads\/2023\/04\/sophie-sex-doll-3y6w38-533x800.jpg\" class=\"eig-popup\" title=\"\" data-caption=\"\" target=\"_blank\"><i class=\"icon-view\"><\/i><span class=\"overlay\"><\/span><img loading=\"lazy\" decoding=\"async\" width=\"150\" height=\"150\" src=\"https:\/\/zxdoll.com\/wp-content\/uploads\/2023\/04\/sophie-sex-doll-3y6w38-150x150.jpg\" class=\"attachment-thumbnail size-thumbnail\" alt=\"\" title=\"\"><\/a><\/li><li><a data-fancybox=\"gallery257\" href=\"https:\/\/zxdoll.com\/wp-content\/uploads\/2023\/04\/sophie-sex-doll-3y6w39-533x800.jpg\" class=\"eig-popup\" title=\"\" data-caption=\"\" target=\"_blank\"><i class=\"icon-view\"><\/i><span class=\"overlay\"><\/span><img loading=\"lazy\" decoding=\"async\" width=\"150\" height=\"150\" src=\"https:\/\/zxdoll.com\/wp-content\/uploads\/2023\/04\/sophie-sex-doll-3y6w39-150x150.jpg\" class=\"attachment-thumbnail size-thumbnail\" alt=\"\" title=\"\"><\/a><\/li><li><a data-fancybox=\"gallery257\" href=\"https:\/\/zxdoll.com\/wp-content\/uploads\/2023\/04\/sophie-sex-doll-3y6w40.jpg\" class=\"eig-popup\" title=\"\" data-caption=\"\" target=\"_blank\"><i class=\"icon-view\"><\/i><span class=\"overlay\"><\/span><img loading=\"lazy\" decoding=\"async\" width=\"150\" height=\"150\" src=\"https:\/\/zxdoll.com\/wp-content\/uploads\/2023\/04\/sophie-sex-doll-3y6w40-150x150.jpg\" class=\"attachment-thumbnail size-thumbnail\" alt=\"\" title=\"\"><\/a><\/li><li><a data-fancybox=\"gallery257\" href=\"https:\/\/zxdoll.com\/wp-content\/uploads\/2023\/04\/sophie-sex-doll-3y6w41.jpg\" class=\"eig-popup\" title=\"\" data-caption=\"\" target=\"_blank\"><i class=\"icon-view\"><\/i><span class=\"overlay\"><\/span><img loading=\"lazy\" decoding=\"async\" width=\"150\" height=\"150\" src=\"https:\/\/zxdoll.com\/wp-content\/uploads\/2023\/04\/sophie-sex-doll-3y6w41-150x150.jpg\" class=\"attachment-thumbnail size-thumbnail\" alt=\"\" title=\"\"><\/a><\/li><li><a data-fancybox=\"gallery257\" href=\"https:\/\/zxdoll.com\/wp-content\/uploads\/2023\/04\/sophie-sex-doll-3y6w42.jpg\" class=\"eig-popup\" title=\"\" data-caption=\"\" target=\"_blank\"><i class=\"icon-view\"><\/i><span class=\"overlay\"><\/span><img loading=\"lazy\" decoding=\"async\" width=\"150\" height=\"150\" src=\"https:\/\/zxdoll.com\/wp-content\/uploads\/2023\/04\/sophie-sex-doll-3y6w42-150x150.jpg\" class=\"attachment-thumbnail size-thumbnail\" alt=\"\" title=\"\"><\/a><\/li><li><a data-fancybox=\"gallery257\" href=\"https:\/\/zxdoll.com\/wp-content\/uploads\/2023\/04\/sophie-sex-doll-3y6w43.jpg\" class=\"eig-popup\" title=\"\" data-caption=\"\" target=\"_blank\"><i class=\"icon-view\"><\/i><span class=\"overlay\"><\/span><img loading=\"lazy\" decoding=\"async\" width=\"150\" height=\"150\" src=\"https:\/\/zxdoll.com\/wp-content\/uploads\/2023\/04\/sophie-sex-doll-3y6w43-150x150.jpg\" class=\"attachment-thumbnail size-thumbnail\" alt=\"\" title=\"\"><\/a><\/li><li><a data-fancybox=\"gallery257\" href=\"https:\/\/zxdoll.com\/wp-content\/uploads\/2023\/04\/sophie-sex-doll-3y6w44.jpg\" class=\"eig-popup\" title=\"\" data-caption=\"\" target=\"_blank\"><i class=\"icon-view\"><\/i><span class=\"overlay\"><\/span><img loading=\"lazy\" decoding=\"async\" width=\"150\" height=\"150\" src=\"https:\/\/zxdoll.com\/wp-content\/uploads\/2023\/04\/sophie-sex-doll-3y6w44-150x150.jpg\" class=\"attachment-thumbnail size-thumbnail\" alt=\"\" title=\"\"><\/a><\/li><li><a data-fancybox=\"gallery257\" href=\"https:\/\/zxdoll.com\/wp-content\/uploads\/2023\/04\/sophie-sex-doll-3y6w45.jpg\" class=\"eig-popup\" title=\"\" data-caption=\"\" target=\"_blank\"><i class=\"icon-view\"><\/i><span class=\"overlay\"><\/span><img loading=\"lazy\" decoding=\"async\" width=\"150\" height=\"150\" src=\"https:\/\/zxdoll.com\/wp-content\/uploads\/2023\/04\/sophie-sex-doll-3y6w45-150x150.jpg\" class=\"attachment-thumbnail size-thumbnail\" alt=\"\" title=\"\"><\/a><\/li><li><a data-fancybox=\"gallery257\" href=\"https:\/\/zxdoll.com\/wp-content\/uploads\/2023\/04\/sophie-sex-doll-3y6w46.jpg\" class=\"eig-popup\" title=\"\" data-caption=\"\" target=\"_blank\"><i class=\"icon-view\"><\/i><span class=\"overlay\"><\/span><img loading=\"lazy\" decoding=\"async\" width=\"150\" height=\"150\" src=\"https:\/\/zxdoll.com\/wp-content\/uploads\/2023\/04\/sophie-sex-doll-3y6w46-150x150.jpg\" class=\"attachment-thumbnail size-thumbnail\" alt=\"\" title=\"\"><\/a><\/li><li><a data-fancybox=\"gallery257\" href=\"https:\/\/zxdoll.com\/wp-content\/uploads\/2023\/04\/sophie-sex-doll-3y6w47-533x800.jpg\" class=\"eig-popup\" title=\"\" data-caption=\"\" target=\"_blank\"><i class=\"icon-view\"><\/i><span class=\"overlay\"><\/span><img loading=\"lazy\" decoding=\"async\" width=\"150\" height=\"150\" src=\"https:\/\/zxdoll.com\/wp-content\/uploads\/2023\/04\/sophie-sex-doll-3y6w47-150x150.jpg\" class=\"attachment-thumbnail size-thumbnail\" alt=\"\" title=\"\"><\/a><\/li><\/ul>\n<h4>M\u00e9rett\u00e1bl\u00e1zatok<\/h4>\n<table width=\"269\">\n<tbody>\n<tr>\n<td width=\"130\">Anyag<\/td>\n<td width=\"139\">TPE<\/td>\n<\/tr>\n<tr>\n<td>Magass\u00e1g<\/td>\n<td>161 cm<\/td>\n<\/tr>\n<tr>\n<td>Breast Line<\/td>\n<td>93 cm<\/td>\n<\/tr>\n<tr>\n<td>Der\u00e9kvonal<\/td>\n<td>79 cm<\/td>\n<\/tr>\n<tr>\n<td>Hip Line<\/td>\n<td>102 cm<\/td>\n<\/tr>\n<tr>\n<td>V\u00e1llsz\u00e9less\u00e9g<\/td>\n<td>36 cm<\/td>\n<\/tr>\n<tr>\n<td>L\u00e1b hossz<\/td>\n<td>79 cm<\/td>\n<\/tr>\n<tr>\n<td>Kar hossz\u00fas\u00e1g<\/td>\n<td>61 cm<\/td>\n<\/tr>\n<tr>\n<td>Comb vonal<\/td>\n<td>55 cm<\/td>\n<\/tr>\n<tr>\n<td>Borj\u00fa vonal<\/td>\n<td>37 cm<\/td>\n<\/tr>\n<tr>\n<td>L\u00e1bm\u00e9ret<\/td>\n<td>21 cm<\/td>\n<\/tr>\n<tr>\n<td>Nett\u00f3 t\u00f6meg<\/td>\n<td>48 kg<\/td>\n<\/tr>\n<tr>\n<td>Or\u00e1lis m\u00e9lys\u00e9g<\/td>\n<td>13 cm<\/td>\n<\/tr>\n<tr>\n<td>H\u00fcvelym\u00e9lys\u00e9g<\/td>\n<td>18 cm<\/td>\n<\/tr>\n<tr>\n<td>An\u00e1lis m\u00e9lys\u00e9g<\/td>\n<td>16 cm<\/td>\n<\/tr>\n<\/tbody>\n<\/table>\n<h4>A szexbab\u00e1r\u00f3l<\/h4>\n<p>A f\u00e9rfiak t\u00f6bb\u00e9 nem zavarj\u00e1k, ha egy ember nem hajland\u00f3 viszonozni \u00e9rz\u00e9seiket \u00e9s figyelm\u00fcket; ehelyett egy sr\u00e1c sz\u00edvesebben szexelne egy bab\u00e1val. A pip\u00e1s baba egy im\u00e1dnival\u00f3 n\u0151i t\u00e1rsbaba; k\u00e9pzelje el, hogy van egy szexi emberi baba t\u00e1rs\u00e1nak; nem panaszkodik, \u00e9s mindig meghallgat. Ez\u00fcst bab\u00e1nk gy\u00f6ny\u00f6r\u0171 t\u00e1rs; \u0151 egy punk baba \u00e9s egy n\u0151i szexbaba; szem\u00e9lyre szabhat\u00f3, \u00e9s ez azt is jelenti, hogy l\u00e9trehozhatja saj\u00e1t bab\u00e1j\u00e1t az interneten, \u00e9s megv\u00e1ltoztathatja a testr\u00e9szek egy r\u00e9sz\u00e9t vagy mindegyik\u00e9t, amiben nem \u00e9rzi j\u00f3l mag\u00e1t. N\u0151i szexbab\u00e1ink k\u00fcl\u00f6nb\u00f6z\u0151 m\u00e9ret\u0171ek, \u00e9s mindig tal\u00e1lsz magadnak megfelel\u0151 m\u00e9retet; mindenkinek van szexbab\u00e1ja. A Piper babafej elford\u00edthat\u00f3, \u00e9s Mel Sex bab\u00e1hoz is szerezhet babapar\u00f3k\u00e1t; ez n\u00f6veln\u00e9 a megjelen\u00e9s\u00e9t \u00e9s az \u00f6nbizalm\u00e1t. Bab\u00e1inkat megfizethet\u0151 \u00e1ron, olcs\u00f3n \u00e9s p\u00e9nzt\u00e1rcabar\u00e1t \u00e1ron \u00e9rt\u00e9kes\u00edtj\u00fck. Egy n\u0151i szexbab\u00e1t szerezni csod\u00e1latos d\u00f6nt\u00e9s; lehet\u0151s\u00e9get ad szexu\u00e1lis \u00e9leted ir\u00e1ny\u00edt\u00e1s\u00e1ra, \u00e9s seg\u00edt nagyszer\u0171 p\u00e9nz\u00fcgyi \u00e9s szexu\u00e1lis d\u00f6nt\u00e9seket hozni, ami seg\u00edt koncentr\u00e1lni.<\/p>","protected":false},"excerpt":{"rendered":"<p>Szexbaba k\u00e9pek M\u00e9rett\u00e1bl\u00e1zat Anyag TPE magass\u00e1g 161 cm mellvonal 93 cm der\u00e9kvonal 79 cm cs\u00edp\u0151vonal 102 cm v\u00e1ll sz\u00e9less\u00e9g<\/p>","protected":false},"featured_media":39600,"comment_status":"open","ping_status":"closed","template":"","meta":[],"product_brand":[],"product_cat":[119,75,232,77,115,101,117],"product_tag":[],"class_list":{"0":"post-39599","1":"product","2":"type-product","3":"status-publish","4":"has-post-thumbnail","6":"product_cat-tpe-sex-doll","7":"product_cat-160cm-170cm-sex-dolls","8":"product_cat-46kg-50kg","9":"product_cat-bbw-sex-doll","10":"product_cat-big-booty-sex-doll","11":"product_cat-lesbian-sex-doll","12":"product_cat-small-breast-sex-doll","13":"pa_brand-af-doll","14":"tm-has-options","16":"first","17":"instock","18":"sale","19":"shipping-taxable","20":"purchasable","21":"product-type-simple"},"_links":{"self":[{"href":"https:\/\/zxdoll.com\/hu\/wp-json\/wp\/v2\/product\/39599","targetHints":{"allow":["GET"]}}],"collection":[{"href":"https:\/\/zxdoll.com\/hu\/wp-json\/wp\/v2\/product"}],"about":[{"href":"https:\/\/zxdoll.com\/hu\/wp-json\/wp\/v2\/types\/product"}],"replies":[{"embeddable":true,"href":"https:\/\/zxdoll.com\/hu\/wp-json\/wp\/v2\/comments?post=39599"}],"version-history":[{"count":1,"href":"https:\/\/zxdoll.com\/hu\/wp-json\/wp\/v2\/product\/39599\/revisions"}],"predecessor-version":[{"id":101373,"href":"https:\/\/zxdoll.com\/hu\/wp-json\/wp\/v2\/product\/39599\/revisions\/101373"}],"wp:featuredmedia":[{"embeddable":true,"href":"https:\/\/zxdoll.com\/hu\/wp-json\/wp\/v2\/media\/39600"}],"wp:attachment":[{"href":"https:\/\/zxdoll.com\/hu\/wp-json\/wp\/v2\/media?parent=39599"}],"wp:term":[{"taxonomy":"product_brand","embeddable":true,"href":"https:\/\/zxdoll.com\/hu\/wp-json\/wp\/v2\/product_brand?post=39599"},{"taxonomy":"product_cat","embeddable":true,"href":"https:\/\/zxdoll.com\/hu\/wp-json\/wp\/v2\/product_cat?post=39599"},{"taxonomy":"product_tag","embeddable":true,"href":"https:\/\/zxdoll.com\/hu\/wp-json\/wp\/v2\/product_tag?post=39599"}],"curies":[{"name":"wp","href":"https:\/\/api.w.org\/{rel}","templated":true}]}}