{"id":38242,"date":"2023-04-12T03:19:10","date_gmt":"2023-04-11T19:19:10","guid":{"rendered":"https:\/\/zxdoll.com\/?post_type=product&#038;p=38242"},"modified":"2025-09-08T01:44:45","modified_gmt":"2025-09-07T17:44:45","slug":"most-affordable-premium-love-sex-dolls","status":"publish","type":"product","link":"https:\/\/zxdoll.com\/hu\/product\/most-affordable-premium-love-sex-dolls\/","title":{"rendered":"A legolcs\u00f3bb pr\u00e9mium Love Sex Dolls Marina 164 cm"},"content":{"rendered":"<h4><strong>Szexbaba k\u00e9pek<\/strong><\/h4>\n\t                <ul class=\"easy-image-gallery thumbnails-35 linked\">\r\n                    <li><a data-fancybox=\"gallery799\" href=\"https:\/\/zxdoll.com\/wp-content\/uploads\/2023\/04\/shiori-sex-doll-3q1s1-533x800.jpg\" class=\"eig-popup\" title=\"\" data-caption=\"\" target=\"_blank\"><i class=\"icon-view\"><\/i><span class=\"overlay\"><\/span><img decoding=\"async\" width=\"150\" height=\"150\" src=\"https:\/\/zxdoll.com\/wp-content\/uploads\/2023\/04\/shiori-sex-doll-3q1s1-150x150.jpg\" class=\"attachment-thumbnail size-thumbnail\" alt=\"\" title=\"\"><\/a><\/li><li><a data-fancybox=\"gallery799\" href=\"https:\/\/zxdoll.com\/wp-content\/uploads\/2023\/04\/shiori-sex-doll-3q1s3-533x800.jpg\" class=\"eig-popup\" title=\"\" data-caption=\"\" target=\"_blank\"><i class=\"icon-view\"><\/i><span class=\"overlay\"><\/span><img decoding=\"async\" width=\"150\" height=\"150\" src=\"https:\/\/zxdoll.com\/wp-content\/uploads\/2023\/04\/shiori-sex-doll-3q1s3-150x150.jpg\" class=\"attachment-thumbnail size-thumbnail\" alt=\"\" title=\"\"><\/a><\/li><li><a data-fancybox=\"gallery799\" href=\"https:\/\/zxdoll.com\/wp-content\/uploads\/2023\/04\/shiori-sex-doll-3q1s4-533x800.jpg\" class=\"eig-popup\" title=\"\" data-caption=\"\" target=\"_blank\"><i class=\"icon-view\"><\/i><span class=\"overlay\"><\/span><img decoding=\"async\" width=\"150\" height=\"150\" src=\"https:\/\/zxdoll.com\/wp-content\/uploads\/2023\/04\/shiori-sex-doll-3q1s4-150x150.jpg\" class=\"attachment-thumbnail size-thumbnail\" alt=\"\" title=\"\"><\/a><\/li><li><a data-fancybox=\"gallery799\" href=\"https:\/\/zxdoll.com\/wp-content\/uploads\/2023\/04\/shiori-sex-doll-3q1s5-533x800.jpg\" class=\"eig-popup\" title=\"\" data-caption=\"\" target=\"_blank\"><i class=\"icon-view\"><\/i><span class=\"overlay\"><\/span><img loading=\"lazy\" decoding=\"async\" width=\"150\" height=\"150\" src=\"https:\/\/zxdoll.com\/wp-content\/uploads\/2023\/04\/shiori-sex-doll-3q1s5-150x150.jpg\" class=\"attachment-thumbnail size-thumbnail\" alt=\"\" title=\"\"><\/a><\/li><li><a data-fancybox=\"gallery799\" href=\"https:\/\/zxdoll.com\/wp-content\/uploads\/2023\/04\/shiori-sex-doll-3q1s6-533x800.jpg\" class=\"eig-popup\" title=\"\" data-caption=\"\" target=\"_blank\"><i class=\"icon-view\"><\/i><span class=\"overlay\"><\/span><img loading=\"lazy\" decoding=\"async\" width=\"150\" height=\"150\" src=\"https:\/\/zxdoll.com\/wp-content\/uploads\/2023\/04\/shiori-sex-doll-3q1s6-150x150.jpg\" class=\"attachment-thumbnail size-thumbnail\" alt=\"\" title=\"\"><\/a><\/li><li><a data-fancybox=\"gallery799\" href=\"https:\/\/zxdoll.com\/wp-content\/uploads\/2023\/04\/shiori-sex-doll-3q1s7-533x800.jpg\" class=\"eig-popup\" title=\"\" data-caption=\"\" target=\"_blank\"><i class=\"icon-view\"><\/i><span class=\"overlay\"><\/span><img loading=\"lazy\" decoding=\"async\" width=\"150\" height=\"150\" src=\"https:\/\/zxdoll.com\/wp-content\/uploads\/2023\/04\/shiori-sex-doll-3q1s7-150x150.jpg\" class=\"attachment-thumbnail size-thumbnail\" alt=\"\" title=\"\"><\/a><\/li><li><a data-fancybox=\"gallery799\" href=\"https:\/\/zxdoll.com\/wp-content\/uploads\/2023\/04\/shiori-sex-doll-3q1s9-533x800.jpg\" class=\"eig-popup\" title=\"\" data-caption=\"\" target=\"_blank\"><i class=\"icon-view\"><\/i><span class=\"overlay\"><\/span><img loading=\"lazy\" decoding=\"async\" width=\"150\" height=\"150\" src=\"https:\/\/zxdoll.com\/wp-content\/uploads\/2023\/04\/shiori-sex-doll-3q1s9-150x150.jpg\" class=\"attachment-thumbnail size-thumbnail\" alt=\"\" title=\"\"><\/a><\/li><li><a data-fancybox=\"gallery799\" href=\"https:\/\/zxdoll.com\/wp-content\/uploads\/2023\/04\/shiori-sex-doll-3q1s10-533x800.jpg\" class=\"eig-popup\" title=\"\" data-caption=\"\" target=\"_blank\"><i class=\"icon-view\"><\/i><span class=\"overlay\"><\/span><img loading=\"lazy\" decoding=\"async\" width=\"150\" height=\"150\" src=\"https:\/\/zxdoll.com\/wp-content\/uploads\/2023\/04\/shiori-sex-doll-3q1s10-150x150.jpg\" class=\"attachment-thumbnail size-thumbnail\" alt=\"\" title=\"\"><\/a><\/li><li><a data-fancybox=\"gallery799\" href=\"https:\/\/zxdoll.com\/wp-content\/uploads\/2023\/04\/shiori-sex-doll-3q1s11-533x800.jpg\" class=\"eig-popup\" title=\"\" data-caption=\"\" target=\"_blank\"><i class=\"icon-view\"><\/i><span class=\"overlay\"><\/span><img loading=\"lazy\" decoding=\"async\" width=\"150\" height=\"150\" src=\"https:\/\/zxdoll.com\/wp-content\/uploads\/2023\/04\/shiori-sex-doll-3q1s11-150x150.jpg\" class=\"attachment-thumbnail size-thumbnail\" alt=\"\" title=\"\"><\/a><\/li><li><a data-fancybox=\"gallery799\" href=\"https:\/\/zxdoll.com\/wp-content\/uploads\/2023\/04\/shiori-sex-doll-3q1s12-533x800.jpg\" class=\"eig-popup\" title=\"\" data-caption=\"\" target=\"_blank\"><i class=\"icon-view\"><\/i><span class=\"overlay\"><\/span><img loading=\"lazy\" decoding=\"async\" width=\"150\" height=\"150\" src=\"https:\/\/zxdoll.com\/wp-content\/uploads\/2023\/04\/shiori-sex-doll-3q1s12-150x150.jpg\" class=\"attachment-thumbnail size-thumbnail\" alt=\"\" title=\"\"><\/a><\/li><li><a data-fancybox=\"gallery799\" href=\"https:\/\/zxdoll.com\/wp-content\/uploads\/2023\/04\/shiori-sex-doll-3q1s13-533x800.jpg\" class=\"eig-popup\" title=\"\" data-caption=\"\" target=\"_blank\"><i class=\"icon-view\"><\/i><span class=\"overlay\"><\/span><img loading=\"lazy\" decoding=\"async\" width=\"150\" height=\"150\" src=\"https:\/\/zxdoll.com\/wp-content\/uploads\/2023\/04\/shiori-sex-doll-3q1s13-150x150.jpg\" class=\"attachment-thumbnail size-thumbnail\" alt=\"\" title=\"\"><\/a><\/li><li><a data-fancybox=\"gallery799\" href=\"https:\/\/zxdoll.com\/wp-content\/uploads\/2023\/04\/shiori-sex-doll-3q1s14-533x800.jpg\" class=\"eig-popup\" title=\"\" data-caption=\"\" target=\"_blank\"><i class=\"icon-view\"><\/i><span class=\"overlay\"><\/span><img loading=\"lazy\" decoding=\"async\" width=\"150\" height=\"150\" src=\"https:\/\/zxdoll.com\/wp-content\/uploads\/2023\/04\/shiori-sex-doll-3q1s14-150x150.jpg\" class=\"attachment-thumbnail size-thumbnail\" alt=\"\" title=\"\"><\/a><\/li><li><a data-fancybox=\"gallery799\" href=\"https:\/\/zxdoll.com\/wp-content\/uploads\/2023\/04\/shiori-sex-doll-3q1s15-533x800.jpg\" class=\"eig-popup\" title=\"\" data-caption=\"\" target=\"_blank\"><i class=\"icon-view\"><\/i><span class=\"overlay\"><\/span><img loading=\"lazy\" decoding=\"async\" width=\"150\" height=\"150\" src=\"https:\/\/zxdoll.com\/wp-content\/uploads\/2023\/04\/shiori-sex-doll-3q1s15-150x150.jpg\" class=\"attachment-thumbnail size-thumbnail\" alt=\"\" title=\"\"><\/a><\/li><li><a data-fancybox=\"gallery799\" href=\"https:\/\/zxdoll.com\/wp-content\/uploads\/2023\/04\/shiori-sex-doll-3q1s16-533x800.jpg\" class=\"eig-popup\" title=\"\" data-caption=\"\" target=\"_blank\"><i class=\"icon-view\"><\/i><span class=\"overlay\"><\/span><img loading=\"lazy\" decoding=\"async\" width=\"150\" height=\"150\" src=\"https:\/\/zxdoll.com\/wp-content\/uploads\/2023\/04\/shiori-sex-doll-3q1s16-150x150.jpg\" class=\"attachment-thumbnail size-thumbnail\" alt=\"\" title=\"\"><\/a><\/li><li><a data-fancybox=\"gallery799\" href=\"https:\/\/zxdoll.com\/wp-content\/uploads\/2023\/04\/shiori-sex-doll-3q1s19-533x800.jpg\" class=\"eig-popup\" title=\"\" data-caption=\"\" target=\"_blank\"><i class=\"icon-view\"><\/i><span class=\"overlay\"><\/span><img loading=\"lazy\" decoding=\"async\" width=\"150\" height=\"150\" src=\"https:\/\/zxdoll.com\/wp-content\/uploads\/2023\/04\/shiori-sex-doll-3q1s19-150x150.jpg\" class=\"attachment-thumbnail size-thumbnail\" alt=\"\" title=\"\"><\/a><\/li><li><a data-fancybox=\"gallery799\" href=\"https:\/\/zxdoll.com\/wp-content\/uploads\/2023\/04\/shiori-sex-doll-3q1s20-533x800.jpg\" class=\"eig-popup\" title=\"\" data-caption=\"\" target=\"_blank\"><i class=\"icon-view\"><\/i><span class=\"overlay\"><\/span><img loading=\"lazy\" decoding=\"async\" width=\"150\" height=\"150\" src=\"https:\/\/zxdoll.com\/wp-content\/uploads\/2023\/04\/shiori-sex-doll-3q1s20-150x150.jpg\" class=\"attachment-thumbnail size-thumbnail\" alt=\"\" title=\"\"><\/a><\/li><li><a data-fancybox=\"gallery799\" href=\"https:\/\/zxdoll.com\/wp-content\/uploads\/2023\/04\/shiori-sex-doll-3q1s21-533x800.jpg\" class=\"eig-popup\" title=\"\" data-caption=\"\" target=\"_blank\"><i class=\"icon-view\"><\/i><span class=\"overlay\"><\/span><img loading=\"lazy\" decoding=\"async\" width=\"150\" height=\"150\" src=\"https:\/\/zxdoll.com\/wp-content\/uploads\/2023\/04\/shiori-sex-doll-3q1s21-150x150.jpg\" class=\"attachment-thumbnail size-thumbnail\" alt=\"\" title=\"\"><\/a><\/li><li><a data-fancybox=\"gallery799\" href=\"https:\/\/zxdoll.com\/wp-content\/uploads\/2023\/04\/shiori-sex-doll-3q1s23-533x800.jpg\" class=\"eig-popup\" title=\"\" data-caption=\"\" target=\"_blank\"><i class=\"icon-view\"><\/i><span class=\"overlay\"><\/span><img loading=\"lazy\" decoding=\"async\" width=\"150\" height=\"150\" src=\"https:\/\/zxdoll.com\/wp-content\/uploads\/2023\/04\/shiori-sex-doll-3q1s23-150x150.jpg\" class=\"attachment-thumbnail size-thumbnail\" alt=\"\" title=\"\"><\/a><\/li><li><a data-fancybox=\"gallery799\" href=\"https:\/\/zxdoll.com\/wp-content\/uploads\/2023\/04\/shiori-sex-doll-3q1s26-533x800.jpg\" class=\"eig-popup\" title=\"\" data-caption=\"\" target=\"_blank\"><i class=\"icon-view\"><\/i><span class=\"overlay\"><\/span><img loading=\"lazy\" decoding=\"async\" width=\"150\" height=\"150\" src=\"https:\/\/zxdoll.com\/wp-content\/uploads\/2023\/04\/shiori-sex-doll-3q1s26-150x150.jpg\" class=\"attachment-thumbnail size-thumbnail\" alt=\"\" title=\"\"><\/a><\/li><li><a data-fancybox=\"gallery799\" href=\"https:\/\/zxdoll.com\/wp-content\/uploads\/2023\/04\/shiori-sex-doll-3q1s27-533x800.jpg\" class=\"eig-popup\" title=\"\" data-caption=\"\" target=\"_blank\"><i class=\"icon-view\"><\/i><span class=\"overlay\"><\/span><img loading=\"lazy\" decoding=\"async\" width=\"150\" height=\"150\" src=\"https:\/\/zxdoll.com\/wp-content\/uploads\/2023\/04\/shiori-sex-doll-3q1s27-150x150.jpg\" class=\"attachment-thumbnail size-thumbnail\" alt=\"\" title=\"\"><\/a><\/li><li><a data-fancybox=\"gallery799\" href=\"https:\/\/zxdoll.com\/wp-content\/uploads\/2023\/04\/shiori-sex-doll-3q1s28-533x800.jpg\" class=\"eig-popup\" title=\"\" data-caption=\"\" target=\"_blank\"><i class=\"icon-view\"><\/i><span class=\"overlay\"><\/span><img loading=\"lazy\" decoding=\"async\" width=\"150\" height=\"150\" src=\"https:\/\/zxdoll.com\/wp-content\/uploads\/2023\/04\/shiori-sex-doll-3q1s28-150x150.jpg\" class=\"attachment-thumbnail size-thumbnail\" alt=\"\" title=\"\"><\/a><\/li><li><a data-fancybox=\"gallery799\" href=\"https:\/\/zxdoll.com\/wp-content\/uploads\/2023\/04\/shiori-sex-doll-3q1s29-533x800.jpg\" class=\"eig-popup\" title=\"\" data-caption=\"\" target=\"_blank\"><i class=\"icon-view\"><\/i><span class=\"overlay\"><\/span><img loading=\"lazy\" decoding=\"async\" width=\"150\" height=\"150\" src=\"https:\/\/zxdoll.com\/wp-content\/uploads\/2023\/04\/shiori-sex-doll-3q1s29-150x150.jpg\" class=\"attachment-thumbnail size-thumbnail\" alt=\"\" title=\"\"><\/a><\/li><li><a data-fancybox=\"gallery799\" href=\"https:\/\/zxdoll.com\/wp-content\/uploads\/2023\/04\/shiori-sex-doll-3q1s31-533x800.jpg\" class=\"eig-popup\" title=\"\" data-caption=\"\" target=\"_blank\"><i class=\"icon-view\"><\/i><span class=\"overlay\"><\/span><img loading=\"lazy\" decoding=\"async\" width=\"150\" height=\"150\" src=\"https:\/\/zxdoll.com\/wp-content\/uploads\/2023\/04\/shiori-sex-doll-3q1s31-150x150.jpg\" class=\"attachment-thumbnail size-thumbnail\" alt=\"\" title=\"\"><\/a><\/li><li><a data-fancybox=\"gallery799\" href=\"https:\/\/zxdoll.com\/wp-content\/uploads\/2023\/04\/shiori-sex-doll-3q1s32-533x800.jpg\" class=\"eig-popup\" title=\"\" data-caption=\"\" target=\"_blank\"><i class=\"icon-view\"><\/i><span class=\"overlay\"><\/span><img loading=\"lazy\" decoding=\"async\" width=\"150\" height=\"150\" src=\"https:\/\/zxdoll.com\/wp-content\/uploads\/2023\/04\/shiori-sex-doll-3q1s32-150x150.jpg\" class=\"attachment-thumbnail size-thumbnail\" alt=\"\" title=\"\"><\/a><\/li><li><a data-fancybox=\"gallery799\" href=\"https:\/\/zxdoll.com\/wp-content\/uploads\/2023\/04\/shiori-sex-doll-3q1s33-533x800.jpg\" class=\"eig-popup\" title=\"\" data-caption=\"\" target=\"_blank\"><i class=\"icon-view\"><\/i><span class=\"overlay\"><\/span><img loading=\"lazy\" decoding=\"async\" width=\"150\" height=\"150\" src=\"https:\/\/zxdoll.com\/wp-content\/uploads\/2023\/04\/shiori-sex-doll-3q1s33-150x150.jpg\" class=\"attachment-thumbnail size-thumbnail\" alt=\"\" title=\"\"><\/a><\/li><li><a data-fancybox=\"gallery799\" href=\"https:\/\/zxdoll.com\/wp-content\/uploads\/2023\/04\/shiori-sex-doll-3q1s34-533x800.jpg\" class=\"eig-popup\" title=\"\" data-caption=\"\" target=\"_blank\"><i class=\"icon-view\"><\/i><span class=\"overlay\"><\/span><img loading=\"lazy\" decoding=\"async\" width=\"150\" height=\"150\" src=\"https:\/\/zxdoll.com\/wp-content\/uploads\/2023\/04\/shiori-sex-doll-3q1s34-150x150.jpg\" class=\"attachment-thumbnail size-thumbnail\" alt=\"\" title=\"\"><\/a><\/li><li><a data-fancybox=\"gallery799\" href=\"https:\/\/zxdoll.com\/wp-content\/uploads\/2023\/04\/shiori-sex-doll-3q1s35-533x800.jpg\" class=\"eig-popup\" title=\"\" data-caption=\"\" target=\"_blank\"><i class=\"icon-view\"><\/i><span class=\"overlay\"><\/span><img loading=\"lazy\" decoding=\"async\" width=\"150\" height=\"150\" src=\"https:\/\/zxdoll.com\/wp-content\/uploads\/2023\/04\/shiori-sex-doll-3q1s35-150x150.jpg\" class=\"attachment-thumbnail size-thumbnail\" alt=\"\" title=\"\"><\/a><\/li><li><a data-fancybox=\"gallery799\" href=\"https:\/\/zxdoll.com\/wp-content\/uploads\/2023\/04\/shiori-sex-doll-3q1s36-533x800.jpg\" class=\"eig-popup\" title=\"\" data-caption=\"\" target=\"_blank\"><i class=\"icon-view\"><\/i><span class=\"overlay\"><\/span><img loading=\"lazy\" decoding=\"async\" width=\"150\" height=\"150\" src=\"https:\/\/zxdoll.com\/wp-content\/uploads\/2023\/04\/shiori-sex-doll-3q1s36-150x150.jpg\" class=\"attachment-thumbnail size-thumbnail\" alt=\"\" title=\"\"><\/a><\/li><li><a data-fancybox=\"gallery799\" href=\"https:\/\/zxdoll.com\/wp-content\/uploads\/2023\/04\/shiori-sex-doll-3q1s37-533x800.jpg\" class=\"eig-popup\" title=\"\" data-caption=\"\" target=\"_blank\"><i class=\"icon-view\"><\/i><span class=\"overlay\"><\/span><img loading=\"lazy\" decoding=\"async\" width=\"150\" height=\"150\" src=\"https:\/\/zxdoll.com\/wp-content\/uploads\/2023\/04\/shiori-sex-doll-3q1s37-150x150.jpg\" class=\"attachment-thumbnail size-thumbnail\" alt=\"\" title=\"\"><\/a><\/li><li><a data-fancybox=\"gallery799\" href=\"https:\/\/zxdoll.com\/wp-content\/uploads\/2023\/04\/shiori-sex-doll-3q1s39-533x800.jpg\" class=\"eig-popup\" title=\"\" data-caption=\"\" target=\"_blank\"><i class=\"icon-view\"><\/i><span class=\"overlay\"><\/span><img loading=\"lazy\" decoding=\"async\" width=\"150\" height=\"150\" src=\"https:\/\/zxdoll.com\/wp-content\/uploads\/2023\/04\/shiori-sex-doll-3q1s39-150x150.jpg\" class=\"attachment-thumbnail size-thumbnail\" alt=\"\" title=\"\"><\/a><\/li><li><a data-fancybox=\"gallery799\" href=\"https:\/\/zxdoll.com\/wp-content\/uploads\/2023\/04\/shiori-sex-doll-3q1s41-533x800.jpg\" class=\"eig-popup\" title=\"\" data-caption=\"\" target=\"_blank\"><i class=\"icon-view\"><\/i><span class=\"overlay\"><\/span><img loading=\"lazy\" decoding=\"async\" width=\"150\" height=\"150\" src=\"https:\/\/zxdoll.com\/wp-content\/uploads\/2023\/04\/shiori-sex-doll-3q1s41-150x150.jpg\" class=\"attachment-thumbnail size-thumbnail\" alt=\"\" title=\"\"><\/a><\/li><li><a data-fancybox=\"gallery799\" href=\"https:\/\/zxdoll.com\/wp-content\/uploads\/2023\/04\/shiori-sex-doll-3q1s43-533x800.jpg\" class=\"eig-popup\" title=\"\" data-caption=\"\" target=\"_blank\"><i class=\"icon-view\"><\/i><span class=\"overlay\"><\/span><img loading=\"lazy\" decoding=\"async\" width=\"150\" height=\"150\" src=\"https:\/\/zxdoll.com\/wp-content\/uploads\/2023\/04\/shiori-sex-doll-3q1s43-150x150.jpg\" class=\"attachment-thumbnail size-thumbnail\" alt=\"\" title=\"\"><\/a><\/li><li><a data-fancybox=\"gallery799\" href=\"https:\/\/zxdoll.com\/wp-content\/uploads\/2023\/04\/shiori-sex-doll-3q1s44-533x800.jpg\" class=\"eig-popup\" title=\"\" data-caption=\"\" target=\"_blank\"><i class=\"icon-view\"><\/i><span class=\"overlay\"><\/span><img loading=\"lazy\" decoding=\"async\" width=\"150\" height=\"150\" src=\"https:\/\/zxdoll.com\/wp-content\/uploads\/2023\/04\/shiori-sex-doll-3q1s44-150x150.jpg\" class=\"attachment-thumbnail size-thumbnail\" alt=\"\" title=\"\"><\/a><\/li><li><a data-fancybox=\"gallery799\" href=\"https:\/\/zxdoll.com\/wp-content\/uploads\/2023\/04\/shiori-sex-doll-3q1s51-533x800.jpg\" class=\"eig-popup\" title=\"\" data-caption=\"\" target=\"_blank\"><i class=\"icon-view\"><\/i><span class=\"overlay\"><\/span><img loading=\"lazy\" decoding=\"async\" width=\"150\" height=\"150\" src=\"https:\/\/zxdoll.com\/wp-content\/uploads\/2023\/04\/shiori-sex-doll-3q1s51-150x150.jpg\" class=\"attachment-thumbnail size-thumbnail\" alt=\"\" title=\"\"><\/a><\/li><li><a data-fancybox=\"gallery799\" href=\"https:\/\/zxdoll.com\/wp-content\/uploads\/2023\/04\/shiori-sex-doll-3q1s53-533x800.jpg\" class=\"eig-popup\" title=\"\" data-caption=\"\" target=\"_blank\"><i class=\"icon-view\"><\/i><span class=\"overlay\"><\/span><img loading=\"lazy\" decoding=\"async\" width=\"150\" height=\"150\" src=\"https:\/\/zxdoll.com\/wp-content\/uploads\/2023\/04\/shiori-sex-doll-3q1s53-150x150.jpg\" class=\"attachment-thumbnail size-thumbnail\" alt=\"\" title=\"\"><\/a><\/li><\/ul>\n<h4>M\u00e9rett\u00e1bl\u00e1zatok<\/h4>\n<table width=\"292\">\n<tbody>\n<tr>\n<td width=\"153\">Anyag<\/td>\n<td width=\"139\">TPE<\/td>\n<\/tr>\n<tr>\n<td>Magass\u00e1g<\/td>\n<td>164 cm<\/td>\n<\/tr>\n<tr>\n<td>Mellb\u0151s\u00e9g<\/td>\n<td>88 cm<\/td>\n<\/tr>\n<tr>\n<td>Der\u00e9k<\/td>\n<td>58 cm<\/td>\n<\/tr>\n<tr>\n<td>Cs\u00edp\u0151<\/td>\n<td>88 cm<\/td>\n<\/tr>\n<tr>\n<td>Kar hossz\u00fas\u00e1g<\/td>\n<td>67 cm<\/td>\n<\/tr>\n<tr>\n<td>L\u00e1b<\/td>\n<td>21 cm<\/td>\n<\/tr>\n<tr>\n<td>Nett\u00f3 t\u00f6meg<\/td>\n<td>43 kg<\/td>\n<\/tr>\n<tr>\n<td>Or\u00e1lis m\u00e9lys\u00e9g<\/td>\n<td>13 cm<\/td>\n<\/tr>\n<tr>\n<td>H\u00fcvelym\u00e9lys\u00e9g<\/td>\n<td>18 cm<\/td>\n<\/tr>\n<tr>\n<td>An\u00e1lis m\u00e9lys\u00e9g<\/td>\n<td>16 cm<\/td>\n<\/tr>\n<\/tbody>\n<\/table>\n<h4>A szexbab\u00e1r\u00f3l<\/h4>\n<p>Bemutatjuk rendk\u00edv\u00fcl val\u00f3s\u00e1gh\u0171 pr\u00e9mium szexbabaink sor\u00e1t, amelyek megfelel\u0151 szexu\u00e1lis stimul\u00e1ci\u00f3t biztos\u00edtanak. A legjobb toront\u00f3i aurabab\u00e1k k\u00fclsej\u00e9t tekintve ez a val\u00f3di szexbaba min\u0151s\u00e9gileg egyenrang\u00fa. ez\u00e9rt minden pozit\u00edv v\u00e9lem\u00e9ny, amit a szexbab\u00e1k f\u00f3rum\u00e1n l\u00e1t, j\u00f3l meg\u00e9rdemelt. K\u00f6sz\u00f6nhet\u0151en ennek az igazi baba n\u0151i szex bab\u00e1nak a min\u0151s\u00e9g\u00e9nek.<\/p>\n<p>Ezenk\u00edv\u00fcl ez a val\u00f3s\u00e1gh\u0171 feln\u0151tt val\u00f3di baba szexbaba-tartoz\u00e9kok sz\u00e9les v\u00e1laszt\u00e9k\u00e1val kompatibilis. Alak\u00edts egyedi babah\u00e1zat m\u00e1s kieg\u00e9sz\u00edt\u0151knek. Ez a val\u00f3di szexbaba lehet\u0151s\u00e9get k\u00edn\u00e1l kedvenc szexu\u00e1lis fant\u00e1zi\u00e1id \u00fajrateremt\u00e9s\u00e9re. \u00edgy ezzel a val\u00f3s\u00e1gh\u0171 igazi bab\u00e1val felfedezheti a fant\u00e1zi\u00e1kat egy igazi babah\u00e1zban. Mik\u00f6zben m\u00e1s m\u00e9lyebb szexu\u00e1lis fant\u00e1zi\u00e1kat fedez fel. ez a n\u0151i szexbaba j\u00f3l felszerelt ahhoz, hogy olyan \u00e9rz\u00e9st \u00e9s \u00e9rz\u00e9st biztos\u00edtson, amely m\u00e9lyen stimul\u00e1lja \u00d6nt. Ez\u00e9rt ez a val\u00f3di szexbaba t\u00f6k\u00e9letes szexbaba filmekhez. K\u00f6sz\u00f6net a rendk\u00edv\u00fcl r\u00e9szletes \u00e9s j\u00f3l elk\u00e9sz\u00edtett szavanna bab\u00e1nak. \u00edgy ha szeretn\u00e9d megtapasztalni a val\u00f3s\u00e1gh\u0171 smartdoll harm\u00f3ni\u00e1t, az igazi bab\u00e1t m\u0171k\u00f6d\u00e9s k\u00f6zben. Csak a megrendel\u00e9s gombra kell kattintania. \u00c9s a szexu\u00e1lis bab\u00e1j\u00e1t diszkr\u00e9ten sz\u00e1ll\u00edtjuk. Sz\u00f3val kezdje el kiv\u00e1logatni az \u00e9letem neveit. A h\u00e1l\u00f3szob\u00e1ban l\u00e9v\u0151 t\u00e1rsa hamarosan veled lesz.<\/p>","protected":false},"excerpt":{"rendered":"<p>Szexbaba k\u00e9pek M\u00e9rett\u00e1bl\u00e1zat Anyag TPE magass\u00e1g 164 cm mell 88 cm der\u00e9k 58 cm cs\u00edp\u0151 88 cm kar hossz 67 cm l\u00e1b 21 cm<\/p>","protected":false},"featured_media":38283,"comment_status":"open","ping_status":"closed","template":"","meta":[],"product_brand":[],"product_cat":[103,75,231,107,117,119],"product_tag":[],"class_list":{"0":"post-38242","1":"product","2":"type-product","3":"status-publish","4":"has-post-thumbnail","6":"product_cat-2b-sex-doll","7":"product_cat-160cm-170cm-sex-dolls","8":"product_cat-41kg-45kg","9":"product_cat-skinny-sex-dolls","10":"product_cat-small-breast-sex-doll","11":"product_cat-tpe-sex-doll","12":"pa_brand-aibei-doll","13":"tm-has-options","15":"first","16":"instock","17":"sale","18":"shipping-taxable","19":"purchasable","20":"product-type-simple"},"_links":{"self":[{"href":"https:\/\/zxdoll.com\/hu\/wp-json\/wp\/v2\/product\/38242","targetHints":{"allow":["GET"]}}],"collection":[{"href":"https:\/\/zxdoll.com\/hu\/wp-json\/wp\/v2\/product"}],"about":[{"href":"https:\/\/zxdoll.com\/hu\/wp-json\/wp\/v2\/types\/product"}],"replies":[{"embeddable":true,"href":"https:\/\/zxdoll.com\/hu\/wp-json\/wp\/v2\/comments?post=38242"}],"version-history":[{"count":1,"href":"https:\/\/zxdoll.com\/hu\/wp-json\/wp\/v2\/product\/38242\/revisions"}],"predecessor-version":[{"id":101651,"href":"https:\/\/zxdoll.com\/hu\/wp-json\/wp\/v2\/product\/38242\/revisions\/101651"}],"wp:featuredmedia":[{"embeddable":true,"href":"https:\/\/zxdoll.com\/hu\/wp-json\/wp\/v2\/media\/38283"}],"wp:attachment":[{"href":"https:\/\/zxdoll.com\/hu\/wp-json\/wp\/v2\/media?parent=38242"}],"wp:term":[{"taxonomy":"product_brand","embeddable":true,"href":"https:\/\/zxdoll.com\/hu\/wp-json\/wp\/v2\/product_brand?post=38242"},{"taxonomy":"product_cat","embeddable":true,"href":"https:\/\/zxdoll.com\/hu\/wp-json\/wp\/v2\/product_cat?post=38242"},{"taxonomy":"product_tag","embeddable":true,"href":"https:\/\/zxdoll.com\/hu\/wp-json\/wp\/v2\/product_tag?post=38242"}],"curies":[{"name":"wp","href":"https:\/\/api.w.org\/{rel}","templated":true}]}}