{"id":36137,"date":"2023-04-09T03:22:30","date_gmt":"2023-04-08T19:22:30","guid":{"rendered":"https:\/\/zxdoll.com\/?post_type=product&#038;p=36137"},"modified":"2025-09-08T00:43:36","modified_gmt":"2025-09-07T16:43:36","slug":"realistic-busty-lifelike-pretty-sexdoll","status":"publish","type":"product","link":"https:\/\/zxdoll.com\/hu\/product\/realistic-busty-lifelike-pretty-sexdoll\/","title":{"rendered":"Re\u00e1lis Busty Lifelike Pretty Sexdoll Elanor 158cm"},"content":{"rendered":"<h4><strong>Szexbaba k\u00e9pek<\/strong><\/h4>\n\t                <ul class=\"easy-image-gallery thumbnails-26 linked\">\r\n                    <li><a data-fancybox=\"gallery478\" href=\"https:\/\/zxdoll.com\/wp-content\/uploads\/2023\/04\/mirabelle-doll-4w3c1-533x800.jpg\" class=\"eig-popup\" title=\"\" data-caption=\"\" target=\"_blank\"><i class=\"icon-view\"><\/i><span class=\"overlay\"><\/span><img decoding=\"async\" width=\"150\" height=\"150\" src=\"https:\/\/zxdoll.com\/wp-content\/uploads\/2023\/04\/mirabelle-doll-4w3c1-150x150.jpg\" class=\"attachment-thumbnail size-thumbnail\" alt=\"\" title=\"\"><\/a><\/li><li><a data-fancybox=\"gallery478\" href=\"https:\/\/zxdoll.com\/wp-content\/uploads\/2023\/04\/mirabelle-doll-4w3c3-533x800.jpg\" class=\"eig-popup\" title=\"\" data-caption=\"\" target=\"_blank\"><i class=\"icon-view\"><\/i><span class=\"overlay\"><\/span><img decoding=\"async\" width=\"150\" height=\"150\" src=\"https:\/\/zxdoll.com\/wp-content\/uploads\/2023\/04\/mirabelle-doll-4w3c3-150x150.jpg\" class=\"attachment-thumbnail size-thumbnail\" alt=\"\" title=\"\"><\/a><\/li><li><a data-fancybox=\"gallery478\" href=\"https:\/\/zxdoll.com\/wp-content\/uploads\/2023\/04\/mirabelle-doll-4w3c7-533x800.jpg\" class=\"eig-popup\" title=\"\" data-caption=\"\" target=\"_blank\"><i class=\"icon-view\"><\/i><span class=\"overlay\"><\/span><img decoding=\"async\" width=\"150\" height=\"150\" src=\"https:\/\/zxdoll.com\/wp-content\/uploads\/2023\/04\/mirabelle-doll-4w3c7-150x150.jpg\" class=\"attachment-thumbnail size-thumbnail\" alt=\"\" title=\"\"><\/a><\/li><li><a data-fancybox=\"gallery478\" href=\"https:\/\/zxdoll.com\/wp-content\/uploads\/2023\/04\/mirabelle-doll-4w3c8-533x800.jpg\" class=\"eig-popup\" title=\"\" data-caption=\"\" target=\"_blank\"><i class=\"icon-view\"><\/i><span class=\"overlay\"><\/span><img loading=\"lazy\" decoding=\"async\" width=\"150\" height=\"150\" src=\"https:\/\/zxdoll.com\/wp-content\/uploads\/2023\/04\/mirabelle-doll-4w3c8-150x150.jpg\" class=\"attachment-thumbnail size-thumbnail\" alt=\"\" title=\"\"><\/a><\/li><li><a data-fancybox=\"gallery478\" href=\"https:\/\/zxdoll.com\/wp-content\/uploads\/2023\/04\/mirabelle-doll-4w3c9-533x800.jpg\" class=\"eig-popup\" title=\"\" data-caption=\"\" target=\"_blank\"><i class=\"icon-view\"><\/i><span class=\"overlay\"><\/span><img loading=\"lazy\" decoding=\"async\" width=\"150\" height=\"150\" src=\"https:\/\/zxdoll.com\/wp-content\/uploads\/2023\/04\/mirabelle-doll-4w3c9-150x150.jpg\" class=\"attachment-thumbnail size-thumbnail\" alt=\"\" title=\"\"><\/a><\/li><li><a data-fancybox=\"gallery478\" href=\"https:\/\/zxdoll.com\/wp-content\/uploads\/2023\/04\/mirabelle-doll-4w3c15-533x800.jpg\" class=\"eig-popup\" title=\"\" data-caption=\"\" target=\"_blank\"><i class=\"icon-view\"><\/i><span class=\"overlay\"><\/span><img loading=\"lazy\" decoding=\"async\" width=\"150\" height=\"150\" src=\"https:\/\/zxdoll.com\/wp-content\/uploads\/2023\/04\/mirabelle-doll-4w3c15-150x150.jpg\" class=\"attachment-thumbnail size-thumbnail\" alt=\"\" title=\"\"><\/a><\/li><li><a data-fancybox=\"gallery478\" href=\"https:\/\/zxdoll.com\/wp-content\/uploads\/2023\/04\/mirabelle-doll-4w3c17-533x800.jpg\" class=\"eig-popup\" title=\"\" data-caption=\"\" target=\"_blank\"><i class=\"icon-view\"><\/i><span class=\"overlay\"><\/span><img loading=\"lazy\" decoding=\"async\" width=\"150\" height=\"150\" src=\"https:\/\/zxdoll.com\/wp-content\/uploads\/2023\/04\/mirabelle-doll-4w3c17-150x150.jpg\" class=\"attachment-thumbnail size-thumbnail\" alt=\"\" title=\"\"><\/a><\/li><li><a data-fancybox=\"gallery478\" href=\"https:\/\/zxdoll.com\/wp-content\/uploads\/2023\/04\/mirabelle-doll-4w3c25-533x800.jpg\" class=\"eig-popup\" title=\"\" data-caption=\"\" target=\"_blank\"><i class=\"icon-view\"><\/i><span class=\"overlay\"><\/span><img loading=\"lazy\" decoding=\"async\" width=\"150\" height=\"150\" src=\"https:\/\/zxdoll.com\/wp-content\/uploads\/2023\/04\/mirabelle-doll-4w3c25-150x150.jpg\" class=\"attachment-thumbnail size-thumbnail\" alt=\"\" title=\"\"><\/a><\/li><li><a data-fancybox=\"gallery478\" href=\"https:\/\/zxdoll.com\/wp-content\/uploads\/2023\/04\/mirabelle-doll-4w3c26-533x800.jpg\" class=\"eig-popup\" title=\"\" data-caption=\"\" target=\"_blank\"><i class=\"icon-view\"><\/i><span class=\"overlay\"><\/span><img loading=\"lazy\" decoding=\"async\" width=\"150\" height=\"150\" src=\"https:\/\/zxdoll.com\/wp-content\/uploads\/2023\/04\/mirabelle-doll-4w3c26-150x150.jpg\" class=\"attachment-thumbnail size-thumbnail\" alt=\"\" title=\"\"><\/a><\/li><li><a data-fancybox=\"gallery478\" href=\"https:\/\/zxdoll.com\/wp-content\/uploads\/2023\/04\/mirabelle-doll-4w3c32-533x800.jpg\" class=\"eig-popup\" title=\"\" data-caption=\"\" target=\"_blank\"><i class=\"icon-view\"><\/i><span class=\"overlay\"><\/span><img loading=\"lazy\" decoding=\"async\" width=\"150\" height=\"150\" src=\"https:\/\/zxdoll.com\/wp-content\/uploads\/2023\/04\/mirabelle-doll-4w3c32-150x150.jpg\" class=\"attachment-thumbnail size-thumbnail\" alt=\"\" title=\"\"><\/a><\/li><li><a data-fancybox=\"gallery478\" href=\"https:\/\/zxdoll.com\/wp-content\/uploads\/2023\/04\/mirabelle-doll-4w3c33-533x800.jpg\" class=\"eig-popup\" title=\"\" data-caption=\"\" target=\"_blank\"><i class=\"icon-view\"><\/i><span class=\"overlay\"><\/span><img loading=\"lazy\" decoding=\"async\" width=\"150\" height=\"150\" src=\"https:\/\/zxdoll.com\/wp-content\/uploads\/2023\/04\/mirabelle-doll-4w3c33-150x150.jpg\" class=\"attachment-thumbnail size-thumbnail\" alt=\"\" title=\"\"><\/a><\/li><li><a data-fancybox=\"gallery478\" href=\"https:\/\/zxdoll.com\/wp-content\/uploads\/2023\/04\/mirabelle-doll-4w3c37-533x800.jpg\" class=\"eig-popup\" title=\"\" data-caption=\"\" target=\"_blank\"><i class=\"icon-view\"><\/i><span class=\"overlay\"><\/span><img loading=\"lazy\" decoding=\"async\" width=\"150\" height=\"150\" src=\"https:\/\/zxdoll.com\/wp-content\/uploads\/2023\/04\/mirabelle-doll-4w3c37-150x150.jpg\" class=\"attachment-thumbnail size-thumbnail\" alt=\"\" title=\"\"><\/a><\/li><li><a data-fancybox=\"gallery478\" href=\"https:\/\/zxdoll.com\/wp-content\/uploads\/2023\/04\/mirabelle-doll-4w3c43-533x800.jpg\" class=\"eig-popup\" title=\"\" data-caption=\"\" target=\"_blank\"><i class=\"icon-view\"><\/i><span class=\"overlay\"><\/span><img loading=\"lazy\" decoding=\"async\" width=\"150\" height=\"150\" src=\"https:\/\/zxdoll.com\/wp-content\/uploads\/2023\/04\/mirabelle-doll-4w3c43-150x150.jpg\" class=\"attachment-thumbnail size-thumbnail\" alt=\"\" title=\"\"><\/a><\/li><li><a data-fancybox=\"gallery478\" href=\"https:\/\/zxdoll.com\/wp-content\/uploads\/2023\/04\/mirabelle-doll-4w3c47-533x800.jpg\" class=\"eig-popup\" title=\"\" data-caption=\"\" target=\"_blank\"><i class=\"icon-view\"><\/i><span class=\"overlay\"><\/span><img loading=\"lazy\" decoding=\"async\" width=\"150\" height=\"150\" src=\"https:\/\/zxdoll.com\/wp-content\/uploads\/2023\/04\/mirabelle-doll-4w3c47-150x150.jpg\" class=\"attachment-thumbnail size-thumbnail\" alt=\"\" title=\"\"><\/a><\/li><li><a data-fancybox=\"gallery478\" href=\"https:\/\/zxdoll.com\/wp-content\/uploads\/2023\/04\/mirabelle-doll-4w3c48-533x800.jpg\" class=\"eig-popup\" title=\"\" data-caption=\"\" target=\"_blank\"><i class=\"icon-view\"><\/i><span class=\"overlay\"><\/span><img loading=\"lazy\" decoding=\"async\" width=\"150\" height=\"150\" src=\"https:\/\/zxdoll.com\/wp-content\/uploads\/2023\/04\/mirabelle-doll-4w3c48-150x150.jpg\" class=\"attachment-thumbnail size-thumbnail\" alt=\"\" title=\"\"><\/a><\/li><li><a data-fancybox=\"gallery478\" href=\"https:\/\/zxdoll.com\/wp-content\/uploads\/2023\/04\/mirabelle-doll-4w3c49-533x800.jpg\" class=\"eig-popup\" title=\"\" data-caption=\"\" target=\"_blank\"><i class=\"icon-view\"><\/i><span class=\"overlay\"><\/span><img loading=\"lazy\" decoding=\"async\" width=\"150\" height=\"150\" src=\"https:\/\/zxdoll.com\/wp-content\/uploads\/2023\/04\/mirabelle-doll-4w3c49-150x150.jpg\" class=\"attachment-thumbnail size-thumbnail\" alt=\"\" title=\"\"><\/a><\/li><li><a data-fancybox=\"gallery478\" href=\"https:\/\/zxdoll.com\/wp-content\/uploads\/2023\/04\/mirabelle-doll-4w3c55-533x800.jpg\" class=\"eig-popup\" title=\"\" data-caption=\"\" target=\"_blank\"><i class=\"icon-view\"><\/i><span class=\"overlay\"><\/span><img loading=\"lazy\" decoding=\"async\" width=\"150\" height=\"150\" src=\"https:\/\/zxdoll.com\/wp-content\/uploads\/2023\/04\/mirabelle-doll-4w3c55-150x150.jpg\" class=\"attachment-thumbnail size-thumbnail\" alt=\"\" title=\"\"><\/a><\/li><li><a data-fancybox=\"gallery478\" href=\"https:\/\/zxdoll.com\/wp-content\/uploads\/2023\/04\/mirabelle-doll-4w3c56-533x800.jpg\" class=\"eig-popup\" title=\"\" data-caption=\"\" target=\"_blank\"><i class=\"icon-view\"><\/i><span class=\"overlay\"><\/span><img loading=\"lazy\" decoding=\"async\" width=\"150\" height=\"150\" src=\"https:\/\/zxdoll.com\/wp-content\/uploads\/2023\/04\/mirabelle-doll-4w3c56-150x150.jpg\" class=\"attachment-thumbnail size-thumbnail\" alt=\"\" title=\"\"><\/a><\/li><li><a data-fancybox=\"gallery478\" href=\"https:\/\/zxdoll.com\/wp-content\/uploads\/2023\/04\/mirabelle-doll-4w3c57-533x800.jpg\" class=\"eig-popup\" title=\"\" data-caption=\"\" target=\"_blank\"><i class=\"icon-view\"><\/i><span class=\"overlay\"><\/span><img loading=\"lazy\" decoding=\"async\" width=\"150\" height=\"150\" src=\"https:\/\/zxdoll.com\/wp-content\/uploads\/2023\/04\/mirabelle-doll-4w3c57-150x150.jpg\" class=\"attachment-thumbnail size-thumbnail\" alt=\"\" title=\"\"><\/a><\/li><li><a data-fancybox=\"gallery478\" href=\"https:\/\/zxdoll.com\/wp-content\/uploads\/2023\/04\/mirabelle-doll-4w3c58-533x800.jpg\" class=\"eig-popup\" title=\"\" data-caption=\"\" target=\"_blank\"><i class=\"icon-view\"><\/i><span class=\"overlay\"><\/span><img loading=\"lazy\" decoding=\"async\" width=\"150\" height=\"150\" src=\"https:\/\/zxdoll.com\/wp-content\/uploads\/2023\/04\/mirabelle-doll-4w3c58-150x150.jpg\" class=\"attachment-thumbnail size-thumbnail\" alt=\"\" title=\"\"><\/a><\/li><li><a data-fancybox=\"gallery478\" href=\"https:\/\/zxdoll.com\/wp-content\/uploads\/2023\/04\/mirabelle-doll-4w3c59-533x800.jpg\" class=\"eig-popup\" title=\"\" data-caption=\"\" target=\"_blank\"><i class=\"icon-view\"><\/i><span class=\"overlay\"><\/span><img loading=\"lazy\" decoding=\"async\" width=\"150\" height=\"150\" src=\"https:\/\/zxdoll.com\/wp-content\/uploads\/2023\/04\/mirabelle-doll-4w3c59-150x150.jpg\" class=\"attachment-thumbnail size-thumbnail\" alt=\"\" title=\"\"><\/a><\/li><li><a data-fancybox=\"gallery478\" href=\"https:\/\/zxdoll.com\/wp-content\/uploads\/2023\/04\/mirabelle-doll-4w3c60-533x800.jpg\" class=\"eig-popup\" title=\"\" data-caption=\"\" target=\"_blank\"><i class=\"icon-view\"><\/i><span class=\"overlay\"><\/span><img loading=\"lazy\" decoding=\"async\" width=\"150\" height=\"150\" src=\"https:\/\/zxdoll.com\/wp-content\/uploads\/2023\/04\/mirabelle-doll-4w3c60-150x150.jpg\" class=\"attachment-thumbnail size-thumbnail\" alt=\"\" title=\"\"><\/a><\/li><li><a data-fancybox=\"gallery478\" href=\"https:\/\/zxdoll.com\/wp-content\/uploads\/2023\/04\/mirabelle-doll-4w3c61.jpg\" class=\"eig-popup\" title=\"\" data-caption=\"\" target=\"_blank\"><i class=\"icon-view\"><\/i><span class=\"overlay\"><\/span><img loading=\"lazy\" decoding=\"async\" width=\"150\" height=\"150\" src=\"https:\/\/zxdoll.com\/wp-content\/uploads\/2023\/04\/mirabelle-doll-4w3c61-150x150.jpg\" class=\"attachment-thumbnail size-thumbnail\" alt=\"\" title=\"\"><\/a><\/li><li><a data-fancybox=\"gallery478\" href=\"https:\/\/zxdoll.com\/wp-content\/uploads\/2023\/04\/mirabelle-doll-4w3c62.jpg\" class=\"eig-popup\" title=\"\" data-caption=\"\" target=\"_blank\"><i class=\"icon-view\"><\/i><span class=\"overlay\"><\/span><img loading=\"lazy\" decoding=\"async\" width=\"150\" height=\"150\" src=\"https:\/\/zxdoll.com\/wp-content\/uploads\/2023\/04\/mirabelle-doll-4w3c62-150x150.jpg\" class=\"attachment-thumbnail size-thumbnail\" alt=\"\" title=\"\"><\/a><\/li><li><a data-fancybox=\"gallery478\" href=\"https:\/\/zxdoll.com\/wp-content\/uploads\/2023\/04\/mirabelle-doll-4w3c64.jpg\" class=\"eig-popup\" title=\"\" data-caption=\"\" target=\"_blank\"><i class=\"icon-view\"><\/i><span class=\"overlay\"><\/span><img loading=\"lazy\" decoding=\"async\" width=\"150\" height=\"150\" src=\"https:\/\/zxdoll.com\/wp-content\/uploads\/2023\/04\/mirabelle-doll-4w3c64-150x150.jpg\" class=\"attachment-thumbnail size-thumbnail\" alt=\"\" title=\"\"><\/a><\/li><li><a data-fancybox=\"gallery478\" href=\"https:\/\/zxdoll.com\/wp-content\/uploads\/2023\/04\/mirabelle-doll-4w3c66-533x800.jpg\" class=\"eig-popup\" title=\"\" data-caption=\"\" target=\"_blank\"><i class=\"icon-view\"><\/i><span class=\"overlay\"><\/span><img loading=\"lazy\" decoding=\"async\" width=\"150\" height=\"150\" src=\"https:\/\/zxdoll.com\/wp-content\/uploads\/2023\/04\/mirabelle-doll-4w3c66-150x150.jpg\" class=\"attachment-thumbnail size-thumbnail\" alt=\"\" title=\"\"><\/a><\/li><\/ul>\n<h4>M\u00e9rett\u00e1bl\u00e1zatok<\/h4>\n<table width=\"292\">\n<tbody>\n<tr>\n<td width=\"153\">Anyag<\/td>\n<td width=\"139\">TPE<\/td>\n<\/tr>\n<tr>\n<td>Magass\u00e1g<\/td>\n<td>158 cm<\/td>\n<\/tr>\n<tr>\n<td>Mellb\u0151s\u00e9g<\/td>\n<td>83 cm<\/td>\n<\/tr>\n<tr>\n<td>Der\u00e9k<\/td>\n<td>50 cm<\/td>\n<\/tr>\n<tr>\n<td>Cs\u00edp\u0151<\/td>\n<td>78 cm<\/td>\n<\/tr>\n<tr>\n<td>Kar hossz\u00fas\u00e1g<\/td>\n<td>63 cm<\/td>\n<\/tr>\n<tr>\n<td>L\u00e1b<\/td>\n<td>21 cm<\/td>\n<\/tr>\n<tr>\n<td>Nett\u00f3 t\u00f6meg<\/td>\n<td>34 kg<\/td>\n<\/tr>\n<tr>\n<td>Or\u00e1lis m\u00e9lys\u00e9g<\/td>\n<td>13 cm<\/td>\n<\/tr>\n<tr>\n<td>H\u00fcvelym\u00e9lys\u00e9g<\/td>\n<td>18 cm<\/td>\n<\/tr>\n<tr>\n<td>An\u00e1lis m\u00e9lys\u00e9g<\/td>\n<td>16 cm<\/td>\n<\/tr>\n<\/tbody>\n<\/table>\n<h4>A szexbab\u00e1r\u00f3l<\/h4>\n<p>Ez egy val\u00f3s\u00e1gh\u0171, melles szexbaba a bbw szexbaba minden \u00edv\u00e9vel. kifejezetten a val\u00f3s\u00e1gh\u0171 \u00e1zsiai szexbaba minden r\u00e9szlet\u00e9vel \u00e9s \u00e9leth\u0171 megjelen\u00e9s\u00e9vel k\u00e9sz\u00fclt. Ez a hatalmas mell\u0171 szexbaba t\u00f6k\u00e9letes azok sz\u00e1m\u00e1ra, akik szeretik a nagy melleket v\u00e9kony kereten. \u00c9leth\u0171 \u00e9s csinos sexdoll fejb\u0151l, gy\u00f6ny\u00f6r\u0171 sz\u0151ke hajjal kieg\u00e9sz\u00edtve. A g\u00f6mb\u00f6ly\u0171 \u00e9s nagyon d\u00fas test\u0171 feln\u0151tt szexbaba t\u00f6k\u00e9letes v\u00e1laszt\u00e1s a nagy mellek szerelmeseinek.<\/p>\n<p>Tov\u00e1bb\u00e1 fel van szerelve a robot szexbab\u00e1k \u00f6sszes funkci\u00f3j\u00e1val \u00e9s futurisztikus tulajdons\u00e1g\u00e1val. Ez a szexi val\u00f3s szerelmi baba babapar\u00f3k\u00e1k sz\u00e9les v\u00e1laszt\u00e9k\u00e1val kompatibilis. \u00cdgy lehet\u0151s\u00e9g ny\u00edlik a megjelen\u00e9s teljes testreszab\u00e1s\u00e1ra. Ez biztos\u00edtja az ide\u00e1lis szexu\u00e1lis fant\u00e1ziapartner pontosabb r\u00f6gz\u00edt\u00e9s\u00e9t.<\/p>\n<p>S\u0151t, ilyen megfizethet\u0151 \u00e1ron ez a szexi baba baba a legjobb aj\u00e1nlatot k\u00edn\u00e1lja az interneten. A j\u00f3 megjelen\u00e9s kombin\u00e1ci\u00f3ja a vizu\u00e1lis stimul\u00e1ci\u00f3hoz. Megfelel\u0151 szint\u0171 \u00e9leth\u0171 h\u00fasszer\u0171 text\u00far\u00e1k szinte minden testr\u00e9szen. Ez biztos\u00edtja azt a tapinthat\u00f3 visszajelz\u00e9st, amely teljess\u00e9 teszi az ilyen teljesen mag\u00e1val ragad\u00f3 szexu\u00e1lis \u00e9lm\u00e9nyt. A feszes, bord\u00e1zott \u00e9s val\u00f3s\u00e1gh\u0171 text\u00far\u00e1j\u00fa intim j\u00e1ratok mellett olyan kiv\u00e1l\u00f3 min\u0151s\u00e9g\u0171 anyagoknak k\u00f6sz\u00f6nhet\u0151en, amelyek puha \u00e9s \u00e9leth\u0171 tapint\u00e1s\u00faak.<\/p>","protected":false},"excerpt":{"rendered":"<p>Szexbaba k\u00e9pek M\u00e9rett\u00e1bl\u00e1zat Anyag TPE magass\u00e1g 158 cm mell 83 cm der\u00e9k 50 cm cs\u00edp\u0151 78 cm kar hossz 63 cm l\u00e1b 21 cm<\/p>","protected":false},"featured_media":36147,"comment_status":"open","ping_status":"closed","template":"","meta":[],"product_brand":[],"product_cat":[103,112,229,116,107,119],"product_tag":[],"class_list":{"0":"post-36137","1":"product","2":"type-product","3":"status-publish","4":"has-post-thumbnail","6":"product_cat-2b-sex-doll","7":"product_cat-150cm-159cm-sex-dolls","8":"product_cat-31kg-35kg","9":"product_cat-big-boobs-sex-doll","10":"product_cat-skinny-sex-dolls","11":"product_cat-tpe-sex-doll","12":"pa_brand-aibei-doll","13":"tm-has-options","15":"first","16":"instock","17":"sale","18":"shipping-taxable","19":"purchasable","20":"product-type-simple"},"_links":{"self":[{"href":"https:\/\/zxdoll.com\/hu\/wp-json\/wp\/v2\/product\/36137","targetHints":{"allow":["GET"]}}],"collection":[{"href":"https:\/\/zxdoll.com\/hu\/wp-json\/wp\/v2\/product"}],"about":[{"href":"https:\/\/zxdoll.com\/hu\/wp-json\/wp\/v2\/types\/product"}],"replies":[{"embeddable":true,"href":"https:\/\/zxdoll.com\/hu\/wp-json\/wp\/v2\/comments?post=36137"}],"version-history":[{"count":1,"href":"https:\/\/zxdoll.com\/hu\/wp-json\/wp\/v2\/product\/36137\/revisions"}],"predecessor-version":[{"id":101452,"href":"https:\/\/zxdoll.com\/hu\/wp-json\/wp\/v2\/product\/36137\/revisions\/101452"}],"wp:featuredmedia":[{"embeddable":true,"href":"https:\/\/zxdoll.com\/hu\/wp-json\/wp\/v2\/media\/36147"}],"wp:attachment":[{"href":"https:\/\/zxdoll.com\/hu\/wp-json\/wp\/v2\/media?parent=36137"}],"wp:term":[{"taxonomy":"product_brand","embeddable":true,"href":"https:\/\/zxdoll.com\/hu\/wp-json\/wp\/v2\/product_brand?post=36137"},{"taxonomy":"product_cat","embeddable":true,"href":"https:\/\/zxdoll.com\/hu\/wp-json\/wp\/v2\/product_cat?post=36137"},{"taxonomy":"product_tag","embeddable":true,"href":"https:\/\/zxdoll.com\/hu\/wp-json\/wp\/v2\/product_tag?post=36137"}],"curies":[{"name":"wp","href":"https:\/\/api.w.org\/{rel}","templated":true}]}}