{"id":35748,"date":"2023-04-09T01:49:55","date_gmt":"2023-04-08T17:49:55","guid":{"rendered":"https:\/\/zxdoll.com\/?post_type=product&#038;p=35748"},"modified":"2025-09-08T00:29:53","modified_gmt":"2025-09-07T16:29:53","slug":"realistic-full-size-lifelike-female-sexdolls","status":"publish","type":"product","link":"https:\/\/zxdoll.com\/hu\/product\/realistic-full-size-lifelike-female-sexdolls\/","title":{"rendered":"Val\u00f3s\u00e1gh\u0171, teljes m\u00e9ret\u0171, \u00e9leth\u0171 n\u0151i szexbab\u00e1k Britney 150 cm"},"content":{"rendered":"<h4><strong>Szexbaba k\u00e9pek<\/strong><\/h4>\n\t                <ul class=\"easy-image-gallery thumbnails-18 linked\">\r\n                    <li><a data-fancybox=\"gallery213\" href=\"https:\/\/zxdoll.com\/wp-content\/uploads\/2023\/04\/real-dolls-prices-6w3a1-533x800.jpg\" class=\"eig-popup\" title=\"\" data-caption=\"\" target=\"_blank\"><i class=\"icon-view\"><\/i><span class=\"overlay\"><\/span><img decoding=\"async\" width=\"150\" height=\"150\" src=\"https:\/\/zxdoll.com\/wp-content\/uploads\/2023\/04\/real-dolls-prices-6w3a1-150x150.jpg\" class=\"attachment-thumbnail size-thumbnail\" alt=\"\" title=\"\"><\/a><\/li><li><a data-fancybox=\"gallery213\" href=\"https:\/\/zxdoll.com\/wp-content\/uploads\/2023\/04\/real-dolls-prices-6w3a2-533x800.jpg\" class=\"eig-popup\" title=\"\" data-caption=\"\" target=\"_blank\"><i class=\"icon-view\"><\/i><span class=\"overlay\"><\/span><img decoding=\"async\" width=\"150\" height=\"150\" src=\"https:\/\/zxdoll.com\/wp-content\/uploads\/2023\/04\/real-dolls-prices-6w3a2-150x150.jpg\" class=\"attachment-thumbnail size-thumbnail\" alt=\"\" title=\"\"><\/a><\/li><li><a data-fancybox=\"gallery213\" href=\"https:\/\/zxdoll.com\/wp-content\/uploads\/2023\/04\/real-dolls-prices-6w3a3.jpg\" class=\"eig-popup\" title=\"\" data-caption=\"\" target=\"_blank\"><i class=\"icon-view\"><\/i><span class=\"overlay\"><\/span><img decoding=\"async\" width=\"150\" height=\"150\" src=\"https:\/\/zxdoll.com\/wp-content\/uploads\/2023\/04\/real-dolls-prices-6w3a3-150x150.jpg\" class=\"attachment-thumbnail size-thumbnail\" alt=\"\" title=\"\"><\/a><\/li><li><a data-fancybox=\"gallery213\" href=\"https:\/\/zxdoll.com\/wp-content\/uploads\/2023\/04\/real-dolls-prices-6w3a5.jpg\" class=\"eig-popup\" title=\"\" data-caption=\"\" target=\"_blank\"><i class=\"icon-view\"><\/i><span class=\"overlay\"><\/span><img loading=\"lazy\" decoding=\"async\" width=\"100\" height=\"150\" src=\"https:\/\/zxdoll.com\/wp-content\/uploads\/2023\/04\/real-dolls-prices-6w3a5.jpg\" class=\"attachment-thumbnail size-thumbnail\" alt=\"\" title=\"\"><\/a><\/li><li><a data-fancybox=\"gallery213\" href=\"https:\/\/zxdoll.com\/wp-content\/uploads\/2023\/04\/real-dolls-prices-6w3a6.jpg\" class=\"eig-popup\" title=\"\" data-caption=\"\" target=\"_blank\"><i class=\"icon-view\"><\/i><span class=\"overlay\"><\/span><img loading=\"lazy\" decoding=\"async\" width=\"150\" height=\"150\" src=\"https:\/\/zxdoll.com\/wp-content\/uploads\/2023\/04\/real-dolls-prices-6w3a6-150x150.jpg\" class=\"attachment-thumbnail size-thumbnail\" alt=\"\" title=\"\"><\/a><\/li><li><a data-fancybox=\"gallery213\" href=\"https:\/\/zxdoll.com\/wp-content\/uploads\/2023\/04\/real-dolls-prices-6w3a7-533x800.jpg\" class=\"eig-popup\" title=\"\" data-caption=\"\" target=\"_blank\"><i class=\"icon-view\"><\/i><span class=\"overlay\"><\/span><img loading=\"lazy\" decoding=\"async\" width=\"150\" height=\"150\" src=\"https:\/\/zxdoll.com\/wp-content\/uploads\/2023\/04\/real-dolls-prices-6w3a7-150x150.jpg\" class=\"attachment-thumbnail size-thumbnail\" alt=\"\" title=\"\"><\/a><\/li><li><a data-fancybox=\"gallery213\" href=\"https:\/\/zxdoll.com\/wp-content\/uploads\/2023\/04\/real-dolls-prices-6w3a8.jpg\" class=\"eig-popup\" title=\"\" data-caption=\"\" target=\"_blank\"><i class=\"icon-view\"><\/i><span class=\"overlay\"><\/span><img loading=\"lazy\" decoding=\"async\" width=\"150\" height=\"150\" src=\"https:\/\/zxdoll.com\/wp-content\/uploads\/2023\/04\/real-dolls-prices-6w3a8-150x150.jpg\" class=\"attachment-thumbnail size-thumbnail\" alt=\"\" title=\"\"><\/a><\/li><li><a data-fancybox=\"gallery213\" href=\"https:\/\/zxdoll.com\/wp-content\/uploads\/2023\/04\/real-dolls-prices-6w3a9-533x800.jpg\" class=\"eig-popup\" title=\"\" data-caption=\"\" target=\"_blank\"><i class=\"icon-view\"><\/i><span class=\"overlay\"><\/span><img loading=\"lazy\" decoding=\"async\" width=\"150\" height=\"150\" src=\"https:\/\/zxdoll.com\/wp-content\/uploads\/2023\/04\/real-dolls-prices-6w3a9-150x150.jpg\" class=\"attachment-thumbnail size-thumbnail\" alt=\"\" title=\"\"><\/a><\/li><li><a data-fancybox=\"gallery213\" href=\"https:\/\/zxdoll.com\/wp-content\/uploads\/2023\/04\/real-dolls-prices-6w3a10-533x800.jpg\" class=\"eig-popup\" title=\"\" data-caption=\"\" target=\"_blank\"><i class=\"icon-view\"><\/i><span class=\"overlay\"><\/span><img loading=\"lazy\" decoding=\"async\" width=\"150\" height=\"150\" src=\"https:\/\/zxdoll.com\/wp-content\/uploads\/2023\/04\/real-dolls-prices-6w3a10-150x150.jpg\" class=\"attachment-thumbnail size-thumbnail\" alt=\"\" title=\"\"><\/a><\/li><li><a data-fancybox=\"gallery213\" href=\"https:\/\/zxdoll.com\/wp-content\/uploads\/2023\/04\/real-dolls-prices-6w3a11-533x800.jpg\" class=\"eig-popup\" title=\"\" data-caption=\"\" target=\"_blank\"><i class=\"icon-view\"><\/i><span class=\"overlay\"><\/span><img loading=\"lazy\" decoding=\"async\" width=\"150\" height=\"150\" src=\"https:\/\/zxdoll.com\/wp-content\/uploads\/2023\/04\/real-dolls-prices-6w3a11-150x150.jpg\" class=\"attachment-thumbnail size-thumbnail\" alt=\"\" title=\"\"><\/a><\/li><li><a data-fancybox=\"gallery213\" href=\"https:\/\/zxdoll.com\/wp-content\/uploads\/2023\/04\/real-dolls-prices-6w3a12-533x800.jpg\" class=\"eig-popup\" title=\"\" data-caption=\"\" target=\"_blank\"><i class=\"icon-view\"><\/i><span class=\"overlay\"><\/span><img loading=\"lazy\" decoding=\"async\" width=\"150\" height=\"150\" src=\"https:\/\/zxdoll.com\/wp-content\/uploads\/2023\/04\/real-dolls-prices-6w3a12-150x150.jpg\" class=\"attachment-thumbnail size-thumbnail\" alt=\"\" title=\"\"><\/a><\/li><li><a data-fancybox=\"gallery213\" href=\"https:\/\/zxdoll.com\/wp-content\/uploads\/2023\/04\/real-dolls-prices-6w3a13.jpg\" class=\"eig-popup\" title=\"\" data-caption=\"\" target=\"_blank\"><i class=\"icon-view\"><\/i><span class=\"overlay\"><\/span><img loading=\"lazy\" decoding=\"async\" width=\"150\" height=\"150\" src=\"https:\/\/zxdoll.com\/wp-content\/uploads\/2023\/04\/real-dolls-prices-6w3a13-150x150.jpg\" class=\"attachment-thumbnail size-thumbnail\" alt=\"\" title=\"\"><\/a><\/li><li><a data-fancybox=\"gallery213\" href=\"https:\/\/zxdoll.com\/wp-content\/uploads\/2023\/04\/real-dolls-prices-6w3a14-533x800.jpg\" class=\"eig-popup\" title=\"\" data-caption=\"\" target=\"_blank\"><i class=\"icon-view\"><\/i><span class=\"overlay\"><\/span><img loading=\"lazy\" decoding=\"async\" width=\"150\" height=\"150\" src=\"https:\/\/zxdoll.com\/wp-content\/uploads\/2023\/04\/real-dolls-prices-6w3a14-150x150.jpg\" class=\"attachment-thumbnail size-thumbnail\" alt=\"\" title=\"\"><\/a><\/li><li><a data-fancybox=\"gallery213\" href=\"https:\/\/zxdoll.com\/wp-content\/uploads\/2023\/04\/real-dolls-prices-6w3a15-533x800.jpg\" class=\"eig-popup\" title=\"\" data-caption=\"\" target=\"_blank\"><i class=\"icon-view\"><\/i><span class=\"overlay\"><\/span><img loading=\"lazy\" decoding=\"async\" width=\"150\" height=\"150\" src=\"https:\/\/zxdoll.com\/wp-content\/uploads\/2023\/04\/real-dolls-prices-6w3a15-150x150.jpg\" class=\"attachment-thumbnail size-thumbnail\" alt=\"\" title=\"\"><\/a><\/li><li><a data-fancybox=\"gallery213\" href=\"https:\/\/zxdoll.com\/wp-content\/uploads\/2023\/04\/real-dolls-prices-6w3a16-533x800.jpg\" class=\"eig-popup\" title=\"\" data-caption=\"\" target=\"_blank\"><i class=\"icon-view\"><\/i><span class=\"overlay\"><\/span><img loading=\"lazy\" decoding=\"async\" width=\"150\" height=\"150\" src=\"https:\/\/zxdoll.com\/wp-content\/uploads\/2023\/04\/real-dolls-prices-6w3a16-150x150.jpg\" class=\"attachment-thumbnail size-thumbnail\" alt=\"\" title=\"\"><\/a><\/li><li><a data-fancybox=\"gallery213\" href=\"https:\/\/zxdoll.com\/wp-content\/uploads\/2023\/04\/real-dolls-prices-6w3a17-533x800.jpg\" class=\"eig-popup\" title=\"\" data-caption=\"\" target=\"_blank\"><i class=\"icon-view\"><\/i><span class=\"overlay\"><\/span><img loading=\"lazy\" decoding=\"async\" width=\"150\" height=\"150\" src=\"https:\/\/zxdoll.com\/wp-content\/uploads\/2023\/04\/real-dolls-prices-6w3a17-150x150.jpg\" class=\"attachment-thumbnail size-thumbnail\" alt=\"\" title=\"\"><\/a><\/li><li><a data-fancybox=\"gallery213\" href=\"https:\/\/zxdoll.com\/wp-content\/uploads\/2023\/04\/real-dolls-prices-6w3a18.jpg\" class=\"eig-popup\" title=\"\" data-caption=\"\" target=\"_blank\"><i class=\"icon-view\"><\/i><span class=\"overlay\"><\/span><img loading=\"lazy\" decoding=\"async\" width=\"150\" height=\"150\" src=\"https:\/\/zxdoll.com\/wp-content\/uploads\/2023\/04\/real-dolls-prices-6w3a18-150x150.jpg\" class=\"attachment-thumbnail size-thumbnail\" alt=\"\" title=\"\"><\/a><\/li><li><a data-fancybox=\"gallery213\" href=\"https:\/\/zxdoll.com\/wp-content\/uploads\/2023\/04\/real-dolls-prices-6w3a19.jpg\" class=\"eig-popup\" title=\"\" data-caption=\"\" target=\"_blank\"><i class=\"icon-view\"><\/i><span class=\"overlay\"><\/span><img loading=\"lazy\" decoding=\"async\" width=\"150\" height=\"150\" src=\"https:\/\/zxdoll.com\/wp-content\/uploads\/2023\/04\/real-dolls-prices-6w3a19-150x150.jpg\" class=\"attachment-thumbnail size-thumbnail\" alt=\"\" title=\"\"><\/a><\/li><\/ul>\n<h4>M\u00e9rett\u00e1bl\u00e1zatok<\/h4>\n<table width=\"292\">\n<tbody>\n<tr>\n<td width=\"153\">Anyag<\/td>\n<td width=\"139\">TPE<\/td>\n<\/tr>\n<tr>\n<td>Magass\u00e1g<\/td>\n<td>150 cm<\/td>\n<\/tr>\n<tr>\n<td>Mellb\u0151s\u00e9g<\/td>\n<td>95 cm<\/td>\n<\/tr>\n<tr>\n<td>Der\u00e9k<\/td>\n<td>47 cm<\/td>\n<\/tr>\n<tr>\n<td>Cs\u00edp\u0151<\/td>\n<td>83 cm<\/td>\n<\/tr>\n<tr>\n<td>Kar hossz\u00fas\u00e1g<\/td>\n<td>56 cm<\/td>\n<\/tr>\n<tr>\n<td>L\u00e1b<\/td>\n<td>22 cm<\/td>\n<\/tr>\n<tr>\n<td>Nett\u00f3 t\u00f6meg<\/td>\n<td>40 kg<\/td>\n<\/tr>\n<tr>\n<td>Or\u00e1lis m\u00e9lys\u00e9g<\/td>\n<td>13 cm<\/td>\n<\/tr>\n<tr>\n<td>H\u00fcvelym\u00e9lys\u00e9g<\/td>\n<td>18 cm<\/td>\n<\/tr>\n<tr>\n<td>An\u00e1lis m\u00e9lys\u00e9g<\/td>\n<td>16 cm<\/td>\n<\/tr>\n<\/tbody>\n<\/table>\n<h4>A szexbab\u00e1r\u00f3l<\/h4>\n<p>Bemutatjuk a val\u00f3s\u00e1gh\u0171, teljes m\u00e9ret\u0171 szexbab\u00e1t, amely t\u00f6k\u00e9letes azok sz\u00e1m\u00e1ra, akik kompakt \u00e9s intim t\u00e1rsat keresnek. Ez a 150 cm-es val\u00f3di baba \u00e9leth\u0171 diz\u00e1jnnal \u00e9s 165 cm-es kerettel rendelkezik. \u00cdgy ide\u00e1lis azok sz\u00e1m\u00e1ra, akiknek korl\u00e1tozott a hely\u00fck. Val\u00f3s\u00e1gh\u0171 v\u00f6r\u00f6s haj\u00e1val \u00e9s \u00e9leth\u0171 szexbaba-von\u00e1saival ez a szerelmes baba szenved\u00e9lyt visz mag\u00e1nyos \u00e9jszak\u00e1iba. Ak\u00e1r egy \u00e9leth\u0171 szexbab\u00e1t, ak\u00e1r egy cs\u00facskateg\u00f3ri\u00e1s xy bab\u00e1t szeretne, ez a n\u0151i szerelmi baba t\u00f6k\u00e9letes v\u00e1laszt\u00e1s.<\/p>\n<p>A legnagyobb gondoss\u00e1ggal \u00e9s a r\u00e9szletekre val\u00f3 odafigyel\u00e9ssel k\u00e9sz\u00fclt ez a realdoll j\u00e1zmin biztosan tetszeni fog. A legjobb min\u0151s\u00e9g\u0171 anyagokb\u00f3l k\u00e9sz\u00fclt, b\u0151re \u00e9leth\u0171 \u00e9s puha tapint\u00e1s\u00fa. Olyan \u00e9lm\u00e9nyt ny\u00fajtva, ami a lehet\u0151 legk\u00f6zelebb \u00e1ll az igazihoz. A baba v\u00f6r\u00f6s haja egy\u00e9nis\u00e9get \u00e9s j\u00e1t\u00e9koss\u00e1got k\u00f6lcs\u00f6n\u00f6z. T\u00f6k\u00e9letes partnerr\u00e9 t\u00e9ve minden intim v\u00e1gyadhoz. Ak\u00e1r k\u00eds\u00e9rletezni, ak\u00e1r csak diszkr\u00e9t t\u00e1rsat keresel, ez a teljes m\u00e9ret\u0171 szexbaba t\u00f6k\u00e9letes v\u00e1laszt\u00e1s.<\/p>\n<p>Ilyen megfizethet\u0151 \u00e1ron nem tal\u00e1lsz jobb aj\u00e1nlatot elad\u00f3 haszn\u00e1lt bab\u00e1ra. Ak\u00e1r egy gyors kiold\u00e1st, ak\u00e1r egy teljes \u00e9lm\u00e9nyt keresel, ez a n\u0151i szexbaba-sor biztosan elnyeri tetsz\u00e9s\u00e9t.<\/p>","protected":false},"excerpt":{"rendered":"<p>Szexbaba k\u00e9pek M\u00e9rett\u00e1bl\u00e1zat Anyag TPE magass\u00e1g 150 cm mell 95 cm der\u00e9k 47 cm cs\u00edp\u0151 83 cm kar hossz 56 cm l\u00e1b 22 cm<\/p>","protected":false},"featured_media":35753,"comment_status":"open","ping_status":"closed","template":"","meta":[],"product_brand":[],"product_cat":[103,112,230,116,115,119],"product_tag":[],"class_list":{"0":"post-35748","1":"product","2":"type-product","3":"status-publish","4":"has-post-thumbnail","6":"product_cat-2b-sex-doll","7":"product_cat-150cm-159cm-sex-dolls","8":"product_cat-36kg-40kg","9":"product_cat-big-boobs-sex-doll","10":"product_cat-big-booty-sex-doll","11":"product_cat-tpe-sex-doll","12":"pa_brand-aibei-doll","13":"tm-has-options","15":"first","16":"instock","17":"sale","18":"shipping-taxable","19":"purchasable","20":"product-type-simple"},"_links":{"self":[{"href":"https:\/\/zxdoll.com\/hu\/wp-json\/wp\/v2\/product\/35748","targetHints":{"allow":["GET"]}}],"collection":[{"href":"https:\/\/zxdoll.com\/hu\/wp-json\/wp\/v2\/product"}],"about":[{"href":"https:\/\/zxdoll.com\/hu\/wp-json\/wp\/v2\/types\/product"}],"replies":[{"embeddable":true,"href":"https:\/\/zxdoll.com\/hu\/wp-json\/wp\/v2\/comments?post=35748"}],"version-history":[{"count":1,"href":"https:\/\/zxdoll.com\/hu\/wp-json\/wp\/v2\/product\/35748\/revisions"}],"predecessor-version":[{"id":101457,"href":"https:\/\/zxdoll.com\/hu\/wp-json\/wp\/v2\/product\/35748\/revisions\/101457"}],"wp:featuredmedia":[{"embeddable":true,"href":"https:\/\/zxdoll.com\/hu\/wp-json\/wp\/v2\/media\/35753"}],"wp:attachment":[{"href":"https:\/\/zxdoll.com\/hu\/wp-json\/wp\/v2\/media?parent=35748"}],"wp:term":[{"taxonomy":"product_brand","embeddable":true,"href":"https:\/\/zxdoll.com\/hu\/wp-json\/wp\/v2\/product_brand?post=35748"},{"taxonomy":"product_cat","embeddable":true,"href":"https:\/\/zxdoll.com\/hu\/wp-json\/wp\/v2\/product_cat?post=35748"},{"taxonomy":"product_tag","embeddable":true,"href":"https:\/\/zxdoll.com\/hu\/wp-json\/wp\/v2\/product_tag?post=35748"}],"curies":[{"name":"wp","href":"https:\/\/api.w.org\/{rel}","templated":true}]}}