{"id":35441,"date":"2023-04-08T04:42:20","date_gmt":"2023-04-07T20:42:20","guid":{"rendered":"https:\/\/zxdoll.com\/?post_type=product&#038;p=35441"},"modified":"2025-09-07T01:53:17","modified_gmt":"2025-09-06T17:53:17","slug":"pretty-quality-cheap-full-size-love-dolls","status":"publish","type":"product","link":"https:\/\/zxdoll.com\/hu\/product\/pretty-quality-cheap-full-size-love-dolls\/","title":{"rendered":"Csinos Min\u0151s\u00e9gi Olcs\u00f3 Teljes m\u00e9ret\u0171 Love Dolls Vallie 148cm"},"content":{"rendered":"<h4><strong>Szexbaba k\u00e9pek<\/strong><\/h4>\n\t                <ul class=\"easy-image-gallery thumbnails-18 linked\">\r\n                    <li><a data-fancybox=\"gallery741\" href=\"https:\/\/zxdoll.com\/wp-content\/uploads\/2023\/04\/sex-dolls-buy-5r2s1-533x800.jpg\" class=\"eig-popup\" title=\"\" data-caption=\"\" target=\"_blank\"><i class=\"icon-view\"><\/i><span class=\"overlay\"><\/span><img decoding=\"async\" width=\"150\" height=\"150\" src=\"https:\/\/zxdoll.com\/wp-content\/uploads\/2023\/04\/sex-dolls-buy-5r2s1-150x150.jpg\" class=\"attachment-thumbnail size-thumbnail\" alt=\"\" title=\"\"><\/a><\/li><li><a data-fancybox=\"gallery741\" href=\"https:\/\/zxdoll.com\/wp-content\/uploads\/2023\/04\/sex-dolls-buy-5r2s2.jpg\" class=\"eig-popup\" title=\"\" data-caption=\"\" target=\"_blank\"><i class=\"icon-view\"><\/i><span class=\"overlay\"><\/span><img decoding=\"async\" width=\"150\" height=\"150\" src=\"https:\/\/zxdoll.com\/wp-content\/uploads\/2023\/04\/sex-dolls-buy-5r2s2-150x150.jpg\" class=\"attachment-thumbnail size-thumbnail\" alt=\"\" title=\"\"><\/a><\/li><li><a data-fancybox=\"gallery741\" href=\"https:\/\/zxdoll.com\/wp-content\/uploads\/2023\/04\/sex-dolls-buy-5r2s3-533x800.jpg\" class=\"eig-popup\" title=\"\" data-caption=\"\" target=\"_blank\"><i class=\"icon-view\"><\/i><span class=\"overlay\"><\/span><img decoding=\"async\" width=\"150\" height=\"150\" src=\"https:\/\/zxdoll.com\/wp-content\/uploads\/2023\/04\/sex-dolls-buy-5r2s3-150x150.jpg\" class=\"attachment-thumbnail size-thumbnail\" alt=\"\" title=\"\"><\/a><\/li><li><a data-fancybox=\"gallery741\" href=\"https:\/\/zxdoll.com\/wp-content\/uploads\/2023\/04\/sex-dolls-buy-5r2s4-533x800.jpg\" class=\"eig-popup\" title=\"\" data-caption=\"\" target=\"_blank\"><i class=\"icon-view\"><\/i><span class=\"overlay\"><\/span><img loading=\"lazy\" decoding=\"async\" width=\"150\" height=\"150\" src=\"https:\/\/zxdoll.com\/wp-content\/uploads\/2023\/04\/sex-dolls-buy-5r2s4-150x150.jpg\" class=\"attachment-thumbnail size-thumbnail\" alt=\"\" title=\"\"><\/a><\/li><li><a data-fancybox=\"gallery741\" href=\"https:\/\/zxdoll.com\/wp-content\/uploads\/2023\/04\/sex-dolls-buy-5r2s6-533x800.jpg\" class=\"eig-popup\" title=\"\" data-caption=\"\" target=\"_blank\"><i class=\"icon-view\"><\/i><span class=\"overlay\"><\/span><img loading=\"lazy\" decoding=\"async\" width=\"150\" height=\"150\" src=\"https:\/\/zxdoll.com\/wp-content\/uploads\/2023\/04\/sex-dolls-buy-5r2s6-150x150.jpg\" class=\"attachment-thumbnail size-thumbnail\" alt=\"\" title=\"\"><\/a><\/li><li><a data-fancybox=\"gallery741\" href=\"https:\/\/zxdoll.com\/wp-content\/uploads\/2023\/04\/sex-dolls-buy-5r2s7-533x800.jpg\" class=\"eig-popup\" title=\"\" data-caption=\"\" target=\"_blank\"><i class=\"icon-view\"><\/i><span class=\"overlay\"><\/span><img loading=\"lazy\" decoding=\"async\" width=\"150\" height=\"150\" src=\"https:\/\/zxdoll.com\/wp-content\/uploads\/2023\/04\/sex-dolls-buy-5r2s7-150x150.jpg\" class=\"attachment-thumbnail size-thumbnail\" alt=\"\" title=\"\"><\/a><\/li><li><a data-fancybox=\"gallery741\" href=\"https:\/\/zxdoll.com\/wp-content\/uploads\/2023\/04\/sex-dolls-buy-5r2s8-533x800.jpg\" class=\"eig-popup\" title=\"\" data-caption=\"\" target=\"_blank\"><i class=\"icon-view\"><\/i><span class=\"overlay\"><\/span><img loading=\"lazy\" decoding=\"async\" width=\"150\" height=\"150\" src=\"https:\/\/zxdoll.com\/wp-content\/uploads\/2023\/04\/sex-dolls-buy-5r2s8-150x150.jpg\" class=\"attachment-thumbnail size-thumbnail\" alt=\"\" title=\"\"><\/a><\/li><li><a data-fancybox=\"gallery741\" href=\"https:\/\/zxdoll.com\/wp-content\/uploads\/2023\/04\/sex-dolls-buy-5r2s9-533x800.jpg\" class=\"eig-popup\" title=\"\" data-caption=\"\" target=\"_blank\"><i class=\"icon-view\"><\/i><span class=\"overlay\"><\/span><img loading=\"lazy\" decoding=\"async\" width=\"150\" height=\"150\" src=\"https:\/\/zxdoll.com\/wp-content\/uploads\/2023\/04\/sex-dolls-buy-5r2s9-150x150.jpg\" class=\"attachment-thumbnail size-thumbnail\" alt=\"\" title=\"\"><\/a><\/li><li><a data-fancybox=\"gallery741\" href=\"https:\/\/zxdoll.com\/wp-content\/uploads\/2023\/04\/sex-dolls-buy-5r2s10-533x800.jpg\" class=\"eig-popup\" title=\"\" data-caption=\"\" target=\"_blank\"><i class=\"icon-view\"><\/i><span class=\"overlay\"><\/span><img loading=\"lazy\" decoding=\"async\" width=\"150\" height=\"150\" src=\"https:\/\/zxdoll.com\/wp-content\/uploads\/2023\/04\/sex-dolls-buy-5r2s10-150x150.jpg\" class=\"attachment-thumbnail size-thumbnail\" alt=\"\" title=\"\"><\/a><\/li><li><a data-fancybox=\"gallery741\" href=\"https:\/\/zxdoll.com\/wp-content\/uploads\/2023\/04\/sex-dolls-buy-5r2s11-533x800.jpg\" class=\"eig-popup\" title=\"\" data-caption=\"\" target=\"_blank\"><i class=\"icon-view\"><\/i><span class=\"overlay\"><\/span><img loading=\"lazy\" decoding=\"async\" width=\"150\" height=\"150\" src=\"https:\/\/zxdoll.com\/wp-content\/uploads\/2023\/04\/sex-dolls-buy-5r2s11-150x150.jpg\" class=\"attachment-thumbnail size-thumbnail\" alt=\"\" title=\"\"><\/a><\/li><li><a data-fancybox=\"gallery741\" href=\"https:\/\/zxdoll.com\/wp-content\/uploads\/2023\/04\/sex-dolls-buy-5r2s12-533x800.jpg\" class=\"eig-popup\" title=\"\" data-caption=\"\" target=\"_blank\"><i class=\"icon-view\"><\/i><span class=\"overlay\"><\/span><img loading=\"lazy\" decoding=\"async\" width=\"150\" height=\"150\" src=\"https:\/\/zxdoll.com\/wp-content\/uploads\/2023\/04\/sex-dolls-buy-5r2s12-150x150.jpg\" class=\"attachment-thumbnail size-thumbnail\" alt=\"\" title=\"\"><\/a><\/li><li><a data-fancybox=\"gallery741\" href=\"https:\/\/zxdoll.com\/wp-content\/uploads\/2023\/04\/sex-dolls-buy-5r2s13-533x800.jpg\" class=\"eig-popup\" title=\"\" data-caption=\"\" target=\"_blank\"><i class=\"icon-view\"><\/i><span class=\"overlay\"><\/span><img loading=\"lazy\" decoding=\"async\" width=\"150\" height=\"150\" src=\"https:\/\/zxdoll.com\/wp-content\/uploads\/2023\/04\/sex-dolls-buy-5r2s13-150x150.jpg\" class=\"attachment-thumbnail size-thumbnail\" alt=\"\" title=\"\"><\/a><\/li><li><a data-fancybox=\"gallery741\" href=\"https:\/\/zxdoll.com\/wp-content\/uploads\/2023\/04\/sex-dolls-buy-5r2s14-533x800.jpg\" class=\"eig-popup\" title=\"\" data-caption=\"\" target=\"_blank\"><i class=\"icon-view\"><\/i><span class=\"overlay\"><\/span><img loading=\"lazy\" decoding=\"async\" width=\"150\" height=\"150\" src=\"https:\/\/zxdoll.com\/wp-content\/uploads\/2023\/04\/sex-dolls-buy-5r2s14-150x150.jpg\" class=\"attachment-thumbnail size-thumbnail\" alt=\"\" title=\"\"><\/a><\/li><li><a data-fancybox=\"gallery741\" href=\"https:\/\/zxdoll.com\/wp-content\/uploads\/2023\/04\/sex-dolls-buy-5r2s15-533x800.jpg\" class=\"eig-popup\" title=\"\" data-caption=\"\" target=\"_blank\"><i class=\"icon-view\"><\/i><span class=\"overlay\"><\/span><img loading=\"lazy\" decoding=\"async\" width=\"150\" height=\"150\" src=\"https:\/\/zxdoll.com\/wp-content\/uploads\/2023\/04\/sex-dolls-buy-5r2s15-150x150.jpg\" class=\"attachment-thumbnail size-thumbnail\" alt=\"\" title=\"\"><\/a><\/li><li><a data-fancybox=\"gallery741\" href=\"https:\/\/zxdoll.com\/wp-content\/uploads\/2023\/04\/sex-dolls-buy-5r2s16-533x800.jpg\" class=\"eig-popup\" title=\"\" data-caption=\"\" target=\"_blank\"><i class=\"icon-view\"><\/i><span class=\"overlay\"><\/span><img loading=\"lazy\" decoding=\"async\" width=\"150\" height=\"150\" src=\"https:\/\/zxdoll.com\/wp-content\/uploads\/2023\/04\/sex-dolls-buy-5r2s16-150x150.jpg\" class=\"attachment-thumbnail size-thumbnail\" alt=\"\" title=\"\"><\/a><\/li><li><a data-fancybox=\"gallery741\" href=\"https:\/\/zxdoll.com\/wp-content\/uploads\/2023\/04\/sex-dolls-buy-5r2s17-533x800.jpg\" class=\"eig-popup\" title=\"\" data-caption=\"\" target=\"_blank\"><i class=\"icon-view\"><\/i><span class=\"overlay\"><\/span><img loading=\"lazy\" decoding=\"async\" width=\"150\" height=\"150\" src=\"https:\/\/zxdoll.com\/wp-content\/uploads\/2023\/04\/sex-dolls-buy-5r2s17-150x150.jpg\" class=\"attachment-thumbnail size-thumbnail\" alt=\"\" title=\"\"><\/a><\/li><li><a data-fancybox=\"gallery741\" href=\"https:\/\/zxdoll.com\/wp-content\/uploads\/2023\/04\/sex-dolls-buy-5r2s18-533x800.jpg\" class=\"eig-popup\" title=\"\" data-caption=\"\" target=\"_blank\"><i class=\"icon-view\"><\/i><span class=\"overlay\"><\/span><img loading=\"lazy\" decoding=\"async\" width=\"150\" height=\"150\" src=\"https:\/\/zxdoll.com\/wp-content\/uploads\/2023\/04\/sex-dolls-buy-5r2s18-150x150.jpg\" class=\"attachment-thumbnail size-thumbnail\" alt=\"\" title=\"\"><\/a><\/li><li><a data-fancybox=\"gallery741\" href=\"https:\/\/zxdoll.com\/wp-content\/uploads\/2023\/04\/sex-dolls-buy-5r2s19.jpg\" class=\"eig-popup\" title=\"\" data-caption=\"\" target=\"_blank\"><i class=\"icon-view\"><\/i><span class=\"overlay\"><\/span><img loading=\"lazy\" decoding=\"async\" width=\"150\" height=\"150\" src=\"https:\/\/zxdoll.com\/wp-content\/uploads\/2023\/04\/sex-dolls-buy-5r2s19-150x150.jpg\" class=\"attachment-thumbnail size-thumbnail\" alt=\"\" title=\"\"><\/a><\/li><\/ul>\n<h4>M\u00e9rett\u00e1bl\u00e1zatok<\/h4>\n<table width=\"292\">\n<tbody>\n<tr>\n<td width=\"153\">Anyag<\/td>\n<td width=\"139\">TPE<\/td>\n<\/tr>\n<tr>\n<td>Magass\u00e1g<\/td>\n<td>148 cm<\/td>\n<\/tr>\n<tr>\n<td>Mellb\u0151s\u00e9g<\/td>\n<td>76 cm<\/td>\n<\/tr>\n<tr>\n<td>Der\u00e9k<\/td>\n<td>48 cm<\/td>\n<\/tr>\n<tr>\n<td>Cs\u00edp\u0151<\/td>\n<td>75 cm<\/td>\n<\/tr>\n<tr>\n<td>Kar hossz\u00fas\u00e1g<\/td>\n<td>57 cm<\/td>\n<\/tr>\n<tr>\n<td>L\u00e1b<\/td>\n<td>20 cm<\/td>\n<\/tr>\n<tr>\n<td>Nett\u00f3 t\u00f6meg<\/td>\n<td>28 kg<\/td>\n<\/tr>\n<tr>\n<td>Or\u00e1lis m\u00e9lys\u00e9g<\/td>\n<td>13 cm<\/td>\n<\/tr>\n<tr>\n<td>H\u00fcvelym\u00e9lys\u00e9g<\/td>\n<td>18 cm<\/td>\n<\/tr>\n<tr>\n<td>An\u00e1lis m\u00e9lys\u00e9g<\/td>\n<td>16 cm<\/td>\n<\/tr>\n<\/tbody>\n<\/table>\n<h4>A szexbab\u00e1r\u00f3l<\/h4>\n<p>Bemutatjuk olcs\u00f3 szerelmes bab\u00e1inkat, amelyeket kifejezetten a n\u0151i szexbab\u00e1kban tal\u00e1lhat\u00f3 v\u00e9kony keret szerelmeseinek tervezt\u00fcnk. Ez a kis cici baba finom szexi \u00edvekkel \u00e9s v\u00e9kony testtel rendelkezik, amelyeket szeretsz. Ezen t\u00falmen\u0151en az igazi szex bab\u00e1nk nagyszer\u0171 kieg\u00e9sz\u00edt\u0151je b\u00e1rmely szexbaba gal\u00e9ri\u00e1nak. A r\u00e9szletgazdags\u00e1gnak k\u00f6sz\u00f6nhet\u0151en, amely gy\u00f6ny\u00f6r\u0171 r\u00e9zsz\u0151ke haj\u00e1t\u00f3l eg\u00e9szen \u00e9leth\u0171 arc\u00e1ig t\u00fckr\u00f6z\u0151dik. Ez\u00e9rt, ha az egyik legjobb min\u0151s\u00e9g\u0171 olcs\u00f3 teljes m\u00e9ret\u0171 szexbab\u00e1t keresi. Ez a b cup szexbaba a t\u00f6k\u00e9letes v\u00e1laszt\u00e1s sz\u00e1modra.<\/p>\n<p>Tov\u00e1bb\u00e1, mint az \u00e9letnagys\u00e1g\u00fa szexbaba, amely a legmagasabb min\u0151s\u00e9gben k\u00e9sz\u00fclt. Ez a nyuszi szexbaba rengeteg funkci\u00f3val rendelkezik. Ez\u00e9rt egy olcs\u00f3 szexbaba t\u00f6rzs \u00e1r\u00e1\u00e9rt ez a nyuszi szexbaba sokkal t\u00f6bbet k\u00edn\u00e1l. Ez az oka annak, hogy a legjobb szamur\u00e1j szexbab\u00e1khoz hasonl\u00f3an ez a gy\u00f6ny\u00f6r\u0171, j\u00f3l meg\u00e9p\u00edtett igazi baba sokkal t\u00f6bbet k\u00edn\u00e1l. a csinos arct\u00f3l a d\u00f6g\u00f6s szexi testig. Ez az igazi szerelmes baba tele van olyan funkci\u00f3kkal, amelyek biztos\u00edtj\u00e1k a szexu\u00e1lis stimul\u00e1ci\u00f3t. A r\u00e9szletgazdag szexi testt\u0151l az \u00e9leth\u0171 arcig. Ezt az \u00e9letnagys\u00e1g\u00fa igazi bab\u00e1t \u00fagy tervezt\u00e9k, hogy nagyon hasonl\u00edtson az igazira.<\/p>","protected":false},"excerpt":{"rendered":"<p>Szexbaba k\u00e9pek M\u00e9rett\u00e1bl\u00e1zat Anyag TPE magass\u00e1g 148 cm mell 76 cm der\u00e9k 48 cm cs\u00edp\u0151 75 cm kar hossz 57 cm l\u00e1b 20 cm<\/p>","protected":false},"featured_media":35442,"comment_status":"open","ping_status":"closed","template":"","meta":[],"product_brand":[],"product_cat":[103,74,228,80,107,117,119],"product_tag":[],"class_list":{"0":"post-35441","1":"product","2":"type-product","3":"status-publish","4":"has-post-thumbnail","6":"product_cat-2b-sex-doll","7":"product_cat-140cm-149cm-sex-dolls","8":"product_cat-26kg-30kg","9":"product_cat-asian-sex-doll","10":"product_cat-skinny-sex-dolls","11":"product_cat-small-breast-sex-doll","12":"product_cat-tpe-sex-doll","13":"pa_brand-aibei-doll","14":"tm-has-options","16":"first","17":"instock","18":"sale","19":"shipping-taxable","20":"purchasable","21":"product-type-simple"},"_links":{"self":[{"href":"https:\/\/zxdoll.com\/hu\/wp-json\/wp\/v2\/product\/35441","targetHints":{"allow":["GET"]}}],"collection":[{"href":"https:\/\/zxdoll.com\/hu\/wp-json\/wp\/v2\/product"}],"about":[{"href":"https:\/\/zxdoll.com\/hu\/wp-json\/wp\/v2\/types\/product"}],"replies":[{"embeddable":true,"href":"https:\/\/zxdoll.com\/hu\/wp-json\/wp\/v2\/comments?post=35441"}],"version-history":[{"count":1,"href":"https:\/\/zxdoll.com\/hu\/wp-json\/wp\/v2\/product\/35441\/revisions"}],"predecessor-version":[{"id":101420,"href":"https:\/\/zxdoll.com\/hu\/wp-json\/wp\/v2\/product\/35441\/revisions\/101420"}],"wp:featuredmedia":[{"embeddable":true,"href":"https:\/\/zxdoll.com\/hu\/wp-json\/wp\/v2\/media\/35442"}],"wp:attachment":[{"href":"https:\/\/zxdoll.com\/hu\/wp-json\/wp\/v2\/media?parent=35441"}],"wp:term":[{"taxonomy":"product_brand","embeddable":true,"href":"https:\/\/zxdoll.com\/hu\/wp-json\/wp\/v2\/product_brand?post=35441"},{"taxonomy":"product_cat","embeddable":true,"href":"https:\/\/zxdoll.com\/hu\/wp-json\/wp\/v2\/product_cat?post=35441"},{"taxonomy":"product_tag","embeddable":true,"href":"https:\/\/zxdoll.com\/hu\/wp-json\/wp\/v2\/product_tag?post=35441"}],"curies":[{"name":"wp","href":"https:\/\/api.w.org\/{rel}","templated":true}]}}