{"id":35057,"date":"2023-04-08T03:05:45","date_gmt":"2023-04-07T19:05:45","guid":{"rendered":"https:\/\/zxdoll.com\/?post_type=product&#038;p=35057"},"modified":"2025-09-12T16:50:14","modified_gmt":"2025-09-12T08:50:14","slug":"adult-sex-love-dolls-for-sale","status":"publish","type":"product","link":"https:\/\/zxdoll.com\/hu\/product\/adult-sex-love-dolls-for-sale\/","title":{"rendered":"Feln\u0151tt szex szerelem bab\u00e1k elad\u00f3k Sarina 175cm"},"content":{"rendered":"<h4><strong>Szexbaba k\u00e9pek<\/strong><\/h4>\n\t                <ul class=\"easy-image-gallery thumbnails-26 linked\">\r\n                    <li><a data-fancybox=\"gallery994\" href=\"https:\/\/zxdoll.com\/wp-content\/uploads\/2023\/04\/sexpuppe-doll-6y7v1-533x800.jpg\" class=\"eig-popup\" title=\"\" data-caption=\"\" target=\"_blank\"><i class=\"icon-view\"><\/i><span class=\"overlay\"><\/span><img decoding=\"async\" width=\"150\" height=\"150\" src=\"https:\/\/zxdoll.com\/wp-content\/uploads\/2023\/04\/sexpuppe-doll-6y7v1-150x150.jpg\" class=\"attachment-thumbnail size-thumbnail\" alt=\"\" title=\"\"><\/a><\/li><li><a data-fancybox=\"gallery994\" href=\"https:\/\/zxdoll.com\/wp-content\/uploads\/2023\/04\/sexpuppe-doll-6y7v2-533x800.jpg\" class=\"eig-popup\" title=\"\" data-caption=\"\" target=\"_blank\"><i class=\"icon-view\"><\/i><span class=\"overlay\"><\/span><img decoding=\"async\" width=\"150\" height=\"150\" src=\"https:\/\/zxdoll.com\/wp-content\/uploads\/2023\/04\/sexpuppe-doll-6y7v2-150x150.jpg\" class=\"attachment-thumbnail size-thumbnail\" alt=\"\" title=\"\"><\/a><\/li><li><a data-fancybox=\"gallery994\" href=\"https:\/\/zxdoll.com\/wp-content\/uploads\/2023\/04\/sexpuppe-doll-6y7v3-533x800.jpg\" class=\"eig-popup\" title=\"\" data-caption=\"\" target=\"_blank\"><i class=\"icon-view\"><\/i><span class=\"overlay\"><\/span><img decoding=\"async\" width=\"150\" height=\"150\" src=\"https:\/\/zxdoll.com\/wp-content\/uploads\/2023\/04\/sexpuppe-doll-6y7v3-150x150.jpg\" class=\"attachment-thumbnail size-thumbnail\" alt=\"\" title=\"\"><\/a><\/li><li><a data-fancybox=\"gallery994\" href=\"https:\/\/zxdoll.com\/wp-content\/uploads\/2023\/04\/sexpuppe-doll-6y7v5-533x800.jpg\" class=\"eig-popup\" title=\"\" data-caption=\"\" target=\"_blank\"><i class=\"icon-view\"><\/i><span class=\"overlay\"><\/span><img loading=\"lazy\" decoding=\"async\" width=\"150\" height=\"150\" src=\"https:\/\/zxdoll.com\/wp-content\/uploads\/2023\/04\/sexpuppe-doll-6y7v5-150x150.jpg\" class=\"attachment-thumbnail size-thumbnail\" alt=\"\" title=\"\"><\/a><\/li><li><a data-fancybox=\"gallery994\" href=\"https:\/\/zxdoll.com\/wp-content\/uploads\/2023\/04\/sexpuppe-doll-6y7v6-533x800.jpg\" class=\"eig-popup\" title=\"\" data-caption=\"\" target=\"_blank\"><i class=\"icon-view\"><\/i><span class=\"overlay\"><\/span><img loading=\"lazy\" decoding=\"async\" width=\"150\" height=\"150\" src=\"https:\/\/zxdoll.com\/wp-content\/uploads\/2023\/04\/sexpuppe-doll-6y7v6-150x150.jpg\" class=\"attachment-thumbnail size-thumbnail\" alt=\"\" title=\"\"><\/a><\/li><li><a data-fancybox=\"gallery994\" href=\"https:\/\/zxdoll.com\/wp-content\/uploads\/2023\/04\/sexpuppe-doll-6y7v7-533x800.jpg\" class=\"eig-popup\" title=\"\" data-caption=\"\" target=\"_blank\"><i class=\"icon-view\"><\/i><span class=\"overlay\"><\/span><img loading=\"lazy\" decoding=\"async\" width=\"150\" height=\"150\" src=\"https:\/\/zxdoll.com\/wp-content\/uploads\/2023\/04\/sexpuppe-doll-6y7v7-150x150.jpg\" class=\"attachment-thumbnail size-thumbnail\" alt=\"\" title=\"\"><\/a><\/li><li><a data-fancybox=\"gallery994\" href=\"https:\/\/zxdoll.com\/wp-content\/uploads\/2023\/04\/sexpuppe-doll-6y7v10-533x800.jpg\" class=\"eig-popup\" title=\"\" data-caption=\"\" target=\"_blank\"><i class=\"icon-view\"><\/i><span class=\"overlay\"><\/span><img loading=\"lazy\" decoding=\"async\" width=\"150\" height=\"150\" src=\"https:\/\/zxdoll.com\/wp-content\/uploads\/2023\/04\/sexpuppe-doll-6y7v10-150x150.jpg\" class=\"attachment-thumbnail size-thumbnail\" alt=\"\" title=\"\"><\/a><\/li><li><a data-fancybox=\"gallery994\" href=\"https:\/\/zxdoll.com\/wp-content\/uploads\/2023\/04\/sexpuppe-doll-6y7v11-533x800.jpg\" class=\"eig-popup\" title=\"\" data-caption=\"\" target=\"_blank\"><i class=\"icon-view\"><\/i><span class=\"overlay\"><\/span><img loading=\"lazy\" decoding=\"async\" width=\"150\" height=\"150\" src=\"https:\/\/zxdoll.com\/wp-content\/uploads\/2023\/04\/sexpuppe-doll-6y7v11-150x150.jpg\" class=\"attachment-thumbnail size-thumbnail\" alt=\"\" title=\"\"><\/a><\/li><li><a data-fancybox=\"gallery994\" href=\"https:\/\/zxdoll.com\/wp-content\/uploads\/2023\/04\/sexpuppe-doll-6y7v12-533x800.jpg\" class=\"eig-popup\" title=\"\" data-caption=\"\" target=\"_blank\"><i class=\"icon-view\"><\/i><span class=\"overlay\"><\/span><img loading=\"lazy\" decoding=\"async\" width=\"150\" height=\"150\" src=\"https:\/\/zxdoll.com\/wp-content\/uploads\/2023\/04\/sexpuppe-doll-6y7v12-150x150.jpg\" class=\"attachment-thumbnail size-thumbnail\" alt=\"\" title=\"\"><\/a><\/li><li><a data-fancybox=\"gallery994\" href=\"https:\/\/zxdoll.com\/wp-content\/uploads\/2023\/04\/sexpuppe-doll-6y7v14-533x800.jpg\" class=\"eig-popup\" title=\"\" data-caption=\"\" target=\"_blank\"><i class=\"icon-view\"><\/i><span class=\"overlay\"><\/span><img loading=\"lazy\" decoding=\"async\" width=\"150\" height=\"150\" src=\"https:\/\/zxdoll.com\/wp-content\/uploads\/2023\/04\/sexpuppe-doll-6y7v14-150x150.jpg\" class=\"attachment-thumbnail size-thumbnail\" alt=\"\" title=\"\"><\/a><\/li><li><a data-fancybox=\"gallery994\" href=\"https:\/\/zxdoll.com\/wp-content\/uploads\/2023\/04\/sexpuppe-doll-6y7v16-533x800.jpg\" class=\"eig-popup\" title=\"\" data-caption=\"\" target=\"_blank\"><i class=\"icon-view\"><\/i><span class=\"overlay\"><\/span><img loading=\"lazy\" decoding=\"async\" width=\"150\" height=\"150\" src=\"https:\/\/zxdoll.com\/wp-content\/uploads\/2023\/04\/sexpuppe-doll-6y7v16-150x150.jpg\" class=\"attachment-thumbnail size-thumbnail\" alt=\"\" title=\"\"><\/a><\/li><li><a data-fancybox=\"gallery994\" href=\"https:\/\/zxdoll.com\/wp-content\/uploads\/2023\/04\/sexpuppe-doll-6y7v17-533x800.jpg\" class=\"eig-popup\" title=\"\" data-caption=\"\" target=\"_blank\"><i class=\"icon-view\"><\/i><span class=\"overlay\"><\/span><img loading=\"lazy\" decoding=\"async\" width=\"150\" height=\"150\" src=\"https:\/\/zxdoll.com\/wp-content\/uploads\/2023\/04\/sexpuppe-doll-6y7v17-150x150.jpg\" class=\"attachment-thumbnail size-thumbnail\" alt=\"\" title=\"\"><\/a><\/li><li><a data-fancybox=\"gallery994\" href=\"https:\/\/zxdoll.com\/wp-content\/uploads\/2023\/04\/sexpuppe-doll-6y7v21-533x800.jpg\" class=\"eig-popup\" title=\"\" data-caption=\"\" target=\"_blank\"><i class=\"icon-view\"><\/i><span class=\"overlay\"><\/span><img loading=\"lazy\" decoding=\"async\" width=\"150\" height=\"150\" src=\"https:\/\/zxdoll.com\/wp-content\/uploads\/2023\/04\/sexpuppe-doll-6y7v21-150x150.jpg\" class=\"attachment-thumbnail size-thumbnail\" alt=\"\" title=\"\"><\/a><\/li><li><a data-fancybox=\"gallery994\" href=\"https:\/\/zxdoll.com\/wp-content\/uploads\/2023\/04\/sexpuppe-doll-6y7v23-533x800.jpg\" class=\"eig-popup\" title=\"\" data-caption=\"\" target=\"_blank\"><i class=\"icon-view\"><\/i><span class=\"overlay\"><\/span><img loading=\"lazy\" decoding=\"async\" width=\"150\" height=\"150\" src=\"https:\/\/zxdoll.com\/wp-content\/uploads\/2023\/04\/sexpuppe-doll-6y7v23-150x150.jpg\" class=\"attachment-thumbnail size-thumbnail\" alt=\"\" title=\"\"><\/a><\/li><li><a data-fancybox=\"gallery994\" href=\"https:\/\/zxdoll.com\/wp-content\/uploads\/2023\/04\/sexpuppe-doll-6y7v24-534x800.jpg\" class=\"eig-popup\" title=\"\" data-caption=\"\" target=\"_blank\"><i class=\"icon-view\"><\/i><span class=\"overlay\"><\/span><img loading=\"lazy\" decoding=\"async\" width=\"150\" height=\"150\" src=\"https:\/\/zxdoll.com\/wp-content\/uploads\/2023\/04\/sexpuppe-doll-6y7v24-150x150.jpg\" class=\"attachment-thumbnail size-thumbnail\" alt=\"\" title=\"\"><\/a><\/li><li><a data-fancybox=\"gallery994\" href=\"https:\/\/zxdoll.com\/wp-content\/uploads\/2023\/04\/sexpuppe-doll-6y7v27-533x800.jpg\" class=\"eig-popup\" title=\"\" data-caption=\"\" target=\"_blank\"><i class=\"icon-view\"><\/i><span class=\"overlay\"><\/span><img loading=\"lazy\" decoding=\"async\" width=\"150\" height=\"150\" src=\"https:\/\/zxdoll.com\/wp-content\/uploads\/2023\/04\/sexpuppe-doll-6y7v27-150x150.jpg\" class=\"attachment-thumbnail size-thumbnail\" alt=\"\" title=\"\"><\/a><\/li><li><a data-fancybox=\"gallery994\" href=\"https:\/\/zxdoll.com\/wp-content\/uploads\/2023\/04\/sexpuppe-doll-6y7v29-533x800.jpg\" class=\"eig-popup\" title=\"\" data-caption=\"\" target=\"_blank\"><i class=\"icon-view\"><\/i><span class=\"overlay\"><\/span><img loading=\"lazy\" decoding=\"async\" width=\"150\" height=\"150\" src=\"https:\/\/zxdoll.com\/wp-content\/uploads\/2023\/04\/sexpuppe-doll-6y7v29-150x150.jpg\" class=\"attachment-thumbnail size-thumbnail\" alt=\"\" title=\"\"><\/a><\/li><li><a data-fancybox=\"gallery994\" href=\"https:\/\/zxdoll.com\/wp-content\/uploads\/2023\/04\/sexpuppe-doll-6y7v30-533x800.jpg\" class=\"eig-popup\" title=\"\" data-caption=\"\" target=\"_blank\"><i class=\"icon-view\"><\/i><span class=\"overlay\"><\/span><img loading=\"lazy\" decoding=\"async\" width=\"150\" height=\"150\" src=\"https:\/\/zxdoll.com\/wp-content\/uploads\/2023\/04\/sexpuppe-doll-6y7v30-150x150.jpg\" class=\"attachment-thumbnail size-thumbnail\" alt=\"\" title=\"\"><\/a><\/li><li><a data-fancybox=\"gallery994\" href=\"https:\/\/zxdoll.com\/wp-content\/uploads\/2023\/04\/sexpuppe-doll-6y7v31-533x800.jpg\" class=\"eig-popup\" title=\"\" data-caption=\"\" target=\"_blank\"><i class=\"icon-view\"><\/i><span class=\"overlay\"><\/span><img loading=\"lazy\" decoding=\"async\" width=\"150\" height=\"150\" src=\"https:\/\/zxdoll.com\/wp-content\/uploads\/2023\/04\/sexpuppe-doll-6y7v31-150x150.jpg\" class=\"attachment-thumbnail size-thumbnail\" alt=\"\" title=\"\"><\/a><\/li><li><a data-fancybox=\"gallery994\" href=\"https:\/\/zxdoll.com\/wp-content\/uploads\/2023\/04\/sexpuppe-doll-6y7v32-533x800.jpg\" class=\"eig-popup\" title=\"\" data-caption=\"\" target=\"_blank\"><i class=\"icon-view\"><\/i><span class=\"overlay\"><\/span><img loading=\"lazy\" decoding=\"async\" width=\"150\" height=\"150\" src=\"https:\/\/zxdoll.com\/wp-content\/uploads\/2023\/04\/sexpuppe-doll-6y7v32-150x150.jpg\" class=\"attachment-thumbnail size-thumbnail\" alt=\"\" title=\"\"><\/a><\/li><li><a data-fancybox=\"gallery994\" href=\"https:\/\/zxdoll.com\/wp-content\/uploads\/2023\/04\/sexpuppe-doll-6y7v34-533x800.jpg\" class=\"eig-popup\" title=\"\" data-caption=\"\" target=\"_blank\"><i class=\"icon-view\"><\/i><span class=\"overlay\"><\/span><img loading=\"lazy\" decoding=\"async\" width=\"150\" height=\"150\" src=\"https:\/\/zxdoll.com\/wp-content\/uploads\/2023\/04\/sexpuppe-doll-6y7v34-150x150.jpg\" class=\"attachment-thumbnail size-thumbnail\" alt=\"\" title=\"\"><\/a><\/li><li><a data-fancybox=\"gallery994\" href=\"https:\/\/zxdoll.com\/wp-content\/uploads\/2023\/04\/sexpuppe-doll-6y7v36-533x800.jpg\" class=\"eig-popup\" title=\"\" data-caption=\"\" target=\"_blank\"><i class=\"icon-view\"><\/i><span class=\"overlay\"><\/span><img loading=\"lazy\" decoding=\"async\" width=\"150\" height=\"150\" src=\"https:\/\/zxdoll.com\/wp-content\/uploads\/2023\/04\/sexpuppe-doll-6y7v36-150x150.jpg\" class=\"attachment-thumbnail size-thumbnail\" alt=\"\" title=\"\"><\/a><\/li><li><a data-fancybox=\"gallery994\" href=\"https:\/\/zxdoll.com\/wp-content\/uploads\/2023\/04\/sexpuppe-doll-6y7v37-533x800.jpg\" class=\"eig-popup\" title=\"\" data-caption=\"\" target=\"_blank\"><i class=\"icon-view\"><\/i><span class=\"overlay\"><\/span><img loading=\"lazy\" decoding=\"async\" width=\"150\" height=\"150\" src=\"https:\/\/zxdoll.com\/wp-content\/uploads\/2023\/04\/sexpuppe-doll-6y7v37-150x150.jpg\" class=\"attachment-thumbnail size-thumbnail\" alt=\"\" title=\"\"><\/a><\/li><li><a data-fancybox=\"gallery994\" href=\"https:\/\/zxdoll.com\/wp-content\/uploads\/2023\/04\/sexpuppe-doll-6y7v38-533x800.jpg\" class=\"eig-popup\" title=\"\" data-caption=\"\" target=\"_blank\"><i class=\"icon-view\"><\/i><span class=\"overlay\"><\/span><img loading=\"lazy\" decoding=\"async\" width=\"150\" height=\"150\" src=\"https:\/\/zxdoll.com\/wp-content\/uploads\/2023\/04\/sexpuppe-doll-6y7v38-150x150.jpg\" class=\"attachment-thumbnail size-thumbnail\" alt=\"\" title=\"\"><\/a><\/li><li><a data-fancybox=\"gallery994\" href=\"https:\/\/zxdoll.com\/wp-content\/uploads\/2023\/04\/sexpuppe-doll-6y7v39-533x800.jpg\" class=\"eig-popup\" title=\"\" data-caption=\"\" target=\"_blank\"><i class=\"icon-view\"><\/i><span class=\"overlay\"><\/span><img loading=\"lazy\" decoding=\"async\" width=\"150\" height=\"150\" src=\"https:\/\/zxdoll.com\/wp-content\/uploads\/2023\/04\/sexpuppe-doll-6y7v39-150x150.jpg\" class=\"attachment-thumbnail size-thumbnail\" alt=\"\" title=\"\"><\/a><\/li><li><a data-fancybox=\"gallery994\" href=\"https:\/\/zxdoll.com\/wp-content\/uploads\/2023\/04\/sexpuppe-doll-6y7v40-533x800.jpg\" class=\"eig-popup\" title=\"\" data-caption=\"\" target=\"_blank\"><i class=\"icon-view\"><\/i><span class=\"overlay\"><\/span><img loading=\"lazy\" decoding=\"async\" width=\"150\" height=\"150\" src=\"https:\/\/zxdoll.com\/wp-content\/uploads\/2023\/04\/sexpuppe-doll-6y7v40-150x150.jpg\" class=\"attachment-thumbnail size-thumbnail\" alt=\"\" title=\"\"><\/a><\/li><\/ul>\n<h4>M\u00e9rett\u00e1bl\u00e1zatok<\/h4>\n<table width=\"269\">\n<tbody>\n<tr>\n<td width=\"130\">Anyag<\/td>\n<td width=\"139\">TPE<\/td>\n<\/tr>\n<tr>\n<td>Magass\u00e1g<\/td>\n<td>175 cm<\/td>\n<\/tr>\n<tr>\n<td>Breast Line<\/td>\n<td>85 cm<\/td>\n<\/tr>\n<tr>\n<td>Der\u00e9kvonal<\/td>\n<td>57 cm<\/td>\n<\/tr>\n<tr>\n<td>Hip Line<\/td>\n<td>88 cm<\/td>\n<\/tr>\n<tr>\n<td>Kar hossz\u00fas\u00e1g<\/td>\n<td>65 cm<\/td>\n<\/tr>\n<tr>\n<td>V\u00e1llsz\u00e9less\u00e9g<\/td>\n<td>38 cm<\/td>\n<\/tr>\n<tr>\n<td>Borj\u00fa vonal<\/td>\n<td>30 cm<\/td>\n<\/tr>\n<tr>\n<td>Comb vonal<\/td>\n<td>50 cm<\/td>\n<\/tr>\n<tr>\n<td>L\u00e1b hossz<\/td>\n<td>82 cm<\/td>\n<\/tr>\n<tr>\n<td>L\u00e1bm\u00e9ret<\/td>\n<td>22 cm<\/td>\n<\/tr>\n<tr>\n<td>Nett\u00f3 t\u00f6meg<\/td>\n<td>39,5 kg<\/td>\n<\/tr>\n<tr>\n<td>Or\u00e1lis m\u00e9lys\u00e9g<\/td>\n<td>12 cm<\/td>\n<\/tr>\n<tr>\n<td>H\u00fcvelym\u00e9lys\u00e9g<\/td>\n<td>18 cm<\/td>\n<\/tr>\n<tr>\n<td>An\u00e1lis m\u00e9lys\u00e9g<\/td>\n<td>16 cm<\/td>\n<\/tr>\n<\/tbody>\n<\/table>\n<h4>A szexbab\u00e1r\u00f3l<\/h4>\n<p>Ezek az elad\u00f3 igazi feln\u0151tt bab\u00e1k az ide\u00e1lis n\u0151, akire v\u00e1gysz. N\u00e9zd, ahogy t\u00f6k\u00e9letesen t\u00e9rdel, d\u00f6r\u00f6mb\u00f6l\u0151 testtel. Freya, ez a hossz\u00fa v\u00f6r\u00f6s haj\u00fa n\u0151i felf\u00fajhat\u00f3 baba nyugalmat fog adni neked.<\/p>\n<p>Lehet, hogy teljesen pimasznak n\u00e9z ki, \u00e9s k\u00e9szen \u00e1ll a vit\u00e1ra, de ez az \u00e9leth\u0171 szexbaba olyan n\u00e9ma \u00e9s al\u00e1zatos baba. Nem cselekszik egyed\u00fcl; azt teszi, amit k\u00e9rsz t\u0151le, \u00e9s ott marad, ahol betette.<\/p>\n<p>Ez az \u00e9let, mint a szerelmi baba, kicsi, de hatalmas, lehet, hogy kicsi a kin\u00e9zete, de ez a v\u00f6r\u00f6s haj\u00fa baba pontosan tudja, hogyan kell szexelni. Igazi anime babaalap, szerepj\u00e1t\u00e9kkal foglalkozna, ha akarod. \u00c9s nincsenek hib\u00e1i.<\/p>\n<p>K\u00edv\u00fcl-bel\u00fcl gy\u00f6ny\u00f6r\u0171; Ha m\u00e1r tudod, hogyan kell vigy\u00e1zni erre a szexi bab\u00e1ra, \u00e9s sz\u00fcks\u00e9g eset\u00e9n beszerezed a baba cserealkatr\u00e9szeit, akkor nyugodtan mehetsz vele.<\/p>\n<p>Arr\u00f3l fant\u00e1zi\u00e1l, hogy n\u00e9z ki egy f\u00e9rfi, akinek felrobbanthat\u00f3 bab\u00e1i vannak? Itt a lehet\u0151s\u00e9g, hogy f\u00e9rfi legy\u00e9l egy felf\u00fajhat\u00f3 bab\u00e1val, ha megkapod ezt az \u00e9leth\u0171 szexbab\u00e1t \u00e9s egy kis aj\u00e1nd\u00e9kbab\u00e1t. itt az id\u0151.<\/p>","protected":false},"excerpt":{"rendered":"<p>Szexbaba k\u00e9pek M\u00e9rett\u00e1bl\u00e1zat Anyag TPE magass\u00e1g 175 cm mellvonal 85 cm der\u00e9kvonal 57 cm cs\u00edp\u0151vonal 88 cm kar hossz<\/p>","protected":false},"featured_media":35088,"comment_status":"open","ping_status":"closed","template":"","meta":[],"product_brand":[],"product_cat":[97,230,124,118,107,117,119],"product_tag":[],"class_list":{"0":"post-35057","1":"product","2":"type-product","3":"status-publish","4":"has-post-thumbnail","6":"product_cat-real-life-sex-dolls","7":"product_cat-36kg-40kg","8":"product_cat-above-171cm-sex-dolls","9":"product_cat-ebony-sex-doll","10":"product_cat-skinny-sex-dolls","11":"product_cat-small-breast-sex-doll","12":"product_cat-tpe-sex-doll","13":"pa_brand-irontech-doll","14":"tm-has-options","16":"first","17":"instock","18":"sale","19":"shipping-taxable","20":"purchasable","21":"product-type-simple"},"_links":{"self":[{"href":"https:\/\/zxdoll.com\/hu\/wp-json\/wp\/v2\/product\/35057","targetHints":{"allow":["GET"]}}],"collection":[{"href":"https:\/\/zxdoll.com\/hu\/wp-json\/wp\/v2\/product"}],"about":[{"href":"https:\/\/zxdoll.com\/hu\/wp-json\/wp\/v2\/types\/product"}],"replies":[{"embeddable":true,"href":"https:\/\/zxdoll.com\/hu\/wp-json\/wp\/v2\/comments?post=35057"}],"version-history":[{"count":3,"href":"https:\/\/zxdoll.com\/hu\/wp-json\/wp\/v2\/product\/35057\/revisions"}],"predecessor-version":[{"id":186837,"href":"https:\/\/zxdoll.com\/hu\/wp-json\/wp\/v2\/product\/35057\/revisions\/186837"}],"wp:featuredmedia":[{"embeddable":true,"href":"https:\/\/zxdoll.com\/hu\/wp-json\/wp\/v2\/media\/35088"}],"wp:attachment":[{"href":"https:\/\/zxdoll.com\/hu\/wp-json\/wp\/v2\/media?parent=35057"}],"wp:term":[{"taxonomy":"product_brand","embeddable":true,"href":"https:\/\/zxdoll.com\/hu\/wp-json\/wp\/v2\/product_brand?post=35057"},{"taxonomy":"product_cat","embeddable":true,"href":"https:\/\/zxdoll.com\/hu\/wp-json\/wp\/v2\/product_cat?post=35057"},{"taxonomy":"product_tag","embeddable":true,"href":"https:\/\/zxdoll.com\/hu\/wp-json\/wp\/v2\/product_tag?post=35057"}],"curies":[{"name":"wp","href":"https:\/\/api.w.org\/{rel}","templated":true}]}}