{"id":34471,"date":"2023-04-06T04:22:51","date_gmt":"2023-04-05T20:22:51","guid":{"rendered":"https:\/\/zxdoll.com\/?post_type=product&#038;p=34471"},"modified":"2025-09-12T16:33:25","modified_gmt":"2025-09-12T08:33:25","slug":"impressive-affordable-lifelike-sex-doll","status":"publish","type":"product","link":"https:\/\/zxdoll.com\/hu\/product\/impressive-affordable-lifelike-sex-doll\/","title":{"rendered":"Leny\u0171g\u00f6z\u0151, megfizethet\u0151, \u00e9leth\u0171 szexbaba Aisha 168 cm"},"content":{"rendered":"<h4><strong>Szexbaba k\u00e9pek<\/strong><\/h4>\n\t                <ul class=\"easy-image-gallery thumbnails-21 linked\">\r\n                    <li><a data-fancybox=\"gallery899\" href=\"https:\/\/zxdoll.com\/wp-content\/uploads\/2023\/04\/cleaning-sex-doll-8u7h1-533x800.jpg\" class=\"eig-popup\" title=\"\" data-caption=\"\" target=\"_blank\"><i class=\"icon-view\"><\/i><span class=\"overlay\"><\/span><img decoding=\"async\" width=\"150\" height=\"150\" src=\"https:\/\/zxdoll.com\/wp-content\/uploads\/2023\/04\/cleaning-sex-doll-8u7h1-150x150.jpg\" class=\"attachment-thumbnail size-thumbnail\" alt=\"\" title=\"\"><\/a><\/li><li><a data-fancybox=\"gallery899\" href=\"https:\/\/zxdoll.com\/wp-content\/uploads\/2023\/04\/cleaning-sex-doll-8u7h2-533x800.jpg\" class=\"eig-popup\" title=\"\" data-caption=\"\" target=\"_blank\"><i class=\"icon-view\"><\/i><span class=\"overlay\"><\/span><img decoding=\"async\" width=\"150\" height=\"150\" src=\"https:\/\/zxdoll.com\/wp-content\/uploads\/2023\/04\/cleaning-sex-doll-8u7h2-150x150.jpg\" class=\"attachment-thumbnail size-thumbnail\" alt=\"\" title=\"\"><\/a><\/li><li><a data-fancybox=\"gallery899\" href=\"https:\/\/zxdoll.com\/wp-content\/uploads\/2023\/04\/cleaning-sex-doll-8u7h3-533x800.jpg\" class=\"eig-popup\" title=\"\" data-caption=\"\" target=\"_blank\"><i class=\"icon-view\"><\/i><span class=\"overlay\"><\/span><img decoding=\"async\" width=\"150\" height=\"150\" src=\"https:\/\/zxdoll.com\/wp-content\/uploads\/2023\/04\/cleaning-sex-doll-8u7h3-150x150.jpg\" class=\"attachment-thumbnail size-thumbnail\" alt=\"\" title=\"\"><\/a><\/li><li><a data-fancybox=\"gallery899\" href=\"https:\/\/zxdoll.com\/wp-content\/uploads\/2023\/04\/cleaning-sex-doll-8u7h7-533x800.jpg\" class=\"eig-popup\" title=\"\" data-caption=\"\" target=\"_blank\"><i class=\"icon-view\"><\/i><span class=\"overlay\"><\/span><img loading=\"lazy\" decoding=\"async\" width=\"150\" height=\"150\" src=\"https:\/\/zxdoll.com\/wp-content\/uploads\/2023\/04\/cleaning-sex-doll-8u7h7-150x150.jpg\" class=\"attachment-thumbnail size-thumbnail\" alt=\"\" title=\"\"><\/a><\/li><li><a data-fancybox=\"gallery899\" href=\"https:\/\/zxdoll.com\/wp-content\/uploads\/2023\/04\/cleaning-sex-doll-8u7h8-533x800.jpg\" class=\"eig-popup\" title=\"\" data-caption=\"\" target=\"_blank\"><i class=\"icon-view\"><\/i><span class=\"overlay\"><\/span><img loading=\"lazy\" decoding=\"async\" width=\"150\" height=\"150\" src=\"https:\/\/zxdoll.com\/wp-content\/uploads\/2023\/04\/cleaning-sex-doll-8u7h8-150x150.jpg\" class=\"attachment-thumbnail size-thumbnail\" alt=\"\" title=\"\"><\/a><\/li><li><a data-fancybox=\"gallery899\" href=\"https:\/\/zxdoll.com\/wp-content\/uploads\/2023\/04\/cleaning-sex-doll-8u7h16-533x800.jpg\" class=\"eig-popup\" title=\"\" data-caption=\"\" target=\"_blank\"><i class=\"icon-view\"><\/i><span class=\"overlay\"><\/span><img loading=\"lazy\" decoding=\"async\" width=\"150\" height=\"150\" src=\"https:\/\/zxdoll.com\/wp-content\/uploads\/2023\/04\/cleaning-sex-doll-8u7h16-150x150.jpg\" class=\"attachment-thumbnail size-thumbnail\" alt=\"\" title=\"\"><\/a><\/li><li><a data-fancybox=\"gallery899\" href=\"https:\/\/zxdoll.com\/wp-content\/uploads\/2023\/04\/cleaning-sex-doll-8u7h20-533x800.jpg\" class=\"eig-popup\" title=\"\" data-caption=\"\" target=\"_blank\"><i class=\"icon-view\"><\/i><span class=\"overlay\"><\/span><img loading=\"lazy\" decoding=\"async\" width=\"150\" height=\"150\" src=\"https:\/\/zxdoll.com\/wp-content\/uploads\/2023\/04\/cleaning-sex-doll-8u7h20-150x150.jpg\" class=\"attachment-thumbnail size-thumbnail\" alt=\"\" title=\"\"><\/a><\/li><li><a data-fancybox=\"gallery899\" href=\"https:\/\/zxdoll.com\/wp-content\/uploads\/2023\/04\/cleaning-sex-doll-8u7h23-533x800.jpg\" class=\"eig-popup\" title=\"\" data-caption=\"\" target=\"_blank\"><i class=\"icon-view\"><\/i><span class=\"overlay\"><\/span><img loading=\"lazy\" decoding=\"async\" width=\"150\" height=\"150\" src=\"https:\/\/zxdoll.com\/wp-content\/uploads\/2023\/04\/cleaning-sex-doll-8u7h23-150x150.jpg\" class=\"attachment-thumbnail size-thumbnail\" alt=\"\" title=\"\"><\/a><\/li><li><a data-fancybox=\"gallery899\" href=\"https:\/\/zxdoll.com\/wp-content\/uploads\/2023\/04\/cleaning-sex-doll-8u7h39-533x800.jpg\" class=\"eig-popup\" title=\"\" data-caption=\"\" target=\"_blank\"><i class=\"icon-view\"><\/i><span class=\"overlay\"><\/span><img loading=\"lazy\" decoding=\"async\" width=\"150\" height=\"150\" src=\"https:\/\/zxdoll.com\/wp-content\/uploads\/2023\/04\/cleaning-sex-doll-8u7h39-150x150.jpg\" class=\"attachment-thumbnail size-thumbnail\" alt=\"\" title=\"\"><\/a><\/li><li><a data-fancybox=\"gallery899\" href=\"https:\/\/zxdoll.com\/wp-content\/uploads\/2023\/04\/cleaning-sex-doll-8u7h43-533x800.jpg\" class=\"eig-popup\" title=\"\" data-caption=\"\" target=\"_blank\"><i class=\"icon-view\"><\/i><span class=\"overlay\"><\/span><img loading=\"lazy\" decoding=\"async\" width=\"150\" height=\"150\" src=\"https:\/\/zxdoll.com\/wp-content\/uploads\/2023\/04\/cleaning-sex-doll-8u7h43-150x150.jpg\" class=\"attachment-thumbnail size-thumbnail\" alt=\"\" title=\"\"><\/a><\/li><li><a data-fancybox=\"gallery899\" href=\"https:\/\/zxdoll.com\/wp-content\/uploads\/2023\/04\/cleaning-sex-doll-8u7h44-533x800.jpg\" class=\"eig-popup\" title=\"\" data-caption=\"\" target=\"_blank\"><i class=\"icon-view\"><\/i><span class=\"overlay\"><\/span><img loading=\"lazy\" decoding=\"async\" width=\"150\" height=\"150\" src=\"https:\/\/zxdoll.com\/wp-content\/uploads\/2023\/04\/cleaning-sex-doll-8u7h44-150x150.jpg\" class=\"attachment-thumbnail size-thumbnail\" alt=\"\" title=\"\"><\/a><\/li><li><a data-fancybox=\"gallery899\" href=\"https:\/\/zxdoll.com\/wp-content\/uploads\/2023\/04\/cleaning-sex-doll-8u7h45-533x800.jpg\" class=\"eig-popup\" title=\"\" data-caption=\"\" target=\"_blank\"><i class=\"icon-view\"><\/i><span class=\"overlay\"><\/span><img loading=\"lazy\" decoding=\"async\" width=\"150\" height=\"150\" src=\"https:\/\/zxdoll.com\/wp-content\/uploads\/2023\/04\/cleaning-sex-doll-8u7h45-150x150.jpg\" class=\"attachment-thumbnail size-thumbnail\" alt=\"\" title=\"\"><\/a><\/li><li><a data-fancybox=\"gallery899\" href=\"https:\/\/zxdoll.com\/wp-content\/uploads\/2023\/04\/cleaning-sex-doll-8u7h46-533x800.jpg\" class=\"eig-popup\" title=\"\" data-caption=\"\" target=\"_blank\"><i class=\"icon-view\"><\/i><span class=\"overlay\"><\/span><img loading=\"lazy\" decoding=\"async\" width=\"150\" height=\"150\" src=\"https:\/\/zxdoll.com\/wp-content\/uploads\/2023\/04\/cleaning-sex-doll-8u7h46-150x150.jpg\" class=\"attachment-thumbnail size-thumbnail\" alt=\"\" title=\"\"><\/a><\/li><li><a data-fancybox=\"gallery899\" href=\"https:\/\/zxdoll.com\/wp-content\/uploads\/2023\/04\/cleaning-sex-doll-8u7h47-533x800.jpg\" class=\"eig-popup\" title=\"\" data-caption=\"\" target=\"_blank\"><i class=\"icon-view\"><\/i><span class=\"overlay\"><\/span><img loading=\"lazy\" decoding=\"async\" width=\"150\" height=\"150\" src=\"https:\/\/zxdoll.com\/wp-content\/uploads\/2023\/04\/cleaning-sex-doll-8u7h47-150x150.jpg\" class=\"attachment-thumbnail size-thumbnail\" alt=\"\" title=\"\"><\/a><\/li><li><a data-fancybox=\"gallery899\" href=\"https:\/\/zxdoll.com\/wp-content\/uploads\/2023\/04\/cleaning-sex-doll-8u7h48-533x800.jpg\" class=\"eig-popup\" title=\"\" data-caption=\"\" target=\"_blank\"><i class=\"icon-view\"><\/i><span class=\"overlay\"><\/span><img loading=\"lazy\" decoding=\"async\" width=\"150\" height=\"150\" src=\"https:\/\/zxdoll.com\/wp-content\/uploads\/2023\/04\/cleaning-sex-doll-8u7h48-150x150.jpg\" class=\"attachment-thumbnail size-thumbnail\" alt=\"\" title=\"\"><\/a><\/li><li><a data-fancybox=\"gallery899\" href=\"https:\/\/zxdoll.com\/wp-content\/uploads\/2023\/04\/cleaning-sex-doll-8u7h52-533x800.jpg\" class=\"eig-popup\" title=\"\" data-caption=\"\" target=\"_blank\"><i class=\"icon-view\"><\/i><span class=\"overlay\"><\/span><img loading=\"lazy\" decoding=\"async\" width=\"150\" height=\"150\" src=\"https:\/\/zxdoll.com\/wp-content\/uploads\/2023\/04\/cleaning-sex-doll-8u7h52-150x150.jpg\" class=\"attachment-thumbnail size-thumbnail\" alt=\"\" title=\"\"><\/a><\/li><li><a data-fancybox=\"gallery899\" href=\"https:\/\/zxdoll.com\/wp-content\/uploads\/2023\/04\/cleaning-sex-doll-8u7h53-533x800.jpg\" class=\"eig-popup\" title=\"\" data-caption=\"\" target=\"_blank\"><i class=\"icon-view\"><\/i><span class=\"overlay\"><\/span><img loading=\"lazy\" decoding=\"async\" width=\"150\" height=\"150\" src=\"https:\/\/zxdoll.com\/wp-content\/uploads\/2023\/04\/cleaning-sex-doll-8u7h53-150x150.jpg\" class=\"attachment-thumbnail size-thumbnail\" alt=\"\" title=\"\"><\/a><\/li><li><a data-fancybox=\"gallery899\" href=\"https:\/\/zxdoll.com\/wp-content\/uploads\/2023\/04\/cleaning-sex-doll-8u7h54-533x800.jpg\" class=\"eig-popup\" title=\"\" data-caption=\"\" target=\"_blank\"><i class=\"icon-view\"><\/i><span class=\"overlay\"><\/span><img loading=\"lazy\" decoding=\"async\" width=\"150\" height=\"150\" src=\"https:\/\/zxdoll.com\/wp-content\/uploads\/2023\/04\/cleaning-sex-doll-8u7h54-150x150.jpg\" class=\"attachment-thumbnail size-thumbnail\" alt=\"\" title=\"\"><\/a><\/li><li><a data-fancybox=\"gallery899\" href=\"https:\/\/zxdoll.com\/wp-content\/uploads\/2023\/04\/cleaning-sex-doll-8u7h55-533x800.jpg\" class=\"eig-popup\" title=\"\" data-caption=\"\" target=\"_blank\"><i class=\"icon-view\"><\/i><span class=\"overlay\"><\/span><img loading=\"lazy\" decoding=\"async\" width=\"150\" height=\"150\" src=\"https:\/\/zxdoll.com\/wp-content\/uploads\/2023\/04\/cleaning-sex-doll-8u7h55-150x150.jpg\" class=\"attachment-thumbnail size-thumbnail\" alt=\"\" title=\"\"><\/a><\/li><li><a data-fancybox=\"gallery899\" href=\"https:\/\/zxdoll.com\/wp-content\/uploads\/2023\/04\/cleaning-sex-doll-8u7h59-533x800.jpg\" class=\"eig-popup\" title=\"\" data-caption=\"\" target=\"_blank\"><i class=\"icon-view\"><\/i><span class=\"overlay\"><\/span><img loading=\"lazy\" decoding=\"async\" width=\"150\" height=\"150\" src=\"https:\/\/zxdoll.com\/wp-content\/uploads\/2023\/04\/cleaning-sex-doll-8u7h59-150x150.jpg\" class=\"attachment-thumbnail size-thumbnail\" alt=\"\" title=\"\"><\/a><\/li><li><a data-fancybox=\"gallery899\" href=\"https:\/\/zxdoll.com\/wp-content\/uploads\/2023\/04\/cleaning-sex-doll-8u7h60-533x800.jpg\" class=\"eig-popup\" title=\"\" data-caption=\"\" target=\"_blank\"><i class=\"icon-view\"><\/i><span class=\"overlay\"><\/span><img loading=\"lazy\" decoding=\"async\" width=\"150\" height=\"150\" src=\"https:\/\/zxdoll.com\/wp-content\/uploads\/2023\/04\/cleaning-sex-doll-8u7h60-150x150.jpg\" class=\"attachment-thumbnail size-thumbnail\" alt=\"\" title=\"\"><\/a><\/li><\/ul>\n<h4>M\u00e9rett\u00e1bl\u00e1zatok<\/h4>\n<table width=\"269\">\n<tbody>\n<tr>\n<td width=\"130\">Anyag<\/td>\n<td width=\"139\">TPE<\/td>\n<\/tr>\n<tr>\n<td>Magass\u00e1g<\/td>\n<td>168 cm plusz<\/td>\n<\/tr>\n<tr>\n<td>Breast Line<\/td>\n<td>85 cm<\/td>\n<\/tr>\n<tr>\n<td>Der\u00e9kvonal<\/td>\n<td>63 cm<\/td>\n<\/tr>\n<tr>\n<td>Hip Line<\/td>\n<td>97 cm<\/td>\n<\/tr>\n<tr>\n<td>Kar hossz\u00fas\u00e1g<\/td>\n<td>71 cm<\/td>\n<\/tr>\n<tr>\n<td>V\u00e1llsz\u00e9less\u00e9g<\/td>\n<td>39 cm<\/td>\n<\/tr>\n<tr>\n<td>Borj\u00fa vonal<\/td>\n<td>31,5 cm<\/td>\n<\/tr>\n<tr>\n<td>Comb vonal<\/td>\n<td>52,5 cm<\/td>\n<\/tr>\n<tr>\n<td>L\u00e1b hossz<\/td>\n<td>92 cm<\/td>\n<\/tr>\n<tr>\n<td>L\u00e1bm\u00e9ret<\/td>\n<td>23 cm<\/td>\n<\/tr>\n<tr>\n<td>Nett\u00f3 t\u00f6meg<\/td>\n<td>42 kg<\/td>\n<\/tr>\n<tr>\n<td>Or\u00e1lis m\u00e9lys\u00e9g<\/td>\n<td>12 cm<\/td>\n<\/tr>\n<tr>\n<td>H\u00fcvelym\u00e9lys\u00e9g<\/td>\n<td>18 cm<\/td>\n<\/tr>\n<tr>\n<td>An\u00e1lis m\u00e9lys\u00e9g<\/td>\n<td>16 cm<\/td>\n<\/tr>\n<\/tbody>\n<\/table>\n<h4>A szexbab\u00e1r\u00f3l<\/h4>\n<p>Mi jut eszedbe, ha r\u00e1n\u00e9zel erre a meztelen 128 cm-es szexbab\u00e1ra? Term\u00e9szetesen t\u00f6k\u00e9letes. Ez a szintetikus szex tekercs \u00fagy k\u00e9sz\u00fclt, hogy t\u00f6k\u00e9letes legyen az \u00d6n sz\u00e1m\u00e1ra. \u00c9rzed sima b\u0151r\u00e9t, ha csak r\u00e1n\u00e9zel? Lehet, hogy ez az \u00e9leth\u0171 szerelmi baba egy \u00e9leth\u0171 szexbaba, de az biztos, hogy jelent\u0151s csomagot tartalmaz.<\/p>\n<p>Vessen egy pillant\u00e1st a hatalmas mellekre; \u00f3, hogyan lehet szoptatni azokat a t\u00f6k\u00e9letes mellbimb\u00f3kat. N\u00e9zze meg a mellbimb\u00f3kat, \u00e9s v\u00e1rja, hogy r\u00e1juk tegye a sz\u00e1j\u00e1t. Ez a hatalmas mell\u0171 szexbaba nem b\u00e1nja, ha eg\u00e9sz nap szopj\u00e1k, ki-be.<\/p>\n<p>V\u00f6r\u00f6s sz\u00e1ja tov\u00e1bbra is v\u00e1rja a szerencs\u00e9s cs\u00e1v\u00f3t, aki r\u00e1helyezi az ajk\u00e1t; legyen te. \u0150 egy olcs\u00f3 szexbaba, de egy barom az \u00e1gyban. Ne t\u00e9vessze \u00f6ssze a lustas\u00e1ggal vagy a k\u00e9pess\u00e9gek hi\u00e1ny\u00e1val, hogy \u00e9leth\u0171 szexbaba; ha nem vigy\u00e1zol, megsebes\u00edt az \u00e1gyban.<\/p>\n<p>Henixa, az igazi szexbaba fekete nyakkiv\u00e1g\u00e1ssal a t\u00f6k\u00e9letes diszkr\u00e9t baba az \u00d6n sz\u00e1m\u00e1ra, \u00e9s ami ebben a nagyszer\u0171; olcs\u00f3n megkapja \u00e9leth\u0171 szexbab\u00e1j\u00e1t, \u00e9s k\u00f6nnyebben t\u00e1rolhatja ezt a szexbab\u00e1t. Arany haj\u00e1val \u00e9s szexi szemeivel meg kell szereznie ezt a szexbab\u00e1t.<\/p>","protected":false},"excerpt":{"rendered":"<p>Szexbaba k\u00e9pek M\u00e9rett\u00e1bl\u00e1zat Anyag TPE magass\u00e1g 168 cm plusz mellvonal 85 cm der\u00e9kvonal 63 cm cs\u00edp\u0151vonal 97 cm kar<\/p>","protected":false},"featured_media":34486,"comment_status":"open","ping_status":"closed","template":"","meta":[],"product_brand":[],"product_cat":[97,75,231,107,117,119],"product_tag":[],"class_list":{"0":"post-34471","1":"product","2":"type-product","3":"status-publish","4":"has-post-thumbnail","6":"product_cat-real-life-sex-dolls","7":"product_cat-160cm-170cm-sex-dolls","8":"product_cat-41kg-45kg","9":"product_cat-skinny-sex-dolls","10":"product_cat-small-breast-sex-doll","11":"product_cat-tpe-sex-doll","12":"pa_brand-irontech-doll","13":"tm-has-options","15":"first","16":"instock","17":"sale","18":"shipping-taxable","19":"purchasable","20":"product-type-simple"},"_links":{"self":[{"href":"https:\/\/zxdoll.com\/hu\/wp-json\/wp\/v2\/product\/34471","targetHints":{"allow":["GET"]}}],"collection":[{"href":"https:\/\/zxdoll.com\/hu\/wp-json\/wp\/v2\/product"}],"about":[{"href":"https:\/\/zxdoll.com\/hu\/wp-json\/wp\/v2\/types\/product"}],"replies":[{"embeddable":true,"href":"https:\/\/zxdoll.com\/hu\/wp-json\/wp\/v2\/comments?post=34471"}],"version-history":[{"count":1,"href":"https:\/\/zxdoll.com\/hu\/wp-json\/wp\/v2\/product\/34471\/revisions"}],"predecessor-version":[{"id":100415,"href":"https:\/\/zxdoll.com\/hu\/wp-json\/wp\/v2\/product\/34471\/revisions\/100415"}],"wp:featuredmedia":[{"embeddable":true,"href":"https:\/\/zxdoll.com\/hu\/wp-json\/wp\/v2\/media\/34486"}],"wp:attachment":[{"href":"https:\/\/zxdoll.com\/hu\/wp-json\/wp\/v2\/media?parent=34471"}],"wp:term":[{"taxonomy":"product_brand","embeddable":true,"href":"https:\/\/zxdoll.com\/hu\/wp-json\/wp\/v2\/product_brand?post=34471"},{"taxonomy":"product_cat","embeddable":true,"href":"https:\/\/zxdoll.com\/hu\/wp-json\/wp\/v2\/product_cat?post=34471"},{"taxonomy":"product_tag","embeddable":true,"href":"https:\/\/zxdoll.com\/hu\/wp-json\/wp\/v2\/product_tag?post=34471"}],"curies":[{"name":"wp","href":"https:\/\/api.w.org\/{rel}","templated":true}]}}