{"id":34443,"date":"2023-04-06T04:20:29","date_gmt":"2023-04-05T20:20:29","guid":{"rendered":"https:\/\/zxdoll.com\/?post_type=product&#038;p=34443"},"modified":"2025-09-12T16:34:01","modified_gmt":"2025-09-12T08:34:01","slug":"beautiful-lifelike-sex-doll-for-sale","status":"publish","type":"product","link":"https:\/\/zxdoll.com\/hu\/product\/beautiful-lifelike-sex-doll-for-sale\/","title":{"rendered":"Gy\u00f6ny\u00f6r\u0171 \u00e9leth\u0171 szexbaba elad\u00f3 Roxann 168cm"},"content":{"rendered":"<h4><strong>Szexbaba k\u00e9pek<\/strong><\/h4>\n\t                <ul class=\"easy-image-gallery thumbnails-20 linked\">\r\n                    <li><a data-fancybox=\"gallery936\" href=\"https:\/\/zxdoll.com\/wp-content\/uploads\/2023\/04\/rias-sex-doll-7y5r1-533x800.jpg\" class=\"eig-popup\" title=\"\" data-caption=\"\" target=\"_blank\"><i class=\"icon-view\"><\/i><span class=\"overlay\"><\/span><img decoding=\"async\" width=\"150\" height=\"150\" src=\"https:\/\/zxdoll.com\/wp-content\/uploads\/2023\/04\/rias-sex-doll-7y5r1-150x150.jpg\" class=\"attachment-thumbnail size-thumbnail\" alt=\"\" title=\"\"><\/a><\/li><li><a data-fancybox=\"gallery936\" href=\"https:\/\/zxdoll.com\/wp-content\/uploads\/2023\/04\/rias-sex-doll-7y5r6-533x800.jpg\" class=\"eig-popup\" title=\"\" data-caption=\"\" target=\"_blank\"><i class=\"icon-view\"><\/i><span class=\"overlay\"><\/span><img decoding=\"async\" width=\"150\" height=\"150\" src=\"https:\/\/zxdoll.com\/wp-content\/uploads\/2023\/04\/rias-sex-doll-7y5r6-150x150.jpg\" class=\"attachment-thumbnail size-thumbnail\" alt=\"\" title=\"\"><\/a><\/li><li><a data-fancybox=\"gallery936\" href=\"https:\/\/zxdoll.com\/wp-content\/uploads\/2023\/04\/rias-sex-doll-7y5r8-533x800.jpg\" class=\"eig-popup\" title=\"\" data-caption=\"\" target=\"_blank\"><i class=\"icon-view\"><\/i><span class=\"overlay\"><\/span><img decoding=\"async\" width=\"150\" height=\"150\" src=\"https:\/\/zxdoll.com\/wp-content\/uploads\/2023\/04\/rias-sex-doll-7y5r8-150x150.jpg\" class=\"attachment-thumbnail size-thumbnail\" alt=\"\" title=\"\"><\/a><\/li><li><a data-fancybox=\"gallery936\" href=\"https:\/\/zxdoll.com\/wp-content\/uploads\/2023\/04\/rias-sex-doll-7y5r10-533x800.jpg\" class=\"eig-popup\" title=\"\" data-caption=\"\" target=\"_blank\"><i class=\"icon-view\"><\/i><span class=\"overlay\"><\/span><img loading=\"lazy\" decoding=\"async\" width=\"150\" height=\"150\" src=\"https:\/\/zxdoll.com\/wp-content\/uploads\/2023\/04\/rias-sex-doll-7y5r10-150x150.jpg\" class=\"attachment-thumbnail size-thumbnail\" alt=\"\" title=\"\"><\/a><\/li><li><a data-fancybox=\"gallery936\" href=\"https:\/\/zxdoll.com\/wp-content\/uploads\/2023\/04\/rias-sex-doll-7y5r12-533x800.jpg\" class=\"eig-popup\" title=\"\" data-caption=\"\" target=\"_blank\"><i class=\"icon-view\"><\/i><span class=\"overlay\"><\/span><img loading=\"lazy\" decoding=\"async\" width=\"150\" height=\"150\" src=\"https:\/\/zxdoll.com\/wp-content\/uploads\/2023\/04\/rias-sex-doll-7y5r12-150x150.jpg\" class=\"attachment-thumbnail size-thumbnail\" alt=\"\" title=\"\"><\/a><\/li><li><a data-fancybox=\"gallery936\" href=\"https:\/\/zxdoll.com\/wp-content\/uploads\/2023\/04\/rias-sex-doll-7y5r15-533x800.jpg\" class=\"eig-popup\" title=\"\" data-caption=\"\" target=\"_blank\"><i class=\"icon-view\"><\/i><span class=\"overlay\"><\/span><img loading=\"lazy\" decoding=\"async\" width=\"150\" height=\"150\" src=\"https:\/\/zxdoll.com\/wp-content\/uploads\/2023\/04\/rias-sex-doll-7y5r15-150x150.jpg\" class=\"attachment-thumbnail size-thumbnail\" alt=\"\" title=\"\"><\/a><\/li><li><a data-fancybox=\"gallery936\" href=\"https:\/\/zxdoll.com\/wp-content\/uploads\/2023\/04\/rias-sex-doll-7y5r20-533x800.jpg\" class=\"eig-popup\" title=\"\" data-caption=\"\" target=\"_blank\"><i class=\"icon-view\"><\/i><span class=\"overlay\"><\/span><img loading=\"lazy\" decoding=\"async\" width=\"150\" height=\"150\" src=\"https:\/\/zxdoll.com\/wp-content\/uploads\/2023\/04\/rias-sex-doll-7y5r20-150x150.jpg\" class=\"attachment-thumbnail size-thumbnail\" alt=\"\" title=\"\"><\/a><\/li><li><a data-fancybox=\"gallery936\" href=\"https:\/\/zxdoll.com\/wp-content\/uploads\/2023\/04\/rias-sex-doll-7y5r32-533x800.jpg\" class=\"eig-popup\" title=\"\" data-caption=\"\" target=\"_blank\"><i class=\"icon-view\"><\/i><span class=\"overlay\"><\/span><img loading=\"lazy\" decoding=\"async\" width=\"150\" height=\"150\" src=\"https:\/\/zxdoll.com\/wp-content\/uploads\/2023\/04\/rias-sex-doll-7y5r32-150x150.jpg\" class=\"attachment-thumbnail size-thumbnail\" alt=\"\" title=\"\"><\/a><\/li><li><a data-fancybox=\"gallery936\" href=\"https:\/\/zxdoll.com\/wp-content\/uploads\/2023\/04\/rias-sex-doll-7y5r34-533x800.jpg\" class=\"eig-popup\" title=\"\" data-caption=\"\" target=\"_blank\"><i class=\"icon-view\"><\/i><span class=\"overlay\"><\/span><img loading=\"lazy\" decoding=\"async\" width=\"150\" height=\"150\" src=\"https:\/\/zxdoll.com\/wp-content\/uploads\/2023\/04\/rias-sex-doll-7y5r34-150x150.jpg\" class=\"attachment-thumbnail size-thumbnail\" alt=\"\" title=\"\"><\/a><\/li><li><a data-fancybox=\"gallery936\" href=\"https:\/\/zxdoll.com\/wp-content\/uploads\/2023\/04\/rias-sex-doll-7y5r35-533x800.jpg\" class=\"eig-popup\" title=\"\" data-caption=\"\" target=\"_blank\"><i class=\"icon-view\"><\/i><span class=\"overlay\"><\/span><img loading=\"lazy\" decoding=\"async\" width=\"150\" height=\"150\" src=\"https:\/\/zxdoll.com\/wp-content\/uploads\/2023\/04\/rias-sex-doll-7y5r35-150x150.jpg\" class=\"attachment-thumbnail size-thumbnail\" alt=\"\" title=\"\"><\/a><\/li><li><a data-fancybox=\"gallery936\" href=\"https:\/\/zxdoll.com\/wp-content\/uploads\/2023\/04\/rias-sex-doll-7y5r36-533x800.jpg\" class=\"eig-popup\" title=\"\" data-caption=\"\" target=\"_blank\"><i class=\"icon-view\"><\/i><span class=\"overlay\"><\/span><img loading=\"lazy\" decoding=\"async\" width=\"150\" height=\"150\" src=\"https:\/\/zxdoll.com\/wp-content\/uploads\/2023\/04\/rias-sex-doll-7y5r36-150x150.jpg\" class=\"attachment-thumbnail size-thumbnail\" alt=\"\" title=\"\"><\/a><\/li><li><a data-fancybox=\"gallery936\" href=\"https:\/\/zxdoll.com\/wp-content\/uploads\/2023\/04\/rias-sex-doll-7y5r37-533x800.jpg\" class=\"eig-popup\" title=\"\" data-caption=\"\" target=\"_blank\"><i class=\"icon-view\"><\/i><span class=\"overlay\"><\/span><img loading=\"lazy\" decoding=\"async\" width=\"150\" height=\"150\" src=\"https:\/\/zxdoll.com\/wp-content\/uploads\/2023\/04\/rias-sex-doll-7y5r37-150x150.jpg\" class=\"attachment-thumbnail size-thumbnail\" alt=\"\" title=\"\"><\/a><\/li><li><a data-fancybox=\"gallery936\" href=\"https:\/\/zxdoll.com\/wp-content\/uploads\/2023\/04\/rias-sex-doll-7y5r38-533x800.jpg\" class=\"eig-popup\" title=\"\" data-caption=\"\" target=\"_blank\"><i class=\"icon-view\"><\/i><span class=\"overlay\"><\/span><img loading=\"lazy\" decoding=\"async\" width=\"150\" height=\"150\" src=\"https:\/\/zxdoll.com\/wp-content\/uploads\/2023\/04\/rias-sex-doll-7y5r38-150x150.jpg\" class=\"attachment-thumbnail size-thumbnail\" alt=\"\" title=\"\"><\/a><\/li><li><a data-fancybox=\"gallery936\" href=\"https:\/\/zxdoll.com\/wp-content\/uploads\/2023\/04\/rias-sex-doll-7y5r41-533x800.jpg\" class=\"eig-popup\" title=\"\" data-caption=\"\" target=\"_blank\"><i class=\"icon-view\"><\/i><span class=\"overlay\"><\/span><img loading=\"lazy\" decoding=\"async\" width=\"150\" height=\"150\" src=\"https:\/\/zxdoll.com\/wp-content\/uploads\/2023\/04\/rias-sex-doll-7y5r41-150x150.jpg\" class=\"attachment-thumbnail size-thumbnail\" alt=\"\" title=\"\"><\/a><\/li><li><a data-fancybox=\"gallery936\" href=\"https:\/\/zxdoll.com\/wp-content\/uploads\/2023\/04\/rias-sex-doll-7y5r46-533x800.jpg\" class=\"eig-popup\" title=\"\" data-caption=\"\" target=\"_blank\"><i class=\"icon-view\"><\/i><span class=\"overlay\"><\/span><img loading=\"lazy\" decoding=\"async\" width=\"150\" height=\"150\" src=\"https:\/\/zxdoll.com\/wp-content\/uploads\/2023\/04\/rias-sex-doll-7y5r46-150x150.jpg\" class=\"attachment-thumbnail size-thumbnail\" alt=\"\" title=\"\"><\/a><\/li><li><a data-fancybox=\"gallery936\" href=\"https:\/\/zxdoll.com\/wp-content\/uploads\/2023\/04\/rias-sex-doll-7y5r47-533x800.jpg\" class=\"eig-popup\" title=\"\" data-caption=\"\" target=\"_blank\"><i class=\"icon-view\"><\/i><span class=\"overlay\"><\/span><img loading=\"lazy\" decoding=\"async\" width=\"150\" height=\"150\" src=\"https:\/\/zxdoll.com\/wp-content\/uploads\/2023\/04\/rias-sex-doll-7y5r47-150x150.jpg\" class=\"attachment-thumbnail size-thumbnail\" alt=\"\" title=\"\"><\/a><\/li><li><a data-fancybox=\"gallery936\" href=\"https:\/\/zxdoll.com\/wp-content\/uploads\/2023\/04\/rias-sex-doll-7y5r49-533x800.jpg\" class=\"eig-popup\" title=\"\" data-caption=\"\" target=\"_blank\"><i class=\"icon-view\"><\/i><span class=\"overlay\"><\/span><img loading=\"lazy\" decoding=\"async\" width=\"150\" height=\"150\" src=\"https:\/\/zxdoll.com\/wp-content\/uploads\/2023\/04\/rias-sex-doll-7y5r49-150x150.jpg\" class=\"attachment-thumbnail size-thumbnail\" alt=\"\" title=\"\"><\/a><\/li><li><a data-fancybox=\"gallery936\" href=\"https:\/\/zxdoll.com\/wp-content\/uploads\/2023\/04\/rias-sex-doll-7y5r51-533x800.jpg\" class=\"eig-popup\" title=\"\" data-caption=\"\" target=\"_blank\"><i class=\"icon-view\"><\/i><span class=\"overlay\"><\/span><img loading=\"lazy\" decoding=\"async\" width=\"150\" height=\"150\" src=\"https:\/\/zxdoll.com\/wp-content\/uploads\/2023\/04\/rias-sex-doll-7y5r51-150x150.jpg\" class=\"attachment-thumbnail size-thumbnail\" alt=\"\" title=\"\"><\/a><\/li><li><a data-fancybox=\"gallery936\" href=\"https:\/\/zxdoll.com\/wp-content\/uploads\/2023\/04\/rias-sex-doll-7y5r52-533x800.jpg\" class=\"eig-popup\" title=\"\" data-caption=\"\" target=\"_blank\"><i class=\"icon-view\"><\/i><span class=\"overlay\"><\/span><img loading=\"lazy\" decoding=\"async\" width=\"150\" height=\"150\" src=\"https:\/\/zxdoll.com\/wp-content\/uploads\/2023\/04\/rias-sex-doll-7y5r52-150x150.jpg\" class=\"attachment-thumbnail size-thumbnail\" alt=\"\" title=\"\"><\/a><\/li><li><a data-fancybox=\"gallery936\" href=\"https:\/\/zxdoll.com\/wp-content\/uploads\/2023\/04\/rias-sex-doll-7y5r55-533x800.jpg\" class=\"eig-popup\" title=\"\" data-caption=\"\" target=\"_blank\"><i class=\"icon-view\"><\/i><span class=\"overlay\"><\/span><img loading=\"lazy\" decoding=\"async\" width=\"150\" height=\"150\" src=\"https:\/\/zxdoll.com\/wp-content\/uploads\/2023\/04\/rias-sex-doll-7y5r55-150x150.jpg\" class=\"attachment-thumbnail size-thumbnail\" alt=\"\" title=\"\"><\/a><\/li><\/ul>\n<h4>M\u00e9rett\u00e1bl\u00e1zatok<\/h4>\n<table width=\"269\">\n<tbody>\n<tr>\n<td width=\"130\">Anyag<\/td>\n<td width=\"139\">TPE<\/td>\n<\/tr>\n<tr>\n<td>Magass\u00e1g<\/td>\n<td>168 cm plusz<\/td>\n<\/tr>\n<tr>\n<td>Breast Line<\/td>\n<td>85 cm<\/td>\n<\/tr>\n<tr>\n<td>Der\u00e9kvonal<\/td>\n<td>63 cm<\/td>\n<\/tr>\n<tr>\n<td>Hip Line<\/td>\n<td>97 cm<\/td>\n<\/tr>\n<tr>\n<td>Kar hossz\u00fas\u00e1g<\/td>\n<td>71 cm<\/td>\n<\/tr>\n<tr>\n<td>V\u00e1llsz\u00e9less\u00e9g<\/td>\n<td>39 cm<\/td>\n<\/tr>\n<tr>\n<td>Borj\u00fa vonal<\/td>\n<td>31,5 cm<\/td>\n<\/tr>\n<tr>\n<td>Comb vonal<\/td>\n<td>52,5 cm<\/td>\n<\/tr>\n<tr>\n<td>L\u00e1b hossz<\/td>\n<td>92 cm<\/td>\n<\/tr>\n<tr>\n<td>L\u00e1bm\u00e9ret<\/td>\n<td>23 cm<\/td>\n<\/tr>\n<tr>\n<td>Nett\u00f3 t\u00f6meg<\/td>\n<td>42 kg<\/td>\n<\/tr>\n<tr>\n<td>Or\u00e1lis m\u00e9lys\u00e9g<\/td>\n<td>12 cm<\/td>\n<\/tr>\n<tr>\n<td>H\u00fcvelym\u00e9lys\u00e9g<\/td>\n<td>18 cm<\/td>\n<\/tr>\n<tr>\n<td>An\u00e1lis m\u00e9lys\u00e9g<\/td>\n<td>16 cm<\/td>\n<\/tr>\n<\/tbody>\n<\/table>\n<h4>A szexbab\u00e1r\u00f3l<\/h4>\n<p>A vastag kateg\u00f3ri\u00e1ba tartoz\u00f3 h\u00f6lgyeket kedveled? K\u00f6sz\u00f6nj Imeld\u00e1t. Kir\u00e1lyi szexis\u00e9ge egy k\u00f6v\u00e9r szerelmi baba, \u00e9s egyben szexi. Ez a 128 cm-es szexbaba extra szexiss\u00e9ggel rendelkezik, \u00e9s \u00fagy n\u00e9z ki, ahogy a gy\u00f6ngye gy\u00f6ny\u00f6r\u0171en kieg\u00e9sz\u00edti t\u00f3nusos b\u0151r\u00e9t.<\/p>\n<p>M\u00e1r \u00fcl\u0151 helyzet\u00e9b\u0151l tudni fogja, hogy ez a v\u00e1mp\u00edr szexbaba egy g\u00f6mb\u00f6ly\u0171, \u00e9leth\u0171 szexbaba, \u00e9s hogy milyen \u00edvekre \u00e9s vastags\u00e1gra k\u00e9pes, ha szexr\u0151l van sz\u00f3.<\/p>\n<p>Ha a szexr\u0151l \u00e9s a szexr\u0151l van sz\u00f3, soha nem tal\u00e1lsz jobb szexbab\u00e1t elad\u00f3k\u00e9nt, amely mindezt megadja. Elad\u00f3 ez az \u00e9leth\u0171 szexbaba, aki oldalra ford\u00edtja a fej\u00e9t, r\u00e9sze a terv\u00e9nek, hogy elcs\u00e1b\u00edtson \u00e9s a saj\u00e1tj\u00e1v\u00e1 tegyen, \u00e9s persze, ahogy kell, bed\u0151lsz neki. Van egy szexbab\u00e1ja is, hatalmas mellekkel. A mellei egyenesen \u00e9s egyenesen \u00e1llnak, jobban, mint egy val\u00f3di emberi mell.<\/p>\n<p>Rakt\u00e1ron van ez a szexbaba, \u00e9s csak az \u00d6n rendel\u00e9se \u00e1ll k\u00f6zted \u00e9s az \u00e9benfa szexbab\u00e1d k\u00f6z\u00f6tt. Ez a k\u00f6v\u00e9r szerelmes baba kulcsa a vastag l\u00e1ny fant\u00e1zi\u00e1j\u00e1nak felold\u00e1s\u00e1hoz; teljesen bele kell kapcsol\u00f3dnod, \u00e9s \u00e9lvezned kell a val\u00f3s\u00e1got.<\/p>","protected":false},"excerpt":{"rendered":"<p>Szexbaba k\u00e9pek M\u00e9rett\u00e1bl\u00e1zat Anyag TPE magass\u00e1g 168 cm plusz mellvonal 85 cm der\u00e9kvonal 63 cm cs\u00edp\u0151vonal 97 cm kar<\/p>","protected":false},"featured_media":34473,"comment_status":"open","ping_status":"closed","template":"","meta":[],"product_brand":[],"product_cat":[97,75,231,107,117,119],"product_tag":[],"class_list":{"0":"post-34443","1":"product","2":"type-product","3":"status-publish","4":"has-post-thumbnail","6":"product_cat-real-life-sex-dolls","7":"product_cat-160cm-170cm-sex-dolls","8":"product_cat-41kg-45kg","9":"product_cat-skinny-sex-dolls","10":"product_cat-small-breast-sex-doll","11":"product_cat-tpe-sex-doll","12":"pa_brand-irontech-doll","13":"tm-has-options","15":"first","16":"instock","17":"sale","18":"shipping-taxable","19":"purchasable","20":"product-type-simple"},"_links":{"self":[{"href":"https:\/\/zxdoll.com\/hu\/wp-json\/wp\/v2\/product\/34443","targetHints":{"allow":["GET"]}}],"collection":[{"href":"https:\/\/zxdoll.com\/hu\/wp-json\/wp\/v2\/product"}],"about":[{"href":"https:\/\/zxdoll.com\/hu\/wp-json\/wp\/v2\/types\/product"}],"replies":[{"embeddable":true,"href":"https:\/\/zxdoll.com\/hu\/wp-json\/wp\/v2\/comments?post=34443"}],"version-history":[{"count":2,"href":"https:\/\/zxdoll.com\/hu\/wp-json\/wp\/v2\/product\/34443\/revisions"}],"predecessor-version":[{"id":100414,"href":"https:\/\/zxdoll.com\/hu\/wp-json\/wp\/v2\/product\/34443\/revisions\/100414"}],"wp:featuredmedia":[{"embeddable":true,"href":"https:\/\/zxdoll.com\/hu\/wp-json\/wp\/v2\/media\/34473"}],"wp:attachment":[{"href":"https:\/\/zxdoll.com\/hu\/wp-json\/wp\/v2\/media?parent=34443"}],"wp:term":[{"taxonomy":"product_brand","embeddable":true,"href":"https:\/\/zxdoll.com\/hu\/wp-json\/wp\/v2\/product_brand?post=34443"},{"taxonomy":"product_cat","embeddable":true,"href":"https:\/\/zxdoll.com\/hu\/wp-json\/wp\/v2\/product_cat?post=34443"},{"taxonomy":"product_tag","embeddable":true,"href":"https:\/\/zxdoll.com\/hu\/wp-json\/wp\/v2\/product_tag?post=34443"}],"curies":[{"name":"wp","href":"https:\/\/api.w.org\/{rel}","templated":true}]}}