{"id":33124,"date":"2023-04-05T04:29:27","date_gmt":"2023-04-04T20:29:27","guid":{"rendered":"https:\/\/zxdoll.com\/?post_type=product&#038;p=33124"},"modified":"2025-09-12T11:41:17","modified_gmt":"2025-09-12T03:41:17","slug":"beautiful-big-busty-love-doll","status":"publish","type":"product","link":"https:\/\/zxdoll.com\/hu\/product\/beautiful-big-busty-love-doll\/","title":{"rendered":"Gy\u00f6ny\u00f6r\u0171 Big Busty Love Doll Trina 164cm"},"content":{"rendered":"<h4><strong>Szexbaba k\u00e9pek<\/strong><\/h4>\n\t                <ul class=\"easy-image-gallery thumbnails-25 linked\">\r\n                    <li><a data-fancybox=\"gallery633\" href=\"https:\/\/zxdoll.com\/wp-content\/uploads\/2023\/04\/dreamdoll-twerk-6w2j1-533x800.jpg\" class=\"eig-popup\" title=\"\" data-caption=\"\" target=\"_blank\"><i class=\"icon-view\"><\/i><span class=\"overlay\"><\/span><img decoding=\"async\" width=\"150\" height=\"150\" src=\"https:\/\/zxdoll.com\/wp-content\/uploads\/2023\/04\/dreamdoll-twerk-6w2j1-150x150.jpg\" class=\"attachment-thumbnail size-thumbnail\" alt=\"\" title=\"\"><\/a><\/li><li><a data-fancybox=\"gallery633\" href=\"https:\/\/zxdoll.com\/wp-content\/uploads\/2023\/04\/dreamdoll-twerk-6w2j2-533x800.jpg\" class=\"eig-popup\" title=\"\" data-caption=\"\" target=\"_blank\"><i class=\"icon-view\"><\/i><span class=\"overlay\"><\/span><img decoding=\"async\" width=\"150\" height=\"150\" src=\"https:\/\/zxdoll.com\/wp-content\/uploads\/2023\/04\/dreamdoll-twerk-6w2j2-150x150.jpg\" class=\"attachment-thumbnail size-thumbnail\" alt=\"\" title=\"\"><\/a><\/li><li><a data-fancybox=\"gallery633\" href=\"https:\/\/zxdoll.com\/wp-content\/uploads\/2023\/04\/dreamdoll-twerk-6w2j3-533x800.jpg\" class=\"eig-popup\" title=\"\" data-caption=\"\" target=\"_blank\"><i class=\"icon-view\"><\/i><span class=\"overlay\"><\/span><img decoding=\"async\" width=\"150\" height=\"150\" src=\"https:\/\/zxdoll.com\/wp-content\/uploads\/2023\/04\/dreamdoll-twerk-6w2j3-150x150.jpg\" class=\"attachment-thumbnail size-thumbnail\" alt=\"\" title=\"\"><\/a><\/li><li><a data-fancybox=\"gallery633\" href=\"https:\/\/zxdoll.com\/wp-content\/uploads\/2023\/04\/dreamdoll-twerk-6w2j4-533x800.jpg\" class=\"eig-popup\" title=\"\" data-caption=\"\" target=\"_blank\"><i class=\"icon-view\"><\/i><span class=\"overlay\"><\/span><img loading=\"lazy\" decoding=\"async\" width=\"150\" height=\"150\" src=\"https:\/\/zxdoll.com\/wp-content\/uploads\/2023\/04\/dreamdoll-twerk-6w2j4-150x150.jpg\" class=\"attachment-thumbnail size-thumbnail\" alt=\"\" title=\"\"><\/a><\/li><li><a data-fancybox=\"gallery633\" href=\"https:\/\/zxdoll.com\/wp-content\/uploads\/2023\/04\/dreamdoll-twerk-6w2j5-533x800.jpg\" class=\"eig-popup\" title=\"\" data-caption=\"\" target=\"_blank\"><i class=\"icon-view\"><\/i><span class=\"overlay\"><\/span><img loading=\"lazy\" decoding=\"async\" width=\"150\" height=\"150\" src=\"https:\/\/zxdoll.com\/wp-content\/uploads\/2023\/04\/dreamdoll-twerk-6w2j5-150x150.jpg\" class=\"attachment-thumbnail size-thumbnail\" alt=\"\" title=\"\"><\/a><\/li><li><a data-fancybox=\"gallery633\" href=\"https:\/\/zxdoll.com\/wp-content\/uploads\/2023\/04\/dreamdoll-twerk-6w2j6-533x800.jpg\" class=\"eig-popup\" title=\"\" data-caption=\"\" target=\"_blank\"><i class=\"icon-view\"><\/i><span class=\"overlay\"><\/span><img loading=\"lazy\" decoding=\"async\" width=\"150\" height=\"150\" src=\"https:\/\/zxdoll.com\/wp-content\/uploads\/2023\/04\/dreamdoll-twerk-6w2j6-150x150.jpg\" class=\"attachment-thumbnail size-thumbnail\" alt=\"\" title=\"\"><\/a><\/li><li><a data-fancybox=\"gallery633\" href=\"https:\/\/zxdoll.com\/wp-content\/uploads\/2023\/04\/dreamdoll-twerk-6w2j7-533x800.jpg\" class=\"eig-popup\" title=\"\" data-caption=\"\" target=\"_blank\"><i class=\"icon-view\"><\/i><span class=\"overlay\"><\/span><img loading=\"lazy\" decoding=\"async\" width=\"150\" height=\"150\" src=\"https:\/\/zxdoll.com\/wp-content\/uploads\/2023\/04\/dreamdoll-twerk-6w2j7-150x150.jpg\" class=\"attachment-thumbnail size-thumbnail\" alt=\"\" title=\"\"><\/a><\/li><li><a data-fancybox=\"gallery633\" href=\"https:\/\/zxdoll.com\/wp-content\/uploads\/2023\/04\/dreamdoll-twerk-6w2j8-533x800.jpg\" class=\"eig-popup\" title=\"\" data-caption=\"\" target=\"_blank\"><i class=\"icon-view\"><\/i><span class=\"overlay\"><\/span><img loading=\"lazy\" decoding=\"async\" width=\"150\" height=\"150\" src=\"https:\/\/zxdoll.com\/wp-content\/uploads\/2023\/04\/dreamdoll-twerk-6w2j8-150x150.jpg\" class=\"attachment-thumbnail size-thumbnail\" alt=\"\" title=\"\"><\/a><\/li><li><a data-fancybox=\"gallery633\" href=\"https:\/\/zxdoll.com\/wp-content\/uploads\/2023\/04\/dreamdoll-twerk-6w2j9-533x800.jpg\" class=\"eig-popup\" title=\"\" data-caption=\"\" target=\"_blank\"><i class=\"icon-view\"><\/i><span class=\"overlay\"><\/span><img loading=\"lazy\" decoding=\"async\" width=\"150\" height=\"150\" src=\"https:\/\/zxdoll.com\/wp-content\/uploads\/2023\/04\/dreamdoll-twerk-6w2j9-150x150.jpg\" class=\"attachment-thumbnail size-thumbnail\" alt=\"\" title=\"\"><\/a><\/li><li><a data-fancybox=\"gallery633\" href=\"https:\/\/zxdoll.com\/wp-content\/uploads\/2023\/04\/dreamdoll-twerk-6w2j11-533x800.jpg\" class=\"eig-popup\" title=\"\" data-caption=\"\" target=\"_blank\"><i class=\"icon-view\"><\/i><span class=\"overlay\"><\/span><img loading=\"lazy\" decoding=\"async\" width=\"150\" height=\"150\" src=\"https:\/\/zxdoll.com\/wp-content\/uploads\/2023\/04\/dreamdoll-twerk-6w2j11-150x150.jpg\" class=\"attachment-thumbnail size-thumbnail\" alt=\"\" title=\"\"><\/a><\/li><li><a data-fancybox=\"gallery633\" href=\"https:\/\/zxdoll.com\/wp-content\/uploads\/2023\/04\/dreamdoll-twerk-6w2j12-533x800.jpg\" class=\"eig-popup\" title=\"\" data-caption=\"\" target=\"_blank\"><i class=\"icon-view\"><\/i><span class=\"overlay\"><\/span><img loading=\"lazy\" decoding=\"async\" width=\"150\" height=\"150\" src=\"https:\/\/zxdoll.com\/wp-content\/uploads\/2023\/04\/dreamdoll-twerk-6w2j12-150x150.jpg\" class=\"attachment-thumbnail size-thumbnail\" alt=\"\" title=\"\"><\/a><\/li><li><a data-fancybox=\"gallery633\" href=\"https:\/\/zxdoll.com\/wp-content\/uploads\/2023\/04\/dreamdoll-twerk-6w2j13-533x800.jpg\" class=\"eig-popup\" title=\"\" data-caption=\"\" target=\"_blank\"><i class=\"icon-view\"><\/i><span class=\"overlay\"><\/span><img loading=\"lazy\" decoding=\"async\" width=\"150\" height=\"150\" src=\"https:\/\/zxdoll.com\/wp-content\/uploads\/2023\/04\/dreamdoll-twerk-6w2j13-150x150.jpg\" class=\"attachment-thumbnail size-thumbnail\" alt=\"\" title=\"\"><\/a><\/li><li><a data-fancybox=\"gallery633\" href=\"https:\/\/zxdoll.com\/wp-content\/uploads\/2023\/04\/dreamdoll-twerk-6w2j14-533x800.jpg\" class=\"eig-popup\" title=\"\" data-caption=\"\" target=\"_blank\"><i class=\"icon-view\"><\/i><span class=\"overlay\"><\/span><img loading=\"lazy\" decoding=\"async\" width=\"150\" height=\"150\" src=\"https:\/\/zxdoll.com\/wp-content\/uploads\/2023\/04\/dreamdoll-twerk-6w2j14-150x150.jpg\" class=\"attachment-thumbnail size-thumbnail\" alt=\"\" title=\"\"><\/a><\/li><li><a data-fancybox=\"gallery633\" href=\"https:\/\/zxdoll.com\/wp-content\/uploads\/2023\/04\/dreamdoll-twerk-6w2j16-533x800.jpg\" class=\"eig-popup\" title=\"\" data-caption=\"\" target=\"_blank\"><i class=\"icon-view\"><\/i><span class=\"overlay\"><\/span><img loading=\"lazy\" decoding=\"async\" width=\"150\" height=\"150\" src=\"https:\/\/zxdoll.com\/wp-content\/uploads\/2023\/04\/dreamdoll-twerk-6w2j16-150x150.jpg\" class=\"attachment-thumbnail size-thumbnail\" alt=\"\" title=\"\"><\/a><\/li><li><a data-fancybox=\"gallery633\" href=\"https:\/\/zxdoll.com\/wp-content\/uploads\/2023\/04\/dreamdoll-twerk-6w2j17-533x800.jpg\" class=\"eig-popup\" title=\"\" data-caption=\"\" target=\"_blank\"><i class=\"icon-view\"><\/i><span class=\"overlay\"><\/span><img loading=\"lazy\" decoding=\"async\" width=\"150\" height=\"150\" src=\"https:\/\/zxdoll.com\/wp-content\/uploads\/2023\/04\/dreamdoll-twerk-6w2j17-150x150.jpg\" class=\"attachment-thumbnail size-thumbnail\" alt=\"\" title=\"\"><\/a><\/li><li><a data-fancybox=\"gallery633\" href=\"https:\/\/zxdoll.com\/wp-content\/uploads\/2023\/04\/dreamdoll-twerk-6w2j19-533x800.jpg\" class=\"eig-popup\" title=\"\" data-caption=\"\" target=\"_blank\"><i class=\"icon-view\"><\/i><span class=\"overlay\"><\/span><img loading=\"lazy\" decoding=\"async\" width=\"150\" height=\"150\" src=\"https:\/\/zxdoll.com\/wp-content\/uploads\/2023\/04\/dreamdoll-twerk-6w2j19-150x150.jpg\" class=\"attachment-thumbnail size-thumbnail\" alt=\"\" title=\"\"><\/a><\/li><li><a data-fancybox=\"gallery633\" href=\"https:\/\/zxdoll.com\/wp-content\/uploads\/2023\/04\/dreamdoll-twerk-6w2j20-533x800.jpg\" class=\"eig-popup\" title=\"\" data-caption=\"\" target=\"_blank\"><i class=\"icon-view\"><\/i><span class=\"overlay\"><\/span><img loading=\"lazy\" decoding=\"async\" width=\"150\" height=\"150\" src=\"https:\/\/zxdoll.com\/wp-content\/uploads\/2023\/04\/dreamdoll-twerk-6w2j20-150x150.jpg\" class=\"attachment-thumbnail size-thumbnail\" alt=\"\" title=\"\"><\/a><\/li><li><a data-fancybox=\"gallery633\" href=\"https:\/\/zxdoll.com\/wp-content\/uploads\/2023\/04\/dreamdoll-twerk-6w2j22-533x800.jpg\" class=\"eig-popup\" title=\"\" data-caption=\"\" target=\"_blank\"><i class=\"icon-view\"><\/i><span class=\"overlay\"><\/span><img loading=\"lazy\" decoding=\"async\" width=\"150\" height=\"150\" src=\"https:\/\/zxdoll.com\/wp-content\/uploads\/2023\/04\/dreamdoll-twerk-6w2j22-150x150.jpg\" class=\"attachment-thumbnail size-thumbnail\" alt=\"\" title=\"\"><\/a><\/li><li><a data-fancybox=\"gallery633\" href=\"https:\/\/zxdoll.com\/wp-content\/uploads\/2023\/04\/dreamdoll-twerk-6w2j23-533x800.jpg\" class=\"eig-popup\" title=\"\" data-caption=\"\" target=\"_blank\"><i class=\"icon-view\"><\/i><span class=\"overlay\"><\/span><img loading=\"lazy\" decoding=\"async\" width=\"150\" height=\"150\" src=\"https:\/\/zxdoll.com\/wp-content\/uploads\/2023\/04\/dreamdoll-twerk-6w2j23-150x150.jpg\" class=\"attachment-thumbnail size-thumbnail\" alt=\"\" title=\"\"><\/a><\/li><li><a data-fancybox=\"gallery633\" href=\"https:\/\/zxdoll.com\/wp-content\/uploads\/2023\/04\/dreamdoll-twerk-6w2j24-533x800.jpg\" class=\"eig-popup\" title=\"\" data-caption=\"\" target=\"_blank\"><i class=\"icon-view\"><\/i><span class=\"overlay\"><\/span><img loading=\"lazy\" decoding=\"async\" width=\"150\" height=\"150\" src=\"https:\/\/zxdoll.com\/wp-content\/uploads\/2023\/04\/dreamdoll-twerk-6w2j24-150x150.jpg\" class=\"attachment-thumbnail size-thumbnail\" alt=\"\" title=\"\"><\/a><\/li><li><a data-fancybox=\"gallery633\" href=\"https:\/\/zxdoll.com\/wp-content\/uploads\/2023\/04\/dreamdoll-twerk-6w2j25-533x800.jpg\" class=\"eig-popup\" title=\"\" data-caption=\"\" target=\"_blank\"><i class=\"icon-view\"><\/i><span class=\"overlay\"><\/span><img loading=\"lazy\" decoding=\"async\" width=\"150\" height=\"150\" src=\"https:\/\/zxdoll.com\/wp-content\/uploads\/2023\/04\/dreamdoll-twerk-6w2j25-150x150.jpg\" class=\"attachment-thumbnail size-thumbnail\" alt=\"\" title=\"\"><\/a><\/li><li><a data-fancybox=\"gallery633\" href=\"https:\/\/zxdoll.com\/wp-content\/uploads\/2023\/04\/dreamdoll-twerk-6w2j26-533x800.jpg\" class=\"eig-popup\" title=\"\" data-caption=\"\" target=\"_blank\"><i class=\"icon-view\"><\/i><span class=\"overlay\"><\/span><img loading=\"lazy\" decoding=\"async\" width=\"150\" height=\"150\" src=\"https:\/\/zxdoll.com\/wp-content\/uploads\/2023\/04\/dreamdoll-twerk-6w2j26-150x150.jpg\" class=\"attachment-thumbnail size-thumbnail\" alt=\"\" title=\"\"><\/a><\/li><li><a data-fancybox=\"gallery633\" href=\"https:\/\/zxdoll.com\/wp-content\/uploads\/2023\/04\/dreamdoll-twerk-6w2j27-533x800.jpg\" class=\"eig-popup\" title=\"\" data-caption=\"\" target=\"_blank\"><i class=\"icon-view\"><\/i><span class=\"overlay\"><\/span><img loading=\"lazy\" decoding=\"async\" width=\"150\" height=\"150\" src=\"https:\/\/zxdoll.com\/wp-content\/uploads\/2023\/04\/dreamdoll-twerk-6w2j27-150x150.jpg\" class=\"attachment-thumbnail size-thumbnail\" alt=\"\" title=\"\"><\/a><\/li><li><a data-fancybox=\"gallery633\" href=\"https:\/\/zxdoll.com\/wp-content\/uploads\/2023\/04\/dreamdoll-twerk-6w2j28-533x800.jpg\" class=\"eig-popup\" title=\"\" data-caption=\"\" target=\"_blank\"><i class=\"icon-view\"><\/i><span class=\"overlay\"><\/span><img loading=\"lazy\" decoding=\"async\" width=\"150\" height=\"150\" src=\"https:\/\/zxdoll.com\/wp-content\/uploads\/2023\/04\/dreamdoll-twerk-6w2j28-150x150.jpg\" class=\"attachment-thumbnail size-thumbnail\" alt=\"\" title=\"\"><\/a><\/li><li><a data-fancybox=\"gallery633\" href=\"https:\/\/zxdoll.com\/wp-content\/uploads\/2023\/04\/dreamdoll-twerk-6w2j29-533x800.jpg\" class=\"eig-popup\" title=\"\" data-caption=\"\" target=\"_blank\"><i class=\"icon-view\"><\/i><span class=\"overlay\"><\/span><img loading=\"lazy\" decoding=\"async\" width=\"150\" height=\"150\" src=\"https:\/\/zxdoll.com\/wp-content\/uploads\/2023\/04\/dreamdoll-twerk-6w2j29-150x150.jpg\" class=\"attachment-thumbnail size-thumbnail\" alt=\"\" title=\"\"><\/a><\/li><\/ul>\n<h4>M\u00e9rett\u00e1bl\u00e1zatok<\/h4>\n<table width=\"269\">\n<tbody>\n<tr>\n<td width=\"130\">Anyag<\/td>\n<td width=\"139\">TPE<\/td>\n<\/tr>\n<tr>\n<td>Magass\u00e1g<\/td>\n<td>164 cm plusz<\/td>\n<\/tr>\n<tr>\n<td>Breast Line<\/td>\n<td>81 cm<\/td>\n<\/tr>\n<tr>\n<td>Der\u00e9kvonal<\/td>\n<td>59 cm<\/td>\n<\/tr>\n<tr>\n<td>Hip Line<\/td>\n<td>103 cm<\/td>\n<\/tr>\n<tr>\n<td>Kar hossz\u00fas\u00e1g<\/td>\n<td>63 cm<\/td>\n<\/tr>\n<tr>\n<td>V\u00e1llsz\u00e9less\u00e9g<\/td>\n<td>38 cm<\/td>\n<\/tr>\n<tr>\n<td>Borj\u00fa vonal<\/td>\n<td>34 cm<\/td>\n<\/tr>\n<tr>\n<td>Comb vonal<\/td>\n<td>59 cm<\/td>\n<\/tr>\n<tr>\n<td>L\u00e1b hossz<\/td>\n<td>79 cm<\/td>\n<\/tr>\n<tr>\n<td>L\u00e1bm\u00e9ret<\/td>\n<td>22 cm<\/td>\n<\/tr>\n<tr>\n<td>Nett\u00f3 t\u00f6meg<\/td>\n<td>45 kg<\/td>\n<\/tr>\n<tr>\n<td>Or\u00e1lis m\u00e9lys\u00e9g<\/td>\n<td>12 cm<\/td>\n<\/tr>\n<tr>\n<td>H\u00fcvelym\u00e9lys\u00e9g<\/td>\n<td>18 cm<\/td>\n<\/tr>\n<tr>\n<td>An\u00e1lis m\u00e9lys\u00e9g<\/td>\n<td>16 cm<\/td>\n<\/tr>\n<\/tbody>\n<\/table>\n<h4>A szexbab\u00e1r\u00f3l<\/h4>\n<p>\u00c1prilis szabadnapja van, \u00e9s alig v\u00e1rja, hogy megossza veled a vil\u00e1g\u00e1t. Egy gy\u00f6ny\u00f6r\u0171 macska szexbaba testre szabott hangz\u00e1ssal. Ez az \u00e9dessz\u00edv\u0171 \u00e9s j\u00f3 modor\u00fa Shiori szexbaba szexi ajk\u00e1val, hossz\u00fa hajjal \u00e9s k\u00edv\u00e1natos hangt\u00f3nussal a ti\u00e9d lehet, ha megtenn\u00e9d a sz\u00fcks\u00e9ges dolgokat.<\/p>\n<p>Az April a legjobb tpe szexbaba, ami nagyon akt\u00edv az \u00e1gyban; b\u00e1jos szemei vannak, hogy megl\u00e1gy\u00edtsa a sz\u00edvedet; \u0151 a legkedveltebb szexbaba, akivel az \u00e9letben felfedezni kell<\/p>\n<p>Ez a gy\u00f6ny\u00f6r\u0171 dr\u00e1ga egy \u00e9leth\u0171 szexbaba cs\u00f3kolhat\u00f3 ajkakkal. Ez a tapasztalt Riley Reid baba \u00e9s \u00e9benfa szerelmes baba gy\u00f6ny\u00f6r\u0171, hossz\u00fa l\u00e1bakkal j\u00f3 megjelen\u00e9s\u0171, nagyvonal\u00fa, vastag b\u0151r\u0171 testtel rendelkezik, amely mindig megvil\u00e1g\u00edtja az \u00e9leted. Magabiztos \u00e9s mindig \u00f6r\u00f6mteli. \u00c1prilis p\u00f3tolhatatlan, \u00e9s az \u0151 l\u00e1tv\u00e1nya mindig lelkesed\u00e9s lesz az \u00f6r\u00f6m\u00e9rt.<\/p>\n<p>Ez a nagy, melles szexbaba m\u0171k\u00f6d\u00e9s k\u00f6zben k\u00fcl\u00f6nb\u00f6z\u0151 kialak\u00edt\u00e1s\u00fa babadobozokban kaphat\u00f3, \u00edgy minden helyre sz\u00e1ll\u00edtjuk. K\u00edv\u00e1ncsi vagy, mire tal\u00e1lt\u00e1k ki a fekete bab\u00e1kat? Kiz\u00e1r\u00f3lag arra k\u00e9sz\u00fcltek, hogy maxim\u00e1lis el\u00e9gedetts\u00e9get ny\u00fajtsanak szexu\u00e1lis \u00e9let\u00e9ben.<\/p>\n<p>Szer\u00e9ny, hiteles \u00e9s befoly\u00e1sos. Elk\u00e9peszt\u0151en romantikus \u00e9s bolyhos az \u00d6n sz\u00e1m\u00e1ra, \u00e9s mindennek a tetej\u00e9be nagyon egy\u00fctt\u00e9rz\u0151; ha szeretn\u00e9d l\u00e1tni a szexbab\u00e1t a val\u00f3s\u00e1gban, menj \u00e1prilisra.<\/p>","protected":false},"excerpt":{"rendered":"<p>Szexbaba k\u00e9pek M\u00e9rett\u00e1bl\u00e1zatok Anyag TPE magass\u00e1g 164 cm plusz mellvonal 81 cm der\u00e9kvonal 59 cm cs\u00edp\u0151vonal 103 cm kar<\/p>","protected":false},"featured_media":33126,"comment_status":"open","ping_status":"closed","template":"","meta":[],"product_brand":[],"product_cat":[97,75,231,116,115,118,119],"product_tag":[],"class_list":{"0":"post-33124","1":"product","2":"type-product","3":"status-publish","4":"has-post-thumbnail","6":"product_cat-real-life-sex-dolls","7":"product_cat-160cm-170cm-sex-dolls","8":"product_cat-41kg-45kg","9":"product_cat-big-boobs-sex-doll","10":"product_cat-big-booty-sex-doll","11":"product_cat-ebony-sex-doll","12":"product_cat-tpe-sex-doll","13":"pa_brand-irontech-doll","14":"tm-has-options","16":"first","17":"instock","18":"sale","19":"shipping-taxable","20":"purchasable","21":"product-type-simple"},"_links":{"self":[{"href":"https:\/\/zxdoll.com\/hu\/wp-json\/wp\/v2\/product\/33124","targetHints":{"allow":["GET"]}}],"collection":[{"href":"https:\/\/zxdoll.com\/hu\/wp-json\/wp\/v2\/product"}],"about":[{"href":"https:\/\/zxdoll.com\/hu\/wp-json\/wp\/v2\/types\/product"}],"replies":[{"embeddable":true,"href":"https:\/\/zxdoll.com\/hu\/wp-json\/wp\/v2\/comments?post=33124"}],"version-history":[{"count":2,"href":"https:\/\/zxdoll.com\/hu\/wp-json\/wp\/v2\/product\/33124\/revisions"}],"predecessor-version":[{"id":186830,"href":"https:\/\/zxdoll.com\/hu\/wp-json\/wp\/v2\/product\/33124\/revisions\/186830"}],"wp:featuredmedia":[{"embeddable":true,"href":"https:\/\/zxdoll.com\/hu\/wp-json\/wp\/v2\/media\/33126"}],"wp:attachment":[{"href":"https:\/\/zxdoll.com\/hu\/wp-json\/wp\/v2\/media?parent=33124"}],"wp:term":[{"taxonomy":"product_brand","embeddable":true,"href":"https:\/\/zxdoll.com\/hu\/wp-json\/wp\/v2\/product_brand?post=33124"},{"taxonomy":"product_cat","embeddable":true,"href":"https:\/\/zxdoll.com\/hu\/wp-json\/wp\/v2\/product_cat?post=33124"},{"taxonomy":"product_tag","embeddable":true,"href":"https:\/\/zxdoll.com\/hu\/wp-json\/wp\/v2\/product_tag?post=33124"}],"curies":[{"name":"wp","href":"https:\/\/api.w.org\/{rel}","templated":true}]}}