{"id":32743,"date":"2023-04-05T03:42:33","date_gmt":"2023-04-04T19:42:33","guid":{"rendered":"https:\/\/zxdoll.com\/?post_type=product&#038;p=32743"},"modified":"2025-09-12T11:32:26","modified_gmt":"2025-09-12T03:32:26","slug":"adult-lifelike-sex-doll-for-sale","status":"publish","type":"product","link":"https:\/\/zxdoll.com\/hu\/product\/adult-lifelike-sex-doll-for-sale\/","title":{"rendered":"Feln\u0151tt \u00c9leth\u0171 Sex Baba Elad\u00f3 Hedda 164cm"},"content":{"rendered":"<h4><strong>Szexbaba k\u00e9pek<\/strong><\/h4>\n\t                <ul class=\"easy-image-gallery thumbnails-18 linked\">\r\n                    <li><a data-fancybox=\"gallery128\" href=\"https:\/\/zxdoll.com\/wp-content\/uploads\/2023\/04\/scary-ass-dolls-6q3a1-533x800.jpg\" class=\"eig-popup\" title=\"\" data-caption=\"\" target=\"_blank\"><i class=\"icon-view\"><\/i><span class=\"overlay\"><\/span><img decoding=\"async\" width=\"150\" height=\"150\" src=\"https:\/\/zxdoll.com\/wp-content\/uploads\/2023\/04\/scary-ass-dolls-6q3a1-150x150.jpg\" class=\"attachment-thumbnail size-thumbnail\" alt=\"\" title=\"\"><\/a><\/li><li><a data-fancybox=\"gallery128\" href=\"https:\/\/zxdoll.com\/wp-content\/uploads\/2023\/04\/scary-ass-dolls-6q3a2-533x800.jpg\" class=\"eig-popup\" title=\"\" data-caption=\"\" target=\"_blank\"><i class=\"icon-view\"><\/i><span class=\"overlay\"><\/span><img decoding=\"async\" width=\"150\" height=\"150\" src=\"https:\/\/zxdoll.com\/wp-content\/uploads\/2023\/04\/scary-ass-dolls-6q3a2-150x150.jpg\" class=\"attachment-thumbnail size-thumbnail\" alt=\"\" title=\"\"><\/a><\/li><li><a data-fancybox=\"gallery128\" href=\"https:\/\/zxdoll.com\/wp-content\/uploads\/2023\/04\/scary-ass-dolls-6q3a3-533x800.jpg\" class=\"eig-popup\" title=\"\" data-caption=\"\" target=\"_blank\"><i class=\"icon-view\"><\/i><span class=\"overlay\"><\/span><img decoding=\"async\" width=\"150\" height=\"150\" src=\"https:\/\/zxdoll.com\/wp-content\/uploads\/2023\/04\/scary-ass-dolls-6q3a3-150x150.jpg\" class=\"attachment-thumbnail size-thumbnail\" alt=\"\" title=\"\"><\/a><\/li><li><a data-fancybox=\"gallery128\" href=\"https:\/\/zxdoll.com\/wp-content\/uploads\/2023\/04\/scary-ass-dolls-6q3a4-533x800.jpg\" class=\"eig-popup\" title=\"\" data-caption=\"\" target=\"_blank\"><i class=\"icon-view\"><\/i><span class=\"overlay\"><\/span><img loading=\"lazy\" decoding=\"async\" width=\"150\" height=\"150\" src=\"https:\/\/zxdoll.com\/wp-content\/uploads\/2023\/04\/scary-ass-dolls-6q3a4-150x150.jpg\" class=\"attachment-thumbnail size-thumbnail\" alt=\"\" title=\"\"><\/a><\/li><li><a data-fancybox=\"gallery128\" href=\"https:\/\/zxdoll.com\/wp-content\/uploads\/2023\/04\/scary-ass-dolls-6q3a6-533x800.jpg\" class=\"eig-popup\" title=\"\" data-caption=\"\" target=\"_blank\"><i class=\"icon-view\"><\/i><span class=\"overlay\"><\/span><img loading=\"lazy\" decoding=\"async\" width=\"150\" height=\"150\" src=\"https:\/\/zxdoll.com\/wp-content\/uploads\/2023\/04\/scary-ass-dolls-6q3a6-150x150.jpg\" class=\"attachment-thumbnail size-thumbnail\" alt=\"\" title=\"\"><\/a><\/li><li><a data-fancybox=\"gallery128\" href=\"https:\/\/zxdoll.com\/wp-content\/uploads\/2023\/04\/scary-ass-dolls-6q3a7-533x800.jpg\" class=\"eig-popup\" title=\"\" data-caption=\"\" target=\"_blank\"><i class=\"icon-view\"><\/i><span class=\"overlay\"><\/span><img loading=\"lazy\" decoding=\"async\" width=\"150\" height=\"150\" src=\"https:\/\/zxdoll.com\/wp-content\/uploads\/2023\/04\/scary-ass-dolls-6q3a7-150x150.jpg\" class=\"attachment-thumbnail size-thumbnail\" alt=\"\" title=\"\"><\/a><\/li><li><a data-fancybox=\"gallery128\" href=\"https:\/\/zxdoll.com\/wp-content\/uploads\/2023\/04\/scary-ass-dolls-6q3a8-533x800.jpg\" class=\"eig-popup\" title=\"\" data-caption=\"\" target=\"_blank\"><i class=\"icon-view\"><\/i><span class=\"overlay\"><\/span><img loading=\"lazy\" decoding=\"async\" width=\"150\" height=\"150\" src=\"https:\/\/zxdoll.com\/wp-content\/uploads\/2023\/04\/scary-ass-dolls-6q3a8-150x150.jpg\" class=\"attachment-thumbnail size-thumbnail\" alt=\"\" title=\"\"><\/a><\/li><li><a data-fancybox=\"gallery128\" href=\"https:\/\/zxdoll.com\/wp-content\/uploads\/2023\/04\/scary-ass-dolls-6q3a9-533x800.jpg\" class=\"eig-popup\" title=\"\" data-caption=\"\" target=\"_blank\"><i class=\"icon-view\"><\/i><span class=\"overlay\"><\/span><img loading=\"lazy\" decoding=\"async\" width=\"150\" height=\"150\" src=\"https:\/\/zxdoll.com\/wp-content\/uploads\/2023\/04\/scary-ass-dolls-6q3a9-150x150.jpg\" class=\"attachment-thumbnail size-thumbnail\" alt=\"\" title=\"\"><\/a><\/li><li><a data-fancybox=\"gallery128\" href=\"https:\/\/zxdoll.com\/wp-content\/uploads\/2023\/04\/scary-ass-dolls-6q3a10-533x800.jpg\" class=\"eig-popup\" title=\"\" data-caption=\"\" target=\"_blank\"><i class=\"icon-view\"><\/i><span class=\"overlay\"><\/span><img loading=\"lazy\" decoding=\"async\" width=\"150\" height=\"150\" src=\"https:\/\/zxdoll.com\/wp-content\/uploads\/2023\/04\/scary-ass-dolls-6q3a10-150x150.jpg\" class=\"attachment-thumbnail size-thumbnail\" alt=\"\" title=\"\"><\/a><\/li><li><a data-fancybox=\"gallery128\" href=\"https:\/\/zxdoll.com\/wp-content\/uploads\/2023\/04\/scary-ass-dolls-6q3a11-533x800.jpg\" class=\"eig-popup\" title=\"\" data-caption=\"\" target=\"_blank\"><i class=\"icon-view\"><\/i><span class=\"overlay\"><\/span><img loading=\"lazy\" decoding=\"async\" width=\"150\" height=\"150\" src=\"https:\/\/zxdoll.com\/wp-content\/uploads\/2023\/04\/scary-ass-dolls-6q3a11-150x150.jpg\" class=\"attachment-thumbnail size-thumbnail\" alt=\"\" title=\"\"><\/a><\/li><li><a data-fancybox=\"gallery128\" href=\"https:\/\/zxdoll.com\/wp-content\/uploads\/2023\/04\/scary-ass-dolls-6q3a12-533x800.jpg\" class=\"eig-popup\" title=\"\" data-caption=\"\" target=\"_blank\"><i class=\"icon-view\"><\/i><span class=\"overlay\"><\/span><img loading=\"lazy\" decoding=\"async\" width=\"150\" height=\"150\" src=\"https:\/\/zxdoll.com\/wp-content\/uploads\/2023\/04\/scary-ass-dolls-6q3a12-150x150.jpg\" class=\"attachment-thumbnail size-thumbnail\" alt=\"\" title=\"\"><\/a><\/li><li><a data-fancybox=\"gallery128\" href=\"https:\/\/zxdoll.com\/wp-content\/uploads\/2023\/04\/scary-ass-dolls-6q3a13-533x800.jpg\" class=\"eig-popup\" title=\"\" data-caption=\"\" target=\"_blank\"><i class=\"icon-view\"><\/i><span class=\"overlay\"><\/span><img loading=\"lazy\" decoding=\"async\" width=\"150\" height=\"150\" src=\"https:\/\/zxdoll.com\/wp-content\/uploads\/2023\/04\/scary-ass-dolls-6q3a13-150x150.jpg\" class=\"attachment-thumbnail size-thumbnail\" alt=\"\" title=\"\"><\/a><\/li><li><a data-fancybox=\"gallery128\" href=\"https:\/\/zxdoll.com\/wp-content\/uploads\/2023\/04\/scary-ass-dolls-6q3a14-533x800.jpg\" class=\"eig-popup\" title=\"\" data-caption=\"\" target=\"_blank\"><i class=\"icon-view\"><\/i><span class=\"overlay\"><\/span><img loading=\"lazy\" decoding=\"async\" width=\"150\" height=\"150\" src=\"https:\/\/zxdoll.com\/wp-content\/uploads\/2023\/04\/scary-ass-dolls-6q3a14-150x150.jpg\" class=\"attachment-thumbnail size-thumbnail\" alt=\"\" title=\"\"><\/a><\/li><li><a data-fancybox=\"gallery128\" href=\"https:\/\/zxdoll.com\/wp-content\/uploads\/2023\/04\/scary-ass-dolls-6q3a15-533x800.jpg\" class=\"eig-popup\" title=\"\" data-caption=\"\" target=\"_blank\"><i class=\"icon-view\"><\/i><span class=\"overlay\"><\/span><img loading=\"lazy\" decoding=\"async\" width=\"150\" height=\"150\" src=\"https:\/\/zxdoll.com\/wp-content\/uploads\/2023\/04\/scary-ass-dolls-6q3a15-150x150.jpg\" class=\"attachment-thumbnail size-thumbnail\" alt=\"\" title=\"\"><\/a><\/li><li><a data-fancybox=\"gallery128\" href=\"https:\/\/zxdoll.com\/wp-content\/uploads\/2023\/04\/scary-ass-dolls-6q3a16-533x800.jpg\" class=\"eig-popup\" title=\"\" data-caption=\"\" target=\"_blank\"><i class=\"icon-view\"><\/i><span class=\"overlay\"><\/span><img loading=\"lazy\" decoding=\"async\" width=\"150\" height=\"150\" src=\"https:\/\/zxdoll.com\/wp-content\/uploads\/2023\/04\/scary-ass-dolls-6q3a16-150x150.jpg\" class=\"attachment-thumbnail size-thumbnail\" alt=\"\" title=\"\"><\/a><\/li><li><a data-fancybox=\"gallery128\" href=\"https:\/\/zxdoll.com\/wp-content\/uploads\/2023\/04\/scary-ass-dolls-6q3a17-533x800.jpg\" class=\"eig-popup\" title=\"\" data-caption=\"\" target=\"_blank\"><i class=\"icon-view\"><\/i><span class=\"overlay\"><\/span><img loading=\"lazy\" decoding=\"async\" width=\"150\" height=\"150\" src=\"https:\/\/zxdoll.com\/wp-content\/uploads\/2023\/04\/scary-ass-dolls-6q3a17-150x150.jpg\" class=\"attachment-thumbnail size-thumbnail\" alt=\"\" title=\"\"><\/a><\/li><li><a data-fancybox=\"gallery128\" href=\"https:\/\/zxdoll.com\/wp-content\/uploads\/2023\/04\/scary-ass-dolls-6q3a18-533x800.jpg\" class=\"eig-popup\" title=\"\" data-caption=\"\" target=\"_blank\"><i class=\"icon-view\"><\/i><span class=\"overlay\"><\/span><img loading=\"lazy\" decoding=\"async\" width=\"150\" height=\"150\" src=\"https:\/\/zxdoll.com\/wp-content\/uploads\/2023\/04\/scary-ass-dolls-6q3a18-150x150.jpg\" class=\"attachment-thumbnail size-thumbnail\" alt=\"\" title=\"\"><\/a><\/li><li><a data-fancybox=\"gallery128\" href=\"https:\/\/zxdoll.com\/wp-content\/uploads\/2023\/04\/scary-ass-dolls-6q3a19-533x800.jpg\" class=\"eig-popup\" title=\"\" data-caption=\"\" target=\"_blank\"><i class=\"icon-view\"><\/i><span class=\"overlay\"><\/span><img loading=\"lazy\" decoding=\"async\" width=\"150\" height=\"150\" src=\"https:\/\/zxdoll.com\/wp-content\/uploads\/2023\/04\/scary-ass-dolls-6q3a19-150x150.jpg\" class=\"attachment-thumbnail size-thumbnail\" alt=\"\" title=\"\"><\/a><\/li><\/ul>\n<h4>M\u00e9rett\u00e1bl\u00e1zatok<\/h4>\n<table width=\"269\">\n<tbody>\n<tr>\n<td width=\"130\">Anyag<\/td>\n<td width=\"139\">TPE<\/td>\n<\/tr>\n<tr>\n<td>Magass\u00e1g<\/td>\n<td>164 cm<\/td>\n<\/tr>\n<tr>\n<td>Breast Line<\/td>\n<td>86 cm<\/td>\n<\/tr>\n<tr>\n<td>Der\u00e9kvonal<\/td>\n<td>54 cm<\/td>\n<\/tr>\n<tr>\n<td>Hip Line<\/td>\n<td>98 cm<\/td>\n<\/tr>\n<tr>\n<td>Kar hossz\u00fas\u00e1g<\/td>\n<td>57 cm<\/td>\n<\/tr>\n<tr>\n<td>V\u00e1llsz\u00e9less\u00e9g<\/td>\n<td>38 cm<\/td>\n<\/tr>\n<tr>\n<td>Borj\u00fa vonal<\/td>\n<td>34 cm<\/td>\n<\/tr>\n<tr>\n<td>Comb vonal<\/td>\n<td>56 cm<\/td>\n<\/tr>\n<tr>\n<td>L\u00e1b hossz<\/td>\n<td>77 cm<\/td>\n<\/tr>\n<tr>\n<td>L\u00e1bm\u00e9ret<\/td>\n<td>22 cm<\/td>\n<\/tr>\n<tr>\n<td>Nett\u00f3 t\u00f6meg<\/td>\n<td>40,5 kg<\/td>\n<\/tr>\n<tr>\n<td>Or\u00e1lis m\u00e9lys\u00e9g<\/td>\n<td>12 cm<\/td>\n<\/tr>\n<tr>\n<td>H\u00fcvelym\u00e9lys\u00e9g<\/td>\n<td>18 cm<\/td>\n<\/tr>\n<tr>\n<td>An\u00e1lis m\u00e9lys\u00e9g<\/td>\n<td>16 cm<\/td>\n<\/tr>\n<\/tbody>\n<\/table>\n<h4>A szexbab\u00e1r\u00f3l<\/h4>\n<p>Ez az \u00e9leth\u0171 szexbaba, Mimi az a bar\u00e1tn\u0151, akit el akarsz vinni a klubba, mert \u0151 kapta a sz\u00f3szt. Ez a csaj az igazi \u00e9s egy divatkir\u00e1lyn\u0151. M\u00e1r abb\u00f3l, ahogy ez a Hillary Clinton felrobbantott baba \u00f6lt\u00f6zik, r\u00e1j\u00f6nni, hogy a divat az \u0151 dolga.<\/p>\n<p>Egy igazi fashionista azt szeretn\u00e9, ha ezt az \u00e9leth\u0171 szexbab\u00e1t mindig maga mellett adn\u00e1k el. Kiss\u00e9 elford\u00edtott fejjel \u00e9s oldalra h\u00fazott haj\u00e1val \u0151 az igazi.<\/p>\n<p>L\u00e1ttad a gy\u00f6ny\u00f6r\u0171 t\u00f3nus\u00fa b\u0151r\u00e9t? Val\u00f3sz\u00edn\u0171leg nem tudod, mert fel van \u00f6lt\u00f6zve, de a ruha alatt megfelel\u0151 t\u00f3nus\u00fa b\u0151r van, olyan, amilyen az igazi h\u00f6lgyekn\u00e9l van.<\/p>\n<p>\u00c9s ez a kash baba szexszalag, honnan tudod, milyen rosszul van az \u00e1gyban. Igazi rosszfi\u00fa baba, csak igazi f\u00e9rfiaknak k\u00e9sz\u00fclt. Egy baba xx, f\u00e9rfiak, vigy\u00e9tek fel egy f\u00e9rfi blowup bab\u00e1ra az eBay-en; \u0151 t\u00f6k\u00e9letes.<\/p>\n<p>\u00c9rdekel, hogyan kell vudu bab\u00e1t rajzolni, vagy hogyan k\u00e9sz\u00edts\u00fcnk voodoo bab\u00e1t pap\u00edrra? Akkor elmondhatom, hogy ez az \u00e9leth\u0171 szexbaba a neked val\u00f3. Mi t\u00f6bb, szexbaba porn\u00f3; k\u00e9nyelmesen \u00e9rzi mag\u00e1t meztelen\u00fcl. \u00c9rdemes megvenni \u0151t, hogy felfedezze ennek a 110 cm-es bab\u00e1nak a csod\u00e1j\u00e1t.<\/p>","protected":false},"excerpt":{"rendered":"<p>Szexbaba k\u00e9pek M\u00e9rett\u00e1bl\u00e1zat Anyag TPE magass\u00e1g 164 cm mellvonal 86 cm der\u00e9kvonal 54 cm cs\u00edp\u0151vonal 98 cm kar hossz<\/p>","protected":false},"featured_media":32746,"comment_status":"open","ping_status":"closed","template":"","meta":[],"product_brand":[],"product_cat":[97,75,230,80,116,115,119],"product_tag":[],"class_list":{"0":"post-32743","1":"product","2":"type-product","3":"status-publish","4":"has-post-thumbnail","6":"product_cat-real-life-sex-dolls","7":"product_cat-160cm-170cm-sex-dolls","8":"product_cat-36kg-40kg","9":"product_cat-asian-sex-doll","10":"product_cat-big-boobs-sex-doll","11":"product_cat-big-booty-sex-doll","12":"product_cat-tpe-sex-doll","13":"pa_brand-irontech-doll","14":"tm-has-options","16":"first","17":"instock","18":"sale","19":"shipping-taxable","20":"purchasable","21":"product-type-simple"},"_links":{"self":[{"href":"https:\/\/zxdoll.com\/hu\/wp-json\/wp\/v2\/product\/32743","targetHints":{"allow":["GET"]}}],"collection":[{"href":"https:\/\/zxdoll.com\/hu\/wp-json\/wp\/v2\/product"}],"about":[{"href":"https:\/\/zxdoll.com\/hu\/wp-json\/wp\/v2\/types\/product"}],"replies":[{"embeddable":true,"href":"https:\/\/zxdoll.com\/hu\/wp-json\/wp\/v2\/comments?post=32743"}],"version-history":[{"count":2,"href":"https:\/\/zxdoll.com\/hu\/wp-json\/wp\/v2\/product\/32743\/revisions"}],"predecessor-version":[{"id":101218,"href":"https:\/\/zxdoll.com\/hu\/wp-json\/wp\/v2\/product\/32743\/revisions\/101218"}],"wp:featuredmedia":[{"embeddable":true,"href":"https:\/\/zxdoll.com\/hu\/wp-json\/wp\/v2\/media\/32746"}],"wp:attachment":[{"href":"https:\/\/zxdoll.com\/hu\/wp-json\/wp\/v2\/media?parent=32743"}],"wp:term":[{"taxonomy":"product_brand","embeddable":true,"href":"https:\/\/zxdoll.com\/hu\/wp-json\/wp\/v2\/product_brand?post=32743"},{"taxonomy":"product_cat","embeddable":true,"href":"https:\/\/zxdoll.com\/hu\/wp-json\/wp\/v2\/product_cat?post=32743"},{"taxonomy":"product_tag","embeddable":true,"href":"https:\/\/zxdoll.com\/hu\/wp-json\/wp\/v2\/product_tag?post=32743"}],"curies":[{"name":"wp","href":"https:\/\/api.w.org\/{rel}","templated":true}]}}