{"id":32665,"date":"2023-04-05T03:33:02","date_gmt":"2023-04-04T19:33:02","guid":{"rendered":"https:\/\/zxdoll.com\/?post_type=product&#038;p=32665"},"modified":"2025-09-12T16:50:53","modified_gmt":"2025-09-12T08:50:53","slug":"african-affordable-hot-sex-doll","status":"publish","type":"product","link":"https:\/\/zxdoll.com\/hu\/product\/african-affordable-hot-sex-doll\/","title":{"rendered":"Afrikai Megfizethet\u0151 Hot Sex Baba Nickie 175 cm"},"content":{"rendered":"<h4><strong>Szexbaba k\u00e9pek<\/strong><\/h4>\n\t                <ul class=\"easy-image-gallery thumbnails-20 linked\">\r\n                    <li><a data-fancybox=\"gallery143\" href=\"https:\/\/zxdoll.com\/wp-content\/uploads\/2023\/04\/dolls-for-adults-8s4c1-533x800.jpg\" class=\"eig-popup\" title=\"\" data-caption=\"\" target=\"_blank\"><i class=\"icon-view\"><\/i><span class=\"overlay\"><\/span><img decoding=\"async\" width=\"150\" height=\"150\" src=\"https:\/\/zxdoll.com\/wp-content\/uploads\/2023\/04\/dolls-for-adults-8s4c1-150x150.jpg\" class=\"attachment-thumbnail size-thumbnail\" alt=\"\" title=\"\"><\/a><\/li><li><a data-fancybox=\"gallery143\" href=\"https:\/\/zxdoll.com\/wp-content\/uploads\/2023\/04\/dolls-for-adults-8s4c2-533x800.jpg\" class=\"eig-popup\" title=\"\" data-caption=\"\" target=\"_blank\"><i class=\"icon-view\"><\/i><span class=\"overlay\"><\/span><img decoding=\"async\" width=\"150\" height=\"150\" src=\"https:\/\/zxdoll.com\/wp-content\/uploads\/2023\/04\/dolls-for-adults-8s4c2-150x150.jpg\" class=\"attachment-thumbnail size-thumbnail\" alt=\"\" title=\"\"><\/a><\/li><li><a data-fancybox=\"gallery143\" href=\"https:\/\/zxdoll.com\/wp-content\/uploads\/2023\/04\/dolls-for-adults-8s4c3-533x800.jpg\" class=\"eig-popup\" title=\"\" data-caption=\"\" target=\"_blank\"><i class=\"icon-view\"><\/i><span class=\"overlay\"><\/span><img decoding=\"async\" width=\"150\" height=\"150\" src=\"https:\/\/zxdoll.com\/wp-content\/uploads\/2023\/04\/dolls-for-adults-8s4c3-150x150.jpg\" class=\"attachment-thumbnail size-thumbnail\" alt=\"\" title=\"\"><\/a><\/li><li><a data-fancybox=\"gallery143\" href=\"https:\/\/zxdoll.com\/wp-content\/uploads\/2023\/04\/dolls-for-adults-8s4c5-533x800.jpg\" class=\"eig-popup\" title=\"\" data-caption=\"\" target=\"_blank\"><i class=\"icon-view\"><\/i><span class=\"overlay\"><\/span><img loading=\"lazy\" decoding=\"async\" width=\"150\" height=\"150\" src=\"https:\/\/zxdoll.com\/wp-content\/uploads\/2023\/04\/dolls-for-adults-8s4c5-150x150.jpg\" class=\"attachment-thumbnail size-thumbnail\" alt=\"\" title=\"\"><\/a><\/li><li><a data-fancybox=\"gallery143\" href=\"https:\/\/zxdoll.com\/wp-content\/uploads\/2023\/04\/dolls-for-adults-8s4c9-533x800.jpg\" class=\"eig-popup\" title=\"\" data-caption=\"\" target=\"_blank\"><i class=\"icon-view\"><\/i><span class=\"overlay\"><\/span><img loading=\"lazy\" decoding=\"async\" width=\"150\" height=\"150\" src=\"https:\/\/zxdoll.com\/wp-content\/uploads\/2023\/04\/dolls-for-adults-8s4c9-150x150.jpg\" class=\"attachment-thumbnail size-thumbnail\" alt=\"\" title=\"\"><\/a><\/li><li><a data-fancybox=\"gallery143\" href=\"https:\/\/zxdoll.com\/wp-content\/uploads\/2023\/04\/dolls-for-adults-8s4c11-533x800.jpg\" class=\"eig-popup\" title=\"\" data-caption=\"\" target=\"_blank\"><i class=\"icon-view\"><\/i><span class=\"overlay\"><\/span><img loading=\"lazy\" decoding=\"async\" width=\"150\" height=\"150\" src=\"https:\/\/zxdoll.com\/wp-content\/uploads\/2023\/04\/dolls-for-adults-8s4c11-150x150.jpg\" class=\"attachment-thumbnail size-thumbnail\" alt=\"\" title=\"\"><\/a><\/li><li><a data-fancybox=\"gallery143\" href=\"https:\/\/zxdoll.com\/wp-content\/uploads\/2023\/04\/dolls-for-adults-8s4c13-533x800.jpg\" class=\"eig-popup\" title=\"\" data-caption=\"\" target=\"_blank\"><i class=\"icon-view\"><\/i><span class=\"overlay\"><\/span><img loading=\"lazy\" decoding=\"async\" width=\"150\" height=\"150\" src=\"https:\/\/zxdoll.com\/wp-content\/uploads\/2023\/04\/dolls-for-adults-8s4c13-150x150.jpg\" class=\"attachment-thumbnail size-thumbnail\" alt=\"\" title=\"\"><\/a><\/li><li><a data-fancybox=\"gallery143\" href=\"https:\/\/zxdoll.com\/wp-content\/uploads\/2023\/04\/dolls-for-adults-8s4c15-533x800.jpg\" class=\"eig-popup\" title=\"\" data-caption=\"\" target=\"_blank\"><i class=\"icon-view\"><\/i><span class=\"overlay\"><\/span><img loading=\"lazy\" decoding=\"async\" width=\"150\" height=\"150\" src=\"https:\/\/zxdoll.com\/wp-content\/uploads\/2023\/04\/dolls-for-adults-8s4c15-150x150.jpg\" class=\"attachment-thumbnail size-thumbnail\" alt=\"\" title=\"\"><\/a><\/li><li><a data-fancybox=\"gallery143\" href=\"https:\/\/zxdoll.com\/wp-content\/uploads\/2023\/04\/dolls-for-adults-8s4c16-533x800.jpg\" class=\"eig-popup\" title=\"\" data-caption=\"\" target=\"_blank\"><i class=\"icon-view\"><\/i><span class=\"overlay\"><\/span><img loading=\"lazy\" decoding=\"async\" width=\"150\" height=\"150\" src=\"https:\/\/zxdoll.com\/wp-content\/uploads\/2023\/04\/dolls-for-adults-8s4c16-150x150.jpg\" class=\"attachment-thumbnail size-thumbnail\" alt=\"\" title=\"\"><\/a><\/li><li><a data-fancybox=\"gallery143\" href=\"https:\/\/zxdoll.com\/wp-content\/uploads\/2023\/04\/dolls-for-adults-8s4c18-533x800.jpg\" class=\"eig-popup\" title=\"\" data-caption=\"\" target=\"_blank\"><i class=\"icon-view\"><\/i><span class=\"overlay\"><\/span><img loading=\"lazy\" decoding=\"async\" width=\"150\" height=\"150\" src=\"https:\/\/zxdoll.com\/wp-content\/uploads\/2023\/04\/dolls-for-adults-8s4c18-150x150.jpg\" class=\"attachment-thumbnail size-thumbnail\" alt=\"\" title=\"\"><\/a><\/li><li><a data-fancybox=\"gallery143\" href=\"https:\/\/zxdoll.com\/wp-content\/uploads\/2023\/04\/dolls-for-adults-8s4c21-533x800.jpg\" class=\"eig-popup\" title=\"\" data-caption=\"\" target=\"_blank\"><i class=\"icon-view\"><\/i><span class=\"overlay\"><\/span><img loading=\"lazy\" decoding=\"async\" width=\"150\" height=\"150\" src=\"https:\/\/zxdoll.com\/wp-content\/uploads\/2023\/04\/dolls-for-adults-8s4c21-150x150.jpg\" class=\"attachment-thumbnail size-thumbnail\" alt=\"\" title=\"\"><\/a><\/li><li><a data-fancybox=\"gallery143\" href=\"https:\/\/zxdoll.com\/wp-content\/uploads\/2023\/04\/dolls-for-adults-8s4c22-533x800.jpg\" class=\"eig-popup\" title=\"\" data-caption=\"\" target=\"_blank\"><i class=\"icon-view\"><\/i><span class=\"overlay\"><\/span><img loading=\"lazy\" decoding=\"async\" width=\"150\" height=\"150\" src=\"https:\/\/zxdoll.com\/wp-content\/uploads\/2023\/04\/dolls-for-adults-8s4c22-150x150.jpg\" class=\"attachment-thumbnail size-thumbnail\" alt=\"\" title=\"\"><\/a><\/li><li><a data-fancybox=\"gallery143\" href=\"https:\/\/zxdoll.com\/wp-content\/uploads\/2023\/04\/dolls-for-adults-8s4c23-533x800.jpg\" class=\"eig-popup\" title=\"\" data-caption=\"\" target=\"_blank\"><i class=\"icon-view\"><\/i><span class=\"overlay\"><\/span><img loading=\"lazy\" decoding=\"async\" width=\"150\" height=\"150\" src=\"https:\/\/zxdoll.com\/wp-content\/uploads\/2023\/04\/dolls-for-adults-8s4c23-150x150.jpg\" class=\"attachment-thumbnail size-thumbnail\" alt=\"\" title=\"\"><\/a><\/li><li><a data-fancybox=\"gallery143\" href=\"https:\/\/zxdoll.com\/wp-content\/uploads\/2023\/04\/dolls-for-adults-8s4c25-533x800.jpg\" class=\"eig-popup\" title=\"\" data-caption=\"\" target=\"_blank\"><i class=\"icon-view\"><\/i><span class=\"overlay\"><\/span><img loading=\"lazy\" decoding=\"async\" width=\"150\" height=\"150\" src=\"https:\/\/zxdoll.com\/wp-content\/uploads\/2023\/04\/dolls-for-adults-8s4c25-150x150.jpg\" class=\"attachment-thumbnail size-thumbnail\" alt=\"\" title=\"\"><\/a><\/li><li><a data-fancybox=\"gallery143\" href=\"https:\/\/zxdoll.com\/wp-content\/uploads\/2023\/04\/dolls-for-adults-8s4c26-533x800.jpg\" class=\"eig-popup\" title=\"\" data-caption=\"\" target=\"_blank\"><i class=\"icon-view\"><\/i><span class=\"overlay\"><\/span><img loading=\"lazy\" decoding=\"async\" width=\"150\" height=\"150\" src=\"https:\/\/zxdoll.com\/wp-content\/uploads\/2023\/04\/dolls-for-adults-8s4c26-150x150.jpg\" class=\"attachment-thumbnail size-thumbnail\" alt=\"\" title=\"\"><\/a><\/li><li><a data-fancybox=\"gallery143\" href=\"https:\/\/zxdoll.com\/wp-content\/uploads\/2023\/04\/dolls-for-adults-8s4c28-533x800.jpg\" class=\"eig-popup\" title=\"\" data-caption=\"\" target=\"_blank\"><i class=\"icon-view\"><\/i><span class=\"overlay\"><\/span><img loading=\"lazy\" decoding=\"async\" width=\"150\" height=\"150\" src=\"https:\/\/zxdoll.com\/wp-content\/uploads\/2023\/04\/dolls-for-adults-8s4c28-150x150.jpg\" class=\"attachment-thumbnail size-thumbnail\" alt=\"\" title=\"\"><\/a><\/li><li><a data-fancybox=\"gallery143\" href=\"https:\/\/zxdoll.com\/wp-content\/uploads\/2023\/04\/dolls-for-adults-8s4c29-533x800.jpg\" class=\"eig-popup\" title=\"\" data-caption=\"\" target=\"_blank\"><i class=\"icon-view\"><\/i><span class=\"overlay\"><\/span><img loading=\"lazy\" decoding=\"async\" width=\"150\" height=\"150\" src=\"https:\/\/zxdoll.com\/wp-content\/uploads\/2023\/04\/dolls-for-adults-8s4c29-150x150.jpg\" class=\"attachment-thumbnail size-thumbnail\" alt=\"\" title=\"\"><\/a><\/li><li><a data-fancybox=\"gallery143\" href=\"https:\/\/zxdoll.com\/wp-content\/uploads\/2023\/04\/dolls-for-adults-8s4c31-533x800.jpg\" class=\"eig-popup\" title=\"\" data-caption=\"\" target=\"_blank\"><i class=\"icon-view\"><\/i><span class=\"overlay\"><\/span><img loading=\"lazy\" decoding=\"async\" width=\"150\" height=\"150\" src=\"https:\/\/zxdoll.com\/wp-content\/uploads\/2023\/04\/dolls-for-adults-8s4c31-150x150.jpg\" class=\"attachment-thumbnail size-thumbnail\" alt=\"\" title=\"\"><\/a><\/li><li><a data-fancybox=\"gallery143\" href=\"https:\/\/zxdoll.com\/wp-content\/uploads\/2023\/04\/dolls-for-adults-8s4c32-533x800.jpg\" class=\"eig-popup\" title=\"\" data-caption=\"\" target=\"_blank\"><i class=\"icon-view\"><\/i><span class=\"overlay\"><\/span><img loading=\"lazy\" decoding=\"async\" width=\"150\" height=\"150\" src=\"https:\/\/zxdoll.com\/wp-content\/uploads\/2023\/04\/dolls-for-adults-8s4c32-150x150.jpg\" class=\"attachment-thumbnail size-thumbnail\" alt=\"\" title=\"\"><\/a><\/li><li><a data-fancybox=\"gallery143\" href=\"https:\/\/zxdoll.com\/wp-content\/uploads\/2023\/04\/dolls-for-adults-8s4c33-533x800.jpg\" class=\"eig-popup\" title=\"\" data-caption=\"\" target=\"_blank\"><i class=\"icon-view\"><\/i><span class=\"overlay\"><\/span><img loading=\"lazy\" decoding=\"async\" width=\"150\" height=\"150\" src=\"https:\/\/zxdoll.com\/wp-content\/uploads\/2023\/04\/dolls-for-adults-8s4c33-150x150.jpg\" class=\"attachment-thumbnail size-thumbnail\" alt=\"\" title=\"\"><\/a><\/li><\/ul>\n<h4>M\u00e9rett\u00e1bl\u00e1zatok<\/h4>\n<table width=\"269\">\n<tbody>\n<tr>\n<td width=\"130\">Anyag<\/td>\n<td width=\"139\">TPE<\/td>\n<\/tr>\n<tr>\n<td>Magass\u00e1g<\/td>\n<td>175 cm<\/td>\n<\/tr>\n<tr>\n<td>Breast Line<\/td>\n<td>85 cm<\/td>\n<\/tr>\n<tr>\n<td>Der\u00e9kvonal<\/td>\n<td>57 cm<\/td>\n<\/tr>\n<tr>\n<td>Hip Line<\/td>\n<td>88 cm<\/td>\n<\/tr>\n<tr>\n<td>Kar hossz\u00fas\u00e1g<\/td>\n<td>65 cm<\/td>\n<\/tr>\n<tr>\n<td>V\u00e1llsz\u00e9less\u00e9g<\/td>\n<td>38 cm<\/td>\n<\/tr>\n<tr>\n<td>Borj\u00fa vonal<\/td>\n<td>30 cm<\/td>\n<\/tr>\n<tr>\n<td>Comb vonal<\/td>\n<td>50 cm<\/td>\n<\/tr>\n<tr>\n<td>L\u00e1b hossz<\/td>\n<td>82 cm<\/td>\n<\/tr>\n<tr>\n<td>L\u00e1bm\u00e9ret<\/td>\n<td>22 cm<\/td>\n<\/tr>\n<tr>\n<td>Nett\u00f3 t\u00f6meg<\/td>\n<td>39,5 kg<\/td>\n<\/tr>\n<tr>\n<td>Or\u00e1lis m\u00e9lys\u00e9g<\/td>\n<td>12 cm<\/td>\n<\/tr>\n<tr>\n<td>H\u00fcvelym\u00e9lys\u00e9g<\/td>\n<td>18 cm<\/td>\n<\/tr>\n<tr>\n<td>An\u00e1lis m\u00e9lys\u00e9g<\/td>\n<td>16 cm<\/td>\n<\/tr>\n<\/tbody>\n<\/table>\n<h4>A szexbab\u00e1r\u00f3l<\/h4>\n<p>Egy igazi szexbaba po\u00e9n, egy go girl, egy hit girl. Neki van a valaha volt legszexisebb ajka, \u00e9s amikor azt mondjuk, hogy ennek a Denver Dolls szexbab\u00e1nak a puncija \u0151r\u00fclt, azt \u00e9rtj\u00fck, hogy csak a legjobbat adja a legjobbnak.<\/p>\n<p>Ez a val\u00f3s\u00e1gh\u0171 szexbaba gif a legjobb, amit kaphatsz, \u00e9s nem szeretn\u00e9d megtervezni vele a saj\u00e1t szexbab\u00e1dat? Term\u00e9szetesen ez a v\u00edzzel teli szexbaba mindig k\u00e9szen \u00e1ll b\u00e1rmire, amit csak akar.<\/p>\n<p>Nem tudom, ti hogy vagytok vele, de ennek a 175 cm-es TPE bab\u00e1nak biztos van a leve. N\u00e9zd azokat az \u00f6rd\u00f6gien szexi szemeket; egyenesen a lelkedbe b\u00e1mulnak, \u00e9s b\u00f6mb\u00f6lnek. \u00c9s l\u00e1ttad azokat az \u00e1llakat? Ez az anime szilikon baba biztosan olyan meleg lesz, ahogy k\u00e9sz\u00edtik.<\/p>\n<p>Ezt a szem\u00e9lyre szabott szexbab\u00e1t \u00fagy k\u00e9sz\u00edtheti el, hogy \u00fagy n\u00e9zzen ki, mint te vagy akire szeretn\u00e9d, \u00e9s \u0151 nem b\u00e1nja; k\u00e9sz megtenni \u00e9rted. L\u00e1tod a derek\u00e1t? Tal\u00e1n ez a legapr\u00f3bb, amit valaha l\u00e1ttam; Leyte nem j\u00f6tt j\u00e1tszani.<\/p>","protected":false},"excerpt":{"rendered":"<p>Szexbaba k\u00e9pek M\u00e9rett\u00e1bl\u00e1zat Anyag TPE magass\u00e1g 175 cm mellvonal 85 cm der\u00e9kvonal 57 cm cs\u00edp\u0151vonal 88 cm kar hossz<\/p>","protected":false},"featured_media":35159,"comment_status":"open","ping_status":"closed","template":"","meta":[],"product_brand":[],"product_cat":[97,230,124,118,107,117,119],"product_tag":[],"class_list":{"0":"post-32665","1":"product","2":"type-product","3":"status-publish","4":"has-post-thumbnail","6":"product_cat-real-life-sex-dolls","7":"product_cat-36kg-40kg","8":"product_cat-above-171cm-sex-dolls","9":"product_cat-ebony-sex-doll","10":"product_cat-skinny-sex-dolls","11":"product_cat-small-breast-sex-doll","12":"product_cat-tpe-sex-doll","13":"pa_brand-irontech-doll","14":"tm-has-options","16":"first","17":"instock","18":"sale","19":"shipping-taxable","20":"purchasable","21":"product-type-simple"},"_links":{"self":[{"href":"https:\/\/zxdoll.com\/hu\/wp-json\/wp\/v2\/product\/32665","targetHints":{"allow":["GET"]}}],"collection":[{"href":"https:\/\/zxdoll.com\/hu\/wp-json\/wp\/v2\/product"}],"about":[{"href":"https:\/\/zxdoll.com\/hu\/wp-json\/wp\/v2\/types\/product"}],"replies":[{"embeddable":true,"href":"https:\/\/zxdoll.com\/hu\/wp-json\/wp\/v2\/comments?post=32665"}],"version-history":[{"count":4,"href":"https:\/\/zxdoll.com\/hu\/wp-json\/wp\/v2\/product\/32665\/revisions"}],"predecessor-version":[{"id":186824,"href":"https:\/\/zxdoll.com\/hu\/wp-json\/wp\/v2\/product\/32665\/revisions\/186824"}],"wp:featuredmedia":[{"embeddable":true,"href":"https:\/\/zxdoll.com\/hu\/wp-json\/wp\/v2\/media\/35159"}],"wp:attachment":[{"href":"https:\/\/zxdoll.com\/hu\/wp-json\/wp\/v2\/media?parent=32665"}],"wp:term":[{"taxonomy":"product_brand","embeddable":true,"href":"https:\/\/zxdoll.com\/hu\/wp-json\/wp\/v2\/product_brand?post=32665"},{"taxonomy":"product_cat","embeddable":true,"href":"https:\/\/zxdoll.com\/hu\/wp-json\/wp\/v2\/product_cat?post=32665"},{"taxonomy":"product_tag","embeddable":true,"href":"https:\/\/zxdoll.com\/hu\/wp-json\/wp\/v2\/product_tag?post=32665"}],"curies":[{"name":"wp","href":"https:\/\/api.w.org\/{rel}","templated":true}]}}