{"id":32381,"date":"2023-04-05T02:48:54","date_gmt":"2023-04-04T18:48:54","guid":{"rendered":"https:\/\/zxdoll.com\/?post_type=product&#038;p=32381"},"modified":"2025-09-12T11:26:21","modified_gmt":"2025-09-12T03:26:21","slug":"vip-quality-lifelike-female-sex-doll","status":"publish","type":"product","link":"https:\/\/zxdoll.com\/hu\/product\/vip-quality-lifelike-female-sex-doll\/","title":{"rendered":"VIP min\u0151s\u00e9g \u00c9leth\u0171 n\u0151i szexbaba Majorie 163cm"},"content":{"rendered":"<h4><strong>Szexbaba k\u00e9pek<\/strong><\/h4>\n\t                <ul class=\"easy-image-gallery thumbnails-20 linked\">\r\n                    <li><a data-fancybox=\"gallery339\" href=\"https:\/\/zxdoll.com\/wp-content\/uploads\/2023\/04\/dilly-dolls-7r5ty1-533x800.jpg\" class=\"eig-popup\" title=\"\" data-caption=\"\" target=\"_blank\"><i class=\"icon-view\"><\/i><span class=\"overlay\"><\/span><img decoding=\"async\" width=\"150\" height=\"150\" src=\"https:\/\/zxdoll.com\/wp-content\/uploads\/2023\/04\/dilly-dolls-7r5ty1-150x150.jpg\" class=\"attachment-thumbnail size-thumbnail\" alt=\"\" title=\"\"><\/a><\/li><li><a data-fancybox=\"gallery339\" href=\"https:\/\/zxdoll.com\/wp-content\/uploads\/2023\/04\/dilly-dolls-7r5ty2-533x800.jpg\" class=\"eig-popup\" title=\"\" data-caption=\"\" target=\"_blank\"><i class=\"icon-view\"><\/i><span class=\"overlay\"><\/span><img decoding=\"async\" width=\"150\" height=\"150\" src=\"https:\/\/zxdoll.com\/wp-content\/uploads\/2023\/04\/dilly-dolls-7r5ty2-150x150.jpg\" class=\"attachment-thumbnail size-thumbnail\" alt=\"\" title=\"\"><\/a><\/li><li><a data-fancybox=\"gallery339\" href=\"https:\/\/zxdoll.com\/wp-content\/uploads\/2023\/04\/dilly-dolls-7r5ty4-533x800.jpg\" class=\"eig-popup\" title=\"\" data-caption=\"\" target=\"_blank\"><i class=\"icon-view\"><\/i><span class=\"overlay\"><\/span><img decoding=\"async\" width=\"150\" height=\"150\" src=\"https:\/\/zxdoll.com\/wp-content\/uploads\/2023\/04\/dilly-dolls-7r5ty4-150x150.jpg\" class=\"attachment-thumbnail size-thumbnail\" alt=\"\" title=\"\"><\/a><\/li><li><a data-fancybox=\"gallery339\" href=\"https:\/\/zxdoll.com\/wp-content\/uploads\/2023\/04\/dilly-dolls-7r5ty7-533x800.jpg\" class=\"eig-popup\" title=\"\" data-caption=\"\" target=\"_blank\"><i class=\"icon-view\"><\/i><span class=\"overlay\"><\/span><img loading=\"lazy\" decoding=\"async\" width=\"150\" height=\"150\" src=\"https:\/\/zxdoll.com\/wp-content\/uploads\/2023\/04\/dilly-dolls-7r5ty7-150x150.jpg\" class=\"attachment-thumbnail size-thumbnail\" alt=\"\" title=\"\"><\/a><\/li><li><a data-fancybox=\"gallery339\" href=\"https:\/\/zxdoll.com\/wp-content\/uploads\/2023\/04\/dilly-dolls-7r5ty9-533x800.jpg\" class=\"eig-popup\" title=\"\" data-caption=\"\" target=\"_blank\"><i class=\"icon-view\"><\/i><span class=\"overlay\"><\/span><img loading=\"lazy\" decoding=\"async\" width=\"150\" height=\"150\" src=\"https:\/\/zxdoll.com\/wp-content\/uploads\/2023\/04\/dilly-dolls-7r5ty9-150x150.jpg\" class=\"attachment-thumbnail size-thumbnail\" alt=\"\" title=\"\"><\/a><\/li><li><a data-fancybox=\"gallery339\" href=\"https:\/\/zxdoll.com\/wp-content\/uploads\/2023\/04\/dilly-dolls-7r5ty10-533x800.jpg\" class=\"eig-popup\" title=\"\" data-caption=\"\" target=\"_blank\"><i class=\"icon-view\"><\/i><span class=\"overlay\"><\/span><img loading=\"lazy\" decoding=\"async\" width=\"150\" height=\"150\" src=\"https:\/\/zxdoll.com\/wp-content\/uploads\/2023\/04\/dilly-dolls-7r5ty10-150x150.jpg\" class=\"attachment-thumbnail size-thumbnail\" alt=\"\" title=\"\"><\/a><\/li><li><a data-fancybox=\"gallery339\" href=\"https:\/\/zxdoll.com\/wp-content\/uploads\/2023\/04\/dilly-dolls-7r5ty11-533x800.jpg\" class=\"eig-popup\" title=\"\" data-caption=\"\" target=\"_blank\"><i class=\"icon-view\"><\/i><span class=\"overlay\"><\/span><img loading=\"lazy\" decoding=\"async\" width=\"150\" height=\"150\" src=\"https:\/\/zxdoll.com\/wp-content\/uploads\/2023\/04\/dilly-dolls-7r5ty11-150x150.jpg\" class=\"attachment-thumbnail size-thumbnail\" alt=\"\" title=\"\"><\/a><\/li><li><a data-fancybox=\"gallery339\" href=\"https:\/\/zxdoll.com\/wp-content\/uploads\/2023\/04\/dilly-dolls-7r5ty12-533x800.jpg\" class=\"eig-popup\" title=\"\" data-caption=\"\" target=\"_blank\"><i class=\"icon-view\"><\/i><span class=\"overlay\"><\/span><img loading=\"lazy\" decoding=\"async\" width=\"150\" height=\"150\" src=\"https:\/\/zxdoll.com\/wp-content\/uploads\/2023\/04\/dilly-dolls-7r5ty12-150x150.jpg\" class=\"attachment-thumbnail size-thumbnail\" alt=\"\" title=\"\"><\/a><\/li><li><a data-fancybox=\"gallery339\" href=\"https:\/\/zxdoll.com\/wp-content\/uploads\/2023\/04\/dilly-dolls-7r5ty13-533x800.jpg\" class=\"eig-popup\" title=\"\" data-caption=\"\" target=\"_blank\"><i class=\"icon-view\"><\/i><span class=\"overlay\"><\/span><img loading=\"lazy\" decoding=\"async\" width=\"150\" height=\"150\" src=\"https:\/\/zxdoll.com\/wp-content\/uploads\/2023\/04\/dilly-dolls-7r5ty13-150x150.jpg\" class=\"attachment-thumbnail size-thumbnail\" alt=\"\" title=\"\"><\/a><\/li><li><a data-fancybox=\"gallery339\" href=\"https:\/\/zxdoll.com\/wp-content\/uploads\/2023\/04\/dilly-dolls-7r5ty15-533x800.jpg\" class=\"eig-popup\" title=\"\" data-caption=\"\" target=\"_blank\"><i class=\"icon-view\"><\/i><span class=\"overlay\"><\/span><img loading=\"lazy\" decoding=\"async\" width=\"150\" height=\"150\" src=\"https:\/\/zxdoll.com\/wp-content\/uploads\/2023\/04\/dilly-dolls-7r5ty15-150x150.jpg\" class=\"attachment-thumbnail size-thumbnail\" alt=\"\" title=\"\"><\/a><\/li><li><a data-fancybox=\"gallery339\" href=\"https:\/\/zxdoll.com\/wp-content\/uploads\/2023\/04\/dilly-dolls-7r5ty16-533x800.jpg\" class=\"eig-popup\" title=\"\" data-caption=\"\" target=\"_blank\"><i class=\"icon-view\"><\/i><span class=\"overlay\"><\/span><img loading=\"lazy\" decoding=\"async\" width=\"150\" height=\"150\" src=\"https:\/\/zxdoll.com\/wp-content\/uploads\/2023\/04\/dilly-dolls-7r5ty16-150x150.jpg\" class=\"attachment-thumbnail size-thumbnail\" alt=\"\" title=\"\"><\/a><\/li><li><a data-fancybox=\"gallery339\" href=\"https:\/\/zxdoll.com\/wp-content\/uploads\/2023\/04\/dilly-dolls-7r5ty19-533x800.jpg\" class=\"eig-popup\" title=\"\" data-caption=\"\" target=\"_blank\"><i class=\"icon-view\"><\/i><span class=\"overlay\"><\/span><img loading=\"lazy\" decoding=\"async\" width=\"150\" height=\"150\" src=\"https:\/\/zxdoll.com\/wp-content\/uploads\/2023\/04\/dilly-dolls-7r5ty19-150x150.jpg\" class=\"attachment-thumbnail size-thumbnail\" alt=\"\" title=\"\"><\/a><\/li><li><a data-fancybox=\"gallery339\" href=\"https:\/\/zxdoll.com\/wp-content\/uploads\/2023\/04\/dilly-dolls-7r5ty21-533x800.jpg\" class=\"eig-popup\" title=\"\" data-caption=\"\" target=\"_blank\"><i class=\"icon-view\"><\/i><span class=\"overlay\"><\/span><img loading=\"lazy\" decoding=\"async\" width=\"150\" height=\"150\" src=\"https:\/\/zxdoll.com\/wp-content\/uploads\/2023\/04\/dilly-dolls-7r5ty21-150x150.jpg\" class=\"attachment-thumbnail size-thumbnail\" alt=\"\" title=\"\"><\/a><\/li><li><a data-fancybox=\"gallery339\" href=\"https:\/\/zxdoll.com\/wp-content\/uploads\/2023\/04\/dilly-dolls-7r5ty22-533x800.jpg\" class=\"eig-popup\" title=\"\" data-caption=\"\" target=\"_blank\"><i class=\"icon-view\"><\/i><span class=\"overlay\"><\/span><img loading=\"lazy\" decoding=\"async\" width=\"150\" height=\"150\" src=\"https:\/\/zxdoll.com\/wp-content\/uploads\/2023\/04\/dilly-dolls-7r5ty22-150x150.jpg\" class=\"attachment-thumbnail size-thumbnail\" alt=\"\" title=\"\"><\/a><\/li><li><a data-fancybox=\"gallery339\" href=\"https:\/\/zxdoll.com\/wp-content\/uploads\/2023\/04\/dilly-dolls-7r5ty25-533x800.jpg\" class=\"eig-popup\" title=\"\" data-caption=\"\" target=\"_blank\"><i class=\"icon-view\"><\/i><span class=\"overlay\"><\/span><img loading=\"lazy\" decoding=\"async\" width=\"150\" height=\"150\" src=\"https:\/\/zxdoll.com\/wp-content\/uploads\/2023\/04\/dilly-dolls-7r5ty25-150x150.jpg\" class=\"attachment-thumbnail size-thumbnail\" alt=\"\" title=\"\"><\/a><\/li><li><a data-fancybox=\"gallery339\" href=\"https:\/\/zxdoll.com\/wp-content\/uploads\/2023\/04\/dilly-dolls-7r5ty26-533x800.jpg\" class=\"eig-popup\" title=\"\" data-caption=\"\" target=\"_blank\"><i class=\"icon-view\"><\/i><span class=\"overlay\"><\/span><img loading=\"lazy\" decoding=\"async\" width=\"150\" height=\"150\" src=\"https:\/\/zxdoll.com\/wp-content\/uploads\/2023\/04\/dilly-dolls-7r5ty26-150x150.jpg\" class=\"attachment-thumbnail size-thumbnail\" alt=\"\" title=\"\"><\/a><\/li><li><a data-fancybox=\"gallery339\" href=\"https:\/\/zxdoll.com\/wp-content\/uploads\/2023\/04\/dilly-dolls-7r5ty27-533x800.jpg\" class=\"eig-popup\" title=\"\" data-caption=\"\" target=\"_blank\"><i class=\"icon-view\"><\/i><span class=\"overlay\"><\/span><img loading=\"lazy\" decoding=\"async\" width=\"150\" height=\"150\" src=\"https:\/\/zxdoll.com\/wp-content\/uploads\/2023\/04\/dilly-dolls-7r5ty27-150x150.jpg\" class=\"attachment-thumbnail size-thumbnail\" alt=\"\" title=\"\"><\/a><\/li><li><a data-fancybox=\"gallery339\" href=\"https:\/\/zxdoll.com\/wp-content\/uploads\/2023\/04\/dilly-dolls-7r5ty30-533x800.jpg\" class=\"eig-popup\" title=\"\" data-caption=\"\" target=\"_blank\"><i class=\"icon-view\"><\/i><span class=\"overlay\"><\/span><img loading=\"lazy\" decoding=\"async\" width=\"150\" height=\"150\" src=\"https:\/\/zxdoll.com\/wp-content\/uploads\/2023\/04\/dilly-dolls-7r5ty30-150x150.jpg\" class=\"attachment-thumbnail size-thumbnail\" alt=\"\" title=\"\"><\/a><\/li><li><a data-fancybox=\"gallery339\" href=\"https:\/\/zxdoll.com\/wp-content\/uploads\/2023\/04\/dilly-dolls-7r5ty31-533x800.jpg\" class=\"eig-popup\" title=\"\" data-caption=\"\" target=\"_blank\"><i class=\"icon-view\"><\/i><span class=\"overlay\"><\/span><img loading=\"lazy\" decoding=\"async\" width=\"150\" height=\"150\" src=\"https:\/\/zxdoll.com\/wp-content\/uploads\/2023\/04\/dilly-dolls-7r5ty31-150x150.jpg\" class=\"attachment-thumbnail size-thumbnail\" alt=\"\" title=\"\"><\/a><\/li><li><a data-fancybox=\"gallery339\" href=\"https:\/\/zxdoll.com\/wp-content\/uploads\/2023\/04\/dilly-dolls-7r5ty33-533x800.jpg\" class=\"eig-popup\" title=\"\" data-caption=\"\" target=\"_blank\"><i class=\"icon-view\"><\/i><span class=\"overlay\"><\/span><img loading=\"lazy\" decoding=\"async\" width=\"150\" height=\"150\" src=\"https:\/\/zxdoll.com\/wp-content\/uploads\/2023\/04\/dilly-dolls-7r5ty33-150x150.jpg\" class=\"attachment-thumbnail size-thumbnail\" alt=\"\" title=\"\"><\/a><\/li><\/ul>\n<h4>M\u00e9rett\u00e1bl\u00e1zatok<\/h4>\n<table width=\"269\">\n<tbody>\n<tr>\n<td width=\"130\">Anyag<\/td>\n<td width=\"139\">TPE<\/td>\n<\/tr>\n<tr>\n<td>Magass\u00e1g<\/td>\n<td>163 cm plusz<\/td>\n<\/tr>\n<tr>\n<td>Mell<\/td>\n<td>96 cm<\/td>\n<\/tr>\n<tr>\n<td>Der\u00e9k<\/td>\n<td>62 cm<\/td>\n<\/tr>\n<tr>\n<td>Cs\u00edp\u0151<\/td>\n<td>94 cm<\/td>\n<\/tr>\n<tr>\n<td>Kar hossz\u00fas\u00e1g<\/td>\n<td>67 cm<\/td>\n<\/tr>\n<tr>\n<td>V\u00e1llsz\u00e9less\u00e9g<\/td>\n<td>35 cm<\/td>\n<\/tr>\n<tr>\n<td>Borj\u00facirkum<\/td>\n<td>31 cm<\/td>\n<\/tr>\n<tr>\n<td>Comb k\u00f6r\u00fcl<\/td>\n<td>51 cm<\/td>\n<\/tr>\n<tr>\n<td>L\u00e1b hossz<\/td>\n<td>88 cm<\/td>\n<\/tr>\n<tr>\n<td>L\u00e1bhossz<\/td>\n<td>22,5 cm<\/td>\n<\/tr>\n<tr>\n<td>Nett\u00f3 t\u00f6meg<\/td>\n<td>37 kg<\/td>\n<\/tr>\n<tr>\n<td>Or\u00e1lis m\u00e9lys\u00e9g<\/td>\n<td>12 cm<\/td>\n<\/tr>\n<tr>\n<td>H\u00fcvelym\u00e9lys\u00e9g<\/td>\n<td>18 cm<\/td>\n<\/tr>\n<tr>\n<td>An\u00e1lis m\u00e9lys\u00e9g<\/td>\n<td>16 cm<\/td>\n<\/tr>\n<\/tbody>\n<\/table>\n<h4>A szexbab\u00e1r\u00f3l<\/h4>\n<p>A halad\u00f3 n\u0151kh\u00f6z hasonl\u00f3an ez a szeret\u0151 yoo dara baba is hatalmas m\u00e9ret\u0171, \u00e9s feszes, telt mellei vannak. Szilikon szexbab\u00e1i leny\u0171g\u00f6z\u0151 arccal \u00e9s hatalmas mellekkel rendelkeznek. Tal\u00e1ld ki, ki kopogtat az ajt\u00f3don?<\/p>\n<p>Kiv\u00e1l\u00f3 min\u0151s\u00e9g\u0171 val\u00f3di VIP baba, amely technol\u00f3giailag hajlamos, ezek a piper bab\u00e1k a legjobb min\u0151s\u00e9g\u0171 orvosi anyagokb\u00f3l k\u00e9sz\u00fclnek \u00e9s a legmagasabb min\u0151s\u00e9g\u0171ek. Nincs s\u00e9rt\u0151 szaga, \u00e9s eg\u00e9szs\u00e9gbar\u00e1t.<\/p>\n<p>Neki vannak a legszebb hatalmas mellei \u00e9s a legsz\u0171kebb puncija, hogy \u00e9lvezetess\u00e9 tegye a vele t\u00f6lt\u00f6tt napot. \u00e9leth\u0171 szexbaba csillog\u00f3 fogakkal \u00e9s fenek\u00e9vel, ami annyira term\u00e9szetes, hogy semmi sem olyan k\u00e9nyelmes, mint ha ez a felrobbanthat\u00f3 f\u00e9rfi baba \u00e9lett\u00e1rsa lehet, mert jobban ragaszkodik, mint egy bar\u00e1t vagy testv\u00e9r.<\/p>\n<p>Csak egy kis titok, minden shemale szexbab\u00e1nk nagyon val\u00f3s\u00e1gh\u0171 puncival \u00e9s mellszoborral rendelkezik. Teh\u00e1t ne vesztegessen sok id\u0151t; siess a szexbaba boltba, v\u00e1s\u00e1rolj \u00e9s szerezz be egyet magadnak.<\/p>\n<p>Szil\u00edcium szexbab\u00e1k v\u00e1s\u00e1rl\u00e1sakor az er\u0151 legyen a k\u00f6zponti szempont, olyan yoo Dara bab\u00e1kat v\u00e1lassz, amelyeket kihaszn\u00e1lhatsz, \u00e9s m\u00e9g mindig el\u00e9g er\u0151sek ahhoz, hogy kib\u00edrj\u00e1k a r\u00e1 h\u00e1rul\u00f3 er\u0151t \u00e9s energi\u00e1t. Az \u00e9let m\u00e9g \u00e9desebb, ha van melletted egy szilikon szexbaba.<\/p>","protected":false},"excerpt":{"rendered":"<p>Szexbaba k\u00e9pek M\u00e9rett\u00e1bl\u00e1zat Anyag TPE magass\u00e1g 163 cm plusz mell 96 cm der\u00e9k 62 cm cs\u00edp\u0151 94 cm kar hossz 67 cm v\u00e1ll<\/p>","protected":false},"featured_media":32383,"comment_status":"open","ping_status":"closed","template":"","meta":[],"product_brand":[],"product_cat":[97,75,230,116,107,119],"product_tag":[],"class_list":{"0":"post-32381","1":"product","2":"type-product","3":"status-publish","4":"has-post-thumbnail","6":"product_cat-real-life-sex-dolls","7":"product_cat-160cm-170cm-sex-dolls","8":"product_cat-36kg-40kg","9":"product_cat-big-boobs-sex-doll","10":"product_cat-skinny-sex-dolls","11":"product_cat-tpe-sex-doll","12":"pa_brand-irontech-doll","13":"tm-has-options","15":"first","16":"instock","17":"sale","18":"shipping-taxable","19":"purchasable","20":"product-type-simple"},"_links":{"self":[{"href":"https:\/\/zxdoll.com\/hu\/wp-json\/wp\/v2\/product\/32381","targetHints":{"allow":["GET"]}}],"collection":[{"href":"https:\/\/zxdoll.com\/hu\/wp-json\/wp\/v2\/product"}],"about":[{"href":"https:\/\/zxdoll.com\/hu\/wp-json\/wp\/v2\/types\/product"}],"replies":[{"embeddable":true,"href":"https:\/\/zxdoll.com\/hu\/wp-json\/wp\/v2\/comments?post=32381"}],"version-history":[{"count":3,"href":"https:\/\/zxdoll.com\/hu\/wp-json\/wp\/v2\/product\/32381\/revisions"}],"predecessor-version":[{"id":101192,"href":"https:\/\/zxdoll.com\/hu\/wp-json\/wp\/v2\/product\/32381\/revisions\/101192"}],"wp:featuredmedia":[{"embeddable":true,"href":"https:\/\/zxdoll.com\/hu\/wp-json\/wp\/v2\/media\/32383"}],"wp:attachment":[{"href":"https:\/\/zxdoll.com\/hu\/wp-json\/wp\/v2\/media?parent=32381"}],"wp:term":[{"taxonomy":"product_brand","embeddable":true,"href":"https:\/\/zxdoll.com\/hu\/wp-json\/wp\/v2\/product_brand?post=32381"},{"taxonomy":"product_cat","embeddable":true,"href":"https:\/\/zxdoll.com\/hu\/wp-json\/wp\/v2\/product_cat?post=32381"},{"taxonomy":"product_tag","embeddable":true,"href":"https:\/\/zxdoll.com\/hu\/wp-json\/wp\/v2\/product_tag?post=32381"}],"curies":[{"name":"wp","href":"https:\/\/api.w.org\/{rel}","templated":true}]}}