{"id":31887,"date":"2023-04-04T03:29:47","date_gmt":"2023-04-03T19:29:47","guid":{"rendered":"https:\/\/zxdoll.com\/?post_type=product&#038;p=31887"},"modified":"2025-09-17T03:41:12","modified_gmt":"2025-09-16T19:41:12","slug":"laura-croft-lifelike-mama-sex-doll","status":"publish","type":"product","link":"https:\/\/zxdoll.com\/hu\/product\/laura-croft-lifelike-mama-sex-doll\/","title":{"rendered":"Laura Croft \u00c9leth\u0171 Mama Sex Doll Karry 163cm"},"content":{"rendered":"<h4><strong>Szexbaba k\u00e9pek<\/strong><\/h4>\n\t                <ul class=\"easy-image-gallery thumbnails-25 linked\">\r\n                    <li><a data-fancybox=\"gallery533\" href=\"https:\/\/zxdoll.com\/wp-content\/uploads\/2023\/04\/abbey-dolls-8e3q1-533x800.jpg\" class=\"eig-popup\" title=\"\" data-caption=\"\" target=\"_blank\"><i class=\"icon-view\"><\/i><span class=\"overlay\"><\/span><img decoding=\"async\" width=\"150\" height=\"150\" src=\"https:\/\/zxdoll.com\/wp-content\/uploads\/2023\/04\/abbey-dolls-8e3q1-150x150.jpg\" class=\"attachment-thumbnail size-thumbnail\" alt=\"\" title=\"\"><\/a><\/li><li><a data-fancybox=\"gallery533\" href=\"https:\/\/zxdoll.com\/wp-content\/uploads\/2023\/04\/abbey-dolls-8e3q2-533x800.jpg\" class=\"eig-popup\" title=\"\" data-caption=\"\" target=\"_blank\"><i class=\"icon-view\"><\/i><span class=\"overlay\"><\/span><img decoding=\"async\" width=\"150\" height=\"150\" src=\"https:\/\/zxdoll.com\/wp-content\/uploads\/2023\/04\/abbey-dolls-8e3q2-150x150.jpg\" class=\"attachment-thumbnail size-thumbnail\" alt=\"\" title=\"\"><\/a><\/li><li><a data-fancybox=\"gallery533\" href=\"https:\/\/zxdoll.com\/wp-content\/uploads\/2023\/04\/abbey-dolls-8e3q5-533x800.jpg\" class=\"eig-popup\" title=\"\" data-caption=\"\" target=\"_blank\"><i class=\"icon-view\"><\/i><span class=\"overlay\"><\/span><img decoding=\"async\" width=\"150\" height=\"150\" src=\"https:\/\/zxdoll.com\/wp-content\/uploads\/2023\/04\/abbey-dolls-8e3q5-150x150.jpg\" class=\"attachment-thumbnail size-thumbnail\" alt=\"\" title=\"\"><\/a><\/li><li><a data-fancybox=\"gallery533\" href=\"https:\/\/zxdoll.com\/wp-content\/uploads\/2023\/04\/abbey-dolls-8e3q8-533x800.jpg\" class=\"eig-popup\" title=\"\" data-caption=\"\" target=\"_blank\"><i class=\"icon-view\"><\/i><span class=\"overlay\"><\/span><img loading=\"lazy\" decoding=\"async\" width=\"150\" height=\"150\" src=\"https:\/\/zxdoll.com\/wp-content\/uploads\/2023\/04\/abbey-dolls-8e3q8-150x150.jpg\" class=\"attachment-thumbnail size-thumbnail\" alt=\"\" title=\"\"><\/a><\/li><li><a data-fancybox=\"gallery533\" href=\"https:\/\/zxdoll.com\/wp-content\/uploads\/2023\/04\/abbey-dolls-8e3q12-533x800.jpg\" class=\"eig-popup\" title=\"\" data-caption=\"\" target=\"_blank\"><i class=\"icon-view\"><\/i><span class=\"overlay\"><\/span><img loading=\"lazy\" decoding=\"async\" width=\"150\" height=\"150\" src=\"https:\/\/zxdoll.com\/wp-content\/uploads\/2023\/04\/abbey-dolls-8e3q12-150x150.jpg\" class=\"attachment-thumbnail size-thumbnail\" alt=\"\" title=\"\"><\/a><\/li><li><a data-fancybox=\"gallery533\" href=\"https:\/\/zxdoll.com\/wp-content\/uploads\/2023\/04\/abbey-dolls-8e3q13-533x800.jpg\" class=\"eig-popup\" title=\"\" data-caption=\"\" target=\"_blank\"><i class=\"icon-view\"><\/i><span class=\"overlay\"><\/span><img loading=\"lazy\" decoding=\"async\" width=\"150\" height=\"150\" src=\"https:\/\/zxdoll.com\/wp-content\/uploads\/2023\/04\/abbey-dolls-8e3q13-150x150.jpg\" class=\"attachment-thumbnail size-thumbnail\" alt=\"\" title=\"\"><\/a><\/li><li><a data-fancybox=\"gallery533\" href=\"https:\/\/zxdoll.com\/wp-content\/uploads\/2023\/04\/abbey-dolls-8e3q14-533x800.jpg\" class=\"eig-popup\" title=\"\" data-caption=\"\" target=\"_blank\"><i class=\"icon-view\"><\/i><span class=\"overlay\"><\/span><img loading=\"lazy\" decoding=\"async\" width=\"150\" height=\"150\" src=\"https:\/\/zxdoll.com\/wp-content\/uploads\/2023\/04\/abbey-dolls-8e3q14-150x150.jpg\" class=\"attachment-thumbnail size-thumbnail\" alt=\"\" title=\"\"><\/a><\/li><li><a data-fancybox=\"gallery533\" href=\"https:\/\/zxdoll.com\/wp-content\/uploads\/2023\/04\/abbey-dolls-8e3q15-533x800.jpg\" class=\"eig-popup\" title=\"\" data-caption=\"\" target=\"_blank\"><i class=\"icon-view\"><\/i><span class=\"overlay\"><\/span><img loading=\"lazy\" decoding=\"async\" width=\"150\" height=\"150\" src=\"https:\/\/zxdoll.com\/wp-content\/uploads\/2023\/04\/abbey-dolls-8e3q15-150x150.jpg\" class=\"attachment-thumbnail size-thumbnail\" alt=\"\" title=\"\"><\/a><\/li><li><a data-fancybox=\"gallery533\" href=\"https:\/\/zxdoll.com\/wp-content\/uploads\/2023\/04\/abbey-dolls-8e3q16-533x800.jpg\" class=\"eig-popup\" title=\"\" data-caption=\"\" target=\"_blank\"><i class=\"icon-view\"><\/i><span class=\"overlay\"><\/span><img loading=\"lazy\" decoding=\"async\" width=\"150\" height=\"150\" src=\"https:\/\/zxdoll.com\/wp-content\/uploads\/2023\/04\/abbey-dolls-8e3q16-150x150.jpg\" class=\"attachment-thumbnail size-thumbnail\" alt=\"\" title=\"\"><\/a><\/li><li><a data-fancybox=\"gallery533\" href=\"https:\/\/zxdoll.com\/wp-content\/uploads\/2023\/04\/abbey-dolls-8e3q17-533x800.jpg\" class=\"eig-popup\" title=\"\" data-caption=\"\" target=\"_blank\"><i class=\"icon-view\"><\/i><span class=\"overlay\"><\/span><img loading=\"lazy\" decoding=\"async\" width=\"150\" height=\"150\" src=\"https:\/\/zxdoll.com\/wp-content\/uploads\/2023\/04\/abbey-dolls-8e3q17-150x150.jpg\" class=\"attachment-thumbnail size-thumbnail\" alt=\"\" title=\"\"><\/a><\/li><li><a data-fancybox=\"gallery533\" href=\"https:\/\/zxdoll.com\/wp-content\/uploads\/2023\/04\/abbey-dolls-8e3q18-533x800.jpg\" class=\"eig-popup\" title=\"\" data-caption=\"\" target=\"_blank\"><i class=\"icon-view\"><\/i><span class=\"overlay\"><\/span><img loading=\"lazy\" decoding=\"async\" width=\"150\" height=\"150\" src=\"https:\/\/zxdoll.com\/wp-content\/uploads\/2023\/04\/abbey-dolls-8e3q18-150x150.jpg\" class=\"attachment-thumbnail size-thumbnail\" alt=\"\" title=\"\"><\/a><\/li><li><a data-fancybox=\"gallery533\" href=\"https:\/\/zxdoll.com\/wp-content\/uploads\/2023\/04\/abbey-dolls-8e3q20-533x800.jpg\" class=\"eig-popup\" title=\"\" data-caption=\"\" target=\"_blank\"><i class=\"icon-view\"><\/i><span class=\"overlay\"><\/span><img loading=\"lazy\" decoding=\"async\" width=\"150\" height=\"150\" src=\"https:\/\/zxdoll.com\/wp-content\/uploads\/2023\/04\/abbey-dolls-8e3q20-150x150.jpg\" class=\"attachment-thumbnail size-thumbnail\" alt=\"\" title=\"\"><\/a><\/li><li><a data-fancybox=\"gallery533\" href=\"https:\/\/zxdoll.com\/wp-content\/uploads\/2023\/04\/abbey-dolls-8e3q21-533x800.jpg\" class=\"eig-popup\" title=\"\" data-caption=\"\" target=\"_blank\"><i class=\"icon-view\"><\/i><span class=\"overlay\"><\/span><img loading=\"lazy\" decoding=\"async\" width=\"150\" height=\"150\" src=\"https:\/\/zxdoll.com\/wp-content\/uploads\/2023\/04\/abbey-dolls-8e3q21-150x150.jpg\" class=\"attachment-thumbnail size-thumbnail\" alt=\"\" title=\"\"><\/a><\/li><li><a data-fancybox=\"gallery533\" href=\"https:\/\/zxdoll.com\/wp-content\/uploads\/2023\/04\/abbey-dolls-8e3q22-533x800.jpg\" class=\"eig-popup\" title=\"\" data-caption=\"\" target=\"_blank\"><i class=\"icon-view\"><\/i><span class=\"overlay\"><\/span><img loading=\"lazy\" decoding=\"async\" width=\"150\" height=\"150\" src=\"https:\/\/zxdoll.com\/wp-content\/uploads\/2023\/04\/abbey-dolls-8e3q22-150x150.jpg\" class=\"attachment-thumbnail size-thumbnail\" alt=\"\" title=\"\"><\/a><\/li><li><a data-fancybox=\"gallery533\" href=\"https:\/\/zxdoll.com\/wp-content\/uploads\/2023\/04\/abbey-dolls-8e3q23-533x800.jpg\" class=\"eig-popup\" title=\"\" data-caption=\"\" target=\"_blank\"><i class=\"icon-view\"><\/i><span class=\"overlay\"><\/span><img loading=\"lazy\" decoding=\"async\" width=\"150\" height=\"150\" src=\"https:\/\/zxdoll.com\/wp-content\/uploads\/2023\/04\/abbey-dolls-8e3q23-150x150.jpg\" class=\"attachment-thumbnail size-thumbnail\" alt=\"\" title=\"\"><\/a><\/li><li><a data-fancybox=\"gallery533\" href=\"https:\/\/zxdoll.com\/wp-content\/uploads\/2023\/04\/abbey-dolls-8e3q24-533x800.jpg\" class=\"eig-popup\" title=\"\" data-caption=\"\" target=\"_blank\"><i class=\"icon-view\"><\/i><span class=\"overlay\"><\/span><img loading=\"lazy\" decoding=\"async\" width=\"150\" height=\"150\" src=\"https:\/\/zxdoll.com\/wp-content\/uploads\/2023\/04\/abbey-dolls-8e3q24-150x150.jpg\" class=\"attachment-thumbnail size-thumbnail\" alt=\"\" title=\"\"><\/a><\/li><li><a data-fancybox=\"gallery533\" href=\"https:\/\/zxdoll.com\/wp-content\/uploads\/2023\/04\/abbey-dolls-8e3q25-533x800.jpg\" class=\"eig-popup\" title=\"\" data-caption=\"\" target=\"_blank\"><i class=\"icon-view\"><\/i><span class=\"overlay\"><\/span><img loading=\"lazy\" decoding=\"async\" width=\"150\" height=\"150\" src=\"https:\/\/zxdoll.com\/wp-content\/uploads\/2023\/04\/abbey-dolls-8e3q25-150x150.jpg\" class=\"attachment-thumbnail size-thumbnail\" alt=\"\" title=\"\"><\/a><\/li><li><a data-fancybox=\"gallery533\" href=\"https:\/\/zxdoll.com\/wp-content\/uploads\/2023\/04\/abbey-dolls-8e3q26-533x800.jpg\" class=\"eig-popup\" title=\"\" data-caption=\"\" target=\"_blank\"><i class=\"icon-view\"><\/i><span class=\"overlay\"><\/span><img loading=\"lazy\" decoding=\"async\" width=\"150\" height=\"150\" src=\"https:\/\/zxdoll.com\/wp-content\/uploads\/2023\/04\/abbey-dolls-8e3q26-150x150.jpg\" class=\"attachment-thumbnail size-thumbnail\" alt=\"\" title=\"\"><\/a><\/li><li><a data-fancybox=\"gallery533\" href=\"https:\/\/zxdoll.com\/wp-content\/uploads\/2023\/04\/abbey-dolls-8e3q29-533x800.jpg\" class=\"eig-popup\" title=\"\" data-caption=\"\" target=\"_blank\"><i class=\"icon-view\"><\/i><span class=\"overlay\"><\/span><img loading=\"lazy\" decoding=\"async\" width=\"150\" height=\"150\" src=\"https:\/\/zxdoll.com\/wp-content\/uploads\/2023\/04\/abbey-dolls-8e3q29-150x150.jpg\" class=\"attachment-thumbnail size-thumbnail\" alt=\"\" title=\"\"><\/a><\/li><li><a data-fancybox=\"gallery533\" href=\"https:\/\/zxdoll.com\/wp-content\/uploads\/2023\/04\/abbey-dolls-8e3q30-533x800.jpg\" class=\"eig-popup\" title=\"\" data-caption=\"\" target=\"_blank\"><i class=\"icon-view\"><\/i><span class=\"overlay\"><\/span><img loading=\"lazy\" decoding=\"async\" width=\"150\" height=\"150\" src=\"https:\/\/zxdoll.com\/wp-content\/uploads\/2023\/04\/abbey-dolls-8e3q30-150x150.jpg\" class=\"attachment-thumbnail size-thumbnail\" alt=\"\" title=\"\"><\/a><\/li><li><a data-fancybox=\"gallery533\" href=\"https:\/\/zxdoll.com\/wp-content\/uploads\/2023\/04\/abbey-dolls-8e3q31-533x800.jpg\" class=\"eig-popup\" title=\"\" data-caption=\"\" target=\"_blank\"><i class=\"icon-view\"><\/i><span class=\"overlay\"><\/span><img loading=\"lazy\" decoding=\"async\" width=\"150\" height=\"150\" src=\"https:\/\/zxdoll.com\/wp-content\/uploads\/2023\/04\/abbey-dolls-8e3q31-150x150.jpg\" class=\"attachment-thumbnail size-thumbnail\" alt=\"\" title=\"\"><\/a><\/li><li><a data-fancybox=\"gallery533\" href=\"https:\/\/zxdoll.com\/wp-content\/uploads\/2023\/04\/abbey-dolls-8e3q33-533x800.jpg\" class=\"eig-popup\" title=\"\" data-caption=\"\" target=\"_blank\"><i class=\"icon-view\"><\/i><span class=\"overlay\"><\/span><img loading=\"lazy\" decoding=\"async\" width=\"150\" height=\"150\" src=\"https:\/\/zxdoll.com\/wp-content\/uploads\/2023\/04\/abbey-dolls-8e3q33-150x150.jpg\" class=\"attachment-thumbnail size-thumbnail\" alt=\"\" title=\"\"><\/a><\/li><li><a data-fancybox=\"gallery533\" href=\"https:\/\/zxdoll.com\/wp-content\/uploads\/2023\/04\/abbey-dolls-8e3q35-533x800.jpg\" class=\"eig-popup\" title=\"\" data-caption=\"\" target=\"_blank\"><i class=\"icon-view\"><\/i><span class=\"overlay\"><\/span><img loading=\"lazy\" decoding=\"async\" width=\"150\" height=\"150\" src=\"https:\/\/zxdoll.com\/wp-content\/uploads\/2023\/04\/abbey-dolls-8e3q35-150x150.jpg\" class=\"attachment-thumbnail size-thumbnail\" alt=\"\" title=\"\"><\/a><\/li><li><a data-fancybox=\"gallery533\" href=\"https:\/\/zxdoll.com\/wp-content\/uploads\/2023\/04\/abbey-dolls-8e3q36-533x800.jpg\" class=\"eig-popup\" title=\"\" data-caption=\"\" target=\"_blank\"><i class=\"icon-view\"><\/i><span class=\"overlay\"><\/span><img loading=\"lazy\" decoding=\"async\" width=\"150\" height=\"150\" src=\"https:\/\/zxdoll.com\/wp-content\/uploads\/2023\/04\/abbey-dolls-8e3q36-150x150.jpg\" class=\"attachment-thumbnail size-thumbnail\" alt=\"\" title=\"\"><\/a><\/li><li><a data-fancybox=\"gallery533\" href=\"https:\/\/zxdoll.com\/wp-content\/uploads\/2023\/04\/abbey-dolls-8e3q39-533x800.jpg\" class=\"eig-popup\" title=\"\" data-caption=\"\" target=\"_blank\"><i class=\"icon-view\"><\/i><span class=\"overlay\"><\/span><img loading=\"lazy\" decoding=\"async\" width=\"150\" height=\"150\" src=\"https:\/\/zxdoll.com\/wp-content\/uploads\/2023\/04\/abbey-dolls-8e3q39-150x150.jpg\" class=\"attachment-thumbnail size-thumbnail\" alt=\"\" title=\"\"><\/a><\/li><\/ul>\n<h4>M\u00e9rett\u00e1bl\u00e1zatok<\/h4>\n<table width=\"269\">\n<tbody>\n<tr>\n<td width=\"130\">Anyag<\/td>\n<td width=\"139\">TPE<\/td>\n<\/tr>\n<tr>\n<td>Magass\u00e1g<\/td>\n<td>163 cm plusz<\/td>\n<\/tr>\n<tr>\n<td>Mell<\/td>\n<td>96 cm<\/td>\n<\/tr>\n<tr>\n<td>Der\u00e9k<\/td>\n<td>62 cm<\/td>\n<\/tr>\n<tr>\n<td>Cs\u00edp\u0151<\/td>\n<td>94 cm<\/td>\n<\/tr>\n<tr>\n<td>Kar hossz\u00fas\u00e1g<\/td>\n<td>67 cm<\/td>\n<\/tr>\n<tr>\n<td>V\u00e1llsz\u00e9less\u00e9g<\/td>\n<td>35 cm<\/td>\n<\/tr>\n<tr>\n<td>Borj\u00facirkum<\/td>\n<td>31 cm<\/td>\n<\/tr>\n<tr>\n<td>Comb k\u00f6r\u00fcl<\/td>\n<td>51 cm<\/td>\n<\/tr>\n<tr>\n<td>L\u00e1b hossz<\/td>\n<td>88 cm<\/td>\n<\/tr>\n<tr>\n<td>L\u00e1bhossz<\/td>\n<td>22,5 cm<\/td>\n<\/tr>\n<tr>\n<td>Nett\u00f3 t\u00f6meg<\/td>\n<td>37 kg<\/td>\n<\/tr>\n<tr>\n<td>Or\u00e1lis m\u00e9lys\u00e9g<\/td>\n<td>12 cm<\/td>\n<\/tr>\n<tr>\n<td>H\u00fcvelym\u00e9lys\u00e9g<\/td>\n<td>18 cm<\/td>\n<\/tr>\n<tr>\n<td>An\u00e1lis m\u00e9lys\u00e9g<\/td>\n<td>16 cm<\/td>\n<\/tr>\n<\/tbody>\n<\/table>\n<h4>A szexbab\u00e1r\u00f3l<\/h4>\n<p>Itt van egy mama baba; l\u00e1sd, ahogy \u00e1ll, mint aki arra v\u00e1r, hogy megmondja, mit csin\u00e1ljon. Ez a Laura croft baba feh\u00e9r kimon\u00f3j\u00e1ban \u00e9ppen a megfelel\u0151 emberre v\u00e1r, aki megmondan\u00e1, mit tegyen, \u00e9s term\u00e9szetesen te is lehetsz az. Kicsit al\u00e1zatos vagy, \u00e9s szeretn\u00e9d, ha valaki megmutatn\u00e1 a mozdulatokat? Darby itt van neked.<\/p>\n<p>Ez az Aliexpress szexbaba nem j\u00f6n j\u00e1tszani. Lehet, hogy feln\u0151tt szerelmes baba, de ne becs\u00fcld al\u00e1, hogy ez a 105 cm-es baba mire k\u00e9pes, ha szeret\u0151j\u00e9r\u0151l van sz\u00f3. Maga k\u00f6r\u00e9 csavart, \u00e9s ekszt\u00e1zisba sz\u00edvott; akkor ez a Roger ny\u00fal baba megt\u00f6lti l\u00e9d\u00fas puncij\u00e1t \u00e9s puha melleit.<\/p>\n<p>Az egyetlen szereped az, hogy kiemeld \u0151t a kimon\u00f3b\u00f3l, \u00e9s j\u00e1tssz vele egy kicsit. L\u00e1ttad a sz\u0151ke haj\u00e1t? Ez az egyik legostob\u00e1bb, \u00e9s tal\u00e1n csak egy kis \u00e9rint\u00e9sre van sz\u00fcks\u00e9ge a szintetikus baba hajmos\u00e1s\u00e1ban, hogy mindig mosva maradjon, \u00e9s sz\u00f3rakoztat\u00f3 is lehet.<\/p>\n<p>Lehet, hogy feln\u0151tt baba horpadt fejjel, de ez nem akad\u00e1lyozza meg abban, hogy azt tegye, amit akar, \u00e9s ez az Alibaba szexbaba egy Roger ny\u00falbaba, egy leheletnyi pipa baba, Jessica.<\/p>","protected":false},"excerpt":{"rendered":"<p>Szexbaba k\u00e9pek M\u00e9rett\u00e1bl\u00e1zat Anyag TPE magass\u00e1g 163 cm plusz mell 96 cm der\u00e9k 62 cm cs\u00edp\u0151 94 cm kar hossz 67 cm v\u00e1ll<\/p>","protected":false},"featured_media":32662,"comment_status":"open","ping_status":"closed","template":"","meta":[],"product_brand":[],"product_cat":[97,75,230,116,107,117,119],"product_tag":[],"class_list":{"0":"post-31887","1":"product","2":"type-product","3":"status-publish","4":"has-post-thumbnail","6":"product_cat-real-life-sex-dolls","7":"product_cat-160cm-170cm-sex-dolls","8":"product_cat-36kg-40kg","9":"product_cat-big-boobs-sex-doll","10":"product_cat-skinny-sex-dolls","11":"product_cat-small-breast-sex-doll","12":"product_cat-tpe-sex-doll","13":"pa_brand-irontech-doll","14":"tm-has-options","16":"first","17":"instock","18":"sale","19":"shipping-taxable","20":"purchasable","21":"product-type-simple"},"_links":{"self":[{"href":"https:\/\/zxdoll.com\/hu\/wp-json\/wp\/v2\/product\/31887","targetHints":{"allow":["GET"]}}],"collection":[{"href":"https:\/\/zxdoll.com\/hu\/wp-json\/wp\/v2\/product"}],"about":[{"href":"https:\/\/zxdoll.com\/hu\/wp-json\/wp\/v2\/types\/product"}],"replies":[{"embeddable":true,"href":"https:\/\/zxdoll.com\/hu\/wp-json\/wp\/v2\/comments?post=31887"}],"version-history":[{"count":3,"href":"https:\/\/zxdoll.com\/hu\/wp-json\/wp\/v2\/product\/31887\/revisions"}],"predecessor-version":[{"id":101284,"href":"https:\/\/zxdoll.com\/hu\/wp-json\/wp\/v2\/product\/31887\/revisions\/101284"}],"wp:featuredmedia":[{"embeddable":true,"href":"https:\/\/zxdoll.com\/hu\/wp-json\/wp\/v2\/media\/32662"}],"wp:attachment":[{"href":"https:\/\/zxdoll.com\/hu\/wp-json\/wp\/v2\/media?parent=31887"}],"wp:term":[{"taxonomy":"product_brand","embeddable":true,"href":"https:\/\/zxdoll.com\/hu\/wp-json\/wp\/v2\/product_brand?post=31887"},{"taxonomy":"product_cat","embeddable":true,"href":"https:\/\/zxdoll.com\/hu\/wp-json\/wp\/v2\/product_cat?post=31887"},{"taxonomy":"product_tag","embeddable":true,"href":"https:\/\/zxdoll.com\/hu\/wp-json\/wp\/v2\/product_tag?post=31887"}],"curies":[{"name":"wp","href":"https:\/\/api.w.org\/{rel}","templated":true}]}}