{"id":31564,"date":"2023-04-03T04:51:25","date_gmt":"2023-04-02T20:51:25","guid":{"rendered":"https:\/\/zxdoll.com\/?post_type=product&#038;p=31564"},"modified":"2025-09-17T03:39:11","modified_gmt":"2025-09-16T19:39:11","slug":"premium-quality-custom-sexy-sex-doll","status":"publish","type":"product","link":"https:\/\/zxdoll.com\/hu\/product\/premium-quality-custom-sexy-sex-doll\/","title":{"rendered":"Pr\u00e9mium min\u0151s\u00e9g\u0171 egyedi szexi szexbaba Kandy 163cm"},"content":{"rendered":"<h4><strong>Szexbaba k\u00e9pek<\/strong><\/h4>\n\t                <ul class=\"easy-image-gallery thumbnails-24 linked\">\r\n                    <li><a data-fancybox=\"gallery306\" href=\"https:\/\/zxdoll.com\/wp-content\/uploads\/2023\/04\/synthetic-love-dolls-8u4e1-533x800.jpg\" class=\"eig-popup\" title=\"\" data-caption=\"\" target=\"_blank\"><i class=\"icon-view\"><\/i><span class=\"overlay\"><\/span><img decoding=\"async\" width=\"150\" height=\"150\" src=\"https:\/\/zxdoll.com\/wp-content\/uploads\/2023\/04\/synthetic-love-dolls-8u4e1-150x150.jpg\" class=\"attachment-thumbnail size-thumbnail\" alt=\"\" title=\"\"><\/a><\/li><li><a data-fancybox=\"gallery306\" href=\"https:\/\/zxdoll.com\/wp-content\/uploads\/2023\/04\/synthetic-love-dolls-8u4e2-533x800.jpg\" class=\"eig-popup\" title=\"\" data-caption=\"\" target=\"_blank\"><i class=\"icon-view\"><\/i><span class=\"overlay\"><\/span><img decoding=\"async\" width=\"150\" height=\"150\" src=\"https:\/\/zxdoll.com\/wp-content\/uploads\/2023\/04\/synthetic-love-dolls-8u4e2-150x150.jpg\" class=\"attachment-thumbnail size-thumbnail\" alt=\"\" title=\"\"><\/a><\/li><li><a data-fancybox=\"gallery306\" href=\"https:\/\/zxdoll.com\/wp-content\/uploads\/2023\/04\/synthetic-love-dolls-8u4e3-533x800.jpg\" class=\"eig-popup\" title=\"\" data-caption=\"\" target=\"_blank\"><i class=\"icon-view\"><\/i><span class=\"overlay\"><\/span><img decoding=\"async\" width=\"150\" height=\"150\" src=\"https:\/\/zxdoll.com\/wp-content\/uploads\/2023\/04\/synthetic-love-dolls-8u4e3-150x150.jpg\" class=\"attachment-thumbnail size-thumbnail\" alt=\"\" title=\"\"><\/a><\/li><li><a data-fancybox=\"gallery306\" href=\"https:\/\/zxdoll.com\/wp-content\/uploads\/2023\/04\/synthetic-love-dolls-8u4e4-533x800.jpg\" class=\"eig-popup\" title=\"\" data-caption=\"\" target=\"_blank\"><i class=\"icon-view\"><\/i><span class=\"overlay\"><\/span><img loading=\"lazy\" decoding=\"async\" width=\"150\" height=\"150\" src=\"https:\/\/zxdoll.com\/wp-content\/uploads\/2023\/04\/synthetic-love-dolls-8u4e4-150x150.jpg\" class=\"attachment-thumbnail size-thumbnail\" alt=\"\" title=\"\"><\/a><\/li><li><a data-fancybox=\"gallery306\" href=\"https:\/\/zxdoll.com\/wp-content\/uploads\/2023\/04\/synthetic-love-dolls-8u4e7-533x800.jpg\" class=\"eig-popup\" title=\"\" data-caption=\"\" target=\"_blank\"><i class=\"icon-view\"><\/i><span class=\"overlay\"><\/span><img loading=\"lazy\" decoding=\"async\" width=\"150\" height=\"150\" src=\"https:\/\/zxdoll.com\/wp-content\/uploads\/2023\/04\/synthetic-love-dolls-8u4e7-150x150.jpg\" class=\"attachment-thumbnail size-thumbnail\" alt=\"\" title=\"\"><\/a><\/li><li><a data-fancybox=\"gallery306\" href=\"https:\/\/zxdoll.com\/wp-content\/uploads\/2023\/04\/synthetic-love-dolls-8u4e10-533x800.jpg\" class=\"eig-popup\" title=\"\" data-caption=\"\" target=\"_blank\"><i class=\"icon-view\"><\/i><span class=\"overlay\"><\/span><img loading=\"lazy\" decoding=\"async\" width=\"150\" height=\"150\" src=\"https:\/\/zxdoll.com\/wp-content\/uploads\/2023\/04\/synthetic-love-dolls-8u4e10-150x150.jpg\" class=\"attachment-thumbnail size-thumbnail\" alt=\"\" title=\"\"><\/a><\/li><li><a data-fancybox=\"gallery306\" href=\"https:\/\/zxdoll.com\/wp-content\/uploads\/2023\/04\/synthetic-love-dolls-8u4e11-533x800.jpg\" class=\"eig-popup\" title=\"\" data-caption=\"\" target=\"_blank\"><i class=\"icon-view\"><\/i><span class=\"overlay\"><\/span><img loading=\"lazy\" decoding=\"async\" width=\"150\" height=\"150\" src=\"https:\/\/zxdoll.com\/wp-content\/uploads\/2023\/04\/synthetic-love-dolls-8u4e11-150x150.jpg\" class=\"attachment-thumbnail size-thumbnail\" alt=\"\" title=\"\"><\/a><\/li><li><a data-fancybox=\"gallery306\" href=\"https:\/\/zxdoll.com\/wp-content\/uploads\/2023\/04\/synthetic-love-dolls-8u4e13-533x800.jpg\" class=\"eig-popup\" title=\"\" data-caption=\"\" target=\"_blank\"><i class=\"icon-view\"><\/i><span class=\"overlay\"><\/span><img loading=\"lazy\" decoding=\"async\" width=\"150\" height=\"150\" src=\"https:\/\/zxdoll.com\/wp-content\/uploads\/2023\/04\/synthetic-love-dolls-8u4e13-150x150.jpg\" class=\"attachment-thumbnail size-thumbnail\" alt=\"\" title=\"\"><\/a><\/li><li><a data-fancybox=\"gallery306\" href=\"https:\/\/zxdoll.com\/wp-content\/uploads\/2023\/04\/synthetic-love-dolls-8u4e14-533x800.jpg\" class=\"eig-popup\" title=\"\" data-caption=\"\" target=\"_blank\"><i class=\"icon-view\"><\/i><span class=\"overlay\"><\/span><img loading=\"lazy\" decoding=\"async\" width=\"150\" height=\"150\" src=\"https:\/\/zxdoll.com\/wp-content\/uploads\/2023\/04\/synthetic-love-dolls-8u4e14-150x150.jpg\" class=\"attachment-thumbnail size-thumbnail\" alt=\"\" title=\"\"><\/a><\/li><li><a data-fancybox=\"gallery306\" href=\"https:\/\/zxdoll.com\/wp-content\/uploads\/2023\/04\/synthetic-love-dolls-8u4e16-533x800.jpg\" class=\"eig-popup\" title=\"\" data-caption=\"\" target=\"_blank\"><i class=\"icon-view\"><\/i><span class=\"overlay\"><\/span><img loading=\"lazy\" decoding=\"async\" width=\"150\" height=\"150\" src=\"https:\/\/zxdoll.com\/wp-content\/uploads\/2023\/04\/synthetic-love-dolls-8u4e16-150x150.jpg\" class=\"attachment-thumbnail size-thumbnail\" alt=\"\" title=\"\"><\/a><\/li><li><a data-fancybox=\"gallery306\" href=\"https:\/\/zxdoll.com\/wp-content\/uploads\/2023\/04\/synthetic-love-dolls-8u4e17-533x800.jpg\" class=\"eig-popup\" title=\"\" data-caption=\"\" target=\"_blank\"><i class=\"icon-view\"><\/i><span class=\"overlay\"><\/span><img loading=\"lazy\" decoding=\"async\" width=\"150\" height=\"150\" src=\"https:\/\/zxdoll.com\/wp-content\/uploads\/2023\/04\/synthetic-love-dolls-8u4e17-150x150.jpg\" class=\"attachment-thumbnail size-thumbnail\" alt=\"\" title=\"\"><\/a><\/li><li><a data-fancybox=\"gallery306\" href=\"https:\/\/zxdoll.com\/wp-content\/uploads\/2023\/04\/synthetic-love-dolls-8u4e18-533x800.jpg\" class=\"eig-popup\" title=\"\" data-caption=\"\" target=\"_blank\"><i class=\"icon-view\"><\/i><span class=\"overlay\"><\/span><img loading=\"lazy\" decoding=\"async\" width=\"150\" height=\"150\" src=\"https:\/\/zxdoll.com\/wp-content\/uploads\/2023\/04\/synthetic-love-dolls-8u4e18-150x150.jpg\" class=\"attachment-thumbnail size-thumbnail\" alt=\"\" title=\"\"><\/a><\/li><li><a data-fancybox=\"gallery306\" href=\"https:\/\/zxdoll.com\/wp-content\/uploads\/2023\/04\/synthetic-love-dolls-8u4e20-533x800.jpg\" class=\"eig-popup\" title=\"\" data-caption=\"\" target=\"_blank\"><i class=\"icon-view\"><\/i><span class=\"overlay\"><\/span><img loading=\"lazy\" decoding=\"async\" width=\"150\" height=\"150\" src=\"https:\/\/zxdoll.com\/wp-content\/uploads\/2023\/04\/synthetic-love-dolls-8u4e20-150x150.jpg\" class=\"attachment-thumbnail size-thumbnail\" alt=\"\" title=\"\"><\/a><\/li><li><a data-fancybox=\"gallery306\" href=\"https:\/\/zxdoll.com\/wp-content\/uploads\/2023\/04\/synthetic-love-dolls-8u4e21-533x800.jpg\" class=\"eig-popup\" title=\"\" data-caption=\"\" target=\"_blank\"><i class=\"icon-view\"><\/i><span class=\"overlay\"><\/span><img loading=\"lazy\" decoding=\"async\" width=\"150\" height=\"150\" src=\"https:\/\/zxdoll.com\/wp-content\/uploads\/2023\/04\/synthetic-love-dolls-8u4e21-150x150.jpg\" class=\"attachment-thumbnail size-thumbnail\" alt=\"\" title=\"\"><\/a><\/li><li><a data-fancybox=\"gallery306\" href=\"https:\/\/zxdoll.com\/wp-content\/uploads\/2023\/04\/synthetic-love-dolls-8u4e22-533x800.jpg\" class=\"eig-popup\" title=\"\" data-caption=\"\" target=\"_blank\"><i class=\"icon-view\"><\/i><span class=\"overlay\"><\/span><img loading=\"lazy\" decoding=\"async\" width=\"150\" height=\"150\" src=\"https:\/\/zxdoll.com\/wp-content\/uploads\/2023\/04\/synthetic-love-dolls-8u4e22-150x150.jpg\" class=\"attachment-thumbnail size-thumbnail\" alt=\"\" title=\"\"><\/a><\/li><li><a data-fancybox=\"gallery306\" href=\"https:\/\/zxdoll.com\/wp-content\/uploads\/2023\/04\/synthetic-love-dolls-8u4e23-533x800.jpg\" class=\"eig-popup\" title=\"\" data-caption=\"\" target=\"_blank\"><i class=\"icon-view\"><\/i><span class=\"overlay\"><\/span><img loading=\"lazy\" decoding=\"async\" width=\"150\" height=\"150\" src=\"https:\/\/zxdoll.com\/wp-content\/uploads\/2023\/04\/synthetic-love-dolls-8u4e23-150x150.jpg\" class=\"attachment-thumbnail size-thumbnail\" alt=\"\" title=\"\"><\/a><\/li><li><a data-fancybox=\"gallery306\" href=\"https:\/\/zxdoll.com\/wp-content\/uploads\/2023\/04\/synthetic-love-dolls-8u4e24-533x800.jpg\" class=\"eig-popup\" title=\"\" data-caption=\"\" target=\"_blank\"><i class=\"icon-view\"><\/i><span class=\"overlay\"><\/span><img loading=\"lazy\" decoding=\"async\" width=\"150\" height=\"150\" src=\"https:\/\/zxdoll.com\/wp-content\/uploads\/2023\/04\/synthetic-love-dolls-8u4e24-150x150.jpg\" class=\"attachment-thumbnail size-thumbnail\" alt=\"\" title=\"\"><\/a><\/li><li><a data-fancybox=\"gallery306\" href=\"https:\/\/zxdoll.com\/wp-content\/uploads\/2023\/04\/synthetic-love-dolls-8u4e26-533x800.jpg\" class=\"eig-popup\" title=\"\" data-caption=\"\" target=\"_blank\"><i class=\"icon-view\"><\/i><span class=\"overlay\"><\/span><img loading=\"lazy\" decoding=\"async\" width=\"150\" height=\"150\" src=\"https:\/\/zxdoll.com\/wp-content\/uploads\/2023\/04\/synthetic-love-dolls-8u4e26-150x150.jpg\" class=\"attachment-thumbnail size-thumbnail\" alt=\"\" title=\"\"><\/a><\/li><li><a data-fancybox=\"gallery306\" href=\"https:\/\/zxdoll.com\/wp-content\/uploads\/2023\/04\/synthetic-love-dolls-8u4e27-533x800.jpg\" class=\"eig-popup\" title=\"\" data-caption=\"\" target=\"_blank\"><i class=\"icon-view\"><\/i><span class=\"overlay\"><\/span><img loading=\"lazy\" decoding=\"async\" width=\"150\" height=\"150\" src=\"https:\/\/zxdoll.com\/wp-content\/uploads\/2023\/04\/synthetic-love-dolls-8u4e27-150x150.jpg\" class=\"attachment-thumbnail size-thumbnail\" alt=\"\" title=\"\"><\/a><\/li><li><a data-fancybox=\"gallery306\" href=\"https:\/\/zxdoll.com\/wp-content\/uploads\/2023\/04\/synthetic-love-dolls-8u4e29-533x800.jpg\" class=\"eig-popup\" title=\"\" data-caption=\"\" target=\"_blank\"><i class=\"icon-view\"><\/i><span class=\"overlay\"><\/span><img loading=\"lazy\" decoding=\"async\" width=\"150\" height=\"150\" src=\"https:\/\/zxdoll.com\/wp-content\/uploads\/2023\/04\/synthetic-love-dolls-8u4e29-150x150.jpg\" class=\"attachment-thumbnail size-thumbnail\" alt=\"\" title=\"\"><\/a><\/li><li><a data-fancybox=\"gallery306\" href=\"https:\/\/zxdoll.com\/wp-content\/uploads\/2023\/04\/synthetic-love-dolls-8u4e40-533x800.jpg\" class=\"eig-popup\" title=\"\" data-caption=\"\" target=\"_blank\"><i class=\"icon-view\"><\/i><span class=\"overlay\"><\/span><img loading=\"lazy\" decoding=\"async\" width=\"150\" height=\"150\" src=\"https:\/\/zxdoll.com\/wp-content\/uploads\/2023\/04\/synthetic-love-dolls-8u4e40-150x150.jpg\" class=\"attachment-thumbnail size-thumbnail\" alt=\"\" title=\"\"><\/a><\/li><li><a data-fancybox=\"gallery306\" href=\"https:\/\/zxdoll.com\/wp-content\/uploads\/2023\/04\/synthetic-love-dolls-8u4e41-533x800.jpg\" class=\"eig-popup\" title=\"\" data-caption=\"\" target=\"_blank\"><i class=\"icon-view\"><\/i><span class=\"overlay\"><\/span><img loading=\"lazy\" decoding=\"async\" width=\"150\" height=\"150\" src=\"https:\/\/zxdoll.com\/wp-content\/uploads\/2023\/04\/synthetic-love-dolls-8u4e41-150x150.jpg\" class=\"attachment-thumbnail size-thumbnail\" alt=\"\" title=\"\"><\/a><\/li><li><a data-fancybox=\"gallery306\" href=\"https:\/\/zxdoll.com\/wp-content\/uploads\/2023\/04\/synthetic-love-dolls-8u4e42-533x800.jpg\" class=\"eig-popup\" title=\"\" data-caption=\"\" target=\"_blank\"><i class=\"icon-view\"><\/i><span class=\"overlay\"><\/span><img loading=\"lazy\" decoding=\"async\" width=\"150\" height=\"150\" src=\"https:\/\/zxdoll.com\/wp-content\/uploads\/2023\/04\/synthetic-love-dolls-8u4e42-150x150.jpg\" class=\"attachment-thumbnail size-thumbnail\" alt=\"\" title=\"\"><\/a><\/li><li><a data-fancybox=\"gallery306\" href=\"https:\/\/zxdoll.com\/wp-content\/uploads\/2023\/04\/synthetic-love-dolls-8u4e48-533x800.jpg\" class=\"eig-popup\" title=\"\" data-caption=\"\" target=\"_blank\"><i class=\"icon-view\"><\/i><span class=\"overlay\"><\/span><img loading=\"lazy\" decoding=\"async\" width=\"150\" height=\"150\" src=\"https:\/\/zxdoll.com\/wp-content\/uploads\/2023\/04\/synthetic-love-dolls-8u4e48-150x150.jpg\" class=\"attachment-thumbnail size-thumbnail\" alt=\"\" title=\"\"><\/a><\/li><\/ul>\n<h4>M\u00e9rett\u00e1bl\u00e1zatok<\/h4>\n<table width=\"269\">\n<tbody>\n<tr>\n<td width=\"130\">Anyag<\/td>\n<td width=\"139\">TPE<\/td>\n<\/tr>\n<tr>\n<td>Magass\u00e1g<\/td>\n<td>163cm<\/td>\n<\/tr>\n<tr>\n<td>Mell<\/td>\n<td>86 cm<\/td>\n<\/tr>\n<tr>\n<td>Der\u00e9k<\/td>\n<td>62 cm<\/td>\n<\/tr>\n<tr>\n<td>Cs\u00edp\u0151<\/td>\n<td>94 cm<\/td>\n<\/tr>\n<tr>\n<td>Kar hossz\u00fas\u00e1g<\/td>\n<td>67 cm<\/td>\n<\/tr>\n<tr>\n<td>V\u00e1llsz\u00e9less\u00e9g<\/td>\n<td>35 cm<\/td>\n<\/tr>\n<tr>\n<td>Borj\u00facirkum<\/td>\n<td>31 cm<\/td>\n<\/tr>\n<tr>\n<td>Comb k\u00f6r\u00fcl<\/td>\n<td>51 cm<\/td>\n<\/tr>\n<tr>\n<td>L\u00e1b hossz<\/td>\n<td>88 cm<\/td>\n<\/tr>\n<tr>\n<td>L\u00e1bhossz<\/td>\n<td>22,5 cm<\/td>\n<\/tr>\n<tr>\n<td>Nett\u00f3 t\u00f6meg<\/td>\n<td>36 kg<\/td>\n<\/tr>\n<tr>\n<td>Or\u00e1lis m\u00e9lys\u00e9g<\/td>\n<td>12 cm<\/td>\n<\/tr>\n<tr>\n<td>H\u00fcvelym\u00e9lys\u00e9g<\/td>\n<td>18 cm<\/td>\n<\/tr>\n<tr>\n<td>An\u00e1lis m\u00e9lys\u00e9g<\/td>\n<td>16 cm<\/td>\n<\/tr>\n<\/tbody>\n<\/table>\n<h4>A szexbab\u00e1r\u00f3l<\/h4>\n<p>A szexbab\u00e1k feltal\u00e1l\u00e1sa \u00f3ta megn\u0151tt a kereslet, \u00e9s ezek a bab\u00e1k h\u00e1tborzongat\u00f3 dolgokb\u00f3l nagyon keresettek \u00e9s n\u00e9pszer\u0171ek lettek. Bemutattuk a pr\u00e9mium szexbab\u00e1kat. Ez egy \u00e9leth\u0171 szexbaba, de nem az \u00e1tlagos babat\u00edpus. A Savannah baba az egyik \u00e9leth\u0171 szexbaba, amelyr\u0151l nagy sz\u00f3 esik a szexbab\u00e1k f\u00f3rum\u00e1n. \u0150 nem a szok\u00e1sos feln\u0151tt szexbab\u00e1d; \u0151 egy toront\u00f3i aurababa, \u00e9s egy okos baba harm\u00f3ni\u00e1ban. D\u00f6nthet \u00fagy, hogy azt a nevet v\u00e1lasztja, amelyet m\u00e1r adtunk neki, vagy tal\u00e1lhat \u00e9letbaba neveket a bab\u00e1j\u00e1nak. A Savannah bab\u00e1hoz egyedi babah\u00e1z is tartozik, melyet \u00fczlet\u00fcnkben szerezhet be. Az igazi babah\u00e1za gy\u00f6ny\u00f6r\u0171, \u00e9s izgalmasabb\u00e1 \u00e9s sz\u00f3rakoztat\u00f3bb\u00e1 teszi az \u00e9lm\u00e9nyt. A Savannah szexbaba forr\u00f3 az \u00e1gyon; folyamatosan megy, \u00e9s meg sem \u00e1ll; biztos\u00edtja, hogy \u00e9leted egyik legjobb pillanat\u00e1t \u00e9ld \u00e1t. Megn\u00e9zhetsz n\u00e9h\u00e1ny szexbab\u00e1s filmet, hogy megtudd, milyen var\u00e1zslatos lenne az \u00e9leted, ha lenne egy kis bab\u00e1d. Az \u00e9leth\u0171 szexbaba megfizethet\u0151 \u00e9s nagyon tart\u00f3s, ha megfelel\u0151en gondozz\u00e1k.<\/p>","protected":false},"excerpt":{"rendered":"<p>Szexbaba k\u00e9pek M\u00e9rett\u00e1bl\u00e1zat Anyag TPE magass\u00e1g 163 cm mell 86 cm der\u00e9k 62 cm cs\u00edp\u0151 94 cm kar hossz 67 cm v\u00e1ll sz\u00e9less\u00e9g<\/p>","protected":false},"featured_media":99842,"comment_status":"open","ping_status":"closed","template":"","meta":[],"product_brand":[],"product_cat":[97,75,230,116,107,117,119],"product_tag":[],"class_list":{"0":"post-31564","1":"product","2":"type-product","3":"status-publish","4":"has-post-thumbnail","6":"product_cat-real-life-sex-dolls","7":"product_cat-160cm-170cm-sex-dolls","8":"product_cat-36kg-40kg","9":"product_cat-big-boobs-sex-doll","10":"product_cat-skinny-sex-dolls","11":"product_cat-small-breast-sex-doll","12":"product_cat-tpe-sex-doll","13":"pa_brand-irontech-doll","14":"tm-has-options","16":"first","17":"instock","18":"sale","19":"shipping-taxable","20":"purchasable","21":"product-type-simple"},"_links":{"self":[{"href":"https:\/\/zxdoll.com\/hu\/wp-json\/wp\/v2\/product\/31564","targetHints":{"allow":["GET"]}}],"collection":[{"href":"https:\/\/zxdoll.com\/hu\/wp-json\/wp\/v2\/product"}],"about":[{"href":"https:\/\/zxdoll.com\/hu\/wp-json\/wp\/v2\/types\/product"}],"replies":[{"embeddable":true,"href":"https:\/\/zxdoll.com\/hu\/wp-json\/wp\/v2\/comments?post=31564"}],"version-history":[{"count":2,"href":"https:\/\/zxdoll.com\/hu\/wp-json\/wp\/v2\/product\/31564\/revisions"}],"predecessor-version":[{"id":101277,"href":"https:\/\/zxdoll.com\/hu\/wp-json\/wp\/v2\/product\/31564\/revisions\/101277"}],"wp:featuredmedia":[{"embeddable":true,"href":"https:\/\/zxdoll.com\/hu\/wp-json\/wp\/v2\/media\/99842"}],"wp:attachment":[{"href":"https:\/\/zxdoll.com\/hu\/wp-json\/wp\/v2\/media?parent=31564"}],"wp:term":[{"taxonomy":"product_brand","embeddable":true,"href":"https:\/\/zxdoll.com\/hu\/wp-json\/wp\/v2\/product_brand?post=31564"},{"taxonomy":"product_cat","embeddable":true,"href":"https:\/\/zxdoll.com\/hu\/wp-json\/wp\/v2\/product_cat?post=31564"},{"taxonomy":"product_tag","embeddable":true,"href":"https:\/\/zxdoll.com\/hu\/wp-json\/wp\/v2\/product_tag?post=31564"}],"curies":[{"name":"wp","href":"https:\/\/api.w.org\/{rel}","templated":true}]}}