{"id":29755,"date":"2023-04-02T04:14:00","date_gmt":"2023-04-01T20:14:00","guid":{"rendered":"https:\/\/zxdoll.com\/?post_type=product&#038;p=29755"},"modified":"2025-09-11T01:21:04","modified_gmt":"2025-09-10T17:21:04","slug":"realistic-lifelike-adult-toy-sex-doll","status":"publish","type":"product","link":"https:\/\/zxdoll.com\/hu\/product\/realistic-lifelike-adult-toy-sex-doll\/","title":{"rendered":"Val\u00f3s\u00e1gh\u0171, \u00e9leth\u0171 feln\u0151tt j\u00e1t\u00e9k szexbaba Agueda 158 cm"},"content":{"rendered":"<h4><strong>Szexbaba k\u00e9pek<\/strong><\/h4>\n\t                <ul class=\"easy-image-gallery thumbnails-13 linked\">\r\n                    <li><a data-fancybox=\"gallery346\" href=\"https:\/\/zxdoll.com\/wp-content\/uploads\/2023\/04\/kash-doll-tits-u8ts1-533x800.jpg\" class=\"eig-popup\" title=\"\" data-caption=\"\" target=\"_blank\"><i class=\"icon-view\"><\/i><span class=\"overlay\"><\/span><img decoding=\"async\" width=\"150\" height=\"150\" src=\"https:\/\/zxdoll.com\/wp-content\/uploads\/2023\/04\/kash-doll-tits-u8ts1-150x150.jpg\" class=\"attachment-thumbnail size-thumbnail\" alt=\"\" title=\"\"><\/a><\/li><li><a data-fancybox=\"gallery346\" href=\"https:\/\/zxdoll.com\/wp-content\/uploads\/2023\/04\/kash-doll-tits-u8ts2-533x800.jpg\" class=\"eig-popup\" title=\"\" data-caption=\"\" target=\"_blank\"><i class=\"icon-view\"><\/i><span class=\"overlay\"><\/span><img decoding=\"async\" width=\"150\" height=\"150\" src=\"https:\/\/zxdoll.com\/wp-content\/uploads\/2023\/04\/kash-doll-tits-u8ts2-150x150.jpg\" class=\"attachment-thumbnail size-thumbnail\" alt=\"\" title=\"\"><\/a><\/li><li><a data-fancybox=\"gallery346\" href=\"https:\/\/zxdoll.com\/wp-content\/uploads\/2023\/04\/kash-doll-tits-u8ts3-533x800.jpg\" class=\"eig-popup\" title=\"\" data-caption=\"\" target=\"_blank\"><i class=\"icon-view\"><\/i><span class=\"overlay\"><\/span><img decoding=\"async\" width=\"150\" height=\"150\" src=\"https:\/\/zxdoll.com\/wp-content\/uploads\/2023\/04\/kash-doll-tits-u8ts3-150x150.jpg\" class=\"attachment-thumbnail size-thumbnail\" alt=\"\" title=\"\"><\/a><\/li><li><a data-fancybox=\"gallery346\" href=\"https:\/\/zxdoll.com\/wp-content\/uploads\/2023\/04\/kash-doll-tits-u8ts5-533x800.jpg\" class=\"eig-popup\" title=\"\" data-caption=\"\" target=\"_blank\"><i class=\"icon-view\"><\/i><span class=\"overlay\"><\/span><img loading=\"lazy\" decoding=\"async\" width=\"150\" height=\"150\" src=\"https:\/\/zxdoll.com\/wp-content\/uploads\/2023\/04\/kash-doll-tits-u8ts5-150x150.jpg\" class=\"attachment-thumbnail size-thumbnail\" alt=\"\" title=\"\"><\/a><\/li><li><a data-fancybox=\"gallery346\" href=\"https:\/\/zxdoll.com\/wp-content\/uploads\/2023\/04\/kash-doll-tits-u8ts7-533x800.jpg\" class=\"eig-popup\" title=\"\" data-caption=\"\" target=\"_blank\"><i class=\"icon-view\"><\/i><span class=\"overlay\"><\/span><img loading=\"lazy\" decoding=\"async\" width=\"150\" height=\"150\" src=\"https:\/\/zxdoll.com\/wp-content\/uploads\/2023\/04\/kash-doll-tits-u8ts7-150x150.jpg\" class=\"attachment-thumbnail size-thumbnail\" alt=\"\" title=\"\"><\/a><\/li><li><a data-fancybox=\"gallery346\" href=\"https:\/\/zxdoll.com\/wp-content\/uploads\/2023\/04\/kash-doll-tits-u8ts8-533x800.jpg\" class=\"eig-popup\" title=\"\" data-caption=\"\" target=\"_blank\"><i class=\"icon-view\"><\/i><span class=\"overlay\"><\/span><img loading=\"lazy\" decoding=\"async\" width=\"150\" height=\"150\" src=\"https:\/\/zxdoll.com\/wp-content\/uploads\/2023\/04\/kash-doll-tits-u8ts8-150x150.jpg\" class=\"attachment-thumbnail size-thumbnail\" alt=\"\" title=\"\"><\/a><\/li><li><a data-fancybox=\"gallery346\" href=\"https:\/\/zxdoll.com\/wp-content\/uploads\/2023\/04\/kash-doll-tits-u8ts9-533x800.jpg\" class=\"eig-popup\" title=\"\" data-caption=\"\" target=\"_blank\"><i class=\"icon-view\"><\/i><span class=\"overlay\"><\/span><img loading=\"lazy\" decoding=\"async\" width=\"150\" height=\"150\" src=\"https:\/\/zxdoll.com\/wp-content\/uploads\/2023\/04\/kash-doll-tits-u8ts9-150x150.jpg\" class=\"attachment-thumbnail size-thumbnail\" alt=\"\" title=\"\"><\/a><\/li><li><a data-fancybox=\"gallery346\" href=\"https:\/\/zxdoll.com\/wp-content\/uploads\/2023\/04\/kash-doll-tits-u8ts10-533x800.jpg\" class=\"eig-popup\" title=\"\" data-caption=\"\" target=\"_blank\"><i class=\"icon-view\"><\/i><span class=\"overlay\"><\/span><img loading=\"lazy\" decoding=\"async\" width=\"150\" height=\"150\" src=\"https:\/\/zxdoll.com\/wp-content\/uploads\/2023\/04\/kash-doll-tits-u8ts10-150x150.jpg\" class=\"attachment-thumbnail size-thumbnail\" alt=\"\" title=\"\"><\/a><\/li><li><a data-fancybox=\"gallery346\" href=\"https:\/\/zxdoll.com\/wp-content\/uploads\/2023\/04\/kash-doll-tits-u8ts13-533x800.jpg\" class=\"eig-popup\" title=\"\" data-caption=\"\" target=\"_blank\"><i class=\"icon-view\"><\/i><span class=\"overlay\"><\/span><img loading=\"lazy\" decoding=\"async\" width=\"150\" height=\"150\" src=\"https:\/\/zxdoll.com\/wp-content\/uploads\/2023\/04\/kash-doll-tits-u8ts13-150x150.jpg\" class=\"attachment-thumbnail size-thumbnail\" alt=\"\" title=\"\"><\/a><\/li><li><a data-fancybox=\"gallery346\" href=\"https:\/\/zxdoll.com\/wp-content\/uploads\/2023\/04\/kash-doll-tits-u8ts14-533x800.jpg\" class=\"eig-popup\" title=\"\" data-caption=\"\" target=\"_blank\"><i class=\"icon-view\"><\/i><span class=\"overlay\"><\/span><img loading=\"lazy\" decoding=\"async\" width=\"150\" height=\"150\" src=\"https:\/\/zxdoll.com\/wp-content\/uploads\/2023\/04\/kash-doll-tits-u8ts14-150x150.jpg\" class=\"attachment-thumbnail size-thumbnail\" alt=\"\" title=\"\"><\/a><\/li><li><a data-fancybox=\"gallery346\" href=\"https:\/\/zxdoll.com\/wp-content\/uploads\/2023\/04\/kash-doll-tits-u8ts15-533x800.jpg\" class=\"eig-popup\" title=\"\" data-caption=\"\" target=\"_blank\"><i class=\"icon-view\"><\/i><span class=\"overlay\"><\/span><img loading=\"lazy\" decoding=\"async\" width=\"150\" height=\"150\" src=\"https:\/\/zxdoll.com\/wp-content\/uploads\/2023\/04\/kash-doll-tits-u8ts15-150x150.jpg\" class=\"attachment-thumbnail size-thumbnail\" alt=\"\" title=\"\"><\/a><\/li><li><a data-fancybox=\"gallery346\" href=\"https:\/\/zxdoll.com\/wp-content\/uploads\/2023\/04\/kash-doll-tits-u8ts17-533x800.jpg\" class=\"eig-popup\" title=\"\" data-caption=\"\" target=\"_blank\"><i class=\"icon-view\"><\/i><span class=\"overlay\"><\/span><img loading=\"lazy\" decoding=\"async\" width=\"150\" height=\"150\" src=\"https:\/\/zxdoll.com\/wp-content\/uploads\/2023\/04\/kash-doll-tits-u8ts17-150x150.jpg\" class=\"attachment-thumbnail size-thumbnail\" alt=\"\" title=\"\"><\/a><\/li><li><a data-fancybox=\"gallery346\" href=\"https:\/\/zxdoll.com\/wp-content\/uploads\/2023\/04\/kash-doll-tits-u8ts18-533x800.jpg\" class=\"eig-popup\" title=\"\" data-caption=\"\" target=\"_blank\"><i class=\"icon-view\"><\/i><span class=\"overlay\"><\/span><img loading=\"lazy\" decoding=\"async\" width=\"150\" height=\"150\" src=\"https:\/\/zxdoll.com\/wp-content\/uploads\/2023\/04\/kash-doll-tits-u8ts18-150x150.jpg\" class=\"attachment-thumbnail size-thumbnail\" alt=\"\" title=\"\"><\/a><\/li><\/ul>\n<h4>M\u00e9rett\u00e1bl\u00e1zatok<\/h4>\n<table width=\"269\">\n<tbody>\n<tr>\n<td width=\"130\">Anyag<\/td>\n<td width=\"139\">TPE<\/td>\n<\/tr>\n<tr>\n<td>Magass\u00e1g<\/td>\n<td>158 cm<\/td>\n<\/tr>\n<tr>\n<td>Mell<\/td>\n<td>95 cm<\/td>\n<\/tr>\n<tr>\n<td>Der\u00e9k<\/td>\n<td>58 cm<\/td>\n<\/tr>\n<tr>\n<td>Cs\u00edp\u0151<\/td>\n<td>105 cm<\/td>\n<\/tr>\n<tr>\n<td>Kar hossz\u00fas\u00e1g<\/td>\n<td>62,5 cm<\/td>\n<\/tr>\n<tr>\n<td>V\u00e1llsz\u00e9less\u00e9g<\/td>\n<td>37,5 cm<\/td>\n<\/tr>\n<tr>\n<td>Borj\u00facirkum<\/td>\n<td>38,5 cm<\/td>\n<\/tr>\n<tr>\n<td>Comb k\u00f6r\u00fcl<\/td>\n<td>60 cm<\/td>\n<\/tr>\n<tr>\n<td>L\u00e1b hossz<\/td>\n<td>71 cm<\/td>\n<\/tr>\n<tr>\n<td>L\u00e1bhossz<\/td>\n<td>21,5 cm<\/td>\n<\/tr>\n<tr>\n<td>Nett\u00f3 t\u00f6meg<\/td>\n<td>45 kg<\/td>\n<\/tr>\n<tr>\n<td>Or\u00e1lis m\u00e9lys\u00e9g<\/td>\n<td>12 cm<\/td>\n<\/tr>\n<tr>\n<td>H\u00fcvelym\u00e9lys\u00e9g<\/td>\n<td>18 cm<\/td>\n<\/tr>\n<tr>\n<td>An\u00e1lis m\u00e9lys\u00e9g<\/td>\n<td>16 cm<\/td>\n<\/tr>\n<\/tbody>\n<\/table>\n<h4>A szexbab\u00e1r\u00f3l<\/h4>\n<p>Feln\u0151tt szexbab\u00e1t keres nagyon sz\u00e9p arccal \u00e9s szexi testtel, amely minden olyan funkci\u00f3val rendelkezik, amely garant\u00e1lja az \u00d6n teljes el\u00e9gedetts\u00e9g\u00e9t? Ezt az \u00e9letnagys\u00e1g\u00fa \u00e9benfa szexbab\u00e1t \u00fagy tervezt\u00e9k, hogy t\u00fckr\u00f6zze a legmagasabb min\u0151s\u00e9gi k\u00f6vetelm\u00e9nyeket \u00e9s az \u00e9letszer\u0171 r\u00e9szleteket, hasonl\u00f3an a piacon kaphat\u00f3 legjobb val\u00f3s\u00e1gh\u0171 \u00e9leth\u0171 bab\u00e1khoz.<\/p>\n<p>Tov\u00e1bb\u00e1, ha val\u00f3di hasonm\u00e1s bab\u00e1kat szeretne v\u00e1s\u00e1rolni, akkor olyan \u00e9l\u0151 m\u00e9ret\u0171 man\u00f6ken bab\u00e1kat tal\u00e1lt, amelyek a legjobb toront\u00f3i szexbab\u00e1k legjobb tulajdons\u00e1gaival rendelkeznek a piacon. Ez\u00e9rt, ha kiv\u00e1l\u00f3 min\u0151s\u00e9g\u0171 szexbab\u00e1t szeretne v\u00e1s\u00e1rolni nagyon vonz\u00f3 \u00e1ron, olyan \u00e9rz\u00e9se van, mintha ingyen kapna egy szexbab\u00e1t.<\/p>\n<p>S\u0151t, ha szereted n\u00e9zni, ahogy igazi bab\u00e1kat szarnak, akkor azt is \u00e9lvezn\u00e9d, milyen, ha van egy saj\u00e1t bab\u00e1d. Enn\u00e9lfogva ezzel az \u00e9letnagys\u00e1g\u00fa m\u0171anyag bab\u00e1val ugyanolyan min\u0151s\u00e9g\u0171 min\u0151s\u00e9get \u00e9lvezhet, mint a legjobb val\u00f3s\u00e1gh\u0171, \u00e9leth\u0171 bab\u00e1k. Ez\u00e9rt, mint a legjobb min\u0151s\u00e9g\u0171, egyforma megjelen\u00e9s\u0171 bab\u00e1k a piacon, ez az \u00e9letnagys\u00e1g\u00fa val\u00f3di szexbaba is magas szint\u0171 val\u00f3s\u00e1gh\u0171 r\u00e9szleteket mutat, amelyeket nem tal\u00e1lna meg olyan k\u00f6nnyen a piacon szok\u00e1sos, \u00e9l\u0151 bab\u00e1k k\u00f6z\u00f6tt.<\/p>","protected":false},"excerpt":{"rendered":"<p>Szexbaba k\u00e9pek M\u00e9rett\u00e1bl\u00e1zat Anyag TPE magass\u00e1g 158 cm mell 95 cm der\u00e9k 58 cm cs\u00edp\u0151 105 cm kar hossz 62,5 cm v\u00e1ll sz\u00e9less\u00e9g<\/p>","protected":false},"featured_media":29756,"comment_status":"open","ping_status":"closed","template":"","meta":[],"product_brand":[],"product_cat":[97,112,231,77,116,115,118,119],"product_tag":[],"class_list":{"0":"post-29755","1":"product","2":"type-product","3":"status-publish","4":"has-post-thumbnail","6":"product_cat-real-life-sex-dolls","7":"product_cat-150cm-159cm-sex-dolls","8":"product_cat-41kg-45kg","9":"product_cat-bbw-sex-doll","10":"product_cat-big-boobs-sex-doll","11":"product_cat-big-booty-sex-doll","12":"product_cat-ebony-sex-doll","13":"product_cat-tpe-sex-doll","14":"pa_brand-irontech-doll","15":"tm-has-options","17":"first","18":"instock","19":"sale","20":"shipping-taxable","21":"purchasable","22":"product-type-simple"},"_links":{"self":[{"href":"https:\/\/zxdoll.com\/hu\/wp-json\/wp\/v2\/product\/29755","targetHints":{"allow":["GET"]}}],"collection":[{"href":"https:\/\/zxdoll.com\/hu\/wp-json\/wp\/v2\/product"}],"about":[{"href":"https:\/\/zxdoll.com\/hu\/wp-json\/wp\/v2\/types\/product"}],"replies":[{"embeddable":true,"href":"https:\/\/zxdoll.com\/hu\/wp-json\/wp\/v2\/comments?post=29755"}],"version-history":[{"count":4,"href":"https:\/\/zxdoll.com\/hu\/wp-json\/wp\/v2\/product\/29755\/revisions"}],"predecessor-version":[{"id":186821,"href":"https:\/\/zxdoll.com\/hu\/wp-json\/wp\/v2\/product\/29755\/revisions\/186821"}],"wp:featuredmedia":[{"embeddable":true,"href":"https:\/\/zxdoll.com\/hu\/wp-json\/wp\/v2\/media\/29756"}],"wp:attachment":[{"href":"https:\/\/zxdoll.com\/hu\/wp-json\/wp\/v2\/media?parent=29755"}],"wp:term":[{"taxonomy":"product_brand","embeddable":true,"href":"https:\/\/zxdoll.com\/hu\/wp-json\/wp\/v2\/product_brand?post=29755"},{"taxonomy":"product_cat","embeddable":true,"href":"https:\/\/zxdoll.com\/hu\/wp-json\/wp\/v2\/product_cat?post=29755"},{"taxonomy":"product_tag","embeddable":true,"href":"https:\/\/zxdoll.com\/hu\/wp-json\/wp\/v2\/product_tag?post=29755"}],"curies":[{"name":"wp","href":"https:\/\/api.w.org\/{rel}","templated":true}]}}