{"id":23771,"date":"2023-03-27T02:10:28","date_gmt":"2023-03-26T18:10:28","guid":{"rendered":"https:\/\/zxdoll.com\/?post_type=product&#038;p=23771"},"modified":"2025-09-15T02:17:09","modified_gmt":"2025-09-14T18:17:09","slug":"cute-ultra-realistic-sexy-lifelike-doll","status":"publish","type":"product","link":"https:\/\/zxdoll.com\/hu\/product\/cute-ultra-realistic-sexy-lifelike-doll\/","title":{"rendered":"Aranyos ultrarealisztikus szexi \u00e9leth\u0171 Marhta baba 140 cm"},"content":{"rendered":"<h4><strong>Szexbaba k\u00e9pek<\/strong><\/h4>\n\t                <ul class=\"easy-image-gallery thumbnails-16 linked\">\r\n                    <li><a data-fancybox=\"gallery739\" href=\"https:\/\/zxdoll.com\/wp-content\/uploads\/2023\/03\/trottla-dolls-a6f1-533x800.jpg\" class=\"eig-popup\" title=\"\" data-caption=\"\" target=\"_blank\"><i class=\"icon-view\"><\/i><span class=\"overlay\"><\/span><img decoding=\"async\" width=\"150\" height=\"150\" src=\"https:\/\/zxdoll.com\/wp-content\/uploads\/2023\/03\/trottla-dolls-a6f1-150x150.jpg\" class=\"attachment-thumbnail size-thumbnail\" alt=\"\" title=\"\"><\/a><\/li><li><a data-fancybox=\"gallery739\" href=\"https:\/\/zxdoll.com\/wp-content\/uploads\/2023\/03\/trottla-dolls-a6f3-533x800.jpg\" class=\"eig-popup\" title=\"\" data-caption=\"\" target=\"_blank\"><i class=\"icon-view\"><\/i><span class=\"overlay\"><\/span><img decoding=\"async\" width=\"150\" height=\"150\" src=\"https:\/\/zxdoll.com\/wp-content\/uploads\/2023\/03\/trottla-dolls-a6f3-150x150.jpg\" class=\"attachment-thumbnail size-thumbnail\" alt=\"\" title=\"\"><\/a><\/li><li><a data-fancybox=\"gallery739\" href=\"https:\/\/zxdoll.com\/wp-content\/uploads\/2023\/03\/trottla-dolls-a6f4-533x800.jpg\" class=\"eig-popup\" title=\"\" data-caption=\"\" target=\"_blank\"><i class=\"icon-view\"><\/i><span class=\"overlay\"><\/span><img decoding=\"async\" width=\"150\" height=\"150\" src=\"https:\/\/zxdoll.com\/wp-content\/uploads\/2023\/03\/trottla-dolls-a6f4-150x150.jpg\" class=\"attachment-thumbnail size-thumbnail\" alt=\"\" title=\"\"><\/a><\/li><li><a data-fancybox=\"gallery739\" href=\"https:\/\/zxdoll.com\/wp-content\/uploads\/2023\/03\/trottla-dolls-a6f5-533x800.jpg\" class=\"eig-popup\" title=\"\" data-caption=\"\" target=\"_blank\"><i class=\"icon-view\"><\/i><span class=\"overlay\"><\/span><img loading=\"lazy\" decoding=\"async\" width=\"150\" height=\"150\" src=\"https:\/\/zxdoll.com\/wp-content\/uploads\/2023\/03\/trottla-dolls-a6f5-150x150.jpg\" class=\"attachment-thumbnail size-thumbnail\" alt=\"\" title=\"\"><\/a><\/li><li><a data-fancybox=\"gallery739\" href=\"https:\/\/zxdoll.com\/wp-content\/uploads\/2023\/03\/trottla-dolls-a6f7-533x800.jpg\" class=\"eig-popup\" title=\"\" data-caption=\"\" target=\"_blank\"><i class=\"icon-view\"><\/i><span class=\"overlay\"><\/span><img loading=\"lazy\" decoding=\"async\" width=\"150\" height=\"150\" src=\"https:\/\/zxdoll.com\/wp-content\/uploads\/2023\/03\/trottla-dolls-a6f7-150x150.jpg\" class=\"attachment-thumbnail size-thumbnail\" alt=\"\" title=\"\"><\/a><\/li><li><a data-fancybox=\"gallery739\" href=\"https:\/\/zxdoll.com\/wp-content\/uploads\/2023\/03\/trottla-dolls-a6f8-533x800.jpg\" class=\"eig-popup\" title=\"\" data-caption=\"\" target=\"_blank\"><i class=\"icon-view\"><\/i><span class=\"overlay\"><\/span><img loading=\"lazy\" decoding=\"async\" width=\"150\" height=\"150\" src=\"https:\/\/zxdoll.com\/wp-content\/uploads\/2023\/03\/trottla-dolls-a6f8-150x150.jpg\" class=\"attachment-thumbnail size-thumbnail\" alt=\"\" title=\"\"><\/a><\/li><li><a data-fancybox=\"gallery739\" href=\"https:\/\/zxdoll.com\/wp-content\/uploads\/2023\/03\/trottla-dolls-a6f9-533x800.jpg\" class=\"eig-popup\" title=\"\" data-caption=\"\" target=\"_blank\"><i class=\"icon-view\"><\/i><span class=\"overlay\"><\/span><img loading=\"lazy\" decoding=\"async\" width=\"150\" height=\"150\" src=\"https:\/\/zxdoll.com\/wp-content\/uploads\/2023\/03\/trottla-dolls-a6f9-150x150.jpg\" class=\"attachment-thumbnail size-thumbnail\" alt=\"\" title=\"\"><\/a><\/li><li><a data-fancybox=\"gallery739\" href=\"https:\/\/zxdoll.com\/wp-content\/uploads\/2023\/03\/trottla-dolls-a6f10-533x800.jpg\" class=\"eig-popup\" title=\"\" data-caption=\"\" target=\"_blank\"><i class=\"icon-view\"><\/i><span class=\"overlay\"><\/span><img loading=\"lazy\" decoding=\"async\" width=\"150\" height=\"150\" src=\"https:\/\/zxdoll.com\/wp-content\/uploads\/2023\/03\/trottla-dolls-a6f10-150x150.jpg\" class=\"attachment-thumbnail size-thumbnail\" alt=\"\" title=\"\"><\/a><\/li><li><a data-fancybox=\"gallery739\" href=\"https:\/\/zxdoll.com\/wp-content\/uploads\/2023\/03\/trottla-dolls-a6f11-533x800.jpg\" class=\"eig-popup\" title=\"\" data-caption=\"\" target=\"_blank\"><i class=\"icon-view\"><\/i><span class=\"overlay\"><\/span><img loading=\"lazy\" decoding=\"async\" width=\"150\" height=\"150\" src=\"https:\/\/zxdoll.com\/wp-content\/uploads\/2023\/03\/trottla-dolls-a6f11-150x150.jpg\" class=\"attachment-thumbnail size-thumbnail\" alt=\"\" title=\"\"><\/a><\/li><li><a data-fancybox=\"gallery739\" href=\"https:\/\/zxdoll.com\/wp-content\/uploads\/2023\/03\/trottla-dolls-a6f12-533x800.jpg\" class=\"eig-popup\" title=\"\" data-caption=\"\" target=\"_blank\"><i class=\"icon-view\"><\/i><span class=\"overlay\"><\/span><img loading=\"lazy\" decoding=\"async\" width=\"150\" height=\"150\" src=\"https:\/\/zxdoll.com\/wp-content\/uploads\/2023\/03\/trottla-dolls-a6f12-150x150.jpg\" class=\"attachment-thumbnail size-thumbnail\" alt=\"\" title=\"\"><\/a><\/li><li><a data-fancybox=\"gallery739\" href=\"https:\/\/zxdoll.com\/wp-content\/uploads\/2023\/03\/trottla-dolls-a6f13-533x800.jpg\" class=\"eig-popup\" title=\"\" data-caption=\"\" target=\"_blank\"><i class=\"icon-view\"><\/i><span class=\"overlay\"><\/span><img loading=\"lazy\" decoding=\"async\" width=\"150\" height=\"150\" src=\"https:\/\/zxdoll.com\/wp-content\/uploads\/2023\/03\/trottla-dolls-a6f13-150x150.jpg\" class=\"attachment-thumbnail size-thumbnail\" alt=\"\" title=\"\"><\/a><\/li><li><a data-fancybox=\"gallery739\" href=\"https:\/\/zxdoll.com\/wp-content\/uploads\/2023\/03\/trottla-dolls-a6f14-533x800.jpg\" class=\"eig-popup\" title=\"\" data-caption=\"\" target=\"_blank\"><i class=\"icon-view\"><\/i><span class=\"overlay\"><\/span><img loading=\"lazy\" decoding=\"async\" width=\"150\" height=\"150\" src=\"https:\/\/zxdoll.com\/wp-content\/uploads\/2023\/03\/trottla-dolls-a6f14-150x150.jpg\" class=\"attachment-thumbnail size-thumbnail\" alt=\"\" title=\"\"><\/a><\/li><li><a data-fancybox=\"gallery739\" href=\"https:\/\/zxdoll.com\/wp-content\/uploads\/2023\/03\/trottla-dolls-a6f16-533x800.jpg\" class=\"eig-popup\" title=\"\" data-caption=\"\" target=\"_blank\"><i class=\"icon-view\"><\/i><span class=\"overlay\"><\/span><img loading=\"lazy\" decoding=\"async\" width=\"150\" height=\"150\" src=\"https:\/\/zxdoll.com\/wp-content\/uploads\/2023\/03\/trottla-dolls-a6f16-150x150.jpg\" class=\"attachment-thumbnail size-thumbnail\" alt=\"\" title=\"\"><\/a><\/li><li><a data-fancybox=\"gallery739\" href=\"https:\/\/zxdoll.com\/wp-content\/uploads\/2023\/03\/trottla-dolls-a6f17-533x800.jpg\" class=\"eig-popup\" title=\"\" data-caption=\"\" target=\"_blank\"><i class=\"icon-view\"><\/i><span class=\"overlay\"><\/span><img loading=\"lazy\" decoding=\"async\" width=\"150\" height=\"150\" src=\"https:\/\/zxdoll.com\/wp-content\/uploads\/2023\/03\/trottla-dolls-a6f17-150x150.jpg\" class=\"attachment-thumbnail size-thumbnail\" alt=\"\" title=\"\"><\/a><\/li><li><a data-fancybox=\"gallery739\" href=\"https:\/\/zxdoll.com\/wp-content\/uploads\/2023\/03\/trottla-dolls-a6f18-533x800.jpg\" class=\"eig-popup\" title=\"\" data-caption=\"\" target=\"_blank\"><i class=\"icon-view\"><\/i><span class=\"overlay\"><\/span><img loading=\"lazy\" decoding=\"async\" width=\"150\" height=\"150\" src=\"https:\/\/zxdoll.com\/wp-content\/uploads\/2023\/03\/trottla-dolls-a6f18-150x150.jpg\" class=\"attachment-thumbnail size-thumbnail\" alt=\"\" title=\"\"><\/a><\/li><li><a data-fancybox=\"gallery739\" href=\"https:\/\/zxdoll.com\/wp-content\/uploads\/2023\/03\/trottla-dolls-a6f19-533x800.jpg\" class=\"eig-popup\" title=\"\" data-caption=\"\" target=\"_blank\"><i class=\"icon-view\"><\/i><span class=\"overlay\"><\/span><img loading=\"lazy\" decoding=\"async\" width=\"150\" height=\"150\" src=\"https:\/\/zxdoll.com\/wp-content\/uploads\/2023\/03\/trottla-dolls-a6f19-150x150.jpg\" class=\"attachment-thumbnail size-thumbnail\" alt=\"\" title=\"\"><\/a><\/li><\/ul>\n<h4>M\u00e9rett\u00e1bl\u00e1zatok<\/h4>\n<table width=\"203\">\n<tbody>\n<tr>\n<td width=\"124\">Anyag<\/td>\n<td width=\"79\">TPE<\/td>\n<\/tr>\n<tr>\n<td>Magass\u00e1g<\/td>\n<td>140 cm<\/td>\n<\/tr>\n<tr>\n<td>Mellb\u0151s\u00e9g<\/td>\n<td>79 cm<\/td>\n<\/tr>\n<tr>\n<td>Der\u00e9k<\/td>\n<td>52 cm<\/td>\n<\/tr>\n<tr>\n<td>Cs\u00edp\u0151<\/td>\n<td>76 cm<\/td>\n<\/tr>\n<tr>\n<td>V\u00e1ll<\/td>\n<td>31 cm<\/td>\n<\/tr>\n<tr>\n<td>Kar<\/td>\n<td>37 cm<\/td>\n<\/tr>\n<tr>\n<td>L\u00e1b<\/td>\n<td>74 cm<\/td>\n<\/tr>\n<tr>\n<td width=\"124\">L\u00e1b<\/td>\n<td>17 cm<\/td>\n<\/tr>\n<tr>\n<td width=\"124\">Nett\u00f3 t\u00f6meg<\/td>\n<td>25 kg<\/td>\n<\/tr>\n<tr>\n<td>Or\u00e1lis m\u00e9lys\u00e9g<\/td>\n<td>13 cm<\/td>\n<\/tr>\n<tr>\n<td>H\u00fcvelym\u00e9lys\u00e9g<\/td>\n<td>18 cm<\/td>\n<\/tr>\n<tr>\n<td>An\u00e1lis m\u00e9lys\u00e9g<\/td>\n<td>17 cm<\/td>\n<\/tr>\n<\/tbody>\n<\/table>\n<h4>A szexbab\u00e1r\u00f3l<\/h4>\n<p>Nem minden baba n\u00e9z ki val\u00f3s\u00e1gh\u0171en, de vannak ultrarealisztikus szexbab\u00e1k, \u00e9s ezek az igazi szexbab\u00e1k. Teljes testr\u00e9szekkel \u00e9s s\u00edkos\u00edtott szexu\u00e1lis ny\u00edl\u00e1sokkal rendelkeznek, amelyek lehet\u0151v\u00e9 teszik a k\u00f6nny\u0171 behatol\u00e1st. Cs\u00facskateg\u00f3ri\u00e1s szexbab\u00e1k, ami azt jelenti, hogy csak a legjobb anyagokb\u00f3l k\u00e9sz\u00fcltek.<\/p>\n<p>Ha mag\u00e1nyosnak \u00e9rzed magad, vagy ha csak \u00e9szbont\u00f3 szexet szeretn\u00e9l, akkor sz\u00fcks\u00e9ged van egy szexbaba meglepet\u00e9sre. Kaphatsz olyan VR-bababab\u00e1t is, amely t\u00e1volr\u00f3l nem k\u00e9pes kiel\u00e9g\u00edteni, de ha egy igazi szexbab\u00e1t akarsz, aminek puha b\u0151re van, haja van, amivel j\u00e1tszani lehet, puha mellkasa, amelyen fek\u00fcdhetsz, \u00e9s egy f\u00e9m csontv\u00e1z lehet\u0151v\u00e9 teszi a mozg\u00e1st, akkor az \u00e9letnagys\u00e1g\u00fa szexbab\u00e1k a legjobbak az \u00d6n sz\u00e1m\u00e1ra.<\/p>\n<p>Ezek az \u00e9leth\u0171 szexbab\u00e1k nemcsak nagyon tart\u00f3sak, de gy\u00f6ny\u00f6r\u0171 arcuk van, \u00e9s minden ig\u00e9nyt kiel\u00e9g\u00edtenek. Annak, aki hib\u00e1zott n\u0151kkel, vagy valaki, aki nem tal\u00e1l olyan n\u0151t, aki meg\u00e9rti \u0151t, csak egy ilyen szexi szexbab\u00e1ra van sz\u00fcks\u00e9ge, \u00e9s a nyomor\u00fas\u00e1g feled\u00e9sbe mer\u00fcl.<\/p>","protected":false},"excerpt":{"rendered":"<p>Szexbaba k\u00e9pek M\u00e9rett\u00e1bl\u00e1zat Anyag TPE magass\u00e1g 140 cm mell 79 cm der\u00e9k 52 cm cs\u00edp\u0151 76 cm v\u00e1ll 31 cm kar 37 cm l\u00e1b<\/p>","protected":false},"featured_media":23772,"comment_status":"open","ping_status":"closed","template":"","meta":[],"product_brand":[],"product_cat":[96,74,107,117,119,227],"product_tag":[],"class_list":{"0":"post-23771","1":"product","2":"type-product","3":"status-publish","4":"has-post-thumbnail","6":"product_cat-real-sex-dolls","7":"product_cat-140cm-149cm-sex-dolls","8":"product_cat-skinny-sex-dolls","9":"product_cat-small-breast-sex-doll","10":"product_cat-tpe-sex-doll","11":"product_cat-under-25kg","12":"pa_brand-sy-doll","13":"tm-has-options","15":"first","16":"instock","17":"sale","18":"shipping-taxable","19":"purchasable","20":"product-type-simple"},"_links":{"self":[{"href":"https:\/\/zxdoll.com\/hu\/wp-json\/wp\/v2\/product\/23771","targetHints":{"allow":["GET"]}}],"collection":[{"href":"https:\/\/zxdoll.com\/hu\/wp-json\/wp\/v2\/product"}],"about":[{"href":"https:\/\/zxdoll.com\/hu\/wp-json\/wp\/v2\/types\/product"}],"replies":[{"embeddable":true,"href":"https:\/\/zxdoll.com\/hu\/wp-json\/wp\/v2\/comments?post=23771"}],"version-history":[{"count":1,"href":"https:\/\/zxdoll.com\/hu\/wp-json\/wp\/v2\/product\/23771\/revisions"}],"predecessor-version":[{"id":101710,"href":"https:\/\/zxdoll.com\/hu\/wp-json\/wp\/v2\/product\/23771\/revisions\/101710"}],"wp:featuredmedia":[{"embeddable":true,"href":"https:\/\/zxdoll.com\/hu\/wp-json\/wp\/v2\/media\/23772"}],"wp:attachment":[{"href":"https:\/\/zxdoll.com\/hu\/wp-json\/wp\/v2\/media?parent=23771"}],"wp:term":[{"taxonomy":"product_brand","embeddable":true,"href":"https:\/\/zxdoll.com\/hu\/wp-json\/wp\/v2\/product_brand?post=23771"},{"taxonomy":"product_cat","embeddable":true,"href":"https:\/\/zxdoll.com\/hu\/wp-json\/wp\/v2\/product_cat?post=23771"},{"taxonomy":"product_tag","embeddable":true,"href":"https:\/\/zxdoll.com\/hu\/wp-json\/wp\/v2\/product_tag?post=23771"}],"curies":[{"name":"wp","href":"https:\/\/api.w.org\/{rel}","templated":true}]}}