{"id":23737,"date":"2023-03-27T02:05:07","date_gmt":"2023-03-26T18:05:07","guid":{"rendered":"https:\/\/zxdoll.com\/?post_type=product&#038;p=23737"},"modified":"2025-09-15T02:17:09","modified_gmt":"2025-09-14T18:17:09","slug":"real-life-sexy-tpe-fuck-dolls-on-sale","status":"publish","type":"product","link":"https:\/\/zxdoll.com\/hu\/product\/real-life-sexy-tpe-fuck-dolls-on-sale\/","title":{"rendered":"Real Life szexi TPE Fuck Dolls Elad\u00f3 Peria 140cm"},"content":{"rendered":"<h4><strong>Szexbaba k\u00e9pek<\/strong><\/h4>\n\t                <ul class=\"easy-image-gallery thumbnails-10 linked\">\r\n                    <li><a data-fancybox=\"gallery680\" href=\"https:\/\/zxdoll.com\/wp-content\/uploads\/2023\/03\/air-sex-doll-s6h1-533x800.jpg\" class=\"eig-popup\" title=\"\" data-caption=\"\" target=\"_blank\"><i class=\"icon-view\"><\/i><span class=\"overlay\"><\/span><img decoding=\"async\" width=\"150\" height=\"150\" src=\"https:\/\/zxdoll.com\/wp-content\/uploads\/2023\/03\/air-sex-doll-s6h1-150x150.jpg\" class=\"attachment-thumbnail size-thumbnail\" alt=\"\" title=\"\"><\/a><\/li><li><a data-fancybox=\"gallery680\" href=\"https:\/\/zxdoll.com\/wp-content\/uploads\/2023\/03\/air-sex-doll-s6h4-533x800.jpg\" class=\"eig-popup\" title=\"\" data-caption=\"\" target=\"_blank\"><i class=\"icon-view\"><\/i><span class=\"overlay\"><\/span><img decoding=\"async\" width=\"150\" height=\"150\" src=\"https:\/\/zxdoll.com\/wp-content\/uploads\/2023\/03\/air-sex-doll-s6h4-150x150.jpg\" class=\"attachment-thumbnail size-thumbnail\" alt=\"\" title=\"\"><\/a><\/li><li><a data-fancybox=\"gallery680\" href=\"https:\/\/zxdoll.com\/wp-content\/uploads\/2023\/03\/air-sex-doll-s6h5-533x800.jpg\" class=\"eig-popup\" title=\"\" data-caption=\"\" target=\"_blank\"><i class=\"icon-view\"><\/i><span class=\"overlay\"><\/span><img decoding=\"async\" width=\"150\" height=\"150\" src=\"https:\/\/zxdoll.com\/wp-content\/uploads\/2023\/03\/air-sex-doll-s6h5-150x150.jpg\" class=\"attachment-thumbnail size-thumbnail\" alt=\"\" title=\"\"><\/a><\/li><li><a data-fancybox=\"gallery680\" href=\"https:\/\/zxdoll.com\/wp-content\/uploads\/2023\/03\/air-sex-doll-s6h6.jpg\" class=\"eig-popup\" title=\"\" data-caption=\"\" target=\"_blank\"><i class=\"icon-view\"><\/i><span class=\"overlay\"><\/span><img loading=\"lazy\" decoding=\"async\" width=\"150\" height=\"150\" src=\"https:\/\/zxdoll.com\/wp-content\/uploads\/2023\/03\/air-sex-doll-s6h6-150x150.jpg\" class=\"attachment-thumbnail size-thumbnail\" alt=\"\" title=\"\"><\/a><\/li><li><a data-fancybox=\"gallery680\" href=\"https:\/\/zxdoll.com\/wp-content\/uploads\/2023\/03\/air-sex-doll-s6h8.jpg\" class=\"eig-popup\" title=\"\" data-caption=\"\" target=\"_blank\"><i class=\"icon-view\"><\/i><span class=\"overlay\"><\/span><img loading=\"lazy\" decoding=\"async\" width=\"150\" height=\"150\" src=\"https:\/\/zxdoll.com\/wp-content\/uploads\/2023\/03\/air-sex-doll-s6h8-150x150.jpg\" class=\"attachment-thumbnail size-thumbnail\" alt=\"\" title=\"\"><\/a><\/li><li><a data-fancybox=\"gallery680\" href=\"https:\/\/zxdoll.com\/wp-content\/uploads\/2023\/03\/air-sex-doll-s6h9.jpg\" class=\"eig-popup\" title=\"\" data-caption=\"\" target=\"_blank\"><i class=\"icon-view\"><\/i><span class=\"overlay\"><\/span><img loading=\"lazy\" decoding=\"async\" width=\"150\" height=\"150\" src=\"https:\/\/zxdoll.com\/wp-content\/uploads\/2023\/03\/air-sex-doll-s6h9-150x150.jpg\" class=\"attachment-thumbnail size-thumbnail\" alt=\"\" title=\"\"><\/a><\/li><li><a data-fancybox=\"gallery680\" href=\"https:\/\/zxdoll.com\/wp-content\/uploads\/2023\/03\/air-sex-doll-s6h10.jpg\" class=\"eig-popup\" title=\"\" data-caption=\"\" target=\"_blank\"><i class=\"icon-view\"><\/i><span class=\"overlay\"><\/span><img loading=\"lazy\" decoding=\"async\" width=\"150\" height=\"150\" src=\"https:\/\/zxdoll.com\/wp-content\/uploads\/2023\/03\/air-sex-doll-s6h10-150x150.jpg\" class=\"attachment-thumbnail size-thumbnail\" alt=\"\" title=\"\"><\/a><\/li><li><a data-fancybox=\"gallery680\" href=\"https:\/\/zxdoll.com\/wp-content\/uploads\/2023\/03\/air-sex-doll-s6h11-600x800.jpg\" class=\"eig-popup\" title=\"\" data-caption=\"\" target=\"_blank\"><i class=\"icon-view\"><\/i><span class=\"overlay\"><\/span><img loading=\"lazy\" decoding=\"async\" width=\"150\" height=\"150\" src=\"https:\/\/zxdoll.com\/wp-content\/uploads\/2023\/03\/air-sex-doll-s6h11-150x150.jpg\" class=\"attachment-thumbnail size-thumbnail\" alt=\"\" title=\"\"><\/a><\/li><li><a data-fancybox=\"gallery680\" href=\"https:\/\/zxdoll.com\/wp-content\/uploads\/2023\/03\/air-sex-doll-s6h12-533x800.jpg\" class=\"eig-popup\" title=\"\" data-caption=\"\" target=\"_blank\"><i class=\"icon-view\"><\/i><span class=\"overlay\"><\/span><img loading=\"lazy\" decoding=\"async\" width=\"150\" height=\"150\" src=\"https:\/\/zxdoll.com\/wp-content\/uploads\/2023\/03\/air-sex-doll-s6h12-150x150.jpg\" class=\"attachment-thumbnail size-thumbnail\" alt=\"\" title=\"\"><\/a><\/li><li><a data-fancybox=\"gallery680\" href=\"https:\/\/zxdoll.com\/wp-content\/uploads\/2023\/03\/air-sex-doll-s6h13-533x800.jpg\" class=\"eig-popup\" title=\"\" data-caption=\"\" target=\"_blank\"><i class=\"icon-view\"><\/i><span class=\"overlay\"><\/span><img loading=\"lazy\" decoding=\"async\" width=\"150\" height=\"150\" src=\"https:\/\/zxdoll.com\/wp-content\/uploads\/2023\/03\/air-sex-doll-s6h13-150x150.jpg\" class=\"attachment-thumbnail size-thumbnail\" alt=\"\" title=\"\"><\/a><\/li><\/ul>\n<h4>M\u00e9rett\u00e1bl\u00e1zatok<\/h4>\n<table width=\"203\">\n<tbody>\n<tr>\n<td width=\"124\">Anyag<\/td>\n<td width=\"79\">TPE<\/td>\n<\/tr>\n<tr>\n<td>Magass\u00e1g<\/td>\n<td>140 cm<\/td>\n<\/tr>\n<tr>\n<td>Mellb\u0151s\u00e9g<\/td>\n<td>79 cm<\/td>\n<\/tr>\n<tr>\n<td>Der\u00e9k<\/td>\n<td>52 cm<\/td>\n<\/tr>\n<tr>\n<td>Cs\u00edp\u0151<\/td>\n<td>76 cm<\/td>\n<\/tr>\n<tr>\n<td>V\u00e1ll<\/td>\n<td>31 cm<\/td>\n<\/tr>\n<tr>\n<td>Kar<\/td>\n<td>37 cm<\/td>\n<\/tr>\n<tr>\n<td>L\u00e1b<\/td>\n<td>74 cm<\/td>\n<\/tr>\n<tr>\n<td width=\"124\">L\u00e1b<\/td>\n<td>17 cm<\/td>\n<\/tr>\n<tr>\n<td width=\"124\">Nett\u00f3 t\u00f6meg<\/td>\n<td>25 kg<\/td>\n<\/tr>\n<tr>\n<td>Or\u00e1lis m\u00e9lys\u00e9g<\/td>\n<td>13 cm<\/td>\n<\/tr>\n<tr>\n<td>H\u00fcvelym\u00e9lys\u00e9g<\/td>\n<td>18 cm<\/td>\n<\/tr>\n<tr>\n<td>An\u00e1lis m\u00e9lys\u00e9g<\/td>\n<td>17 cm<\/td>\n<\/tr>\n<\/tbody>\n<\/table>\n<h4>A szexbab\u00e1r\u00f3l<\/h4>\n<p>A szexbab\u00e1k k\u00fcl\u00f6nb\u00f6z\u0151 t\u00edpusokban \u00e9s kateg\u00f3ri\u00e1kban kaphat\u00f3k, ami seg\u00edt az embereknek kiv\u00e1lasztani azokat, amelyek megfelelnek az elv\u00e1r\u00e1saiknak, \u00e9s beteljes\u00edtik fant\u00e1zi\u00e1ikat. \u00c9letnagys\u00e1g\u00fa szex bab\u00e1ink vannak akci\u00f3san; ezek a szexbab\u00e1k olyannak t\u0171nhetnek, mint amilyennel az emberek j\u00e1tszanak, de \u0151 val\u00f3ban egy pr\u00e9mium szexbaba, \u00e9s az ember elakadna, ha l\u00e1tja, hogy mennyi mindent tud csin\u00e1lni. A val\u00f3s \u00e9let\u0171 bab\u00e1kkal az \u00e9letedben biztos lehetsz a b\u00e9ke, a szexu\u00e1lis el\u00e9gedetts\u00e9g \u00e9s a h\u00e1l\u00f3szoba izgalom eg\u00e9sz \u00e9let\u00e9ben.<\/p>\n<p>Gy\u00f6ny\u00f6r\u0171 arc\u00e1n \u00e9s j\u00f3l s\u00edkos\u00edtott testr\u00e9szein k\u00edv\u00fcl a szexi bab\u00e1k biztos\u00edtj\u00e1k, hogy k\u00e9nyelmesen \u00e9s el\u00e9gedetten \u00e9rezd magad. A val\u00f3s \u00e9let\u0171 faszbab\u00e1kkal b\u00e1rmikor szexelhetsz, \u00e9s nem kell agg\u00f3dnod amiatt, hogy mit \u00e9rez vagy gondol, mert b\u00e1rmilyen m\u00e9rt\u00e9kben megteszi, hogy \u00e9lvezd minden perc\u00e9t vele. A TPE szexbab\u00e1k dr\u00e1g\u00e1nak t\u0171nhetnek, de nagyon megfizethet\u0151ek, k\u00fcl\u00f6n\u00f6sen akkor, ha m\u00e1r megtervezte \u00e9s felk\u00e9sz\u00fclt az \u00e9rkez\u00e9s\u00e9re. K\u00f6r\u00fclbel\u00fcl h\u00e1rom-\u00f6t napba telik, am\u00edg h\u00e1zhoz sz\u00e1ll\u00edtj\u00e1k, \u00e9s minden helyre sz\u00e1ll\u00edtjuk.<\/p>","protected":false},"excerpt":{"rendered":"<p>Szexbaba k\u00e9pek M\u00e9rett\u00e1bl\u00e1zat Anyag TPE magass\u00e1g 140 cm mell 79 cm der\u00e9k 52 cm cs\u00edp\u0151 76 cm v\u00e1ll 31 cm kar 37 cm l\u00e1b<\/p>","protected":false},"featured_media":23738,"comment_status":"open","ping_status":"closed","template":"","meta":[],"product_brand":[],"product_cat":[96,74,107,117,119,227],"product_tag":[],"class_list":{"0":"post-23737","1":"product","2":"type-product","3":"status-publish","4":"has-post-thumbnail","6":"product_cat-real-sex-dolls","7":"product_cat-140cm-149cm-sex-dolls","8":"product_cat-skinny-sex-dolls","9":"product_cat-small-breast-sex-doll","10":"product_cat-tpe-sex-doll","11":"product_cat-under-25kg","12":"pa_brand-sy-doll","13":"tm-has-options","15":"first","16":"instock","17":"sale","18":"shipping-taxable","19":"purchasable","20":"product-type-simple"},"_links":{"self":[{"href":"https:\/\/zxdoll.com\/hu\/wp-json\/wp\/v2\/product\/23737","targetHints":{"allow":["GET"]}}],"collection":[{"href":"https:\/\/zxdoll.com\/hu\/wp-json\/wp\/v2\/product"}],"about":[{"href":"https:\/\/zxdoll.com\/hu\/wp-json\/wp\/v2\/types\/product"}],"replies":[{"embeddable":true,"href":"https:\/\/zxdoll.com\/hu\/wp-json\/wp\/v2\/comments?post=23737"}],"version-history":[{"count":1,"href":"https:\/\/zxdoll.com\/hu\/wp-json\/wp\/v2\/product\/23737\/revisions"}],"predecessor-version":[{"id":101365,"href":"https:\/\/zxdoll.com\/hu\/wp-json\/wp\/v2\/product\/23737\/revisions\/101365"}],"wp:featuredmedia":[{"embeddable":true,"href":"https:\/\/zxdoll.com\/hu\/wp-json\/wp\/v2\/media\/23738"}],"wp:attachment":[{"href":"https:\/\/zxdoll.com\/hu\/wp-json\/wp\/v2\/media?parent=23737"}],"wp:term":[{"taxonomy":"product_brand","embeddable":true,"href":"https:\/\/zxdoll.com\/hu\/wp-json\/wp\/v2\/product_brand?post=23737"},{"taxonomy":"product_cat","embeddable":true,"href":"https:\/\/zxdoll.com\/hu\/wp-json\/wp\/v2\/product_cat?post=23737"},{"taxonomy":"product_tag","embeddable":true,"href":"https:\/\/zxdoll.com\/hu\/wp-json\/wp\/v2\/product_tag?post=23737"}],"curies":[{"name":"wp","href":"https:\/\/api.w.org\/{rel}","templated":true}]}}