{"id":23668,"date":"2023-03-27T01:51:51","date_gmt":"2023-03-26T17:51:51","guid":{"rendered":"https:\/\/zxdoll.com\/?post_type=product&#038;p=23668"},"modified":"2025-09-15T02:11:12","modified_gmt":"2025-09-14T18:11:12","slug":"cute-real-human-life-sized-sex-dolls","status":"publish","type":"product","link":"https:\/\/zxdoll.com\/hu\/product\/cute-real-human-life-sized-sex-dolls\/","title":{"rendered":"Aranyos igazi emberi m\u00e9ret\u0171 szexbab\u00e1k Paulene 140cm"},"content":{"rendered":"<h4><strong>Szexbaba k\u00e9pek<\/strong><\/h4>\n\t                <ul class=\"easy-image-gallery thumbnails-10 linked\">\r\n                    <li><a data-fancybox=\"gallery801\" href=\"https:\/\/zxdoll.com\/wp-content\/uploads\/2023\/03\/tpe-silicone-doll-s3v1-533x800.jpg\" class=\"eig-popup\" title=\"\" data-caption=\"\" target=\"_blank\"><i class=\"icon-view\"><\/i><span class=\"overlay\"><\/span><img decoding=\"async\" width=\"150\" height=\"150\" src=\"https:\/\/zxdoll.com\/wp-content\/uploads\/2023\/03\/tpe-silicone-doll-s3v1-150x150.jpg\" class=\"attachment-thumbnail size-thumbnail\" alt=\"\" title=\"\"><\/a><\/li><li><a data-fancybox=\"gallery801\" href=\"https:\/\/zxdoll.com\/wp-content\/uploads\/2023\/03\/tpe-silicone-doll-s3v3-533x800.jpg\" class=\"eig-popup\" title=\"\" data-caption=\"\" target=\"_blank\"><i class=\"icon-view\"><\/i><span class=\"overlay\"><\/span><img decoding=\"async\" width=\"150\" height=\"150\" src=\"https:\/\/zxdoll.com\/wp-content\/uploads\/2023\/03\/tpe-silicone-doll-s3v3-150x150.jpg\" class=\"attachment-thumbnail size-thumbnail\" alt=\"\" title=\"\"><\/a><\/li><li><a data-fancybox=\"gallery801\" href=\"https:\/\/zxdoll.com\/wp-content\/uploads\/2023\/03\/tpe-silicone-doll-s3v5-533x800.jpg\" class=\"eig-popup\" title=\"\" data-caption=\"\" target=\"_blank\"><i class=\"icon-view\"><\/i><span class=\"overlay\"><\/span><img decoding=\"async\" width=\"150\" height=\"150\" src=\"https:\/\/zxdoll.com\/wp-content\/uploads\/2023\/03\/tpe-silicone-doll-s3v5-150x150.jpg\" class=\"attachment-thumbnail size-thumbnail\" alt=\"\" title=\"\"><\/a><\/li><li><a data-fancybox=\"gallery801\" href=\"https:\/\/zxdoll.com\/wp-content\/uploads\/2023\/03\/tpe-silicone-doll-s3v6-533x800.jpg\" class=\"eig-popup\" title=\"\" data-caption=\"\" target=\"_blank\"><i class=\"icon-view\"><\/i><span class=\"overlay\"><\/span><img loading=\"lazy\" decoding=\"async\" width=\"150\" height=\"150\" src=\"https:\/\/zxdoll.com\/wp-content\/uploads\/2023\/03\/tpe-silicone-doll-s3v6-150x150.jpg\" class=\"attachment-thumbnail size-thumbnail\" alt=\"\" title=\"\"><\/a><\/li><li><a data-fancybox=\"gallery801\" href=\"https:\/\/zxdoll.com\/wp-content\/uploads\/2023\/03\/tpe-silicone-doll-s3v7-533x800.jpg\" class=\"eig-popup\" title=\"\" data-caption=\"\" target=\"_blank\"><i class=\"icon-view\"><\/i><span class=\"overlay\"><\/span><img loading=\"lazy\" decoding=\"async\" width=\"150\" height=\"150\" src=\"https:\/\/zxdoll.com\/wp-content\/uploads\/2023\/03\/tpe-silicone-doll-s3v7-150x150.jpg\" class=\"attachment-thumbnail size-thumbnail\" alt=\"\" title=\"\"><\/a><\/li><li><a data-fancybox=\"gallery801\" href=\"https:\/\/zxdoll.com\/wp-content\/uploads\/2023\/03\/tpe-silicone-doll-s3v9-533x800.jpg\" class=\"eig-popup\" title=\"\" data-caption=\"\" target=\"_blank\"><i class=\"icon-view\"><\/i><span class=\"overlay\"><\/span><img loading=\"lazy\" decoding=\"async\" width=\"150\" height=\"150\" src=\"https:\/\/zxdoll.com\/wp-content\/uploads\/2023\/03\/tpe-silicone-doll-s3v9-150x150.jpg\" class=\"attachment-thumbnail size-thumbnail\" alt=\"\" title=\"\"><\/a><\/li><li><a data-fancybox=\"gallery801\" href=\"https:\/\/zxdoll.com\/wp-content\/uploads\/2023\/03\/tpe-silicone-doll-s3v10-533x800.jpg\" class=\"eig-popup\" title=\"\" data-caption=\"\" target=\"_blank\"><i class=\"icon-view\"><\/i><span class=\"overlay\"><\/span><img loading=\"lazy\" decoding=\"async\" width=\"150\" height=\"150\" src=\"https:\/\/zxdoll.com\/wp-content\/uploads\/2023\/03\/tpe-silicone-doll-s3v10-150x150.jpg\" class=\"attachment-thumbnail size-thumbnail\" alt=\"\" title=\"\"><\/a><\/li><li><a data-fancybox=\"gallery801\" href=\"https:\/\/zxdoll.com\/wp-content\/uploads\/2023\/03\/tpe-silicone-doll-s3v11-533x800.jpg\" class=\"eig-popup\" title=\"\" data-caption=\"\" target=\"_blank\"><i class=\"icon-view\"><\/i><span class=\"overlay\"><\/span><img loading=\"lazy\" decoding=\"async\" width=\"150\" height=\"150\" src=\"https:\/\/zxdoll.com\/wp-content\/uploads\/2023\/03\/tpe-silicone-doll-s3v11-150x150.jpg\" class=\"attachment-thumbnail size-thumbnail\" alt=\"\" title=\"\"><\/a><\/li><li><a data-fancybox=\"gallery801\" href=\"https:\/\/zxdoll.com\/wp-content\/uploads\/2023\/03\/tpe-silicone-doll-s3v12-533x800.jpg\" class=\"eig-popup\" title=\"\" data-caption=\"\" target=\"_blank\"><i class=\"icon-view\"><\/i><span class=\"overlay\"><\/span><img loading=\"lazy\" decoding=\"async\" width=\"150\" height=\"150\" src=\"https:\/\/zxdoll.com\/wp-content\/uploads\/2023\/03\/tpe-silicone-doll-s3v12-150x150.jpg\" class=\"attachment-thumbnail size-thumbnail\" alt=\"\" title=\"\"><\/a><\/li><li><a data-fancybox=\"gallery801\" href=\"https:\/\/zxdoll.com\/wp-content\/uploads\/2023\/03\/tpe-silicone-doll-s3v13-533x800.jpg\" class=\"eig-popup\" title=\"\" data-caption=\"\" target=\"_blank\"><i class=\"icon-view\"><\/i><span class=\"overlay\"><\/span><img loading=\"lazy\" decoding=\"async\" width=\"150\" height=\"150\" src=\"https:\/\/zxdoll.com\/wp-content\/uploads\/2023\/03\/tpe-silicone-doll-s3v13-150x150.jpg\" class=\"attachment-thumbnail size-thumbnail\" alt=\"\" title=\"\"><\/a><\/li><\/ul>\n<h4>M\u00e9rett\u00e1bl\u00e1zatok<\/h4>\n<table width=\"203\">\n<tbody>\n<tr>\n<td width=\"124\">Anyag<\/td>\n<td width=\"79\">TPE<\/td>\n<\/tr>\n<tr>\n<td>Magass\u00e1g<\/td>\n<td>140 cm<\/td>\n<\/tr>\n<tr>\n<td>Mellb\u0151s\u00e9g<\/td>\n<td>71 cm<\/td>\n<\/tr>\n<tr>\n<td>Der\u00e9k<\/td>\n<td>51 cm<\/td>\n<\/tr>\n<tr>\n<td>Cs\u00edp\u0151<\/td>\n<td>79 cm<\/td>\n<\/tr>\n<tr>\n<td>V\u00e1ll<\/td>\n<td>32 cm<\/td>\n<\/tr>\n<tr>\n<td>Kar<\/td>\n<td>40 cm<\/td>\n<\/tr>\n<tr>\n<td>L\u00e1b<\/td>\n<td>70 cm<\/td>\n<\/tr>\n<tr>\n<td width=\"124\">L\u00e1b<\/td>\n<td>15 cm<\/td>\n<\/tr>\n<tr>\n<td width=\"124\">Nett\u00f3 t\u00f6meg<\/td>\n<td>24 kg<\/td>\n<\/tr>\n<tr>\n<td>Or\u00e1lis m\u00e9lys\u00e9g<\/td>\n<td>13 cm<\/td>\n<\/tr>\n<tr>\n<td>H\u00fcvelym\u00e9lys\u00e9g<\/td>\n<td>18 cm<\/td>\n<\/tr>\n<tr>\n<td>An\u00e1lis m\u00e9lys\u00e9g<\/td>\n<td>17 cm<\/td>\n<\/tr>\n<\/tbody>\n<\/table>\n<h4>A szexbab\u00e1r\u00f3l<\/h4>\n<p>Egyes \u00e9letnagys\u00e1g\u00fa szexbab\u00e1k olcs\u00f3 anyagokb\u00f3l k\u00e9sz\u00fclnek, \u00e9s ezek az anyagok megakad\u00e1lyozz\u00e1k, hogy szil\u00e1rd szerelmi bab\u00e1ja ki\u00e1llja az id\u0151 pr\u00f3b\u00e1j\u00e1t. A TPE bab\u00e1k az egyik legjobb anyag, amelyet bab\u00e1i elk\u00e9sz\u00edt\u00e9s\u00e9hez haszn\u00e1lhat; ezek az \u00e9letnagys\u00e1g\u00fa szexbab\u00e1k val\u00f3di emberekre hasonl\u00edtanak; aligha lehet megk\u00fcl\u00f6nb\u00f6ztetni \u0151ket egy igazi embert\u0151l. A szil\u00e1rd szerelmes bab\u00e1t aj\u00e1nd\u00e9kba vagy t\u00e1rsnak is beszerezheti; ezeket a mozg\u00f3 szexbab\u00e1kat tetsz\u00e9s szerint hordozhatja \u00e9s elhelyezheti.<\/p>\n<p>Egy dolog az \u00e9letnagys\u00e1g\u00fa szexbab\u00e1kkal kapcsolatban, hogy rabs\u00e1gbab\u00e1k; bdsm-hez haszn\u00e1lhat\u00f3k; \u00e9s f\u00e9rfi haszn\u00e1latra k\u00e9sz\u00fcltek. Megvizsg\u00e1ltuk, mire v\u00e1gynak val\u00f3j\u00e1ban a f\u00e9rfiak, \u00e9s \u00fagy d\u00f6nt\u00f6tt\u00fcnk, hogy megtervezz\u00fck ezeket az aranyos szexbab\u00e1kat, amelyek kiel\u00e9g\u00edtik a f\u00e9rfit, \u00e9s egyben elk\u00e9peszt\u0151en kellemes szexet is ny\u00fajtanak neki.<\/p>\n<p>Jap\u00e1n szexbab\u00e1kk\u00e9nt ezek az aranyos szexbab\u00e1k nagyon sz\u00e9pek \u00e9s eleg\u00e1nsak, puha b\u0151rrel \u00e9s h\u00fcvelyi lyukakkal rendelkeznek. Ezek a bab\u00e1k nem csak szexu\u00e1lisan fognak kiel\u00e9g\u00edteni, de kib\u00edrj\u00e1k az id\u0151 pr\u00f3b\u00e1j\u00e1t, megfizethet\u0151ek, \u00e9s ameddig csak akarod, haszn\u00e1lhatod \u0151ket. Ez egy j\u00f3 befektet\u00e9s<\/p>","protected":false},"excerpt":{"rendered":"<p>Szexbaba k\u00e9pek M\u00e9rett\u00e1bl\u00e1zat Anyag TPE magass\u00e1g 140 cm mell 71 cm der\u00e9k 51 cm cs\u00edp\u0151 79 cm v\u00e1ll 32 cm kar 40 cm l\u00e1b<\/p>","protected":false},"featured_media":23669,"comment_status":"open","ping_status":"closed","template":"","meta":[],"product_brand":[],"product_cat":[96,74,107,117,119,227],"product_tag":[],"class_list":{"0":"post-23668","1":"product","2":"type-product","3":"status-publish","4":"has-post-thumbnail","6":"product_cat-real-sex-dolls","7":"product_cat-140cm-149cm-sex-dolls","8":"product_cat-skinny-sex-dolls","9":"product_cat-small-breast-sex-doll","10":"product_cat-tpe-sex-doll","11":"product_cat-under-25kg","12":"pa_brand-sy-doll","13":"tm-has-options","15":"first","16":"instock","17":"sale","18":"shipping-taxable","19":"purchasable","20":"product-type-simple"},"_links":{"self":[{"href":"https:\/\/zxdoll.com\/hu\/wp-json\/wp\/v2\/product\/23668","targetHints":{"allow":["GET"]}}],"collection":[{"href":"https:\/\/zxdoll.com\/hu\/wp-json\/wp\/v2\/product"}],"about":[{"href":"https:\/\/zxdoll.com\/hu\/wp-json\/wp\/v2\/types\/product"}],"replies":[{"embeddable":true,"href":"https:\/\/zxdoll.com\/hu\/wp-json\/wp\/v2\/comments?post=23668"}],"version-history":[{"count":1,"href":"https:\/\/zxdoll.com\/hu\/wp-json\/wp\/v2\/product\/23668\/revisions"}],"predecessor-version":[{"id":101171,"href":"https:\/\/zxdoll.com\/hu\/wp-json\/wp\/v2\/product\/23668\/revisions\/101171"}],"wp:featuredmedia":[{"embeddable":true,"href":"https:\/\/zxdoll.com\/hu\/wp-json\/wp\/v2\/media\/23669"}],"wp:attachment":[{"href":"https:\/\/zxdoll.com\/hu\/wp-json\/wp\/v2\/media?parent=23668"}],"wp:term":[{"taxonomy":"product_brand","embeddable":true,"href":"https:\/\/zxdoll.com\/hu\/wp-json\/wp\/v2\/product_brand?post=23668"},{"taxonomy":"product_cat","embeddable":true,"href":"https:\/\/zxdoll.com\/hu\/wp-json\/wp\/v2\/product_cat?post=23668"},{"taxonomy":"product_tag","embeddable":true,"href":"https:\/\/zxdoll.com\/hu\/wp-json\/wp\/v2\/product_tag?post=23668"}],"curies":[{"name":"wp","href":"https:\/\/api.w.org\/{rel}","templated":true}]}}