{"id":23266,"date":"2023-03-12T05:52:58","date_gmt":"2023-03-11T21:52:58","guid":{"rendered":"https:\/\/zxdoll.com\/?post_type=product&#038;p=23266"},"modified":"2025-09-11T00:17:45","modified_gmt":"2025-09-10T16:17:45","slug":"life-size-sexy-real-life-doll-sex-toy","status":"publish","type":"product","link":"https:\/\/zxdoll.com\/hu\/product\/life-size-sexy-real-life-doll-sex-toy\/","title":{"rendered":"Life Size Sexy Real Life Doll Sex Toy Chiquita 166cm"},"content":{"rendered":"<h4><strong>Szexbaba k\u00e9pek<\/strong><\/h4>\n\t                <ul class=\"easy-image-gallery thumbnails-28 linked\">\r\n                    <li><a data-fancybox=\"gallery739\" href=\"https:\/\/zxdoll.com\/wp-content\/uploads\/2023\/03\/sexdoll-clothing-s2f2-533x800.jpg\" class=\"eig-popup\" title=\"\" data-caption=\"\" target=\"_blank\"><i class=\"icon-view\"><\/i><span class=\"overlay\"><\/span><img decoding=\"async\" width=\"150\" height=\"150\" src=\"https:\/\/zxdoll.com\/wp-content\/uploads\/2023\/03\/sexdoll-clothing-s2f2-150x150.jpg\" class=\"attachment-thumbnail size-thumbnail\" alt=\"\" title=\"\"><\/a><\/li><li><a data-fancybox=\"gallery739\" href=\"https:\/\/zxdoll.com\/wp-content\/uploads\/2023\/03\/sexdoll-clothing-s2f3-1-533x800.jpg\" class=\"eig-popup\" title=\"\" data-caption=\"\" target=\"_blank\"><i class=\"icon-view\"><\/i><span class=\"overlay\"><\/span><img decoding=\"async\" width=\"150\" height=\"150\" src=\"https:\/\/zxdoll.com\/wp-content\/uploads\/2023\/03\/sexdoll-clothing-s2f3-1-150x150.jpg\" class=\"attachment-thumbnail size-thumbnail\" alt=\"\" title=\"\"><\/a><\/li><li><a data-fancybox=\"gallery739\" href=\"https:\/\/zxdoll.com\/wp-content\/uploads\/2023\/03\/sexdoll-clothing-s2f4-533x800.jpg\" class=\"eig-popup\" title=\"\" data-caption=\"\" target=\"_blank\"><i class=\"icon-view\"><\/i><span class=\"overlay\"><\/span><img decoding=\"async\" width=\"150\" height=\"150\" src=\"https:\/\/zxdoll.com\/wp-content\/uploads\/2023\/03\/sexdoll-clothing-s2f4-150x150.jpg\" class=\"attachment-thumbnail size-thumbnail\" alt=\"\" title=\"\"><\/a><\/li><li><a data-fancybox=\"gallery739\" href=\"https:\/\/zxdoll.com\/wp-content\/uploads\/2023\/03\/sexdoll-clothing-s2f6-533x800.jpg\" class=\"eig-popup\" title=\"\" data-caption=\"\" target=\"_blank\"><i class=\"icon-view\"><\/i><span class=\"overlay\"><\/span><img loading=\"lazy\" decoding=\"async\" width=\"150\" height=\"150\" src=\"https:\/\/zxdoll.com\/wp-content\/uploads\/2023\/03\/sexdoll-clothing-s2f6-150x150.jpg\" class=\"attachment-thumbnail size-thumbnail\" alt=\"\" title=\"\"><\/a><\/li><li><a data-fancybox=\"gallery739\" href=\"https:\/\/zxdoll.com\/wp-content\/uploads\/2023\/03\/sexdoll-clothing-s2f7-533x800.jpg\" class=\"eig-popup\" title=\"\" data-caption=\"\" target=\"_blank\"><i class=\"icon-view\"><\/i><span class=\"overlay\"><\/span><img loading=\"lazy\" decoding=\"async\" width=\"150\" height=\"150\" src=\"https:\/\/zxdoll.com\/wp-content\/uploads\/2023\/03\/sexdoll-clothing-s2f7-150x150.jpg\" class=\"attachment-thumbnail size-thumbnail\" alt=\"\" title=\"\"><\/a><\/li><li><a data-fancybox=\"gallery739\" href=\"https:\/\/zxdoll.com\/wp-content\/uploads\/2023\/03\/sexdoll-clothing-s2f9-533x800.jpg\" class=\"eig-popup\" title=\"\" data-caption=\"\" target=\"_blank\"><i class=\"icon-view\"><\/i><span class=\"overlay\"><\/span><img loading=\"lazy\" decoding=\"async\" width=\"150\" height=\"150\" src=\"https:\/\/zxdoll.com\/wp-content\/uploads\/2023\/03\/sexdoll-clothing-s2f9-150x150.jpg\" class=\"attachment-thumbnail size-thumbnail\" alt=\"\" title=\"\"><\/a><\/li><li><a data-fancybox=\"gallery739\" href=\"https:\/\/zxdoll.com\/wp-content\/uploads\/2023\/03\/sexdoll-clothing-s2f10-533x800.jpg\" class=\"eig-popup\" title=\"\" data-caption=\"\" target=\"_blank\"><i class=\"icon-view\"><\/i><span class=\"overlay\"><\/span><img loading=\"lazy\" decoding=\"async\" width=\"150\" height=\"150\" src=\"https:\/\/zxdoll.com\/wp-content\/uploads\/2023\/03\/sexdoll-clothing-s2f10-150x150.jpg\" class=\"attachment-thumbnail size-thumbnail\" alt=\"\" title=\"\"><\/a><\/li><li><a data-fancybox=\"gallery739\" href=\"https:\/\/zxdoll.com\/wp-content\/uploads\/2023\/03\/sexdoll-clothing-s2f12-533x800.jpg\" class=\"eig-popup\" title=\"\" data-caption=\"\" target=\"_blank\"><i class=\"icon-view\"><\/i><span class=\"overlay\"><\/span><img loading=\"lazy\" decoding=\"async\" width=\"150\" height=\"150\" src=\"https:\/\/zxdoll.com\/wp-content\/uploads\/2023\/03\/sexdoll-clothing-s2f12-150x150.jpg\" class=\"attachment-thumbnail size-thumbnail\" alt=\"\" title=\"\"><\/a><\/li><li><a data-fancybox=\"gallery739\" href=\"https:\/\/zxdoll.com\/wp-content\/uploads\/2023\/03\/sexdoll-clothing-s2f13-533x800.jpg\" class=\"eig-popup\" title=\"\" data-caption=\"\" target=\"_blank\"><i class=\"icon-view\"><\/i><span class=\"overlay\"><\/span><img loading=\"lazy\" decoding=\"async\" width=\"150\" height=\"150\" src=\"https:\/\/zxdoll.com\/wp-content\/uploads\/2023\/03\/sexdoll-clothing-s2f13-150x150.jpg\" class=\"attachment-thumbnail size-thumbnail\" alt=\"\" title=\"\"><\/a><\/li><li><a data-fancybox=\"gallery739\" href=\"https:\/\/zxdoll.com\/wp-content\/uploads\/2023\/03\/sexdoll-clothing-s2f14-533x800.jpg\" class=\"eig-popup\" title=\"\" data-caption=\"\" target=\"_blank\"><i class=\"icon-view\"><\/i><span class=\"overlay\"><\/span><img loading=\"lazy\" decoding=\"async\" width=\"150\" height=\"150\" src=\"https:\/\/zxdoll.com\/wp-content\/uploads\/2023\/03\/sexdoll-clothing-s2f14-150x150.jpg\" class=\"attachment-thumbnail size-thumbnail\" alt=\"\" title=\"\"><\/a><\/li><li><a data-fancybox=\"gallery739\" href=\"https:\/\/zxdoll.com\/wp-content\/uploads\/2023\/03\/sexdoll-clothing-s2f15-533x800.jpg\" class=\"eig-popup\" title=\"\" data-caption=\"\" target=\"_blank\"><i class=\"icon-view\"><\/i><span class=\"overlay\"><\/span><img loading=\"lazy\" decoding=\"async\" width=\"150\" height=\"150\" src=\"https:\/\/zxdoll.com\/wp-content\/uploads\/2023\/03\/sexdoll-clothing-s2f15-150x150.jpg\" class=\"attachment-thumbnail size-thumbnail\" alt=\"\" title=\"\"><\/a><\/li><li><a data-fancybox=\"gallery739\" href=\"https:\/\/zxdoll.com\/wp-content\/uploads\/2023\/03\/sexdoll-clothing-s2f16-533x800.jpg\" class=\"eig-popup\" title=\"\" data-caption=\"\" target=\"_blank\"><i class=\"icon-view\"><\/i><span class=\"overlay\"><\/span><img loading=\"lazy\" decoding=\"async\" width=\"150\" height=\"150\" src=\"https:\/\/zxdoll.com\/wp-content\/uploads\/2023\/03\/sexdoll-clothing-s2f16-150x150.jpg\" class=\"attachment-thumbnail size-thumbnail\" alt=\"\" title=\"\"><\/a><\/li><li><a data-fancybox=\"gallery739\" href=\"https:\/\/zxdoll.com\/wp-content\/uploads\/2023\/03\/sexdoll-clothing-s2f17-533x800.jpg\" class=\"eig-popup\" title=\"\" data-caption=\"\" target=\"_blank\"><i class=\"icon-view\"><\/i><span class=\"overlay\"><\/span><img loading=\"lazy\" decoding=\"async\" width=\"150\" height=\"150\" src=\"https:\/\/zxdoll.com\/wp-content\/uploads\/2023\/03\/sexdoll-clothing-s2f17-150x150.jpg\" class=\"attachment-thumbnail size-thumbnail\" alt=\"\" title=\"\"><\/a><\/li><li><a data-fancybox=\"gallery739\" href=\"https:\/\/zxdoll.com\/wp-content\/uploads\/2023\/03\/sexdoll-clothing-s2f18-533x800.jpg\" class=\"eig-popup\" title=\"\" data-caption=\"\" target=\"_blank\"><i class=\"icon-view\"><\/i><span class=\"overlay\"><\/span><img loading=\"lazy\" decoding=\"async\" width=\"150\" height=\"150\" src=\"https:\/\/zxdoll.com\/wp-content\/uploads\/2023\/03\/sexdoll-clothing-s2f18-150x150.jpg\" class=\"attachment-thumbnail size-thumbnail\" alt=\"\" title=\"\"><\/a><\/li><li><a data-fancybox=\"gallery739\" href=\"https:\/\/zxdoll.com\/wp-content\/uploads\/2023\/03\/sexdoll-clothing-s2f19-533x800.jpg\" class=\"eig-popup\" title=\"\" data-caption=\"\" target=\"_blank\"><i class=\"icon-view\"><\/i><span class=\"overlay\"><\/span><img loading=\"lazy\" decoding=\"async\" width=\"150\" height=\"150\" src=\"https:\/\/zxdoll.com\/wp-content\/uploads\/2023\/03\/sexdoll-clothing-s2f19-150x150.jpg\" class=\"attachment-thumbnail size-thumbnail\" alt=\"\" title=\"\"><\/a><\/li><li><a data-fancybox=\"gallery739\" href=\"https:\/\/zxdoll.com\/wp-content\/uploads\/2023\/03\/sexdoll-clothing-s2f20-533x800.jpg\" class=\"eig-popup\" title=\"\" data-caption=\"\" target=\"_blank\"><i class=\"icon-view\"><\/i><span class=\"overlay\"><\/span><img loading=\"lazy\" decoding=\"async\" width=\"150\" height=\"150\" src=\"https:\/\/zxdoll.com\/wp-content\/uploads\/2023\/03\/sexdoll-clothing-s2f20-150x150.jpg\" class=\"attachment-thumbnail size-thumbnail\" alt=\"\" title=\"\"><\/a><\/li><li><a data-fancybox=\"gallery739\" href=\"https:\/\/zxdoll.com\/wp-content\/uploads\/2023\/03\/sexdoll-clothing-s2f21-533x800.jpg\" class=\"eig-popup\" title=\"\" data-caption=\"\" target=\"_blank\"><i class=\"icon-view\"><\/i><span class=\"overlay\"><\/span><img loading=\"lazy\" decoding=\"async\" width=\"150\" height=\"150\" src=\"https:\/\/zxdoll.com\/wp-content\/uploads\/2023\/03\/sexdoll-clothing-s2f21-150x150.jpg\" class=\"attachment-thumbnail size-thumbnail\" alt=\"\" title=\"\"><\/a><\/li><li><a data-fancybox=\"gallery739\" href=\"https:\/\/zxdoll.com\/wp-content\/uploads\/2023\/03\/sexdoll-clothing-s2f22-533x800.jpg\" class=\"eig-popup\" title=\"\" data-caption=\"\" target=\"_blank\"><i class=\"icon-view\"><\/i><span class=\"overlay\"><\/span><img loading=\"lazy\" decoding=\"async\" width=\"150\" height=\"150\" src=\"https:\/\/zxdoll.com\/wp-content\/uploads\/2023\/03\/sexdoll-clothing-s2f22-150x150.jpg\" class=\"attachment-thumbnail size-thumbnail\" alt=\"\" title=\"\"><\/a><\/li><li><a data-fancybox=\"gallery739\" href=\"https:\/\/zxdoll.com\/wp-content\/uploads\/2023\/03\/sexdoll-clothing-s2f23-533x800.jpg\" class=\"eig-popup\" title=\"\" data-caption=\"\" target=\"_blank\"><i class=\"icon-view\"><\/i><span class=\"overlay\"><\/span><img loading=\"lazy\" decoding=\"async\" width=\"150\" height=\"150\" src=\"https:\/\/zxdoll.com\/wp-content\/uploads\/2023\/03\/sexdoll-clothing-s2f23-150x150.jpg\" class=\"attachment-thumbnail size-thumbnail\" alt=\"\" title=\"\"><\/a><\/li><li><a data-fancybox=\"gallery739\" href=\"https:\/\/zxdoll.com\/wp-content\/uploads\/2023\/03\/sexdoll-clothing-s2f24-533x800.jpg\" class=\"eig-popup\" title=\"\" data-caption=\"\" target=\"_blank\"><i class=\"icon-view\"><\/i><span class=\"overlay\"><\/span><img loading=\"lazy\" decoding=\"async\" width=\"150\" height=\"150\" src=\"https:\/\/zxdoll.com\/wp-content\/uploads\/2023\/03\/sexdoll-clothing-s2f24-150x150.jpg\" class=\"attachment-thumbnail size-thumbnail\" alt=\"\" title=\"\"><\/a><\/li><li><a data-fancybox=\"gallery739\" href=\"https:\/\/zxdoll.com\/wp-content\/uploads\/2023\/03\/sexdoll-clothing-s2f25-533x800.jpg\" class=\"eig-popup\" title=\"\" data-caption=\"\" target=\"_blank\"><i class=\"icon-view\"><\/i><span class=\"overlay\"><\/span><img loading=\"lazy\" decoding=\"async\" width=\"150\" height=\"150\" src=\"https:\/\/zxdoll.com\/wp-content\/uploads\/2023\/03\/sexdoll-clothing-s2f25-150x150.jpg\" class=\"attachment-thumbnail size-thumbnail\" alt=\"\" title=\"\"><\/a><\/li><li><a data-fancybox=\"gallery739\" href=\"https:\/\/zxdoll.com\/wp-content\/uploads\/2023\/03\/sexdoll-clothing-s2f26-533x800.jpg\" class=\"eig-popup\" title=\"\" data-caption=\"\" target=\"_blank\"><i class=\"icon-view\"><\/i><span class=\"overlay\"><\/span><img loading=\"lazy\" decoding=\"async\" width=\"150\" height=\"150\" src=\"https:\/\/zxdoll.com\/wp-content\/uploads\/2023\/03\/sexdoll-clothing-s2f26-150x150.jpg\" class=\"attachment-thumbnail size-thumbnail\" alt=\"\" title=\"\"><\/a><\/li><li><a data-fancybox=\"gallery739\" href=\"https:\/\/zxdoll.com\/wp-content\/uploads\/2023\/03\/sexdoll-clothing-s2f28-533x800.jpg\" class=\"eig-popup\" title=\"\" data-caption=\"\" target=\"_blank\"><i class=\"icon-view\"><\/i><span class=\"overlay\"><\/span><img loading=\"lazy\" decoding=\"async\" width=\"150\" height=\"150\" src=\"https:\/\/zxdoll.com\/wp-content\/uploads\/2023\/03\/sexdoll-clothing-s2f28-150x150.jpg\" class=\"attachment-thumbnail size-thumbnail\" alt=\"\" title=\"\"><\/a><\/li><li><a data-fancybox=\"gallery739\" href=\"https:\/\/zxdoll.com\/wp-content\/uploads\/2023\/03\/sexdoll-clothing-s2f29-533x800.jpg\" class=\"eig-popup\" title=\"\" data-caption=\"\" target=\"_blank\"><i class=\"icon-view\"><\/i><span class=\"overlay\"><\/span><img loading=\"lazy\" decoding=\"async\" width=\"150\" height=\"150\" src=\"https:\/\/zxdoll.com\/wp-content\/uploads\/2023\/03\/sexdoll-clothing-s2f29-150x150.jpg\" class=\"attachment-thumbnail size-thumbnail\" alt=\"\" title=\"\"><\/a><\/li><li><a data-fancybox=\"gallery739\" href=\"https:\/\/zxdoll.com\/wp-content\/uploads\/2023\/03\/sexdoll-clothing-s2f31-533x800.jpg\" class=\"eig-popup\" title=\"\" data-caption=\"\" target=\"_blank\"><i class=\"icon-view\"><\/i><span class=\"overlay\"><\/span><img loading=\"lazy\" decoding=\"async\" width=\"150\" height=\"150\" src=\"https:\/\/zxdoll.com\/wp-content\/uploads\/2023\/03\/sexdoll-clothing-s2f31-150x150.jpg\" class=\"attachment-thumbnail size-thumbnail\" alt=\"\" title=\"\"><\/a><\/li><li><a data-fancybox=\"gallery739\" href=\"https:\/\/zxdoll.com\/wp-content\/uploads\/2023\/03\/sexdoll-clothing-s2f32-533x800.jpg\" class=\"eig-popup\" title=\"\" data-caption=\"\" target=\"_blank\"><i class=\"icon-view\"><\/i><span class=\"overlay\"><\/span><img loading=\"lazy\" decoding=\"async\" width=\"150\" height=\"150\" src=\"https:\/\/zxdoll.com\/wp-content\/uploads\/2023\/03\/sexdoll-clothing-s2f32-150x150.jpg\" class=\"attachment-thumbnail size-thumbnail\" alt=\"\" title=\"\"><\/a><\/li><li><a data-fancybox=\"gallery739\" href=\"https:\/\/zxdoll.com\/wp-content\/uploads\/2023\/03\/sexdoll-clothing-s2f33-533x800.jpg\" class=\"eig-popup\" title=\"\" data-caption=\"\" target=\"_blank\"><i class=\"icon-view\"><\/i><span class=\"overlay\"><\/span><img loading=\"lazy\" decoding=\"async\" width=\"150\" height=\"150\" src=\"https:\/\/zxdoll.com\/wp-content\/uploads\/2023\/03\/sexdoll-clothing-s2f33-150x150.jpg\" class=\"attachment-thumbnail size-thumbnail\" alt=\"\" title=\"\"><\/a><\/li><li><a data-fancybox=\"gallery739\" href=\"https:\/\/zxdoll.com\/wp-content\/uploads\/2023\/03\/sexdoll-clothing-s2f34-533x800.jpg\" class=\"eig-popup\" title=\"\" data-caption=\"\" target=\"_blank\"><i class=\"icon-view\"><\/i><span class=\"overlay\"><\/span><img loading=\"lazy\" decoding=\"async\" width=\"150\" height=\"150\" src=\"https:\/\/zxdoll.com\/wp-content\/uploads\/2023\/03\/sexdoll-clothing-s2f34-150x150.jpg\" class=\"attachment-thumbnail size-thumbnail\" alt=\"\" title=\"\"><\/a><\/li><\/ul>\n<h4>M\u00e9rett\u00e1bl\u00e1zatok<\/h4>\n<table width=\"269\">\n<tbody>\n<tr>\n<td width=\"130\">Anyag<\/td>\n<td width=\"139\">TPE<\/td>\n<\/tr>\n<tr>\n<td>Magass\u00e1g<\/td>\n<td>166 cm<\/td>\n<\/tr>\n<tr>\n<td>Mell<\/td>\n<td>65 cm<\/td>\n<\/tr>\n<tr>\n<td>Der\u00e9k<\/td>\n<td>53 cm<\/td>\n<\/tr>\n<tr>\n<td>Cs\u00edp\u0151<\/td>\n<td>79 cm<\/td>\n<\/tr>\n<tr>\n<td>V\u00e1ll<\/td>\n<td>35 cm<\/td>\n<\/tr>\n<tr>\n<td>L\u00e1b hossz<\/td>\n<td>80 cm<\/td>\n<\/tr>\n<tr>\n<td>Kar hossz\u00fas\u00e1g<\/td>\n<td>56 cm<\/td>\n<\/tr>\n<tr>\n<td>L\u00e1bhossz<\/td>\n<td>19 cm<\/td>\n<\/tr>\n<tr>\n<td>Nett\u00f3 t\u00f6meg<\/td>\n<td>28 kg<\/td>\n<\/tr>\n<tr>\n<td>Or\u00e1lis m\u00e9lys\u00e9g<\/td>\n<td>12 cm<\/td>\n<\/tr>\n<tr>\n<td>H\u00fcvelym\u00e9lys\u00e9g<\/td>\n<td>22 cm<\/td>\n<\/tr>\n<tr>\n<td>An\u00e1lis m\u00e9lys\u00e9g<\/td>\n<td>18 cm<\/td>\n<\/tr>\n<\/tbody>\n<\/table>\n<h4>A szexbab\u00e1r\u00f3l<\/h4>\n<p>Energikus megjelen\u00e9s\u0171, karcs\u00fa, karcs\u00fa, j\u00e1t\u00e9kos \u00e9s friss ez a n\u0151i szexbaba egy teljes \u00e9s komplett csomag, amib\u0151l b\u00e1rmi lehet. \u0150 egy komplett playboy-j\u00e1tsz\u00f3l\u00e1ny, n\u00e9zd meg azokat a kis ny\u00falf\u00fcleket, \u00e9s tudod, hogy k\u00e9szen \u00e1llsz egy m\u00e9ly szarra a legaranyosabb rajong\u00f3 l\u00e1nyoddal. Hossz\u00fa haja \u00e9s \u00e9des arca hossz\u00fa szempill\u00e1ival, nem is besz\u00e9lve azokr\u00f3l a hetyke mellekr\u0151l \u00e9s a j\u00e1t\u00e9kos, sz\u00ednes bugyir\u00f3l\u2026 \u0151 a legjobb j\u00e1tsz\u00f3t\u00e1rs az \u00e1gyban.<\/p>\n<p>Ez az egyik legjobb min\u0151s\u00e9g\u0171 jap\u00e1n szexbaba a piacon. \u0150 egy igazi baba szexj\u00e1t\u00e9k, egy val\u00f3s m\u00e9ret\u0171 szexbaba, amely nagyszer\u0171 t\u00e1rs az \u00e1gyban. Ez egy csod\u00e1latos v\u00e1laszt\u00e1s szexi val\u00f3s szexbab\u00e1k sz\u00e1m\u00e1ra, amelyek az egyik legjobb el\u00e9rhet\u0151 szexbab\u00e1k. Arr\u00f3l nem is besz\u00e9lve, hogy ez egy nagyszer\u0171 v\u00e1laszt\u00e1s aranyos \u00e9s csod\u00e1latos sr\u00e1cok sz\u00e1m\u00e1ra, annyira sz\u00ednes, hogy csak minden m\u00f3don sz\u00f3rakoztatnod kell csod\u00e1latos szexu\u00e1lis k\u00e9pess\u00e9geiddel \u00e9s lend\u00fcleteiddel, \u00e9s b\u00edzz benne, hogy minden cselekedeted leny\u0171g\u00f6zi.<\/p>\n<p>Ahogy kor\u00e1bban eml\u00edtett\u00fck, ez egy energikus, nagyon v\u00e1gyik r\u00e1, hogy \u00faj dolgokat tan\u00edtson neki, \u00e9s hogy teljesen el\u00e9gedett legyen a nagy fark\u00e1val.<\/p>","protected":false},"excerpt":{"rendered":"<p>Szexbaba k\u00e9pek M\u00e9rett\u00e1bl\u00e1zat Anyag TPE magass\u00e1g 166 cm mell 65 cm der\u00e9k 53 cm cs\u00edp\u0151 79 cm v\u00e1ll 35 cm l\u00e1b hossz 80 cm<\/p>","protected":false},"featured_media":23267,"comment_status":"open","ping_status":"closed","template":"","meta":[],"product_brand":[],"product_cat":[75,228,100,107,117,119],"product_tag":[],"class_list":{"0":"post-23266","1":"product","2":"type-product","3":"status-publish","4":"has-post-thumbnail","6":"product_cat-160cm-170cm-sex-dolls","7":"product_cat-26kg-30kg","8":"product_cat-lifelike-love-dolls","9":"product_cat-skinny-sex-dolls","10":"product_cat-small-breast-sex-doll","11":"product_cat-tpe-sex-doll","12":"pa_brand-hr-doll","13":"tm-has-options","15":"first","16":"instock","17":"sale","18":"shipping-taxable","19":"purchasable","20":"product-type-simple"},"_links":{"self":[{"href":"https:\/\/zxdoll.com\/hu\/wp-json\/wp\/v2\/product\/23266","targetHints":{"allow":["GET"]}}],"collection":[{"href":"https:\/\/zxdoll.com\/hu\/wp-json\/wp\/v2\/product"}],"about":[{"href":"https:\/\/zxdoll.com\/hu\/wp-json\/wp\/v2\/types\/product"}],"replies":[{"embeddable":true,"href":"https:\/\/zxdoll.com\/hu\/wp-json\/wp\/v2\/comments?post=23266"}],"version-history":[{"count":1,"href":"https:\/\/zxdoll.com\/hu\/wp-json\/wp\/v2\/product\/23266\/revisions"}],"predecessor-version":[{"id":197735,"href":"https:\/\/zxdoll.com\/hu\/wp-json\/wp\/v2\/product\/23266\/revisions\/197735"}],"wp:featuredmedia":[{"embeddable":true,"href":"https:\/\/zxdoll.com\/hu\/wp-json\/wp\/v2\/media\/23267"}],"wp:attachment":[{"href":"https:\/\/zxdoll.com\/hu\/wp-json\/wp\/v2\/media?parent=23266"}],"wp:term":[{"taxonomy":"product_brand","embeddable":true,"href":"https:\/\/zxdoll.com\/hu\/wp-json\/wp\/v2\/product_brand?post=23266"},{"taxonomy":"product_cat","embeddable":true,"href":"https:\/\/zxdoll.com\/hu\/wp-json\/wp\/v2\/product_cat?post=23266"},{"taxonomy":"product_tag","embeddable":true,"href":"https:\/\/zxdoll.com\/hu\/wp-json\/wp\/v2\/product_tag?post=23266"}],"curies":[{"name":"wp","href":"https:\/\/api.w.org\/{rel}","templated":true}]}}