{"id":22587,"date":"2023-03-11T16:53:00","date_gmt":"2023-03-11T08:53:00","guid":{"rendered":"https:\/\/zxdoll.com\/?post_type=product&#038;p=22587"},"modified":"2025-09-11T00:17:53","modified_gmt":"2025-09-10T16:17:53","slug":"real-life-female-realistic-tpe-fuck-doll","status":"publish","type":"product","link":"https:\/\/zxdoll.com\/hu\/product\/real-life-female-realistic-tpe-fuck-doll\/","title":{"rendered":"Real Life N\u0151i Realistic TPE Fuck Doll Sharda 166cm"},"content":{"rendered":"<h4><strong>Szexbaba k\u00e9pek<\/strong><\/h4>\n\t                <ul class=\"easy-image-gallery thumbnails-20 linked\">\r\n                    <li><a data-fancybox=\"gallery312\" href=\"https:\/\/zxdoll.com\/wp-content\/uploads\/2023\/03\/real-doll-petite-z8u1-533x800.jpg\" class=\"eig-popup\" title=\"\" data-caption=\"\" target=\"_blank\"><i class=\"icon-view\"><\/i><span class=\"overlay\"><\/span><img decoding=\"async\" width=\"150\" height=\"150\" src=\"https:\/\/zxdoll.com\/wp-content\/uploads\/2023\/03\/real-doll-petite-z8u1-150x150.jpg\" class=\"attachment-thumbnail size-thumbnail\" alt=\"\" title=\"\"><\/a><\/li><li><a data-fancybox=\"gallery312\" href=\"https:\/\/zxdoll.com\/wp-content\/uploads\/2023\/03\/real-doll-petite-z8u3-1-533x800.jpg\" class=\"eig-popup\" title=\"\" data-caption=\"\" target=\"_blank\"><i class=\"icon-view\"><\/i><span class=\"overlay\"><\/span><img decoding=\"async\" width=\"150\" height=\"150\" src=\"https:\/\/zxdoll.com\/wp-content\/uploads\/2023\/03\/real-doll-petite-z8u3-1-150x150.jpg\" class=\"attachment-thumbnail size-thumbnail\" alt=\"\" title=\"\"><\/a><\/li><li><a data-fancybox=\"gallery312\" href=\"https:\/\/zxdoll.com\/wp-content\/uploads\/2023\/03\/real-doll-petite-z8u4-533x800.jpg\" class=\"eig-popup\" title=\"\" data-caption=\"\" target=\"_blank\"><i class=\"icon-view\"><\/i><span class=\"overlay\"><\/span><img decoding=\"async\" width=\"150\" height=\"150\" src=\"https:\/\/zxdoll.com\/wp-content\/uploads\/2023\/03\/real-doll-petite-z8u4-150x150.jpg\" class=\"attachment-thumbnail size-thumbnail\" alt=\"\" title=\"\"><\/a><\/li><li><a data-fancybox=\"gallery312\" href=\"https:\/\/zxdoll.com\/wp-content\/uploads\/2023\/03\/real-doll-petite-z8u8-533x800.jpg\" class=\"eig-popup\" title=\"\" data-caption=\"\" target=\"_blank\"><i class=\"icon-view\"><\/i><span class=\"overlay\"><\/span><img loading=\"lazy\" decoding=\"async\" width=\"150\" height=\"150\" src=\"https:\/\/zxdoll.com\/wp-content\/uploads\/2023\/03\/real-doll-petite-z8u8-150x150.jpg\" class=\"attachment-thumbnail size-thumbnail\" alt=\"\" title=\"\"><\/a><\/li><li><a data-fancybox=\"gallery312\" href=\"https:\/\/zxdoll.com\/wp-content\/uploads\/2023\/03\/real-doll-petite-z8u9-533x800.jpg\" class=\"eig-popup\" title=\"\" data-caption=\"\" target=\"_blank\"><i class=\"icon-view\"><\/i><span class=\"overlay\"><\/span><img loading=\"lazy\" decoding=\"async\" width=\"150\" height=\"150\" src=\"https:\/\/zxdoll.com\/wp-content\/uploads\/2023\/03\/real-doll-petite-z8u9-150x150.jpg\" class=\"attachment-thumbnail size-thumbnail\" alt=\"\" title=\"\"><\/a><\/li><li><a data-fancybox=\"gallery312\" href=\"https:\/\/zxdoll.com\/wp-content\/uploads\/2023\/03\/real-doll-petite-z8u14-533x800.jpg\" class=\"eig-popup\" title=\"\" data-caption=\"\" target=\"_blank\"><i class=\"icon-view\"><\/i><span class=\"overlay\"><\/span><img loading=\"lazy\" decoding=\"async\" width=\"150\" height=\"150\" src=\"https:\/\/zxdoll.com\/wp-content\/uploads\/2023\/03\/real-doll-petite-z8u14-150x150.jpg\" class=\"attachment-thumbnail size-thumbnail\" alt=\"\" title=\"\"><\/a><\/li><li><a data-fancybox=\"gallery312\" href=\"https:\/\/zxdoll.com\/wp-content\/uploads\/2023\/03\/real-doll-petite-z8u19-533x800.jpg\" class=\"eig-popup\" title=\"\" data-caption=\"\" target=\"_blank\"><i class=\"icon-view\"><\/i><span class=\"overlay\"><\/span><img loading=\"lazy\" decoding=\"async\" width=\"150\" height=\"150\" src=\"https:\/\/zxdoll.com\/wp-content\/uploads\/2023\/03\/real-doll-petite-z8u19-150x150.jpg\" class=\"attachment-thumbnail size-thumbnail\" alt=\"\" title=\"\"><\/a><\/li><li><a data-fancybox=\"gallery312\" href=\"https:\/\/zxdoll.com\/wp-content\/uploads\/2023\/03\/real-doll-petite-z8u20.jpg\" class=\"eig-popup\" title=\"\" data-caption=\"\" target=\"_blank\"><i class=\"icon-view\"><\/i><span class=\"overlay\"><\/span><img loading=\"lazy\" decoding=\"async\" width=\"150\" height=\"150\" src=\"https:\/\/zxdoll.com\/wp-content\/uploads\/2023\/03\/real-doll-petite-z8u20-150x150.jpg\" class=\"attachment-thumbnail size-thumbnail\" alt=\"\" title=\"\"><\/a><\/li><li><a data-fancybox=\"gallery312\" href=\"https:\/\/zxdoll.com\/wp-content\/uploads\/2023\/03\/real-doll-petite-z8u22-533x800.jpg\" class=\"eig-popup\" title=\"\" data-caption=\"\" target=\"_blank\"><i class=\"icon-view\"><\/i><span class=\"overlay\"><\/span><img loading=\"lazy\" decoding=\"async\" width=\"150\" height=\"150\" src=\"https:\/\/zxdoll.com\/wp-content\/uploads\/2023\/03\/real-doll-petite-z8u22-150x150.jpg\" class=\"attachment-thumbnail size-thumbnail\" alt=\"\" title=\"\"><\/a><\/li><li><a data-fancybox=\"gallery312\" href=\"https:\/\/zxdoll.com\/wp-content\/uploads\/2023\/03\/real-doll-petite-z8u23-533x800.jpg\" class=\"eig-popup\" title=\"\" data-caption=\"\" target=\"_blank\"><i class=\"icon-view\"><\/i><span class=\"overlay\"><\/span><img loading=\"lazy\" decoding=\"async\" width=\"150\" height=\"150\" src=\"https:\/\/zxdoll.com\/wp-content\/uploads\/2023\/03\/real-doll-petite-z8u23-150x150.jpg\" class=\"attachment-thumbnail size-thumbnail\" alt=\"\" title=\"\"><\/a><\/li><li><a data-fancybox=\"gallery312\" href=\"https:\/\/zxdoll.com\/wp-content\/uploads\/2023\/03\/real-doll-petite-z8u24-533x800.jpg\" class=\"eig-popup\" title=\"\" data-caption=\"\" target=\"_blank\"><i class=\"icon-view\"><\/i><span class=\"overlay\"><\/span><img loading=\"lazy\" decoding=\"async\" width=\"150\" height=\"150\" src=\"https:\/\/zxdoll.com\/wp-content\/uploads\/2023\/03\/real-doll-petite-z8u24-150x150.jpg\" class=\"attachment-thumbnail size-thumbnail\" alt=\"\" title=\"\"><\/a><\/li><li><a data-fancybox=\"gallery312\" href=\"https:\/\/zxdoll.com\/wp-content\/uploads\/2023\/03\/real-doll-petite-z8u25-533x800.jpg\" class=\"eig-popup\" title=\"\" data-caption=\"\" target=\"_blank\"><i class=\"icon-view\"><\/i><span class=\"overlay\"><\/span><img loading=\"lazy\" decoding=\"async\" width=\"150\" height=\"150\" src=\"https:\/\/zxdoll.com\/wp-content\/uploads\/2023\/03\/real-doll-petite-z8u25-150x150.jpg\" class=\"attachment-thumbnail size-thumbnail\" alt=\"\" title=\"\"><\/a><\/li><li><a data-fancybox=\"gallery312\" href=\"https:\/\/zxdoll.com\/wp-content\/uploads\/2023\/03\/real-doll-petite-z8u26-533x800.jpg\" class=\"eig-popup\" title=\"\" data-caption=\"\" target=\"_blank\"><i class=\"icon-view\"><\/i><span class=\"overlay\"><\/span><img loading=\"lazy\" decoding=\"async\" width=\"150\" height=\"150\" src=\"https:\/\/zxdoll.com\/wp-content\/uploads\/2023\/03\/real-doll-petite-z8u26-150x150.jpg\" class=\"attachment-thumbnail size-thumbnail\" alt=\"\" title=\"\"><\/a><\/li><li><a data-fancybox=\"gallery312\" href=\"https:\/\/zxdoll.com\/wp-content\/uploads\/2023\/03\/real-doll-petite-z8u27-533x800.jpg\" class=\"eig-popup\" title=\"\" data-caption=\"\" target=\"_blank\"><i class=\"icon-view\"><\/i><span class=\"overlay\"><\/span><img loading=\"lazy\" decoding=\"async\" width=\"150\" height=\"150\" src=\"https:\/\/zxdoll.com\/wp-content\/uploads\/2023\/03\/real-doll-petite-z8u27-150x150.jpg\" class=\"attachment-thumbnail size-thumbnail\" alt=\"\" title=\"\"><\/a><\/li><li><a data-fancybox=\"gallery312\" href=\"https:\/\/zxdoll.com\/wp-content\/uploads\/2023\/03\/real-doll-petite-z8u28-533x800.jpg\" class=\"eig-popup\" title=\"\" data-caption=\"\" target=\"_blank\"><i class=\"icon-view\"><\/i><span class=\"overlay\"><\/span><img loading=\"lazy\" decoding=\"async\" width=\"150\" height=\"150\" src=\"https:\/\/zxdoll.com\/wp-content\/uploads\/2023\/03\/real-doll-petite-z8u28-150x150.jpg\" class=\"attachment-thumbnail size-thumbnail\" alt=\"\" title=\"\"><\/a><\/li><li><a data-fancybox=\"gallery312\" href=\"https:\/\/zxdoll.com\/wp-content\/uploads\/2023\/03\/real-doll-petite-z8u29.jpg\" class=\"eig-popup\" title=\"\" data-caption=\"\" target=\"_blank\"><i class=\"icon-view\"><\/i><span class=\"overlay\"><\/span><img loading=\"lazy\" decoding=\"async\" width=\"150\" height=\"150\" src=\"https:\/\/zxdoll.com\/wp-content\/uploads\/2023\/03\/real-doll-petite-z8u29-150x150.jpg\" class=\"attachment-thumbnail size-thumbnail\" alt=\"\" title=\"\"><\/a><\/li><li><a data-fancybox=\"gallery312\" href=\"https:\/\/zxdoll.com\/wp-content\/uploads\/2023\/03\/real-doll-petite-z8u30-533x800.jpg\" class=\"eig-popup\" title=\"\" data-caption=\"\" target=\"_blank\"><i class=\"icon-view\"><\/i><span class=\"overlay\"><\/span><img loading=\"lazy\" decoding=\"async\" width=\"150\" height=\"150\" src=\"https:\/\/zxdoll.com\/wp-content\/uploads\/2023\/03\/real-doll-petite-z8u30-150x150.jpg\" class=\"attachment-thumbnail size-thumbnail\" alt=\"\" title=\"\"><\/a><\/li><li><a data-fancybox=\"gallery312\" href=\"https:\/\/zxdoll.com\/wp-content\/uploads\/2023\/03\/real-doll-petite-z8u31-533x800.jpg\" class=\"eig-popup\" title=\"\" data-caption=\"\" target=\"_blank\"><i class=\"icon-view\"><\/i><span class=\"overlay\"><\/span><img loading=\"lazy\" decoding=\"async\" width=\"150\" height=\"150\" src=\"https:\/\/zxdoll.com\/wp-content\/uploads\/2023\/03\/real-doll-petite-z8u31-150x150.jpg\" class=\"attachment-thumbnail size-thumbnail\" alt=\"\" title=\"\"><\/a><\/li><li><a data-fancybox=\"gallery312\" href=\"https:\/\/zxdoll.com\/wp-content\/uploads\/2023\/03\/real-doll-petite-z8u35-533x800.jpg\" class=\"eig-popup\" title=\"\" data-caption=\"\" target=\"_blank\"><i class=\"icon-view\"><\/i><span class=\"overlay\"><\/span><img loading=\"lazy\" decoding=\"async\" width=\"150\" height=\"150\" src=\"https:\/\/zxdoll.com\/wp-content\/uploads\/2023\/03\/real-doll-petite-z8u35-150x150.jpg\" class=\"attachment-thumbnail size-thumbnail\" alt=\"\" title=\"\"><\/a><\/li><li><a data-fancybox=\"gallery312\" href=\"https:\/\/zxdoll.com\/wp-content\/uploads\/2023\/03\/real-doll-petite-z8u37-533x800.jpg\" class=\"eig-popup\" title=\"\" data-caption=\"\" target=\"_blank\"><i class=\"icon-view\"><\/i><span class=\"overlay\"><\/span><img loading=\"lazy\" decoding=\"async\" width=\"150\" height=\"150\" src=\"https:\/\/zxdoll.com\/wp-content\/uploads\/2023\/03\/real-doll-petite-z8u37-150x150.jpg\" class=\"attachment-thumbnail size-thumbnail\" alt=\"\" title=\"\"><\/a><\/li><\/ul>\n<h4>M\u00e9rett\u00e1bl\u00e1zatok<\/h4>\n<table width=\"269\">\n<tbody>\n<tr>\n<td width=\"130\">Anyag<\/td>\n<td width=\"139\">TPE<\/td>\n<\/tr>\n<tr>\n<td>Magass\u00e1g<\/td>\n<td>166 cm<\/td>\n<\/tr>\n<tr>\n<td>Mell<\/td>\n<td>57 cm<\/td>\n<\/tr>\n<tr>\n<td>Der\u00e9k<\/td>\n<td>53 cm<\/td>\n<\/tr>\n<tr>\n<td>Cs\u00edp\u0151<\/td>\n<td>79 cm<\/td>\n<\/tr>\n<tr>\n<td>V\u00e1ll<\/td>\n<td>35 cm<\/td>\n<\/tr>\n<tr>\n<td>L\u00e1b hossz<\/td>\n<td>80 cm<\/td>\n<\/tr>\n<tr>\n<td>Kar hossz\u00fas\u00e1g<\/td>\n<td>56 cm<\/td>\n<\/tr>\n<tr>\n<td>L\u00e1bhossz<\/td>\n<td>19 cm<\/td>\n<\/tr>\n<tr>\n<td>Nett\u00f3 t\u00f6meg<\/td>\n<td>28 kg<\/td>\n<\/tr>\n<tr>\n<td>Or\u00e1lis m\u00e9lys\u00e9g<\/td>\n<td>12 cm<\/td>\n<\/tr>\n<tr>\n<td>H\u00fcvelym\u00e9lys\u00e9g<\/td>\n<td>22 cm<\/td>\n<\/tr>\n<tr>\n<td>An\u00e1lis m\u00e9lys\u00e9g<\/td>\n<td>18 cm<\/td>\n<\/tr>\n<\/tbody>\n<\/table>\n<h4>A szexbab\u00e1r\u00f3l<\/h4>\n<p>A tpe bab\u00e1k alkalmasak \u00e9s k\u00f6nnyen mozgathat\u00f3k. Azok sz\u00e1m\u00e1ra, akik mindig mozg\u00e1sban vannak, a tpe igazi szexbaba v\u00e9kony figur\u00e1ja megk\u00f6nny\u00edti a mozg\u00e1st, \u00e9s b\u00e1rmikor \u00e9s b\u00e1rhol mag\u00e1hoz tudhatja \u0151t. A val\u00f3di szexbab\u00e1nak nincsenek korl\u00e1tai, \u00e9s k\u00f6nny\u0171 m\u00e1s poz\u00edci\u00f3ba helyezni, \u00e9s \u00fagy elhelyezni, ahogyan az \u00d6n sz\u00e1m\u00e1ra megfelel\u0151, kem\u00e9nyen megbaszni. Az igazi n\u0151i baba egyedi \u00e9s k\u00fcl\u00f6nleges. K\u00f6nny\u0171 mozg\u00e1suk \u00e9s rugalmass\u00e1guk m\u00e9g jobb\u00e1 teszi \u0151ket.<\/p>\n<p>A val\u00f3s\u00e1gh\u0171 faszbaba k\u00f6ztudottan seg\u00edt a f\u00e9rfiaknak n\u00f6velni libid\u00f3jukat, \u00e9s jobb szexu\u00e1lis \u00e9lm\u00e9nyben r\u00e9szes\u00edteni. Ha m\u00e9g nem \u00e9lte \u00e1t a legjobb szex \u00e9lm\u00e9nyt, akkor az igazi tpe baba a megfelel\u0151 az \u00d6n sz\u00e1m\u00e1ra, \u00e9s a gy\u0171jtem\u00e9ny\u00e9ben kell lennie. Mindig van m\u00e9g mit kipr\u00f3b\u00e1lni a val\u00f3di szexbab\u00e1val.<\/p>\n<p>Most, hogy tudja, mit jelent egy tpe love baba, ne gondolkodjon tov\u00e1bb ezen, \u0151 az igazi, \u00e9s nem szabad tov\u00e1bb halogatnia a d\u00f6nt\u00e9st. A szexu\u00e1lis \u00e9leted jobbat \u00e9rdemel.<\/p>","protected":false},"excerpt":{"rendered":"<p>Szexbaba k\u00e9pek M\u00e9rett\u00e1bl\u00e1zat Anyag TPE magass\u00e1g 166 cm mell 57 cm der\u00e9k 53 cm cs\u00edp\u0151 79 cm v\u00e1ll 35 cm l\u00e1b hossz 80 cm<\/p>","protected":false},"featured_media":22607,"comment_status":"open","ping_status":"closed","template":"","meta":[],"product_brand":[],"product_cat":[75,228,100,107,117,119],"product_tag":[],"class_list":{"0":"post-22587","1":"product","2":"type-product","3":"status-publish","4":"has-post-thumbnail","6":"product_cat-160cm-170cm-sex-dolls","7":"product_cat-26kg-30kg","8":"product_cat-lifelike-love-dolls","9":"product_cat-skinny-sex-dolls","10":"product_cat-small-breast-sex-doll","11":"product_cat-tpe-sex-doll","12":"pa_brand-hr-doll","13":"tm-has-options","15":"first","16":"instock","17":"sale","18":"shipping-taxable","19":"purchasable","20":"product-type-simple"},"_links":{"self":[{"href":"https:\/\/zxdoll.com\/hu\/wp-json\/wp\/v2\/product\/22587","targetHints":{"allow":["GET"]}}],"collection":[{"href":"https:\/\/zxdoll.com\/hu\/wp-json\/wp\/v2\/product"}],"about":[{"href":"https:\/\/zxdoll.com\/hu\/wp-json\/wp\/v2\/types\/product"}],"replies":[{"embeddable":true,"href":"https:\/\/zxdoll.com\/hu\/wp-json\/wp\/v2\/comments?post=22587"}],"version-history":[{"count":1,"href":"https:\/\/zxdoll.com\/hu\/wp-json\/wp\/v2\/product\/22587\/revisions"}],"predecessor-version":[{"id":197736,"href":"https:\/\/zxdoll.com\/hu\/wp-json\/wp\/v2\/product\/22587\/revisions\/197736"}],"wp:featuredmedia":[{"embeddable":true,"href":"https:\/\/zxdoll.com\/hu\/wp-json\/wp\/v2\/media\/22607"}],"wp:attachment":[{"href":"https:\/\/zxdoll.com\/hu\/wp-json\/wp\/v2\/media?parent=22587"}],"wp:term":[{"taxonomy":"product_brand","embeddable":true,"href":"https:\/\/zxdoll.com\/hu\/wp-json\/wp\/v2\/product_brand?post=22587"},{"taxonomy":"product_cat","embeddable":true,"href":"https:\/\/zxdoll.com\/hu\/wp-json\/wp\/v2\/product_cat?post=22587"},{"taxonomy":"product_tag","embeddable":true,"href":"https:\/\/zxdoll.com\/hu\/wp-json\/wp\/v2\/product_tag?post=22587"}],"curies":[{"name":"wp","href":"https:\/\/api.w.org\/{rel}","templated":true}]}}