{"id":22440,"date":"2023-03-11T16:26:22","date_gmt":"2023-03-11T08:26:22","guid":{"rendered":"https:\/\/zxdoll.com\/?post_type=product&#038;p=22440"},"modified":"2025-09-17T08:29:33","modified_gmt":"2025-09-17T00:29:33","slug":"3d-virtual-live-legal-skin-love-dolls","status":"publish","type":"product","link":"https:\/\/zxdoll.com\/hu\/product\/3d-virtual-live-legal-skin-love-dolls\/","title":{"rendered":"3D Virtual Live Legal Skin Love Dolls Lorelei 165cm"},"content":{"rendered":"<h4><strong>Szexbaba k\u00e9pek<\/strong><\/h4>\n\t                <ul class=\"easy-image-gallery thumbnails-18 linked\">\r\n                    <li><a data-fancybox=\"gallery349\" href=\"https:\/\/zxdoll.com\/wp-content\/uploads\/2023\/03\/real-doll-buy-z8n1-533x800.jpg\" class=\"eig-popup\" title=\"\" data-caption=\"\" target=\"_blank\"><i class=\"icon-view\"><\/i><span class=\"overlay\"><\/span><img decoding=\"async\" width=\"150\" height=\"150\" src=\"https:\/\/zxdoll.com\/wp-content\/uploads\/2023\/03\/real-doll-buy-z8n1-150x150.jpg\" class=\"attachment-thumbnail size-thumbnail\" alt=\"\" title=\"\"><\/a><\/li><li><a data-fancybox=\"gallery349\" href=\"https:\/\/zxdoll.com\/wp-content\/uploads\/2023\/03\/real-doll-buy-z8n2-533x800.jpg\" class=\"eig-popup\" title=\"\" data-caption=\"\" target=\"_blank\"><i class=\"icon-view\"><\/i><span class=\"overlay\"><\/span><img decoding=\"async\" width=\"150\" height=\"150\" src=\"https:\/\/zxdoll.com\/wp-content\/uploads\/2023\/03\/real-doll-buy-z8n2-150x150.jpg\" class=\"attachment-thumbnail size-thumbnail\" alt=\"\" title=\"\"><\/a><\/li><li><a data-fancybox=\"gallery349\" href=\"https:\/\/zxdoll.com\/wp-content\/uploads\/2023\/03\/real-doll-buy-z8n3-1-533x800.jpg\" class=\"eig-popup\" title=\"\" data-caption=\"\" target=\"_blank\"><i class=\"icon-view\"><\/i><span class=\"overlay\"><\/span><img decoding=\"async\" width=\"150\" height=\"150\" src=\"https:\/\/zxdoll.com\/wp-content\/uploads\/2023\/03\/real-doll-buy-z8n3-1-150x150.jpg\" class=\"attachment-thumbnail size-thumbnail\" alt=\"\" title=\"\"><\/a><\/li><li><a data-fancybox=\"gallery349\" href=\"https:\/\/zxdoll.com\/wp-content\/uploads\/2023\/03\/real-doll-buy-z8n4-533x800.jpg\" class=\"eig-popup\" title=\"\" data-caption=\"\" target=\"_blank\"><i class=\"icon-view\"><\/i><span class=\"overlay\"><\/span><img loading=\"lazy\" decoding=\"async\" width=\"150\" height=\"150\" src=\"https:\/\/zxdoll.com\/wp-content\/uploads\/2023\/03\/real-doll-buy-z8n4-150x150.jpg\" class=\"attachment-thumbnail size-thumbnail\" alt=\"\" title=\"\"><\/a><\/li><li><a data-fancybox=\"gallery349\" href=\"https:\/\/zxdoll.com\/wp-content\/uploads\/2023\/03\/real-doll-buy-z8n5-533x800.jpg\" class=\"eig-popup\" title=\"\" data-caption=\"\" target=\"_blank\"><i class=\"icon-view\"><\/i><span class=\"overlay\"><\/span><img loading=\"lazy\" decoding=\"async\" width=\"150\" height=\"150\" src=\"https:\/\/zxdoll.com\/wp-content\/uploads\/2023\/03\/real-doll-buy-z8n5-150x150.jpg\" class=\"attachment-thumbnail size-thumbnail\" alt=\"\" title=\"\"><\/a><\/li><li><a data-fancybox=\"gallery349\" href=\"https:\/\/zxdoll.com\/wp-content\/uploads\/2023\/03\/real-doll-buy-z8n6.jpg\" class=\"eig-popup\" title=\"\" data-caption=\"\" target=\"_blank\"><i class=\"icon-view\"><\/i><span class=\"overlay\"><\/span><img loading=\"lazy\" decoding=\"async\" width=\"150\" height=\"150\" src=\"https:\/\/zxdoll.com\/wp-content\/uploads\/2023\/03\/real-doll-buy-z8n6-150x150.jpg\" class=\"attachment-thumbnail size-thumbnail\" alt=\"\" title=\"\"><\/a><\/li><li><a data-fancybox=\"gallery349\" href=\"https:\/\/zxdoll.com\/wp-content\/uploads\/2023\/03\/real-doll-buy-z8n7-533x800.jpg\" class=\"eig-popup\" title=\"\" data-caption=\"\" target=\"_blank\"><i class=\"icon-view\"><\/i><span class=\"overlay\"><\/span><img loading=\"lazy\" decoding=\"async\" width=\"150\" height=\"150\" src=\"https:\/\/zxdoll.com\/wp-content\/uploads\/2023\/03\/real-doll-buy-z8n7-150x150.jpg\" class=\"attachment-thumbnail size-thumbnail\" alt=\"\" title=\"\"><\/a><\/li><li><a data-fancybox=\"gallery349\" href=\"https:\/\/zxdoll.com\/wp-content\/uploads\/2023\/03\/real-doll-buy-z8n8-533x800.jpg\" class=\"eig-popup\" title=\"\" data-caption=\"\" target=\"_blank\"><i class=\"icon-view\"><\/i><span class=\"overlay\"><\/span><img loading=\"lazy\" decoding=\"async\" width=\"150\" height=\"150\" src=\"https:\/\/zxdoll.com\/wp-content\/uploads\/2023\/03\/real-doll-buy-z8n8-150x150.jpg\" class=\"attachment-thumbnail size-thumbnail\" alt=\"\" title=\"\"><\/a><\/li><li><a data-fancybox=\"gallery349\" href=\"https:\/\/zxdoll.com\/wp-content\/uploads\/2023\/03\/real-doll-buy-z8n9-533x800.jpg\" class=\"eig-popup\" title=\"\" data-caption=\"\" target=\"_blank\"><i class=\"icon-view\"><\/i><span class=\"overlay\"><\/span><img loading=\"lazy\" decoding=\"async\" width=\"150\" height=\"150\" src=\"https:\/\/zxdoll.com\/wp-content\/uploads\/2023\/03\/real-doll-buy-z8n9-150x150.jpg\" class=\"attachment-thumbnail size-thumbnail\" alt=\"\" title=\"\"><\/a><\/li><li><a data-fancybox=\"gallery349\" href=\"https:\/\/zxdoll.com\/wp-content\/uploads\/2023\/03\/real-doll-buy-z8n10-533x800.jpg\" class=\"eig-popup\" title=\"\" data-caption=\"\" target=\"_blank\"><i class=\"icon-view\"><\/i><span class=\"overlay\"><\/span><img loading=\"lazy\" decoding=\"async\" width=\"150\" height=\"150\" src=\"https:\/\/zxdoll.com\/wp-content\/uploads\/2023\/03\/real-doll-buy-z8n10-150x150.jpg\" class=\"attachment-thumbnail size-thumbnail\" alt=\"\" title=\"\"><\/a><\/li><li><a data-fancybox=\"gallery349\" href=\"https:\/\/zxdoll.com\/wp-content\/uploads\/2023\/03\/real-doll-buy-z8n11.jpg\" class=\"eig-popup\" title=\"\" data-caption=\"\" target=\"_blank\"><i class=\"icon-view\"><\/i><span class=\"overlay\"><\/span><img loading=\"lazy\" decoding=\"async\" width=\"150\" height=\"150\" src=\"https:\/\/zxdoll.com\/wp-content\/uploads\/2023\/03\/real-doll-buy-z8n11-150x150.jpg\" class=\"attachment-thumbnail size-thumbnail\" alt=\"\" title=\"\"><\/a><\/li><li><a data-fancybox=\"gallery349\" href=\"https:\/\/zxdoll.com\/wp-content\/uploads\/2023\/03\/real-doll-buy-z8n12-533x800.jpg\" class=\"eig-popup\" title=\"\" data-caption=\"\" target=\"_blank\"><i class=\"icon-view\"><\/i><span class=\"overlay\"><\/span><img loading=\"lazy\" decoding=\"async\" width=\"150\" height=\"150\" src=\"https:\/\/zxdoll.com\/wp-content\/uploads\/2023\/03\/real-doll-buy-z8n12-150x150.jpg\" class=\"attachment-thumbnail size-thumbnail\" alt=\"\" title=\"\"><\/a><\/li><li><a data-fancybox=\"gallery349\" href=\"https:\/\/zxdoll.com\/wp-content\/uploads\/2023\/03\/real-doll-buy-z8n13-533x800.jpg\" class=\"eig-popup\" title=\"\" data-caption=\"\" target=\"_blank\"><i class=\"icon-view\"><\/i><span class=\"overlay\"><\/span><img loading=\"lazy\" decoding=\"async\" width=\"150\" height=\"150\" src=\"https:\/\/zxdoll.com\/wp-content\/uploads\/2023\/03\/real-doll-buy-z8n13-150x150.jpg\" class=\"attachment-thumbnail size-thumbnail\" alt=\"\" title=\"\"><\/a><\/li><li><a data-fancybox=\"gallery349\" href=\"https:\/\/zxdoll.com\/wp-content\/uploads\/2023\/03\/real-doll-buy-z8n14-533x800.jpg\" class=\"eig-popup\" title=\"\" data-caption=\"\" target=\"_blank\"><i class=\"icon-view\"><\/i><span class=\"overlay\"><\/span><img loading=\"lazy\" decoding=\"async\" width=\"150\" height=\"150\" src=\"https:\/\/zxdoll.com\/wp-content\/uploads\/2023\/03\/real-doll-buy-z8n14-150x150.jpg\" class=\"attachment-thumbnail size-thumbnail\" alt=\"3D virtu\u00e1lis \u00e9l\u0151 leg\u00e1lis b\u0151r szerelmes bab\u00e1k\" title=\"\"><\/a><\/li><li><a data-fancybox=\"gallery349\" href=\"https:\/\/zxdoll.com\/wp-content\/uploads\/2023\/03\/real-doll-buy-z8n15-533x800.jpg\" class=\"eig-popup\" title=\"\" data-caption=\"\" target=\"_blank\"><i class=\"icon-view\"><\/i><span class=\"overlay\"><\/span><img loading=\"lazy\" decoding=\"async\" width=\"150\" height=\"150\" src=\"https:\/\/zxdoll.com\/wp-content\/uploads\/2023\/03\/real-doll-buy-z8n15-150x150.jpg\" class=\"attachment-thumbnail size-thumbnail\" alt=\"\" title=\"\"><\/a><\/li><li><a data-fancybox=\"gallery349\" href=\"https:\/\/zxdoll.com\/wp-content\/uploads\/2023\/03\/real-doll-buy-z8n16-533x800.jpg\" class=\"eig-popup\" title=\"\" data-caption=\"\" target=\"_blank\"><i class=\"icon-view\"><\/i><span class=\"overlay\"><\/span><img loading=\"lazy\" decoding=\"async\" width=\"150\" height=\"150\" src=\"https:\/\/zxdoll.com\/wp-content\/uploads\/2023\/03\/real-doll-buy-z8n16-150x150.jpg\" class=\"attachment-thumbnail size-thumbnail\" alt=\"\" title=\"\"><\/a><\/li><li><a data-fancybox=\"gallery349\" href=\"https:\/\/zxdoll.com\/wp-content\/uploads\/2023\/03\/real-doll-buy-z8n17-533x800.jpg\" class=\"eig-popup\" title=\"\" data-caption=\"\" target=\"_blank\"><i class=\"icon-view\"><\/i><span class=\"overlay\"><\/span><img loading=\"lazy\" decoding=\"async\" width=\"150\" height=\"150\" src=\"https:\/\/zxdoll.com\/wp-content\/uploads\/2023\/03\/real-doll-buy-z8n17-150x150.jpg\" class=\"attachment-thumbnail size-thumbnail\" alt=\"\" title=\"\"><\/a><\/li><li><a data-fancybox=\"gallery349\" href=\"https:\/\/zxdoll.com\/wp-content\/uploads\/2023\/03\/real-doll-buy-z8n18-533x800.jpg\" class=\"eig-popup\" title=\"\" data-caption=\"\" target=\"_blank\"><i class=\"icon-view\"><\/i><span class=\"overlay\"><\/span><img loading=\"lazy\" decoding=\"async\" width=\"150\" height=\"150\" src=\"https:\/\/zxdoll.com\/wp-content\/uploads\/2023\/03\/real-doll-buy-z8n18-150x150.jpg\" class=\"attachment-thumbnail size-thumbnail\" alt=\"\" title=\"\"><\/a><\/li><\/ul>\n<h4>M\u00e9rett\u00e1bl\u00e1zatok<\/h4>\n<table width=\"269\">\n<tbody>\n<tr>\n<td width=\"130\">Anyag<\/td>\n<td width=\"139\">TPE<\/td>\n<\/tr>\n<tr>\n<td>Magass\u00e1g<\/td>\n<td>165 cm<\/td>\n<\/tr>\n<tr>\n<td>Mell<\/td>\n<td>87 cm<\/td>\n<\/tr>\n<tr>\n<td>Der\u00e9k<\/td>\n<td>58 cm<\/td>\n<\/tr>\n<tr>\n<td>Cs\u00edp\u0151<\/td>\n<td>88 cm<\/td>\n<\/tr>\n<tr>\n<td>V\u00e1ll<\/td>\n<td>35 cm<\/td>\n<\/tr>\n<tr>\n<td>L\u00e1b hossz<\/td>\n<td>93 cm<\/td>\n<\/tr>\n<tr>\n<td>Kar hossz\u00fas\u00e1g<\/td>\n<td>67 cm<\/td>\n<\/tr>\n<tr>\n<td>L\u00e1bhossz<\/td>\n<td>22 cm<\/td>\n<\/tr>\n<tr>\n<td>Nett\u00f3 t\u00f6meg<\/td>\n<td>36 kg<\/td>\n<\/tr>\n<tr>\n<td>Or\u00e1lis m\u00e9lys\u00e9g<\/td>\n<td>12 cm<\/td>\n<\/tr>\n<tr>\n<td>H\u00fcvelym\u00e9lys\u00e9g<\/td>\n<td>22 cm<\/td>\n<\/tr>\n<tr>\n<td>An\u00e1lis m\u00e9lys\u00e9g<\/td>\n<td>18 cm<\/td>\n<\/tr>\n<\/tbody>\n<\/table>\n<h4>A szexbab\u00e1r\u00f3l<\/h4>\n<p>Ha \u00fagy \u00e9rzi, t\u00fal sok munka lehet egy \u00e9l\u0151 szexbaba birtokl\u00e1sa, akkor nem kell \u00fagy \u00e9reznie, hogy kimaradt a j\u00e1t\u00e9kb\u00f3l. Vannak 3D-s virtu\u00e1lis szexbab\u00e1k, amelyeket megtekinthet, \u00e9s m\u00e9g mindig ugyanaz az \u00e9rz\u00e9s, mivel most k\u00e9sz\u00fcl bel\u0151l\u00fck a virtu\u00e1lis val\u00f3s\u00e1g, ahol a virtu\u00e1lis vil\u00e1gban szexelhetsz egy szexbab\u00e1val, \u00e9s m\u00e9g mindig nagyszer\u0171 \u00e9lm\u00e9nyben lehet r\u00e9szed. Mint mindig, soha nem vagy korl\u00e1tozva, amikor szexbab\u00e1t kell kibassz\u00edtani vagy birtokolni.<\/p>\n<p>Szexbaba v\u00e1s\u00e1rl\u00e1sakor \u00fcgyeljen arra, hogy rendelkezzen a szerelmi baba fot\u00f3j\u00e1val. \u00c9s m\u00e9g ha a kezedbe is ker\u00fcl, \u00e9rdemes megfontolni, hogy fel\u00e1ll\u00edtsd egy szerelmes bab\u00e1s fot\u00f3ra, \u00e9s szexi k\u00e9peket k\u00e9sz\u00edts r\u00f3la. Szexbaba j\u00e1t\u00e9kporn\u00f3 is sz\u00f3ba j\u00f6het. Az is kedves dolog, hogy a felv\u00e9tel alatt j\u00f3l dugd meg a bab\u00e1dat.<\/p>\n<p>A szerelmes bab\u00e1k t\u00f6k\u00e9letes \u00e9s j\u00f3v\u00e1hagyott anyagokb\u00f3l k\u00e9sz\u00fclnek, amelyek biztons\u00e1gosak \u00e9s nem k\u00e1ros\u00edtj\u00e1k az emberi eg\u00e9szs\u00e9get. Ezek a leg\u00e1lis b\u0151r szerelmes bab\u00e1k t\u00f6k\u00e9letesen illeszkednek. A val\u00f3di baba belseje le van z\u00e1rva, \u00e9s nem szabad manipul\u00e1lni. Mind arra k\u00e9sz\u00fcltek, hogy t\u00f6k\u00e9letes el\u00e9gedetts\u00e9get ny\u00fajtsanak \u00d6nnek. \u00c9lvezheti, amit az \u00e9let k\u00edn\u00e1l, amikor babasexet folytat, \u00e9s t\u00f6bb j\u00e1t\u00e9kporn\u00f3val rendelkezik.<\/p>","protected":false},"excerpt":{"rendered":"<p>Szexbaba k\u00e9pek M\u00e9rett\u00e1bl\u00e1zat Anyag TPE magass\u00e1g 165 cm mell 87 cm der\u00e9k 58 cm cs\u00edp\u0151 88 cm v\u00e1ll 35 cm l\u00e1b hossz 93 cm<\/p>","protected":false},"featured_media":22455,"comment_status":"open","ping_status":"closed","template":"","meta":[],"product_brand":[],"product_cat":[75,230,77,116,100,107,119],"product_tag":[],"class_list":{"0":"post-22440","1":"product","2":"type-product","3":"status-publish","4":"has-post-thumbnail","6":"product_cat-160cm-170cm-sex-dolls","7":"product_cat-36kg-40kg","8":"product_cat-bbw-sex-doll","9":"product_cat-big-boobs-sex-doll","10":"product_cat-lifelike-love-dolls","11":"product_cat-skinny-sex-dolls","12":"product_cat-tpe-sex-doll","13":"pa_brand-hr-doll","14":"tm-has-options","16":"first","17":"instock","18":"sale","19":"shipping-taxable","20":"purchasable","21":"product-type-simple"},"_links":{"self":[{"href":"https:\/\/zxdoll.com\/hu\/wp-json\/wp\/v2\/product\/22440","targetHints":{"allow":["GET"]}}],"collection":[{"href":"https:\/\/zxdoll.com\/hu\/wp-json\/wp\/v2\/product"}],"about":[{"href":"https:\/\/zxdoll.com\/hu\/wp-json\/wp\/v2\/types\/product"}],"replies":[{"embeddable":true,"href":"https:\/\/zxdoll.com\/hu\/wp-json\/wp\/v2\/comments?post=22440"}],"version-history":[{"count":1,"href":"https:\/\/zxdoll.com\/hu\/wp-json\/wp\/v2\/product\/22440\/revisions"}],"predecessor-version":[{"id":197727,"href":"https:\/\/zxdoll.com\/hu\/wp-json\/wp\/v2\/product\/22440\/revisions\/197727"}],"wp:featuredmedia":[{"embeddable":true,"href":"https:\/\/zxdoll.com\/hu\/wp-json\/wp\/v2\/media\/22455"}],"wp:attachment":[{"href":"https:\/\/zxdoll.com\/hu\/wp-json\/wp\/v2\/media?parent=22440"}],"wp:term":[{"taxonomy":"product_brand","embeddable":true,"href":"https:\/\/zxdoll.com\/hu\/wp-json\/wp\/v2\/product_brand?post=22440"},{"taxonomy":"product_cat","embeddable":true,"href":"https:\/\/zxdoll.com\/hu\/wp-json\/wp\/v2\/product_cat?post=22440"},{"taxonomy":"product_tag","embeddable":true,"href":"https:\/\/zxdoll.com\/hu\/wp-json\/wp\/v2\/product_tag?post=22440"}],"curies":[{"name":"wp","href":"https:\/\/api.w.org\/{rel}","templated":true}]}}