{"id":21191,"date":"2023-03-10T00:53:37","date_gmt":"2023-03-09T16:53:37","guid":{"rendered":"https:\/\/zxdoll.com\/?post_type=product&#038;p=21191"},"modified":"2025-09-10T22:58:06","modified_gmt":"2025-09-10T14:58:06","slug":"fucking-japanese-life-like-sexdolls","status":"publish","type":"product","link":"https:\/\/zxdoll.com\/hu\/product\/fucking-japanese-life-like-sexdolls\/","title":{"rendered":"Kibaszott jap\u00e1n \u00e9let, mint a sexdolls Katya 156 cm"},"content":{"rendered":"<h4><strong>Szexbaba k\u00e9pek<\/strong><\/h4>\n\t                <ul class=\"easy-image-gallery thumbnails-19 linked\">\r\n                    <li><a data-fancybox=\"gallery810\" href=\"https:\/\/zxdoll.com\/wp-content\/uploads\/2023\/03\/doll-look-alike-z4s1-533x800.jpg\" class=\"eig-popup\" title=\"\" data-caption=\"\" target=\"_blank\"><i class=\"icon-view\"><\/i><span class=\"overlay\"><\/span><img decoding=\"async\" width=\"150\" height=\"150\" src=\"https:\/\/zxdoll.com\/wp-content\/uploads\/2023\/03\/doll-look-alike-z4s1-150x150.jpg\" class=\"attachment-thumbnail size-thumbnail\" alt=\"\" title=\"\"><\/a><\/li><li><a data-fancybox=\"gallery810\" href=\"https:\/\/zxdoll.com\/wp-content\/uploads\/2023\/03\/doll-look-alike-z4s2-533x800.jpg\" class=\"eig-popup\" title=\"\" data-caption=\"\" target=\"_blank\"><i class=\"icon-view\"><\/i><span class=\"overlay\"><\/span><img decoding=\"async\" width=\"150\" height=\"150\" src=\"https:\/\/zxdoll.com\/wp-content\/uploads\/2023\/03\/doll-look-alike-z4s2-150x150.jpg\" class=\"attachment-thumbnail size-thumbnail\" alt=\"\" title=\"\"><\/a><\/li><li><a data-fancybox=\"gallery810\" href=\"https:\/\/zxdoll.com\/wp-content\/uploads\/2023\/03\/doll-look-alike-z4s3-1-533x800.jpg\" class=\"eig-popup\" title=\"\" data-caption=\"\" target=\"_blank\"><i class=\"icon-view\"><\/i><span class=\"overlay\"><\/span><img decoding=\"async\" width=\"150\" height=\"150\" src=\"https:\/\/zxdoll.com\/wp-content\/uploads\/2023\/03\/doll-look-alike-z4s3-1-150x150.jpg\" class=\"attachment-thumbnail size-thumbnail\" alt=\"\" title=\"\"><\/a><\/li><li><a data-fancybox=\"gallery810\" href=\"https:\/\/zxdoll.com\/wp-content\/uploads\/2023\/03\/doll-look-alike-z4s5-533x800.jpg\" class=\"eig-popup\" title=\"\" data-caption=\"\" target=\"_blank\"><i class=\"icon-view\"><\/i><span class=\"overlay\"><\/span><img loading=\"lazy\" decoding=\"async\" width=\"150\" height=\"150\" src=\"https:\/\/zxdoll.com\/wp-content\/uploads\/2023\/03\/doll-look-alike-z4s5-150x150.jpg\" class=\"attachment-thumbnail size-thumbnail\" alt=\"\" title=\"\"><\/a><\/li><li><a data-fancybox=\"gallery810\" href=\"https:\/\/zxdoll.com\/wp-content\/uploads\/2023\/03\/doll-look-alike-z4s6-533x800.jpg\" class=\"eig-popup\" title=\"\" data-caption=\"\" target=\"_blank\"><i class=\"icon-view\"><\/i><span class=\"overlay\"><\/span><img loading=\"lazy\" decoding=\"async\" width=\"150\" height=\"150\" src=\"https:\/\/zxdoll.com\/wp-content\/uploads\/2023\/03\/doll-look-alike-z4s6-150x150.jpg\" class=\"attachment-thumbnail size-thumbnail\" alt=\"\" title=\"\"><\/a><\/li><li><a data-fancybox=\"gallery810\" href=\"https:\/\/zxdoll.com\/wp-content\/uploads\/2023\/03\/doll-look-alike-z4s8-533x800.jpg\" class=\"eig-popup\" title=\"\" data-caption=\"\" target=\"_blank\"><i class=\"icon-view\"><\/i><span class=\"overlay\"><\/span><img loading=\"lazy\" decoding=\"async\" width=\"150\" height=\"150\" src=\"https:\/\/zxdoll.com\/wp-content\/uploads\/2023\/03\/doll-look-alike-z4s8-150x150.jpg\" class=\"attachment-thumbnail size-thumbnail\" alt=\"\" title=\"\"><\/a><\/li><li><a data-fancybox=\"gallery810\" href=\"https:\/\/zxdoll.com\/wp-content\/uploads\/2023\/03\/doll-look-alike-z4s9-533x800.jpg\" class=\"eig-popup\" title=\"\" data-caption=\"\" target=\"_blank\"><i class=\"icon-view\"><\/i><span class=\"overlay\"><\/span><img loading=\"lazy\" decoding=\"async\" width=\"150\" height=\"150\" src=\"https:\/\/zxdoll.com\/wp-content\/uploads\/2023\/03\/doll-look-alike-z4s9-150x150.jpg\" class=\"attachment-thumbnail size-thumbnail\" alt=\"\" title=\"\"><\/a><\/li><li><a data-fancybox=\"gallery810\" href=\"https:\/\/zxdoll.com\/wp-content\/uploads\/2023\/03\/doll-look-alike-z4s11-533x800.jpg\" class=\"eig-popup\" title=\"\" data-caption=\"\" target=\"_blank\"><i class=\"icon-view\"><\/i><span class=\"overlay\"><\/span><img loading=\"lazy\" decoding=\"async\" width=\"150\" height=\"150\" src=\"https:\/\/zxdoll.com\/wp-content\/uploads\/2023\/03\/doll-look-alike-z4s11-150x150.jpg\" class=\"attachment-thumbnail size-thumbnail\" alt=\"\" title=\"\"><\/a><\/li><li><a data-fancybox=\"gallery810\" href=\"https:\/\/zxdoll.com\/wp-content\/uploads\/2023\/03\/doll-look-alike-z4s12-533x800.jpg\" class=\"eig-popup\" title=\"\" data-caption=\"\" target=\"_blank\"><i class=\"icon-view\"><\/i><span class=\"overlay\"><\/span><img loading=\"lazy\" decoding=\"async\" width=\"150\" height=\"150\" src=\"https:\/\/zxdoll.com\/wp-content\/uploads\/2023\/03\/doll-look-alike-z4s12-150x150.jpg\" class=\"attachment-thumbnail size-thumbnail\" alt=\"\" title=\"\"><\/a><\/li><li><a data-fancybox=\"gallery810\" href=\"https:\/\/zxdoll.com\/wp-content\/uploads\/2023\/03\/doll-look-alike-z4s13-533x800.jpg\" class=\"eig-popup\" title=\"\" data-caption=\"\" target=\"_blank\"><i class=\"icon-view\"><\/i><span class=\"overlay\"><\/span><img loading=\"lazy\" decoding=\"async\" width=\"150\" height=\"150\" src=\"https:\/\/zxdoll.com\/wp-content\/uploads\/2023\/03\/doll-look-alike-z4s13-150x150.jpg\" class=\"attachment-thumbnail size-thumbnail\" alt=\"\" title=\"\"><\/a><\/li><li><a data-fancybox=\"gallery810\" href=\"https:\/\/zxdoll.com\/wp-content\/uploads\/2023\/03\/doll-look-alike-z4s14-533x800.jpg\" class=\"eig-popup\" title=\"\" data-caption=\"\" target=\"_blank\"><i class=\"icon-view\"><\/i><span class=\"overlay\"><\/span><img loading=\"lazy\" decoding=\"async\" width=\"150\" height=\"150\" src=\"https:\/\/zxdoll.com\/wp-content\/uploads\/2023\/03\/doll-look-alike-z4s14-150x150.jpg\" class=\"attachment-thumbnail size-thumbnail\" alt=\"\" title=\"\"><\/a><\/li><li><a data-fancybox=\"gallery810\" href=\"https:\/\/zxdoll.com\/wp-content\/uploads\/2023\/03\/doll-look-alike-z4s15.jpg\" class=\"eig-popup\" title=\"\" data-caption=\"\" target=\"_blank\"><i class=\"icon-view\"><\/i><span class=\"overlay\"><\/span><img loading=\"lazy\" decoding=\"async\" width=\"150\" height=\"150\" src=\"https:\/\/zxdoll.com\/wp-content\/uploads\/2023\/03\/doll-look-alike-z4s15-150x150.jpg\" class=\"attachment-thumbnail size-thumbnail\" alt=\"\" title=\"\"><\/a><\/li><li><a data-fancybox=\"gallery810\" href=\"https:\/\/zxdoll.com\/wp-content\/uploads\/2023\/03\/doll-look-alike-z4s16.jpg\" class=\"eig-popup\" title=\"\" data-caption=\"\" target=\"_blank\"><i class=\"icon-view\"><\/i><span class=\"overlay\"><\/span><img loading=\"lazy\" decoding=\"async\" width=\"100\" height=\"150\" src=\"https:\/\/zxdoll.com\/wp-content\/uploads\/2023\/03\/doll-look-alike-z4s16.jpg\" class=\"attachment-thumbnail size-thumbnail\" alt=\"\" srcset=\"https:\/\/zxdoll.com\/wp-content\/uploads\/2023\/03\/doll-look-alike-z4s16.jpg 600w, https:\/\/zxdoll.com\/wp-content\/uploads\/2023\/03\/doll-look-alike-z4s16-430x645.jpg 430w\" sizes=\"(max-width: 100px) 100vw, 100px\" title=\"\"><\/a><\/li><li><a data-fancybox=\"gallery810\" href=\"https:\/\/zxdoll.com\/wp-content\/uploads\/2023\/03\/doll-look-alike-z4s17-533x800.jpg\" class=\"eig-popup\" title=\"\" data-caption=\"\" target=\"_blank\"><i class=\"icon-view\"><\/i><span class=\"overlay\"><\/span><img loading=\"lazy\" decoding=\"async\" width=\"150\" height=\"150\" src=\"https:\/\/zxdoll.com\/wp-content\/uploads\/2023\/03\/doll-look-alike-z4s17-150x150.jpg\" class=\"attachment-thumbnail size-thumbnail\" alt=\"\" title=\"\"><\/a><\/li><li><a data-fancybox=\"gallery810\" href=\"https:\/\/zxdoll.com\/wp-content\/uploads\/2023\/03\/doll-look-alike-z4s18-533x800.jpg\" class=\"eig-popup\" title=\"\" data-caption=\"\" target=\"_blank\"><i class=\"icon-view\"><\/i><span class=\"overlay\"><\/span><img loading=\"lazy\" decoding=\"async\" width=\"150\" height=\"150\" src=\"https:\/\/zxdoll.com\/wp-content\/uploads\/2023\/03\/doll-look-alike-z4s18-150x150.jpg\" class=\"attachment-thumbnail size-thumbnail\" alt=\"\" title=\"\"><\/a><\/li><li><a data-fancybox=\"gallery810\" href=\"https:\/\/zxdoll.com\/wp-content\/uploads\/2023\/03\/doll-look-alike-z4s19-513x800.jpg\" class=\"eig-popup\" title=\"\" data-caption=\"\" target=\"_blank\"><i class=\"icon-view\"><\/i><span class=\"overlay\"><\/span><img loading=\"lazy\" decoding=\"async\" width=\"150\" height=\"150\" src=\"https:\/\/zxdoll.com\/wp-content\/uploads\/2023\/03\/doll-look-alike-z4s19-150x150.jpg\" class=\"attachment-thumbnail size-thumbnail\" alt=\"\" title=\"\"><\/a><\/li><li><a data-fancybox=\"gallery810\" href=\"https:\/\/zxdoll.com\/wp-content\/uploads\/2023\/03\/doll-look-alike-z4s20-533x800.jpg\" class=\"eig-popup\" title=\"\" data-caption=\"\" target=\"_blank\"><i class=\"icon-view\"><\/i><span class=\"overlay\"><\/span><img loading=\"lazy\" decoding=\"async\" width=\"150\" height=\"150\" src=\"https:\/\/zxdoll.com\/wp-content\/uploads\/2023\/03\/doll-look-alike-z4s20-150x150.jpg\" class=\"attachment-thumbnail size-thumbnail\" alt=\"\" title=\"\"><\/a><\/li><li><a data-fancybox=\"gallery810\" href=\"https:\/\/zxdoll.com\/wp-content\/uploads\/2023\/03\/doll-look-alike-z4s21-533x800.jpg\" class=\"eig-popup\" title=\"\" data-caption=\"\" target=\"_blank\"><i class=\"icon-view\"><\/i><span class=\"overlay\"><\/span><img loading=\"lazy\" decoding=\"async\" width=\"150\" height=\"150\" src=\"https:\/\/zxdoll.com\/wp-content\/uploads\/2023\/03\/doll-look-alike-z4s21-150x150.jpg\" class=\"attachment-thumbnail size-thumbnail\" alt=\"\" title=\"\"><\/a><\/li><li><a data-fancybox=\"gallery810\" href=\"https:\/\/zxdoll.com\/wp-content\/uploads\/2023\/03\/doll-look-alike-z4s22-533x800.jpg\" class=\"eig-popup\" title=\"\" data-caption=\"\" target=\"_blank\"><i class=\"icon-view\"><\/i><span class=\"overlay\"><\/span><img loading=\"lazy\" decoding=\"async\" width=\"150\" height=\"150\" src=\"https:\/\/zxdoll.com\/wp-content\/uploads\/2023\/03\/doll-look-alike-z4s22-150x150.jpg\" class=\"attachment-thumbnail size-thumbnail\" alt=\"\" title=\"\"><\/a><\/li><\/ul>\n<h4>M\u00e9rett\u00e1bl\u00e1zatok<\/h4>\n<table width=\"269\">\n<tbody>\n<tr>\n<td width=\"130\">Anyag<\/td>\n<td width=\"139\">TPE<\/td>\n<\/tr>\n<tr>\n<td>Magass\u00e1g<\/td>\n<td>156 cm<\/td>\n<\/tr>\n<tr>\n<td>Mell<\/td>\n<td>80 cm<\/td>\n<\/tr>\n<tr>\n<td>Der\u00e9k<\/td>\n<td>61 cm<\/td>\n<\/tr>\n<tr>\n<td>Cs\u00edp\u0151<\/td>\n<td>90 cm<\/td>\n<\/tr>\n<tr>\n<td>V\u00e1ll<\/td>\n<td>34 cm<\/td>\n<\/tr>\n<tr>\n<td>L\u00e1b hossz<\/td>\n<td>78 cm<\/td>\n<\/tr>\n<tr>\n<td>Kar hossz\u00fas\u00e1g<\/td>\n<td>56 cm<\/td>\n<\/tr>\n<tr>\n<td>L\u00e1bhossz<\/td>\n<td>22 cm<\/td>\n<\/tr>\n<tr>\n<td>Nett\u00f3 t\u00f6meg<\/td>\n<td>39 kg<\/td>\n<\/tr>\n<tr>\n<td>Or\u00e1lis m\u00e9lys\u00e9g<\/td>\n<td>11 cm<\/td>\n<\/tr>\n<tr>\n<td>H\u00fcvelym\u00e9lys\u00e9g<\/td>\n<td>17 cm<\/td>\n<\/tr>\n<tr>\n<td>An\u00e1lis m\u00e9lys\u00e9g<\/td>\n<td>16 cm<\/td>\n<\/tr>\n<\/tbody>\n<\/table>\n<h4>A szexbab\u00e1r\u00f3l<\/h4>\n<p>A jap\u00e1n szexbab\u00e1k hajlamosak megadni azt az el\u00e9gedetts\u00e9get, amire v\u00e1gysz, \u00e9s biztos lehetsz abban, hogy ezt a fajta el\u00e9gedetts\u00e9get semmi sem \u00e9ri el. Ha olyan f\u00e9rfi vagy, akinek vad v\u00e1gyai vannak, \u00e9s \u00fagy gondolod, hogy semmi sem tudja megadni azt, amit szeretn\u00e9l, akkor pr\u00f3b\u00e1ld meg \u00fagy kibaszott \u00e9letet, mint a szexbab\u00e1k. Soha nem okoznak csal\u00f3d\u00e1st. K\u00fcl\u00f6nf\u00e9le ruh\u00e1k \u00e1llnak rendelkez\u00e9sre a szexbab\u00e1dhoz. \u00c9rdemes megfontolni, hogy el\u0151kel\u0151en \u00e9s eleg\u00e1nsan n\u00e9zzen ki, egy gy\u00f6ny\u00f6r\u0171 sz\u00e9ps\u00e9g, amely k\u00e9szen \u00e1ll a d\u00f6r\u00f6mb\u00f6l\u00e9sre, kaphat\u00f3 kis kend\u0151 bab\u00e1k sz\u00e1m\u00e1ra, \u00e9s v\u00e1laszthat n\u00e9h\u00e1ny szok\u00e1sos ruh\u00e1t, amely megfelel az aj\u00e1nl\u00e1sainknak.<\/p>\n<p>A k\u00fcl\u00f6nf\u00e9le \u00e9letvitel, p\u00e9ld\u00e1ul a sexdoll-vide\u00f3k az interneten mutathatj\u00e1k meg, mire sz\u00e1m\u00edtson, \u00e9s mit kell tennie, ha \u00fajonc vagy. Ezek a szexbab\u00e1khoz hasonl\u00f3 \u00e9let a szex istenn\u0151je, mindig k\u00e9szen \u00e1ll arra, hogy val\u00f3ra v\u00e1ltsa \u00e1lmait.<\/p>\n<p>Az olyan kibaszott \u00e9let, mint a sexdoll, \u00e1ltal\u00e1ban seg\u00edt, ha stresszes vagy, \u00e9s ellaz\u00edt, megnyugtatja a lelkedet, \u00e9s m\u00e9g a j\u00f3 szexr\u0151l is ismert, hogy felfriss\u00fclsz \u00e9s fiatalabbnak l\u00e1tszol.<\/p>","protected":false},"excerpt":{"rendered":"<p>Szexbaba k\u00e9pek M\u00e9rett\u00e1bl\u00e1zat Anyag TPE magass\u00e1g 156 cm mell 80 cm der\u00e9k 61 cm cs\u00edp\u0151 90 cm v\u00e1ll 34 cm l\u00e1b hossz 78 cm<\/p>","protected":false},"featured_media":21205,"comment_status":"open","ping_status":"closed","template":"","meta":[],"product_brand":[],"product_cat":[112,230,100,107,117,119],"product_tag":[],"class_list":{"0":"post-21191","1":"product","2":"type-product","3":"status-publish","4":"has-post-thumbnail","6":"product_cat-150cm-159cm-sex-dolls","7":"product_cat-36kg-40kg","8":"product_cat-lifelike-love-dolls","9":"product_cat-skinny-sex-dolls","10":"product_cat-small-breast-sex-doll","11":"product_cat-tpe-sex-doll","12":"pa_brand-hr-doll","13":"tm-has-options","15":"first","16":"instock","17":"sale","18":"shipping-taxable","19":"purchasable","20":"product-type-simple"},"_links":{"self":[{"href":"https:\/\/zxdoll.com\/hu\/wp-json\/wp\/v2\/product\/21191","targetHints":{"allow":["GET"]}}],"collection":[{"href":"https:\/\/zxdoll.com\/hu\/wp-json\/wp\/v2\/product"}],"about":[{"href":"https:\/\/zxdoll.com\/hu\/wp-json\/wp\/v2\/types\/product"}],"replies":[{"embeddable":true,"href":"https:\/\/zxdoll.com\/hu\/wp-json\/wp\/v2\/comments?post=21191"}],"version-history":[{"count":1,"href":"https:\/\/zxdoll.com\/hu\/wp-json\/wp\/v2\/product\/21191\/revisions"}],"predecessor-version":[{"id":101288,"href":"https:\/\/zxdoll.com\/hu\/wp-json\/wp\/v2\/product\/21191\/revisions\/101288"}],"wp:featuredmedia":[{"embeddable":true,"href":"https:\/\/zxdoll.com\/hu\/wp-json\/wp\/v2\/media\/21205"}],"wp:attachment":[{"href":"https:\/\/zxdoll.com\/hu\/wp-json\/wp\/v2\/media?parent=21191"}],"wp:term":[{"taxonomy":"product_brand","embeddable":true,"href":"https:\/\/zxdoll.com\/hu\/wp-json\/wp\/v2\/product_brand?post=21191"},{"taxonomy":"product_cat","embeddable":true,"href":"https:\/\/zxdoll.com\/hu\/wp-json\/wp\/v2\/product_cat?post=21191"},{"taxonomy":"product_tag","embeddable":true,"href":"https:\/\/zxdoll.com\/hu\/wp-json\/wp\/v2\/product_tag?post=21191"}],"curies":[{"name":"wp","href":"https:\/\/api.w.org\/{rel}","templated":true}]}}