{"id":20104,"date":"2023-03-04T05:19:48","date_gmt":"2023-03-03T21:19:48","guid":{"rendered":"https:\/\/zxdoll.com\/?post_type=product&#038;p=20104"},"modified":"2025-09-08T22:47:33","modified_gmt":"2025-09-08T14:47:33","slug":"fucking-life-size-female-sex-doll","status":"publish","type":"product","link":"https:\/\/zxdoll.com\/hu\/product\/fucking-life-size-female-sex-doll\/","title":{"rendered":"Kibaszott \u00e9letnagys\u00e1g\u00fa n\u0151i szexbaba Teresa 166 cm"},"content":{"rendered":"<h4><strong>Szexbaba k\u00e9pek<\/strong><\/h4>\n\t                <ul class=\"easy-image-gallery thumbnails-12 linked\">\r\n                    <li><a data-fancybox=\"gallery472\" href=\"https:\/\/zxdoll.com\/wp-content\/uploads\/2023\/03\/sexdoll-occasion-k31-533x800.jpg\" class=\"eig-popup\" title=\"\" data-caption=\"\" target=\"_blank\"><i class=\"icon-view\"><\/i><span class=\"overlay\"><\/span><img decoding=\"async\" width=\"150\" height=\"150\" src=\"https:\/\/zxdoll.com\/wp-content\/uploads\/2023\/03\/sexdoll-occasion-k31-150x150.jpg\" class=\"attachment-thumbnail size-thumbnail\" alt=\"\" title=\"\"><\/a><\/li><li><a data-fancybox=\"gallery472\" href=\"https:\/\/zxdoll.com\/wp-content\/uploads\/2023\/03\/sexdoll-occasion-k32-1-540x800.jpg\" class=\"eig-popup\" title=\"\" data-caption=\"\" target=\"_blank\"><i class=\"icon-view\"><\/i><span class=\"overlay\"><\/span><img decoding=\"async\" width=\"150\" height=\"150\" src=\"https:\/\/zxdoll.com\/wp-content\/uploads\/2023\/03\/sexdoll-occasion-k32-1-150x150.jpg\" class=\"attachment-thumbnail size-thumbnail\" alt=\"\" title=\"\"><\/a><\/li><li><a data-fancybox=\"gallery472\" href=\"https:\/\/zxdoll.com\/wp-content\/uploads\/2023\/03\/sexdoll-occasion-k33-533x800.jpg\" class=\"eig-popup\" title=\"\" data-caption=\"\" target=\"_blank\"><i class=\"icon-view\"><\/i><span class=\"overlay\"><\/span><img decoding=\"async\" width=\"150\" height=\"150\" src=\"https:\/\/zxdoll.com\/wp-content\/uploads\/2023\/03\/sexdoll-occasion-k33-150x150.jpg\" class=\"attachment-thumbnail size-thumbnail\" alt=\"\" title=\"\"><\/a><\/li><li><a data-fancybox=\"gallery472\" href=\"https:\/\/zxdoll.com\/wp-content\/uploads\/2023\/03\/sexdoll-occasion-k34-533x800.jpg\" class=\"eig-popup\" title=\"\" data-caption=\"\" target=\"_blank\"><i class=\"icon-view\"><\/i><span class=\"overlay\"><\/span><img loading=\"lazy\" decoding=\"async\" width=\"150\" height=\"150\" src=\"https:\/\/zxdoll.com\/wp-content\/uploads\/2023\/03\/sexdoll-occasion-k34-150x150.jpg\" class=\"attachment-thumbnail size-thumbnail\" alt=\"\" title=\"\"><\/a><\/li><li><a data-fancybox=\"gallery472\" href=\"https:\/\/zxdoll.com\/wp-content\/uploads\/2023\/03\/sexdoll-occasion-k35-533x800.jpg\" class=\"eig-popup\" title=\"\" data-caption=\"\" target=\"_blank\"><i class=\"icon-view\"><\/i><span class=\"overlay\"><\/span><img loading=\"lazy\" decoding=\"async\" width=\"150\" height=\"150\" src=\"https:\/\/zxdoll.com\/wp-content\/uploads\/2023\/03\/sexdoll-occasion-k35-150x150.jpg\" class=\"attachment-thumbnail size-thumbnail\" alt=\"\" title=\"\"><\/a><\/li><li><a data-fancybox=\"gallery472\" href=\"https:\/\/zxdoll.com\/wp-content\/uploads\/2023\/03\/sexdoll-occasion-k36-533x800.jpg\" class=\"eig-popup\" title=\"\" data-caption=\"\" target=\"_blank\"><i class=\"icon-view\"><\/i><span class=\"overlay\"><\/span><img loading=\"lazy\" decoding=\"async\" width=\"150\" height=\"150\" src=\"https:\/\/zxdoll.com\/wp-content\/uploads\/2023\/03\/sexdoll-occasion-k36-150x150.jpg\" class=\"attachment-thumbnail size-thumbnail\" alt=\"\" title=\"\"><\/a><\/li><li><a data-fancybox=\"gallery472\" href=\"https:\/\/zxdoll.com\/wp-content\/uploads\/2023\/03\/sexdoll-occasion-k37-785x800.jpg\" class=\"eig-popup\" title=\"\" data-caption=\"\" target=\"_blank\"><i class=\"icon-view\"><\/i><span class=\"overlay\"><\/span><img loading=\"lazy\" decoding=\"async\" width=\"150\" height=\"150\" src=\"https:\/\/zxdoll.com\/wp-content\/uploads\/2023\/03\/sexdoll-occasion-k37-150x150.jpg\" class=\"attachment-thumbnail size-thumbnail\" alt=\"\" srcset=\"https:\/\/zxdoll.com\/wp-content\/uploads\/2023\/03\/sexdoll-occasion-k37-150x150.jpg 150w, https:\/\/zxdoll.com\/wp-content\/uploads\/2023\/03\/sexdoll-occasion-k37-12x12.jpg 12w\" sizes=\"(max-width: 150px) 100vw, 150px\" title=\"\"><\/a><\/li><li><a data-fancybox=\"gallery472\" href=\"https:\/\/zxdoll.com\/wp-content\/uploads\/2023\/03\/sexdoll-occasion-k38-533x800.jpg\" class=\"eig-popup\" title=\"\" data-caption=\"\" target=\"_blank\"><i class=\"icon-view\"><\/i><span class=\"overlay\"><\/span><img loading=\"lazy\" decoding=\"async\" width=\"150\" height=\"150\" src=\"https:\/\/zxdoll.com\/wp-content\/uploads\/2023\/03\/sexdoll-occasion-k38-150x150.jpg\" class=\"attachment-thumbnail size-thumbnail\" alt=\"\" title=\"\"><\/a><\/li><li><a data-fancybox=\"gallery472\" href=\"https:\/\/zxdoll.com\/wp-content\/uploads\/2023\/03\/sexdoll-occasion-k39-533x800.jpg\" class=\"eig-popup\" title=\"\" data-caption=\"\" target=\"_blank\"><i class=\"icon-view\"><\/i><span class=\"overlay\"><\/span><img loading=\"lazy\" decoding=\"async\" width=\"150\" height=\"150\" src=\"https:\/\/zxdoll.com\/wp-content\/uploads\/2023\/03\/sexdoll-occasion-k39-150x150.jpg\" class=\"attachment-thumbnail size-thumbnail\" alt=\"\" title=\"\"><\/a><\/li><li><a data-fancybox=\"gallery472\" href=\"https:\/\/zxdoll.com\/wp-content\/uploads\/2023\/03\/sexdoll-occasion-k310-533x800.jpg\" class=\"eig-popup\" title=\"\" data-caption=\"\" target=\"_blank\"><i class=\"icon-view\"><\/i><span class=\"overlay\"><\/span><img loading=\"lazy\" decoding=\"async\" width=\"150\" height=\"150\" src=\"https:\/\/zxdoll.com\/wp-content\/uploads\/2023\/03\/sexdoll-occasion-k310-150x150.jpg\" class=\"attachment-thumbnail size-thumbnail\" alt=\"\" title=\"\"><\/a><\/li><li><a data-fancybox=\"gallery472\" href=\"https:\/\/zxdoll.com\/wp-content\/uploads\/2023\/03\/sexdoll-occasion-k311-533x800.jpg\" class=\"eig-popup\" title=\"\" data-caption=\"\" target=\"_blank\"><i class=\"icon-view\"><\/i><span class=\"overlay\"><\/span><img loading=\"lazy\" decoding=\"async\" width=\"150\" height=\"150\" src=\"https:\/\/zxdoll.com\/wp-content\/uploads\/2023\/03\/sexdoll-occasion-k311-150x150.jpg\" class=\"attachment-thumbnail size-thumbnail\" alt=\"\" title=\"\"><\/a><\/li><li><a data-fancybox=\"gallery472\" href=\"https:\/\/zxdoll.com\/wp-content\/uploads\/2023\/03\/sexdoll-occasion-k312-533x800.jpg\" class=\"eig-popup\" title=\"\" data-caption=\"\" target=\"_blank\"><i class=\"icon-view\"><\/i><span class=\"overlay\"><\/span><img loading=\"lazy\" decoding=\"async\" width=\"150\" height=\"150\" src=\"https:\/\/zxdoll.com\/wp-content\/uploads\/2023\/03\/sexdoll-occasion-k312-150x150.jpg\" class=\"attachment-thumbnail size-thumbnail\" alt=\"\" title=\"\"><\/a><\/li><\/ul>\n<h4>M\u00e9rett\u00e1bl\u00e1zatok<\/h4>\n<table width=\"384\">\n<tbody>\n<tr>\n<td width=\"173\">Anyag<\/td>\n<td width=\"139\">TPE<\/td>\n<\/tr>\n<tr>\n<td width=\"173\">Magass\u00e1g<\/td>\n<td width=\"139\">166 cm<\/td>\n<\/tr>\n<tr>\n<td>Mellb\u0151s\u00e9g<\/td>\n<td>85 cm<\/td>\n<\/tr>\n<tr>\n<td>Lefel\u00e9 mellszobor<\/td>\n<td>66 cm<\/td>\n<\/tr>\n<tr>\n<td>Cs\u00edp\u0151<\/td>\n<td>90 cm<\/td>\n<\/tr>\n<tr>\n<td>Der\u00e9k<\/td>\n<td>59 cm<\/td>\n<\/tr>\n<tr>\n<td>V\u00e1ll<\/td>\n<td>41 cm<\/td>\n<\/tr>\n<tr>\n<td>Kar hossz\u00fas\u00e1g<\/td>\n<td>45 cm<\/td>\n<\/tr>\n<tr>\n<td>K\u00e9z hossza<\/td>\n<td>16 cm<\/td>\n<\/tr>\n<tr>\n<td>L\u00e1b hossz<\/td>\n<td>86 cm<\/td>\n<\/tr>\n<tr>\n<td>Or\u00e1lis<\/td>\n<td>12 cm<\/td>\n<\/tr>\n<tr>\n<td>H\u00fcvelyi<\/td>\n<td>16 cm<\/td>\n<\/tr>\n<tr>\n<td>V\u00e9gb\u00e9lny\u00edl\u00e1s<\/td>\n<td>14 cm<\/td>\n<\/tr>\n<tr>\n<td>L\u00e1bhossz<\/td>\n<td>22 cm<\/td>\n<\/tr>\n<tr>\n<td>Nyak ker\u00fclete<\/td>\n<td>27 cm<\/td>\n<\/tr>\n<tr>\n<td>Nett\u00f3 t\u00f6meg<\/td>\n<td>38 kg<\/td>\n<\/tr>\n<\/tbody>\n<\/table>\n<h4>A szexbab\u00e1r\u00f3l<\/h4>\n<p>Fiatalkor\u00e1ban olyan \u00e9rz\u00e9s, amelyre mindenki v\u00e1gyik minden adott alkalomn\u00e1l, \u00e9s mi most ezt a lehet\u0151s\u00e9get nagyon olcs\u00f3n megadjuk \u00d6nnek. Az \u00e9leth\u0171 n\u0151i szexbab\u00e1val \u00fajra megl\u00e1togathatod azt a fiatals\u00e1got, \u00e9s teljes \u00edzel\u00edt\u0151t kaphatsz abb\u00f3l, milyen egy fiatalos puncival szexelni, \u00e9s \u00fagy \u00e9rezheted, hogy megval\u00f3sul az \u00e1lmod. Az \u00e9leth\u0171 n\u0151i szexbab\u00e1k erotikusak, \u00e9s vad erotikus szexet ny\u00fajtanak, amir\u0151l mindig is \u00e1lmodt\u00e1l, egy bizonyos fajta szexet, amely feldobja az elm\u00e9t, \u00e9s m\u00e9g t\u00f6bb\u00e9rt k\u00f6ny\u00f6r\u00f6g. A val\u00f3s\u00e1gh\u0171 feln\u0151tt szexj\u00e1t\u00e9kokra nagyon k\u00f6nny\u0171 r\u00e1bukkanni, ha a megfelel\u0151 helyen keresg\u00e9l.<\/p>\n<p>Lehet, hogy az ember nem tud minden p\u00e9nzt bedobni egy \u00faj, \u00e9letnagys\u00e1g\u00fa szexbaba v\u00e1s\u00e1rl\u00e1s\u00e1ra, de mindig vannak haszn\u00e1lt val\u00f3di szexbab\u00e1k, amelyeket kisebb \u00f6sszeg\u00e9rt meg lehet v\u00e1s\u00e1rolni, \u00e9s tov\u00e1bbra is t\u00f6k\u00e9letesen m\u0171k\u00f6dnek. Ha ez azt jelenti, hogy megval\u00f3s\u00edtsa \u00e1lm\u00e1t, akkor semmi sem t\u00fal kicsi ahhoz, hogy \u00e1ldozatot hozzon. N\u00e9h\u00e1ny sz\u00e1z doll\u00e1rod arra szolg\u00e1l, hogy a lehet\u0151 legjobb m\u00f3don \u00e9lvezd a szexet. \u00c9s ez el\u00e9g ahhoz, hogy meghozza a k\u00edv\u00e1nt boldogs\u00e1got.<\/p>\n<p>Ha egy igazi feln\u0151tt szexbab\u00e1val szeretn\u00e9l szexelni, akkor \u00e9rdemes megfontolni egy ilyen bab\u00e1t. Ha m\u00e9g nem ismeri a szerelmes bab\u00e1kat, akkor \u00e9rdemes \u00faj kalandokat kipr\u00f3b\u00e1lnia.<\/p>","protected":false},"excerpt":{"rendered":"<p>Szexbaba k\u00e9pek M\u00e9rett\u00e1bl\u00e1zat Anyag TPE magass\u00e1g 166 cm mell 85 cm lefel\u00e9 mell 66 cm cs\u00edp\u0151 90 cm der\u00e9k 59 cm v\u00e1ll 41 cm<\/p>","protected":false},"featured_media":61200,"comment_status":"open","ping_status":"closed","template":"","meta":[],"product_brand":[],"product_cat":[75,230,98,107,117,119],"product_tag":[],"class_list":{"0":"post-20104","1":"product","2":"type-product","3":"status-publish","4":"has-post-thumbnail","6":"product_cat-160cm-170cm-sex-dolls","7":"product_cat-36kg-40kg","8":"product_cat-realistic-sex-dolls","9":"product_cat-skinny-sex-dolls","10":"product_cat-small-breast-sex-doll","11":"product_cat-tpe-sex-doll","12":"pa_brand-as-doll","13":"tm-has-options","15":"first","16":"instock","17":"sale","18":"shipping-taxable","19":"purchasable","20":"product-type-simple"},"_links":{"self":[{"href":"https:\/\/zxdoll.com\/hu\/wp-json\/wp\/v2\/product\/20104","targetHints":{"allow":["GET"]}}],"collection":[{"href":"https:\/\/zxdoll.com\/hu\/wp-json\/wp\/v2\/product"}],"about":[{"href":"https:\/\/zxdoll.com\/hu\/wp-json\/wp\/v2\/types\/product"}],"replies":[{"embeddable":true,"href":"https:\/\/zxdoll.com\/hu\/wp-json\/wp\/v2\/comments?post=20104"}],"version-history":[{"count":1,"href":"https:\/\/zxdoll.com\/hu\/wp-json\/wp\/v2\/product\/20104\/revisions"}],"predecessor-version":[{"id":154789,"href":"https:\/\/zxdoll.com\/hu\/wp-json\/wp\/v2\/product\/20104\/revisions\/154789"}],"wp:featuredmedia":[{"embeddable":true,"href":"https:\/\/zxdoll.com\/hu\/wp-json\/wp\/v2\/media\/61200"}],"wp:attachment":[{"href":"https:\/\/zxdoll.com\/hu\/wp-json\/wp\/v2\/media?parent=20104"}],"wp:term":[{"taxonomy":"product_brand","embeddable":true,"href":"https:\/\/zxdoll.com\/hu\/wp-json\/wp\/v2\/product_brand?post=20104"},{"taxonomy":"product_cat","embeddable":true,"href":"https:\/\/zxdoll.com\/hu\/wp-json\/wp\/v2\/product_cat?post=20104"},{"taxonomy":"product_tag","embeddable":true,"href":"https:\/\/zxdoll.com\/hu\/wp-json\/wp\/v2\/product_tag?post=20104"}],"curies":[{"name":"wp","href":"https:\/\/api.w.org\/{rel}","templated":true}]}}