{"id":195273,"date":"2025-08-31T23:28:29","date_gmt":"2025-08-31T15:28:29","guid":{"rendered":"https:\/\/zxdoll.com\/?post_type=product&#038;p=195273"},"modified":"2025-09-03T01:23:39","modified_gmt":"2025-09-02T17:23:39","slug":"life-size-sex-doll-instagram","status":"publish","type":"product","link":"https:\/\/zxdoll.com\/hu\/product\/life-size-sex-doll-instagram\/","title":{"rendered":"Life Size Sex Doll Instagram Keshia 151cm"},"content":{"rendered":"<h4><strong>Szexbaba k\u00e9pek<\/strong><\/h4>\n\t                <ul class=\"easy-image-gallery thumbnails-23 linked\">\r\n                    <li><a data-fancybox=\"gallery986\" href=\"https:\/\/zxdoll.com\/wp-content\/uploads\/2025\/08\/image-of-sex-doll-fIf63s1-533x800.jpg\" class=\"eig-popup\" title=\"\" data-caption=\"\" target=\"_blank\"><i class=\"icon-view\"><\/i><span class=\"overlay\"><\/span><img decoding=\"async\" width=\"150\" height=\"150\" src=\"https:\/\/zxdoll.com\/wp-content\/uploads\/2025\/08\/image-of-sex-doll-fIf63s1-150x150.jpg\" class=\"attachment-thumbnail size-thumbnail\" alt=\"\" title=\"\"><\/a><\/li><li><a data-fancybox=\"gallery986\" href=\"https:\/\/zxdoll.com\/wp-content\/uploads\/2025\/08\/image-of-sex-doll-fIf63s2-533x800.jpg\" class=\"eig-popup\" title=\"\" data-caption=\"\" target=\"_blank\"><i class=\"icon-view\"><\/i><span class=\"overlay\"><\/span><img decoding=\"async\" width=\"150\" height=\"150\" src=\"https:\/\/zxdoll.com\/wp-content\/uploads\/2025\/08\/image-of-sex-doll-fIf63s2-150x150.jpg\" class=\"attachment-thumbnail size-thumbnail\" alt=\"\" title=\"\"><\/a><\/li><li><a data-fancybox=\"gallery986\" href=\"https:\/\/zxdoll.com\/wp-content\/uploads\/2025\/08\/image-of-sex-doll-fIf63s3-533x800.jpg\" class=\"eig-popup\" title=\"\" data-caption=\"\" target=\"_blank\"><i class=\"icon-view\"><\/i><span class=\"overlay\"><\/span><img decoding=\"async\" width=\"150\" height=\"150\" src=\"https:\/\/zxdoll.com\/wp-content\/uploads\/2025\/08\/image-of-sex-doll-fIf63s3-150x150.jpg\" class=\"attachment-thumbnail size-thumbnail\" alt=\"\" title=\"\"><\/a><\/li><li><a data-fancybox=\"gallery986\" href=\"https:\/\/zxdoll.com\/wp-content\/uploads\/2025\/08\/image-of-sex-doll-fIf63s4-533x800.jpg\" class=\"eig-popup\" title=\"\" data-caption=\"\" target=\"_blank\"><i class=\"icon-view\"><\/i><span class=\"overlay\"><\/span><img loading=\"lazy\" decoding=\"async\" width=\"150\" height=\"150\" src=\"https:\/\/zxdoll.com\/wp-content\/uploads\/2025\/08\/image-of-sex-doll-fIf63s4-150x150.jpg\" class=\"attachment-thumbnail size-thumbnail\" alt=\"\" title=\"\"><\/a><\/li><li><a data-fancybox=\"gallery986\" href=\"https:\/\/zxdoll.com\/wp-content\/uploads\/2025\/08\/image-of-sex-doll-fIf63s5-533x800.jpg\" class=\"eig-popup\" title=\"\" data-caption=\"\" target=\"_blank\"><i class=\"icon-view\"><\/i><span class=\"overlay\"><\/span><img loading=\"lazy\" decoding=\"async\" width=\"150\" height=\"150\" src=\"https:\/\/zxdoll.com\/wp-content\/uploads\/2025\/08\/image-of-sex-doll-fIf63s5-150x150.jpg\" class=\"attachment-thumbnail size-thumbnail\" alt=\"\" title=\"\"><\/a><\/li><li><a data-fancybox=\"gallery986\" href=\"https:\/\/zxdoll.com\/wp-content\/uploads\/2025\/08\/image-of-sex-doll-fIf63s6-1-533x800.jpg\" class=\"eig-popup\" title=\"\" data-caption=\"\" target=\"_blank\"><i class=\"icon-view\"><\/i><span class=\"overlay\"><\/span><img loading=\"lazy\" decoding=\"async\" width=\"150\" height=\"150\" src=\"https:\/\/zxdoll.com\/wp-content\/uploads\/2025\/08\/image-of-sex-doll-fIf63s6-1-150x150.jpg\" class=\"attachment-thumbnail size-thumbnail\" alt=\"\" title=\"\"><\/a><\/li><li><a data-fancybox=\"gallery986\" href=\"https:\/\/zxdoll.com\/wp-content\/uploads\/2025\/08\/image-of-sex-doll-fIf63s7-533x800.jpg\" class=\"eig-popup\" title=\"\" data-caption=\"\" target=\"_blank\"><i class=\"icon-view\"><\/i><span class=\"overlay\"><\/span><img loading=\"lazy\" decoding=\"async\" width=\"150\" height=\"150\" src=\"https:\/\/zxdoll.com\/wp-content\/uploads\/2025\/08\/image-of-sex-doll-fIf63s7-150x150.jpg\" class=\"attachment-thumbnail size-thumbnail\" alt=\"\" title=\"\"><\/a><\/li><li><a data-fancybox=\"gallery986\" href=\"https:\/\/zxdoll.com\/wp-content\/uploads\/2025\/08\/image-of-sex-doll-fIf63s8-533x800.jpg\" class=\"eig-popup\" title=\"\" data-caption=\"\" target=\"_blank\"><i class=\"icon-view\"><\/i><span class=\"overlay\"><\/span><img loading=\"lazy\" decoding=\"async\" width=\"150\" height=\"150\" src=\"https:\/\/zxdoll.com\/wp-content\/uploads\/2025\/08\/image-of-sex-doll-fIf63s8-150x150.jpg\" class=\"attachment-thumbnail size-thumbnail\" alt=\"\" title=\"\"><\/a><\/li><li><a data-fancybox=\"gallery986\" href=\"https:\/\/zxdoll.com\/wp-content\/uploads\/2025\/08\/image-of-sex-doll-fIf63s9-533x800.jpg\" class=\"eig-popup\" title=\"\" data-caption=\"\" target=\"_blank\"><i class=\"icon-view\"><\/i><span class=\"overlay\"><\/span><img loading=\"lazy\" decoding=\"async\" width=\"150\" height=\"150\" src=\"https:\/\/zxdoll.com\/wp-content\/uploads\/2025\/08\/image-of-sex-doll-fIf63s9-150x150.jpg\" class=\"attachment-thumbnail size-thumbnail\" alt=\"\" title=\"\"><\/a><\/li><li><a data-fancybox=\"gallery986\" href=\"https:\/\/zxdoll.com\/wp-content\/uploads\/2025\/08\/image-of-sex-doll-fIf63s10-533x800.jpg\" class=\"eig-popup\" title=\"\" data-caption=\"\" target=\"_blank\"><i class=\"icon-view\"><\/i><span class=\"overlay\"><\/span><img loading=\"lazy\" decoding=\"async\" width=\"150\" height=\"150\" src=\"https:\/\/zxdoll.com\/wp-content\/uploads\/2025\/08\/image-of-sex-doll-fIf63s10-150x150.jpg\" class=\"attachment-thumbnail size-thumbnail\" alt=\"\" title=\"\"><\/a><\/li><li><a data-fancybox=\"gallery986\" href=\"https:\/\/zxdoll.com\/wp-content\/uploads\/2025\/08\/image-of-sex-doll-fIf63s11-533x800.jpg\" class=\"eig-popup\" title=\"\" data-caption=\"\" target=\"_blank\"><i class=\"icon-view\"><\/i><span class=\"overlay\"><\/span><img loading=\"lazy\" decoding=\"async\" width=\"150\" height=\"150\" src=\"https:\/\/zxdoll.com\/wp-content\/uploads\/2025\/08\/image-of-sex-doll-fIf63s11-150x150.jpg\" class=\"attachment-thumbnail size-thumbnail\" alt=\"\" title=\"\"><\/a><\/li><li><a data-fancybox=\"gallery986\" href=\"https:\/\/zxdoll.com\/wp-content\/uploads\/2025\/08\/image-of-sex-doll-fIf63s12-533x800.jpg\" class=\"eig-popup\" title=\"\" data-caption=\"\" target=\"_blank\"><i class=\"icon-view\"><\/i><span class=\"overlay\"><\/span><img loading=\"lazy\" decoding=\"async\" width=\"150\" height=\"150\" src=\"https:\/\/zxdoll.com\/wp-content\/uploads\/2025\/08\/image-of-sex-doll-fIf63s12-150x150.jpg\" class=\"attachment-thumbnail size-thumbnail\" alt=\"\" title=\"\"><\/a><\/li><li><a data-fancybox=\"gallery986\" href=\"https:\/\/zxdoll.com\/wp-content\/uploads\/2025\/08\/image-of-sex-doll-fIf63s13-533x800.jpg\" class=\"eig-popup\" title=\"\" data-caption=\"\" target=\"_blank\"><i class=\"icon-view\"><\/i><span class=\"overlay\"><\/span><img loading=\"lazy\" decoding=\"async\" width=\"150\" height=\"150\" src=\"https:\/\/zxdoll.com\/wp-content\/uploads\/2025\/08\/image-of-sex-doll-fIf63s13-150x150.jpg\" class=\"attachment-thumbnail size-thumbnail\" alt=\"\" title=\"\"><\/a><\/li><li><a data-fancybox=\"gallery986\" href=\"https:\/\/zxdoll.com\/wp-content\/uploads\/2025\/08\/image-of-sex-doll-fIf63s14-533x800.jpg\" class=\"eig-popup\" title=\"\" data-caption=\"\" target=\"_blank\"><i class=\"icon-view\"><\/i><span class=\"overlay\"><\/span><img loading=\"lazy\" decoding=\"async\" width=\"150\" height=\"150\" src=\"https:\/\/zxdoll.com\/wp-content\/uploads\/2025\/08\/image-of-sex-doll-fIf63s14-150x150.jpg\" class=\"attachment-thumbnail size-thumbnail\" alt=\"\" title=\"\"><\/a><\/li><li><a data-fancybox=\"gallery986\" href=\"https:\/\/zxdoll.com\/wp-content\/uploads\/2025\/08\/image-of-sex-doll-fIf63s15-533x800.jpg\" class=\"eig-popup\" title=\"\" data-caption=\"\" target=\"_blank\"><i class=\"icon-view\"><\/i><span class=\"overlay\"><\/span><img loading=\"lazy\" decoding=\"async\" width=\"150\" height=\"150\" src=\"https:\/\/zxdoll.com\/wp-content\/uploads\/2025\/08\/image-of-sex-doll-fIf63s15-150x150.jpg\" class=\"attachment-thumbnail size-thumbnail\" alt=\"\" title=\"\"><\/a><\/li><li><a data-fancybox=\"gallery986\" href=\"https:\/\/zxdoll.com\/wp-content\/uploads\/2025\/08\/image-of-sex-doll-fIf63s16-533x800.jpg\" class=\"eig-popup\" title=\"\" data-caption=\"\" target=\"_blank\"><i class=\"icon-view\"><\/i><span class=\"overlay\"><\/span><img loading=\"lazy\" decoding=\"async\" width=\"150\" height=\"150\" src=\"https:\/\/zxdoll.com\/wp-content\/uploads\/2025\/08\/image-of-sex-doll-fIf63s16-150x150.jpg\" class=\"attachment-thumbnail size-thumbnail\" alt=\"\" title=\"\"><\/a><\/li><li><a data-fancybox=\"gallery986\" href=\"https:\/\/zxdoll.com\/wp-content\/uploads\/2025\/08\/image-of-sex-doll-fIf63s17-533x800.jpg\" class=\"eig-popup\" title=\"\" data-caption=\"\" target=\"_blank\"><i class=\"icon-view\"><\/i><span class=\"overlay\"><\/span><img loading=\"lazy\" decoding=\"async\" width=\"150\" height=\"150\" src=\"https:\/\/zxdoll.com\/wp-content\/uploads\/2025\/08\/image-of-sex-doll-fIf63s17-150x150.jpg\" class=\"attachment-thumbnail size-thumbnail\" alt=\"\" title=\"\"><\/a><\/li><li><a data-fancybox=\"gallery986\" href=\"https:\/\/zxdoll.com\/wp-content\/uploads\/2025\/08\/image-of-sex-doll-fIf63s18-533x800.jpg\" class=\"eig-popup\" title=\"\" data-caption=\"\" target=\"_blank\"><i class=\"icon-view\"><\/i><span class=\"overlay\"><\/span><img loading=\"lazy\" decoding=\"async\" width=\"150\" height=\"150\" src=\"https:\/\/zxdoll.com\/wp-content\/uploads\/2025\/08\/image-of-sex-doll-fIf63s18-150x150.jpg\" class=\"attachment-thumbnail size-thumbnail\" alt=\"\" title=\"\"><\/a><\/li><li><a data-fancybox=\"gallery986\" href=\"https:\/\/zxdoll.com\/wp-content\/uploads\/2025\/08\/image-of-sex-doll-fIf63s19-533x800.jpg\" class=\"eig-popup\" title=\"\" data-caption=\"\" target=\"_blank\"><i class=\"icon-view\"><\/i><span class=\"overlay\"><\/span><img loading=\"lazy\" decoding=\"async\" width=\"150\" height=\"150\" src=\"https:\/\/zxdoll.com\/wp-content\/uploads\/2025\/08\/image-of-sex-doll-fIf63s19-150x150.jpg\" class=\"attachment-thumbnail size-thumbnail\" alt=\"\" title=\"\"><\/a><\/li><li><a data-fancybox=\"gallery986\" href=\"https:\/\/zxdoll.com\/wp-content\/uploads\/2025\/08\/image-of-sex-doll-fIf63s20-533x800.jpg\" class=\"eig-popup\" title=\"\" data-caption=\"\" target=\"_blank\"><i class=\"icon-view\"><\/i><span class=\"overlay\"><\/span><img loading=\"lazy\" decoding=\"async\" width=\"150\" height=\"150\" src=\"https:\/\/zxdoll.com\/wp-content\/uploads\/2025\/08\/image-of-sex-doll-fIf63s20-150x150.jpg\" class=\"attachment-thumbnail size-thumbnail\" alt=\"\" title=\"\"><\/a><\/li><li><a data-fancybox=\"gallery986\" href=\"https:\/\/zxdoll.com\/wp-content\/uploads\/2025\/08\/image-of-sex-doll-fIf63s21-533x800.jpg\" class=\"eig-popup\" title=\"\" data-caption=\"\" target=\"_blank\"><i class=\"icon-view\"><\/i><span class=\"overlay\"><\/span><img loading=\"lazy\" decoding=\"async\" width=\"150\" height=\"150\" src=\"https:\/\/zxdoll.com\/wp-content\/uploads\/2025\/08\/image-of-sex-doll-fIf63s21-150x150.jpg\" class=\"attachment-thumbnail size-thumbnail\" alt=\"\" title=\"\"><\/a><\/li><li><a data-fancybox=\"gallery986\" href=\"https:\/\/zxdoll.com\/wp-content\/uploads\/2025\/08\/image-of-sex-doll-fIf63s22-533x800.jpg\" class=\"eig-popup\" title=\"\" data-caption=\"\" target=\"_blank\"><i class=\"icon-view\"><\/i><span class=\"overlay\"><\/span><img loading=\"lazy\" decoding=\"async\" width=\"150\" height=\"150\" src=\"https:\/\/zxdoll.com\/wp-content\/uploads\/2025\/08\/image-of-sex-doll-fIf63s22-150x150.jpg\" class=\"attachment-thumbnail size-thumbnail\" alt=\"\" title=\"\"><\/a><\/li><li><a data-fancybox=\"gallery986\" href=\"https:\/\/zxdoll.com\/wp-content\/uploads\/2025\/08\/image-of-sex-doll-fIf63s23-533x800.jpg\" class=\"eig-popup\" title=\"\" data-caption=\"\" target=\"_blank\"><i class=\"icon-view\"><\/i><span class=\"overlay\"><\/span><img loading=\"lazy\" decoding=\"async\" width=\"150\" height=\"150\" src=\"https:\/\/zxdoll.com\/wp-content\/uploads\/2025\/08\/image-of-sex-doll-fIf63s23-150x150.jpg\" class=\"attachment-thumbnail size-thumbnail\" alt=\"\" title=\"\"><\/a><\/li><\/ul>\n<h4>M\u00e9rett\u00e1bl\u00e1zatok<\/h4>\n<table width=\"349\">\n<tbody>\n<tr>\n<td width=\"177\">Magass\u00e1g<\/td>\n<td width=\"172\">151 cm<\/td>\n<\/tr>\n<tr>\n<td>S\u00faly<\/td>\n<td>25 kg<\/td>\n<\/tr>\n<tr>\n<td>Mell\u0151k<\/td>\n<td>71 cm<\/td>\n<\/tr>\n<tr>\n<td>Mell alatt<\/td>\n<td>54 cm<\/td>\n<\/tr>\n<tr>\n<td>Der\u00e9k<\/td>\n<td>47 cm<\/td>\n<\/tr>\n<tr>\n<td>Cs\u00edp\u0151<\/td>\n<td>79,5 cm<\/td>\n<\/tr>\n<tr>\n<td>V\u00e1ll<\/td>\n<td>30 cm<\/td>\n<\/tr>\n<tr>\n<td>Comb<\/td>\n<td>42 cm<\/td>\n<\/tr>\n<tr>\n<td>L\u00e1b<\/td>\n<td>21 cm<\/td>\n<\/tr>\n<tr>\n<td>H\u00fcvely<\/td>\n<td>17 cm<\/td>\n<\/tr>\n<tr>\n<td>V\u00e9gb\u00e9lny\u00edl\u00e1s<\/td>\n<td>15 cm<\/td>\n<\/tr>\n<\/tbody>\n<\/table>\n<h4>A szexbab\u00e1r\u00f3l<\/h4>\n<p>&nbsp;<\/p>","protected":false},"excerpt":{"rendered":"<p>Szexbaba k\u00e9pek M\u00e9rett\u00e1bl\u00e1zatok Magass\u00e1g 151 cm S\u00faly 25 kg Mell 71 cm Mell alatt 54 cm Der\u00e9k 47 cm Cs\u00edp\u0151 79,5 cm V\u00e1ll 30 cm<\/p>","protected":false},"featured_media":195274,"comment_status":"open","ping_status":"closed","template":"","meta":[],"product_brand":[],"product_cat":[253,112,80,192,107,117,201,227],"product_tag":[],"class_list":{"0":"post-195273","1":"product","2":"type-product","3":"status-publish","4":"has-post-thumbnail","6":"product_cat-253","7":"product_cat-150cm-159cm-sex-dolls","8":"product_cat-asian-sex-doll","9":"product_cat-hybrid-doll","10":"product_cat-skinny-sex-dolls","11":"product_cat-small-breast-sex-doll","12":"product_cat-ultimate-sex-doll","13":"product_cat-under-25kg","14":"pa_brand-starpery-doll","15":"tm-has-options","17":"first","18":"instock","19":"sale","20":"shipping-taxable","21":"purchasable","22":"product-type-simple"},"_links":{"self":[{"href":"https:\/\/zxdoll.com\/hu\/wp-json\/wp\/v2\/product\/195273","targetHints":{"allow":["GET"]}}],"collection":[{"href":"https:\/\/zxdoll.com\/hu\/wp-json\/wp\/v2\/product"}],"about":[{"href":"https:\/\/zxdoll.com\/hu\/wp-json\/wp\/v2\/types\/product"}],"replies":[{"embeddable":true,"href":"https:\/\/zxdoll.com\/hu\/wp-json\/wp\/v2\/comments?post=195273"}],"version-history":[{"count":1,"href":"https:\/\/zxdoll.com\/hu\/wp-json\/wp\/v2\/product\/195273\/revisions"}],"predecessor-version":[{"id":195303,"href":"https:\/\/zxdoll.com\/hu\/wp-json\/wp\/v2\/product\/195273\/revisions\/195303"}],"wp:featuredmedia":[{"embeddable":true,"href":"https:\/\/zxdoll.com\/hu\/wp-json\/wp\/v2\/media\/195274"}],"wp:attachment":[{"href":"https:\/\/zxdoll.com\/hu\/wp-json\/wp\/v2\/media?parent=195273"}],"wp:term":[{"taxonomy":"product_brand","embeddable":true,"href":"https:\/\/zxdoll.com\/hu\/wp-json\/wp\/v2\/product_brand?post=195273"},{"taxonomy":"product_cat","embeddable":true,"href":"https:\/\/zxdoll.com\/hu\/wp-json\/wp\/v2\/product_cat?post=195273"},{"taxonomy":"product_tag","embeddable":true,"href":"https:\/\/zxdoll.com\/hu\/wp-json\/wp\/v2\/product_tag?post=195273"}],"curies":[{"name":"wp","href":"https:\/\/api.w.org\/{rel}","templated":true}]}}