{"id":192315,"date":"2025-08-29T15:41:29","date_gmt":"2025-08-29T07:41:29","guid":{"rendered":"https:\/\/zxdoll.com\/?post_type=product&#038;p=192315"},"modified":"2025-09-03T01:41:53","modified_gmt":"2025-09-02T17:41:53","slug":"hentai-state-of-art-sex-doll","status":"publish","type":"product","link":"https:\/\/zxdoll.com\/hu\/product\/hentai-state-of-art-sex-doll\/","title":{"rendered":"Hentai State Of Art Sex Doll Shalonda 163cm"},"content":{"rendered":"<h4><strong>Szexbaba k\u00e9pek<\/strong><\/h4>\n\t                <ul class=\"easy-image-gallery thumbnails-25 linked\">\r\n                    <li><a data-fancybox=\"gallery630\" href=\"https:\/\/zxdoll.com\/wp-content\/uploads\/2025\/08\/among-us-sex-doll-sIu64o1.jpg\" class=\"eig-popup\" title=\"\" data-caption=\"\" target=\"_blank\"><i class=\"icon-view\"><\/i><span class=\"overlay\"><\/span><img decoding=\"async\" width=\"150\" height=\"150\" src=\"https:\/\/zxdoll.com\/wp-content\/uploads\/2025\/08\/among-us-sex-doll-sIu64o1-150x150.jpg\" class=\"attachment-thumbnail size-thumbnail\" alt=\"\" title=\"\"><\/a><\/li><li><a data-fancybox=\"gallery630\" href=\"https:\/\/zxdoll.com\/wp-content\/uploads\/2025\/08\/among-us-sex-doll-sIu64o2-533x800.jpg\" class=\"eig-popup\" title=\"\" data-caption=\"\" target=\"_blank\"><i class=\"icon-view\"><\/i><span class=\"overlay\"><\/span><img decoding=\"async\" width=\"150\" height=\"150\" src=\"https:\/\/zxdoll.com\/wp-content\/uploads\/2025\/08\/among-us-sex-doll-sIu64o2-150x150.jpg\" class=\"attachment-thumbnail size-thumbnail\" alt=\"\" title=\"\"><\/a><\/li><li><a data-fancybox=\"gallery630\" href=\"https:\/\/zxdoll.com\/wp-content\/uploads\/2025\/08\/among-us-sex-doll-sIu64o3-1-533x800.jpg\" class=\"eig-popup\" title=\"\" data-caption=\"\" target=\"_blank\"><i class=\"icon-view\"><\/i><span class=\"overlay\"><\/span><img decoding=\"async\" width=\"150\" height=\"150\" src=\"https:\/\/zxdoll.com\/wp-content\/uploads\/2025\/08\/among-us-sex-doll-sIu64o3-1-150x150.jpg\" class=\"attachment-thumbnail size-thumbnail\" alt=\"\" title=\"\"><\/a><\/li><li><a data-fancybox=\"gallery630\" href=\"https:\/\/zxdoll.com\/wp-content\/uploads\/2025\/08\/among-us-sex-doll-sIu64o4-533x800.jpg\" class=\"eig-popup\" title=\"\" data-caption=\"\" target=\"_blank\"><i class=\"icon-view\"><\/i><span class=\"overlay\"><\/span><img loading=\"lazy\" decoding=\"async\" width=\"150\" height=\"150\" src=\"https:\/\/zxdoll.com\/wp-content\/uploads\/2025\/08\/among-us-sex-doll-sIu64o4-150x150.jpg\" class=\"attachment-thumbnail size-thumbnail\" alt=\"\" title=\"\"><\/a><\/li><li><a data-fancybox=\"gallery630\" href=\"https:\/\/zxdoll.com\/wp-content\/uploads\/2025\/08\/among-us-sex-doll-sIu64o5-533x800.jpg\" class=\"eig-popup\" title=\"\" data-caption=\"\" target=\"_blank\"><i class=\"icon-view\"><\/i><span class=\"overlay\"><\/span><img loading=\"lazy\" decoding=\"async\" width=\"150\" height=\"150\" src=\"https:\/\/zxdoll.com\/wp-content\/uploads\/2025\/08\/among-us-sex-doll-sIu64o5-150x150.jpg\" class=\"attachment-thumbnail size-thumbnail\" alt=\"\" title=\"\"><\/a><\/li><li><a data-fancybox=\"gallery630\" href=\"https:\/\/zxdoll.com\/wp-content\/uploads\/2025\/08\/among-us-sex-doll-sIu64o6-533x800.jpg\" class=\"eig-popup\" title=\"\" data-caption=\"\" target=\"_blank\"><i class=\"icon-view\"><\/i><span class=\"overlay\"><\/span><img loading=\"lazy\" decoding=\"async\" width=\"150\" height=\"150\" src=\"https:\/\/zxdoll.com\/wp-content\/uploads\/2025\/08\/among-us-sex-doll-sIu64o6-150x150.jpg\" class=\"attachment-thumbnail size-thumbnail\" alt=\"\" title=\"\"><\/a><\/li><li><a data-fancybox=\"gallery630\" href=\"https:\/\/zxdoll.com\/wp-content\/uploads\/2025\/08\/among-us-sex-doll-sIu64o7-533x800.jpg\" class=\"eig-popup\" title=\"\" data-caption=\"\" target=\"_blank\"><i class=\"icon-view\"><\/i><span class=\"overlay\"><\/span><img loading=\"lazy\" decoding=\"async\" width=\"150\" height=\"150\" src=\"https:\/\/zxdoll.com\/wp-content\/uploads\/2025\/08\/among-us-sex-doll-sIu64o7-150x150.jpg\" class=\"attachment-thumbnail size-thumbnail\" alt=\"\" title=\"\"><\/a><\/li><li><a data-fancybox=\"gallery630\" href=\"https:\/\/zxdoll.com\/wp-content\/uploads\/2025\/08\/among-us-sex-doll-sIu64o8-533x800.jpg\" class=\"eig-popup\" title=\"\" data-caption=\"\" target=\"_blank\"><i class=\"icon-view\"><\/i><span class=\"overlay\"><\/span><img loading=\"lazy\" decoding=\"async\" width=\"150\" height=\"150\" src=\"https:\/\/zxdoll.com\/wp-content\/uploads\/2025\/08\/among-us-sex-doll-sIu64o8-150x150.jpg\" class=\"attachment-thumbnail size-thumbnail\" alt=\"\" title=\"\"><\/a><\/li><li><a data-fancybox=\"gallery630\" href=\"https:\/\/zxdoll.com\/wp-content\/uploads\/2025\/08\/among-us-sex-doll-sIu64o9-533x800.jpg\" class=\"eig-popup\" title=\"\" data-caption=\"\" target=\"_blank\"><i class=\"icon-view\"><\/i><span class=\"overlay\"><\/span><img loading=\"lazy\" decoding=\"async\" width=\"150\" height=\"150\" src=\"https:\/\/zxdoll.com\/wp-content\/uploads\/2025\/08\/among-us-sex-doll-sIu64o9-150x150.jpg\" class=\"attachment-thumbnail size-thumbnail\" alt=\"\" title=\"\"><\/a><\/li><li><a data-fancybox=\"gallery630\" href=\"https:\/\/zxdoll.com\/wp-content\/uploads\/2025\/08\/among-us-sex-doll-sIu64o10.jpg\" class=\"eig-popup\" title=\"\" data-caption=\"\" target=\"_blank\"><i class=\"icon-view\"><\/i><span class=\"overlay\"><\/span><img loading=\"lazy\" decoding=\"async\" width=\"150\" height=\"150\" src=\"https:\/\/zxdoll.com\/wp-content\/uploads\/2025\/08\/among-us-sex-doll-sIu64o10-150x150.jpg\" class=\"attachment-thumbnail size-thumbnail\" alt=\"\" title=\"\"><\/a><\/li><li><a data-fancybox=\"gallery630\" href=\"https:\/\/zxdoll.com\/wp-content\/uploads\/2025\/08\/among-us-sex-doll-sIu64o11.jpg\" class=\"eig-popup\" title=\"\" data-caption=\"\" target=\"_blank\"><i class=\"icon-view\"><\/i><span class=\"overlay\"><\/span><img loading=\"lazy\" decoding=\"async\" width=\"150\" height=\"150\" src=\"https:\/\/zxdoll.com\/wp-content\/uploads\/2025\/08\/among-us-sex-doll-sIu64o11-150x150.jpg\" class=\"attachment-thumbnail size-thumbnail\" alt=\"\" title=\"\"><\/a><\/li><li><a data-fancybox=\"gallery630\" href=\"https:\/\/zxdoll.com\/wp-content\/uploads\/2025\/08\/among-us-sex-doll-sIu64o12-533x800.jpg\" class=\"eig-popup\" title=\"\" data-caption=\"\" target=\"_blank\"><i class=\"icon-view\"><\/i><span class=\"overlay\"><\/span><img loading=\"lazy\" decoding=\"async\" width=\"150\" height=\"150\" src=\"https:\/\/zxdoll.com\/wp-content\/uploads\/2025\/08\/among-us-sex-doll-sIu64o12-150x150.jpg\" class=\"attachment-thumbnail size-thumbnail\" alt=\"\" title=\"\"><\/a><\/li><li><a data-fancybox=\"gallery630\" href=\"https:\/\/zxdoll.com\/wp-content\/uploads\/2025\/08\/among-us-sex-doll-sIu64o13-533x800.jpg\" class=\"eig-popup\" title=\"\" data-caption=\"\" target=\"_blank\"><i class=\"icon-view\"><\/i><span class=\"overlay\"><\/span><img loading=\"lazy\" decoding=\"async\" width=\"150\" height=\"150\" src=\"https:\/\/zxdoll.com\/wp-content\/uploads\/2025\/08\/among-us-sex-doll-sIu64o13-150x150.jpg\" class=\"attachment-thumbnail size-thumbnail\" alt=\"\" title=\"\"><\/a><\/li><li><a data-fancybox=\"gallery630\" href=\"https:\/\/zxdoll.com\/wp-content\/uploads\/2025\/08\/among-us-sex-doll-sIu64o14-533x800.jpg\" class=\"eig-popup\" title=\"\" data-caption=\"\" target=\"_blank\"><i class=\"icon-view\"><\/i><span class=\"overlay\"><\/span><img loading=\"lazy\" decoding=\"async\" width=\"150\" height=\"150\" src=\"https:\/\/zxdoll.com\/wp-content\/uploads\/2025\/08\/among-us-sex-doll-sIu64o14-150x150.jpg\" class=\"attachment-thumbnail size-thumbnail\" alt=\"\" title=\"\"><\/a><\/li><li><a data-fancybox=\"gallery630\" href=\"https:\/\/zxdoll.com\/wp-content\/uploads\/2025\/08\/among-us-sex-doll-sIu64o15-533x800.jpg\" class=\"eig-popup\" title=\"\" data-caption=\"\" target=\"_blank\"><i class=\"icon-view\"><\/i><span class=\"overlay\"><\/span><img loading=\"lazy\" decoding=\"async\" width=\"150\" height=\"150\" src=\"https:\/\/zxdoll.com\/wp-content\/uploads\/2025\/08\/among-us-sex-doll-sIu64o15-150x150.jpg\" class=\"attachment-thumbnail size-thumbnail\" alt=\"\" title=\"\"><\/a><\/li><li><a data-fancybox=\"gallery630\" href=\"https:\/\/zxdoll.com\/wp-content\/uploads\/2025\/08\/among-us-sex-doll-sIu64o16-533x800.jpg\" class=\"eig-popup\" title=\"\" data-caption=\"\" target=\"_blank\"><i class=\"icon-view\"><\/i><span class=\"overlay\"><\/span><img loading=\"lazy\" decoding=\"async\" width=\"150\" height=\"150\" src=\"https:\/\/zxdoll.com\/wp-content\/uploads\/2025\/08\/among-us-sex-doll-sIu64o16-150x150.jpg\" class=\"attachment-thumbnail size-thumbnail\" alt=\"\" title=\"\"><\/a><\/li><li><a data-fancybox=\"gallery630\" href=\"https:\/\/zxdoll.com\/wp-content\/uploads\/2025\/08\/among-us-sex-doll-sIu64o17-533x800.jpg\" class=\"eig-popup\" title=\"\" data-caption=\"\" target=\"_blank\"><i class=\"icon-view\"><\/i><span class=\"overlay\"><\/span><img loading=\"lazy\" decoding=\"async\" width=\"150\" height=\"150\" src=\"https:\/\/zxdoll.com\/wp-content\/uploads\/2025\/08\/among-us-sex-doll-sIu64o17-150x150.jpg\" class=\"attachment-thumbnail size-thumbnail\" alt=\"\" title=\"\"><\/a><\/li><li><a data-fancybox=\"gallery630\" href=\"https:\/\/zxdoll.com\/wp-content\/uploads\/2025\/08\/among-us-sex-doll-sIu64o18-533x800.jpg\" class=\"eig-popup\" title=\"\" data-caption=\"\" target=\"_blank\"><i class=\"icon-view\"><\/i><span class=\"overlay\"><\/span><img loading=\"lazy\" decoding=\"async\" width=\"150\" height=\"150\" src=\"https:\/\/zxdoll.com\/wp-content\/uploads\/2025\/08\/among-us-sex-doll-sIu64o18-150x150.jpg\" class=\"attachment-thumbnail size-thumbnail\" alt=\"\" title=\"\"><\/a><\/li><li><a data-fancybox=\"gallery630\" href=\"https:\/\/zxdoll.com\/wp-content\/uploads\/2025\/08\/among-us-sex-doll-sIu64o19-533x800.jpg\" class=\"eig-popup\" title=\"\" data-caption=\"\" target=\"_blank\"><i class=\"icon-view\"><\/i><span class=\"overlay\"><\/span><img loading=\"lazy\" decoding=\"async\" width=\"150\" height=\"150\" src=\"https:\/\/zxdoll.com\/wp-content\/uploads\/2025\/08\/among-us-sex-doll-sIu64o19-150x150.jpg\" class=\"attachment-thumbnail size-thumbnail\" alt=\"\" title=\"\"><\/a><\/li><li><a data-fancybox=\"gallery630\" href=\"https:\/\/zxdoll.com\/wp-content\/uploads\/2025\/08\/among-us-sex-doll-sIu64o20-533x800.jpg\" class=\"eig-popup\" title=\"\" data-caption=\"\" target=\"_blank\"><i class=\"icon-view\"><\/i><span class=\"overlay\"><\/span><img loading=\"lazy\" decoding=\"async\" width=\"150\" height=\"150\" src=\"https:\/\/zxdoll.com\/wp-content\/uploads\/2025\/08\/among-us-sex-doll-sIu64o20-150x150.jpg\" class=\"attachment-thumbnail size-thumbnail\" alt=\"\" title=\"\"><\/a><\/li><li><a data-fancybox=\"gallery630\" href=\"https:\/\/zxdoll.com\/wp-content\/uploads\/2025\/08\/among-us-sex-doll-sIu64o21-533x800.jpg\" class=\"eig-popup\" title=\"\" data-caption=\"\" target=\"_blank\"><i class=\"icon-view\"><\/i><span class=\"overlay\"><\/span><img loading=\"lazy\" decoding=\"async\" width=\"150\" height=\"150\" src=\"https:\/\/zxdoll.com\/wp-content\/uploads\/2025\/08\/among-us-sex-doll-sIu64o21-150x150.jpg\" class=\"attachment-thumbnail size-thumbnail\" alt=\"\" title=\"\"><\/a><\/li><li><a data-fancybox=\"gallery630\" href=\"https:\/\/zxdoll.com\/wp-content\/uploads\/2025\/08\/among-us-sex-doll-sIu64o22-533x800.jpg\" class=\"eig-popup\" title=\"\" data-caption=\"\" target=\"_blank\"><i class=\"icon-view\"><\/i><span class=\"overlay\"><\/span><img loading=\"lazy\" decoding=\"async\" width=\"150\" height=\"150\" src=\"https:\/\/zxdoll.com\/wp-content\/uploads\/2025\/08\/among-us-sex-doll-sIu64o22-150x150.jpg\" class=\"attachment-thumbnail size-thumbnail\" alt=\"\" title=\"\"><\/a><\/li><li><a data-fancybox=\"gallery630\" href=\"https:\/\/zxdoll.com\/wp-content\/uploads\/2025\/08\/among-us-sex-doll-sIu64o23-533x800.jpg\" class=\"eig-popup\" title=\"\" data-caption=\"\" target=\"_blank\"><i class=\"icon-view\"><\/i><span class=\"overlay\"><\/span><img loading=\"lazy\" decoding=\"async\" width=\"150\" height=\"150\" src=\"https:\/\/zxdoll.com\/wp-content\/uploads\/2025\/08\/among-us-sex-doll-sIu64o23-150x150.jpg\" class=\"attachment-thumbnail size-thumbnail\" alt=\"\" title=\"\"><\/a><\/li><li><a data-fancybox=\"gallery630\" href=\"https:\/\/zxdoll.com\/wp-content\/uploads\/2025\/08\/among-us-sex-doll-sIu64o24-533x800.jpg\" class=\"eig-popup\" title=\"\" data-caption=\"\" target=\"_blank\"><i class=\"icon-view\"><\/i><span class=\"overlay\"><\/span><img loading=\"lazy\" decoding=\"async\" width=\"150\" height=\"150\" src=\"https:\/\/zxdoll.com\/wp-content\/uploads\/2025\/08\/among-us-sex-doll-sIu64o24-150x150.jpg\" class=\"attachment-thumbnail size-thumbnail\" alt=\"\" title=\"\"><\/a><\/li><li><a data-fancybox=\"gallery630\" href=\"https:\/\/zxdoll.com\/wp-content\/uploads\/2025\/08\/among-us-sex-doll-sIu64o25-533x800.jpg\" class=\"eig-popup\" title=\"\" data-caption=\"\" target=\"_blank\"><i class=\"icon-view\"><\/i><span class=\"overlay\"><\/span><img loading=\"lazy\" decoding=\"async\" width=\"150\" height=\"150\" src=\"https:\/\/zxdoll.com\/wp-content\/uploads\/2025\/08\/among-us-sex-doll-sIu64o25-150x150.jpg\" class=\"attachment-thumbnail size-thumbnail\" alt=\"\" title=\"\"><\/a><\/li><\/ul>\n<h4>M\u00e9rett\u00e1bl\u00e1zatok<\/h4>\n<table width=\"269\">\n<tbody>\n<tr>\n<td width=\"130\">Anyag<\/td>\n<td width=\"139\">Teljes szilikon<\/td>\n<\/tr>\n<tr>\n<td width=\"130\">Magass\u00e1g<\/td>\n<td width=\"139\">163 cm<\/td>\n<\/tr>\n<tr>\n<td width=\"130\">Mellb\u0151s\u00e9g<\/td>\n<td>97 cm<\/td>\n<\/tr>\n<tr>\n<td width=\"130\">Als\u00f3 mellkas<\/td>\n<td>79 cm<\/td>\n<\/tr>\n<tr>\n<td width=\"130\">Der\u00e9k<\/td>\n<td>89 cm<\/td>\n<\/tr>\n<tr>\n<td width=\"130\">Cs\u00edp\u0151<\/td>\n<td>117.5cm<\/td>\n<\/tr>\n<tr>\n<td width=\"130\">V\u00e1ll<\/td>\n<td>40 cm<\/td>\n<\/tr>\n<tr>\n<td width=\"130\">Kar<\/td>\n<td>63 cm<\/td>\n<\/tr>\n<tr>\n<td width=\"130\">L\u00e1b<\/td>\n<td>80 cm<\/td>\n<\/tr>\n<tr>\n<td width=\"130\">L\u00e1b<\/td>\n<td>21 cm<\/td>\n<\/tr>\n<tr>\n<td width=\"130\">Or\u00e1lis<\/td>\n<td>13 cm<\/td>\n<\/tr>\n<tr>\n<td width=\"130\">H\u00fcvely<\/td>\n<td>17 cm<\/td>\n<\/tr>\n<tr>\n<td width=\"130\">V\u00e9gb\u00e9lny\u00edl\u00e1s<\/td>\n<td>15 cm<\/td>\n<\/tr>\n<tr>\n<td width=\"130\">Nett\u00f3 t\u00f6meg<\/td>\n<td>49 kg<\/td>\n<\/tr>\n<\/tbody>\n<\/table>\n<h4>A szexbab\u00e1r\u00f3l<\/h4>\n<p>&nbsp;<\/p>","protected":false},"excerpt":{"rendered":"<p>Sex Doll Images Size Charts Material Full Silicone Height 163cm Bust 97cm Lower Chest 79cm Waist 89cm Hips 117.5cm Shoulder<\/p>","protected":false},"featured_media":192316,"comment_status":"open","ping_status":"closed","template":"","meta":[],"product_brand":[],"product_cat":[253,75,232,80,77,116,110,225],"product_tag":[],"class_list":{"0":"post-192315","1":"product","2":"type-product","3":"status-publish","4":"has-post-thumbnail","6":"product_cat-253","7":"product_cat-160cm-170cm-sex-dolls","8":"product_cat-46kg-50kg","9":"product_cat-asian-sex-doll","10":"product_cat-bbw-sex-doll","11":"product_cat-big-boobs-sex-doll","12":"product_cat-silicone-sex-doll","13":"product_cat-stuffed-sex-doll","14":"pa_brand-hr-doll","15":"tm-has-options","17":"first","18":"instock","19":"shipping-taxable","20":"purchasable","21":"product-type-simple"},"_links":{"self":[{"href":"https:\/\/zxdoll.com\/hu\/wp-json\/wp\/v2\/product\/192315","targetHints":{"allow":["GET"]}}],"collection":[{"href":"https:\/\/zxdoll.com\/hu\/wp-json\/wp\/v2\/product"}],"about":[{"href":"https:\/\/zxdoll.com\/hu\/wp-json\/wp\/v2\/types\/product"}],"replies":[{"embeddable":true,"href":"https:\/\/zxdoll.com\/hu\/wp-json\/wp\/v2\/comments?post=192315"}],"version-history":[{"count":1,"href":"https:\/\/zxdoll.com\/hu\/wp-json\/wp\/v2\/product\/192315\/revisions"}],"predecessor-version":[{"id":192378,"href":"https:\/\/zxdoll.com\/hu\/wp-json\/wp\/v2\/product\/192315\/revisions\/192378"}],"wp:featuredmedia":[{"embeddable":true,"href":"https:\/\/zxdoll.com\/hu\/wp-json\/wp\/v2\/media\/192316"}],"wp:attachment":[{"href":"https:\/\/zxdoll.com\/hu\/wp-json\/wp\/v2\/media?parent=192315"}],"wp:term":[{"taxonomy":"product_brand","embeddable":true,"href":"https:\/\/zxdoll.com\/hu\/wp-json\/wp\/v2\/product_brand?post=192315"},{"taxonomy":"product_cat","embeddable":true,"href":"https:\/\/zxdoll.com\/hu\/wp-json\/wp\/v2\/product_cat?post=192315"},{"taxonomy":"product_tag","embeddable":true,"href":"https:\/\/zxdoll.com\/hu\/wp-json\/wp\/v2\/product_tag?post=192315"}],"curies":[{"name":"wp","href":"https:\/\/api.w.org\/{rel}","templated":true}]}}