{"id":192116,"date":"2025-08-29T15:18:11","date_gmt":"2025-08-29T07:18:11","guid":{"rendered":"https:\/\/zxdoll.com\/?post_type=product&#038;p=192116"},"modified":"2025-09-03T01:42:24","modified_gmt":"2025-09-02T17:42:24","slug":"futarnari-with-sex-doll-porn","status":"publish","type":"product","link":"https:\/\/zxdoll.com\/hu\/product\/futarnari-with-sex-doll-porn\/","title":{"rendered":"Futarnari With Sex Doll Porn Prudence 158cm"},"content":{"rendered":"<h4><strong>Szexbaba k\u00e9pek<\/strong><\/h4>\n\t                <ul class=\"easy-image-gallery thumbnails-23 linked\">\r\n                    <li><a data-fancybox=\"gallery985\" href=\"https:\/\/zxdoll.com\/wp-content\/uploads\/2025\/08\/discreet-sex-doll-hKy40m1-1-533x800.jpg\" class=\"eig-popup\" title=\"\" data-caption=\"\" target=\"_blank\"><i class=\"icon-view\"><\/i><span class=\"overlay\"><\/span><img decoding=\"async\" width=\"150\" height=\"150\" src=\"https:\/\/zxdoll.com\/wp-content\/uploads\/2025\/08\/discreet-sex-doll-hKy40m1-1-150x150.jpg\" class=\"attachment-thumbnail size-thumbnail\" alt=\"\" title=\"\"><\/a><\/li><li><a data-fancybox=\"gallery985\" href=\"https:\/\/zxdoll.com\/wp-content\/uploads\/2025\/08\/discreet-sex-doll-hKy40m2-533x800.jpg\" class=\"eig-popup\" title=\"\" data-caption=\"\" target=\"_blank\"><i class=\"icon-view\"><\/i><span class=\"overlay\"><\/span><img decoding=\"async\" width=\"150\" height=\"150\" src=\"https:\/\/zxdoll.com\/wp-content\/uploads\/2025\/08\/discreet-sex-doll-hKy40m2-150x150.jpg\" class=\"attachment-thumbnail size-thumbnail\" alt=\"\" title=\"\"><\/a><\/li><li><a data-fancybox=\"gallery985\" href=\"https:\/\/zxdoll.com\/wp-content\/uploads\/2025\/08\/discreet-sex-doll-hKy40m3-533x800.jpg\" class=\"eig-popup\" title=\"\" data-caption=\"\" target=\"_blank\"><i class=\"icon-view\"><\/i><span class=\"overlay\"><\/span><img decoding=\"async\" width=\"150\" height=\"150\" src=\"https:\/\/zxdoll.com\/wp-content\/uploads\/2025\/08\/discreet-sex-doll-hKy40m3-150x150.jpg\" class=\"attachment-thumbnail size-thumbnail\" alt=\"\" title=\"\"><\/a><\/li><li><a data-fancybox=\"gallery985\" href=\"https:\/\/zxdoll.com\/wp-content\/uploads\/2025\/08\/discreet-sex-doll-hKy40m4-533x800.jpg\" class=\"eig-popup\" title=\"\" data-caption=\"\" target=\"_blank\"><i class=\"icon-view\"><\/i><span class=\"overlay\"><\/span><img loading=\"lazy\" decoding=\"async\" width=\"150\" height=\"150\" src=\"https:\/\/zxdoll.com\/wp-content\/uploads\/2025\/08\/discreet-sex-doll-hKy40m4-150x150.jpg\" class=\"attachment-thumbnail size-thumbnail\" alt=\"\" title=\"\"><\/a><\/li><li><a data-fancybox=\"gallery985\" href=\"https:\/\/zxdoll.com\/wp-content\/uploads\/2025\/08\/discreet-sex-doll-hKy40m5-533x800.jpg\" class=\"eig-popup\" title=\"\" data-caption=\"\" target=\"_blank\"><i class=\"icon-view\"><\/i><span class=\"overlay\"><\/span><img loading=\"lazy\" decoding=\"async\" width=\"150\" height=\"150\" src=\"https:\/\/zxdoll.com\/wp-content\/uploads\/2025\/08\/discreet-sex-doll-hKy40m5-150x150.jpg\" class=\"attachment-thumbnail size-thumbnail\" alt=\"\" title=\"\"><\/a><\/li><li><a data-fancybox=\"gallery985\" href=\"https:\/\/zxdoll.com\/wp-content\/uploads\/2025\/08\/discreet-sex-doll-hKy40m6-533x800.jpg\" class=\"eig-popup\" title=\"\" data-caption=\"\" target=\"_blank\"><i class=\"icon-view\"><\/i><span class=\"overlay\"><\/span><img loading=\"lazy\" decoding=\"async\" width=\"150\" height=\"150\" src=\"https:\/\/zxdoll.com\/wp-content\/uploads\/2025\/08\/discreet-sex-doll-hKy40m6-150x150.jpg\" class=\"attachment-thumbnail size-thumbnail\" alt=\"\" title=\"\"><\/a><\/li><li><a data-fancybox=\"gallery985\" href=\"https:\/\/zxdoll.com\/wp-content\/uploads\/2025\/08\/discreet-sex-doll-hKy40m7-533x800.jpg\" class=\"eig-popup\" title=\"\" data-caption=\"\" target=\"_blank\"><i class=\"icon-view\"><\/i><span class=\"overlay\"><\/span><img loading=\"lazy\" decoding=\"async\" width=\"150\" height=\"150\" src=\"https:\/\/zxdoll.com\/wp-content\/uploads\/2025\/08\/discreet-sex-doll-hKy40m7-150x150.jpg\" class=\"attachment-thumbnail size-thumbnail\" alt=\"\" title=\"\"><\/a><\/li><li><a data-fancybox=\"gallery985\" href=\"https:\/\/zxdoll.com\/wp-content\/uploads\/2025\/08\/discreet-sex-doll-hKy40m8-533x800.jpg\" class=\"eig-popup\" title=\"\" data-caption=\"\" target=\"_blank\"><i class=\"icon-view\"><\/i><span class=\"overlay\"><\/span><img loading=\"lazy\" decoding=\"async\" width=\"150\" height=\"150\" src=\"https:\/\/zxdoll.com\/wp-content\/uploads\/2025\/08\/discreet-sex-doll-hKy40m8-150x150.jpg\" class=\"attachment-thumbnail size-thumbnail\" alt=\"\" title=\"\"><\/a><\/li><li><a data-fancybox=\"gallery985\" href=\"https:\/\/zxdoll.com\/wp-content\/uploads\/2025\/08\/discreet-sex-doll-hKy40m9-533x800.jpg\" class=\"eig-popup\" title=\"\" data-caption=\"\" target=\"_blank\"><i class=\"icon-view\"><\/i><span class=\"overlay\"><\/span><img loading=\"lazy\" decoding=\"async\" width=\"150\" height=\"150\" src=\"https:\/\/zxdoll.com\/wp-content\/uploads\/2025\/08\/discreet-sex-doll-hKy40m9-150x150.jpg\" class=\"attachment-thumbnail size-thumbnail\" alt=\"\" title=\"\"><\/a><\/li><li><a data-fancybox=\"gallery985\" href=\"https:\/\/zxdoll.com\/wp-content\/uploads\/2025\/08\/discreet-sex-doll-hKy40m10-533x800.jpg\" class=\"eig-popup\" title=\"\" data-caption=\"\" target=\"_blank\"><i class=\"icon-view\"><\/i><span class=\"overlay\"><\/span><img loading=\"lazy\" decoding=\"async\" width=\"150\" height=\"150\" src=\"https:\/\/zxdoll.com\/wp-content\/uploads\/2025\/08\/discreet-sex-doll-hKy40m10-150x150.jpg\" class=\"attachment-thumbnail size-thumbnail\" alt=\"\" title=\"\"><\/a><\/li><li><a data-fancybox=\"gallery985\" href=\"https:\/\/zxdoll.com\/wp-content\/uploads\/2025\/08\/discreet-sex-doll-hKy40m11-533x800.jpg\" class=\"eig-popup\" title=\"\" data-caption=\"\" target=\"_blank\"><i class=\"icon-view\"><\/i><span class=\"overlay\"><\/span><img loading=\"lazy\" decoding=\"async\" width=\"150\" height=\"150\" src=\"https:\/\/zxdoll.com\/wp-content\/uploads\/2025\/08\/discreet-sex-doll-hKy40m11-150x150.jpg\" class=\"attachment-thumbnail size-thumbnail\" alt=\"\" title=\"\"><\/a><\/li><li><a data-fancybox=\"gallery985\" href=\"https:\/\/zxdoll.com\/wp-content\/uploads\/2025\/08\/discreet-sex-doll-hKy40m12-533x800.jpg\" class=\"eig-popup\" title=\"\" data-caption=\"\" target=\"_blank\"><i class=\"icon-view\"><\/i><span class=\"overlay\"><\/span><img loading=\"lazy\" decoding=\"async\" width=\"150\" height=\"150\" src=\"https:\/\/zxdoll.com\/wp-content\/uploads\/2025\/08\/discreet-sex-doll-hKy40m12-150x150.jpg\" class=\"attachment-thumbnail size-thumbnail\" alt=\"\" title=\"\"><\/a><\/li><li><a data-fancybox=\"gallery985\" href=\"https:\/\/zxdoll.com\/wp-content\/uploads\/2025\/08\/discreet-sex-doll-hKy40m13-533x800.jpg\" class=\"eig-popup\" title=\"\" data-caption=\"\" target=\"_blank\"><i class=\"icon-view\"><\/i><span class=\"overlay\"><\/span><img loading=\"lazy\" decoding=\"async\" width=\"150\" height=\"150\" src=\"https:\/\/zxdoll.com\/wp-content\/uploads\/2025\/08\/discreet-sex-doll-hKy40m13-150x150.jpg\" class=\"attachment-thumbnail size-thumbnail\" alt=\"\" title=\"\"><\/a><\/li><li><a data-fancybox=\"gallery985\" href=\"https:\/\/zxdoll.com\/wp-content\/uploads\/2025\/08\/discreet-sex-doll-hKy40m14-533x800.jpg\" class=\"eig-popup\" title=\"\" data-caption=\"\" target=\"_blank\"><i class=\"icon-view\"><\/i><span class=\"overlay\"><\/span><img loading=\"lazy\" decoding=\"async\" width=\"150\" height=\"150\" src=\"https:\/\/zxdoll.com\/wp-content\/uploads\/2025\/08\/discreet-sex-doll-hKy40m14-150x150.jpg\" class=\"attachment-thumbnail size-thumbnail\" alt=\"\" title=\"\"><\/a><\/li><li><a data-fancybox=\"gallery985\" href=\"https:\/\/zxdoll.com\/wp-content\/uploads\/2025\/08\/discreet-sex-doll-hKy40m15-533x800.jpg\" class=\"eig-popup\" title=\"\" data-caption=\"\" target=\"_blank\"><i class=\"icon-view\"><\/i><span class=\"overlay\"><\/span><img loading=\"lazy\" decoding=\"async\" width=\"150\" height=\"150\" src=\"https:\/\/zxdoll.com\/wp-content\/uploads\/2025\/08\/discreet-sex-doll-hKy40m15-150x150.jpg\" class=\"attachment-thumbnail size-thumbnail\" alt=\"\" title=\"\"><\/a><\/li><li><a data-fancybox=\"gallery985\" href=\"https:\/\/zxdoll.com\/wp-content\/uploads\/2025\/08\/discreet-sex-doll-hKy40m16-533x800.jpg\" class=\"eig-popup\" title=\"\" data-caption=\"\" target=\"_blank\"><i class=\"icon-view\"><\/i><span class=\"overlay\"><\/span><img loading=\"lazy\" decoding=\"async\" width=\"150\" height=\"150\" src=\"https:\/\/zxdoll.com\/wp-content\/uploads\/2025\/08\/discreet-sex-doll-hKy40m16-150x150.jpg\" class=\"attachment-thumbnail size-thumbnail\" alt=\"\" title=\"\"><\/a><\/li><li><a data-fancybox=\"gallery985\" href=\"https:\/\/zxdoll.com\/wp-content\/uploads\/2025\/08\/discreet-sex-doll-hKy40m17-533x800.jpg\" class=\"eig-popup\" title=\"\" data-caption=\"\" target=\"_blank\"><i class=\"icon-view\"><\/i><span class=\"overlay\"><\/span><img loading=\"lazy\" decoding=\"async\" width=\"150\" height=\"150\" src=\"https:\/\/zxdoll.com\/wp-content\/uploads\/2025\/08\/discreet-sex-doll-hKy40m17-150x150.jpg\" class=\"attachment-thumbnail size-thumbnail\" alt=\"\" title=\"\"><\/a><\/li><li><a data-fancybox=\"gallery985\" href=\"https:\/\/zxdoll.com\/wp-content\/uploads\/2025\/08\/discreet-sex-doll-hKy40m18-533x800.jpg\" class=\"eig-popup\" title=\"\" data-caption=\"\" target=\"_blank\"><i class=\"icon-view\"><\/i><span class=\"overlay\"><\/span><img loading=\"lazy\" decoding=\"async\" width=\"150\" height=\"150\" src=\"https:\/\/zxdoll.com\/wp-content\/uploads\/2025\/08\/discreet-sex-doll-hKy40m18-150x150.jpg\" class=\"attachment-thumbnail size-thumbnail\" alt=\"\" title=\"\"><\/a><\/li><li><a data-fancybox=\"gallery985\" href=\"https:\/\/zxdoll.com\/wp-content\/uploads\/2025\/08\/discreet-sex-doll-hKy40m19-533x800.jpg\" class=\"eig-popup\" title=\"\" data-caption=\"\" target=\"_blank\"><i class=\"icon-view\"><\/i><span class=\"overlay\"><\/span><img loading=\"lazy\" decoding=\"async\" width=\"150\" height=\"150\" src=\"https:\/\/zxdoll.com\/wp-content\/uploads\/2025\/08\/discreet-sex-doll-hKy40m19-150x150.jpg\" class=\"attachment-thumbnail size-thumbnail\" alt=\"\" title=\"\"><\/a><\/li><li><a data-fancybox=\"gallery985\" href=\"https:\/\/zxdoll.com\/wp-content\/uploads\/2025\/08\/discreet-sex-doll-hKy40m20-533x800.jpg\" class=\"eig-popup\" title=\"\" data-caption=\"\" target=\"_blank\"><i class=\"icon-view\"><\/i><span class=\"overlay\"><\/span><img loading=\"lazy\" decoding=\"async\" width=\"150\" height=\"150\" src=\"https:\/\/zxdoll.com\/wp-content\/uploads\/2025\/08\/discreet-sex-doll-hKy40m20-150x150.jpg\" class=\"attachment-thumbnail size-thumbnail\" alt=\"\" title=\"\"><\/a><\/li><li><a data-fancybox=\"gallery985\" href=\"https:\/\/zxdoll.com\/wp-content\/uploads\/2025\/08\/discreet-sex-doll-hKy40m21-533x800.jpg\" class=\"eig-popup\" title=\"\" data-caption=\"\" target=\"_blank\"><i class=\"icon-view\"><\/i><span class=\"overlay\"><\/span><img loading=\"lazy\" decoding=\"async\" width=\"150\" height=\"150\" src=\"https:\/\/zxdoll.com\/wp-content\/uploads\/2025\/08\/discreet-sex-doll-hKy40m21-150x150.jpg\" class=\"attachment-thumbnail size-thumbnail\" alt=\"\" title=\"\"><\/a><\/li><li><a data-fancybox=\"gallery985\" href=\"https:\/\/zxdoll.com\/wp-content\/uploads\/2025\/08\/discreet-sex-doll-hKy40m22-533x800.jpg\" class=\"eig-popup\" title=\"\" data-caption=\"\" target=\"_blank\"><i class=\"icon-view\"><\/i><span class=\"overlay\"><\/span><img loading=\"lazy\" decoding=\"async\" width=\"150\" height=\"150\" src=\"https:\/\/zxdoll.com\/wp-content\/uploads\/2025\/08\/discreet-sex-doll-hKy40m22-150x150.jpg\" class=\"attachment-thumbnail size-thumbnail\" alt=\"\" title=\"\"><\/a><\/li><li><a data-fancybox=\"gallery985\" href=\"https:\/\/zxdoll.com\/wp-content\/uploads\/2025\/08\/discreet-sex-doll-hKy40m23-533x800.jpg\" class=\"eig-popup\" title=\"\" data-caption=\"\" target=\"_blank\"><i class=\"icon-view\"><\/i><span class=\"overlay\"><\/span><img loading=\"lazy\" decoding=\"async\" width=\"150\" height=\"150\" src=\"https:\/\/zxdoll.com\/wp-content\/uploads\/2025\/08\/discreet-sex-doll-hKy40m23-150x150.jpg\" class=\"attachment-thumbnail size-thumbnail\" alt=\"\" title=\"\"><\/a><\/li><\/ul>\n<h4>M\u00e9rett\u00e1bl\u00e1zatok<\/h4>\n<table width=\"304\">\n<tbody>\n<tr>\n<td width=\"130\">Anyag<\/td>\n<td width=\"174\">Teljes szilikon<\/td>\n<\/tr>\n<tr>\n<td width=\"130\">Magass\u00e1g<\/td>\n<td>158 cm<\/td>\n<\/tr>\n<tr>\n<td width=\"130\">Mellb\u0151s\u00e9g<\/td>\n<td>100 cm<\/td>\n<\/tr>\n<tr>\n<td width=\"130\">Als\u00f3 mellkas<\/td>\n<td>55 cm<\/td>\n<\/tr>\n<tr>\n<td width=\"130\">Der\u00e9k<\/td>\n<td>51 cm<\/td>\n<\/tr>\n<tr>\n<td width=\"130\">Cs\u00edp\u0151<\/td>\n<td>91 cm<\/td>\n<\/tr>\n<tr>\n<td width=\"130\">V\u00e1ll<\/td>\n<td>34 cm<\/td>\n<\/tr>\n<tr>\n<td width=\"130\">Kar<\/td>\n<td>60 cm<\/td>\n<\/tr>\n<tr>\n<td width=\"130\">L\u00e1b<\/td>\n<td>77 cm<\/td>\n<\/tr>\n<tr>\n<td width=\"130\">L\u00e1b<\/td>\n<td>22 cm<\/td>\n<\/tr>\n<tr>\n<td width=\"130\">Or\u00e1lis<\/td>\n<td>13 cm<\/td>\n<\/tr>\n<tr>\n<td width=\"130\">H\u00fcvely<\/td>\n<td>17 cm<\/td>\n<\/tr>\n<tr>\n<td width=\"130\">V\u00e9gb\u00e9lny\u00edl\u00e1s<\/td>\n<td>15 cm<\/td>\n<\/tr>\n<tr>\n<td width=\"130\">Nett\u00f3 t\u00f6meg<\/td>\n<td>41 kg<\/td>\n<\/tr>\n<\/tbody>\n<\/table>\n<h4>A szexbab\u00e1r\u00f3l<\/h4>\n<p>&nbsp;<\/p>","protected":false},"excerpt":{"rendered":"<p>Sex Doll Images Size Charts Material Full Silicone Height 158cm Bust 100cm Lower Chest 55cm Waist 51cm Hips 91cm Shoulder<\/p>","protected":false},"featured_media":192145,"comment_status":"open","ping_status":"closed","template":"","meta":[],"product_brand":[],"product_cat":[253,112,231,77,116,110,225],"product_tag":[],"class_list":{"0":"post-192116","1":"product","2":"type-product","3":"status-publish","4":"has-post-thumbnail","6":"product_cat-253","7":"product_cat-150cm-159cm-sex-dolls","8":"product_cat-41kg-45kg","9":"product_cat-bbw-sex-doll","10":"product_cat-big-boobs-sex-doll","11":"product_cat-silicone-sex-doll","12":"product_cat-stuffed-sex-doll","13":"pa_brand-hr-doll","14":"tm-has-options","16":"first","17":"instock","18":"shipping-taxable","19":"purchasable","20":"product-type-simple"},"_links":{"self":[{"href":"https:\/\/zxdoll.com\/hu\/wp-json\/wp\/v2\/product\/192116","targetHints":{"allow":["GET"]}}],"collection":[{"href":"https:\/\/zxdoll.com\/hu\/wp-json\/wp\/v2\/product"}],"about":[{"href":"https:\/\/zxdoll.com\/hu\/wp-json\/wp\/v2\/types\/product"}],"replies":[{"embeddable":true,"href":"https:\/\/zxdoll.com\/hu\/wp-json\/wp\/v2\/comments?post=192116"}],"version-history":[{"count":1,"href":"https:\/\/zxdoll.com\/hu\/wp-json\/wp\/v2\/product\/192116\/revisions"}],"predecessor-version":[{"id":192195,"href":"https:\/\/zxdoll.com\/hu\/wp-json\/wp\/v2\/product\/192116\/revisions\/192195"}],"wp:featuredmedia":[{"embeddable":true,"href":"https:\/\/zxdoll.com\/hu\/wp-json\/wp\/v2\/media\/192145"}],"wp:attachment":[{"href":"https:\/\/zxdoll.com\/hu\/wp-json\/wp\/v2\/media?parent=192116"}],"wp:term":[{"taxonomy":"product_brand","embeddable":true,"href":"https:\/\/zxdoll.com\/hu\/wp-json\/wp\/v2\/product_brand?post=192116"},{"taxonomy":"product_cat","embeddable":true,"href":"https:\/\/zxdoll.com\/hu\/wp-json\/wp\/v2\/product_cat?post=192116"},{"taxonomy":"product_tag","embeddable":true,"href":"https:\/\/zxdoll.com\/hu\/wp-json\/wp\/v2\/product_tag?post=192116"}],"curies":[{"name":"wp","href":"https:\/\/api.w.org\/{rel}","templated":true}]}}