{"id":191515,"date":"2025-08-29T13:05:44","date_gmt":"2025-08-29T05:05:44","guid":{"rendered":"https:\/\/zxdoll.com\/?post_type=product&#038;p=191515"},"modified":"2025-09-03T02:02:46","modified_gmt":"2025-09-02T18:02:46","slug":"naked-sex-doll-mouth-bangbus","status":"publish","type":"product","link":"https:\/\/zxdoll.com\/hu\/product\/naked-sex-doll-mouth-bangbus\/","title":{"rendered":"Naked Sex Doll Mouth Bangbus Genoveva 165cm"},"content":{"rendered":"<h4><strong>Szexbaba k\u00e9pek<\/strong><\/h4>\n\t                <ul class=\"easy-image-gallery thumbnails-19 linked\">\r\n                    <li><a data-fancybox=\"gallery253\" href=\"https:\/\/zxdoll.com\/wp-content\/uploads\/2025\/08\/sexy-hot-sex-doll-pGv86u1-533x800.jpg\" class=\"eig-popup\" title=\"\" data-caption=\"\" target=\"_blank\"><i class=\"icon-view\"><\/i><span class=\"overlay\"><\/span><img decoding=\"async\" width=\"150\" height=\"150\" src=\"https:\/\/zxdoll.com\/wp-content\/uploads\/2025\/08\/sexy-hot-sex-doll-pGv86u1-150x150.jpg\" class=\"attachment-thumbnail size-thumbnail\" alt=\"\" title=\"\"><\/a><\/li><li><a data-fancybox=\"gallery253\" href=\"https:\/\/zxdoll.com\/wp-content\/uploads\/2025\/08\/sexy-hot-sex-doll-pGv86u2-533x800.jpg\" class=\"eig-popup\" title=\"\" data-caption=\"\" target=\"_blank\"><i class=\"icon-view\"><\/i><span class=\"overlay\"><\/span><img decoding=\"async\" width=\"150\" height=\"150\" src=\"https:\/\/zxdoll.com\/wp-content\/uploads\/2025\/08\/sexy-hot-sex-doll-pGv86u2-150x150.jpg\" class=\"attachment-thumbnail size-thumbnail\" alt=\"\" title=\"\"><\/a><\/li><li><a data-fancybox=\"gallery253\" href=\"https:\/\/zxdoll.com\/wp-content\/uploads\/2025\/08\/sexy-hot-sex-doll-pGv86u3-533x800.jpg\" class=\"eig-popup\" title=\"\" data-caption=\"\" target=\"_blank\"><i class=\"icon-view\"><\/i><span class=\"overlay\"><\/span><img decoding=\"async\" width=\"150\" height=\"150\" src=\"https:\/\/zxdoll.com\/wp-content\/uploads\/2025\/08\/sexy-hot-sex-doll-pGv86u3-150x150.jpg\" class=\"attachment-thumbnail size-thumbnail\" alt=\"\" title=\"\"><\/a><\/li><li><a data-fancybox=\"gallery253\" href=\"https:\/\/zxdoll.com\/wp-content\/uploads\/2025\/08\/sexy-hot-sex-doll-pGv86u4-533x800.jpg\" class=\"eig-popup\" title=\"\" data-caption=\"\" target=\"_blank\"><i class=\"icon-view\"><\/i><span class=\"overlay\"><\/span><img loading=\"lazy\" decoding=\"async\" width=\"150\" height=\"150\" src=\"https:\/\/zxdoll.com\/wp-content\/uploads\/2025\/08\/sexy-hot-sex-doll-pGv86u4-150x150.jpg\" class=\"attachment-thumbnail size-thumbnail\" alt=\"\" title=\"\"><\/a><\/li><li><a data-fancybox=\"gallery253\" href=\"https:\/\/zxdoll.com\/wp-content\/uploads\/2025\/08\/sexy-hot-sex-doll-pGv86u5-533x800.jpg\" class=\"eig-popup\" title=\"\" data-caption=\"\" target=\"_blank\"><i class=\"icon-view\"><\/i><span class=\"overlay\"><\/span><img loading=\"lazy\" decoding=\"async\" width=\"150\" height=\"150\" src=\"https:\/\/zxdoll.com\/wp-content\/uploads\/2025\/08\/sexy-hot-sex-doll-pGv86u5-150x150.jpg\" class=\"attachment-thumbnail size-thumbnail\" alt=\"\" title=\"\"><\/a><\/li><li><a data-fancybox=\"gallery253\" href=\"https:\/\/zxdoll.com\/wp-content\/uploads\/2025\/08\/sexy-hot-sex-doll-pGv86u6-533x800.jpg\" class=\"eig-popup\" title=\"\" data-caption=\"\" target=\"_blank\"><i class=\"icon-view\"><\/i><span class=\"overlay\"><\/span><img loading=\"lazy\" decoding=\"async\" width=\"150\" height=\"150\" src=\"https:\/\/zxdoll.com\/wp-content\/uploads\/2025\/08\/sexy-hot-sex-doll-pGv86u6-150x150.jpg\" class=\"attachment-thumbnail size-thumbnail\" alt=\"\" title=\"\"><\/a><\/li><li><a data-fancybox=\"gallery253\" href=\"https:\/\/zxdoll.com\/wp-content\/uploads\/2025\/08\/sexy-hot-sex-doll-pGv86u7-533x800.jpg\" class=\"eig-popup\" title=\"\" data-caption=\"\" target=\"_blank\"><i class=\"icon-view\"><\/i><span class=\"overlay\"><\/span><img loading=\"lazy\" decoding=\"async\" width=\"150\" height=\"150\" src=\"https:\/\/zxdoll.com\/wp-content\/uploads\/2025\/08\/sexy-hot-sex-doll-pGv86u7-150x150.jpg\" class=\"attachment-thumbnail size-thumbnail\" alt=\"\" title=\"\"><\/a><\/li><li><a data-fancybox=\"gallery253\" href=\"https:\/\/zxdoll.com\/wp-content\/uploads\/2025\/08\/sexy-hot-sex-doll-pGv86u8-533x800.jpg\" class=\"eig-popup\" title=\"\" data-caption=\"\" target=\"_blank\"><i class=\"icon-view\"><\/i><span class=\"overlay\"><\/span><img loading=\"lazy\" decoding=\"async\" width=\"150\" height=\"150\" src=\"https:\/\/zxdoll.com\/wp-content\/uploads\/2025\/08\/sexy-hot-sex-doll-pGv86u8-150x150.jpg\" class=\"attachment-thumbnail size-thumbnail\" alt=\"\" title=\"\"><\/a><\/li><li><a data-fancybox=\"gallery253\" href=\"https:\/\/zxdoll.com\/wp-content\/uploads\/2025\/08\/sexy-hot-sex-doll-pGv86u9.jpg\" class=\"eig-popup\" title=\"\" data-caption=\"\" target=\"_blank\"><i class=\"icon-view\"><\/i><span class=\"overlay\"><\/span><img loading=\"lazy\" decoding=\"async\" width=\"150\" height=\"150\" src=\"https:\/\/zxdoll.com\/wp-content\/uploads\/2025\/08\/sexy-hot-sex-doll-pGv86u9-150x150.jpg\" class=\"attachment-thumbnail size-thumbnail\" alt=\"\" title=\"\"><\/a><\/li><li><a data-fancybox=\"gallery253\" href=\"https:\/\/zxdoll.com\/wp-content\/uploads\/2025\/08\/sexy-hot-sex-doll-pGv86u10-533x800.jpg\" class=\"eig-popup\" title=\"\" data-caption=\"\" target=\"_blank\"><i class=\"icon-view\"><\/i><span class=\"overlay\"><\/span><img loading=\"lazy\" decoding=\"async\" width=\"150\" height=\"150\" src=\"https:\/\/zxdoll.com\/wp-content\/uploads\/2025\/08\/sexy-hot-sex-doll-pGv86u10-150x150.jpg\" class=\"attachment-thumbnail size-thumbnail\" alt=\"\" title=\"\"><\/a><\/li><li><a data-fancybox=\"gallery253\" href=\"https:\/\/zxdoll.com\/wp-content\/uploads\/2025\/08\/sexy-hot-sex-doll-pGv86u11-533x800.jpg\" class=\"eig-popup\" title=\"\" data-caption=\"\" target=\"_blank\"><i class=\"icon-view\"><\/i><span class=\"overlay\"><\/span><img loading=\"lazy\" decoding=\"async\" width=\"150\" height=\"150\" src=\"https:\/\/zxdoll.com\/wp-content\/uploads\/2025\/08\/sexy-hot-sex-doll-pGv86u11-150x150.jpg\" class=\"attachment-thumbnail size-thumbnail\" alt=\"\" title=\"\"><\/a><\/li><li><a data-fancybox=\"gallery253\" href=\"https:\/\/zxdoll.com\/wp-content\/uploads\/2025\/08\/sexy-hot-sex-doll-pGv86u12-533x800.jpg\" class=\"eig-popup\" title=\"\" data-caption=\"\" target=\"_blank\"><i class=\"icon-view\"><\/i><span class=\"overlay\"><\/span><img loading=\"lazy\" decoding=\"async\" width=\"150\" height=\"150\" src=\"https:\/\/zxdoll.com\/wp-content\/uploads\/2025\/08\/sexy-hot-sex-doll-pGv86u12-150x150.jpg\" class=\"attachment-thumbnail size-thumbnail\" alt=\"\" title=\"\"><\/a><\/li><li><a data-fancybox=\"gallery253\" href=\"https:\/\/zxdoll.com\/wp-content\/uploads\/2025\/08\/sexy-hot-sex-doll-pGv86u13-533x800.jpg\" class=\"eig-popup\" title=\"\" data-caption=\"\" target=\"_blank\"><i class=\"icon-view\"><\/i><span class=\"overlay\"><\/span><img loading=\"lazy\" decoding=\"async\" width=\"150\" height=\"150\" src=\"https:\/\/zxdoll.com\/wp-content\/uploads\/2025\/08\/sexy-hot-sex-doll-pGv86u13-150x150.jpg\" class=\"attachment-thumbnail size-thumbnail\" alt=\"\" title=\"\"><\/a><\/li><li><a data-fancybox=\"gallery253\" href=\"https:\/\/zxdoll.com\/wp-content\/uploads\/2025\/08\/sexy-hot-sex-doll-pGv86u14-533x800.jpg\" class=\"eig-popup\" title=\"\" data-caption=\"\" target=\"_blank\"><i class=\"icon-view\"><\/i><span class=\"overlay\"><\/span><img loading=\"lazy\" decoding=\"async\" width=\"150\" height=\"150\" src=\"https:\/\/zxdoll.com\/wp-content\/uploads\/2025\/08\/sexy-hot-sex-doll-pGv86u14-150x150.jpg\" class=\"attachment-thumbnail size-thumbnail\" alt=\"\" title=\"\"><\/a><\/li><li><a data-fancybox=\"gallery253\" href=\"https:\/\/zxdoll.com\/wp-content\/uploads\/2025\/08\/sexy-hot-sex-doll-pGv86u15-533x800.jpg\" class=\"eig-popup\" title=\"\" data-caption=\"\" target=\"_blank\"><i class=\"icon-view\"><\/i><span class=\"overlay\"><\/span><img loading=\"lazy\" decoding=\"async\" width=\"150\" height=\"150\" src=\"https:\/\/zxdoll.com\/wp-content\/uploads\/2025\/08\/sexy-hot-sex-doll-pGv86u15-150x150.jpg\" class=\"attachment-thumbnail size-thumbnail\" alt=\"\" title=\"\"><\/a><\/li><li><a data-fancybox=\"gallery253\" href=\"https:\/\/zxdoll.com\/wp-content\/uploads\/2025\/08\/sexy-hot-sex-doll-pGv86u16-533x800.jpg\" class=\"eig-popup\" title=\"\" data-caption=\"\" target=\"_blank\"><i class=\"icon-view\"><\/i><span class=\"overlay\"><\/span><img loading=\"lazy\" decoding=\"async\" width=\"150\" height=\"150\" src=\"https:\/\/zxdoll.com\/wp-content\/uploads\/2025\/08\/sexy-hot-sex-doll-pGv86u16-150x150.jpg\" class=\"attachment-thumbnail size-thumbnail\" alt=\"\" title=\"\"><\/a><\/li><li><a data-fancybox=\"gallery253\" href=\"https:\/\/zxdoll.com\/wp-content\/uploads\/2025\/08\/sexy-hot-sex-doll-pGv86u17-533x800.jpg\" class=\"eig-popup\" title=\"\" data-caption=\"\" target=\"_blank\"><i class=\"icon-view\"><\/i><span class=\"overlay\"><\/span><img loading=\"lazy\" decoding=\"async\" width=\"150\" height=\"150\" src=\"https:\/\/zxdoll.com\/wp-content\/uploads\/2025\/08\/sexy-hot-sex-doll-pGv86u17-150x150.jpg\" class=\"attachment-thumbnail size-thumbnail\" alt=\"\" title=\"\"><\/a><\/li><li><a data-fancybox=\"gallery253\" href=\"https:\/\/zxdoll.com\/wp-content\/uploads\/2025\/08\/sexy-hot-sex-doll-pGv86u18-533x800.jpg\" class=\"eig-popup\" title=\"\" data-caption=\"\" target=\"_blank\"><i class=\"icon-view\"><\/i><span class=\"overlay\"><\/span><img loading=\"lazy\" decoding=\"async\" width=\"150\" height=\"150\" src=\"https:\/\/zxdoll.com\/wp-content\/uploads\/2025\/08\/sexy-hot-sex-doll-pGv86u18-150x150.jpg\" class=\"attachment-thumbnail size-thumbnail\" alt=\"\" title=\"\"><\/a><\/li><li><a data-fancybox=\"gallery253\" href=\"https:\/\/zxdoll.com\/wp-content\/uploads\/2025\/08\/sexy-hot-sex-doll-pGv86u19-1-533x800.jpg\" class=\"eig-popup\" title=\"\" data-caption=\"\" target=\"_blank\"><i class=\"icon-view\"><\/i><span class=\"overlay\"><\/span><img loading=\"lazy\" decoding=\"async\" width=\"150\" height=\"150\" src=\"https:\/\/zxdoll.com\/wp-content\/uploads\/2025\/08\/sexy-hot-sex-doll-pGv86u19-1-150x150.jpg\" class=\"attachment-thumbnail size-thumbnail\" alt=\"\" title=\"\"><\/a><\/li><\/ul>\n<h4>M\u00e9rett\u00e1bl\u00e1zatok<\/h4>\n<table width=\"298\">\n<tbody>\n<tr>\n<td width=\"143\">Anyag<\/td>\n<td width=\"155\">Teljes szilikon<\/td>\n<\/tr>\n<tr>\n<td width=\"143\">Magass\u00e1g<\/td>\n<td>165 cm<\/td>\n<\/tr>\n<tr>\n<td width=\"143\">Cs\u00e9sze<\/td>\n<td>C<\/td>\n<\/tr>\n<tr>\n<td width=\"143\">Mellb\u0151s\u00e9g<\/td>\n<td>83,5 cm<\/td>\n<\/tr>\n<tr>\n<td width=\"143\">Mell alatt<\/td>\n<td>61 cm<\/td>\n<\/tr>\n<tr>\n<td width=\"143\">Der\u00e9k<\/td>\n<td>56 cm<\/td>\n<\/tr>\n<tr>\n<td width=\"143\">Cs\u00edp\u0151<\/td>\n<td>101 cm<\/td>\n<\/tr>\n<tr>\n<td width=\"143\">V\u00e1ll<\/td>\n<td>37 cm<\/td>\n<\/tr>\n<tr>\n<td width=\"143\">Kar hossz\u00fas\u00e1g<\/td>\n<td>46 cm<\/td>\n<\/tr>\n<tr>\n<td width=\"143\">Teny\u00e9r<\/td>\n<td>17 cm<\/td>\n<\/tr>\n<tr>\n<td width=\"143\">L\u00e1b hossz<\/td>\n<td>102 cm<\/td>\n<\/tr>\n<tr>\n<td width=\"143\">L\u00e1b<\/td>\n<td>21 cm<\/td>\n<\/tr>\n<tr>\n<td width=\"143\">H\u00fcvely<\/td>\n<td>18 cm<\/td>\n<\/tr>\n<tr>\n<td width=\"143\">V\u00e9gb\u00e9lny\u00edl\u00e1s<\/td>\n<td>16 cm<\/td>\n<\/tr>\n<tr>\n<td width=\"143\">S\u00faly<\/td>\n<td>35,5 kg<\/td>\n<\/tr>\n<\/tbody>\n<\/table>\n<h4>A szexbab\u00e1r\u00f3l<\/h4>\n<p>&nbsp;<\/p>","protected":false},"excerpt":{"rendered":"<p>Szexbaba k\u00e9pek M\u00e9rett\u00e1bl\u00e1zat Anyag teljes szilikon magass\u00e1g 165 cm cs\u00e9sze C mell 83,5 cm mell alatt 61 cm der\u00e9k 56 cm cs\u00edp\u0151<\/p>","protected":false},"featured_media":191517,"comment_status":"open","ping_status":"closed","template":"","meta":[],"product_brand":[],"product_cat":[253,75,230,80,110,107,117,214],"product_tag":[],"class_list":{"0":"post-191515","1":"product","2":"type-product","3":"status-publish","4":"has-post-thumbnail","6":"product_cat-253","7":"product_cat-160cm-170cm-sex-dolls","8":"product_cat-36kg-40kg","9":"product_cat-asian-sex-doll","10":"product_cat-silicone-sex-doll","11":"product_cat-skinny-sex-dolls","12":"product_cat-small-breast-sex-doll","13":"product_cat-ultra-realistic-sex-doll","14":"pa_brand-jarliet-doll","15":"tm-has-options","17":"first","18":"instock","19":"sale","20":"shipping-taxable","21":"purchasable","22":"product-type-simple"},"_links":{"self":[{"href":"https:\/\/zxdoll.com\/hu\/wp-json\/wp\/v2\/product\/191515","targetHints":{"allow":["GET"]}}],"collection":[{"href":"https:\/\/zxdoll.com\/hu\/wp-json\/wp\/v2\/product"}],"about":[{"href":"https:\/\/zxdoll.com\/hu\/wp-json\/wp\/v2\/types\/product"}],"replies":[{"embeddable":true,"href":"https:\/\/zxdoll.com\/hu\/wp-json\/wp\/v2\/comments?post=191515"}],"version-history":[{"count":1,"href":"https:\/\/zxdoll.com\/hu\/wp-json\/wp\/v2\/product\/191515\/revisions"}],"predecessor-version":[{"id":191559,"href":"https:\/\/zxdoll.com\/hu\/wp-json\/wp\/v2\/product\/191515\/revisions\/191559"}],"wp:featuredmedia":[{"embeddable":true,"href":"https:\/\/zxdoll.com\/hu\/wp-json\/wp\/v2\/media\/191517"}],"wp:attachment":[{"href":"https:\/\/zxdoll.com\/hu\/wp-json\/wp\/v2\/media?parent=191515"}],"wp:term":[{"taxonomy":"product_brand","embeddable":true,"href":"https:\/\/zxdoll.com\/hu\/wp-json\/wp\/v2\/product_brand?post=191515"},{"taxonomy":"product_cat","embeddable":true,"href":"https:\/\/zxdoll.com\/hu\/wp-json\/wp\/v2\/product_cat?post=191515"},{"taxonomy":"product_tag","embeddable":true,"href":"https:\/\/zxdoll.com\/hu\/wp-json\/wp\/v2\/product_tag?post=191515"}],"curies":[{"name":"wp","href":"https:\/\/api.w.org\/{rel}","templated":true}]}}