{"id":191106,"date":"2025-08-25T02:38:26","date_gmt":"2025-08-24T18:38:26","guid":{"rendered":"https:\/\/zxdoll.com\/?post_type=product&#038;p=191106"},"modified":"2025-09-03T02:18:03","modified_gmt":"2025-09-02T18:18:03","slug":"sex-doll-thats-made-in-japan","status":"publish","type":"product","link":"https:\/\/zxdoll.com\/hu\/product\/sex-doll-thats-made-in-japan\/","title":{"rendered":"Sex Doll Thats Made In Japan Christal 164cm"},"content":{"rendered":"<h4><strong>Szexbaba k\u00e9pek<\/strong><\/h4>\n\t                <ul class=\"easy-image-gallery thumbnails-14 linked\">\r\n                    <li><a data-fancybox=\"gallery824\" href=\"https:\/\/zxdoll.com\/wp-content\/uploads\/2025\/08\/filipino-sex-doll-qQr59d1-533x800.jpg\" class=\"eig-popup\" title=\"\" data-caption=\"\" target=\"_blank\"><i class=\"icon-view\"><\/i><span class=\"overlay\"><\/span><img decoding=\"async\" width=\"150\" height=\"150\" src=\"https:\/\/zxdoll.com\/wp-content\/uploads\/2025\/08\/filipino-sex-doll-qQr59d1-150x150.jpg\" class=\"attachment-thumbnail size-thumbnail\" alt=\"\" title=\"\"><\/a><\/li><li><a data-fancybox=\"gallery824\" href=\"https:\/\/zxdoll.com\/wp-content\/uploads\/2025\/08\/filipino-sex-doll-qQr59d2-533x800.jpg\" class=\"eig-popup\" title=\"\" data-caption=\"\" target=\"_blank\"><i class=\"icon-view\"><\/i><span class=\"overlay\"><\/span><img decoding=\"async\" width=\"150\" height=\"150\" src=\"https:\/\/zxdoll.com\/wp-content\/uploads\/2025\/08\/filipino-sex-doll-qQr59d2-150x150.jpg\" class=\"attachment-thumbnail size-thumbnail\" alt=\"\" title=\"\"><\/a><\/li><li><a data-fancybox=\"gallery824\" href=\"https:\/\/zxdoll.com\/wp-content\/uploads\/2025\/08\/filipino-sex-doll-qQr59d3-533x800.jpg\" class=\"eig-popup\" title=\"\" data-caption=\"\" target=\"_blank\"><i class=\"icon-view\"><\/i><span class=\"overlay\"><\/span><img decoding=\"async\" width=\"150\" height=\"150\" src=\"https:\/\/zxdoll.com\/wp-content\/uploads\/2025\/08\/filipino-sex-doll-qQr59d3-150x150.jpg\" class=\"attachment-thumbnail size-thumbnail\" alt=\"\" title=\"\"><\/a><\/li><li><a data-fancybox=\"gallery824\" href=\"https:\/\/zxdoll.com\/wp-content\/uploads\/2025\/08\/filipino-sex-doll-qQr59d4-533x800.jpg\" class=\"eig-popup\" title=\"\" data-caption=\"\" target=\"_blank\"><i class=\"icon-view\"><\/i><span class=\"overlay\"><\/span><img loading=\"lazy\" decoding=\"async\" width=\"150\" height=\"150\" src=\"https:\/\/zxdoll.com\/wp-content\/uploads\/2025\/08\/filipino-sex-doll-qQr59d4-150x150.jpg\" class=\"attachment-thumbnail size-thumbnail\" alt=\"\" title=\"\"><\/a><\/li><li><a data-fancybox=\"gallery824\" href=\"https:\/\/zxdoll.com\/wp-content\/uploads\/2025\/08\/filipino-sex-doll-qQr59d5-533x800.jpg\" class=\"eig-popup\" title=\"\" data-caption=\"\" target=\"_blank\"><i class=\"icon-view\"><\/i><span class=\"overlay\"><\/span><img loading=\"lazy\" decoding=\"async\" width=\"150\" height=\"150\" src=\"https:\/\/zxdoll.com\/wp-content\/uploads\/2025\/08\/filipino-sex-doll-qQr59d5-150x150.jpg\" class=\"attachment-thumbnail size-thumbnail\" alt=\"\" title=\"\"><\/a><\/li><li><a data-fancybox=\"gallery824\" href=\"https:\/\/zxdoll.com\/wp-content\/uploads\/2025\/08\/filipino-sex-doll-qQr59d6-1-533x800.jpg\" class=\"eig-popup\" title=\"\" data-caption=\"\" target=\"_blank\"><i class=\"icon-view\"><\/i><span class=\"overlay\"><\/span><img loading=\"lazy\" decoding=\"async\" width=\"150\" height=\"150\" src=\"https:\/\/zxdoll.com\/wp-content\/uploads\/2025\/08\/filipino-sex-doll-qQr59d6-1-150x150.jpg\" class=\"attachment-thumbnail size-thumbnail\" alt=\"\" title=\"\"><\/a><\/li><li><a data-fancybox=\"gallery824\" href=\"https:\/\/zxdoll.com\/wp-content\/uploads\/2025\/08\/filipino-sex-doll-qQr59d7-533x800.jpg\" class=\"eig-popup\" title=\"\" data-caption=\"\" target=\"_blank\"><i class=\"icon-view\"><\/i><span class=\"overlay\"><\/span><img loading=\"lazy\" decoding=\"async\" width=\"150\" height=\"150\" src=\"https:\/\/zxdoll.com\/wp-content\/uploads\/2025\/08\/filipino-sex-doll-qQr59d7-150x150.jpg\" class=\"attachment-thumbnail size-thumbnail\" alt=\"\" title=\"\"><\/a><\/li><li><a data-fancybox=\"gallery824\" href=\"https:\/\/zxdoll.com\/wp-content\/uploads\/2025\/08\/filipino-sex-doll-qQr59d8-533x800.jpg\" class=\"eig-popup\" title=\"\" data-caption=\"\" target=\"_blank\"><i class=\"icon-view\"><\/i><span class=\"overlay\"><\/span><img loading=\"lazy\" decoding=\"async\" width=\"150\" height=\"150\" src=\"https:\/\/zxdoll.com\/wp-content\/uploads\/2025\/08\/filipino-sex-doll-qQr59d8-150x150.jpg\" class=\"attachment-thumbnail size-thumbnail\" alt=\"\" title=\"\"><\/a><\/li><li><a data-fancybox=\"gallery824\" href=\"https:\/\/zxdoll.com\/wp-content\/uploads\/2025\/08\/filipino-sex-doll-qQr59d9-533x800.jpg\" class=\"eig-popup\" title=\"\" data-caption=\"\" target=\"_blank\"><i class=\"icon-view\"><\/i><span class=\"overlay\"><\/span><img loading=\"lazy\" decoding=\"async\" width=\"150\" height=\"150\" src=\"https:\/\/zxdoll.com\/wp-content\/uploads\/2025\/08\/filipino-sex-doll-qQr59d9-150x150.jpg\" class=\"attachment-thumbnail size-thumbnail\" alt=\"\" title=\"\"><\/a><\/li><li><a data-fancybox=\"gallery824\" href=\"https:\/\/zxdoll.com\/wp-content\/uploads\/2025\/08\/filipino-sex-doll-qQr59d10-533x800.jpg\" class=\"eig-popup\" title=\"\" data-caption=\"\" target=\"_blank\"><i class=\"icon-view\"><\/i><span class=\"overlay\"><\/span><img loading=\"lazy\" decoding=\"async\" width=\"150\" height=\"150\" src=\"https:\/\/zxdoll.com\/wp-content\/uploads\/2025\/08\/filipino-sex-doll-qQr59d10-150x150.jpg\" class=\"attachment-thumbnail size-thumbnail\" alt=\"\" title=\"\"><\/a><\/li><li><a data-fancybox=\"gallery824\" href=\"https:\/\/zxdoll.com\/wp-content\/uploads\/2025\/08\/filipino-sex-doll-qQr59d11-533x800.jpg\" class=\"eig-popup\" title=\"\" data-caption=\"\" target=\"_blank\"><i class=\"icon-view\"><\/i><span class=\"overlay\"><\/span><img loading=\"lazy\" decoding=\"async\" width=\"150\" height=\"150\" src=\"https:\/\/zxdoll.com\/wp-content\/uploads\/2025\/08\/filipino-sex-doll-qQr59d11-150x150.jpg\" class=\"attachment-thumbnail size-thumbnail\" alt=\"\" title=\"\"><\/a><\/li><li><a data-fancybox=\"gallery824\" href=\"https:\/\/zxdoll.com\/wp-content\/uploads\/2025\/08\/filipino-sex-doll-qQr59d12-533x800.jpg\" class=\"eig-popup\" title=\"\" data-caption=\"\" target=\"_blank\"><i class=\"icon-view\"><\/i><span class=\"overlay\"><\/span><img loading=\"lazy\" decoding=\"async\" width=\"150\" height=\"150\" src=\"https:\/\/zxdoll.com\/wp-content\/uploads\/2025\/08\/filipino-sex-doll-qQr59d12-150x150.jpg\" class=\"attachment-thumbnail size-thumbnail\" alt=\"\" title=\"\"><\/a><\/li><li><a data-fancybox=\"gallery824\" href=\"https:\/\/zxdoll.com\/wp-content\/uploads\/2025\/08\/filipino-sex-doll-qQr59d13-533x800.jpg\" class=\"eig-popup\" title=\"\" data-caption=\"\" target=\"_blank\"><i class=\"icon-view\"><\/i><span class=\"overlay\"><\/span><img loading=\"lazy\" decoding=\"async\" width=\"150\" height=\"150\" src=\"https:\/\/zxdoll.com\/wp-content\/uploads\/2025\/08\/filipino-sex-doll-qQr59d13-150x150.jpg\" class=\"attachment-thumbnail size-thumbnail\" alt=\"\" title=\"\"><\/a><\/li><li><a data-fancybox=\"gallery824\" href=\"https:\/\/zxdoll.com\/wp-content\/uploads\/2025\/08\/filipino-sex-doll-qQr59d14-533x800.jpg\" class=\"eig-popup\" title=\"\" data-caption=\"\" target=\"_blank\"><i class=\"icon-view\"><\/i><span class=\"overlay\"><\/span><img loading=\"lazy\" decoding=\"async\" width=\"150\" height=\"150\" src=\"https:\/\/zxdoll.com\/wp-content\/uploads\/2025\/08\/filipino-sex-doll-qQr59d14-150x150.jpg\" class=\"attachment-thumbnail size-thumbnail\" alt=\"\" title=\"\"><\/a><\/li><\/ul>\n<h4>M\u00e9rett\u00e1bl\u00e1zatok<\/h4>\n<table width=\"376\">\n<tbody>\n<tr>\n<td width=\"129\">Anyag<\/td>\n<td width=\"247\">Szilikon fej + TPE test<\/td>\n<\/tr>\n<tr>\n<td>Magass\u00e1g<\/td>\n<td>164cm D kupa<\/td>\n<\/tr>\n<tr>\n<td>Nett\u00f3 t\u00f6meg<\/td>\n<td>41 kg<\/td>\n<\/tr>\n<tr>\n<td>Mellb\u0151s\u00e9g<\/td>\n<td>90 cm<\/td>\n<\/tr>\n<tr>\n<td>Der\u00e9k<\/td>\n<td>53 cm<\/td>\n<\/tr>\n<tr>\n<td>Cs\u00edp\u0151<\/td>\n<td>85 cm<\/td>\n<\/tr>\n<tr>\n<td>V\u00e1ll<\/td>\n<td>35 cm<\/td>\n<\/tr>\n<tr>\n<td>Kar<\/td>\n<td>60 cm<\/td>\n<\/tr>\n<tr>\n<td>K\u00e9z<\/td>\n<td>16 cm<\/td>\n<\/tr>\n<tr>\n<td>L\u00e1b<\/td>\n<td>95 cm<\/td>\n<\/tr>\n<tr>\n<td>L\u00e1b<\/td>\n<td>22 cm<\/td>\n<\/tr>\n<tr>\n<td>H\u00fcvelym\u00e9lys\u00e9g<\/td>\n<td>18 cm<\/td>\n<\/tr>\n<tr>\n<td>An\u00e1lis m\u00e9lys\u00e9g<\/td>\n<td>17 cm<\/td>\n<\/tr>\n<\/tbody>\n<\/table>\n<h4>A szexbab\u00e1r\u00f3l<\/h4>\n<p>&nbsp;<\/p>","protected":false},"excerpt":{"rendered":"<p>Szexbaba k\u00e9pek M\u00e9rett\u00e1bl\u00e1zatok Anyag Szilikon Fej + TPE Testmagass\u00e1g 164cm D kos\u00e1r Nett\u00f3 s\u00faly 41kg Mellb\u0151s\u00e9g 90cm<\/p>","protected":false},"featured_media":191139,"comment_status":"open","ping_status":"closed","template":"","meta":[],"product_brand":[],"product_cat":[253,75,231,116,224,192,107],"product_tag":[],"class_list":{"0":"post-191106","1":"product","2":"type-product","3":"status-publish","4":"has-post-thumbnail","6":"product_cat-253","7":"product_cat-160cm-170cm-sex-dolls","8":"product_cat-41kg-45kg","9":"product_cat-big-boobs-sex-doll","10":"product_cat-high-tech-sex-doll","11":"product_cat-hybrid-doll","12":"product_cat-skinny-sex-dolls","13":"pa_brand-rosretty-doll","14":"tm-has-options","16":"first","17":"instock","18":"sale","19":"shipping-taxable","20":"purchasable","21":"product-type-simple"},"_links":{"self":[{"href":"https:\/\/zxdoll.com\/hu\/wp-json\/wp\/v2\/product\/191106","targetHints":{"allow":["GET"]}}],"collection":[{"href":"https:\/\/zxdoll.com\/hu\/wp-json\/wp\/v2\/product"}],"about":[{"href":"https:\/\/zxdoll.com\/hu\/wp-json\/wp\/v2\/types\/product"}],"replies":[{"embeddable":true,"href":"https:\/\/zxdoll.com\/hu\/wp-json\/wp\/v2\/comments?post=191106"}],"version-history":[{"count":1,"href":"https:\/\/zxdoll.com\/hu\/wp-json\/wp\/v2\/product\/191106\/revisions"}],"predecessor-version":[{"id":191177,"href":"https:\/\/zxdoll.com\/hu\/wp-json\/wp\/v2\/product\/191106\/revisions\/191177"}],"wp:featuredmedia":[{"embeddable":true,"href":"https:\/\/zxdoll.com\/hu\/wp-json\/wp\/v2\/media\/191139"}],"wp:attachment":[{"href":"https:\/\/zxdoll.com\/hu\/wp-json\/wp\/v2\/media?parent=191106"}],"wp:term":[{"taxonomy":"product_brand","embeddable":true,"href":"https:\/\/zxdoll.com\/hu\/wp-json\/wp\/v2\/product_brand?post=191106"},{"taxonomy":"product_cat","embeddable":true,"href":"https:\/\/zxdoll.com\/hu\/wp-json\/wp\/v2\/product_cat?post=191106"},{"taxonomy":"product_tag","embeddable":true,"href":"https:\/\/zxdoll.com\/hu\/wp-json\/wp\/v2\/product_tag?post=191106"}],"curies":[{"name":"wp","href":"https:\/\/api.w.org\/{rel}","templated":true}]}}