{"id":19012,"date":"2023-03-04T01:33:01","date_gmt":"2023-03-03T17:33:01","guid":{"rendered":"https:\/\/zxdoll.com\/?post_type=product&#038;p=19012"},"modified":"2025-09-08T03:28:44","modified_gmt":"2025-09-07T19:28:44","slug":"real-life-like-quality-nude-sex-dolls","status":"publish","type":"product","link":"https:\/\/zxdoll.com\/hu\/product\/real-life-like-quality-nude-sex-dolls\/","title":{"rendered":"\u00c9letszer\u0171 min\u0151s\u00e9gi meztelen szexbab\u00e1k Jennell 153 cm"},"content":{"rendered":"<h4><strong>Szexbaba k\u00e9pek<\/strong><\/h4>\n\t                <ul class=\"easy-image-gallery thumbnails-15 linked\">\r\n                    <li><a data-fancybox=\"gallery472\" href=\"https:\/\/zxdoll.com\/wp-content\/uploads\/2023\/03\/sex-doll-footjob-h41-533x800.jpg\" class=\"eig-popup\" title=\"\" data-caption=\"\" target=\"_blank\"><i class=\"icon-view\"><\/i><span class=\"overlay\"><\/span><img decoding=\"async\" width=\"150\" height=\"150\" src=\"https:\/\/zxdoll.com\/wp-content\/uploads\/2023\/03\/sex-doll-footjob-h41-150x150.jpg\" class=\"attachment-thumbnail size-thumbnail\" alt=\"\" title=\"\"><\/a><\/li><li><a data-fancybox=\"gallery472\" href=\"https:\/\/zxdoll.com\/wp-content\/uploads\/2023\/03\/sex-doll-footjob-h42-1-533x800.jpg\" class=\"eig-popup\" title=\"\" data-caption=\"\" target=\"_blank\"><i class=\"icon-view\"><\/i><span class=\"overlay\"><\/span><img decoding=\"async\" width=\"150\" height=\"150\" src=\"https:\/\/zxdoll.com\/wp-content\/uploads\/2023\/03\/sex-doll-footjob-h42-1-150x150.jpg\" class=\"attachment-thumbnail size-thumbnail\" alt=\"\" title=\"\"><\/a><\/li><li><a data-fancybox=\"gallery472\" href=\"https:\/\/zxdoll.com\/wp-content\/uploads\/2023\/03\/sex-doll-footjob-h43-533x800.jpg\" class=\"eig-popup\" title=\"\" data-caption=\"\" target=\"_blank\"><i class=\"icon-view\"><\/i><span class=\"overlay\"><\/span><img decoding=\"async\" width=\"150\" height=\"150\" src=\"https:\/\/zxdoll.com\/wp-content\/uploads\/2023\/03\/sex-doll-footjob-h43-150x150.jpg\" class=\"attachment-thumbnail size-thumbnail\" alt=\"\" title=\"\"><\/a><\/li><li><a data-fancybox=\"gallery472\" href=\"https:\/\/zxdoll.com\/wp-content\/uploads\/2023\/03\/sex-doll-footjob-h44-533x800.jpg\" class=\"eig-popup\" title=\"\" data-caption=\"\" target=\"_blank\"><i class=\"icon-view\"><\/i><span class=\"overlay\"><\/span><img loading=\"lazy\" decoding=\"async\" width=\"150\" height=\"150\" src=\"https:\/\/zxdoll.com\/wp-content\/uploads\/2023\/03\/sex-doll-footjob-h44-150x150.jpg\" class=\"attachment-thumbnail size-thumbnail\" alt=\"\" title=\"\"><\/a><\/li><li><a data-fancybox=\"gallery472\" href=\"https:\/\/zxdoll.com\/wp-content\/uploads\/2023\/03\/sex-doll-footjob-h45-533x800.jpg\" class=\"eig-popup\" title=\"\" data-caption=\"\" target=\"_blank\"><i class=\"icon-view\"><\/i><span class=\"overlay\"><\/span><img loading=\"lazy\" decoding=\"async\" width=\"150\" height=\"150\" src=\"https:\/\/zxdoll.com\/wp-content\/uploads\/2023\/03\/sex-doll-footjob-h45-150x150.jpg\" class=\"attachment-thumbnail size-thumbnail\" alt=\"\" title=\"\"><\/a><\/li><li><a data-fancybox=\"gallery472\" href=\"https:\/\/zxdoll.com\/wp-content\/uploads\/2023\/03\/sex-doll-footjob-h46-533x800.jpg\" class=\"eig-popup\" title=\"\" data-caption=\"\" target=\"_blank\"><i class=\"icon-view\"><\/i><span class=\"overlay\"><\/span><img loading=\"lazy\" decoding=\"async\" width=\"150\" height=\"150\" src=\"https:\/\/zxdoll.com\/wp-content\/uploads\/2023\/03\/sex-doll-footjob-h46-150x150.jpg\" class=\"attachment-thumbnail size-thumbnail\" alt=\"\" title=\"\"><\/a><\/li><li><a data-fancybox=\"gallery472\" href=\"https:\/\/zxdoll.com\/wp-content\/uploads\/2023\/03\/sex-doll-footjob-h47-533x800.jpg\" class=\"eig-popup\" title=\"\" data-caption=\"\" target=\"_blank\"><i class=\"icon-view\"><\/i><span class=\"overlay\"><\/span><img loading=\"lazy\" decoding=\"async\" width=\"150\" height=\"150\" src=\"https:\/\/zxdoll.com\/wp-content\/uploads\/2023\/03\/sex-doll-footjob-h47-150x150.jpg\" class=\"attachment-thumbnail size-thumbnail\" alt=\"\" title=\"\"><\/a><\/li><li><a data-fancybox=\"gallery472\" href=\"https:\/\/zxdoll.com\/wp-content\/uploads\/2023\/03\/sex-doll-footjob-h48-533x800.jpg\" class=\"eig-popup\" title=\"\" data-caption=\"\" target=\"_blank\"><i class=\"icon-view\"><\/i><span class=\"overlay\"><\/span><img loading=\"lazy\" decoding=\"async\" width=\"150\" height=\"150\" src=\"https:\/\/zxdoll.com\/wp-content\/uploads\/2023\/03\/sex-doll-footjob-h48-150x150.jpg\" class=\"attachment-thumbnail size-thumbnail\" alt=\"\" title=\"\"><\/a><\/li><li><a data-fancybox=\"gallery472\" href=\"https:\/\/zxdoll.com\/wp-content\/uploads\/2023\/03\/sex-doll-footjob-h49-533x800.jpg\" class=\"eig-popup\" title=\"\" data-caption=\"\" target=\"_blank\"><i class=\"icon-view\"><\/i><span class=\"overlay\"><\/span><img loading=\"lazy\" decoding=\"async\" width=\"150\" height=\"150\" src=\"https:\/\/zxdoll.com\/wp-content\/uploads\/2023\/03\/sex-doll-footjob-h49-150x150.jpg\" class=\"attachment-thumbnail size-thumbnail\" alt=\"\" title=\"\"><\/a><\/li><li><a data-fancybox=\"gallery472\" href=\"https:\/\/zxdoll.com\/wp-content\/uploads\/2023\/03\/sex-doll-footjob-h410-533x800.jpg\" class=\"eig-popup\" title=\"\" data-caption=\"\" target=\"_blank\"><i class=\"icon-view\"><\/i><span class=\"overlay\"><\/span><img loading=\"lazy\" decoding=\"async\" width=\"150\" height=\"150\" src=\"https:\/\/zxdoll.com\/wp-content\/uploads\/2023\/03\/sex-doll-footjob-h410-150x150.jpg\" class=\"attachment-thumbnail size-thumbnail\" alt=\"\" title=\"\"><\/a><\/li><li><a data-fancybox=\"gallery472\" href=\"https:\/\/zxdoll.com\/wp-content\/uploads\/2023\/03\/sex-doll-footjob-h411-533x800.jpg\" class=\"eig-popup\" title=\"\" data-caption=\"\" target=\"_blank\"><i class=\"icon-view\"><\/i><span class=\"overlay\"><\/span><img loading=\"lazy\" decoding=\"async\" width=\"150\" height=\"150\" src=\"https:\/\/zxdoll.com\/wp-content\/uploads\/2023\/03\/sex-doll-footjob-h411-150x150.jpg\" class=\"attachment-thumbnail size-thumbnail\" alt=\"\" title=\"\"><\/a><\/li><li><a data-fancybox=\"gallery472\" href=\"https:\/\/zxdoll.com\/wp-content\/uploads\/2023\/03\/sex-doll-footjob-h412-533x800.jpg\" class=\"eig-popup\" title=\"\" data-caption=\"\" target=\"_blank\"><i class=\"icon-view\"><\/i><span class=\"overlay\"><\/span><img loading=\"lazy\" decoding=\"async\" width=\"150\" height=\"150\" src=\"https:\/\/zxdoll.com\/wp-content\/uploads\/2023\/03\/sex-doll-footjob-h412-150x150.jpg\" class=\"attachment-thumbnail size-thumbnail\" alt=\"\" title=\"\"><\/a><\/li><li><a data-fancybox=\"gallery472\" href=\"https:\/\/zxdoll.com\/wp-content\/uploads\/2023\/03\/sex-doll-footjob-h413-533x800.jpg\" class=\"eig-popup\" title=\"\" data-caption=\"\" target=\"_blank\"><i class=\"icon-view\"><\/i><span class=\"overlay\"><\/span><img loading=\"lazy\" decoding=\"async\" width=\"150\" height=\"150\" src=\"https:\/\/zxdoll.com\/wp-content\/uploads\/2023\/03\/sex-doll-footjob-h413-150x150.jpg\" class=\"attachment-thumbnail size-thumbnail\" alt=\"\" title=\"\"><\/a><\/li><li><a data-fancybox=\"gallery472\" href=\"https:\/\/zxdoll.com\/wp-content\/uploads\/2023\/03\/sex-doll-footjob-h414-533x800.jpg\" class=\"eig-popup\" title=\"\" data-caption=\"\" target=\"_blank\"><i class=\"icon-view\"><\/i><span class=\"overlay\"><\/span><img loading=\"lazy\" decoding=\"async\" width=\"150\" height=\"150\" src=\"https:\/\/zxdoll.com\/wp-content\/uploads\/2023\/03\/sex-doll-footjob-h414-150x150.jpg\" class=\"attachment-thumbnail size-thumbnail\" alt=\"\" title=\"\"><\/a><\/li><li><a data-fancybox=\"gallery472\" href=\"https:\/\/zxdoll.com\/wp-content\/uploads\/2023\/03\/sex-doll-footjob-h415.jpg\" class=\"eig-popup\" title=\"\" data-caption=\"\" target=\"_blank\"><i class=\"icon-view\"><\/i><span class=\"overlay\"><\/span><img loading=\"lazy\" decoding=\"async\" width=\"100\" height=\"150\" src=\"https:\/\/zxdoll.com\/wp-content\/uploads\/2023\/03\/sex-doll-footjob-h415.jpg\" class=\"attachment-thumbnail size-thumbnail\" alt=\"\" srcset=\"https:\/\/zxdoll.com\/wp-content\/uploads\/2023\/03\/sex-doll-footjob-h415.jpg 600w, https:\/\/zxdoll.com\/wp-content\/uploads\/2023\/03\/sex-doll-footjob-h415-430x645.jpg 430w\" sizes=\"(max-width: 100px) 100vw, 100px\" title=\"\"><\/a><\/li><\/ul>\n<h4>M\u00e9rett\u00e1bl\u00e1zatok<\/h4>\n<table width=\"384\">\n<tbody>\n<tr>\n<td width=\"173\">Anyag<\/td>\n<td width=\"139\">TPE<\/td>\n<\/tr>\n<tr>\n<td width=\"173\">Magass\u00e1g<\/td>\n<td width=\"139\">153 cm<\/td>\n<\/tr>\n<tr>\n<td>Mellb\u0151s\u00e9g<\/td>\n<td>88 cm<\/td>\n<\/tr>\n<tr>\n<td>Down Bust<\/td>\n<td>52 cm<\/td>\n<\/tr>\n<tr>\n<td>Cs\u00edp\u0151<\/td>\n<td>86 cm<\/td>\n<\/tr>\n<tr>\n<td>Der\u00e9k<\/td>\n<td>41 cm<\/td>\n<\/tr>\n<tr>\n<td>V\u00e1ll<\/td>\n<td>33 cm<\/td>\n<\/tr>\n<tr>\n<td>Kar hossz\u00fas\u00e1g<\/td>\n<td>59 cm<\/td>\n<\/tr>\n<tr>\n<td>k\u00e9z hossz<\/td>\n<td>13 cm<\/td>\n<\/tr>\n<tr>\n<td>L\u00e1b hossz<\/td>\n<td>78 cm<\/td>\n<\/tr>\n<tr>\n<td>Or\u00e1lis<\/td>\n<td>12 cm<\/td>\n<\/tr>\n<tr>\n<td>H\u00fcvelyi<\/td>\n<td>15 cm<\/td>\n<\/tr>\n<tr>\n<td>V\u00e9gb\u00e9lny\u00edl\u00e1s<\/td>\n<td>14 cm<\/td>\n<\/tr>\n<tr>\n<td>L\u00e1bhossz<\/td>\n<td>20 cm<\/td>\n<\/tr>\n<tr>\n<td>Nyak ker\u00fclete<\/td>\n<td>26 cm<\/td>\n<\/tr>\n<tr>\n<td>Nett\u00f3 t\u00f6meg<\/td>\n<td>31 kg<\/td>\n<\/tr>\n<\/tbody>\n<\/table>\n<h4>A szexbab\u00e1r\u00f3l<\/h4>\n<p>A val\u00f3di szexbaba sz\u00f3 szerint az, amit a neve is mond, igazi szexbaba. Tudom, hogy l\u00e1thatt\u00e1l m\u00e1r k\u00fcl\u00f6nb\u00f6z\u0151 t\u00edpus\u00fa \u00e9s m\u00e9ret\u0171 bab\u00e1kat, de l\u00e1tt\u00e1l m\u00e1r \u00e9letnagys\u00e1g\u00fa szexbab\u00e1t? Ezek a bab\u00e1k nem olyanok, mint a m\u0171anyagok, pontosan \u00fagy n\u00e9znek ki, mint egy igazi ember, s\u0151t neh\u00e9z lenne megk\u00fcl\u00f6nb\u00f6ztetni ezeket a bab\u00e1kat egy igazi n\u0151t\u0151l. Eltekintve att\u00f3l, hogy ezek a val\u00f3di feln\u0151tt bab\u00e1k ugyanazokkal a tulajdons\u00e1gokkal rendelkeznek, mint a val\u00f3di<\/p>\n<p>Emberek, \u0151k is igazi embernek \u00e9rzik magukat, ugyanolyan testfel\u00e9p\u00edt\u00e9s\u0171ek, ugyanazok a szexu\u00e1lis ny\u00edl\u00e1saik \u00e9s ugyanaz a hajt\u00edpusuk.<\/p>\n<p>Ha a legjobb min\u0151s\u00e9g\u0171 szexbab\u00e1t szeretn\u00e9d, \u00e9s ha a legjobb \u00e9letet, mint a f\u00e9rfiak szexbab\u00e1j\u00e1t, akkor ez a val\u00f3di \u00e9let, mint a szexbab\u00e1k, neked val\u00f3. Ha m\u00e1r ismeri a k\u00fcl\u00f6nb\u00f6z\u0151 t\u00edpus\u00fa szexbab\u00e1kat, akkor ez seg\u00edt gondosan kiv\u00e1lasztani a k\u00edv\u00e1nt bab\u00e1t. Val\u00f3s\u00e1gh\u0171 meztelen szexbab\u00e1t szeretne, vagy m\u0171anyag bab\u00e1t? A v\u00e1laszt\u00e1s a ti\u00e9d. Ezek a bab\u00e1k nagyon megfizethet\u0151ek, nem csak luxus, de v\u00e9get vetnek a szexu\u00e1lis nyomor\u00fas\u00e1gnak.<\/p>","protected":false},"excerpt":{"rendered":"<p>Szexbaba k\u00e9pek M\u00e9rett\u00e1bl\u00e1zat Anyag TPE magass\u00e1g 153 cm mell 88 cm le mell 52 cm cs\u00edp\u0151 86 cm der\u00e9k 41 cm v\u00e1ll 33 cm<\/p>","protected":false},"featured_media":19028,"comment_status":"open","ping_status":"closed","template":"","meta":[],"product_brand":[],"product_cat":[112,229,116,115,98,119],"product_tag":[],"class_list":{"0":"post-19012","1":"product","2":"type-product","3":"status-publish","4":"has-post-thumbnail","6":"product_cat-150cm-159cm-sex-dolls","7":"product_cat-31kg-35kg","8":"product_cat-big-boobs-sex-doll","9":"product_cat-big-booty-sex-doll","10":"product_cat-realistic-sex-dolls","11":"product_cat-tpe-sex-doll","12":"pa_brand-as-doll","13":"tm-has-options","15":"first","16":"instock","17":"sale","18":"shipping-taxable","19":"purchasable","20":"product-type-simple"},"_links":{"self":[{"href":"https:\/\/zxdoll.com\/hu\/wp-json\/wp\/v2\/product\/19012","targetHints":{"allow":["GET"]}}],"collection":[{"href":"https:\/\/zxdoll.com\/hu\/wp-json\/wp\/v2\/product"}],"about":[{"href":"https:\/\/zxdoll.com\/hu\/wp-json\/wp\/v2\/types\/product"}],"replies":[{"embeddable":true,"href":"https:\/\/zxdoll.com\/hu\/wp-json\/wp\/v2\/comments?post=19012"}],"version-history":[{"count":1,"href":"https:\/\/zxdoll.com\/hu\/wp-json\/wp\/v2\/product\/19012\/revisions"}],"predecessor-version":[{"id":197625,"href":"https:\/\/zxdoll.com\/hu\/wp-json\/wp\/v2\/product\/19012\/revisions\/197625"}],"wp:featuredmedia":[{"embeddable":true,"href":"https:\/\/zxdoll.com\/hu\/wp-json\/wp\/v2\/media\/19028"}],"wp:attachment":[{"href":"https:\/\/zxdoll.com\/hu\/wp-json\/wp\/v2\/media?parent=19012"}],"wp:term":[{"taxonomy":"product_brand","embeddable":true,"href":"https:\/\/zxdoll.com\/hu\/wp-json\/wp\/v2\/product_brand?post=19012"},{"taxonomy":"product_cat","embeddable":true,"href":"https:\/\/zxdoll.com\/hu\/wp-json\/wp\/v2\/product_cat?post=19012"},{"taxonomy":"product_tag","embeddable":true,"href":"https:\/\/zxdoll.com\/hu\/wp-json\/wp\/v2\/product_tag?post=19012"}],"curies":[{"name":"wp","href":"https:\/\/api.w.org\/{rel}","templated":true}]}}