{"id":18958,"date":"2023-03-04T01:10:35","date_gmt":"2023-03-03T17:10:35","guid":{"rendered":"https:\/\/zxdoll.com\/?post_type=product&#038;p=18958"},"modified":"2025-09-08T03:25:33","modified_gmt":"2025-09-07T19:25:33","slug":"lifelike-real-life-adult-sexy-sex-doll","status":"publish","type":"product","link":"https:\/\/zxdoll.com\/hu\/product\/lifelike-real-life-adult-sexy-sex-doll\/","title":{"rendered":"\u00c9leth\u0171 Real Life Feln\u0151tt szexi szexbaba Alice 153cm"},"content":{"rendered":"<h4><strong>Szexbaba k\u00e9pek<\/strong><\/h4>\n\t                <ul class=\"easy-image-gallery thumbnails-15 linked\">\r\n                    <li><a data-fancybox=\"gallery472\" href=\"https:\/\/zxdoll.com\/wp-content\/uploads\/2023\/03\/nude-sex-dolls-h71-533x800.jpg\" class=\"eig-popup\" title=\"\" data-caption=\"\" target=\"_blank\"><i class=\"icon-view\"><\/i><span class=\"overlay\"><\/span><img decoding=\"async\" width=\"150\" height=\"150\" src=\"https:\/\/zxdoll.com\/wp-content\/uploads\/2023\/03\/nude-sex-dolls-h71-150x150.jpg\" class=\"attachment-thumbnail size-thumbnail\" alt=\"\" title=\"\"><\/a><\/li><li><a data-fancybox=\"gallery472\" href=\"https:\/\/zxdoll.com\/wp-content\/uploads\/2023\/03\/nude-sex-dolls-h72-533x800.jpg\" class=\"eig-popup\" title=\"\" data-caption=\"\" target=\"_blank\"><i class=\"icon-view\"><\/i><span class=\"overlay\"><\/span><img decoding=\"async\" width=\"150\" height=\"150\" src=\"https:\/\/zxdoll.com\/wp-content\/uploads\/2023\/03\/nude-sex-dolls-h72-150x150.jpg\" class=\"attachment-thumbnail size-thumbnail\" alt=\"\" title=\"\"><\/a><\/li><li><a data-fancybox=\"gallery472\" href=\"https:\/\/zxdoll.com\/wp-content\/uploads\/2023\/03\/nude-sex-dolls-h73-1-533x800.jpg\" class=\"eig-popup\" title=\"\" data-caption=\"\" target=\"_blank\"><i class=\"icon-view\"><\/i><span class=\"overlay\"><\/span><img decoding=\"async\" width=\"150\" height=\"150\" src=\"https:\/\/zxdoll.com\/wp-content\/uploads\/2023\/03\/nude-sex-dolls-h73-1-150x150.jpg\" class=\"attachment-thumbnail size-thumbnail\" alt=\"\" title=\"\"><\/a><\/li><li><a data-fancybox=\"gallery472\" href=\"https:\/\/zxdoll.com\/wp-content\/uploads\/2023\/03\/nude-sex-dolls-h74-545x800.jpg\" class=\"eig-popup\" title=\"\" data-caption=\"\" target=\"_blank\"><i class=\"icon-view\"><\/i><span class=\"overlay\"><\/span><img loading=\"lazy\" decoding=\"async\" width=\"150\" height=\"150\" src=\"https:\/\/zxdoll.com\/wp-content\/uploads\/2023\/03\/nude-sex-dolls-h74-150x150.jpg\" class=\"attachment-thumbnail size-thumbnail\" alt=\"\" title=\"\"><\/a><\/li><li><a data-fancybox=\"gallery472\" href=\"https:\/\/zxdoll.com\/wp-content\/uploads\/2023\/03\/nude-sex-dolls-h75-548x800.jpg\" class=\"eig-popup\" title=\"\" data-caption=\"\" target=\"_blank\"><i class=\"icon-view\"><\/i><span class=\"overlay\"><\/span><img loading=\"lazy\" decoding=\"async\" width=\"150\" height=\"150\" src=\"https:\/\/zxdoll.com\/wp-content\/uploads\/2023\/03\/nude-sex-dolls-h75-150x150.jpg\" class=\"attachment-thumbnail size-thumbnail\" alt=\"\" title=\"\"><\/a><\/li><li><a data-fancybox=\"gallery472\" href=\"https:\/\/zxdoll.com\/wp-content\/uploads\/2023\/03\/nude-sex-dolls-h76-533x800.jpg\" class=\"eig-popup\" title=\"\" data-caption=\"\" target=\"_blank\"><i class=\"icon-view\"><\/i><span class=\"overlay\"><\/span><img loading=\"lazy\" decoding=\"async\" width=\"150\" height=\"150\" src=\"https:\/\/zxdoll.com\/wp-content\/uploads\/2023\/03\/nude-sex-dolls-h76-150x150.jpg\" class=\"attachment-thumbnail size-thumbnail\" alt=\"\" title=\"\"><\/a><\/li><li><a data-fancybox=\"gallery472\" href=\"https:\/\/zxdoll.com\/wp-content\/uploads\/2023\/03\/nude-sex-dolls-h77-533x800.jpg\" class=\"eig-popup\" title=\"\" data-caption=\"\" target=\"_blank\"><i class=\"icon-view\"><\/i><span class=\"overlay\"><\/span><img loading=\"lazy\" decoding=\"async\" width=\"150\" height=\"150\" src=\"https:\/\/zxdoll.com\/wp-content\/uploads\/2023\/03\/nude-sex-dolls-h77-150x150.jpg\" class=\"attachment-thumbnail size-thumbnail\" alt=\"\" title=\"\"><\/a><\/li><li><a data-fancybox=\"gallery472\" href=\"https:\/\/zxdoll.com\/wp-content\/uploads\/2023\/03\/nude-sex-dolls-h78-533x800.jpg\" class=\"eig-popup\" title=\"\" data-caption=\"\" target=\"_blank\"><i class=\"icon-view\"><\/i><span class=\"overlay\"><\/span><img loading=\"lazy\" decoding=\"async\" width=\"150\" height=\"150\" src=\"https:\/\/zxdoll.com\/wp-content\/uploads\/2023\/03\/nude-sex-dolls-h78-150x150.jpg\" class=\"attachment-thumbnail size-thumbnail\" alt=\"\" title=\"\"><\/a><\/li><li><a data-fancybox=\"gallery472\" href=\"https:\/\/zxdoll.com\/wp-content\/uploads\/2023\/03\/nude-sex-dolls-h79-533x800.jpg\" class=\"eig-popup\" title=\"\" data-caption=\"\" target=\"_blank\"><i class=\"icon-view\"><\/i><span class=\"overlay\"><\/span><img loading=\"lazy\" decoding=\"async\" width=\"150\" height=\"150\" src=\"https:\/\/zxdoll.com\/wp-content\/uploads\/2023\/03\/nude-sex-dolls-h79-150x150.jpg\" class=\"attachment-thumbnail size-thumbnail\" alt=\"\" title=\"\"><\/a><\/li><li><a data-fancybox=\"gallery472\" href=\"https:\/\/zxdoll.com\/wp-content\/uploads\/2023\/03\/nude-sex-dolls-h710-533x800.jpg\" class=\"eig-popup\" title=\"\" data-caption=\"\" target=\"_blank\"><i class=\"icon-view\"><\/i><span class=\"overlay\"><\/span><img loading=\"lazy\" decoding=\"async\" width=\"150\" height=\"150\" src=\"https:\/\/zxdoll.com\/wp-content\/uploads\/2023\/03\/nude-sex-dolls-h710-150x150.jpg\" class=\"attachment-thumbnail size-thumbnail\" alt=\"\" title=\"\"><\/a><\/li><li><a data-fancybox=\"gallery472\" href=\"https:\/\/zxdoll.com\/wp-content\/uploads\/2023\/03\/nude-sex-dolls-h711-533x800.jpg\" class=\"eig-popup\" title=\"\" data-caption=\"\" target=\"_blank\"><i class=\"icon-view\"><\/i><span class=\"overlay\"><\/span><img loading=\"lazy\" decoding=\"async\" width=\"150\" height=\"150\" src=\"https:\/\/zxdoll.com\/wp-content\/uploads\/2023\/03\/nude-sex-dolls-h711-150x150.jpg\" class=\"attachment-thumbnail size-thumbnail\" alt=\"\" title=\"\"><\/a><\/li><li><a data-fancybox=\"gallery472\" href=\"https:\/\/zxdoll.com\/wp-content\/uploads\/2023\/03\/nude-sex-dolls-h712-533x800.jpg\" class=\"eig-popup\" title=\"\" data-caption=\"\" target=\"_blank\"><i class=\"icon-view\"><\/i><span class=\"overlay\"><\/span><img loading=\"lazy\" decoding=\"async\" width=\"150\" height=\"150\" src=\"https:\/\/zxdoll.com\/wp-content\/uploads\/2023\/03\/nude-sex-dolls-h712-150x150.jpg\" class=\"attachment-thumbnail size-thumbnail\" alt=\"\" title=\"\"><\/a><\/li><li><a data-fancybox=\"gallery472\" href=\"https:\/\/zxdoll.com\/wp-content\/uploads\/2023\/03\/nude-sex-dolls-h713-533x800.jpg\" class=\"eig-popup\" title=\"\" data-caption=\"\" target=\"_blank\"><i class=\"icon-view\"><\/i><span class=\"overlay\"><\/span><img loading=\"lazy\" decoding=\"async\" width=\"150\" height=\"150\" src=\"https:\/\/zxdoll.com\/wp-content\/uploads\/2023\/03\/nude-sex-dolls-h713-150x150.jpg\" class=\"attachment-thumbnail size-thumbnail\" alt=\"\" title=\"\"><\/a><\/li><li><a data-fancybox=\"gallery472\" href=\"https:\/\/zxdoll.com\/wp-content\/uploads\/2023\/03\/nude-sex-dolls-h714-533x800.jpg\" class=\"eig-popup\" title=\"\" data-caption=\"\" target=\"_blank\"><i class=\"icon-view\"><\/i><span class=\"overlay\"><\/span><img loading=\"lazy\" decoding=\"async\" width=\"150\" height=\"150\" src=\"https:\/\/zxdoll.com\/wp-content\/uploads\/2023\/03\/nude-sex-dolls-h714-150x150.jpg\" class=\"attachment-thumbnail size-thumbnail\" alt=\"\" title=\"\"><\/a><\/li><li><a data-fancybox=\"gallery472\" href=\"https:\/\/zxdoll.com\/wp-content\/uploads\/2023\/03\/nude-sex-dolls-h715-533x800.jpg\" class=\"eig-popup\" title=\"\" data-caption=\"\" target=\"_blank\"><i class=\"icon-view\"><\/i><span class=\"overlay\"><\/span><img loading=\"lazy\" decoding=\"async\" width=\"150\" height=\"150\" src=\"https:\/\/zxdoll.com\/wp-content\/uploads\/2023\/03\/nude-sex-dolls-h715-150x150.jpg\" class=\"attachment-thumbnail size-thumbnail\" alt=\"\" title=\"\"><\/a><\/li><\/ul>\n<h4>M\u00e9rett\u00e1bl\u00e1zatok<\/h4>\n<table width=\"384\">\n<tbody>\n<tr>\n<td width=\"173\">Anyag<\/td>\n<td width=\"139\">TPE<\/td>\n<\/tr>\n<tr>\n<td width=\"173\">Magass\u00e1g<\/td>\n<td width=\"139\">153 cm<\/td>\n<\/tr>\n<tr>\n<td>Mellb\u0151s\u00e9g<\/td>\n<td>88 cm<\/td>\n<\/tr>\n<tr>\n<td>Down Bust<\/td>\n<td>52 cm<\/td>\n<\/tr>\n<tr>\n<td>Cs\u00edp\u0151<\/td>\n<td>86 cm<\/td>\n<\/tr>\n<tr>\n<td>Der\u00e9k<\/td>\n<td>41 cm<\/td>\n<\/tr>\n<tr>\n<td>V\u00e1ll<\/td>\n<td>33 cm<\/td>\n<\/tr>\n<tr>\n<td>Kar hossz\u00fas\u00e1g<\/td>\n<td>59 cm<\/td>\n<\/tr>\n<tr>\n<td>k\u00e9z hossz<\/td>\n<td>13 cm<\/td>\n<\/tr>\n<tr>\n<td>L\u00e1b hossz<\/td>\n<td>78 cm<\/td>\n<\/tr>\n<tr>\n<td>Or\u00e1lis<\/td>\n<td>12 cm<\/td>\n<\/tr>\n<tr>\n<td>H\u00fcvelyi<\/td>\n<td>15 cm<\/td>\n<\/tr>\n<tr>\n<td>V\u00e9gb\u00e9lny\u00edl\u00e1s<\/td>\n<td>14 cm<\/td>\n<\/tr>\n<tr>\n<td>L\u00e1bhossz<\/td>\n<td>20 cm<\/td>\n<\/tr>\n<tr>\n<td>Nyak ker\u00fclete<\/td>\n<td>26 cm<\/td>\n<\/tr>\n<tr>\n<td>Nett\u00f3 t\u00f6meg<\/td>\n<td>31 kg<\/td>\n<\/tr>\n<\/tbody>\n<\/table>\n<h4>A szexbab\u00e1r\u00f3l<\/h4>\n<p>A szexi szexbaba nem egy k\u00f6z\u00f6ns\u00e9ges szexbaba, ezeknek a bab\u00e1knak t\u00f6bb \u00e9rt\u00e9ke van, mint egy k\u00f6z\u00f6ns\u00e9ges szexbab\u00e1nak. A szexi szexbab\u00e1k b\u00e9k\u00e9t, csendet, el\u00e9gedetts\u00e9get k\u00edn\u00e1lnak sz\u00e1modra, \u00e9s t\u00f6bb el\u0151ny\u00fck van, mint egy \u00e1tlagos bar\u00e1tn\u0151d. Ezeknek a feln\u0151tt val\u00f3di szexbab\u00e1knak a teste t\u00f6k\u00e9letesre lett tervezve, \u00e9s t\u00f6k\u00e9letes szamaraik vannak. Ezekkel az ultrarealisztikus szexbab\u00e1kkal ugyanazt az \u00e9rz\u00e9st kapja, mint amikor meg\u00e9rinti egy igazi n\u0151 test\u00e9t.<\/p>\n<p>Ezeket a val\u00f3di feln\u0151tt szexbab\u00e1kat \u00fagy faragt\u00e1k, hogy nagyon \u00e1rtatlannak \u00e9s \u00e9letszer\u0171nek t\u0171njenek, \u00e9s szint\u00e9n jap\u00e1n szexi bab\u00e1k, \u00e9s a szex ezzel a bab\u00e1val rendk\u00edv\u00fcl val\u00f3di \u00e9rz\u00e9s, \u00e9s bizonyos szint\u0171 el\u00e9gedetts\u00e9get biztos\u00edt. Ha nem vonz\u00f3dsz a feln\u0151tt szexi bab\u00e1khoz, akkor ki kell pr\u00f3b\u00e1lnod az ultrarealisztikus val\u00f3s feln\u0151tt szerelmes bab\u00e1t.<\/p>\n<p>Ennek a bab\u00e1nak puha testszervei vannak, \u00e9s val\u00f3s\u00e1gh\u0171 szervei vannak, a h\u00fcvelye feszes, a melle pedig puha, majdnem olyan, mintha egy sz\u0171zzel \u00e9ln\u00e9l. Ezek a bab\u00e1k megfizethet\u0151ek, megfelel\u0151en \u00e1polva \u00e9s j\u00f3 min\u0151s\u00e9g\u0171 anyagokb\u00f3l k\u00e9sz\u00fclt, sok\u00e1ig b\u00edrja.<\/p>","protected":false},"excerpt":{"rendered":"<p>Szexbaba k\u00e9pek M\u00e9rett\u00e1bl\u00e1zat Anyag TPE magass\u00e1g 153 cm mell 88 cm le mell 52 cm cs\u00edp\u0151 86 cm der\u00e9k 41 cm v\u00e1ll 33 cm<\/p>","protected":false},"featured_media":18959,"comment_status":"open","ping_status":"closed","template":"","meta":[],"product_brand":[],"product_cat":[112,229,116,115,98,119],"product_tag":[],"class_list":{"0":"post-18958","1":"product","2":"type-product","3":"status-publish","4":"has-post-thumbnail","6":"product_cat-150cm-159cm-sex-dolls","7":"product_cat-31kg-35kg","8":"product_cat-big-boobs-sex-doll","9":"product_cat-big-booty-sex-doll","10":"product_cat-realistic-sex-dolls","11":"product_cat-tpe-sex-doll","12":"pa_brand-as-doll","13":"tm-has-options","15":"first","16":"instock","17":"sale","18":"shipping-taxable","19":"purchasable","20":"product-type-simple"},"_links":{"self":[{"href":"https:\/\/zxdoll.com\/hu\/wp-json\/wp\/v2\/product\/18958","targetHints":{"allow":["GET"]}}],"collection":[{"href":"https:\/\/zxdoll.com\/hu\/wp-json\/wp\/v2\/product"}],"about":[{"href":"https:\/\/zxdoll.com\/hu\/wp-json\/wp\/v2\/types\/product"}],"replies":[{"embeddable":true,"href":"https:\/\/zxdoll.com\/hu\/wp-json\/wp\/v2\/comments?post=18958"}],"version-history":[{"count":1,"href":"https:\/\/zxdoll.com\/hu\/wp-json\/wp\/v2\/product\/18958\/revisions"}],"predecessor-version":[{"id":197623,"href":"https:\/\/zxdoll.com\/hu\/wp-json\/wp\/v2\/product\/18958\/revisions\/197623"}],"wp:featuredmedia":[{"embeddable":true,"href":"https:\/\/zxdoll.com\/hu\/wp-json\/wp\/v2\/media\/18959"}],"wp:attachment":[{"href":"https:\/\/zxdoll.com\/hu\/wp-json\/wp\/v2\/media?parent=18958"}],"wp:term":[{"taxonomy":"product_brand","embeddable":true,"href":"https:\/\/zxdoll.com\/hu\/wp-json\/wp\/v2\/product_brand?post=18958"},{"taxonomy":"product_cat","embeddable":true,"href":"https:\/\/zxdoll.com\/hu\/wp-json\/wp\/v2\/product_cat?post=18958"},{"taxonomy":"product_tag","embeddable":true,"href":"https:\/\/zxdoll.com\/hu\/wp-json\/wp\/v2\/product_tag?post=18958"}],"curies":[{"name":"wp","href":"https:\/\/api.w.org\/{rel}","templated":true}]}}