{"id":187629,"date":"2025-08-22T02:23:04","date_gmt":"2025-08-21T18:23:04","guid":{"rendered":"https:\/\/zxdoll.com\/?post_type=product&#038;p=187629"},"modified":"2025-09-03T02:47:01","modified_gmt":"2025-09-02T18:47:01","slug":"sweet-sex-doll-sexy-porn-star","status":"publish","type":"product","link":"https:\/\/zxdoll.com\/hu\/product\/sweet-sex-doll-sexy-porn-star\/","title":{"rendered":"Sweet Sex Doll Sexy Porn Star Anastasia 171cm"},"content":{"rendered":"<h4><strong>Szexbaba k\u00e9pek<\/strong><\/h4>\n\t                <ul class=\"easy-image-gallery thumbnails-24 linked\">\r\n                    <li><a data-fancybox=\"gallery232\" href=\"https:\/\/zxdoll.com\/wp-content\/uploads\/2025\/08\/momodoll-sex-doll-yTk68n1-533x800.jpg\" class=\"eig-popup\" title=\"\" data-caption=\"\" target=\"_blank\"><i class=\"icon-view\"><\/i><span class=\"overlay\"><\/span><img decoding=\"async\" width=\"150\" height=\"150\" src=\"https:\/\/zxdoll.com\/wp-content\/uploads\/2025\/08\/momodoll-sex-doll-yTk68n1-150x150.jpg\" class=\"attachment-thumbnail size-thumbnail\" alt=\"\" title=\"\"><\/a><\/li><li><a data-fancybox=\"gallery232\" href=\"https:\/\/zxdoll.com\/wp-content\/uploads\/2025\/08\/momodoll-sex-doll-yTk68n2-533x800.jpg\" class=\"eig-popup\" title=\"\" data-caption=\"\" target=\"_blank\"><i class=\"icon-view\"><\/i><span class=\"overlay\"><\/span><img decoding=\"async\" width=\"150\" height=\"150\" src=\"https:\/\/zxdoll.com\/wp-content\/uploads\/2025\/08\/momodoll-sex-doll-yTk68n2-150x150.jpg\" class=\"attachment-thumbnail size-thumbnail\" alt=\"\" title=\"\"><\/a><\/li><li><a data-fancybox=\"gallery232\" href=\"https:\/\/zxdoll.com\/wp-content\/uploads\/2025\/08\/momodoll-sex-doll-yTk68n3-533x800.jpg\" class=\"eig-popup\" title=\"\" data-caption=\"\" target=\"_blank\"><i class=\"icon-view\"><\/i><span class=\"overlay\"><\/span><img decoding=\"async\" width=\"150\" height=\"150\" src=\"https:\/\/zxdoll.com\/wp-content\/uploads\/2025\/08\/momodoll-sex-doll-yTk68n3-150x150.jpg\" class=\"attachment-thumbnail size-thumbnail\" alt=\"\" title=\"\"><\/a><\/li><li><a data-fancybox=\"gallery232\" href=\"https:\/\/zxdoll.com\/wp-content\/uploads\/2025\/08\/momodoll-sex-doll-yTk68n4-533x800.jpg\" class=\"eig-popup\" title=\"\" data-caption=\"\" target=\"_blank\"><i class=\"icon-view\"><\/i><span class=\"overlay\"><\/span><img loading=\"lazy\" decoding=\"async\" width=\"150\" height=\"150\" src=\"https:\/\/zxdoll.com\/wp-content\/uploads\/2025\/08\/momodoll-sex-doll-yTk68n4-150x150.jpg\" class=\"attachment-thumbnail size-thumbnail\" alt=\"\" title=\"\"><\/a><\/li><li><a data-fancybox=\"gallery232\" href=\"https:\/\/zxdoll.com\/wp-content\/uploads\/2025\/08\/momodoll-sex-doll-yTk68n5-533x800.jpg\" class=\"eig-popup\" title=\"\" data-caption=\"\" target=\"_blank\"><i class=\"icon-view\"><\/i><span class=\"overlay\"><\/span><img loading=\"lazy\" decoding=\"async\" width=\"150\" height=\"150\" src=\"https:\/\/zxdoll.com\/wp-content\/uploads\/2025\/08\/momodoll-sex-doll-yTk68n5-150x150.jpg\" class=\"attachment-thumbnail size-thumbnail\" alt=\"\" title=\"\"><\/a><\/li><li><a data-fancybox=\"gallery232\" href=\"https:\/\/zxdoll.com\/wp-content\/uploads\/2025\/08\/momodoll-sex-doll-yTk68n6-533x800.jpg\" class=\"eig-popup\" title=\"\" data-caption=\"\" target=\"_blank\"><i class=\"icon-view\"><\/i><span class=\"overlay\"><\/span><img loading=\"lazy\" decoding=\"async\" width=\"150\" height=\"150\" src=\"https:\/\/zxdoll.com\/wp-content\/uploads\/2025\/08\/momodoll-sex-doll-yTk68n6-150x150.jpg\" class=\"attachment-thumbnail size-thumbnail\" alt=\"\" title=\"\"><\/a><\/li><li><a data-fancybox=\"gallery232\" href=\"https:\/\/zxdoll.com\/wp-content\/uploads\/2025\/08\/momodoll-sex-doll-yTk68n7-533x800.jpg\" class=\"eig-popup\" title=\"\" data-caption=\"\" target=\"_blank\"><i class=\"icon-view\"><\/i><span class=\"overlay\"><\/span><img loading=\"lazy\" decoding=\"async\" width=\"150\" height=\"150\" src=\"https:\/\/zxdoll.com\/wp-content\/uploads\/2025\/08\/momodoll-sex-doll-yTk68n7-150x150.jpg\" class=\"attachment-thumbnail size-thumbnail\" alt=\"\" title=\"\"><\/a><\/li><li><a data-fancybox=\"gallery232\" href=\"https:\/\/zxdoll.com\/wp-content\/uploads\/2025\/08\/momodoll-sex-doll-yTk68n8-533x800.jpg\" class=\"eig-popup\" title=\"\" data-caption=\"\" target=\"_blank\"><i class=\"icon-view\"><\/i><span class=\"overlay\"><\/span><img loading=\"lazy\" decoding=\"async\" width=\"150\" height=\"150\" src=\"https:\/\/zxdoll.com\/wp-content\/uploads\/2025\/08\/momodoll-sex-doll-yTk68n8-150x150.jpg\" class=\"attachment-thumbnail size-thumbnail\" alt=\"\" title=\"\"><\/a><\/li><li><a data-fancybox=\"gallery232\" href=\"https:\/\/zxdoll.com\/wp-content\/uploads\/2025\/08\/momodoll-sex-doll-yTk68n9-533x800.jpg\" class=\"eig-popup\" title=\"\" data-caption=\"\" target=\"_blank\"><i class=\"icon-view\"><\/i><span class=\"overlay\"><\/span><img loading=\"lazy\" decoding=\"async\" width=\"150\" height=\"150\" src=\"https:\/\/zxdoll.com\/wp-content\/uploads\/2025\/08\/momodoll-sex-doll-yTk68n9-150x150.jpg\" class=\"attachment-thumbnail size-thumbnail\" alt=\"\" title=\"\"><\/a><\/li><li><a data-fancybox=\"gallery232\" href=\"https:\/\/zxdoll.com\/wp-content\/uploads\/2025\/08\/momodoll-sex-doll-yTk68n10-533x800.jpg\" class=\"eig-popup\" title=\"\" data-caption=\"\" target=\"_blank\"><i class=\"icon-view\"><\/i><span class=\"overlay\"><\/span><img loading=\"lazy\" decoding=\"async\" width=\"150\" height=\"150\" src=\"https:\/\/zxdoll.com\/wp-content\/uploads\/2025\/08\/momodoll-sex-doll-yTk68n10-150x150.jpg\" class=\"attachment-thumbnail size-thumbnail\" alt=\"\" title=\"\"><\/a><\/li><li><a data-fancybox=\"gallery232\" href=\"https:\/\/zxdoll.com\/wp-content\/uploads\/2025\/08\/momodoll-sex-doll-yTk68n11-533x800.jpg\" class=\"eig-popup\" title=\"\" data-caption=\"\" target=\"_blank\"><i class=\"icon-view\"><\/i><span class=\"overlay\"><\/span><img loading=\"lazy\" decoding=\"async\" width=\"150\" height=\"150\" src=\"https:\/\/zxdoll.com\/wp-content\/uploads\/2025\/08\/momodoll-sex-doll-yTk68n11-150x150.jpg\" class=\"attachment-thumbnail size-thumbnail\" alt=\"\" title=\"\"><\/a><\/li><li><a data-fancybox=\"gallery232\" href=\"https:\/\/zxdoll.com\/wp-content\/uploads\/2025\/08\/momodoll-sex-doll-yTk68n12-533x800.jpg\" class=\"eig-popup\" title=\"\" data-caption=\"\" target=\"_blank\"><i class=\"icon-view\"><\/i><span class=\"overlay\"><\/span><img loading=\"lazy\" decoding=\"async\" width=\"150\" height=\"150\" src=\"https:\/\/zxdoll.com\/wp-content\/uploads\/2025\/08\/momodoll-sex-doll-yTk68n12-150x150.jpg\" class=\"attachment-thumbnail size-thumbnail\" alt=\"\" title=\"\"><\/a><\/li><li><a data-fancybox=\"gallery232\" href=\"https:\/\/zxdoll.com\/wp-content\/uploads\/2025\/08\/momodoll-sex-doll-yTk68n13-533x800.jpg\" class=\"eig-popup\" title=\"\" data-caption=\"\" target=\"_blank\"><i class=\"icon-view\"><\/i><span class=\"overlay\"><\/span><img loading=\"lazy\" decoding=\"async\" width=\"150\" height=\"150\" src=\"https:\/\/zxdoll.com\/wp-content\/uploads\/2025\/08\/momodoll-sex-doll-yTk68n13-150x150.jpg\" class=\"attachment-thumbnail size-thumbnail\" alt=\"\" title=\"\"><\/a><\/li><li><a data-fancybox=\"gallery232\" href=\"https:\/\/zxdoll.com\/wp-content\/uploads\/2025\/08\/momodoll-sex-doll-yTk68n14-533x800.jpg\" class=\"eig-popup\" title=\"\" data-caption=\"\" target=\"_blank\"><i class=\"icon-view\"><\/i><span class=\"overlay\"><\/span><img loading=\"lazy\" decoding=\"async\" width=\"150\" height=\"150\" src=\"https:\/\/zxdoll.com\/wp-content\/uploads\/2025\/08\/momodoll-sex-doll-yTk68n14-150x150.jpg\" class=\"attachment-thumbnail size-thumbnail\" alt=\"\" title=\"\"><\/a><\/li><li><a data-fancybox=\"gallery232\" href=\"https:\/\/zxdoll.com\/wp-content\/uploads\/2025\/08\/momodoll-sex-doll-yTk68n15-533x800.jpg\" class=\"eig-popup\" title=\"\" data-caption=\"\" target=\"_blank\"><i class=\"icon-view\"><\/i><span class=\"overlay\"><\/span><img loading=\"lazy\" decoding=\"async\" width=\"150\" height=\"150\" src=\"https:\/\/zxdoll.com\/wp-content\/uploads\/2025\/08\/momodoll-sex-doll-yTk68n15-150x150.jpg\" class=\"attachment-thumbnail size-thumbnail\" alt=\"\" title=\"\"><\/a><\/li><li><a data-fancybox=\"gallery232\" href=\"https:\/\/zxdoll.com\/wp-content\/uploads\/2025\/08\/momodoll-sex-doll-yTk68n16-533x800.jpg\" class=\"eig-popup\" title=\"\" data-caption=\"\" target=\"_blank\"><i class=\"icon-view\"><\/i><span class=\"overlay\"><\/span><img loading=\"lazy\" decoding=\"async\" width=\"150\" height=\"150\" src=\"https:\/\/zxdoll.com\/wp-content\/uploads\/2025\/08\/momodoll-sex-doll-yTk68n16-150x150.jpg\" class=\"attachment-thumbnail size-thumbnail\" alt=\"\" title=\"\"><\/a><\/li><li><a data-fancybox=\"gallery232\" href=\"https:\/\/zxdoll.com\/wp-content\/uploads\/2025\/08\/momodoll-sex-doll-yTk68n17-533x800.jpg\" class=\"eig-popup\" title=\"\" data-caption=\"\" target=\"_blank\"><i class=\"icon-view\"><\/i><span class=\"overlay\"><\/span><img loading=\"lazy\" decoding=\"async\" width=\"150\" height=\"150\" src=\"https:\/\/zxdoll.com\/wp-content\/uploads\/2025\/08\/momodoll-sex-doll-yTk68n17-150x150.jpg\" class=\"attachment-thumbnail size-thumbnail\" alt=\"\" title=\"\"><\/a><\/li><li><a data-fancybox=\"gallery232\" href=\"https:\/\/zxdoll.com\/wp-content\/uploads\/2025\/08\/momodoll-sex-doll-yTk68n18-533x800.jpg\" class=\"eig-popup\" title=\"\" data-caption=\"\" target=\"_blank\"><i class=\"icon-view\"><\/i><span class=\"overlay\"><\/span><img loading=\"lazy\" decoding=\"async\" width=\"150\" height=\"150\" src=\"https:\/\/zxdoll.com\/wp-content\/uploads\/2025\/08\/momodoll-sex-doll-yTk68n18-150x150.jpg\" class=\"attachment-thumbnail size-thumbnail\" alt=\"\" title=\"\"><\/a><\/li><li><a data-fancybox=\"gallery232\" href=\"https:\/\/zxdoll.com\/wp-content\/uploads\/2025\/08\/momodoll-sex-doll-yTk68n19-533x800.jpg\" class=\"eig-popup\" title=\"\" data-caption=\"\" target=\"_blank\"><i class=\"icon-view\"><\/i><span class=\"overlay\"><\/span><img loading=\"lazy\" decoding=\"async\" width=\"150\" height=\"150\" src=\"https:\/\/zxdoll.com\/wp-content\/uploads\/2025\/08\/momodoll-sex-doll-yTk68n19-150x150.jpg\" class=\"attachment-thumbnail size-thumbnail\" alt=\"\" title=\"\"><\/a><\/li><li><a data-fancybox=\"gallery232\" href=\"https:\/\/zxdoll.com\/wp-content\/uploads\/2025\/08\/momodoll-sex-doll-yTk68n20-1-533x800.jpg\" class=\"eig-popup\" title=\"\" data-caption=\"\" target=\"_blank\"><i class=\"icon-view\"><\/i><span class=\"overlay\"><\/span><img loading=\"lazy\" decoding=\"async\" width=\"150\" height=\"150\" src=\"https:\/\/zxdoll.com\/wp-content\/uploads\/2025\/08\/momodoll-sex-doll-yTk68n20-1-150x150.jpg\" class=\"attachment-thumbnail size-thumbnail\" alt=\"\" title=\"\"><\/a><\/li><li><a data-fancybox=\"gallery232\" href=\"https:\/\/zxdoll.com\/wp-content\/uploads\/2025\/08\/momodoll-sex-doll-yTk68n21-533x800.jpg\" class=\"eig-popup\" title=\"\" data-caption=\"\" target=\"_blank\"><i class=\"icon-view\"><\/i><span class=\"overlay\"><\/span><img loading=\"lazy\" decoding=\"async\" width=\"150\" height=\"150\" src=\"https:\/\/zxdoll.com\/wp-content\/uploads\/2025\/08\/momodoll-sex-doll-yTk68n21-150x150.jpg\" class=\"attachment-thumbnail size-thumbnail\" alt=\"\" title=\"\"><\/a><\/li><li><a data-fancybox=\"gallery232\" href=\"https:\/\/zxdoll.com\/wp-content\/uploads\/2025\/08\/momodoll-sex-doll-yTk68n22-533x800.jpg\" class=\"eig-popup\" title=\"\" data-caption=\"\" target=\"_blank\"><i class=\"icon-view\"><\/i><span class=\"overlay\"><\/span><img loading=\"lazy\" decoding=\"async\" width=\"150\" height=\"150\" src=\"https:\/\/zxdoll.com\/wp-content\/uploads\/2025\/08\/momodoll-sex-doll-yTk68n22-150x150.jpg\" class=\"attachment-thumbnail size-thumbnail\" alt=\"\" title=\"\"><\/a><\/li><li><a data-fancybox=\"gallery232\" href=\"https:\/\/zxdoll.com\/wp-content\/uploads\/2025\/08\/momodoll-sex-doll-yTk68n23-533x800.jpg\" class=\"eig-popup\" title=\"\" data-caption=\"\" target=\"_blank\"><i class=\"icon-view\"><\/i><span class=\"overlay\"><\/span><img loading=\"lazy\" decoding=\"async\" width=\"150\" height=\"150\" src=\"https:\/\/zxdoll.com\/wp-content\/uploads\/2025\/08\/momodoll-sex-doll-yTk68n23-150x150.jpg\" class=\"attachment-thumbnail size-thumbnail\" alt=\"\" title=\"\"><\/a><\/li><li><a data-fancybox=\"gallery232\" href=\"https:\/\/zxdoll.com\/wp-content\/uploads\/2025\/08\/momodoll-sex-doll-yTk68n24-533x800.jpg\" class=\"eig-popup\" title=\"\" data-caption=\"\" target=\"_blank\"><i class=\"icon-view\"><\/i><span class=\"overlay\"><\/span><img loading=\"lazy\" decoding=\"async\" width=\"150\" height=\"150\" src=\"https:\/\/zxdoll.com\/wp-content\/uploads\/2025\/08\/momodoll-sex-doll-yTk68n24-150x150.jpg\" class=\"attachment-thumbnail size-thumbnail\" alt=\"\" title=\"\"><\/a><\/li><\/ul>\n<h4>M\u00e9rett\u00e1bl\u00e1zatok<\/h4>\n<table width=\"349\">\n<tbody>\n<tr>\n<td width=\"177\">Magass\u00e1g<\/td>\n<td width=\"172\">171 cm<\/td>\n<\/tr>\n<tr>\n<td>S\u00faly<\/td>\n<td>33.6kg<\/td>\n<\/tr>\n<tr>\n<td>Mell\u0151k<\/td>\n<td>84 cm<\/td>\n<\/tr>\n<tr>\n<td>Mell alatt<\/td>\n<td>60 cm<\/td>\n<\/tr>\n<tr>\n<td>Der\u00e9k<\/td>\n<td>54 cm<\/td>\n<\/tr>\n<tr>\n<td>Cs\u00edp\u0151<\/td>\n<td>83 cm<\/td>\n<\/tr>\n<tr>\n<td>V\u00e1ll<\/td>\n<td>37 cm<\/td>\n<\/tr>\n<tr>\n<td>Comb<\/td>\n<td>50 cm<\/td>\n<\/tr>\n<tr>\n<td>L\u00e1b<\/td>\n<td>21,5 cm<\/td>\n<\/tr>\n<tr>\n<td>H\u00fcvely<\/td>\n<td>19 cm<\/td>\n<\/tr>\n<tr>\n<td>V\u00e9gb\u00e9lny\u00edl\u00e1s<\/td>\n<td>17 cm<\/td>\n<\/tr>\n<\/tbody>\n<\/table>\n<h4>A szexbab\u00e1r\u00f3l<\/h4>\n<p>&nbsp;<\/p>","protected":false},"excerpt":{"rendered":"<p>Sex Doll Images Size Charts Height 171cm Weight 33.6kg Breasts 84cm Under Bust 60cm Waist 54cm Hip 83cm Shoulder 37cm<\/p>","protected":false},"featured_media":187769,"comment_status":"open","ping_status":"closed","template":"","meta":[],"product_brand":[],"product_cat":[253,229,124,80,116,192,107,201],"product_tag":[],"class_list":{"0":"post-187629","1":"product","2":"type-product","3":"status-publish","4":"has-post-thumbnail","6":"product_cat-253","7":"product_cat-31kg-35kg","8":"product_cat-above-171cm-sex-dolls","9":"product_cat-asian-sex-doll","10":"product_cat-big-boobs-sex-doll","11":"product_cat-hybrid-doll","12":"product_cat-skinny-sex-dolls","13":"product_cat-ultimate-sex-doll","14":"pa_brand-starpery-doll","15":"tm-has-options","17":"first","18":"instock","19":"sale","20":"shipping-taxable","21":"purchasable","22":"product-type-simple"},"_links":{"self":[{"href":"https:\/\/zxdoll.com\/hu\/wp-json\/wp\/v2\/product\/187629","targetHints":{"allow":["GET"]}}],"collection":[{"href":"https:\/\/zxdoll.com\/hu\/wp-json\/wp\/v2\/product"}],"about":[{"href":"https:\/\/zxdoll.com\/hu\/wp-json\/wp\/v2\/types\/product"}],"replies":[{"embeddable":true,"href":"https:\/\/zxdoll.com\/hu\/wp-json\/wp\/v2\/comments?post=187629"}],"version-history":[{"count":2,"href":"https:\/\/zxdoll.com\/hu\/wp-json\/wp\/v2\/product\/187629\/revisions"}],"predecessor-version":[{"id":187864,"href":"https:\/\/zxdoll.com\/hu\/wp-json\/wp\/v2\/product\/187629\/revisions\/187864"}],"wp:featuredmedia":[{"embeddable":true,"href":"https:\/\/zxdoll.com\/hu\/wp-json\/wp\/v2\/media\/187769"}],"wp:attachment":[{"href":"https:\/\/zxdoll.com\/hu\/wp-json\/wp\/v2\/media?parent=187629"}],"wp:term":[{"taxonomy":"product_brand","embeddable":true,"href":"https:\/\/zxdoll.com\/hu\/wp-json\/wp\/v2\/product_brand?post=187629"},{"taxonomy":"product_cat","embeddable":true,"href":"https:\/\/zxdoll.com\/hu\/wp-json\/wp\/v2\/product_cat?post=187629"},{"taxonomy":"product_tag","embeddable":true,"href":"https:\/\/zxdoll.com\/hu\/wp-json\/wp\/v2\/product_tag?post=187629"}],"curies":[{"name":"wp","href":"https:\/\/api.w.org\/{rel}","templated":true}]}}