{"id":187114,"date":"2025-08-22T00:03:42","date_gmt":"2025-08-21T16:03:42","guid":{"rendered":"https:\/\/zxdoll.com\/?post_type=product&#038;p=187114"},"modified":"2025-09-03T02:51:49","modified_gmt":"2025-09-02T18:51:49","slug":"best-sex-doll-for-great-price","status":"publish","type":"product","link":"https:\/\/zxdoll.com\/hu\/product\/best-sex-doll-for-great-price\/","title":{"rendered":"Best Sex Doll For Great Price Josephine 180cm"},"content":{"rendered":"<h4><strong>Szexbaba k\u00e9pek<\/strong><\/h4>\n\t                <ul class=\"easy-image-gallery thumbnails-23 linked\">\r\n                    <li><a data-fancybox=\"gallery816\" href=\"https:\/\/zxdoll.com\/wp-content\/uploads\/2025\/08\/sex-e-doll-reddit-eHb97n1-533x800.jpg\" class=\"eig-popup\" title=\"\" data-caption=\"\" target=\"_blank\"><i class=\"icon-view\"><\/i><span class=\"overlay\"><\/span><img decoding=\"async\" width=\"150\" height=\"150\" src=\"https:\/\/zxdoll.com\/wp-content\/uploads\/2025\/08\/sex-e-doll-reddit-eHb97n1-150x150.jpg\" class=\"attachment-thumbnail size-thumbnail\" alt=\"\" title=\"\"><\/a><\/li><li><a data-fancybox=\"gallery816\" href=\"https:\/\/zxdoll.com\/wp-content\/uploads\/2025\/08\/sex-e-doll-reddit-eHb97n2-533x800.jpg\" class=\"eig-popup\" title=\"\" data-caption=\"\" target=\"_blank\"><i class=\"icon-view\"><\/i><span class=\"overlay\"><\/span><img decoding=\"async\" width=\"150\" height=\"150\" src=\"https:\/\/zxdoll.com\/wp-content\/uploads\/2025\/08\/sex-e-doll-reddit-eHb97n2-150x150.jpg\" class=\"attachment-thumbnail size-thumbnail\" alt=\"\" title=\"\"><\/a><\/li><li><a data-fancybox=\"gallery816\" href=\"https:\/\/zxdoll.com\/wp-content\/uploads\/2025\/08\/sex-e-doll-reddit-eHb97n3-533x800.jpg\" class=\"eig-popup\" title=\"\" data-caption=\"\" target=\"_blank\"><i class=\"icon-view\"><\/i><span class=\"overlay\"><\/span><img decoding=\"async\" width=\"150\" height=\"150\" src=\"https:\/\/zxdoll.com\/wp-content\/uploads\/2025\/08\/sex-e-doll-reddit-eHb97n3-150x150.jpg\" class=\"attachment-thumbnail size-thumbnail\" alt=\"\" title=\"\"><\/a><\/li><li><a data-fancybox=\"gallery816\" href=\"https:\/\/zxdoll.com\/wp-content\/uploads\/2025\/08\/sex-e-doll-reddit-eHb97n4-533x800.jpg\" class=\"eig-popup\" title=\"\" data-caption=\"\" target=\"_blank\"><i class=\"icon-view\"><\/i><span class=\"overlay\"><\/span><img loading=\"lazy\" decoding=\"async\" width=\"150\" height=\"150\" src=\"https:\/\/zxdoll.com\/wp-content\/uploads\/2025\/08\/sex-e-doll-reddit-eHb97n4-150x150.jpg\" class=\"attachment-thumbnail size-thumbnail\" alt=\"\" title=\"\"><\/a><\/li><li><a data-fancybox=\"gallery816\" href=\"https:\/\/zxdoll.com\/wp-content\/uploads\/2025\/08\/sex-e-doll-reddit-eHb97n5-533x800.jpg\" class=\"eig-popup\" title=\"\" data-caption=\"\" target=\"_blank\"><i class=\"icon-view\"><\/i><span class=\"overlay\"><\/span><img loading=\"lazy\" decoding=\"async\" width=\"150\" height=\"150\" src=\"https:\/\/zxdoll.com\/wp-content\/uploads\/2025\/08\/sex-e-doll-reddit-eHb97n5-150x150.jpg\" class=\"attachment-thumbnail size-thumbnail\" alt=\"\" title=\"\"><\/a><\/li><li><a data-fancybox=\"gallery816\" href=\"https:\/\/zxdoll.com\/wp-content\/uploads\/2025\/08\/sex-e-doll-reddit-eHb97n6-533x800.jpg\" class=\"eig-popup\" title=\"\" data-caption=\"\" target=\"_blank\"><i class=\"icon-view\"><\/i><span class=\"overlay\"><\/span><img loading=\"lazy\" decoding=\"async\" width=\"150\" height=\"150\" src=\"https:\/\/zxdoll.com\/wp-content\/uploads\/2025\/08\/sex-e-doll-reddit-eHb97n6-150x150.jpg\" class=\"attachment-thumbnail size-thumbnail\" alt=\"\" title=\"\"><\/a><\/li><li><a data-fancybox=\"gallery816\" href=\"https:\/\/zxdoll.com\/wp-content\/uploads\/2025\/08\/sex-e-doll-reddit-eHb97n7-533x800.jpg\" class=\"eig-popup\" title=\"\" data-caption=\"\" target=\"_blank\"><i class=\"icon-view\"><\/i><span class=\"overlay\"><\/span><img loading=\"lazy\" decoding=\"async\" width=\"150\" height=\"150\" src=\"https:\/\/zxdoll.com\/wp-content\/uploads\/2025\/08\/sex-e-doll-reddit-eHb97n7-150x150.jpg\" class=\"attachment-thumbnail size-thumbnail\" alt=\"\" title=\"\"><\/a><\/li><li><a data-fancybox=\"gallery816\" href=\"https:\/\/zxdoll.com\/wp-content\/uploads\/2025\/08\/sex-e-doll-reddit-eHb97n8-533x800.jpg\" class=\"eig-popup\" title=\"\" data-caption=\"\" target=\"_blank\"><i class=\"icon-view\"><\/i><span class=\"overlay\"><\/span><img loading=\"lazy\" decoding=\"async\" width=\"150\" height=\"150\" src=\"https:\/\/zxdoll.com\/wp-content\/uploads\/2025\/08\/sex-e-doll-reddit-eHb97n8-150x150.jpg\" class=\"attachment-thumbnail size-thumbnail\" alt=\"\" title=\"\"><\/a><\/li><li><a data-fancybox=\"gallery816\" href=\"https:\/\/zxdoll.com\/wp-content\/uploads\/2025\/08\/sex-e-doll-reddit-eHb97n9-533x800.jpg\" class=\"eig-popup\" title=\"\" data-caption=\"\" target=\"_blank\"><i class=\"icon-view\"><\/i><span class=\"overlay\"><\/span><img loading=\"lazy\" decoding=\"async\" width=\"150\" height=\"150\" src=\"https:\/\/zxdoll.com\/wp-content\/uploads\/2025\/08\/sex-e-doll-reddit-eHb97n9-150x150.jpg\" class=\"attachment-thumbnail size-thumbnail\" alt=\"\" title=\"\"><\/a><\/li><li><a data-fancybox=\"gallery816\" href=\"https:\/\/zxdoll.com\/wp-content\/uploads\/2025\/08\/sex-e-doll-reddit-eHb97n11-533x800.jpg\" class=\"eig-popup\" title=\"\" data-caption=\"\" target=\"_blank\"><i class=\"icon-view\"><\/i><span class=\"overlay\"><\/span><img loading=\"lazy\" decoding=\"async\" width=\"150\" height=\"150\" src=\"https:\/\/zxdoll.com\/wp-content\/uploads\/2025\/08\/sex-e-doll-reddit-eHb97n11-150x150.jpg\" class=\"attachment-thumbnail size-thumbnail\" alt=\"\" title=\"\"><\/a><\/li><li><a data-fancybox=\"gallery816\" href=\"https:\/\/zxdoll.com\/wp-content\/uploads\/2025\/08\/sex-e-doll-reddit-eHb97n12-533x800.jpg\" class=\"eig-popup\" title=\"\" data-caption=\"\" target=\"_blank\"><i class=\"icon-view\"><\/i><span class=\"overlay\"><\/span><img loading=\"lazy\" decoding=\"async\" width=\"150\" height=\"150\" src=\"https:\/\/zxdoll.com\/wp-content\/uploads\/2025\/08\/sex-e-doll-reddit-eHb97n12-150x150.jpg\" class=\"attachment-thumbnail size-thumbnail\" alt=\"\" title=\"\"><\/a><\/li><li><a data-fancybox=\"gallery816\" href=\"https:\/\/zxdoll.com\/wp-content\/uploads\/2025\/08\/sex-e-doll-reddit-eHb97n13-533x800.jpg\" class=\"eig-popup\" title=\"\" data-caption=\"\" target=\"_blank\"><i class=\"icon-view\"><\/i><span class=\"overlay\"><\/span><img loading=\"lazy\" decoding=\"async\" width=\"150\" height=\"150\" src=\"https:\/\/zxdoll.com\/wp-content\/uploads\/2025\/08\/sex-e-doll-reddit-eHb97n13-150x150.jpg\" class=\"attachment-thumbnail size-thumbnail\" alt=\"\" title=\"\"><\/a><\/li><li><a data-fancybox=\"gallery816\" href=\"https:\/\/zxdoll.com\/wp-content\/uploads\/2025\/08\/sex-e-doll-reddit-eHb97n15-533x800.jpg\" class=\"eig-popup\" title=\"\" data-caption=\"\" target=\"_blank\"><i class=\"icon-view\"><\/i><span class=\"overlay\"><\/span><img loading=\"lazy\" decoding=\"async\" width=\"150\" height=\"150\" src=\"https:\/\/zxdoll.com\/wp-content\/uploads\/2025\/08\/sex-e-doll-reddit-eHb97n15-150x150.jpg\" class=\"attachment-thumbnail size-thumbnail\" alt=\"\" title=\"\"><\/a><\/li><li><a data-fancybox=\"gallery816\" href=\"https:\/\/zxdoll.com\/wp-content\/uploads\/2025\/08\/sex-e-doll-reddit-eHb97n16-533x800.jpg\" class=\"eig-popup\" title=\"\" data-caption=\"\" target=\"_blank\"><i class=\"icon-view\"><\/i><span class=\"overlay\"><\/span><img loading=\"lazy\" decoding=\"async\" width=\"150\" height=\"150\" src=\"https:\/\/zxdoll.com\/wp-content\/uploads\/2025\/08\/sex-e-doll-reddit-eHb97n16-150x150.jpg\" class=\"attachment-thumbnail size-thumbnail\" alt=\"\" title=\"\"><\/a><\/li><li><a data-fancybox=\"gallery816\" href=\"https:\/\/zxdoll.com\/wp-content\/uploads\/2025\/08\/sex-e-doll-reddit-eHb97n17-533x800.jpg\" class=\"eig-popup\" title=\"\" data-caption=\"\" target=\"_blank\"><i class=\"icon-view\"><\/i><span class=\"overlay\"><\/span><img loading=\"lazy\" decoding=\"async\" width=\"150\" height=\"150\" src=\"https:\/\/zxdoll.com\/wp-content\/uploads\/2025\/08\/sex-e-doll-reddit-eHb97n17-150x150.jpg\" class=\"attachment-thumbnail size-thumbnail\" alt=\"\" title=\"\"><\/a><\/li><li><a data-fancybox=\"gallery816\" href=\"https:\/\/zxdoll.com\/wp-content\/uploads\/2025\/08\/sex-e-doll-reddit-eHb97n18-533x800.jpg\" class=\"eig-popup\" title=\"\" data-caption=\"\" target=\"_blank\"><i class=\"icon-view\"><\/i><span class=\"overlay\"><\/span><img loading=\"lazy\" decoding=\"async\" width=\"150\" height=\"150\" src=\"https:\/\/zxdoll.com\/wp-content\/uploads\/2025\/08\/sex-e-doll-reddit-eHb97n18-150x150.jpg\" class=\"attachment-thumbnail size-thumbnail\" alt=\"\" title=\"\"><\/a><\/li><li><a data-fancybox=\"gallery816\" href=\"https:\/\/zxdoll.com\/wp-content\/uploads\/2025\/08\/sex-e-doll-reddit-eHb97n19-533x800.jpg\" class=\"eig-popup\" title=\"\" data-caption=\"\" target=\"_blank\"><i class=\"icon-view\"><\/i><span class=\"overlay\"><\/span><img loading=\"lazy\" decoding=\"async\" width=\"150\" height=\"150\" src=\"https:\/\/zxdoll.com\/wp-content\/uploads\/2025\/08\/sex-e-doll-reddit-eHb97n19-150x150.jpg\" class=\"attachment-thumbnail size-thumbnail\" alt=\"\" title=\"\"><\/a><\/li><li><a data-fancybox=\"gallery816\" href=\"https:\/\/zxdoll.com\/wp-content\/uploads\/2025\/08\/sex-e-doll-reddit-eHb97n20-533x800.jpg\" class=\"eig-popup\" title=\"\" data-caption=\"\" target=\"_blank\"><i class=\"icon-view\"><\/i><span class=\"overlay\"><\/span><img loading=\"lazy\" decoding=\"async\" width=\"150\" height=\"150\" src=\"https:\/\/zxdoll.com\/wp-content\/uploads\/2025\/08\/sex-e-doll-reddit-eHb97n20-150x150.jpg\" class=\"attachment-thumbnail size-thumbnail\" alt=\"\" title=\"\"><\/a><\/li><li><a data-fancybox=\"gallery816\" href=\"https:\/\/zxdoll.com\/wp-content\/uploads\/2025\/08\/sex-e-doll-reddit-eHb97n21-533x800.jpg\" class=\"eig-popup\" title=\"\" data-caption=\"\" target=\"_blank\"><i class=\"icon-view\"><\/i><span class=\"overlay\"><\/span><img loading=\"lazy\" decoding=\"async\" width=\"150\" height=\"150\" src=\"https:\/\/zxdoll.com\/wp-content\/uploads\/2025\/08\/sex-e-doll-reddit-eHb97n21-150x150.jpg\" class=\"attachment-thumbnail size-thumbnail\" alt=\"\" title=\"\"><\/a><\/li><li><a data-fancybox=\"gallery816\" href=\"https:\/\/zxdoll.com\/wp-content\/uploads\/2025\/08\/sex-e-doll-reddit-eHb97n22-533x800.jpg\" class=\"eig-popup\" title=\"\" data-caption=\"\" target=\"_blank\"><i class=\"icon-view\"><\/i><span class=\"overlay\"><\/span><img loading=\"lazy\" decoding=\"async\" width=\"150\" height=\"150\" src=\"https:\/\/zxdoll.com\/wp-content\/uploads\/2025\/08\/sex-e-doll-reddit-eHb97n22-150x150.jpg\" class=\"attachment-thumbnail size-thumbnail\" alt=\"\" title=\"\"><\/a><\/li><li><a data-fancybox=\"gallery816\" href=\"https:\/\/zxdoll.com\/wp-content\/uploads\/2025\/08\/sex-e-doll-reddit-eHb97n23-533x800.jpg\" class=\"eig-popup\" title=\"\" data-caption=\"\" target=\"_blank\"><i class=\"icon-view\"><\/i><span class=\"overlay\"><\/span><img loading=\"lazy\" decoding=\"async\" width=\"150\" height=\"150\" src=\"https:\/\/zxdoll.com\/wp-content\/uploads\/2025\/08\/sex-e-doll-reddit-eHb97n23-150x150.jpg\" class=\"attachment-thumbnail size-thumbnail\" alt=\"\" title=\"\"><\/a><\/li><li><a data-fancybox=\"gallery816\" href=\"https:\/\/zxdoll.com\/wp-content\/uploads\/2025\/08\/sex-e-doll-reddit-eHb97n24-533x800.jpg\" class=\"eig-popup\" title=\"\" data-caption=\"\" target=\"_blank\"><i class=\"icon-view\"><\/i><span class=\"overlay\"><\/span><img loading=\"lazy\" decoding=\"async\" width=\"150\" height=\"150\" src=\"https:\/\/zxdoll.com\/wp-content\/uploads\/2025\/08\/sex-e-doll-reddit-eHb97n24-150x150.jpg\" class=\"attachment-thumbnail size-thumbnail\" alt=\"\" title=\"\"><\/a><\/li><li><a data-fancybox=\"gallery816\" href=\"https:\/\/zxdoll.com\/wp-content\/uploads\/2025\/08\/sex-e-doll-reddit-eHb97n25-533x800.jpg\" class=\"eig-popup\" title=\"\" data-caption=\"\" target=\"_blank\"><i class=\"icon-view\"><\/i><span class=\"overlay\"><\/span><img loading=\"lazy\" decoding=\"async\" width=\"150\" height=\"150\" src=\"https:\/\/zxdoll.com\/wp-content\/uploads\/2025\/08\/sex-e-doll-reddit-eHb97n25-150x150.jpg\" class=\"attachment-thumbnail size-thumbnail\" alt=\"\" title=\"\"><\/a><\/li><\/ul>\n<h4>M\u00e9rett\u00e1bl\u00e1zatok<\/h4>\n<table width=\"269\">\n<tbody>\n<tr>\n<td width=\"130\">Anyag<\/td>\n<td width=\"139\">Teljes szilikon<\/td>\n<\/tr>\n<tr>\n<td width=\"130\">Magass\u00e1g<\/td>\n<td>180 cm<\/td>\n<\/tr>\n<tr>\n<td width=\"130\">Mellb\u0151s\u00e9g<\/td>\n<td>98 cm<\/td>\n<\/tr>\n<tr>\n<td width=\"130\">Als\u00f3 mellkas<\/td>\n<td>82 cm<\/td>\n<\/tr>\n<tr>\n<td width=\"130\">Der\u00e9k<\/td>\n<td>67 cm<\/td>\n<\/tr>\n<tr>\n<td width=\"130\">Cs\u00edp\u0151<\/td>\n<td>88 cm<\/td>\n<\/tr>\n<tr>\n<td width=\"130\">V\u00e1ll<\/td>\n<td>49 cm<\/td>\n<\/tr>\n<tr>\n<td width=\"130\">Kar<\/td>\n<td>78 cm<\/td>\n<\/tr>\n<tr>\n<td width=\"130\">L\u00e1b<\/td>\n<td>88 cm<\/td>\n<\/tr>\n<tr>\n<td width=\"130\">L\u00e1b<\/td>\n<td>25 cm<\/td>\n<\/tr>\n<tr>\n<td width=\"130\">H\u00edmvessz\u0151<\/td>\n<td>18 cm<\/td>\n<\/tr>\n<tr>\n<td width=\"130\">V\u00e9gb\u00e9lny\u00edl\u00e1s<\/td>\n<td>17 cm<\/td>\n<\/tr>\n<tr>\n<td width=\"130\">Nett\u00f3 t\u00f6meg<\/td>\n<td>35 kg<\/td>\n<\/tr>\n<\/tbody>\n<\/table>\n<h4>A szexbab\u00e1r\u00f3l<\/h4>\n<p>&nbsp;<\/p>","protected":false},"excerpt":{"rendered":"<p>Sex Doll Images Size Charts Material Full Silicone Height 180cm Bust 98cm Lower Chest 82cm Waist 67cm Hips 88cm Shoulder<\/p>","protected":false},"featured_media":187115,"comment_status":"open","ping_status":"closed","template":"","meta":[],"product_brand":[],"product_cat":[253,229,124,197,191,119],"product_tag":[],"class_list":{"0":"post-187114","1":"product","2":"type-product","3":"status-publish","4":"has-post-thumbnail","6":"product_cat-253","7":"product_cat-31kg-35kg","8":"product_cat-above-171cm-sex-dolls","9":"product_cat-gay-male-sex-doll","10":"product_cat-male-sex-doll","11":"product_cat-tpe-sex-doll","12":"tm-has-options","14":"first","15":"instock","16":"shipping-taxable","17":"purchasable","18":"product-type-simple"},"_links":{"self":[{"href":"https:\/\/zxdoll.com\/hu\/wp-json\/wp\/v2\/product\/187114","targetHints":{"allow":["GET"]}}],"collection":[{"href":"https:\/\/zxdoll.com\/hu\/wp-json\/wp\/v2\/product"}],"about":[{"href":"https:\/\/zxdoll.com\/hu\/wp-json\/wp\/v2\/types\/product"}],"replies":[{"embeddable":true,"href":"https:\/\/zxdoll.com\/hu\/wp-json\/wp\/v2\/comments?post=187114"}],"version-history":[{"count":2,"href":"https:\/\/zxdoll.com\/hu\/wp-json\/wp\/v2\/product\/187114\/revisions"}],"predecessor-version":[{"id":187140,"href":"https:\/\/zxdoll.com\/hu\/wp-json\/wp\/v2\/product\/187114\/revisions\/187140"}],"wp:featuredmedia":[{"embeddable":true,"href":"https:\/\/zxdoll.com\/hu\/wp-json\/wp\/v2\/media\/187115"}],"wp:attachment":[{"href":"https:\/\/zxdoll.com\/hu\/wp-json\/wp\/v2\/media?parent=187114"}],"wp:term":[{"taxonomy":"product_brand","embeddable":true,"href":"https:\/\/zxdoll.com\/hu\/wp-json\/wp\/v2\/product_brand?post=187114"},{"taxonomy":"product_cat","embeddable":true,"href":"https:\/\/zxdoll.com\/hu\/wp-json\/wp\/v2\/product_cat?post=187114"},{"taxonomy":"product_tag","embeddable":true,"href":"https:\/\/zxdoll.com\/hu\/wp-json\/wp\/v2\/product_tag?post=187114"}],"curies":[{"name":"wp","href":"https:\/\/api.w.org\/{rel}","templated":true}]}}