{"id":185391,"date":"2024-09-29T15:18:51","date_gmt":"2024-09-29T07:18:51","guid":{"rendered":"https:\/\/zxdoll.com\/?post_type=product&#038;p=185391"},"modified":"2024-10-03T00:34:43","modified_gmt":"2024-10-02T16:34:43","slug":"transforms-doll-alien-sex","status":"publish","type":"product","link":"https:\/\/zxdoll.com\/hu\/product\/transforms-doll-alien-sex\/","title":{"rendered":"Transforms Doll Alien Sex Silvana 165cm"},"content":{"rendered":"<h4><strong>Szexbaba k\u00e9pek<\/strong><\/h4>\n\t                <ul class=\"easy-image-gallery thumbnails-13 linked\">\r\n                    <li><a data-fancybox=\"gallery135\" href=\"https:\/\/zxdoll.com\/wp-content\/uploads\/2024\/09\/sex-doll-akira-uNd11k1-533x800.jpg\" class=\"eig-popup\" title=\"\" data-caption=\"\" target=\"_blank\"><i class=\"icon-view\"><\/i><span class=\"overlay\"><\/span><img decoding=\"async\" width=\"150\" height=\"150\" src=\"https:\/\/zxdoll.com\/wp-content\/uploads\/2024\/09\/sex-doll-akira-uNd11k1-150x150.jpg\" class=\"attachment-thumbnail size-thumbnail\" alt=\"\" title=\"\"><\/a><\/li><li><a data-fancybox=\"gallery135\" href=\"https:\/\/zxdoll.com\/wp-content\/uploads\/2024\/09\/sex-doll-akira-uNd11k2-533x800.jpg\" class=\"eig-popup\" title=\"\" data-caption=\"\" target=\"_blank\"><i class=\"icon-view\"><\/i><span class=\"overlay\"><\/span><img decoding=\"async\" width=\"150\" height=\"150\" src=\"https:\/\/zxdoll.com\/wp-content\/uploads\/2024\/09\/sex-doll-akira-uNd11k2-150x150.jpg\" class=\"attachment-thumbnail size-thumbnail\" alt=\"\" title=\"\"><\/a><\/li><li><a data-fancybox=\"gallery135\" href=\"https:\/\/zxdoll.com\/wp-content\/uploads\/2024\/09\/sex-doll-akira-uNd11k3-533x800.jpg\" class=\"eig-popup\" title=\"\" data-caption=\"\" target=\"_blank\"><i class=\"icon-view\"><\/i><span class=\"overlay\"><\/span><img decoding=\"async\" width=\"150\" height=\"150\" src=\"https:\/\/zxdoll.com\/wp-content\/uploads\/2024\/09\/sex-doll-akira-uNd11k3-150x150.jpg\" class=\"attachment-thumbnail size-thumbnail\" alt=\"\" title=\"\"><\/a><\/li><li><a data-fancybox=\"gallery135\" href=\"https:\/\/zxdoll.com\/wp-content\/uploads\/2024\/09\/sex-doll-akira-uNd11k4-533x800.jpg\" class=\"eig-popup\" title=\"\" data-caption=\"\" target=\"_blank\"><i class=\"icon-view\"><\/i><span class=\"overlay\"><\/span><img loading=\"lazy\" decoding=\"async\" width=\"150\" height=\"150\" src=\"https:\/\/zxdoll.com\/wp-content\/uploads\/2024\/09\/sex-doll-akira-uNd11k4-150x150.jpg\" class=\"attachment-thumbnail size-thumbnail\" alt=\"\" title=\"\"><\/a><\/li><li><a data-fancybox=\"gallery135\" href=\"https:\/\/zxdoll.com\/wp-content\/uploads\/2024\/09\/sex-doll-akira-uNd11k5-533x800.jpg\" class=\"eig-popup\" title=\"\" data-caption=\"\" target=\"_blank\"><i class=\"icon-view\"><\/i><span class=\"overlay\"><\/span><img loading=\"lazy\" decoding=\"async\" width=\"150\" height=\"150\" src=\"https:\/\/zxdoll.com\/wp-content\/uploads\/2024\/09\/sex-doll-akira-uNd11k5-150x150.jpg\" class=\"attachment-thumbnail size-thumbnail\" alt=\"\" title=\"\"><\/a><\/li><li><a data-fancybox=\"gallery135\" href=\"https:\/\/zxdoll.com\/wp-content\/uploads\/2024\/09\/sex-doll-akira-uNd11k6-533x800.jpg\" class=\"eig-popup\" title=\"\" data-caption=\"\" target=\"_blank\"><i class=\"icon-view\"><\/i><span class=\"overlay\"><\/span><img loading=\"lazy\" decoding=\"async\" width=\"150\" height=\"150\" src=\"https:\/\/zxdoll.com\/wp-content\/uploads\/2024\/09\/sex-doll-akira-uNd11k6-150x150.jpg\" class=\"attachment-thumbnail size-thumbnail\" alt=\"\" title=\"\"><\/a><\/li><li><a data-fancybox=\"gallery135\" href=\"https:\/\/zxdoll.com\/wp-content\/uploads\/2024\/09\/sex-doll-akira-uNd11k7-533x800.jpg\" class=\"eig-popup\" title=\"\" data-caption=\"\" target=\"_blank\"><i class=\"icon-view\"><\/i><span class=\"overlay\"><\/span><img loading=\"lazy\" decoding=\"async\" width=\"150\" height=\"150\" src=\"https:\/\/zxdoll.com\/wp-content\/uploads\/2024\/09\/sex-doll-akira-uNd11k7-150x150.jpg\" class=\"attachment-thumbnail size-thumbnail\" alt=\"\" title=\"\"><\/a><\/li><li><a data-fancybox=\"gallery135\" href=\"https:\/\/zxdoll.com\/wp-content\/uploads\/2024\/09\/sex-doll-akira-uNd11k9-533x800.jpg\" class=\"eig-popup\" title=\"\" data-caption=\"\" target=\"_blank\"><i class=\"icon-view\"><\/i><span class=\"overlay\"><\/span><img loading=\"lazy\" decoding=\"async\" width=\"150\" height=\"150\" src=\"https:\/\/zxdoll.com\/wp-content\/uploads\/2024\/09\/sex-doll-akira-uNd11k9-150x150.jpg\" class=\"attachment-thumbnail size-thumbnail\" alt=\"\" title=\"\"><\/a><\/li><li><a data-fancybox=\"gallery135\" href=\"https:\/\/zxdoll.com\/wp-content\/uploads\/2024\/09\/sex-doll-akira-uNd11k10-533x800.jpg\" class=\"eig-popup\" title=\"\" data-caption=\"\" target=\"_blank\"><i class=\"icon-view\"><\/i><span class=\"overlay\"><\/span><img loading=\"lazy\" decoding=\"async\" width=\"150\" height=\"150\" src=\"https:\/\/zxdoll.com\/wp-content\/uploads\/2024\/09\/sex-doll-akira-uNd11k10-150x150.jpg\" class=\"attachment-thumbnail size-thumbnail\" alt=\"\" title=\"\"><\/a><\/li><li><a data-fancybox=\"gallery135\" href=\"https:\/\/zxdoll.com\/wp-content\/uploads\/2024\/09\/sex-doll-akira-uNd11k19-533x800.jpg\" class=\"eig-popup\" title=\"\" data-caption=\"\" target=\"_blank\"><i class=\"icon-view\"><\/i><span class=\"overlay\"><\/span><img loading=\"lazy\" decoding=\"async\" width=\"150\" height=\"150\" src=\"https:\/\/zxdoll.com\/wp-content\/uploads\/2024\/09\/sex-doll-akira-uNd11k19-150x150.jpg\" class=\"attachment-thumbnail size-thumbnail\" alt=\"\" title=\"\"><\/a><\/li><li><a data-fancybox=\"gallery135\" href=\"https:\/\/zxdoll.com\/wp-content\/uploads\/2024\/09\/sex-doll-akira-uNd11k20-533x800.jpg\" class=\"eig-popup\" title=\"\" data-caption=\"\" target=\"_blank\"><i class=\"icon-view\"><\/i><span class=\"overlay\"><\/span><img loading=\"lazy\" decoding=\"async\" width=\"150\" height=\"150\" src=\"https:\/\/zxdoll.com\/wp-content\/uploads\/2024\/09\/sex-doll-akira-uNd11k20-150x150.jpg\" class=\"attachment-thumbnail size-thumbnail\" alt=\"\" title=\"\"><\/a><\/li><li><a data-fancybox=\"gallery135\" href=\"https:\/\/zxdoll.com\/wp-content\/uploads\/2024\/09\/sex-doll-akira-uNd11k22-533x800.jpg\" class=\"eig-popup\" title=\"\" data-caption=\"\" target=\"_blank\"><i class=\"icon-view\"><\/i><span class=\"overlay\"><\/span><img loading=\"lazy\" decoding=\"async\" width=\"150\" height=\"150\" src=\"https:\/\/zxdoll.com\/wp-content\/uploads\/2024\/09\/sex-doll-akira-uNd11k22-150x150.jpg\" class=\"attachment-thumbnail size-thumbnail\" alt=\"\" title=\"\"><\/a><\/li><li><a data-fancybox=\"gallery135\" href=\"https:\/\/zxdoll.com\/wp-content\/uploads\/2024\/09\/sex-doll-akira-uNd11k23-533x800.jpg\" class=\"eig-popup\" title=\"\" data-caption=\"\" target=\"_blank\"><i class=\"icon-view\"><\/i><span class=\"overlay\"><\/span><img loading=\"lazy\" decoding=\"async\" width=\"150\" height=\"150\" src=\"https:\/\/zxdoll.com\/wp-content\/uploads\/2024\/09\/sex-doll-akira-uNd11k23-150x150.jpg\" class=\"attachment-thumbnail size-thumbnail\" alt=\"\" title=\"\"><\/a><\/li><\/ul>\n<h4>M\u00e9rett\u00e1bl\u00e1zatok<\/h4>\n<table width=\"318\">\n<tbody>\n<tr>\n<td width=\"130\">Anyag<\/td>\n<td width=\"188\">Szilikon fej + TPE test<\/td>\n<\/tr>\n<tr>\n<td width=\"130\">Magass\u00e1g<\/td>\n<td>165 cm<\/td>\n<\/tr>\n<tr>\n<td>Mellb\u0151s\u00e9g<\/td>\n<td>84 cm<\/td>\n<\/tr>\n<tr>\n<td>Mell alatt<\/td>\n<td>60 cm<\/td>\n<\/tr>\n<tr>\n<td>Der\u00e9k<\/td>\n<td>50 cm<\/td>\n<\/tr>\n<tr>\n<td>Cs\u00edp\u0151<\/td>\n<td>81 cm<\/td>\n<\/tr>\n<tr>\n<td width=\"130\">H\u00fcvelym\u00e9lys\u00e9g<\/td>\n<td>18 cm<\/td>\n<\/tr>\n<tr>\n<td width=\"130\">An\u00e1lis m\u00e9lys\u00e9g<\/td>\n<td>16 cm<\/td>\n<\/tr>\n<tr>\n<td width=\"130\">Nett\u00f3 t\u00f6meg<\/td>\n<td>34 kg<\/td>\n<\/tr>\n<\/tbody>\n<\/table>\n<h4>A szexbab\u00e1r\u00f3l<\/h4>\n<p>&nbsp;<\/p>","protected":false},"excerpt":{"rendered":"<p>Szexbaba k\u00e9pek M\u00e9rett\u00e1bl\u00e1zat Anyag Szilikon Fej + TPE Testmagass\u00e1g 165cm Mellb\u0151s\u00e9g 84cm Mell alatt 60cm Der\u00e9k 50cm<\/p>","protected":false},"featured_media":185400,"comment_status":"open","ping_status":"closed","template":"","meta":[],"product_brand":[],"product_cat":[234,75,229,80,192,107,117,211],"product_tag":[],"class_list":{"0":"post-185391","1":"product","2":"type-product","3":"status-publish","4":"has-post-thumbnail","6":"product_cat-234","7":"product_cat-160cm-170cm-sex-dolls","8":"product_cat-31kg-35kg","9":"product_cat-asian-sex-doll","10":"product_cat-hybrid-doll","11":"product_cat-skinny-sex-dolls","12":"product_cat-small-breast-sex-doll","13":"product_cat-waifu-sex-doll","14":"pa_brand-aibei-doll","15":"tm-has-options","17":"first","18":"instock","19":"sale","20":"shipping-taxable","21":"purchasable","22":"product-type-simple"},"_links":{"self":[{"href":"https:\/\/zxdoll.com\/hu\/wp-json\/wp\/v2\/product\/185391","targetHints":{"allow":["GET"]}}],"collection":[{"href":"https:\/\/zxdoll.com\/hu\/wp-json\/wp\/v2\/product"}],"about":[{"href":"https:\/\/zxdoll.com\/hu\/wp-json\/wp\/v2\/types\/product"}],"replies":[{"embeddable":true,"href":"https:\/\/zxdoll.com\/hu\/wp-json\/wp\/v2\/comments?post=185391"}],"version-history":[{"count":2,"href":"https:\/\/zxdoll.com\/hu\/wp-json\/wp\/v2\/product\/185391\/revisions"}],"predecessor-version":[{"id":185435,"href":"https:\/\/zxdoll.com\/hu\/wp-json\/wp\/v2\/product\/185391\/revisions\/185435"}],"wp:featuredmedia":[{"embeddable":true,"href":"https:\/\/zxdoll.com\/hu\/wp-json\/wp\/v2\/media\/185400"}],"wp:attachment":[{"href":"https:\/\/zxdoll.com\/hu\/wp-json\/wp\/v2\/media?parent=185391"}],"wp:term":[{"taxonomy":"product_brand","embeddable":true,"href":"https:\/\/zxdoll.com\/hu\/wp-json\/wp\/v2\/product_brand?post=185391"},{"taxonomy":"product_cat","embeddable":true,"href":"https:\/\/zxdoll.com\/hu\/wp-json\/wp\/v2\/product_cat?post=185391"},{"taxonomy":"product_tag","embeddable":true,"href":"https:\/\/zxdoll.com\/hu\/wp-json\/wp\/v2\/product_tag?post=185391"}],"curies":[{"name":"wp","href":"https:\/\/api.w.org\/{rel}","templated":true}]}}