{"id":184592,"date":"2024-09-29T01:05:42","date_gmt":"2024-09-28T17:05:42","guid":{"rendered":"https:\/\/zxdoll.com\/?post_type=product&#038;p=184592"},"modified":"2024-10-16T22:34:33","modified_gmt":"2024-10-16T14:34:33","slug":"big-white-cock-fucks-sex-doll","status":"publish","type":"product","link":"https:\/\/zxdoll.com\/hu\/product\/big-white-cock-fucks-sex-doll\/","title":{"rendered":"Nagy Feh\u00e9r Kakas Fucks Szexbaba Rozalie 163cm"},"content":{"rendered":"<h4><strong>Szexbaba k\u00e9pek<\/strong><\/h4>\n\t                <ul class=\"easy-image-gallery thumbnails-11 linked\">\r\n                    <li><a data-fancybox=\"gallery547\" href=\"https:\/\/zxdoll.com\/wp-content\/uploads\/2024\/09\/blowjob-sex-doll-bPi15x1-533x800.jpg\" class=\"eig-popup\" title=\"\" data-caption=\"\" target=\"_blank\"><i class=\"icon-view\"><\/i><span class=\"overlay\"><\/span><img decoding=\"async\" width=\"150\" height=\"150\" src=\"https:\/\/zxdoll.com\/wp-content\/uploads\/2024\/09\/blowjob-sex-doll-bPi15x1-150x150.jpg\" class=\"attachment-thumbnail size-thumbnail\" alt=\"\" title=\"\"><\/a><\/li><li><a data-fancybox=\"gallery547\" href=\"https:\/\/zxdoll.com\/wp-content\/uploads\/2024\/09\/blowjob-sex-doll-bPi15x2-533x800.jpg\" class=\"eig-popup\" title=\"\" data-caption=\"\" target=\"_blank\"><i class=\"icon-view\"><\/i><span class=\"overlay\"><\/span><img decoding=\"async\" width=\"150\" height=\"150\" src=\"https:\/\/zxdoll.com\/wp-content\/uploads\/2024\/09\/blowjob-sex-doll-bPi15x2-150x150.jpg\" class=\"attachment-thumbnail size-thumbnail\" alt=\"\" title=\"\"><\/a><\/li><li><a data-fancybox=\"gallery547\" href=\"https:\/\/zxdoll.com\/wp-content\/uploads\/2024\/09\/blowjob-sex-doll-bPi15x3-533x800.jpg\" class=\"eig-popup\" title=\"\" data-caption=\"\" target=\"_blank\"><i class=\"icon-view\"><\/i><span class=\"overlay\"><\/span><img decoding=\"async\" width=\"150\" height=\"150\" src=\"https:\/\/zxdoll.com\/wp-content\/uploads\/2024\/09\/blowjob-sex-doll-bPi15x3-150x150.jpg\" class=\"attachment-thumbnail size-thumbnail\" alt=\"\" title=\"\"><\/a><\/li><li><a data-fancybox=\"gallery547\" href=\"https:\/\/zxdoll.com\/wp-content\/uploads\/2024\/09\/blowjob-sex-doll-bPi15x5-533x800.jpg\" class=\"eig-popup\" title=\"\" data-caption=\"\" target=\"_blank\"><i class=\"icon-view\"><\/i><span class=\"overlay\"><\/span><img loading=\"lazy\" decoding=\"async\" width=\"150\" height=\"150\" src=\"https:\/\/zxdoll.com\/wp-content\/uploads\/2024\/09\/blowjob-sex-doll-bPi15x5-150x150.jpg\" class=\"attachment-thumbnail size-thumbnail\" alt=\"\" title=\"\"><\/a><\/li><li><a data-fancybox=\"gallery547\" href=\"https:\/\/zxdoll.com\/wp-content\/uploads\/2024\/09\/blowjob-sex-doll-bPi15x6-533x800.jpg\" class=\"eig-popup\" title=\"\" data-caption=\"\" target=\"_blank\"><i class=\"icon-view\"><\/i><span class=\"overlay\"><\/span><img loading=\"lazy\" decoding=\"async\" width=\"150\" height=\"150\" src=\"https:\/\/zxdoll.com\/wp-content\/uploads\/2024\/09\/blowjob-sex-doll-bPi15x6-150x150.jpg\" class=\"attachment-thumbnail size-thumbnail\" alt=\"\" title=\"\"><\/a><\/li><li><a data-fancybox=\"gallery547\" href=\"https:\/\/zxdoll.com\/wp-content\/uploads\/2024\/09\/blowjob-sex-doll-bPi15x7-533x800.jpg\" class=\"eig-popup\" title=\"\" data-caption=\"\" target=\"_blank\"><i class=\"icon-view\"><\/i><span class=\"overlay\"><\/span><img loading=\"lazy\" decoding=\"async\" width=\"150\" height=\"150\" src=\"https:\/\/zxdoll.com\/wp-content\/uploads\/2024\/09\/blowjob-sex-doll-bPi15x7-150x150.jpg\" class=\"attachment-thumbnail size-thumbnail\" alt=\"\" title=\"\"><\/a><\/li><li><a data-fancybox=\"gallery547\" href=\"https:\/\/zxdoll.com\/wp-content\/uploads\/2024\/09\/blowjob-sex-doll-bPi15x8-533x800.jpg\" class=\"eig-popup\" title=\"\" data-caption=\"\" target=\"_blank\"><i class=\"icon-view\"><\/i><span class=\"overlay\"><\/span><img loading=\"lazy\" decoding=\"async\" width=\"150\" height=\"150\" src=\"https:\/\/zxdoll.com\/wp-content\/uploads\/2024\/09\/blowjob-sex-doll-bPi15x8-150x150.jpg\" class=\"attachment-thumbnail size-thumbnail\" alt=\"\" title=\"\"><\/a><\/li><li><a data-fancybox=\"gallery547\" href=\"https:\/\/zxdoll.com\/wp-content\/uploads\/2024\/09\/blowjob-sex-doll-bPi15x9-533x800.jpg\" class=\"eig-popup\" title=\"\" data-caption=\"\" target=\"_blank\"><i class=\"icon-view\"><\/i><span class=\"overlay\"><\/span><img loading=\"lazy\" decoding=\"async\" width=\"150\" height=\"150\" src=\"https:\/\/zxdoll.com\/wp-content\/uploads\/2024\/09\/blowjob-sex-doll-bPi15x9-150x150.jpg\" class=\"attachment-thumbnail size-thumbnail\" alt=\"\" title=\"\"><\/a><\/li><li><a data-fancybox=\"gallery547\" href=\"https:\/\/zxdoll.com\/wp-content\/uploads\/2024\/09\/blowjob-sex-doll-bPi15x10.jpg\" class=\"eig-popup\" title=\"\" data-caption=\"\" target=\"_blank\"><i class=\"icon-view\"><\/i><span class=\"overlay\"><\/span><img loading=\"lazy\" decoding=\"async\" width=\"150\" height=\"150\" src=\"https:\/\/zxdoll.com\/wp-content\/uploads\/2024\/09\/blowjob-sex-doll-bPi15x10-150x150.jpg\" class=\"attachment-thumbnail size-thumbnail\" alt=\"\" title=\"\"><\/a><\/li><li><a data-fancybox=\"gallery547\" href=\"https:\/\/zxdoll.com\/wp-content\/uploads\/2024\/09\/blowjob-sex-doll-bPi15x14.jpg\" class=\"eig-popup\" title=\"\" data-caption=\"\" target=\"_blank\"><i class=\"icon-view\"><\/i><span class=\"overlay\"><\/span><img loading=\"lazy\" decoding=\"async\" width=\"150\" height=\"150\" src=\"https:\/\/zxdoll.com\/wp-content\/uploads\/2024\/09\/blowjob-sex-doll-bPi15x14-150x150.jpg\" class=\"attachment-thumbnail size-thumbnail\" alt=\"\" title=\"\"><\/a><\/li><li><a data-fancybox=\"gallery547\" href=\"https:\/\/zxdoll.com\/wp-content\/uploads\/2024\/09\/blowjob-sex-doll-bPi15x15-533x800.jpg\" class=\"eig-popup\" title=\"\" data-caption=\"\" target=\"_blank\"><i class=\"icon-view\"><\/i><span class=\"overlay\"><\/span><img loading=\"lazy\" decoding=\"async\" width=\"150\" height=\"150\" src=\"https:\/\/zxdoll.com\/wp-content\/uploads\/2024\/09\/blowjob-sex-doll-bPi15x15-150x150.jpg\" class=\"attachment-thumbnail size-thumbnail\" alt=\"\" title=\"\"><\/a><\/li><\/ul>\n<h4>M\u00e9rett\u00e1bl\u00e1zatok<\/h4>\n<table width=\"332\">\n<tbody>\n<tr>\n<td width=\"143\">Anyag<\/td>\n<td width=\"189\">TPE<\/td>\n<\/tr>\n<tr>\n<td>Magass\u00e1g<\/td>\n<td>163 cm<\/td>\n<\/tr>\n<tr>\n<td>Cs\u00e9sze<\/td>\n<td>H<\/td>\n<\/tr>\n<tr>\n<td>Mellb\u0151s\u00e9g<\/td>\n<td>96 cm<\/td>\n<\/tr>\n<tr>\n<td>Mell alatt<\/td>\n<td>69 cm<\/td>\n<\/tr>\n<tr>\n<td>Der\u00e9k<\/td>\n<td>68,5 cm<\/td>\n<\/tr>\n<tr>\n<td>Cs\u00edp\u0151<\/td>\n<td>113 cm<\/td>\n<\/tr>\n<tr>\n<td>V\u00e1ll<\/td>\n<td>40 cm<\/td>\n<\/tr>\n<tr>\n<td>Kar hossz\u00fas\u00e1g<\/td>\n<td>53 cm<\/td>\n<\/tr>\n<tr>\n<td>Teny\u00e9r<\/td>\n<td>17 cm<\/td>\n<\/tr>\n<tr>\n<td>L\u00e1b hossz<\/td>\n<td>103 cm<\/td>\n<\/tr>\n<tr>\n<td>L\u00e1b<\/td>\n<td>21 cm<\/td>\n<\/tr>\n<tr>\n<td>Sz\u00e1j<\/td>\n<td>13 cm<\/td>\n<\/tr>\n<tr>\n<td>H\u00fcvely<\/td>\n<td>18 cm<\/td>\n<\/tr>\n<tr>\n<td>V\u00e9gb\u00e9lny\u00edl\u00e1s<\/td>\n<td>16 cm<\/td>\n<\/tr>\n<tr>\n<td>S\u00faly<\/td>\n<td>54 kg<\/td>\n<\/tr>\n<\/tbody>\n<\/table>\n<h4>A szexbab\u00e1r\u00f3l<\/h4>\n<p>&nbsp;<\/p>","protected":false},"excerpt":{"rendered":"<p>Szexbaba k\u00e9pek M\u00e9rett\u00e1bl\u00e1zatok Anyag TPE Magass\u00e1g 163cm Kos\u00e1r H Mellb\u0151s\u00e9g 96cm Mell alatti b\u0151s\u00e9g 69cm Der\u00e9k 68.5cm Cs\u00edp\u0151 113cm<\/p>","protected":false},"featured_media":184607,"comment_status":"open","ping_status":"closed","template":"","meta":[],"product_brand":[],"product_cat":[234,75,116,233,169,107,119],"product_tag":[],"class_list":{"0":"post-184592","1":"product","2":"type-product","3":"status-publish","4":"has-post-thumbnail","6":"product_cat-234","7":"product_cat-160cm-170cm-sex-dolls","8":"product_cat-big-boobs-sex-doll","9":"product_cat-over-51kg","10":"product_cat-sex-doll-on-sale","11":"product_cat-skinny-sex-dolls","12":"product_cat-tpe-sex-doll","13":"pa_brand-jarliet-doll","14":"tm-has-options","16":"first","17":"instock","18":"sale","19":"shipping-taxable","20":"purchasable","21":"product-type-simple"},"_links":{"self":[{"href":"https:\/\/zxdoll.com\/hu\/wp-json\/wp\/v2\/product\/184592","targetHints":{"allow":["GET"]}}],"collection":[{"href":"https:\/\/zxdoll.com\/hu\/wp-json\/wp\/v2\/product"}],"about":[{"href":"https:\/\/zxdoll.com\/hu\/wp-json\/wp\/v2\/types\/product"}],"replies":[{"embeddable":true,"href":"https:\/\/zxdoll.com\/hu\/wp-json\/wp\/v2\/comments?post=184592"}],"version-history":[{"count":4,"href":"https:\/\/zxdoll.com\/hu\/wp-json\/wp\/v2\/product\/184592\/revisions"}],"predecessor-version":[{"id":186678,"href":"https:\/\/zxdoll.com\/hu\/wp-json\/wp\/v2\/product\/184592\/revisions\/186678"}],"wp:featuredmedia":[{"embeddable":true,"href":"https:\/\/zxdoll.com\/hu\/wp-json\/wp\/v2\/media\/184607"}],"wp:attachment":[{"href":"https:\/\/zxdoll.com\/hu\/wp-json\/wp\/v2\/media?parent=184592"}],"wp:term":[{"taxonomy":"product_brand","embeddable":true,"href":"https:\/\/zxdoll.com\/hu\/wp-json\/wp\/v2\/product_brand?post=184592"},{"taxonomy":"product_cat","embeddable":true,"href":"https:\/\/zxdoll.com\/hu\/wp-json\/wp\/v2\/product_cat?post=184592"},{"taxonomy":"product_tag","embeddable":true,"href":"https:\/\/zxdoll.com\/hu\/wp-json\/wp\/v2\/product_tag?post=184592"}],"curies":[{"name":"wp","href":"https:\/\/api.w.org\/{rel}","templated":true}]}}