{"id":184193,"date":"2024-09-27T03:16:12","date_gmt":"2024-09-26T19:16:12","guid":{"rendered":"https:\/\/zxdoll.com\/?post_type=product&#038;p=184193"},"modified":"2024-10-16T02:52:11","modified_gmt":"2024-10-15T18:52:11","slug":"what-is-adult-sex-doll-made","status":"publish","type":"product","link":"https:\/\/zxdoll.com\/hu\/product\/what-is-adult-sex-doll-made\/","title":{"rendered":"Mi az a feln\u0151tt szexbaba, renelle, 167 cm"},"content":{"rendered":"<h4><strong>Szexbaba k\u00e9pek<\/strong><\/h4>\n\t                <ul class=\"easy-image-gallery thumbnails-12 linked\">\r\n                    <li><a data-fancybox=\"gallery241\" href=\"https:\/\/zxdoll.com\/wp-content\/uploads\/2024\/09\/tallest-sex-doll-zSs03k1-533x800.jpg\" class=\"eig-popup\" title=\"\" data-caption=\"\" target=\"_blank\"><i class=\"icon-view\"><\/i><span class=\"overlay\"><\/span><img decoding=\"async\" width=\"150\" height=\"150\" src=\"https:\/\/zxdoll.com\/wp-content\/uploads\/2024\/09\/tallest-sex-doll-zSs03k1-150x150.jpg\" class=\"attachment-thumbnail size-thumbnail\" alt=\"\" title=\"\"><\/a><\/li><li><a data-fancybox=\"gallery241\" href=\"https:\/\/zxdoll.com\/wp-content\/uploads\/2024\/09\/tallest-sex-doll-zSs03k2-533x800.jpg\" class=\"eig-popup\" title=\"\" data-caption=\"\" target=\"_blank\"><i class=\"icon-view\"><\/i><span class=\"overlay\"><\/span><img decoding=\"async\" width=\"150\" height=\"150\" src=\"https:\/\/zxdoll.com\/wp-content\/uploads\/2024\/09\/tallest-sex-doll-zSs03k2-150x150.jpg\" class=\"attachment-thumbnail size-thumbnail\" alt=\"\" title=\"\"><\/a><\/li><li><a data-fancybox=\"gallery241\" href=\"https:\/\/zxdoll.com\/wp-content\/uploads\/2024\/09\/tallest-sex-doll-zSs03k3-533x800.jpg\" class=\"eig-popup\" title=\"\" data-caption=\"\" target=\"_blank\"><i class=\"icon-view\"><\/i><span class=\"overlay\"><\/span><img decoding=\"async\" width=\"150\" height=\"150\" src=\"https:\/\/zxdoll.com\/wp-content\/uploads\/2024\/09\/tallest-sex-doll-zSs03k3-150x150.jpg\" class=\"attachment-thumbnail size-thumbnail\" alt=\"\" title=\"\"><\/a><\/li><li><a data-fancybox=\"gallery241\" href=\"https:\/\/zxdoll.com\/wp-content\/uploads\/2024\/09\/tallest-sex-doll-zSs03k4-533x800.jpg\" class=\"eig-popup\" title=\"\" data-caption=\"\" target=\"_blank\"><i class=\"icon-view\"><\/i><span class=\"overlay\"><\/span><img loading=\"lazy\" decoding=\"async\" width=\"150\" height=\"150\" src=\"https:\/\/zxdoll.com\/wp-content\/uploads\/2024\/09\/tallest-sex-doll-zSs03k4-150x150.jpg\" class=\"attachment-thumbnail size-thumbnail\" alt=\"\" title=\"\"><\/a><\/li><li><a data-fancybox=\"gallery241\" href=\"https:\/\/zxdoll.com\/wp-content\/uploads\/2024\/09\/tallest-sex-doll-zSs03k6-533x800.jpg\" class=\"eig-popup\" title=\"\" data-caption=\"\" target=\"_blank\"><i class=\"icon-view\"><\/i><span class=\"overlay\"><\/span><img loading=\"lazy\" decoding=\"async\" width=\"150\" height=\"150\" src=\"https:\/\/zxdoll.com\/wp-content\/uploads\/2024\/09\/tallest-sex-doll-zSs03k6-150x150.jpg\" class=\"attachment-thumbnail size-thumbnail\" alt=\"\" title=\"\"><\/a><\/li><li><a data-fancybox=\"gallery241\" href=\"https:\/\/zxdoll.com\/wp-content\/uploads\/2024\/09\/tallest-sex-doll-zSs03k7-533x800.jpg\" class=\"eig-popup\" title=\"\" data-caption=\"\" target=\"_blank\"><i class=\"icon-view\"><\/i><span class=\"overlay\"><\/span><img loading=\"lazy\" decoding=\"async\" width=\"150\" height=\"150\" src=\"https:\/\/zxdoll.com\/wp-content\/uploads\/2024\/09\/tallest-sex-doll-zSs03k7-150x150.jpg\" class=\"attachment-thumbnail size-thumbnail\" alt=\"\" title=\"\"><\/a><\/li><li><a data-fancybox=\"gallery241\" href=\"https:\/\/zxdoll.com\/wp-content\/uploads\/2024\/09\/tallest-sex-doll-zSs03k8-533x800.jpg\" class=\"eig-popup\" title=\"\" data-caption=\"\" target=\"_blank\"><i class=\"icon-view\"><\/i><span class=\"overlay\"><\/span><img loading=\"lazy\" decoding=\"async\" width=\"150\" height=\"150\" src=\"https:\/\/zxdoll.com\/wp-content\/uploads\/2024\/09\/tallest-sex-doll-zSs03k8-150x150.jpg\" class=\"attachment-thumbnail size-thumbnail\" alt=\"\" title=\"\"><\/a><\/li><li><a data-fancybox=\"gallery241\" href=\"https:\/\/zxdoll.com\/wp-content\/uploads\/2024\/09\/tallest-sex-doll-zSs03k9-533x800.jpg\" class=\"eig-popup\" title=\"\" data-caption=\"\" target=\"_blank\"><i class=\"icon-view\"><\/i><span class=\"overlay\"><\/span><img loading=\"lazy\" decoding=\"async\" width=\"150\" height=\"150\" src=\"https:\/\/zxdoll.com\/wp-content\/uploads\/2024\/09\/tallest-sex-doll-zSs03k9-150x150.jpg\" class=\"attachment-thumbnail size-thumbnail\" alt=\"\" title=\"\"><\/a><\/li><li><a data-fancybox=\"gallery241\" href=\"https:\/\/zxdoll.com\/wp-content\/uploads\/2024\/09\/tallest-sex-doll-zSs03k10-533x800.jpg\" class=\"eig-popup\" title=\"\" data-caption=\"\" target=\"_blank\"><i class=\"icon-view\"><\/i><span class=\"overlay\"><\/span><img loading=\"lazy\" decoding=\"async\" width=\"150\" height=\"150\" src=\"https:\/\/zxdoll.com\/wp-content\/uploads\/2024\/09\/tallest-sex-doll-zSs03k10-150x150.jpg\" class=\"attachment-thumbnail size-thumbnail\" alt=\"\" title=\"\"><\/a><\/li><li><a data-fancybox=\"gallery241\" href=\"https:\/\/zxdoll.com\/wp-content\/uploads\/2024\/09\/tallest-sex-doll-zSs03k24-533x800.jpg\" class=\"eig-popup\" title=\"\" data-caption=\"\" target=\"_blank\"><i class=\"icon-view\"><\/i><span class=\"overlay\"><\/span><img loading=\"lazy\" decoding=\"async\" width=\"150\" height=\"150\" src=\"https:\/\/zxdoll.com\/wp-content\/uploads\/2024\/09\/tallest-sex-doll-zSs03k24-150x150.jpg\" class=\"attachment-thumbnail size-thumbnail\" alt=\"\" title=\"\"><\/a><\/li><li><a data-fancybox=\"gallery241\" href=\"https:\/\/zxdoll.com\/wp-content\/uploads\/2024\/09\/tallest-sex-doll-zSs03k25.jpg\" class=\"eig-popup\" title=\"\" data-caption=\"\" target=\"_blank\"><i class=\"icon-view\"><\/i><span class=\"overlay\"><\/span><img loading=\"lazy\" decoding=\"async\" width=\"100\" height=\"150\" src=\"https:\/\/zxdoll.com\/wp-content\/uploads\/2024\/09\/tallest-sex-doll-zSs03k25.jpg\" class=\"attachment-thumbnail size-thumbnail\" alt=\"\" title=\"\"><\/a><\/li><li><a data-fancybox=\"gallery241\" href=\"https:\/\/zxdoll.com\/wp-content\/uploads\/2024\/09\/tallest-sex-doll-zSs03k29-533x800.jpg\" class=\"eig-popup\" title=\"\" data-caption=\"\" target=\"_blank\"><i class=\"icon-view\"><\/i><span class=\"overlay\"><\/span><img loading=\"lazy\" decoding=\"async\" width=\"150\" height=\"150\" src=\"https:\/\/zxdoll.com\/wp-content\/uploads\/2024\/09\/tallest-sex-doll-zSs03k29-150x150.jpg\" class=\"attachment-thumbnail size-thumbnail\" alt=\"\" title=\"\"><\/a><\/li><\/ul>\n<h4>M\u00e9rett\u00e1bl\u00e1zatok<\/h4>\n<table width=\"298\">\n<tbody>\n<tr>\n<td width=\"143\">Anyag<\/td>\n<td width=\"155\">Teljes szilikon<\/td>\n<\/tr>\n<tr>\n<td width=\"143\">Magass\u00e1g<\/td>\n<td>167 cm<\/td>\n<\/tr>\n<tr>\n<td width=\"143\">Cs\u00e9sze<\/td>\n<td width=\"155\">B<\/td>\n<\/tr>\n<tr>\n<td width=\"143\">Mellb\u0151s\u00e9g<\/td>\n<td width=\"155\">77 cm<\/td>\n<\/tr>\n<tr>\n<td width=\"143\">Mell alatt<\/td>\n<td width=\"155\">62 cm<\/td>\n<\/tr>\n<tr>\n<td width=\"143\">Der\u00e9k<\/td>\n<td width=\"155\">57 cm<\/td>\n<\/tr>\n<tr>\n<td width=\"143\">Cs\u00edp\u0151<\/td>\n<td width=\"155\">82 cm<\/td>\n<\/tr>\n<tr>\n<td width=\"143\">V\u00e1ll<\/td>\n<td width=\"155\">39 cm<\/td>\n<\/tr>\n<tr>\n<td width=\"143\">Kar hossz\u00fas\u00e1g<\/td>\n<td width=\"155\">51 cm<\/td>\n<\/tr>\n<tr>\n<td width=\"143\">Teny\u00e9r<\/td>\n<td width=\"155\">16 cm<\/td>\n<\/tr>\n<tr>\n<td width=\"143\">L\u00e1b hossz<\/td>\n<td width=\"155\">102 cm<\/td>\n<\/tr>\n<tr>\n<td width=\"143\">L\u00e1b<\/td>\n<td width=\"155\">20 cm<\/td>\n<\/tr>\n<tr>\n<td width=\"143\">H\u00fcvely<\/td>\n<td width=\"155\">18 cm<\/td>\n<\/tr>\n<tr>\n<td width=\"143\">V\u00e9gb\u00e9lny\u00edl\u00e1s<\/td>\n<td width=\"155\">17 cm<\/td>\n<\/tr>\n<tr>\n<td width=\"143\">S\u00faly<\/td>\n<td>31 kg<\/td>\n<\/tr>\n<\/tbody>\n<\/table>\n<p>&nbsp;<\/p>\n<h4>A szexbab\u00e1r\u00f3l<\/h4>\n<p>&nbsp;<\/p>","protected":false},"excerpt":{"rendered":"<p>Szexbaba k\u00e9pek M\u00e9rett\u00e1bl\u00e1zat Anyag teljes szilikon magass\u00e1g 167 cm cs\u00e9sze B mell 77 cm mell alatt 62 cm der\u00e9k 57 cm cs\u00edp\u0151<\/p>","protected":false},"featured_media":184219,"comment_status":"open","ping_status":"closed","template":"","meta":[],"product_brand":[],"product_cat":[234,75,229,80,110,107,117,214],"product_tag":[],"class_list":{"0":"post-184193","1":"product","2":"type-product","3":"status-publish","4":"has-post-thumbnail","6":"product_cat-234","7":"product_cat-160cm-170cm-sex-dolls","8":"product_cat-31kg-35kg","9":"product_cat-asian-sex-doll","10":"product_cat-silicone-sex-doll","11":"product_cat-skinny-sex-dolls","12":"product_cat-small-breast-sex-doll","13":"product_cat-ultra-realistic-sex-doll","14":"pa_brand-jarliet-doll","15":"tm-has-options","17":"first","18":"instock","19":"sale","20":"shipping-taxable","21":"purchasable","22":"product-type-simple"},"_links":{"self":[{"href":"https:\/\/zxdoll.com\/hu\/wp-json\/wp\/v2\/product\/184193","targetHints":{"allow":["GET"]}}],"collection":[{"href":"https:\/\/zxdoll.com\/hu\/wp-json\/wp\/v2\/product"}],"about":[{"href":"https:\/\/zxdoll.com\/hu\/wp-json\/wp\/v2\/types\/product"}],"replies":[{"embeddable":true,"href":"https:\/\/zxdoll.com\/hu\/wp-json\/wp\/v2\/comments?post=184193"}],"version-history":[{"count":2,"href":"https:\/\/zxdoll.com\/hu\/wp-json\/wp\/v2\/product\/184193\/revisions"}],"predecessor-version":[{"id":184231,"href":"https:\/\/zxdoll.com\/hu\/wp-json\/wp\/v2\/product\/184193\/revisions\/184231"}],"wp:featuredmedia":[{"embeddable":true,"href":"https:\/\/zxdoll.com\/hu\/wp-json\/wp\/v2\/media\/184219"}],"wp:attachment":[{"href":"https:\/\/zxdoll.com\/hu\/wp-json\/wp\/v2\/media?parent=184193"}],"wp:term":[{"taxonomy":"product_brand","embeddable":true,"href":"https:\/\/zxdoll.com\/hu\/wp-json\/wp\/v2\/product_brand?post=184193"},{"taxonomy":"product_cat","embeddable":true,"href":"https:\/\/zxdoll.com\/hu\/wp-json\/wp\/v2\/product_cat?post=184193"},{"taxonomy":"product_tag","embeddable":true,"href":"https:\/\/zxdoll.com\/hu\/wp-json\/wp\/v2\/product_tag?post=184193"}],"curies":[{"name":"wp","href":"https:\/\/api.w.org\/{rel}","templated":true}]}}