{"id":183173,"date":"2024-09-26T18:26:12","date_gmt":"2024-09-26T10:26:12","guid":{"rendered":"https:\/\/zxdoll.com\/?post_type=product&#038;p=183173"},"modified":"2024-10-02T23:25:22","modified_gmt":"2024-10-02T15:25:22","slug":"fat-ass-realistic-sex-doll","status":"publish","type":"product","link":"https:\/\/zxdoll.com\/hu\/product\/fat-ass-realistic-sex-doll\/","title":{"rendered":"Fat Ass Realistic Sex Doll Mirabel 158cm"},"content":{"rendered":"<h4><strong>Szexbaba k\u00e9pek<\/strong><\/h4>\n\t                <ul class=\"easy-image-gallery thumbnails-11 linked\">\r\n                    <li><a data-fancybox=\"gallery224\" href=\"https:\/\/zxdoll.com\/wp-content\/uploads\/2024\/09\/airel-sex-doll-oBi57h1-533x800.jpg\" class=\"eig-popup\" title=\"\" data-caption=\"\" target=\"_blank\"><i class=\"icon-view\"><\/i><span class=\"overlay\"><\/span><img decoding=\"async\" width=\"150\" height=\"150\" src=\"https:\/\/zxdoll.com\/wp-content\/uploads\/2024\/09\/airel-sex-doll-oBi57h1-150x150.jpg\" class=\"attachment-thumbnail size-thumbnail\" alt=\"\" title=\"\"><\/a><\/li><li><a data-fancybox=\"gallery224\" href=\"https:\/\/zxdoll.com\/wp-content\/uploads\/2024\/09\/airel-sex-doll-oBi57h2-533x800.jpg\" class=\"eig-popup\" title=\"\" data-caption=\"\" target=\"_blank\"><i class=\"icon-view\"><\/i><span class=\"overlay\"><\/span><img decoding=\"async\" width=\"150\" height=\"150\" src=\"https:\/\/zxdoll.com\/wp-content\/uploads\/2024\/09\/airel-sex-doll-oBi57h2-150x150.jpg\" class=\"attachment-thumbnail size-thumbnail\" alt=\"\" title=\"\"><\/a><\/li><li><a data-fancybox=\"gallery224\" href=\"https:\/\/zxdoll.com\/wp-content\/uploads\/2024\/09\/airel-sex-doll-oBi57h3-533x800.jpg\" class=\"eig-popup\" title=\"\" data-caption=\"\" target=\"_blank\"><i class=\"icon-view\"><\/i><span class=\"overlay\"><\/span><img decoding=\"async\" width=\"150\" height=\"150\" src=\"https:\/\/zxdoll.com\/wp-content\/uploads\/2024\/09\/airel-sex-doll-oBi57h3-150x150.jpg\" class=\"attachment-thumbnail size-thumbnail\" alt=\"\" title=\"\"><\/a><\/li><li><a data-fancybox=\"gallery224\" href=\"https:\/\/zxdoll.com\/wp-content\/uploads\/2024\/09\/airel-sex-doll-oBi57h4-533x800.jpg\" class=\"eig-popup\" title=\"\" data-caption=\"\" target=\"_blank\"><i class=\"icon-view\"><\/i><span class=\"overlay\"><\/span><img loading=\"lazy\" decoding=\"async\" width=\"150\" height=\"150\" src=\"https:\/\/zxdoll.com\/wp-content\/uploads\/2024\/09\/airel-sex-doll-oBi57h4-150x150.jpg\" class=\"attachment-thumbnail size-thumbnail\" alt=\"\" title=\"\"><\/a><\/li><li><a data-fancybox=\"gallery224\" href=\"https:\/\/zxdoll.com\/wp-content\/uploads\/2024\/09\/airel-sex-doll-oBi57h5-Copy-533x800.jpg\" class=\"eig-popup\" title=\"\" data-caption=\"\" target=\"_blank\"><i class=\"icon-view\"><\/i><span class=\"overlay\"><\/span><img loading=\"lazy\" decoding=\"async\" width=\"150\" height=\"150\" src=\"https:\/\/zxdoll.com\/wp-content\/uploads\/2024\/09\/airel-sex-doll-oBi57h5-Copy-150x150.jpg\" class=\"attachment-thumbnail size-thumbnail\" alt=\"\" title=\"\"><\/a><\/li><li><a data-fancybox=\"gallery224\" href=\"https:\/\/zxdoll.com\/wp-content\/uploads\/2024\/09\/airel-sex-doll-oBi57h6-533x800.jpg\" class=\"eig-popup\" title=\"\" data-caption=\"\" target=\"_blank\"><i class=\"icon-view\"><\/i><span class=\"overlay\"><\/span><img loading=\"lazy\" decoding=\"async\" width=\"150\" height=\"150\" src=\"https:\/\/zxdoll.com\/wp-content\/uploads\/2024\/09\/airel-sex-doll-oBi57h6-150x150.jpg\" class=\"attachment-thumbnail size-thumbnail\" alt=\"\" title=\"\"><\/a><\/li><li><a data-fancybox=\"gallery224\" href=\"https:\/\/zxdoll.com\/wp-content\/uploads\/2024\/09\/airel-sex-doll-oBi57h7-533x800.jpg\" class=\"eig-popup\" title=\"\" data-caption=\"\" target=\"_blank\"><i class=\"icon-view\"><\/i><span class=\"overlay\"><\/span><img loading=\"lazy\" decoding=\"async\" width=\"150\" height=\"150\" src=\"https:\/\/zxdoll.com\/wp-content\/uploads\/2024\/09\/airel-sex-doll-oBi57h7-150x150.jpg\" class=\"attachment-thumbnail size-thumbnail\" alt=\"\" title=\"\"><\/a><\/li><li><a data-fancybox=\"gallery224\" href=\"https:\/\/zxdoll.com\/wp-content\/uploads\/2024\/09\/airel-sex-doll-oBi57h8-533x800.jpg\" class=\"eig-popup\" title=\"\" data-caption=\"\" target=\"_blank\"><i class=\"icon-view\"><\/i><span class=\"overlay\"><\/span><img loading=\"lazy\" decoding=\"async\" width=\"150\" height=\"150\" src=\"https:\/\/zxdoll.com\/wp-content\/uploads\/2024\/09\/airel-sex-doll-oBi57h8-150x150.jpg\" class=\"attachment-thumbnail size-thumbnail\" alt=\"\" title=\"\"><\/a><\/li><li><a data-fancybox=\"gallery224\" href=\"https:\/\/zxdoll.com\/wp-content\/uploads\/2024\/09\/airel-sex-doll-oBi57h9-533x800.jpg\" class=\"eig-popup\" title=\"\" data-caption=\"\" target=\"_blank\"><i class=\"icon-view\"><\/i><span class=\"overlay\"><\/span><img loading=\"lazy\" decoding=\"async\" width=\"150\" height=\"150\" src=\"https:\/\/zxdoll.com\/wp-content\/uploads\/2024\/09\/airel-sex-doll-oBi57h9-150x150.jpg\" class=\"attachment-thumbnail size-thumbnail\" alt=\"\" title=\"\"><\/a><\/li><li><a data-fancybox=\"gallery224\" href=\"https:\/\/zxdoll.com\/wp-content\/uploads\/2024\/09\/airel-sex-doll-oBi57h13-533x800.jpg\" class=\"eig-popup\" title=\"\" data-caption=\"\" target=\"_blank\"><i class=\"icon-view\"><\/i><span class=\"overlay\"><\/span><img loading=\"lazy\" decoding=\"async\" width=\"150\" height=\"150\" src=\"https:\/\/zxdoll.com\/wp-content\/uploads\/2024\/09\/airel-sex-doll-oBi57h13-150x150.jpg\" class=\"attachment-thumbnail size-thumbnail\" alt=\"\" title=\"\"><\/a><\/li><li><a data-fancybox=\"gallery224\" href=\"https:\/\/zxdoll.com\/wp-content\/uploads\/2024\/09\/airel-sex-doll-oBi57h14-533x800.jpg\" class=\"eig-popup\" title=\"\" data-caption=\"\" target=\"_blank\"><i class=\"icon-view\"><\/i><span class=\"overlay\"><\/span><img loading=\"lazy\" decoding=\"async\" width=\"150\" height=\"150\" src=\"https:\/\/zxdoll.com\/wp-content\/uploads\/2024\/09\/airel-sex-doll-oBi57h14-150x150.jpg\" class=\"attachment-thumbnail size-thumbnail\" alt=\"\" title=\"\"><\/a><\/li><\/ul>\n<h4>M\u00e9rett\u00e1bl\u00e1zatok<\/h4>\n<table width=\"236\">\n<tbody>\n<tr>\n<td width=\"129\">Anyag<\/td>\n<td width=\"107\">Szilikon<\/td>\n<\/tr>\n<tr>\n<td>Magass\u00e1g<\/td>\n<td>158 cm<\/td>\n<\/tr>\n<tr>\n<td>Nett\u00f3 t\u00f6meg<\/td>\n<td>30.6kg<\/td>\n<\/tr>\n<tr>\n<td>Teljes mell<\/td>\n<td>74 cm<\/td>\n<\/tr>\n<tr>\n<td>Mell alatt<\/td>\n<td>56 cm<\/td>\n<\/tr>\n<tr>\n<td>Cs\u00e9sze<\/td>\n<td>D<\/td>\n<\/tr>\n<tr>\n<td>Der\u00e9k<\/td>\n<td>51 cm<\/td>\n<\/tr>\n<tr>\n<td>Cs\u00edp\u0151<\/td>\n<td>86 cm<\/td>\n<\/tr>\n<tr>\n<td>Or\u00e1lis<\/td>\n<td>V\u00e1laszthat\u00f3<\/td>\n<\/tr>\n<tr>\n<td>H\u00fcvely<\/td>\n<td>20 cm<\/td>\n<\/tr>\n<tr>\n<td>V\u00e9gb\u00e9lny\u00edl\u00e1s<\/td>\n<td>20 cm<\/td>\n<\/tr>\n<tr>\n<td>V\u00e1ll<\/td>\n<td>32 cm<\/td>\n<\/tr>\n<tr>\n<td>Kar<\/td>\n<td>68 cm<\/td>\n<\/tr>\n<tr>\n<td>L\u00e1b<\/td>\n<td>80 cm<\/td>\n<\/tr>\n<tr>\n<td>L\u00e1b<\/td>\n<td>21,5 cm<\/td>\n<\/tr>\n<\/tbody>\n<\/table>\n<h4>A szexbab\u00e1r\u00f3l<\/h4>\n<p>&nbsp;<\/p>","protected":false},"excerpt":{"rendered":"<p>Sex Doll Images Size Charts Material Silicone Height 158cm Net Weight 30.6kg Full Bust 74cm Under Bust 56cm Cup D<\/p>","protected":false},"featured_media":183174,"comment_status":"open","ping_status":"closed","template":"","meta":[],"product_brand":[],"product_cat":[234,112,229,80,168,110,107,117],"product_tag":[],"class_list":{"0":"post-183173","1":"product","2":"type-product","3":"status-publish","4":"has-post-thumbnail","6":"product_cat-234","7":"product_cat-150cm-159cm-sex-dolls","8":"product_cat-31kg-35kg","9":"product_cat-asian-sex-doll","10":"product_cat-real-love-doll","11":"product_cat-silicone-sex-doll","12":"product_cat-skinny-sex-dolls","13":"product_cat-small-breast-sex-doll","14":"pa_brand-jiusheng-doll","15":"tm-has-options","17":"first","18":"instock","19":"sale","20":"shipping-taxable","21":"purchasable","22":"product-type-simple"},"_links":{"self":[{"href":"https:\/\/zxdoll.com\/hu\/wp-json\/wp\/v2\/product\/183173","targetHints":{"allow":["GET"]}}],"collection":[{"href":"https:\/\/zxdoll.com\/hu\/wp-json\/wp\/v2\/product"}],"about":[{"href":"https:\/\/zxdoll.com\/hu\/wp-json\/wp\/v2\/types\/product"}],"replies":[{"embeddable":true,"href":"https:\/\/zxdoll.com\/hu\/wp-json\/wp\/v2\/comments?post=183173"}],"version-history":[{"count":2,"href":"https:\/\/zxdoll.com\/hu\/wp-json\/wp\/v2\/product\/183173\/revisions"}],"predecessor-version":[{"id":183187,"href":"https:\/\/zxdoll.com\/hu\/wp-json\/wp\/v2\/product\/183173\/revisions\/183187"}],"wp:featuredmedia":[{"embeddable":true,"href":"https:\/\/zxdoll.com\/hu\/wp-json\/wp\/v2\/media\/183174"}],"wp:attachment":[{"href":"https:\/\/zxdoll.com\/hu\/wp-json\/wp\/v2\/media?parent=183173"}],"wp:term":[{"taxonomy":"product_brand","embeddable":true,"href":"https:\/\/zxdoll.com\/hu\/wp-json\/wp\/v2\/product_brand?post=183173"},{"taxonomy":"product_cat","embeddable":true,"href":"https:\/\/zxdoll.com\/hu\/wp-json\/wp\/v2\/product_cat?post=183173"},{"taxonomy":"product_tag","embeddable":true,"href":"https:\/\/zxdoll.com\/hu\/wp-json\/wp\/v2\/product_tag?post=183173"}],"curies":[{"name":"wp","href":"https:\/\/api.w.org\/{rel}","templated":true}]}}