{"id":181645,"date":"2024-09-26T01:34:59","date_gmt":"2024-09-25T17:34:59","guid":{"rendered":"https:\/\/zxdoll.com\/?post_type=product&#038;p=181645"},"modified":"2024-10-04T05:10:28","modified_gmt":"2024-10-03T21:10:28","slug":"sex-with-real-doll-that-talks","status":"publish","type":"product","link":"https:\/\/zxdoll.com\/hu\/product\/sex-with-real-doll-that-talks\/","title":{"rendered":"Szex val\u00f3di bab\u00e1val, aki besz\u00e9l Joelie 157 cm-es"},"content":{"rendered":"<h4><strong>Szexbaba k\u00e9pek<\/strong><\/h4>\n\t                <ul class=\"easy-image-gallery thumbnails-25 linked\">\r\n                    <li><a data-fancybox=\"gallery236\" href=\"https:\/\/zxdoll.com\/wp-content\/uploads\/2024\/09\/sex-doll-demos-oWo54e1.jpg\" class=\"eig-popup\" title=\"\" data-caption=\"\" target=\"_blank\"><i class=\"icon-view\"><\/i><span class=\"overlay\"><\/span><img decoding=\"async\" width=\"150\" height=\"150\" src=\"https:\/\/zxdoll.com\/wp-content\/uploads\/2024\/09\/sex-doll-demos-oWo54e1-150x150.jpg\" class=\"attachment-thumbnail size-thumbnail\" alt=\"\" title=\"\"><\/a><\/li><li><a data-fancybox=\"gallery236\" href=\"https:\/\/zxdoll.com\/wp-content\/uploads\/2024\/09\/sex-doll-demos-oWo54e2-533x800.jpg\" class=\"eig-popup\" title=\"\" data-caption=\"\" target=\"_blank\"><i class=\"icon-view\"><\/i><span class=\"overlay\"><\/span><img decoding=\"async\" width=\"150\" height=\"150\" src=\"https:\/\/zxdoll.com\/wp-content\/uploads\/2024\/09\/sex-doll-demos-oWo54e2-150x150.jpg\" class=\"attachment-thumbnail size-thumbnail\" alt=\"\" title=\"\"><\/a><\/li><li><a data-fancybox=\"gallery236\" href=\"https:\/\/zxdoll.com\/wp-content\/uploads\/2024\/09\/sex-doll-demos-oWo54e3-533x800.jpg\" class=\"eig-popup\" title=\"\" data-caption=\"\" target=\"_blank\"><i class=\"icon-view\"><\/i><span class=\"overlay\"><\/span><img decoding=\"async\" width=\"150\" height=\"150\" src=\"https:\/\/zxdoll.com\/wp-content\/uploads\/2024\/09\/sex-doll-demos-oWo54e3-150x150.jpg\" class=\"attachment-thumbnail size-thumbnail\" alt=\"\" title=\"\"><\/a><\/li><li><a data-fancybox=\"gallery236\" href=\"https:\/\/zxdoll.com\/wp-content\/uploads\/2024\/09\/sex-doll-demos-oWo54e4-533x800.jpg\" class=\"eig-popup\" title=\"\" data-caption=\"\" target=\"_blank\"><i class=\"icon-view\"><\/i><span class=\"overlay\"><\/span><img loading=\"lazy\" decoding=\"async\" width=\"150\" height=\"150\" src=\"https:\/\/zxdoll.com\/wp-content\/uploads\/2024\/09\/sex-doll-demos-oWo54e4-150x150.jpg\" class=\"attachment-thumbnail size-thumbnail\" alt=\"\" title=\"\"><\/a><\/li><li><a data-fancybox=\"gallery236\" href=\"https:\/\/zxdoll.com\/wp-content\/uploads\/2024\/09\/sex-doll-demos-oWo54e5-533x800.jpg\" class=\"eig-popup\" title=\"\" data-caption=\"\" target=\"_blank\"><i class=\"icon-view\"><\/i><span class=\"overlay\"><\/span><img loading=\"lazy\" decoding=\"async\" width=\"150\" height=\"150\" src=\"https:\/\/zxdoll.com\/wp-content\/uploads\/2024\/09\/sex-doll-demos-oWo54e5-150x150.jpg\" class=\"attachment-thumbnail size-thumbnail\" alt=\"\" title=\"\"><\/a><\/li><li><a data-fancybox=\"gallery236\" href=\"https:\/\/zxdoll.com\/wp-content\/uploads\/2024\/09\/sex-doll-demos-oWo54e6-533x800.jpg\" class=\"eig-popup\" title=\"\" data-caption=\"\" target=\"_blank\"><i class=\"icon-view\"><\/i><span class=\"overlay\"><\/span><img loading=\"lazy\" decoding=\"async\" width=\"150\" height=\"150\" src=\"https:\/\/zxdoll.com\/wp-content\/uploads\/2024\/09\/sex-doll-demos-oWo54e6-150x150.jpg\" class=\"attachment-thumbnail size-thumbnail\" alt=\"\" title=\"\"><\/a><\/li><li><a data-fancybox=\"gallery236\" href=\"https:\/\/zxdoll.com\/wp-content\/uploads\/2024\/09\/sex-doll-demos-oWo54e7-533x800.jpg\" class=\"eig-popup\" title=\"\" data-caption=\"\" target=\"_blank\"><i class=\"icon-view\"><\/i><span class=\"overlay\"><\/span><img loading=\"lazy\" decoding=\"async\" width=\"150\" height=\"150\" src=\"https:\/\/zxdoll.com\/wp-content\/uploads\/2024\/09\/sex-doll-demos-oWo54e7-150x150.jpg\" class=\"attachment-thumbnail size-thumbnail\" alt=\"\" title=\"\"><\/a><\/li><li><a data-fancybox=\"gallery236\" href=\"https:\/\/zxdoll.com\/wp-content\/uploads\/2024\/09\/sex-doll-demos-oWo54e8-533x800.jpg\" class=\"eig-popup\" title=\"\" data-caption=\"\" target=\"_blank\"><i class=\"icon-view\"><\/i><span class=\"overlay\"><\/span><img loading=\"lazy\" decoding=\"async\" width=\"150\" height=\"150\" src=\"https:\/\/zxdoll.com\/wp-content\/uploads\/2024\/09\/sex-doll-demos-oWo54e8-150x150.jpg\" class=\"attachment-thumbnail size-thumbnail\" alt=\"\" title=\"\"><\/a><\/li><li><a data-fancybox=\"gallery236\" href=\"https:\/\/zxdoll.com\/wp-content\/uploads\/2024\/09\/sex-doll-demos-oWo54e9-1-533x800.jpg\" class=\"eig-popup\" title=\"\" data-caption=\"\" target=\"_blank\"><i class=\"icon-view\"><\/i><span class=\"overlay\"><\/span><img loading=\"lazy\" decoding=\"async\" width=\"150\" height=\"150\" src=\"https:\/\/zxdoll.com\/wp-content\/uploads\/2024\/09\/sex-doll-demos-oWo54e9-1-150x150.jpg\" class=\"attachment-thumbnail size-thumbnail\" alt=\"\" title=\"\"><\/a><\/li><li><a data-fancybox=\"gallery236\" href=\"https:\/\/zxdoll.com\/wp-content\/uploads\/2024\/09\/sex-doll-demos-oWo54e10-533x800.jpg\" class=\"eig-popup\" title=\"\" data-caption=\"\" target=\"_blank\"><i class=\"icon-view\"><\/i><span class=\"overlay\"><\/span><img loading=\"lazy\" decoding=\"async\" width=\"150\" height=\"150\" src=\"https:\/\/zxdoll.com\/wp-content\/uploads\/2024\/09\/sex-doll-demos-oWo54e10-150x150.jpg\" class=\"attachment-thumbnail size-thumbnail\" alt=\"\" title=\"\"><\/a><\/li><li><a data-fancybox=\"gallery236\" href=\"https:\/\/zxdoll.com\/wp-content\/uploads\/2024\/09\/sex-doll-demos-oWo54e11-533x800.jpg\" class=\"eig-popup\" title=\"\" data-caption=\"\" target=\"_blank\"><i class=\"icon-view\"><\/i><span class=\"overlay\"><\/span><img loading=\"lazy\" decoding=\"async\" width=\"150\" height=\"150\" src=\"https:\/\/zxdoll.com\/wp-content\/uploads\/2024\/09\/sex-doll-demos-oWo54e11-150x150.jpg\" class=\"attachment-thumbnail size-thumbnail\" alt=\"\" title=\"\"><\/a><\/li><li><a data-fancybox=\"gallery236\" href=\"https:\/\/zxdoll.com\/wp-content\/uploads\/2024\/09\/sex-doll-demos-oWo54e12-533x800.jpg\" class=\"eig-popup\" title=\"\" data-caption=\"\" target=\"_blank\"><i class=\"icon-view\"><\/i><span class=\"overlay\"><\/span><img loading=\"lazy\" decoding=\"async\" width=\"150\" height=\"150\" src=\"https:\/\/zxdoll.com\/wp-content\/uploads\/2024\/09\/sex-doll-demos-oWo54e12-150x150.jpg\" class=\"attachment-thumbnail size-thumbnail\" alt=\"\" title=\"\"><\/a><\/li><li><a data-fancybox=\"gallery236\" href=\"https:\/\/zxdoll.com\/wp-content\/uploads\/2024\/09\/sex-doll-demos-oWo54e13-533x800.jpg\" class=\"eig-popup\" title=\"\" data-caption=\"\" target=\"_blank\"><i class=\"icon-view\"><\/i><span class=\"overlay\"><\/span><img loading=\"lazy\" decoding=\"async\" width=\"150\" height=\"150\" src=\"https:\/\/zxdoll.com\/wp-content\/uploads\/2024\/09\/sex-doll-demos-oWo54e13-150x150.jpg\" class=\"attachment-thumbnail size-thumbnail\" alt=\"\" title=\"\"><\/a><\/li><li><a data-fancybox=\"gallery236\" href=\"https:\/\/zxdoll.com\/wp-content\/uploads\/2024\/09\/sex-doll-demos-oWo54e14-533x800.jpg\" class=\"eig-popup\" title=\"\" data-caption=\"\" target=\"_blank\"><i class=\"icon-view\"><\/i><span class=\"overlay\"><\/span><img loading=\"lazy\" decoding=\"async\" width=\"150\" height=\"150\" src=\"https:\/\/zxdoll.com\/wp-content\/uploads\/2024\/09\/sex-doll-demos-oWo54e14-150x150.jpg\" class=\"attachment-thumbnail size-thumbnail\" alt=\"\" title=\"\"><\/a><\/li><li><a data-fancybox=\"gallery236\" href=\"https:\/\/zxdoll.com\/wp-content\/uploads\/2024\/09\/sex-doll-demos-oWo54e15-533x800.jpg\" class=\"eig-popup\" title=\"\" data-caption=\"\" target=\"_blank\"><i class=\"icon-view\"><\/i><span class=\"overlay\"><\/span><img loading=\"lazy\" decoding=\"async\" width=\"150\" height=\"150\" src=\"https:\/\/zxdoll.com\/wp-content\/uploads\/2024\/09\/sex-doll-demos-oWo54e15-150x150.jpg\" class=\"attachment-thumbnail size-thumbnail\" alt=\"\" title=\"\"><\/a><\/li><li><a data-fancybox=\"gallery236\" href=\"https:\/\/zxdoll.com\/wp-content\/uploads\/2024\/09\/sex-doll-demos-oWo54e16-533x800.jpg\" class=\"eig-popup\" title=\"\" data-caption=\"\" target=\"_blank\"><i class=\"icon-view\"><\/i><span class=\"overlay\"><\/span><img loading=\"lazy\" decoding=\"async\" width=\"150\" height=\"150\" src=\"https:\/\/zxdoll.com\/wp-content\/uploads\/2024\/09\/sex-doll-demos-oWo54e16-150x150.jpg\" class=\"attachment-thumbnail size-thumbnail\" alt=\"\" title=\"\"><\/a><\/li><li><a data-fancybox=\"gallery236\" href=\"https:\/\/zxdoll.com\/wp-content\/uploads\/2024\/09\/sex-doll-demos-oWo54e17-533x800.jpg\" class=\"eig-popup\" title=\"\" data-caption=\"\" target=\"_blank\"><i class=\"icon-view\"><\/i><span class=\"overlay\"><\/span><img loading=\"lazy\" decoding=\"async\" width=\"150\" height=\"150\" src=\"https:\/\/zxdoll.com\/wp-content\/uploads\/2024\/09\/sex-doll-demos-oWo54e17-150x150.jpg\" class=\"attachment-thumbnail size-thumbnail\" alt=\"\" title=\"\"><\/a><\/li><li><a data-fancybox=\"gallery236\" href=\"https:\/\/zxdoll.com\/wp-content\/uploads\/2024\/09\/sex-doll-demos-oWo54e18-533x800.jpg\" class=\"eig-popup\" title=\"\" data-caption=\"\" target=\"_blank\"><i class=\"icon-view\"><\/i><span class=\"overlay\"><\/span><img loading=\"lazy\" decoding=\"async\" width=\"150\" height=\"150\" src=\"https:\/\/zxdoll.com\/wp-content\/uploads\/2024\/09\/sex-doll-demos-oWo54e18-150x150.jpg\" class=\"attachment-thumbnail size-thumbnail\" alt=\"\" title=\"\"><\/a><\/li><li><a data-fancybox=\"gallery236\" href=\"https:\/\/zxdoll.com\/wp-content\/uploads\/2024\/09\/sex-doll-demos-oWo54e19-533x800.jpg\" class=\"eig-popup\" title=\"\" data-caption=\"\" target=\"_blank\"><i class=\"icon-view\"><\/i><span class=\"overlay\"><\/span><img loading=\"lazy\" decoding=\"async\" width=\"150\" height=\"150\" src=\"https:\/\/zxdoll.com\/wp-content\/uploads\/2024\/09\/sex-doll-demos-oWo54e19-150x150.jpg\" class=\"attachment-thumbnail size-thumbnail\" alt=\"\" title=\"\"><\/a><\/li><li><a data-fancybox=\"gallery236\" href=\"https:\/\/zxdoll.com\/wp-content\/uploads\/2024\/09\/sex-doll-demos-oWo54e20-533x800.jpg\" class=\"eig-popup\" title=\"\" data-caption=\"\" target=\"_blank\"><i class=\"icon-view\"><\/i><span class=\"overlay\"><\/span><img loading=\"lazy\" decoding=\"async\" width=\"150\" height=\"150\" src=\"https:\/\/zxdoll.com\/wp-content\/uploads\/2024\/09\/sex-doll-demos-oWo54e20-150x150.jpg\" class=\"attachment-thumbnail size-thumbnail\" alt=\"\" title=\"\"><\/a><\/li><li><a data-fancybox=\"gallery236\" href=\"https:\/\/zxdoll.com\/wp-content\/uploads\/2024\/09\/sex-doll-demos-oWo54e21-533x800.jpg\" class=\"eig-popup\" title=\"\" data-caption=\"\" target=\"_blank\"><i class=\"icon-view\"><\/i><span class=\"overlay\"><\/span><img loading=\"lazy\" decoding=\"async\" width=\"150\" height=\"150\" src=\"https:\/\/zxdoll.com\/wp-content\/uploads\/2024\/09\/sex-doll-demos-oWo54e21-150x150.jpg\" class=\"attachment-thumbnail size-thumbnail\" alt=\"\" title=\"\"><\/a><\/li><li><a data-fancybox=\"gallery236\" href=\"https:\/\/zxdoll.com\/wp-content\/uploads\/2024\/09\/sex-doll-demos-oWo54e22-533x800.jpg\" class=\"eig-popup\" title=\"\" data-caption=\"\" target=\"_blank\"><i class=\"icon-view\"><\/i><span class=\"overlay\"><\/span><img loading=\"lazy\" decoding=\"async\" width=\"150\" height=\"150\" src=\"https:\/\/zxdoll.com\/wp-content\/uploads\/2024\/09\/sex-doll-demos-oWo54e22-150x150.jpg\" class=\"attachment-thumbnail size-thumbnail\" alt=\"\" title=\"\"><\/a><\/li><li><a data-fancybox=\"gallery236\" href=\"https:\/\/zxdoll.com\/wp-content\/uploads\/2024\/09\/sex-doll-demos-oWo54e23-533x800.jpg\" class=\"eig-popup\" title=\"\" data-caption=\"\" target=\"_blank\"><i class=\"icon-view\"><\/i><span class=\"overlay\"><\/span><img loading=\"lazy\" decoding=\"async\" width=\"150\" height=\"150\" src=\"https:\/\/zxdoll.com\/wp-content\/uploads\/2024\/09\/sex-doll-demos-oWo54e23-150x150.jpg\" class=\"attachment-thumbnail size-thumbnail\" alt=\"\" title=\"\"><\/a><\/li><li><a data-fancybox=\"gallery236\" href=\"https:\/\/zxdoll.com\/wp-content\/uploads\/2024\/09\/sex-doll-demos-oWo54e24-533x800.jpg\" class=\"eig-popup\" title=\"\" data-caption=\"\" target=\"_blank\"><i class=\"icon-view\"><\/i><span class=\"overlay\"><\/span><img loading=\"lazy\" decoding=\"async\" width=\"150\" height=\"150\" src=\"https:\/\/zxdoll.com\/wp-content\/uploads\/2024\/09\/sex-doll-demos-oWo54e24-150x150.jpg\" class=\"attachment-thumbnail size-thumbnail\" alt=\"\" title=\"\"><\/a><\/li><li><a data-fancybox=\"gallery236\" href=\"https:\/\/zxdoll.com\/wp-content\/uploads\/2024\/09\/sex-doll-demos-oWo54e25-533x800.jpg\" class=\"eig-popup\" title=\"\" data-caption=\"\" target=\"_blank\"><i class=\"icon-view\"><\/i><span class=\"overlay\"><\/span><img loading=\"lazy\" decoding=\"async\" width=\"150\" height=\"150\" src=\"https:\/\/zxdoll.com\/wp-content\/uploads\/2024\/09\/sex-doll-demos-oWo54e25-150x150.jpg\" class=\"attachment-thumbnail size-thumbnail\" alt=\"\" title=\"\"><\/a><\/li><\/ul>\n<h4>M\u00e9rett\u00e1bl\u00e1zatok<\/h4>\n<table width=\"333\">\n<tbody>\n<tr>\n<td width=\"145\">Anyag<\/td>\n<td width=\"188\">TPE<\/td>\n<\/tr>\n<tr>\n<td>Magass\u00e1g<\/td>\n<td>157cm C cup<\/td>\n<\/tr>\n<tr>\n<td width=\"145\">Mellb\u0151s\u00e9g<\/td>\n<td>75 cm<\/td>\n<\/tr>\n<tr>\n<td width=\"145\">Mell alatt<\/td>\n<td>60 cm<\/td>\n<\/tr>\n<tr>\n<td width=\"145\">Der\u00e9k<\/td>\n<td>53 cm<\/td>\n<\/tr>\n<tr>\n<td width=\"145\">Cs\u00edp\u0151<\/td>\n<td>97 cm<\/td>\n<\/tr>\n<tr>\n<td width=\"145\">H\u00fcvelym\u00e9lys\u00e9g<\/td>\n<td>18 cm<\/td>\n<\/tr>\n<tr>\n<td width=\"145\">Or\u00e1lis m\u00e9lys\u00e9g<\/td>\n<td>13 cm<\/td>\n<\/tr>\n<tr>\n<td width=\"145\">An\u00e1lis m\u00e9lys\u00e9g<\/td>\n<td>16 cm<\/td>\n<\/tr>\n<tr>\n<td width=\"145\">Nett\u00f3 t\u00f6meg<\/td>\n<td>40 kg<\/td>\n<\/tr>\n<\/tbody>\n<\/table>\n<h4>A szexbab\u00e1r\u00f3l<\/h4>\n<p>&nbsp;<\/p>","protected":false},"excerpt":{"rendered":"<p>Szexbaba k\u00e9pek M\u00e9rett\u00e1bl\u00e1zatok Anyag TPE Magass\u00e1g 157cm C-kos\u00e1r Mellb\u0151s\u00e9g 75cm Mell alatti r\u00e9sz 60cm Der\u00e9k 53cm Cs\u00edp\u0151 97cm H\u00fcvelyi m\u00e9ret<\/p>","protected":false},"featured_media":181712,"comment_status":"open","ping_status":"closed","template":"","meta":[],"product_brand":[],"product_cat":[234,112,230,80,172,107,117,119],"product_tag":[],"class_list":{"0":"post-181645","1":"product","2":"type-product","3":"status-publish","4":"has-post-thumbnail","6":"product_cat-234","7":"product_cat-150cm-159cm-sex-dolls","8":"product_cat-36kg-40kg","9":"product_cat-asian-sex-doll","10":"product_cat-cute-sex-dolls","11":"product_cat-skinny-sex-dolls","12":"product_cat-small-breast-sex-doll","13":"product_cat-tpe-sex-doll","14":"pa_brand-funwest-doll","15":"tm-has-options","17":"first","18":"instock","19":"sale","20":"shipping-taxable","21":"purchasable","22":"product-type-simple"},"_links":{"self":[{"href":"https:\/\/zxdoll.com\/hu\/wp-json\/wp\/v2\/product\/181645","targetHints":{"allow":["GET"]}}],"collection":[{"href":"https:\/\/zxdoll.com\/hu\/wp-json\/wp\/v2\/product"}],"about":[{"href":"https:\/\/zxdoll.com\/hu\/wp-json\/wp\/v2\/types\/product"}],"replies":[{"embeddable":true,"href":"https:\/\/zxdoll.com\/hu\/wp-json\/wp\/v2\/comments?post=181645"}],"version-history":[{"count":1,"href":"https:\/\/zxdoll.com\/hu\/wp-json\/wp\/v2\/product\/181645\/revisions"}],"predecessor-version":[{"id":181753,"href":"https:\/\/zxdoll.com\/hu\/wp-json\/wp\/v2\/product\/181645\/revisions\/181753"}],"wp:featuredmedia":[{"embeddable":true,"href":"https:\/\/zxdoll.com\/hu\/wp-json\/wp\/v2\/media\/181712"}],"wp:attachment":[{"href":"https:\/\/zxdoll.com\/hu\/wp-json\/wp\/v2\/media?parent=181645"}],"wp:term":[{"taxonomy":"product_brand","embeddable":true,"href":"https:\/\/zxdoll.com\/hu\/wp-json\/wp\/v2\/product_brand?post=181645"},{"taxonomy":"product_cat","embeddable":true,"href":"https:\/\/zxdoll.com\/hu\/wp-json\/wp\/v2\/product_cat?post=181645"},{"taxonomy":"product_tag","embeddable":true,"href":"https:\/\/zxdoll.com\/hu\/wp-json\/wp\/v2\/product_tag?post=181645"}],"curies":[{"name":"wp","href":"https:\/\/api.w.org\/{rel}","templated":true}]}}