{"id":18020,"date":"2023-03-02T04:29:31","date_gmt":"2023-03-01T20:29:31","guid":{"rendered":"https:\/\/zxdoll.com\/?post_type=product&#038;p=18020"},"modified":"2025-09-17T01:23:46","modified_gmt":"2025-09-16T17:23:46","slug":"petite-life-size-small-butt-skinny-love-doll","status":"publish","type":"product","link":"https:\/\/zxdoll.com\/hu\/product\/petite-life-size-small-butt-skinny-love-doll\/","title":{"rendered":"Petite Life Size Small Butt Skinny Love Doll teheraut\u00f3 170cm"},"content":{"rendered":"<h4><strong>Szexbaba k\u00e9pek<\/strong><\/h4>\n\t                <ul class=\"easy-image-gallery thumbnails-28 linked\">\r\n                    <li><a data-fancybox=\"gallery770\" href=\"https:\/\/zxdoll.com\/wp-content\/uploads\/2023\/03\/3-lovedolls-s4x1-533x800.jpg\" class=\"eig-popup\" title=\"\" data-caption=\"\" target=\"_blank\"><i class=\"icon-view\"><\/i><span class=\"overlay\"><\/span><img decoding=\"async\" width=\"150\" height=\"150\" src=\"https:\/\/zxdoll.com\/wp-content\/uploads\/2023\/03\/3-lovedolls-s4x1-150x150.jpg\" class=\"attachment-thumbnail size-thumbnail\" alt=\"\" title=\"\"><\/a><\/li><li><a data-fancybox=\"gallery770\" href=\"https:\/\/zxdoll.com\/wp-content\/uploads\/2023\/03\/3-lovedolls-s4x2-533x800.jpg\" class=\"eig-popup\" title=\"\" data-caption=\"\" target=\"_blank\"><i class=\"icon-view\"><\/i><span class=\"overlay\"><\/span><img decoding=\"async\" width=\"150\" height=\"150\" src=\"https:\/\/zxdoll.com\/wp-content\/uploads\/2023\/03\/3-lovedolls-s4x2-150x150.jpg\" class=\"attachment-thumbnail size-thumbnail\" alt=\"\" title=\"\"><\/a><\/li><li><a data-fancybox=\"gallery770\" href=\"https:\/\/zxdoll.com\/wp-content\/uploads\/2023\/03\/3-lovedolls-s4x4-1-533x800.jpg\" class=\"eig-popup\" title=\"\" data-caption=\"\" target=\"_blank\"><i class=\"icon-view\"><\/i><span class=\"overlay\"><\/span><img decoding=\"async\" width=\"150\" height=\"150\" src=\"https:\/\/zxdoll.com\/wp-content\/uploads\/2023\/03\/3-lovedolls-s4x4-1-150x150.jpg\" class=\"attachment-thumbnail size-thumbnail\" alt=\"\" title=\"\"><\/a><\/li><li><a data-fancybox=\"gallery770\" href=\"https:\/\/zxdoll.com\/wp-content\/uploads\/2023\/03\/3-lovedolls-s4x5-533x800.jpg\" class=\"eig-popup\" title=\"\" data-caption=\"\" target=\"_blank\"><i class=\"icon-view\"><\/i><span class=\"overlay\"><\/span><img loading=\"lazy\" decoding=\"async\" width=\"150\" height=\"150\" src=\"https:\/\/zxdoll.com\/wp-content\/uploads\/2023\/03\/3-lovedolls-s4x5-150x150.jpg\" class=\"attachment-thumbnail size-thumbnail\" alt=\"\" title=\"\"><\/a><\/li><li><a data-fancybox=\"gallery770\" href=\"https:\/\/zxdoll.com\/wp-content\/uploads\/2023\/03\/3-lovedolls-s4x7-533x800.jpg\" class=\"eig-popup\" title=\"\" data-caption=\"\" target=\"_blank\"><i class=\"icon-view\"><\/i><span class=\"overlay\"><\/span><img loading=\"lazy\" decoding=\"async\" width=\"150\" height=\"150\" src=\"https:\/\/zxdoll.com\/wp-content\/uploads\/2023\/03\/3-lovedolls-s4x7-150x150.jpg\" class=\"attachment-thumbnail size-thumbnail\" alt=\"\" title=\"\"><\/a><\/li><li><a data-fancybox=\"gallery770\" href=\"https:\/\/zxdoll.com\/wp-content\/uploads\/2023\/03\/3-lovedolls-s4x8-533x800.jpg\" class=\"eig-popup\" title=\"\" data-caption=\"\" target=\"_blank\"><i class=\"icon-view\"><\/i><span class=\"overlay\"><\/span><img loading=\"lazy\" decoding=\"async\" width=\"150\" height=\"150\" src=\"https:\/\/zxdoll.com\/wp-content\/uploads\/2023\/03\/3-lovedolls-s4x8-150x150.jpg\" class=\"attachment-thumbnail size-thumbnail\" alt=\"\" title=\"\"><\/a><\/li><li><a data-fancybox=\"gallery770\" href=\"https:\/\/zxdoll.com\/wp-content\/uploads\/2023\/03\/3-lovedolls-s4x9-533x800.jpg\" class=\"eig-popup\" title=\"\" data-caption=\"\" target=\"_blank\"><i class=\"icon-view\"><\/i><span class=\"overlay\"><\/span><img loading=\"lazy\" decoding=\"async\" width=\"150\" height=\"150\" src=\"https:\/\/zxdoll.com\/wp-content\/uploads\/2023\/03\/3-lovedolls-s4x9-150x150.jpg\" class=\"attachment-thumbnail size-thumbnail\" alt=\"\" title=\"\"><\/a><\/li><li><a data-fancybox=\"gallery770\" href=\"https:\/\/zxdoll.com\/wp-content\/uploads\/2023\/03\/3-lovedolls-s4x10-533x800.jpg\" class=\"eig-popup\" title=\"\" data-caption=\"\" target=\"_blank\"><i class=\"icon-view\"><\/i><span class=\"overlay\"><\/span><img loading=\"lazy\" decoding=\"async\" width=\"150\" height=\"150\" src=\"https:\/\/zxdoll.com\/wp-content\/uploads\/2023\/03\/3-lovedolls-s4x10-150x150.jpg\" class=\"attachment-thumbnail size-thumbnail\" alt=\"\" title=\"\"><\/a><\/li><li><a data-fancybox=\"gallery770\" href=\"https:\/\/zxdoll.com\/wp-content\/uploads\/2023\/03\/3-lovedolls-s4x11-533x800.jpg\" class=\"eig-popup\" title=\"\" data-caption=\"\" target=\"_blank\"><i class=\"icon-view\"><\/i><span class=\"overlay\"><\/span><img loading=\"lazy\" decoding=\"async\" width=\"150\" height=\"150\" src=\"https:\/\/zxdoll.com\/wp-content\/uploads\/2023\/03\/3-lovedolls-s4x11-150x150.jpg\" class=\"attachment-thumbnail size-thumbnail\" alt=\"\" title=\"\"><\/a><\/li><li><a data-fancybox=\"gallery770\" href=\"https:\/\/zxdoll.com\/wp-content\/uploads\/2023\/03\/3-lovedolls-s4x12-533x800.jpg\" class=\"eig-popup\" title=\"\" data-caption=\"\" target=\"_blank\"><i class=\"icon-view\"><\/i><span class=\"overlay\"><\/span><img loading=\"lazy\" decoding=\"async\" width=\"150\" height=\"150\" src=\"https:\/\/zxdoll.com\/wp-content\/uploads\/2023\/03\/3-lovedolls-s4x12-150x150.jpg\" class=\"attachment-thumbnail size-thumbnail\" alt=\"\" title=\"\"><\/a><\/li><li><a data-fancybox=\"gallery770\" href=\"https:\/\/zxdoll.com\/wp-content\/uploads\/2023\/03\/3-lovedolls-s4x13-533x800.jpg\" class=\"eig-popup\" title=\"\" data-caption=\"\" target=\"_blank\"><i class=\"icon-view\"><\/i><span class=\"overlay\"><\/span><img loading=\"lazy\" decoding=\"async\" width=\"150\" height=\"150\" src=\"https:\/\/zxdoll.com\/wp-content\/uploads\/2023\/03\/3-lovedolls-s4x13-150x150.jpg\" class=\"attachment-thumbnail size-thumbnail\" alt=\"\" title=\"\"><\/a><\/li><li><a data-fancybox=\"gallery770\" href=\"https:\/\/zxdoll.com\/wp-content\/uploads\/2023\/03\/3-lovedolls-s4x14-533x800.jpg\" class=\"eig-popup\" title=\"\" data-caption=\"\" target=\"_blank\"><i class=\"icon-view\"><\/i><span class=\"overlay\"><\/span><img loading=\"lazy\" decoding=\"async\" width=\"150\" height=\"150\" src=\"https:\/\/zxdoll.com\/wp-content\/uploads\/2023\/03\/3-lovedolls-s4x14-150x150.jpg\" class=\"attachment-thumbnail size-thumbnail\" alt=\"\" title=\"\"><\/a><\/li><li><a data-fancybox=\"gallery770\" href=\"https:\/\/zxdoll.com\/wp-content\/uploads\/2023\/03\/3-lovedolls-s4x15-533x800.jpg\" class=\"eig-popup\" title=\"\" data-caption=\"\" target=\"_blank\"><i class=\"icon-view\"><\/i><span class=\"overlay\"><\/span><img loading=\"lazy\" decoding=\"async\" width=\"150\" height=\"150\" src=\"https:\/\/zxdoll.com\/wp-content\/uploads\/2023\/03\/3-lovedolls-s4x15-150x150.jpg\" class=\"attachment-thumbnail size-thumbnail\" alt=\"\" title=\"\"><\/a><\/li><li><a data-fancybox=\"gallery770\" href=\"https:\/\/zxdoll.com\/wp-content\/uploads\/2023\/03\/3-lovedolls-s4x16-533x800.jpg\" class=\"eig-popup\" title=\"\" data-caption=\"\" target=\"_blank\"><i class=\"icon-view\"><\/i><span class=\"overlay\"><\/span><img loading=\"lazy\" decoding=\"async\" width=\"150\" height=\"150\" src=\"https:\/\/zxdoll.com\/wp-content\/uploads\/2023\/03\/3-lovedolls-s4x16-150x150.jpg\" class=\"attachment-thumbnail size-thumbnail\" alt=\"\" title=\"\"><\/a><\/li><li><a data-fancybox=\"gallery770\" href=\"https:\/\/zxdoll.com\/wp-content\/uploads\/2023\/03\/3-lovedolls-s4x17-533x800.jpg\" class=\"eig-popup\" title=\"\" data-caption=\"\" target=\"_blank\"><i class=\"icon-view\"><\/i><span class=\"overlay\"><\/span><img loading=\"lazy\" decoding=\"async\" width=\"150\" height=\"150\" src=\"https:\/\/zxdoll.com\/wp-content\/uploads\/2023\/03\/3-lovedolls-s4x17-150x150.jpg\" class=\"attachment-thumbnail size-thumbnail\" alt=\"\" title=\"\"><\/a><\/li><li><a data-fancybox=\"gallery770\" href=\"https:\/\/zxdoll.com\/wp-content\/uploads\/2023\/03\/3-lovedolls-s4x18-533x800.jpg\" class=\"eig-popup\" title=\"\" data-caption=\"\" target=\"_blank\"><i class=\"icon-view\"><\/i><span class=\"overlay\"><\/span><img loading=\"lazy\" decoding=\"async\" width=\"150\" height=\"150\" src=\"https:\/\/zxdoll.com\/wp-content\/uploads\/2023\/03\/3-lovedolls-s4x18-150x150.jpg\" class=\"attachment-thumbnail size-thumbnail\" alt=\"\" title=\"\"><\/a><\/li><li><a data-fancybox=\"gallery770\" href=\"https:\/\/zxdoll.com\/wp-content\/uploads\/2023\/03\/3-lovedolls-s4x19-533x800.jpg\" class=\"eig-popup\" title=\"\" data-caption=\"\" target=\"_blank\"><i class=\"icon-view\"><\/i><span class=\"overlay\"><\/span><img loading=\"lazy\" decoding=\"async\" width=\"150\" height=\"150\" src=\"https:\/\/zxdoll.com\/wp-content\/uploads\/2023\/03\/3-lovedolls-s4x19-150x150.jpg\" class=\"attachment-thumbnail size-thumbnail\" alt=\"\" title=\"\"><\/a><\/li><li><a data-fancybox=\"gallery770\" href=\"https:\/\/zxdoll.com\/wp-content\/uploads\/2023\/03\/3-lovedolls-s4x20-533x800.jpg\" class=\"eig-popup\" title=\"\" data-caption=\"\" target=\"_blank\"><i class=\"icon-view\"><\/i><span class=\"overlay\"><\/span><img loading=\"lazy\" decoding=\"async\" width=\"150\" height=\"150\" src=\"https:\/\/zxdoll.com\/wp-content\/uploads\/2023\/03\/3-lovedolls-s4x20-150x150.jpg\" class=\"attachment-thumbnail size-thumbnail\" alt=\"\" title=\"\"><\/a><\/li><li><a data-fancybox=\"gallery770\" href=\"https:\/\/zxdoll.com\/wp-content\/uploads\/2023\/03\/3-lovedolls-s4x21-533x800.jpg\" class=\"eig-popup\" title=\"\" data-caption=\"\" target=\"_blank\"><i class=\"icon-view\"><\/i><span class=\"overlay\"><\/span><img loading=\"lazy\" decoding=\"async\" width=\"150\" height=\"150\" src=\"https:\/\/zxdoll.com\/wp-content\/uploads\/2023\/03\/3-lovedolls-s4x21-150x150.jpg\" class=\"attachment-thumbnail size-thumbnail\" alt=\"\" title=\"\"><\/a><\/li><li><a data-fancybox=\"gallery770\" href=\"https:\/\/zxdoll.com\/wp-content\/uploads\/2023\/03\/3-lovedolls-s4x23-533x800.jpg\" class=\"eig-popup\" title=\"\" data-caption=\"\" target=\"_blank\"><i class=\"icon-view\"><\/i><span class=\"overlay\"><\/span><img loading=\"lazy\" decoding=\"async\" width=\"150\" height=\"150\" src=\"https:\/\/zxdoll.com\/wp-content\/uploads\/2023\/03\/3-lovedolls-s4x23-150x150.jpg\" class=\"attachment-thumbnail size-thumbnail\" alt=\"\" title=\"\"><\/a><\/li><li><a data-fancybox=\"gallery770\" href=\"https:\/\/zxdoll.com\/wp-content\/uploads\/2023\/03\/3-lovedolls-s4x24-533x800.jpg\" class=\"eig-popup\" title=\"\" data-caption=\"\" target=\"_blank\"><i class=\"icon-view\"><\/i><span class=\"overlay\"><\/span><img loading=\"lazy\" decoding=\"async\" width=\"150\" height=\"150\" src=\"https:\/\/zxdoll.com\/wp-content\/uploads\/2023\/03\/3-lovedolls-s4x24-150x150.jpg\" class=\"attachment-thumbnail size-thumbnail\" alt=\"\" title=\"\"><\/a><\/li><li><a data-fancybox=\"gallery770\" href=\"https:\/\/zxdoll.com\/wp-content\/uploads\/2023\/03\/3-lovedolls-s4x25-533x800.jpg\" class=\"eig-popup\" title=\"\" data-caption=\"\" target=\"_blank\"><i class=\"icon-view\"><\/i><span class=\"overlay\"><\/span><img loading=\"lazy\" decoding=\"async\" width=\"150\" height=\"150\" src=\"https:\/\/zxdoll.com\/wp-content\/uploads\/2023\/03\/3-lovedolls-s4x25-150x150.jpg\" class=\"attachment-thumbnail size-thumbnail\" alt=\"\" title=\"\"><\/a><\/li><li><a data-fancybox=\"gallery770\" href=\"https:\/\/zxdoll.com\/wp-content\/uploads\/2023\/03\/3-lovedolls-s4x26-533x800.jpg\" class=\"eig-popup\" title=\"\" data-caption=\"\" target=\"_blank\"><i class=\"icon-view\"><\/i><span class=\"overlay\"><\/span><img loading=\"lazy\" decoding=\"async\" width=\"150\" height=\"150\" src=\"https:\/\/zxdoll.com\/wp-content\/uploads\/2023\/03\/3-lovedolls-s4x26-150x150.jpg\" class=\"attachment-thumbnail size-thumbnail\" alt=\"\" title=\"\"><\/a><\/li><li><a data-fancybox=\"gallery770\" href=\"https:\/\/zxdoll.com\/wp-content\/uploads\/2023\/03\/3-lovedolls-s4x28-533x800.jpg\" class=\"eig-popup\" title=\"\" data-caption=\"\" target=\"_blank\"><i class=\"icon-view\"><\/i><span class=\"overlay\"><\/span><img loading=\"lazy\" decoding=\"async\" width=\"150\" height=\"150\" src=\"https:\/\/zxdoll.com\/wp-content\/uploads\/2023\/03\/3-lovedolls-s4x28-150x150.jpg\" class=\"attachment-thumbnail size-thumbnail\" alt=\"\" title=\"\"><\/a><\/li><li><a data-fancybox=\"gallery770\" href=\"https:\/\/zxdoll.com\/wp-content\/uploads\/2023\/03\/3-lovedolls-s4x32-800x800.jpg\" class=\"eig-popup\" title=\"\" data-caption=\"\" target=\"_blank\"><i class=\"icon-view\"><\/i><span class=\"overlay\"><\/span><img loading=\"lazy\" decoding=\"async\" width=\"150\" height=\"150\" src=\"https:\/\/zxdoll.com\/wp-content\/uploads\/2023\/03\/3-lovedolls-s4x32-150x150.jpg\" class=\"attachment-thumbnail size-thumbnail\" alt=\"\" srcset=\"https:\/\/zxdoll.com\/wp-content\/uploads\/2023\/03\/3-lovedolls-s4x32-150x150.jpg 150w, https:\/\/zxdoll.com\/wp-content\/uploads\/2023\/03\/3-lovedolls-s4x32-300x300.jpg 300w, https:\/\/zxdoll.com\/wp-content\/uploads\/2023\/03\/3-lovedolls-s4x32-800x800.jpg 800w, https:\/\/zxdoll.com\/wp-content\/uploads\/2023\/03\/3-lovedolls-s4x32-768x768.jpg 768w, https:\/\/zxdoll.com\/wp-content\/uploads\/2023\/03\/3-lovedolls-s4x32-12x12.jpg 12w, https:\/\/zxdoll.com\/wp-content\/uploads\/2023\/03\/3-lovedolls-s4x32-860x860.jpg 860w, https:\/\/zxdoll.com\/wp-content\/uploads\/2023\/03\/3-lovedolls-s4x32-430x430.jpg 430w, https:\/\/zxdoll.com\/wp-content\/uploads\/2023\/03\/3-lovedolls-s4x32-700x700.jpg 700w, https:\/\/zxdoll.com\/wp-content\/uploads\/2023\/03\/3-lovedolls-s4x32.jpg 900w\" sizes=\"(max-width: 150px) 100vw, 150px\" title=\"\"><\/a><\/li><li><a data-fancybox=\"gallery770\" href=\"https:\/\/zxdoll.com\/wp-content\/uploads\/2023\/03\/3-lovedolls-s4x33.jpg\" class=\"eig-popup\" title=\"\" data-caption=\"\" target=\"_blank\"><i class=\"icon-view\"><\/i><span class=\"overlay\"><\/span><img loading=\"lazy\" decoding=\"async\" width=\"150\" height=\"150\" src=\"https:\/\/zxdoll.com\/wp-content\/uploads\/2023\/03\/3-lovedolls-s4x33-150x150.jpg\" class=\"attachment-thumbnail size-thumbnail\" alt=\"\" title=\"\"><\/a><\/li><li><a data-fancybox=\"gallery770\" href=\"https:\/\/zxdoll.com\/wp-content\/uploads\/2023\/03\/3-lovedolls-s4x34-800x800.jpg\" class=\"eig-popup\" title=\"\" data-caption=\"\" target=\"_blank\"><i class=\"icon-view\"><\/i><span class=\"overlay\"><\/span><img loading=\"lazy\" decoding=\"async\" width=\"150\" height=\"150\" src=\"https:\/\/zxdoll.com\/wp-content\/uploads\/2023\/03\/3-lovedolls-s4x34-150x150.jpg\" class=\"attachment-thumbnail size-thumbnail\" alt=\"\" srcset=\"https:\/\/zxdoll.com\/wp-content\/uploads\/2023\/03\/3-lovedolls-s4x34-150x150.jpg 150w, https:\/\/zxdoll.com\/wp-content\/uploads\/2023\/03\/3-lovedolls-s4x34-300x300.jpg 300w, https:\/\/zxdoll.com\/wp-content\/uploads\/2023\/03\/3-lovedolls-s4x34-800x800.jpg 800w, https:\/\/zxdoll.com\/wp-content\/uploads\/2023\/03\/3-lovedolls-s4x34-768x768.jpg 768w, https:\/\/zxdoll.com\/wp-content\/uploads\/2023\/03\/3-lovedolls-s4x34-12x12.jpg 12w, https:\/\/zxdoll.com\/wp-content\/uploads\/2023\/03\/3-lovedolls-s4x34-860x860.jpg 860w, https:\/\/zxdoll.com\/wp-content\/uploads\/2023\/03\/3-lovedolls-s4x34-430x430.jpg 430w, https:\/\/zxdoll.com\/wp-content\/uploads\/2023\/03\/3-lovedolls-s4x34-700x700.jpg 700w, https:\/\/zxdoll.com\/wp-content\/uploads\/2023\/03\/3-lovedolls-s4x34.jpg 900w\" sizes=\"(max-width: 150px) 100vw, 150px\" title=\"\"><\/a><\/li><li><a data-fancybox=\"gallery770\" href=\"https:\/\/zxdoll.com\/wp-content\/uploads\/2023\/03\/3-lovedolls-s4x35-533x800.jpg\" class=\"eig-popup\" title=\"\" data-caption=\"\" target=\"_blank\"><i class=\"icon-view\"><\/i><span class=\"overlay\"><\/span><img loading=\"lazy\" decoding=\"async\" width=\"150\" height=\"150\" src=\"https:\/\/zxdoll.com\/wp-content\/uploads\/2023\/03\/3-lovedolls-s4x35-150x150.jpg\" class=\"attachment-thumbnail size-thumbnail\" alt=\"\" title=\"\"><\/a><\/li><\/ul>\n<h4>M\u00e9rett\u00e1bl\u00e1zatok<\/h4>\n<table width=\"269\">\n<tbody>\n<tr>\n<td width=\"130\">Magass\u00e1g<\/td>\n<td width=\"139\">170 cm<\/td>\n<\/tr>\n<tr>\n<td>Mell<\/td>\n<td>77 cm<\/td>\n<\/tr>\n<tr>\n<td>Der\u00e9k<\/td>\n<td>52 cm<\/td>\n<\/tr>\n<tr>\n<td>Cs\u00edp\u0151<\/td>\n<td>85 cm<\/td>\n<\/tr>\n<tr>\n<td>V\u00e1ll<\/td>\n<td>33 cm<\/td>\n<\/tr>\n<tr>\n<td>Kar hossz\u00fas\u00e1g<\/td>\n<td>62 cm<\/td>\n<\/tr>\n<tr>\n<td>L\u00e1bhossz<\/td>\n<td>20 cm<\/td>\n<\/tr>\n<tr>\n<td>Nett\u00f3 t\u00f6meg<\/td>\n<td>35 kg<\/td>\n<\/tr>\n<tr>\n<td>Or\u00e1lis m\u00e9lys\u00e9g<\/td>\n<td>13 cm<\/td>\n<\/tr>\n<tr>\n<td>H\u00fcvelym\u00e9lys\u00e9g<\/td>\n<td>17 cm<\/td>\n<\/tr>\n<tr>\n<td>An\u00e1lis m\u00e9lys\u00e9g<\/td>\n<td>16 cm<\/td>\n<\/tr>\n<\/tbody>\n<\/table>\n<h4>A szexbab\u00e1r\u00f3l<\/h4>\n<p>Amikor el\u0151sz\u00f6r megl\u00e1ttam ezt a v\u00e9kony szexbab\u00e1t, annyira meglep\u0151dtem. Olyan vastag \u00e9s val\u00f3s\u00e1gh\u0171 volt, hogy el sem hittem, hogy nem egy igazi n\u0151. De biztos, hogy igazi n\u0151nek \u00e9rezte mag\u00e1t. Ez a v\u00e9kony szerelmes baba teste \u00e9letnagys\u00e1g\u00fa volt, \u00e9s nagyon val\u00f3s\u00e1gh\u0171 volt. Amikor meg\u00e9rinted, \u00e9rezni lehetett a b\u0151re puhas\u00e1g\u00e1t. Volt egy kis feneke, \u00e9s a szexbaba vastag combjai olyan vastagok \u00e9s l\u00e9d\u00fasak voltak, hogy alig akartam meg\u00e9rinteni \u0151ket. A melle olyan nagy volt \u00e9s telt, hogy \u00fagy t\u0171nt, mintha m\u00e1rv\u00e1nyb\u00f3l faragt\u00e1k volna.<\/p>\n<p>Ha egy kicsi szerelmes bab\u00e1t keresel, ez neked val\u00f3. A vastag szerelmes baba kellemes l\u00e1tv\u00e1ny. \u00c9letszer\u0171 szexbaba jellemz\u0151kkel is rendelkezik. A bab\u00e1k gy\u00e1rt\u00e1si folyamata biztos\u00edtja, hogy a gy\u00e1rt\u00e1s sor\u00e1n magas sz\u00ednvonalat tartsanak fenn. A fogyaszt\u00f3k a legjobb term\u00e9ket kapj\u00e1k. Az \u00e9letnagys\u00e1g\u00fa szexbab\u00e1k pr\u00e9mium anyagokb\u00f3l k\u00e9sz\u00fclnek. Ez egy mesters\u00e9ges intelligenci\u00e1val rendelkez\u0151 szexbaba. Valamilyen m\u00f3don j\u00f6v\u0151biztoss\u00e1 tenni. A diszkr\u00e9t dolla \u00e1rulja. A tpe bab\u00e1k kiv\u00e1l\u00f3 min\u0151s\u00e9g\u0171ek, k\u00f6nnyen karbantarthat\u00f3k.<\/p>","protected":false},"excerpt":{"rendered":"<p>Szexbaba k\u00e9pek M\u00e9rett\u00e1bl\u00e1zatok Magass\u00e1g 170 cm Mell 77 cm Der\u00e9k 52 cm Cs\u00edp\u0151 85 cm V\u00e1ll 33 cm Kar hossz 62 cm L\u00e1bhossz<\/p>","protected":false},"featured_media":18021,"comment_status":"open","ping_status":"closed","template":"","meta":[],"product_brand":[],"product_cat":[75,229,99,107,117,119],"product_tag":[],"class_list":{"0":"post-18020","1":"product","2":"type-product","3":"status-publish","4":"has-post-thumbnail","6":"product_cat-160cm-170cm-sex-dolls","7":"product_cat-31kg-35kg","8":"product_cat-life-size-sex-dolls","9":"product_cat-skinny-sex-dolls","10":"product_cat-small-breast-sex-doll","11":"product_cat-tpe-sex-doll","12":"pa_brand-6ye-doll","13":"tm-has-options","15":"first","16":"instock","17":"sale","18":"shipping-taxable","19":"purchasable","20":"product-type-simple"},"_links":{"self":[{"href":"https:\/\/zxdoll.com\/hu\/wp-json\/wp\/v2\/product\/18020","targetHints":{"allow":["GET"]}}],"collection":[{"href":"https:\/\/zxdoll.com\/hu\/wp-json\/wp\/v2\/product"}],"about":[{"href":"https:\/\/zxdoll.com\/hu\/wp-json\/wp\/v2\/types\/product"}],"replies":[{"embeddable":true,"href":"https:\/\/zxdoll.com\/hu\/wp-json\/wp\/v2\/comments?post=18020"}],"version-history":[{"count":1,"href":"https:\/\/zxdoll.com\/hu\/wp-json\/wp\/v2\/product\/18020\/revisions"}],"predecessor-version":[{"id":101321,"href":"https:\/\/zxdoll.com\/hu\/wp-json\/wp\/v2\/product\/18020\/revisions\/101321"}],"wp:featuredmedia":[{"embeddable":true,"href":"https:\/\/zxdoll.com\/hu\/wp-json\/wp\/v2\/media\/18021"}],"wp:attachment":[{"href":"https:\/\/zxdoll.com\/hu\/wp-json\/wp\/v2\/media?parent=18020"}],"wp:term":[{"taxonomy":"product_brand","embeddable":true,"href":"https:\/\/zxdoll.com\/hu\/wp-json\/wp\/v2\/product_brand?post=18020"},{"taxonomy":"product_cat","embeddable":true,"href":"https:\/\/zxdoll.com\/hu\/wp-json\/wp\/v2\/product_cat?post=18020"},{"taxonomy":"product_tag","embeddable":true,"href":"https:\/\/zxdoll.com\/hu\/wp-json\/wp\/v2\/product_tag?post=18020"}],"curies":[{"name":"wp","href":"https:\/\/api.w.org\/{rel}","templated":true}]}}