{"id":178593,"date":"2024-09-25T00:31:01","date_gmt":"2024-09-24T16:31:01","guid":{"rendered":"https:\/\/zxdoll.com\/?post_type=product&#038;p=178593"},"modified":"2024-10-04T04:36:20","modified_gmt":"2024-10-03T20:36:20","slug":"gay-sex-doll-old-man-for-sale","status":"publish","type":"product","link":"https:\/\/zxdoll.com\/hu\/product\/gay-sex-doll-old-man-for-sale\/","title":{"rendered":"Meleg szex baba \u00f6regember elad\u00f3 Frayda 153cm"},"content":{"rendered":"<h4><strong>Szexbaba k\u00e9pek<\/strong><\/h4>\n\t                <ul class=\"easy-image-gallery thumbnails-26 linked\">\r\n                    <li><a data-fancybox=\"gallery524\" href=\"https:\/\/zxdoll.com\/wp-content\/uploads\/2024\/09\/bitch-sex-doll-yAj59q1-533x800.jpg\" class=\"eig-popup\" title=\"\" data-caption=\"\" target=\"_blank\"><i class=\"icon-view\"><\/i><span class=\"overlay\"><\/span><img decoding=\"async\" width=\"150\" height=\"150\" src=\"https:\/\/zxdoll.com\/wp-content\/uploads\/2024\/09\/bitch-sex-doll-yAj59q1-150x150.jpg\" class=\"attachment-thumbnail size-thumbnail\" alt=\"\" title=\"\"><\/a><\/li><li><a data-fancybox=\"gallery524\" href=\"https:\/\/zxdoll.com\/wp-content\/uploads\/2024\/09\/bitch-sex-doll-yAj59q2-533x800.jpg\" class=\"eig-popup\" title=\"\" data-caption=\"\" target=\"_blank\"><i class=\"icon-view\"><\/i><span class=\"overlay\"><\/span><img decoding=\"async\" width=\"150\" height=\"150\" src=\"https:\/\/zxdoll.com\/wp-content\/uploads\/2024\/09\/bitch-sex-doll-yAj59q2-150x150.jpg\" class=\"attachment-thumbnail size-thumbnail\" alt=\"\" title=\"\"><\/a><\/li><li><a data-fancybox=\"gallery524\" href=\"https:\/\/zxdoll.com\/wp-content\/uploads\/2024\/09\/bitch-sex-doll-yAj59q3-533x800.jpg\" class=\"eig-popup\" title=\"\" data-caption=\"\" target=\"_blank\"><i class=\"icon-view\"><\/i><span class=\"overlay\"><\/span><img decoding=\"async\" width=\"150\" height=\"150\" src=\"https:\/\/zxdoll.com\/wp-content\/uploads\/2024\/09\/bitch-sex-doll-yAj59q3-150x150.jpg\" class=\"attachment-thumbnail size-thumbnail\" alt=\"\" title=\"\"><\/a><\/li><li><a data-fancybox=\"gallery524\" href=\"https:\/\/zxdoll.com\/wp-content\/uploads\/2024\/09\/bitch-sex-doll-yAj59q4-533x800.jpg\" class=\"eig-popup\" title=\"\" data-caption=\"\" target=\"_blank\"><i class=\"icon-view\"><\/i><span class=\"overlay\"><\/span><img loading=\"lazy\" decoding=\"async\" width=\"150\" height=\"150\" src=\"https:\/\/zxdoll.com\/wp-content\/uploads\/2024\/09\/bitch-sex-doll-yAj59q4-150x150.jpg\" class=\"attachment-thumbnail size-thumbnail\" alt=\"\" title=\"\"><\/a><\/li><li><a data-fancybox=\"gallery524\" href=\"https:\/\/zxdoll.com\/wp-content\/uploads\/2024\/09\/bitch-sex-doll-yAj59q5-533x800.jpg\" class=\"eig-popup\" title=\"\" data-caption=\"\" target=\"_blank\"><i class=\"icon-view\"><\/i><span class=\"overlay\"><\/span><img loading=\"lazy\" decoding=\"async\" width=\"150\" height=\"150\" src=\"https:\/\/zxdoll.com\/wp-content\/uploads\/2024\/09\/bitch-sex-doll-yAj59q5-150x150.jpg\" class=\"attachment-thumbnail size-thumbnail\" alt=\"\" title=\"\"><\/a><\/li><li><a data-fancybox=\"gallery524\" href=\"https:\/\/zxdoll.com\/wp-content\/uploads\/2024\/09\/bitch-sex-doll-yAj59q6-533x800.jpg\" class=\"eig-popup\" title=\"\" data-caption=\"\" target=\"_blank\"><i class=\"icon-view\"><\/i><span class=\"overlay\"><\/span><img loading=\"lazy\" decoding=\"async\" width=\"150\" height=\"150\" src=\"https:\/\/zxdoll.com\/wp-content\/uploads\/2024\/09\/bitch-sex-doll-yAj59q6-150x150.jpg\" class=\"attachment-thumbnail size-thumbnail\" alt=\"\" title=\"\"><\/a><\/li><li><a data-fancybox=\"gallery524\" href=\"https:\/\/zxdoll.com\/wp-content\/uploads\/2024\/09\/bitch-sex-doll-yAj59q7-533x800.jpg\" class=\"eig-popup\" title=\"\" data-caption=\"\" target=\"_blank\"><i class=\"icon-view\"><\/i><span class=\"overlay\"><\/span><img loading=\"lazy\" decoding=\"async\" width=\"150\" height=\"150\" src=\"https:\/\/zxdoll.com\/wp-content\/uploads\/2024\/09\/bitch-sex-doll-yAj59q7-150x150.jpg\" class=\"attachment-thumbnail size-thumbnail\" alt=\"\" title=\"\"><\/a><\/li><li><a data-fancybox=\"gallery524\" href=\"https:\/\/zxdoll.com\/wp-content\/uploads\/2024\/09\/bitch-sex-doll-yAj59q8-533x800.jpg\" class=\"eig-popup\" title=\"\" data-caption=\"\" target=\"_blank\"><i class=\"icon-view\"><\/i><span class=\"overlay\"><\/span><img loading=\"lazy\" decoding=\"async\" width=\"150\" height=\"150\" src=\"https:\/\/zxdoll.com\/wp-content\/uploads\/2024\/09\/bitch-sex-doll-yAj59q8-150x150.jpg\" class=\"attachment-thumbnail size-thumbnail\" alt=\"\" title=\"\"><\/a><\/li><li><a data-fancybox=\"gallery524\" href=\"https:\/\/zxdoll.com\/wp-content\/uploads\/2024\/09\/bitch-sex-doll-yAj59q9-533x800.jpg\" class=\"eig-popup\" title=\"\" data-caption=\"\" target=\"_blank\"><i class=\"icon-view\"><\/i><span class=\"overlay\"><\/span><img loading=\"lazy\" decoding=\"async\" width=\"150\" height=\"150\" src=\"https:\/\/zxdoll.com\/wp-content\/uploads\/2024\/09\/bitch-sex-doll-yAj59q9-150x150.jpg\" class=\"attachment-thumbnail size-thumbnail\" alt=\"\" title=\"\"><\/a><\/li><li><a data-fancybox=\"gallery524\" href=\"https:\/\/zxdoll.com\/wp-content\/uploads\/2024\/09\/bitch-sex-doll-yAj59q10.jpg\" class=\"eig-popup\" title=\"\" data-caption=\"\" target=\"_blank\"><i class=\"icon-view\"><\/i><span class=\"overlay\"><\/span><img loading=\"lazy\" decoding=\"async\" width=\"150\" height=\"150\" src=\"https:\/\/zxdoll.com\/wp-content\/uploads\/2024\/09\/bitch-sex-doll-yAj59q10-150x150.jpg\" class=\"attachment-thumbnail size-thumbnail\" alt=\"\" title=\"\"><\/a><\/li><li><a data-fancybox=\"gallery524\" href=\"https:\/\/zxdoll.com\/wp-content\/uploads\/2024\/09\/bitch-sex-doll-yAj59q11-533x800.jpg\" class=\"eig-popup\" title=\"\" data-caption=\"\" target=\"_blank\"><i class=\"icon-view\"><\/i><span class=\"overlay\"><\/span><img loading=\"lazy\" decoding=\"async\" width=\"150\" height=\"150\" src=\"https:\/\/zxdoll.com\/wp-content\/uploads\/2024\/09\/bitch-sex-doll-yAj59q11-150x150.jpg\" class=\"attachment-thumbnail size-thumbnail\" alt=\"\" title=\"\"><\/a><\/li><li><a data-fancybox=\"gallery524\" href=\"https:\/\/zxdoll.com\/wp-content\/uploads\/2024\/09\/bitch-sex-doll-yAj59q12-533x800.jpg\" class=\"eig-popup\" title=\"\" data-caption=\"\" target=\"_blank\"><i class=\"icon-view\"><\/i><span class=\"overlay\"><\/span><img loading=\"lazy\" decoding=\"async\" width=\"150\" height=\"150\" src=\"https:\/\/zxdoll.com\/wp-content\/uploads\/2024\/09\/bitch-sex-doll-yAj59q12-150x150.jpg\" class=\"attachment-thumbnail size-thumbnail\" alt=\"\" title=\"\"><\/a><\/li><li><a data-fancybox=\"gallery524\" href=\"https:\/\/zxdoll.com\/wp-content\/uploads\/2024\/09\/bitch-sex-doll-yAj59q13-533x800.jpg\" class=\"eig-popup\" title=\"\" data-caption=\"\" target=\"_blank\"><i class=\"icon-view\"><\/i><span class=\"overlay\"><\/span><img loading=\"lazy\" decoding=\"async\" width=\"150\" height=\"150\" src=\"https:\/\/zxdoll.com\/wp-content\/uploads\/2024\/09\/bitch-sex-doll-yAj59q13-150x150.jpg\" class=\"attachment-thumbnail size-thumbnail\" alt=\"\" title=\"\"><\/a><\/li><li><a data-fancybox=\"gallery524\" href=\"https:\/\/zxdoll.com\/wp-content\/uploads\/2024\/09\/bitch-sex-doll-yAj59q14-533x800.jpg\" class=\"eig-popup\" title=\"\" data-caption=\"\" target=\"_blank\"><i class=\"icon-view\"><\/i><span class=\"overlay\"><\/span><img loading=\"lazy\" decoding=\"async\" width=\"150\" height=\"150\" src=\"https:\/\/zxdoll.com\/wp-content\/uploads\/2024\/09\/bitch-sex-doll-yAj59q14-150x150.jpg\" class=\"attachment-thumbnail size-thumbnail\" alt=\"\" title=\"\"><\/a><\/li><li><a data-fancybox=\"gallery524\" href=\"https:\/\/zxdoll.com\/wp-content\/uploads\/2024\/09\/bitch-sex-doll-yAj59q15-533x800.jpg\" class=\"eig-popup\" title=\"\" data-caption=\"\" target=\"_blank\"><i class=\"icon-view\"><\/i><span class=\"overlay\"><\/span><img loading=\"lazy\" decoding=\"async\" width=\"150\" height=\"150\" src=\"https:\/\/zxdoll.com\/wp-content\/uploads\/2024\/09\/bitch-sex-doll-yAj59q15-150x150.jpg\" class=\"attachment-thumbnail size-thumbnail\" alt=\"\" title=\"\"><\/a><\/li><li><a data-fancybox=\"gallery524\" href=\"https:\/\/zxdoll.com\/wp-content\/uploads\/2024\/09\/bitch-sex-doll-yAj59q16-1-533x800.jpg\" class=\"eig-popup\" title=\"\" data-caption=\"\" target=\"_blank\"><i class=\"icon-view\"><\/i><span class=\"overlay\"><\/span><img loading=\"lazy\" decoding=\"async\" width=\"150\" height=\"150\" src=\"https:\/\/zxdoll.com\/wp-content\/uploads\/2024\/09\/bitch-sex-doll-yAj59q16-1-150x150.jpg\" class=\"attachment-thumbnail size-thumbnail\" alt=\"\" title=\"\"><\/a><\/li><li><a data-fancybox=\"gallery524\" href=\"https:\/\/zxdoll.com\/wp-content\/uploads\/2024\/09\/bitch-sex-doll-yAj59q17.jpg\" class=\"eig-popup\" title=\"\" data-caption=\"\" target=\"_blank\"><i class=\"icon-view\"><\/i><span class=\"overlay\"><\/span><img loading=\"lazy\" decoding=\"async\" width=\"150\" height=\"150\" src=\"https:\/\/zxdoll.com\/wp-content\/uploads\/2024\/09\/bitch-sex-doll-yAj59q17-150x150.jpg\" class=\"attachment-thumbnail size-thumbnail\" alt=\"\" title=\"\"><\/a><\/li><li><a data-fancybox=\"gallery524\" href=\"https:\/\/zxdoll.com\/wp-content\/uploads\/2024\/09\/bitch-sex-doll-yAj59q18-533x800.jpg\" class=\"eig-popup\" title=\"\" data-caption=\"\" target=\"_blank\"><i class=\"icon-view\"><\/i><span class=\"overlay\"><\/span><img loading=\"lazy\" decoding=\"async\" width=\"150\" height=\"150\" src=\"https:\/\/zxdoll.com\/wp-content\/uploads\/2024\/09\/bitch-sex-doll-yAj59q18-150x150.jpg\" class=\"attachment-thumbnail size-thumbnail\" alt=\"\" title=\"\"><\/a><\/li><li><a data-fancybox=\"gallery524\" href=\"https:\/\/zxdoll.com\/wp-content\/uploads\/2024\/09\/bitch-sex-doll-yAj59q19-533x800.jpg\" class=\"eig-popup\" title=\"\" data-caption=\"\" target=\"_blank\"><i class=\"icon-view\"><\/i><span class=\"overlay\"><\/span><img loading=\"lazy\" decoding=\"async\" width=\"150\" height=\"150\" src=\"https:\/\/zxdoll.com\/wp-content\/uploads\/2024\/09\/bitch-sex-doll-yAj59q19-150x150.jpg\" class=\"attachment-thumbnail size-thumbnail\" alt=\"\" title=\"\"><\/a><\/li><li><a data-fancybox=\"gallery524\" href=\"https:\/\/zxdoll.com\/wp-content\/uploads\/2024\/09\/bitch-sex-doll-yAj59q20.jpg\" class=\"eig-popup\" title=\"\" data-caption=\"\" target=\"_blank\"><i class=\"icon-view\"><\/i><span class=\"overlay\"><\/span><img loading=\"lazy\" decoding=\"async\" width=\"150\" height=\"150\" src=\"https:\/\/zxdoll.com\/wp-content\/uploads\/2024\/09\/bitch-sex-doll-yAj59q20-150x150.jpg\" class=\"attachment-thumbnail size-thumbnail\" alt=\"\" title=\"\"><\/a><\/li><li><a data-fancybox=\"gallery524\" href=\"https:\/\/zxdoll.com\/wp-content\/uploads\/2024\/09\/bitch-sex-doll-yAj59q21.jpg\" class=\"eig-popup\" title=\"\" data-caption=\"\" target=\"_blank\"><i class=\"icon-view\"><\/i><span class=\"overlay\"><\/span><img loading=\"lazy\" decoding=\"async\" width=\"150\" height=\"150\" src=\"https:\/\/zxdoll.com\/wp-content\/uploads\/2024\/09\/bitch-sex-doll-yAj59q21-150x150.jpg\" class=\"attachment-thumbnail size-thumbnail\" alt=\"\" title=\"\"><\/a><\/li><li><a data-fancybox=\"gallery524\" href=\"https:\/\/zxdoll.com\/wp-content\/uploads\/2024\/09\/bitch-sex-doll-yAj59q22.jpg\" class=\"eig-popup\" title=\"\" data-caption=\"\" target=\"_blank\"><i class=\"icon-view\"><\/i><span class=\"overlay\"><\/span><img loading=\"lazy\" decoding=\"async\" width=\"150\" height=\"150\" src=\"https:\/\/zxdoll.com\/wp-content\/uploads\/2024\/09\/bitch-sex-doll-yAj59q22-150x150.jpg\" class=\"attachment-thumbnail size-thumbnail\" alt=\"\" title=\"\"><\/a><\/li><li><a data-fancybox=\"gallery524\" href=\"https:\/\/zxdoll.com\/wp-content\/uploads\/2024\/09\/bitch-sex-doll-yAj59q23.jpg\" class=\"eig-popup\" title=\"\" data-caption=\"\" target=\"_blank\"><i class=\"icon-view\"><\/i><span class=\"overlay\"><\/span><img loading=\"lazy\" decoding=\"async\" width=\"150\" height=\"150\" src=\"https:\/\/zxdoll.com\/wp-content\/uploads\/2024\/09\/bitch-sex-doll-yAj59q23-150x150.jpg\" class=\"attachment-thumbnail size-thumbnail\" alt=\"\" title=\"\"><\/a><\/li><li><a data-fancybox=\"gallery524\" href=\"https:\/\/zxdoll.com\/wp-content\/uploads\/2024\/09\/bitch-sex-doll-yAj59q24-533x800.jpg\" class=\"eig-popup\" title=\"\" data-caption=\"\" target=\"_blank\"><i class=\"icon-view\"><\/i><span class=\"overlay\"><\/span><img loading=\"lazy\" decoding=\"async\" width=\"150\" height=\"150\" src=\"https:\/\/zxdoll.com\/wp-content\/uploads\/2024\/09\/bitch-sex-doll-yAj59q24-150x150.jpg\" class=\"attachment-thumbnail size-thumbnail\" alt=\"\" title=\"\"><\/a><\/li><li><a data-fancybox=\"gallery524\" href=\"https:\/\/zxdoll.com\/wp-content\/uploads\/2024\/09\/bitch-sex-doll-yAj59q25-533x800.jpg\" class=\"eig-popup\" title=\"\" data-caption=\"\" target=\"_blank\"><i class=\"icon-view\"><\/i><span class=\"overlay\"><\/span><img loading=\"lazy\" decoding=\"async\" width=\"150\" height=\"150\" src=\"https:\/\/zxdoll.com\/wp-content\/uploads\/2024\/09\/bitch-sex-doll-yAj59q25-150x150.jpg\" class=\"attachment-thumbnail size-thumbnail\" alt=\"\" title=\"\"><\/a><\/li><li><a data-fancybox=\"gallery524\" href=\"https:\/\/zxdoll.com\/wp-content\/uploads\/2024\/09\/bitch-sex-doll-yAj59q26.jpg\" class=\"eig-popup\" title=\"\" data-caption=\"\" target=\"_blank\"><i class=\"icon-view\"><\/i><span class=\"overlay\"><\/span><img loading=\"lazy\" decoding=\"async\" width=\"150\" height=\"150\" src=\"https:\/\/zxdoll.com\/wp-content\/uploads\/2024\/09\/bitch-sex-doll-yAj59q26-150x150.jpg\" class=\"attachment-thumbnail size-thumbnail\" alt=\"\" title=\"\"><\/a><\/li><\/ul>\n<h4>M\u00e9rett\u00e1bl\u00e1zatok<\/h4>\n<table width=\"349\">\n<tbody>\n<tr>\n<td width=\"177\">Anyag<\/td>\n<td width=\"172\">Teljes szilikon<\/td>\n<\/tr>\n<tr>\n<td>Magass\u00e1g<\/td>\n<td>153 cm<\/td>\n<\/tr>\n<tr>\n<td>Mellb\u0151s\u00e9g<\/td>\n<td>85 cm<\/td>\n<\/tr>\n<tr>\n<td>Mell alatt<\/td>\n<td>64 cm<\/td>\n<\/tr>\n<tr>\n<td>Der\u00e9k<\/td>\n<td>49 cm<\/td>\n<\/tr>\n<tr>\n<td>Cs\u00edp\u0151<\/td>\n<td>96 cm<\/td>\n<\/tr>\n<tr>\n<td>Kar<\/td>\n<td>62 cm<\/td>\n<\/tr>\n<tr>\n<td>Teny\u00e9r<\/td>\n<td>16 cm<\/td>\n<\/tr>\n<tr>\n<td>V\u00e1ll<\/td>\n<td>35 cm<\/td>\n<\/tr>\n<tr>\n<td>L\u00e1b<\/td>\n<td>70 cm<\/td>\n<\/tr>\n<tr>\n<td>L\u00e1bak<\/td>\n<td>20 cm<\/td>\n<\/tr>\n<tr>\n<td>Nett\u00f3 t\u00f6meg<\/td>\n<td>37,5 kg<\/td>\n<\/tr>\n<tr>\n<td width=\"177\">H\u00fcvelym\u00e9lys\u00e9g<\/td>\n<td>17 cm<\/td>\n<\/tr>\n<tr>\n<td width=\"177\">An\u00e1lis m\u00e9lys\u00e9g<\/td>\n<td>17 cm<\/td>\n<\/tr>\n<\/tbody>\n<\/table>\n<h4>A szexbab\u00e1r\u00f3l<\/h4>\n<p>&nbsp;<\/p>","protected":false},"excerpt":{"rendered":"<p>Szexbaba k\u00e9pek M\u00e9rett\u00e1bl\u00e1zatok Anyag Teljes szilikon Magass\u00e1g 153cm Mellb\u0151s\u00e9g 85cm Mell alatti b\u0151s\u00e9g 64cm Der\u00e9k 49cm Cs\u00edp\u0151 96cm Kar<\/p>","protected":false},"featured_media":178671,"comment_status":"open","ping_status":"closed","template":"","meta":[],"product_brand":[],"product_cat":[234,112,230,80,116,110,107,218],"product_tag":[],"class_list":{"0":"post-178593","1":"product","2":"type-product","3":"status-publish","4":"has-post-thumbnail","6":"product_cat-234","7":"product_cat-150cm-159cm-sex-dolls","8":"product_cat-36kg-40kg","9":"product_cat-asian-sex-doll","10":"product_cat-big-boobs-sex-doll","11":"product_cat-silicone-sex-doll","12":"product_cat-skinny-sex-dolls","13":"product_cat-wonder-woman-sex-doll","14":"pa_brand-starry-doll","15":"tm-has-options","17":"first","18":"instock","19":"sale","20":"shipping-taxable","21":"purchasable","22":"product-type-simple"},"_links":{"self":[{"href":"https:\/\/zxdoll.com\/hu\/wp-json\/wp\/v2\/product\/178593","targetHints":{"allow":["GET"]}}],"collection":[{"href":"https:\/\/zxdoll.com\/hu\/wp-json\/wp\/v2\/product"}],"about":[{"href":"https:\/\/zxdoll.com\/hu\/wp-json\/wp\/v2\/types\/product"}],"replies":[{"embeddable":true,"href":"https:\/\/zxdoll.com\/hu\/wp-json\/wp\/v2\/comments?post=178593"}],"version-history":[{"count":1,"href":"https:\/\/zxdoll.com\/hu\/wp-json\/wp\/v2\/product\/178593\/revisions"}],"predecessor-version":[{"id":178747,"href":"https:\/\/zxdoll.com\/hu\/wp-json\/wp\/v2\/product\/178593\/revisions\/178747"}],"wp:featuredmedia":[{"embeddable":true,"href":"https:\/\/zxdoll.com\/hu\/wp-json\/wp\/v2\/media\/178671"}],"wp:attachment":[{"href":"https:\/\/zxdoll.com\/hu\/wp-json\/wp\/v2\/media?parent=178593"}],"wp:term":[{"taxonomy":"product_brand","embeddable":true,"href":"https:\/\/zxdoll.com\/hu\/wp-json\/wp\/v2\/product_brand?post=178593"},{"taxonomy":"product_cat","embeddable":true,"href":"https:\/\/zxdoll.com\/hu\/wp-json\/wp\/v2\/product_cat?post=178593"},{"taxonomy":"product_tag","embeddable":true,"href":"https:\/\/zxdoll.com\/hu\/wp-json\/wp\/v2\/product_tag?post=178593"}],"curies":[{"name":"wp","href":"https:\/\/api.w.org\/{rel}","templated":true}]}}