{"id":17217,"date":"2023-03-01T04:52:13","date_gmt":"2023-02-28T20:52:13","guid":{"rendered":"https:\/\/zxdoll.com\/?post_type=product&#038;p=17217"},"modified":"2025-09-17T01:04:46","modified_gmt":"2025-09-16T17:04:46","slug":"body-builder-vibrating-anal-sex-doll","status":"publish","type":"product","link":"https:\/\/zxdoll.com\/hu\/product\/body-builder-vibrating-anal-sex-doll\/","title":{"rendered":"Body Builder vibr\u00e1l\u00f3 an\u00e1lis szex baba Telma 163cm"},"content":{"rendered":"<h4><strong>Szexbaba k\u00e9pek<\/strong><\/h4>\n\t                <ul class=\"easy-image-gallery thumbnails-18 linked\">\r\n                    <li><a data-fancybox=\"gallery770\" href=\"https:\/\/zxdoll.com\/wp-content\/uploads\/2023\/03\/real-sex-doll-porn-s2x1-1-533x800.jpg\" class=\"eig-popup\" title=\"\" data-caption=\"\" target=\"_blank\"><i class=\"icon-view\"><\/i><span class=\"overlay\"><\/span><img decoding=\"async\" width=\"150\" height=\"150\" src=\"https:\/\/zxdoll.com\/wp-content\/uploads\/2023\/03\/real-sex-doll-porn-s2x1-1-150x150.jpg\" class=\"attachment-thumbnail size-thumbnail\" alt=\"\" title=\"\"><\/a><\/li><li><a data-fancybox=\"gallery770\" href=\"https:\/\/zxdoll.com\/wp-content\/uploads\/2023\/03\/real-sex-doll-porn-s2x4-533x800.jpg\" class=\"eig-popup\" title=\"\" data-caption=\"\" target=\"_blank\"><i class=\"icon-view\"><\/i><span class=\"overlay\"><\/span><img decoding=\"async\" width=\"150\" height=\"150\" src=\"https:\/\/zxdoll.com\/wp-content\/uploads\/2023\/03\/real-sex-doll-porn-s2x4-150x150.jpg\" class=\"attachment-thumbnail size-thumbnail\" alt=\"\" title=\"\"><\/a><\/li><li><a data-fancybox=\"gallery770\" href=\"https:\/\/zxdoll.com\/wp-content\/uploads\/2023\/03\/real-sex-doll-porn-s2x5-533x800.jpg\" class=\"eig-popup\" title=\"\" data-caption=\"\" target=\"_blank\"><i class=\"icon-view\"><\/i><span class=\"overlay\"><\/span><img decoding=\"async\" width=\"150\" height=\"150\" src=\"https:\/\/zxdoll.com\/wp-content\/uploads\/2023\/03\/real-sex-doll-porn-s2x5-150x150.jpg\" class=\"attachment-thumbnail size-thumbnail\" alt=\"\" title=\"\"><\/a><\/li><li><a data-fancybox=\"gallery770\" href=\"https:\/\/zxdoll.com\/wp-content\/uploads\/2023\/03\/real-sex-doll-porn-s2x7-533x800.jpg\" class=\"eig-popup\" title=\"\" data-caption=\"\" target=\"_blank\"><i class=\"icon-view\"><\/i><span class=\"overlay\"><\/span><img loading=\"lazy\" decoding=\"async\" width=\"150\" height=\"150\" src=\"https:\/\/zxdoll.com\/wp-content\/uploads\/2023\/03\/real-sex-doll-porn-s2x7-150x150.jpg\" class=\"attachment-thumbnail size-thumbnail\" alt=\"\" title=\"\"><\/a><\/li><li><a data-fancybox=\"gallery770\" href=\"https:\/\/zxdoll.com\/wp-content\/uploads\/2023\/03\/real-sex-doll-porn-s2x8.jpg\" class=\"eig-popup\" title=\"\" data-caption=\"\" target=\"_blank\"><i class=\"icon-view\"><\/i><span class=\"overlay\"><\/span><img loading=\"lazy\" decoding=\"async\" width=\"100\" height=\"150\" src=\"https:\/\/zxdoll.com\/wp-content\/uploads\/2023\/03\/real-sex-doll-porn-s2x8.jpg\" class=\"attachment-thumbnail size-thumbnail\" alt=\"\" title=\"\"><\/a><\/li><li><a data-fancybox=\"gallery770\" href=\"https:\/\/zxdoll.com\/wp-content\/uploads\/2023\/03\/real-sex-doll-porn-s2x10-533x800.jpg\" class=\"eig-popup\" title=\"\" data-caption=\"\" target=\"_blank\"><i class=\"icon-view\"><\/i><span class=\"overlay\"><\/span><img loading=\"lazy\" decoding=\"async\" width=\"150\" height=\"150\" src=\"https:\/\/zxdoll.com\/wp-content\/uploads\/2023\/03\/real-sex-doll-porn-s2x10-150x150.jpg\" class=\"attachment-thumbnail size-thumbnail\" alt=\"\" title=\"\"><\/a><\/li><li><a data-fancybox=\"gallery770\" href=\"https:\/\/zxdoll.com\/wp-content\/uploads\/2023\/03\/real-sex-doll-porn-s2x13-533x800.jpg\" class=\"eig-popup\" title=\"\" data-caption=\"\" target=\"_blank\"><i class=\"icon-view\"><\/i><span class=\"overlay\"><\/span><img loading=\"lazy\" decoding=\"async\" width=\"150\" height=\"150\" src=\"https:\/\/zxdoll.com\/wp-content\/uploads\/2023\/03\/real-sex-doll-porn-s2x13-150x150.jpg\" class=\"attachment-thumbnail size-thumbnail\" alt=\"\" title=\"\"><\/a><\/li><li><a data-fancybox=\"gallery770\" href=\"https:\/\/zxdoll.com\/wp-content\/uploads\/2023\/03\/real-sex-doll-porn-s2x14-533x800.jpg\" class=\"eig-popup\" title=\"\" data-caption=\"\" target=\"_blank\"><i class=\"icon-view\"><\/i><span class=\"overlay\"><\/span><img loading=\"lazy\" decoding=\"async\" width=\"150\" height=\"150\" src=\"https:\/\/zxdoll.com\/wp-content\/uploads\/2023\/03\/real-sex-doll-porn-s2x14-150x150.jpg\" class=\"attachment-thumbnail size-thumbnail\" alt=\"\" title=\"\"><\/a><\/li><li><a data-fancybox=\"gallery770\" href=\"https:\/\/zxdoll.com\/wp-content\/uploads\/2023\/03\/real-sex-doll-porn-s2x16-533x800.jpg\" class=\"eig-popup\" title=\"\" data-caption=\"\" target=\"_blank\"><i class=\"icon-view\"><\/i><span class=\"overlay\"><\/span><img loading=\"lazy\" decoding=\"async\" width=\"150\" height=\"150\" src=\"https:\/\/zxdoll.com\/wp-content\/uploads\/2023\/03\/real-sex-doll-porn-s2x16-150x150.jpg\" class=\"attachment-thumbnail size-thumbnail\" alt=\"\" title=\"\"><\/a><\/li><li><a data-fancybox=\"gallery770\" href=\"https:\/\/zxdoll.com\/wp-content\/uploads\/2023\/03\/real-sex-doll-porn-s2x17-533x800.jpg\" class=\"eig-popup\" title=\"\" data-caption=\"\" target=\"_blank\"><i class=\"icon-view\"><\/i><span class=\"overlay\"><\/span><img loading=\"lazy\" decoding=\"async\" width=\"150\" height=\"150\" src=\"https:\/\/zxdoll.com\/wp-content\/uploads\/2023\/03\/real-sex-doll-porn-s2x17-150x150.jpg\" class=\"attachment-thumbnail size-thumbnail\" alt=\"\" title=\"\"><\/a><\/li><li><a data-fancybox=\"gallery770\" href=\"https:\/\/zxdoll.com\/wp-content\/uploads\/2023\/03\/real-sex-doll-porn-s2x18-533x800.jpg\" class=\"eig-popup\" title=\"\" data-caption=\"\" target=\"_blank\"><i class=\"icon-view\"><\/i><span class=\"overlay\"><\/span><img loading=\"lazy\" decoding=\"async\" width=\"150\" height=\"150\" src=\"https:\/\/zxdoll.com\/wp-content\/uploads\/2023\/03\/real-sex-doll-porn-s2x18-150x150.jpg\" class=\"attachment-thumbnail size-thumbnail\" alt=\"\" title=\"\"><\/a><\/li><li><a data-fancybox=\"gallery770\" href=\"https:\/\/zxdoll.com\/wp-content\/uploads\/2023\/03\/real-sex-doll-porn-s2x19-533x800.jpg\" class=\"eig-popup\" title=\"\" data-caption=\"\" target=\"_blank\"><i class=\"icon-view\"><\/i><span class=\"overlay\"><\/span><img loading=\"lazy\" decoding=\"async\" width=\"150\" height=\"150\" src=\"https:\/\/zxdoll.com\/wp-content\/uploads\/2023\/03\/real-sex-doll-porn-s2x19-150x150.jpg\" class=\"attachment-thumbnail size-thumbnail\" alt=\"\" title=\"\"><\/a><\/li><li><a data-fancybox=\"gallery770\" href=\"https:\/\/zxdoll.com\/wp-content\/uploads\/2023\/03\/real-sex-doll-porn-s2x24-533x800.jpg\" class=\"eig-popup\" title=\"\" data-caption=\"\" target=\"_blank\"><i class=\"icon-view\"><\/i><span class=\"overlay\"><\/span><img loading=\"lazy\" decoding=\"async\" width=\"150\" height=\"150\" src=\"https:\/\/zxdoll.com\/wp-content\/uploads\/2023\/03\/real-sex-doll-porn-s2x24-150x150.jpg\" class=\"attachment-thumbnail size-thumbnail\" alt=\"\" title=\"\"><\/a><\/li><li><a data-fancybox=\"gallery770\" href=\"https:\/\/zxdoll.com\/wp-content\/uploads\/2023\/03\/real-sex-doll-porn-s2x25-533x800.jpg\" class=\"eig-popup\" title=\"\" data-caption=\"\" target=\"_blank\"><i class=\"icon-view\"><\/i><span class=\"overlay\"><\/span><img loading=\"lazy\" decoding=\"async\" width=\"150\" height=\"150\" src=\"https:\/\/zxdoll.com\/wp-content\/uploads\/2023\/03\/real-sex-doll-porn-s2x25-150x150.jpg\" class=\"attachment-thumbnail size-thumbnail\" alt=\"\" title=\"\"><\/a><\/li><li><a data-fancybox=\"gallery770\" href=\"https:\/\/zxdoll.com\/wp-content\/uploads\/2023\/03\/real-sex-doll-porn-s2x27-533x800.jpg\" class=\"eig-popup\" title=\"\" data-caption=\"\" target=\"_blank\"><i class=\"icon-view\"><\/i><span class=\"overlay\"><\/span><img loading=\"lazy\" decoding=\"async\" width=\"150\" height=\"150\" src=\"https:\/\/zxdoll.com\/wp-content\/uploads\/2023\/03\/real-sex-doll-porn-s2x27-150x150.jpg\" class=\"attachment-thumbnail size-thumbnail\" alt=\"\" title=\"\"><\/a><\/li><li><a data-fancybox=\"gallery770\" href=\"https:\/\/zxdoll.com\/wp-content\/uploads\/2023\/03\/real-sex-doll-porn-s2x28-533x800.jpg\" class=\"eig-popup\" title=\"\" data-caption=\"\" target=\"_blank\"><i class=\"icon-view\"><\/i><span class=\"overlay\"><\/span><img loading=\"lazy\" decoding=\"async\" width=\"150\" height=\"150\" src=\"https:\/\/zxdoll.com\/wp-content\/uploads\/2023\/03\/real-sex-doll-porn-s2x28-150x150.jpg\" class=\"attachment-thumbnail size-thumbnail\" alt=\"\" title=\"\"><\/a><\/li><li><a data-fancybox=\"gallery770\" href=\"https:\/\/zxdoll.com\/wp-content\/uploads\/2023\/03\/real-sex-doll-porn-s2x29-533x800.jpg\" class=\"eig-popup\" title=\"\" data-caption=\"\" target=\"_blank\"><i class=\"icon-view\"><\/i><span class=\"overlay\"><\/span><img loading=\"lazy\" decoding=\"async\" width=\"150\" height=\"150\" src=\"https:\/\/zxdoll.com\/wp-content\/uploads\/2023\/03\/real-sex-doll-porn-s2x29-150x150.jpg\" class=\"attachment-thumbnail size-thumbnail\" alt=\"\" title=\"\"><\/a><\/li><li><a data-fancybox=\"gallery770\" href=\"https:\/\/zxdoll.com\/wp-content\/uploads\/2023\/03\/real-sex-doll-porn-s2x30-533x800.jpg\" class=\"eig-popup\" title=\"\" data-caption=\"\" target=\"_blank\"><i class=\"icon-view\"><\/i><span class=\"overlay\"><\/span><img loading=\"lazy\" decoding=\"async\" width=\"150\" height=\"150\" src=\"https:\/\/zxdoll.com\/wp-content\/uploads\/2023\/03\/real-sex-doll-porn-s2x30-150x150.jpg\" class=\"attachment-thumbnail size-thumbnail\" alt=\"\" title=\"\"><\/a><\/li><\/ul>\n<h4>M\u00e9rett\u00e1bl\u00e1zatok<\/h4>\n<table width=\"269\">\n<tbody>\n<tr>\n<td width=\"130\">Anyag<\/td>\n<td width=\"139\">TPE<\/td>\n<\/tr>\n<tr>\n<td width=\"130\">Magass\u00e1g<\/td>\n<td width=\"139\">163 cm<\/td>\n<\/tr>\n<tr>\n<td>Mell<\/td>\n<td>95 cm<\/td>\n<\/tr>\n<tr>\n<td>Der\u00e9k<\/td>\n<td>55 cm<\/td>\n<\/tr>\n<tr>\n<td>Cs\u00edp\u0151<\/td>\n<td>95 cm<\/td>\n<\/tr>\n<tr>\n<td>V\u00e1ll<\/td>\n<td>37 cm<\/td>\n<\/tr>\n<tr>\n<td>Kar hossz\u00fas\u00e1g<\/td>\n<td>60 cm<\/td>\n<\/tr>\n<tr>\n<td>L\u00e1bhossz<\/td>\n<td>21 cm<\/td>\n<\/tr>\n<tr>\n<td>Nett\u00f3 t\u00f6meg<\/td>\n<td>38 kg<\/td>\n<\/tr>\n<tr>\n<td>Or\u00e1lis m\u00e9lys\u00e9g<\/td>\n<td>13 cm<\/td>\n<\/tr>\n<tr>\n<td>H\u00fcvelym\u00e9lys\u00e9g<\/td>\n<td>17 cm<\/td>\n<\/tr>\n<tr>\n<td>An\u00e1lis m\u00e9lys\u00e9g<\/td>\n<td>16 cm<\/td>\n<\/tr>\n<\/tbody>\n<\/table>\n<h4>A szexbab\u00e1r\u00f3l<\/h4>\n<p>Volt m\u00e1r valaha an\u00e1lis szex? Sok f\u00e9rfi jobban szereti az an\u00e1lis szexet minden m\u00e1s szexhez k\u00e9pest, ez\u00e9rt \u00fagy d\u00f6nt\u00f6tt\u00fcnk, hogy bemutatunk egy an\u00e1lis szexet. Az an\u00e1lis szexbaba egy vibr\u00e1l\u00f3 szexbaba, amely minden egyes l\u00f6k\u00e9sn\u00e9l vibr\u00e1l az \u00e9lvezett\u0151l \u00e9s az ext\u00e1zist\u00f3l. Az an\u00e1lis szexbaba egy szil\u00e1rd szexbaba. Nagyon sok tisztel\u0151je van. Nagyon h\u0171s\u00e9ges. A b\u0151re tiszta, \u00e9s van egyfajta szexu\u00e1lis vonzereje. Ha kap egy massz\u00edv szexbab\u00e1t, akkor a teste \u00e9rdekli, nem a szem\u00e9lyis\u00e9ge. Ha j\u00f3l vigy\u00e1z, biztos lehet benne, hogy egy igazi bab\u00e1t l\u00e1that majd m\u0171k\u00f6d\u00e9s k\u00f6zben. Az \u00e9lm\u00e9ny t\u00f6bbnyire felejthetetlen, \u00e9s nem szabad elfelejteni, hogy ennek a n\u0151i szexbab\u00e1nak j\u00f3l kidolgozott teste van, gy\u00f6ny\u00f6r\u0171 \u00e9s csod\u00e1latos b\u0151re van.<\/p>\n<p>Ha olyan test\u00e9p\u00edt\u0151 szexbab\u00e1t szeretne, amely nagyon komolyan veszi a megjelen\u00e9s\u00e9t, vagy egy nagyon val\u00f3s\u00e1gh\u0171 megjelen\u00e9s\u0171 bab\u00e1t, ami miatt gyakran \u00f6sszet\u00e9vesztik egy emberrel, akkor szerezze be ezt a val\u00f3di szexbab\u00e1t.<\/p>\n<p>Ez egy nagyon eg\u00e9szs\u00e9ges \u00e9letm\u00f3d. B\u00e1rmi lehet, amilyennek szeretn\u00e9d, \u00e9s b\u00e1rmilyen poz\u00edci\u00f3t felvesz, amit csak szeretn\u00e9l.<\/p>","protected":false},"excerpt":{"rendered":"<p>Szexbaba k\u00e9pek M\u00e9rett\u00e1bl\u00e1zat Anyag TPE magass\u00e1g 163 cm mell 95 cm der\u00e9k 55 cm cs\u00edp\u0151 95 cm v\u00e1ll 37 cm kar hossz 60 cm<\/p>","protected":false},"featured_media":17223,"comment_status":"open","ping_status":"closed","template":"","meta":[],"product_brand":[],"product_cat":[75,230,77,116,99,107,119],"product_tag":[],"class_list":{"0":"post-17217","1":"product","2":"type-product","3":"status-publish","4":"has-post-thumbnail","6":"product_cat-160cm-170cm-sex-dolls","7":"product_cat-36kg-40kg","8":"product_cat-bbw-sex-doll","9":"product_cat-big-boobs-sex-doll","10":"product_cat-life-size-sex-dolls","11":"product_cat-skinny-sex-dolls","12":"product_cat-tpe-sex-doll","13":"pa_brand-6ye-doll","14":"tm-has-options","16":"first","17":"instock","18":"sale","19":"shipping-taxable","20":"purchasable","21":"product-type-simple"},"_links":{"self":[{"href":"https:\/\/zxdoll.com\/hu\/wp-json\/wp\/v2\/product\/17217","targetHints":{"allow":["GET"]}}],"collection":[{"href":"https:\/\/zxdoll.com\/hu\/wp-json\/wp\/v2\/product"}],"about":[{"href":"https:\/\/zxdoll.com\/hu\/wp-json\/wp\/v2\/types\/product"}],"replies":[{"embeddable":true,"href":"https:\/\/zxdoll.com\/hu\/wp-json\/wp\/v2\/comments?post=17217"}],"version-history":[{"count":1,"href":"https:\/\/zxdoll.com\/hu\/wp-json\/wp\/v2\/product\/17217\/revisions"}],"predecessor-version":[{"id":197891,"href":"https:\/\/zxdoll.com\/hu\/wp-json\/wp\/v2\/product\/17217\/revisions\/197891"}],"wp:featuredmedia":[{"embeddable":true,"href":"https:\/\/zxdoll.com\/hu\/wp-json\/wp\/v2\/media\/17223"}],"wp:attachment":[{"href":"https:\/\/zxdoll.com\/hu\/wp-json\/wp\/v2\/media?parent=17217"}],"wp:term":[{"taxonomy":"product_brand","embeddable":true,"href":"https:\/\/zxdoll.com\/hu\/wp-json\/wp\/v2\/product_brand?post=17217"},{"taxonomy":"product_cat","embeddable":true,"href":"https:\/\/zxdoll.com\/hu\/wp-json\/wp\/v2\/product_cat?post=17217"},{"taxonomy":"product_tag","embeddable":true,"href":"https:\/\/zxdoll.com\/hu\/wp-json\/wp\/v2\/product_tag?post=17217"}],"curies":[{"name":"wp","href":"https:\/\/api.w.org\/{rel}","templated":true}]}}