{"id":17012,"date":"2023-03-01T03:33:52","date_gmt":"2023-02-28T19:33:52","guid":{"rendered":"https:\/\/zxdoll.com\/?post_type=product&#038;p=17012"},"modified":"2025-09-18T01:39:27","modified_gmt":"2025-09-17T17:39:27","slug":"realistic-full-body-sleeping-sex-doll","status":"publish","type":"product","link":"https:\/\/zxdoll.com\/hu\/product\/realistic-full-body-sleeping-sex-doll\/","title":{"rendered":"Val\u00f3s\u00e1gh\u0171 teljes test\u0171 alv\u00f3 szexbaba Janey 160 cm"},"content":{"rendered":"<h4><strong>Szexbaba k\u00e9pek<\/strong><\/h4>\n\t                <ul class=\"easy-image-gallery thumbnails-9 linked\">\r\n                    <li><a data-fancybox=\"gallery770\" href=\"https:\/\/zxdoll.com\/wp-content\/uploads\/2023\/03\/quality-sex-dolls-s8b1-533x800.jpg\" class=\"eig-popup\" title=\"\" data-caption=\"\" target=\"_blank\"><i class=\"icon-view\"><\/i><span class=\"overlay\"><\/span><img decoding=\"async\" width=\"150\" height=\"150\" src=\"https:\/\/zxdoll.com\/wp-content\/uploads\/2023\/03\/quality-sex-dolls-s8b1-150x150.jpg\" class=\"attachment-thumbnail size-thumbnail\" alt=\"\" title=\"\"><\/a><\/li><li><a data-fancybox=\"gallery770\" href=\"https:\/\/zxdoll.com\/wp-content\/uploads\/2023\/03\/quality-sex-dolls-s8b2-1-533x800.jpg\" class=\"eig-popup\" title=\"\" data-caption=\"\" target=\"_blank\"><i class=\"icon-view\"><\/i><span class=\"overlay\"><\/span><img decoding=\"async\" width=\"150\" height=\"150\" src=\"https:\/\/zxdoll.com\/wp-content\/uploads\/2023\/03\/quality-sex-dolls-s8b2-1-150x150.jpg\" class=\"attachment-thumbnail size-thumbnail\" alt=\"\" title=\"\"><\/a><\/li><li><a data-fancybox=\"gallery770\" href=\"https:\/\/zxdoll.com\/wp-content\/uploads\/2023\/03\/quality-sex-dolls-s8b3.jpg\" class=\"eig-popup\" title=\"\" data-caption=\"\" target=\"_blank\"><i class=\"icon-view\"><\/i><span class=\"overlay\"><\/span><img decoding=\"async\" width=\"150\" height=\"150\" src=\"https:\/\/zxdoll.com\/wp-content\/uploads\/2023\/03\/quality-sex-dolls-s8b3-150x150.jpg\" class=\"attachment-thumbnail size-thumbnail\" alt=\"\" title=\"\"><\/a><\/li><li><a data-fancybox=\"gallery770\" href=\"https:\/\/zxdoll.com\/wp-content\/uploads\/2023\/03\/quality-sex-dolls-s8b4-533x800.jpg\" class=\"eig-popup\" title=\"\" data-caption=\"\" target=\"_blank\"><i class=\"icon-view\"><\/i><span class=\"overlay\"><\/span><img loading=\"lazy\" decoding=\"async\" width=\"150\" height=\"150\" src=\"https:\/\/zxdoll.com\/wp-content\/uploads\/2023\/03\/quality-sex-dolls-s8b4-150x150.jpg\" class=\"attachment-thumbnail size-thumbnail\" alt=\"\" title=\"\"><\/a><\/li><li><a data-fancybox=\"gallery770\" href=\"https:\/\/zxdoll.com\/wp-content\/uploads\/2023\/03\/quality-sex-dolls-s8b5-533x800.jpg\" class=\"eig-popup\" title=\"\" data-caption=\"\" target=\"_blank\"><i class=\"icon-view\"><\/i><span class=\"overlay\"><\/span><img loading=\"lazy\" decoding=\"async\" width=\"150\" height=\"150\" src=\"https:\/\/zxdoll.com\/wp-content\/uploads\/2023\/03\/quality-sex-dolls-s8b5-150x150.jpg\" class=\"attachment-thumbnail size-thumbnail\" alt=\"\" title=\"\"><\/a><\/li><li><a data-fancybox=\"gallery770\" href=\"https:\/\/zxdoll.com\/wp-content\/uploads\/2023\/03\/quality-sex-dolls-s8b6.jpg\" class=\"eig-popup\" title=\"\" data-caption=\"\" target=\"_blank\"><i class=\"icon-view\"><\/i><span class=\"overlay\"><\/span><img loading=\"lazy\" decoding=\"async\" width=\"150\" height=\"150\" src=\"https:\/\/zxdoll.com\/wp-content\/uploads\/2023\/03\/quality-sex-dolls-s8b6-150x150.jpg\" class=\"attachment-thumbnail size-thumbnail\" alt=\"\" title=\"\"><\/a><\/li><li><a data-fancybox=\"gallery770\" href=\"https:\/\/zxdoll.com\/wp-content\/uploads\/2023\/03\/quality-sex-dolls-s8b7-533x800.jpg\" class=\"eig-popup\" title=\"\" data-caption=\"\" target=\"_blank\"><i class=\"icon-view\"><\/i><span class=\"overlay\"><\/span><img loading=\"lazy\" decoding=\"async\" width=\"150\" height=\"150\" src=\"https:\/\/zxdoll.com\/wp-content\/uploads\/2023\/03\/quality-sex-dolls-s8b7-150x150.jpg\" class=\"attachment-thumbnail size-thumbnail\" alt=\"\" title=\"\"><\/a><\/li><li><a data-fancybox=\"gallery770\" href=\"https:\/\/zxdoll.com\/wp-content\/uploads\/2023\/03\/quality-sex-dolls-s8b8-533x800.jpg\" class=\"eig-popup\" title=\"\" data-caption=\"\" target=\"_blank\"><i class=\"icon-view\"><\/i><span class=\"overlay\"><\/span><img loading=\"lazy\" decoding=\"async\" width=\"150\" height=\"150\" src=\"https:\/\/zxdoll.com\/wp-content\/uploads\/2023\/03\/quality-sex-dolls-s8b8-150x150.jpg\" class=\"attachment-thumbnail size-thumbnail\" alt=\"\" title=\"\"><\/a><\/li><li><a data-fancybox=\"gallery770\" href=\"https:\/\/zxdoll.com\/wp-content\/uploads\/2023\/03\/quality-sex-dolls-s8b9-533x800.jpg\" class=\"eig-popup\" title=\"\" data-caption=\"\" target=\"_blank\"><i class=\"icon-view\"><\/i><span class=\"overlay\"><\/span><img loading=\"lazy\" decoding=\"async\" width=\"150\" height=\"150\" src=\"https:\/\/zxdoll.com\/wp-content\/uploads\/2023\/03\/quality-sex-dolls-s8b9-150x150.jpg\" class=\"attachment-thumbnail size-thumbnail\" alt=\"\" title=\"\"><\/a><\/li><\/ul>\n<h4>M\u00e9rett\u00e1bl\u00e1zatok<\/h4>\n<table width=\"269\">\n<tbody>\n<tr>\n<td width=\"130\">Anyag<\/td>\n<td width=\"139\">TPE<\/td>\n<\/tr>\n<tr>\n<td width=\"130\">Magass\u00e1g<\/td>\n<td width=\"139\">160 cm<\/td>\n<\/tr>\n<tr>\n<td>Mell<\/td>\n<td>90 cm<\/td>\n<\/tr>\n<tr>\n<td>Der\u00e9k<\/td>\n<td>60 cm<\/td>\n<\/tr>\n<tr>\n<td>Cs\u00edp\u0151<\/td>\n<td>95 cm<\/td>\n<\/tr>\n<tr>\n<td>V\u00e1ll<\/td>\n<td>35 cm<\/td>\n<\/tr>\n<tr>\n<td>Kar hossz\u00fas\u00e1g<\/td>\n<td>60 cm<\/td>\n<\/tr>\n<tr>\n<td>L\u00e1bhossz<\/td>\n<td>21 cm<\/td>\n<\/tr>\n<tr>\n<td>Nett\u00f3 t\u00f6meg<\/td>\n<td>37 kg<\/td>\n<\/tr>\n<tr>\n<td>Or\u00e1lis m\u00e9lys\u00e9g<\/td>\n<td>13 cm<\/td>\n<\/tr>\n<tr>\n<td>H\u00fcvelym\u00e9lys\u00e9g<\/td>\n<td>17 cm<\/td>\n<\/tr>\n<tr>\n<td>An\u00e1lis m\u00e9lys\u00e9g<\/td>\n<td>16 cm<\/td>\n<\/tr>\n<\/tbody>\n<\/table>\n<h4>A szexbab\u00e1r\u00f3l<\/h4>\n<p>A szexbaba egy maszturb\u00e1l\u00f3 baba, amely \u00fagy n\u00e9z ki, mint a szok\u00e1sos bar\u00e1tn\u0151d. Ezek a szexbab\u00e1k k\u00fcl\u00f6nb\u00f6z\u0151 nemekben kaphat\u00f3k k\u00fcl\u00f6nb\u00f6z\u0151 c\u00e9lokra.<\/p>\n<p>Mindenkinek m\u00e1s oka van annak, hogy szexbab\u00e1t szerezzen mag\u00e1nak. Vannak, akik szeretn\u00e9nek valakivel szexelni, \u00e9s az egyetlen el\u00e9rhet\u0151 szem\u00e9ly a szexbab\u00e1ja. Ezek a val\u00f3di szexbab\u00e1k val\u00f3s\u00e1gh\u0171 vagin\u00e1kkal vannak ell\u00e1tva. Ezek a val\u00f3s\u00e1gh\u0171 szexbaba-h\u00fcvelyek puh\u00e1k \u00e9s val\u00f3s\u00e1gh\u0171ek, \u00e9s k\u00f6nnyebb a l\u00f6k\u00e9se. K\u00fcl\u00f6nb\u00f6z\u0151 t\u00edpus\u00fa szexbab\u00e1k l\u00e9teznek, \u00e9s ezek mindegyike megtal\u00e1lhat\u00f3 a szexbaba-boltokban az eg\u00e9sz kontinensen. Ezeknek a meztelen szexi bab\u00e1knak csod\u00e1latos test\u00fck \u00e9s gy\u00f6ny\u00f6r\u0171 b\u0151r\u00fck van, \u00e9s meztelen szexbab\u00e1kat vagy szexbab\u00e1kat is tal\u00e1lhat oldalainkon.<\/p>\n<p>A val\u00f3s szexbaba egyben alv\u00f3 szexbaba is. Elhelyezheted az \u00e1gyadon, mik\u00f6zben egy es\u0151s \u00e9jszak\u00e1n \u00e1t\u00f6leled. Egy m\u00e1sik sz\u00e9p dolog az olcs\u00f3 teljes testet fed\u0151 szexbab\u00e1ban, hogy olcs\u00f3 \u00e9s megfizethet\u0151.<\/p>\n<p>A t\u00e1vols\u00e1g nem akad\u00e1ly. Maradhat a tart\u00f3zkod\u00e1si hely\u00e9n, \u00e9s megrendelheti ezt a gy\u00f6ny\u00f6r\u0171 szexbab\u00e1t, amelyet a helysz\u00ednre sz\u00e1ll\u00edtanak. A t\u00e1vols\u00e1g nem akad\u00e1ly.<\/p>","protected":false},"excerpt":{"rendered":"<p>Szexbaba k\u00e9pek M\u00e9rett\u00e1bl\u00e1zat Anyag TPE magass\u00e1g 160 cm mell 90 cm der\u00e9k 60 cm cs\u00edp\u0151 95 cm v\u00e1ll 35 cm kar hossz 60 cm<\/p>","protected":false},"featured_media":17013,"comment_status":"open","ping_status":"closed","template":"","meta":[],"product_brand":[],"product_cat":[75,230,80,116,99,107,119],"product_tag":[],"class_list":{"0":"post-17012","1":"product","2":"type-product","3":"status-publish","4":"has-post-thumbnail","6":"product_cat-160cm-170cm-sex-dolls","7":"product_cat-36kg-40kg","8":"product_cat-asian-sex-doll","9":"product_cat-big-boobs-sex-doll","10":"product_cat-life-size-sex-dolls","11":"product_cat-skinny-sex-dolls","12":"product_cat-tpe-sex-doll","13":"pa_brand-6ye-doll","14":"tm-has-options","16":"first","17":"instock","18":"sale","19":"shipping-taxable","20":"purchasable","21":"product-type-simple"},"_links":{"self":[{"href":"https:\/\/zxdoll.com\/hu\/wp-json\/wp\/v2\/product\/17012","targetHints":{"allow":["GET"]}}],"collection":[{"href":"https:\/\/zxdoll.com\/hu\/wp-json\/wp\/v2\/product"}],"about":[{"href":"https:\/\/zxdoll.com\/hu\/wp-json\/wp\/v2\/types\/product"}],"replies":[{"embeddable":true,"href":"https:\/\/zxdoll.com\/hu\/wp-json\/wp\/v2\/comments?post=17012"}],"version-history":[{"count":1,"href":"https:\/\/zxdoll.com\/hu\/wp-json\/wp\/v2\/product\/17012\/revisions"}],"predecessor-version":[{"id":197956,"href":"https:\/\/zxdoll.com\/hu\/wp-json\/wp\/v2\/product\/17012\/revisions\/197956"}],"wp:featuredmedia":[{"embeddable":true,"href":"https:\/\/zxdoll.com\/hu\/wp-json\/wp\/v2\/media\/17013"}],"wp:attachment":[{"href":"https:\/\/zxdoll.com\/hu\/wp-json\/wp\/v2\/media?parent=17012"}],"wp:term":[{"taxonomy":"product_brand","embeddable":true,"href":"https:\/\/zxdoll.com\/hu\/wp-json\/wp\/v2\/product_brand?post=17012"},{"taxonomy":"product_cat","embeddable":true,"href":"https:\/\/zxdoll.com\/hu\/wp-json\/wp\/v2\/product_cat?post=17012"},{"taxonomy":"product_tag","embeddable":true,"href":"https:\/\/zxdoll.com\/hu\/wp-json\/wp\/v2\/product_tag?post=17012"}],"curies":[{"name":"wp","href":"https:\/\/api.w.org\/{rel}","templated":true}]}}